{"id":8536,"date":"2013-11-15T13:40:37","date_gmt":"2013-11-15T12:40:37","guid":{"rendered":"http:\/\/blocs.xtec.cat\/plantillacda\/?page_id=173"},"modified":"2025-12-01T13:37:18","modified_gmt":"2025-12-01T12:37:18","slug":"orientacio-cartografia-relleu","status":"publish","type":"page","link":"https:\/\/serveiseducatius.xtec.cat\/cda-cansantoi\/ambits\/orientacio-cartografia-relleu\/","title":{"rendered":"Orientaci\u00f3 i cartografia"},"content":{"rendered":"<p><span style=\"color: #ff0000;\"><span style=\"color: #000000;\">Les activitats d&#8217;aquests camp estan enfocades per tal que els alumnes aprenguin i coneguin diferents aparells d&#8217;orientaci\u00f3: br\u00faixola, GPS. Tamb\u00e9 oferir eines d&#8217;an\u00e0lisi del paisatge.<\/span><\/span><\/p>\n<p><strong>Segon cicle de l&#8217;educaci\u00f3 prim\u00e0ria:<\/strong><\/p>\n<ul>\n<li><a title=\"La Torre de Collserola (prim\u00e0ria)\" href=\"http:\/\/serveiseducatius.xtec.cat\/cda-cansantoi\/ambits\/orientacio-cartografia-relleu\/la-torre-de-collserola-pr\/\">La torre de Collserola.<\/a> An\u00e0lisi del paisatge metropolit\u00e0 de Barcelona. Tecnologia i arquitectura d&#8217;una torre de telecomunicacions.<\/li>\n<li><a href=\"https:\/\/serveiseducatius.xtec.cat\/cda-cansantoi\/descoberta-del-paisatge-pri\/\">Descoberta del paisatge<\/a>: itinerari a la Serra de can Juli\u00e0 amb \u00fas de la br\u00faixola.<\/li>\n<li><a href=\"https:\/\/serveiseducatius.xtec.cat\/cda-cansantoi\/a-la-recerca-del-tresor\/\">A la recerca del tresor<\/a>: \u00das de la tecnologia GPS (waypoints), mapes i mesures per cercar un punt determinat on hi ha amagat un objecte.<\/li>\n<\/ul>\n<p><strong>Tercer cicle de l&#8217;educaci\u00f3 prim\u00e0ria:<\/strong><\/p>\n<ul>\n<li><a href=\"http:\/\/serveiseducatius.xtec.cat\/cda-cansantoi\/ambits\/orientacio-cartografia-relleu\/guiats-pels-satel%c2%b7lits-itinerari-amb-gps\/\">Guiats pels sat\u00e8l\u00b7lits: itinerari amb GPS Can Madolell. <\/a>Itinerari de muntanya amb \u00fas de tecnologia GPS.<\/li>\n<li><a href=\"https:\/\/serveiseducatius.xtec.cat\/cda-cansantoi\/itinerari-amb-gps-al-salt-daigua-i-can-planes-csp\/\">Guiats pels sat\u00e8l\u00b7lits: Itinerari GPS al Salt d&#8217;aigua i Can Planes<\/a>. Itinerari de muntanya amb \u00fas de tecnologia GPS i treballem aspectes de l&#8217;ecosistema i patrimoni.<\/li>\n<li><a href=\"https:\/\/serveiseducatius.xtec.cat\/cda-cansantoi\/itinerari-amb-gps-salt-daigua-i-salut-csp\/\">Guiats pels sat\u00e8l\u00b7lits: Itinerari GPS al Salt d&#8217;aigua i salut<\/a>. Itinerari de muntanya amb \u00fas de tecnologia GPS i treballem l&#8217;ecosistema i par\u00e0metres del cos hum\u00e0.<\/li>\n<li><a title=\"La Torre de Collserola (prim\u00e0ria)\" href=\"http:\/\/serveiseducatius.xtec.cat\/cda-cansantoi\/ambits\/orientacio-cartografia-relleu\/la-torre-de-collserola-pr\/\">La torre de Collserola.<\/a> An\u00e0lisi del paisatge metropolit\u00e0 de Barcelona. Tecnologia i arquitectura d&#8217;una torre de telecomunicacions.<\/li>\n<li><a href=\"https:\/\/serveiseducatius.xtec.cat\/cda-cansantoi\/descoberta-del-paisatge-pri\/\">Descoberta del paisatge<\/a>: itinerari a la Serra de can Juli\u00e0 amb \u00fas de la br\u00faixola.<\/li>\n<li><a href=\"https:\/\/serveiseducatius.xtec.cat\/cda-cansantoi\/a-la-recerca-del-tresor\/\">A la recerca del tresor<\/a>: \u00das de la tecnologia GPS (waypoints), mapes i mesures per cercar un punt determinat on hi ha amagat un objecte.<\/li>\n<\/ul>\n<p><strong>Educaci\u00f3 secund\u00e0ria obligat\u00f2ria:<\/strong><\/p>\n<ul>\n<li><a href=\"http:\/\/serveiseducatius.xtec.cat\/cda-cansantoi\/ambits\/orientacio-cartografia-relleu\/guiats-pels-satel%c2%b7lits-itinerari-amb-gps-eso\/\">Guiats pels sat\u00e8l\u00b7lits: itinerari amb GPS Can Madolell.<\/a>\u00a0 Itinerari de muntanya amb \u00fas de tecnologia GPS.<\/li>\n<li><a href=\"https:\/\/serveiseducatius.xtec.cat\/cda-cansantoi\/ambits\/orientacio-cartografia-relleu\/guiats-pels-satellits-itinerari-gps-i-salut-can-madolell-eso\/?preview_id=24435&amp;preview_nonce=421df8ad6c&amp;preview=true\">Guiats pels sat\u00e8l\u00b7lits: itinerari amb GPS Can Madolell i salut<\/a>. Itinerari de muntanya amb \u00fas de la tecnologia GPS, treballem l&#8217;ecosistema i par\u00e0metres del cos hum\u00e0.<\/li>\n<li><a href=\"https:\/\/serveiseducatius.xtec.cat\/cda-cansantoi\/itinerari-gps-al-salt-daigua-i-can-planas\/\">Guiats pels sat\u00e8l\u00b7lits: Itinerari GPS al Salt d&#8217;aigua i Can Planes<\/a>. Itinerari de muntanya amb \u00fas de tecnologia GPS i treballem aspectes de l&#8217;ecosistema i patrimoni.<\/li>\n<li><a href=\"https:\/\/serveiseducatius.xtec.cat\/cda-cansantoi\/itinerari-gps-al-salt-daigua-i-salut-eso\/\">Guiats pels sat\u00e8l\u00b7lits: Itinerari GPS al Salt d&#8217;aigua i salut<\/a>. Itinerari de muntanya amb \u00fas de tecnologia GPS i treballem l&#8217;ecosistema i par\u00e0metres del cos hum\u00e0.<\/li>\n<li><a href=\"http:\/\/serveiseducatius.xtec.cat\/cda-cansantoi\/ambits\/orientacio-cartografia-relleu\/la-torre-de-collserola-eso\/\">La torre de Collserola.<\/a> An\u00e0lisi del paisatge metropolit\u00e0 de Barcelona. Tecnologia i arquitectura d&#8217;una torre de telecomunicacions.<\/li>\n<\/ul>\n<p><strong>Batxillerat i cicles formatius:<\/strong><\/p>\n<ul>\n<li><a href=\"http:\/\/serveiseducatius.xtec.cat\/cda-cansantoi\/ambits\/orientacio-cartografia-relleu\/guiats-pels-satel%c2%b7lits-itinerari-amb-gps-batxillerats-i-cf\/\">Guiats pels sat\u00e8l\u00b7lits: itinerari amb GPS.<\/a>\u00a0 Itinerari de muntanya amb \u00fas de tecnologia GPS.<\/li>\n<\/ul>\n<p>&nbsp;<\/p>\n\r\n\t<div class=\"slideshow_container slideshow_container_style-light\" style=\"height: 200px; \" data-slideshow-id=\"24181\" data-style-name=\"style-light\" data-style-version=\"2.3.1\" >\r\n\r\n\t\t\t\t\t<div class=\"slideshow_loading_icon\"><\/div>\r\n\t\t\r\n\t\t<div class=\"slideshow_content\" style=\"display: none;\">\r\n\r\n\t\t\t<div class=\"slideshow_view\">\r\n\t\t\t\t<div class=\"slideshow_slide slideshow_slide_image\">\r\n\t\t\t\t\t\t\t\t\t\t\t<img src=\"https:\/\/serveiseducatius.xtec.cat\/cda-cansantoi\/wp-content\/uploads\/usu1385\/2025\/09\/IMG_7818.jpg\" alt=\"IMG_7818\" width=\"497\" height=\"640\" \/>\r\n\t\t\t\t\t\t\t\t\t\t<div class=\"slideshow_description_box slideshow_transparent\">\r\n\t\t\t\t\t\t<div class=\"slideshow_title\">IMG_7818<\/div>\t\t\t\t\t\t\t\t\t\t\t<\/div>\r\n\t\t\t\t<\/div>\r\n\r\n\t\t\t\t\t\t\r\n\t\t\t\t<div class=\"slideshow_slide slideshow_slide_image\">\r\n\t\t\t\t\t\t\t\t\t\t\t<img src=\"https:\/\/serveiseducatius.xtec.cat\/cda-cansantoi\/wp-content\/uploads\/usu1385\/2025\/09\/IMG_7819-rotated.jpg\" alt=\"IMG_7819\" width=\"480\" height=\"640\" \/>\r\n\t\t\t\t\t\t\t\t\t\t<div class=\"slideshow_description_box slideshow_transparent\">\r\n\t\t\t\t\t\t<div class=\"slideshow_title\">IMG_7819<\/div>\t\t\t\t\t\t\t\t\t\t\t<\/div>\r\n\t\t\t\t<\/div>\r\n\r\n\t\t\t\t\t\t\r\n\t\t\t\t<div class=\"slideshow_slide slideshow_slide_image\">\r\n\t\t\t\t\t\t\t\t\t\t\t<img src=\"https:\/\/serveiseducatius.xtec.cat\/cda-cansantoi\/wp-content\/uploads\/usu1385\/2025\/10\/IMG_7943.jpg\" alt=\"IMG_7943\" width=\"640\" height=\"480\" \/>\r\n\t\t\t\t\t\t\t\t\t\t<div class=\"slideshow_description_box slideshow_transparent\">\r\n\t\t\t\t\t\t<div class=\"slideshow_title\">IMG_7943<\/div>\t\t\t\t\t\t\t\t\t\t\t<\/div>\r\n\t\t\t\t<\/div>\r\n\r\n\t\t\t\t\t\t<div style=\"clear: both;\"><\/div><\/div><div class=\"slideshow_view\">\r\n\t\t\t\t<div class=\"slideshow_slide slideshow_slide_image\">\r\n\t\t\t\t\t\t\t\t\t\t\t<img src=\"https:\/\/serveiseducatius.xtec.cat\/cda-cansantoi\/wp-content\/uploads\/usu1385\/2025\/09\/1758820365447.jpg\" alt=\"1758820365447\" width=\"224\" height=\"300\" \/>\r\n\t\t\t\t\t\t\t\t\t\t<div class=\"slideshow_description_box slideshow_transparent\">\r\n\t\t\t\t\t\t<div class=\"slideshow_title\">1758820365447<\/div>\t\t\t\t\t\t\t\t\t\t\t<\/div>\r\n\t\t\t\t<\/div>\r\n\r\n\t\t\t\t\t\t\r\n\t\t\t\t<div class=\"slideshow_slide slideshow_slide_image\">\r\n\t\t\t\t\t\t\t\t\t\t\t<img src=\"https:\/\/serveiseducatius.xtec.cat\/cda-cansantoi\/wp-content\/uploads\/usu1385\/2025\/09\/IMG_7820.jpg\" alt=\"IMG_7820\" width=\"640\" height=\"480\" \/>\r\n\t\t\t\t\t\t\t\t\t\t<div class=\"slideshow_description_box slideshow_transparent\">\r\n\t\t\t\t\t\t<div class=\"slideshow_title\">IMG_7820<\/div>\t\t\t\t\t\t\t\t\t\t\t<\/div>\r\n\t\t\t\t<\/div>\r\n\r\n\t\t\t\t\t\t\r\n\t\t\t\t<div class=\"slideshow_slide slideshow_slide_image\">\r\n\t\t\t\t\t\t\t\t\t\t\t<img src=\"https:\/\/serveiseducatius.xtec.cat\/cda-cansantoi\/wp-content\/uploads\/usu1385\/2025\/09\/IMG_7816.jpg\" alt=\"IMG_7816\" width=\"225\" height=\"300\" \/>\r\n\t\t\t\t\t\t\t\t\t\t<div class=\"slideshow_description_box slideshow_transparent\">\r\n\t\t\t\t\t\t<div class=\"slideshow_title\">IMG_7816<\/div>\t\t\t\t\t\t\t\t\t\t\t<\/div>\r\n\t\t\t\t<\/div>\r\n\r\n\t\t\t\t\t\t<div style=\"clear: both;\"><\/div><\/div><div class=\"slideshow_view\">\r\n\t\t\t\t<div class=\"slideshow_slide slideshow_slide_image\">\r\n\t\t\t\t\t\t\t\t\t\t\t<img src=\"https:\/\/serveiseducatius.xtec.cat\/cda-cansantoi\/wp-content\/uploads\/usu1385\/2025\/10\/1761288084983.jpg\" alt=\"1761288084983\" width=\"300\" height=\"224\" \/>\r\n\t\t\t\t\t\t\t\t\t\t<div class=\"slideshow_description_box slideshow_transparent\">\r\n\t\t\t\t\t\t<div class=\"slideshow_title\">1761288084983<\/div>\t\t\t\t\t\t\t\t\t\t\t<\/div>\r\n\t\t\t\t<\/div>\r\n\r\n\t\t\t\t\t\t\r\n\t\t\t\t<div class=\"slideshow_slide slideshow_slide_image\">\r\n\t\t\t\t\t\t\t\t\t\t\t<img src=\"https:\/\/serveiseducatius.xtec.cat\/cda-cansantoi\/wp-content\/uploads\/usu1385\/2025\/10\/IMG_7946.jpg\" alt=\"IMG_7946\" width=\"523\" height=\"640\" \/>\r\n\t\t\t\t\t\t\t\t\t\t<div class=\"slideshow_description_box slideshow_transparent\">\r\n\t\t\t\t\t\t<div class=\"slideshow_title\">IMG_7946<\/div>\t\t\t\t\t\t\t\t\t\t\t<\/div>\r\n\t\t\t\t<\/div>\r\n\r\n\t\t\t\t\t\t\r\n\t\t\t\t<div class=\"slideshow_slide slideshow_slide_image\">\r\n\t\t\t\t\t\t\t\t\t\t\t<img src=\"https:\/\/serveiseducatius.xtec.cat\/cda-cansantoi\/wp-content\/uploads\/usu1385\/2025\/10\/IMG_7953.jpg\" alt=\"IMG_7953\" width=\"640\" height=\"495\" \/>\r\n\t\t\t\t\t\t\t\t\t\t<div class=\"slideshow_description_box slideshow_transparent\">\r\n\t\t\t\t\t\t<div class=\"slideshow_title\">IMG_7953<\/div>\t\t\t\t\t\t\t\t\t\t\t<\/div>\r\n\t\t\t\t<\/div>\r\n\r\n\t\t\t\t\t\t<div style=\"clear: both;\"><\/div><\/div>\r\n\t\t<\/div>\r\n\r\n\t\t<div class=\"slideshow_controlPanel slideshow_transparent\" style=\"display: none;\"><ul><li class=\"slideshow_togglePlay\" data-play-text=\"Visualitza\" data-pause-text=\"Pausa\"><\/li><\/ul><\/div>\r\n\r\n\t\t<div class=\"slideshow_button slideshow_previous slideshow_transparent\" role=\"button\" data-previous-text=\"Anterior\" style=\"display: none;\"><\/div>\r\n\t\t<div class=\"slideshow_button slideshow_next slideshow_transparent\" role=\"button\" data-next-text=\"Seg\u00fcent\" style=\"display: none;\"><\/div>\r\n\r\n\t\t<div class=\"slideshow_pagination\" style=\"display: none;\" data-go-to-text=\"V\u00e9s a la diapositiva\"><div class=\"slideshow_pagination_center\"><\/div><\/div>\r\n\r\n\t\t<!-- WordPress Slideshow Version 2.3.1 -->\r\n\r\n\t\t\t<\/div>\r\n\r\n\n","protected":false},"excerpt":{"rendered":"<p>Les activitats d&#8217;aquests camp estan enfocades per tal que els alumnes aprenguin i coneguin diferents aparells d&#8217;orientaci\u00f3: br\u00faixola, GPS. Tamb\u00e9 oferir eines d&#8217;an\u00e0lisi del paisatge. Segon cicle de l&#8217;educaci\u00f3 prim\u00e0ria: La torre de Collserola. An\u00e0lisi del paisatge metropolit\u00e0 de Barcelona. Tecnologia i arquitectura d&#8217;una torre de telecomunicacions. Descoberta del paisatge: itinerari a la Serra de [&hellip;]<\/p>\n","protected":false},"author":1,"featured_media":0,"parent":8235,"menu_order":1,"comment_status":"closed","ping_status":"closed","template":"","meta":{"_bbp_topic_count":0,"_bbp_reply_count":0,"_bbp_total_topic_count":0,"_bbp_total_reply_count":0,"_bbp_voice_count":0,"_bbp_anonymous_reply_count":0,"_bbp_topic_count_hidden":0,"_bbp_reply_count_hidden":0,"_bbp_forum_subforum_count":0,"site-sidebar-layout":"default","site-content-layout":"","ast-site-content-layout":"default","site-content-style":"default","site-sidebar-style":"default","ast-global-header-display":"","ast-banner-title-visibility":"","ast-main-header-display":"","ast-hfb-above-header-display":"","ast-hfb-below-header-display":"","ast-hfb-mobile-header-display":"","site-post-title":"","ast-breadcrumbs-content":"","ast-featured-img":"","footer-sml-layout":"","theme-transparent-header-meta":"default","adv-header-id-meta":"","stick-header-meta":"","header-above-stick-meta":"","header-main-stick-meta":"","header-below-stick-meta":"","astra-migrate-meta-layouts":"set","ast-page-background-enabled":"default","ast-page-background-meta":{"desktop":{"background-color":"var(--ast-global-color-4)","background-image":"","background-repeat":"repeat","background-position":"center center","background-size":"auto","background-attachment":"scroll","background-type":"","background-media":"","overlay-type":"","overlay-color":"","overlay-opacity":"","overlay-gradient":""},"tablet":{"background-color":"","background-image":"","background-repeat":"repeat","background-position":"center center","background-size":"auto","background-attachment":"scroll","background-type":"","background-media":"","overlay-type":"","overlay-color":"","overlay-opacity":"","overlay-gradient":""},"mobile":{"background-color":"","background-image":"","background-repeat":"repeat","background-position":"center center","background-size":"auto","background-attachment":"scroll","background-type":"","background-media":"","overlay-type":"","overlay-color":"","overlay-opacity":"","overlay-gradient":""}},"ast-content-background-meta":{"desktop":{"background-color":"var(--ast-global-color-5)","background-image":"","background-repeat":"repeat","background-position":"center center","background-size":"auto","background-attachment":"scroll","background-type":"","background-media":"","overlay-type":"","overlay-color":"","overlay-opacity":"","overlay-gradient":""},"tablet":{"background-color":"var(--ast-global-color-5)","background-image":"","background-repeat":"repeat","background-position":"center center","background-size":"auto","background-attachment":"scroll","background-type":"","background-media":"","overlay-type":"","overlay-color":"","overlay-opacity":"","overlay-gradient":""},"mobile":{"background-color":"var(--ast-global-color-5)","background-image":"","background-repeat":"repeat","background-position":"center center","background-size":"auto","background-attachment":"scroll","background-type":"","background-media":"","overlay-type":"","overlay-color":"","overlay-opacity":"","overlay-gradient":""}},"footnotes":""},"class_list":["post-8536","page","type-page","status-publish","hentry"],"post_mailing_queue_ids":[],"_links":{"self":[{"href":"https:\/\/serveiseducatius.xtec.cat\/cda-cansantoi\/wp-json\/wp\/v2\/pages\/8536","targetHints":{"allow":["GET"]}}],"collection":[{"href":"https:\/\/serveiseducatius.xtec.cat\/cda-cansantoi\/wp-json\/wp\/v2\/pages"}],"about":[{"href":"https:\/\/serveiseducatius.xtec.cat\/cda-cansantoi\/wp-json\/wp\/v2\/types\/page"}],"author":[{"embeddable":true,"href":"https:\/\/serveiseducatius.xtec.cat\/cda-cansantoi\/wp-json\/wp\/v2\/users\/1"}],"replies":[{"embeddable":true,"href":"https:\/\/serveiseducatius.xtec.cat\/cda-cansantoi\/wp-json\/wp\/v2\/comments?post=8536"}],"version-history":[{"count":6,"href":"https:\/\/serveiseducatius.xtec.cat\/cda-cansantoi\/wp-json\/wp\/v2\/pages\/8536\/revisions"}],"predecessor-version":[{"id":24441,"href":"https:\/\/serveiseducatius.xtec.cat\/cda-cansantoi\/wp-json\/wp\/v2\/pages\/8536\/revisions\/24441"}],"up":[{"embeddable":true,"href":"https:\/\/serveiseducatius.xtec.cat\/cda-cansantoi\/wp-json\/wp\/v2\/pages\/8235"}],"wp:attachment":[{"href":"https:\/\/serveiseducatius.xtec.cat\/cda-cansantoi\/wp-json\/wp\/v2\/media?parent=8536"}],"curies":[{"name":"wp","href":"https:\/\/api.w.org\/{rel}","templated":true}]}}