{"id":845,"date":"2014-01-17T13:11:28","date_gmt":"2014-01-17T12:11:28","guid":{"rendered":"http:\/\/blocs.xtec.cat\/cdacansantoi2\/?page_id=845"},"modified":"2022-05-19T14:49:23","modified_gmt":"2022-05-19T12:49:23","slug":"guiats-pels-satel%c2%b7lits-itinerari-amb-gps-eso","status":"publish","type":"page","link":"https:\/\/serveiseducatius.xtec.cat\/cda-cansantoi\/ambits\/orientacio-cartografia-relleu\/guiats-pels-satel%c2%b7lits-itinerari-amb-gps-eso\/","title":{"rendered":"Guiats pels sat\u00e8l\u00b7lits: itinerari amb GPS (ESO)"},"content":{"rendered":"<table style=\"width: 564px;\" border=\"0\" cellspacing=\"0\" cellpadding=\"3\">\n<tbody>\n<tr>\n<td width=\"94\">\n<div align=\"center\"><a href=\"http:\/\/www.xtec.cat\/cda-cansantoi\/Itinerari_gps_eso.pdf\" target=\"_blank\" rel=\"noopener noreferrer\"><img loading=\"lazy\" decoding=\"async\" class=\"wp-image-1371 aligncenter\" style=\"border: 0px none;\" src=\"http:\/\/serveiseducatius.xtec.cat\/cda-cansantoi\/wp-content\/uploads\/usu1385\/2014\/05\/qta.gif\" alt=\"Baixar quadern de treball de l'alumne\" width=\"40\" height=\"40\" \/><\/a><\/div>\n<\/td>\n<td width=\"94\">\n<div align=\"center\"><a href=\"http:\/\/www.xtec.cat\/cda-cansantoi\/Fulls_organitzacio_sortida\/organitzacio_sortida_gps-eso.doc\" target=\"_blank\" rel=\"noopener noreferrer\"><img loading=\"lazy\" decoding=\"async\" class=\"size-full wp-image-1358 aligncenter\" style=\"border: 0px none;\" src=\"http:\/\/serveiseducatius.xtec.cat\/cda-cansantoi\/wp-content\/uploads\/usu1385\/2014\/05\/carpeta_camp.png\" alt=\"Baixar full d'organitzaci\u00f3 de la sortida\" width=\"32\" height=\"32\" \/><\/a><\/div>\n<\/td>\n<td width=\"94\">\n<div align=\"center\"><a title=\"En preparaci\u00f3\" href=\"http:\/\/www.xtec.cat\/cda-cansantoi\/PLAN_PROJ_COMP_GPS_SEC.pdf\"><img loading=\"lazy\" decoding=\"async\" class=\"aligncenter wp-image-1420\" style=\"border: 0px none;\" src=\"http:\/\/serveiseducatius.xtec.cat\/cda-cansantoi\/wp-content\/uploads\/usu1385\/2014\/01\/llibreta.gif\" alt=\"llibreta\" width=\"28\" height=\"36\" \/><\/a><\/div>\n<\/td>\n<td align=\"center\" width=\"94\">\n<div align=\"center\"><a href=\"https:\/\/maps.google.com\/maps\/ms?msa=0&amp;msid=203310988220912994480.00044828f13fc5a67029b&amp;hl=ca&amp;ie=UTF8&amp;t=m&amp;ll=41.43552,2.04895&amp;spn=0.180173,0.291824&amp;z=11&amp;source=embed\" target=\"_blank\" rel=\"noopener noreferrer\"><img loading=\"lazy\" decoding=\"async\" class=\"size-full wp-image-1416 aligncenter\" style=\"border: 0px none;\" src=\"http:\/\/serveiseducatius.xtec.cat\/cda-cansantoi\/wp-content\/uploads\/usu1385\/2014\/01\/Punt-de-trobada.png\" alt=\"Punt de trobada\" width=\"44\" height=\"40\" \/><\/a><\/div>\n<\/td>\n<td width=\"94\"><\/td>\n<td width=\"94\"><span style=\"font-size: large;\"><strong><span style=\"color: #800000;\">GPS-ESO<\/span><\/strong><\/span><\/td>\n<\/tr>\n<tr>\n<td width=\"94\">\n<div class=\"Estilo1\" align=\"center\">\n<div align=\"center\"><span style=\"font-size: xx-small;\">Quadern de treball<\/span><\/div>\n<\/div>\n<\/td>\n<td width=\"94\">\n<div class=\"Estilo1\" align=\"center\">\n<div align=\"center\"><span style=\"font-size: xx-small;\">Full d&#8217;organitzaci\u00f3 de sortida<\/span><\/div>\n<\/div>\n<\/td>\n<td width=\"94\">\n<div class=\"Estilo1\" align=\"center\">\n<div align=\"center\"><span style=\"font-size: xx-small;\">Propostes act. pr\u00e8vies i posteriors<\/span><\/div>\n<\/div>\n<\/td>\n<td width=\"94\">\n<div class=\"Estilo1\" align=\"center\">\n<div align=\"center\"><span style=\"font-size: xx-small;\">Lloc de trobada<\/span><\/div>\n<\/div>\n<\/td>\n<td width=\"94\">\n<div class=\"Estilo1\" align=\"center\"><span style=\"font-size: xx-small;\">\u00a0<\/span><\/div>\n<\/td>\n<td width=\"94\">\n<div class=\"Estilo1\" align=\"center\"><span style=\"font-size: xx-small;\">Codi activitat<\/span><\/div>\n<\/td>\n<\/tr>\n<\/tbody>\n<\/table>\n<p><span style=\"color: #000000;\"><span style=\"font-family: Arial,Helvetica;\"><strong>\u00c0mbit curricular:\u00a0<\/strong> Ci\u00e8ncies socials. Tecnologia. Digital. <\/span>\u00a0<\/span><\/p>\n<p><span style=\"color: #000000;\"><strong><span style=\"font-family: Arial,Helvetica;\">Lloc on es realitza: <\/span><\/strong><span style=\"font-family: Arial,Helvetica;\">Camp d&#8217;aprenentatge i voltants<\/span>.<\/span><\/p>\n<p><span style=\"font-family: Arial,Helvetica; color: #000000;\"><strong>Nivell educatiu:<\/strong> ESO.<\/span><\/p>\n<p><span style=\"color: #000000;\"><span style=\"font-family: Arial,Helvetica;\"><strong>Estacionalitat:<\/strong> Tot l&#8217;any.<\/span>\u00a0<\/span><\/p>\n<p style=\"text-align: justify;\"><span style=\"color: #000000;\"><span style=\"font-family: Arial,Helvetica;\"><strong>Objectius:<\/strong> Introduir-se en el coneixement de la tecnologia GPS: conceptes b\u00e0sics del sistema i \u00fas de les utilitats principals del receptor GPS (posicionament, navegaci\u00f3, marcatge de punts, gravaci\u00f3 de tracks, etc). Emprar el programari adequat per a visualitzar cartografia digital, dissenyar rutes i analitzar tracks i perfils altim\u00e8trics. Utilitzar la br\u00faixola com a eina d&#8217;orientaci\u00f3 per azimuts. Iniciaci\u00f3 de les coordenades UTM.<br \/>\n<\/span><br \/>\n<\/span><strong>Compet\u00e8ncies b\u00e0siques \u00a0que m\u00e9s potencia<\/strong>:<\/p>\n<ul>\n<li><strong>\u00c0mbit cientificotecnol\u00f2gic:<\/strong>\n<ul>\n<li><strong>Compet\u00e8ncia 2<\/strong>. Identificar i caracteritzar els sistemes biol\u00f2gics i geol\u00f2gics des de la perspectiva dels models, per comunicar i predir el comportament dels fen\u00f2mens naturals.<\/li>\n<li><strong>Compet\u00e8ncia 7. <\/strong>Utilitzar objectes tecnol\u00f2gics de la vida quotidiana amb el coneixement b\u00e0sic del seu funcionament, manteniment i accions a fer per minimitzar els riscos en la manipulaci\u00f3 i en l\u2019impacte mediambiental.<\/li>\n<\/ul>\n<\/li>\n<\/ul>\n<ul>\n<li><strong>\u00c0mbit digital:<\/strong>\n<ul>\n<li><strong>Compet\u00e8ncia 5. <\/strong>Construir nou coneixement personal mitjan\u00e7ant estrat\u00e8gies de tractament de la informaci\u00f3 amb el suport d\u2019aplicacions digitals.<\/li>\n<li><strong>Compet\u00e8ncia 6. <\/strong>Organitzar i utilitzar un entorn personal de treball i aprenentatge amb eines digitals per desenvolupar-se en la societat del coneixement.<\/li>\n<\/ul>\n<\/li>\n<\/ul>\n<ul>\n<li><strong>\u00c0mbit social<br \/>\n<\/strong><\/p>\n<ul>\n<li><strong>Compet\u00e8ncia 6<\/strong>. Aplicar els procediments de l&#8217;an\u00e0lisi geogr\u00e0fica a partir de la cerca i l&#8217;an\u00e0lisi de diverses fonts, per interpretar l&#8217;espai i prendre decisions<\/li>\n<\/ul>\n<\/li>\n<\/ul>\n<ul>\n<li><strong>\u00c0mbit cultura i valors<\/strong>\n<ul>\n<li><strong>Compet\u00e8ncia 9<\/strong>. Analitzar cr\u00edticament l\u2019entorn natural des de la perspectiva \u00e8tica, individualment i de manera col\u00b7lectiva.<\/li>\n<li><strong>Compet\u00e8ncia 10<\/strong>. Realitzar activitats de participaci\u00f3 i de col\u00b7laboraci\u00f3 que promoguin actituds de comprom\u00eds i democr\u00e0tiques<\/li>\n<\/ul>\n<\/li>\n<\/ul>\n<p><span style=\"color: #000000;\"><span style=\"font-family: Arial,Helvetica;\"><strong>Tipus d&#8217;activitat:<\/strong> Itinerari. Descoberta. Treball de tecnologia inform\u00e0tica. <\/span>\u00a0<\/span><\/p>\n<p style=\"text-align: justify;\"><span style=\"color: #000000;\"><span style=\"font-family: Arial,Helvetica;\"><strong>Descripci\u00f3:<\/strong> En la primera part, a l&#8217;aula, s&#8217;estableixen les bases del funcionament del sistema GPS, i es dissenya la ruta a seguir amb l&#8217;ajut del programari adequat. Despr\u00e9s, a l&#8217;exterior, es fa un petit exercici de navegaci\u00f3 amb el receptor GPS per a prendre contacte amb les caracter\u00edstiques i \u00fas de l&#8217;aparell.<\/span><span style=\"font-family: Arial,Helvetica;\"><br \/>\nRealitzaci\u00f3 de l&#8217;itinerari de Can Madolell en petits grups, sols, (de 4 a 6 persones) seguint les indicacions de navegaci\u00f3 gravades al GPS (ruta). Consisteix en un recorregut circular d&#8217;uns 3 quil\u00f2metres, durant el qual han de realitzar diferents parades que inclouen alguns exercicis d&#8217;orientaci\u00f3 amb br\u00faixola i d&#8217;observaci\u00f3 de l&#8217;entorn. Marcatge de waypoints de dos punts d&#8217;inter\u00e8s. Els grups surten de forma consecutiva en un interval de temps d&#8217;uns 3 a 5 minuts.<br \/>\nL&#8217;\u00faltima fase, altra vegada a l&#8217;aula, consisteix en una an\u00e0lisi del recorregut realitzat (track), del perfil altim\u00e8tric i un comentari de les observacions realitzades. Desc\u00e0rrega de fotografies a l&#8217;ordinador.<br \/>\nCom a treball posterior es pot realitzar un tr\u00edptic de l&#8217;itinerari realitzat.<\/span><\/span><\/p>\n<p style=\"text-align: justify;\"><span style=\"font-family: Arial,Helvetica; color: #000000;\"><strong>Material:<\/strong> Quadern de treball de l&#8217;alumne. Br\u00faixola. Receptor GPS. Programari Land, cartografia de la zona. <\/span><\/p>\n<p><span style=\"font-family: Arial,Helvetica; color: #000000;\"><strong>Durada:<\/strong> Mitja jornada (de 9 h 30 min a 13 h 30 min) amb utilitzaci\u00f3 de les prestacions mitjanes de la tecnologia i del programari GPS.<br \/>\n<\/span><\/p>\n<p><span style=\"font-family: Arial,Helvetica; color: #000000;\"><strong>Despla\u00e7ament:<\/strong> A peu per pistes forestals i senders de muntanya.<\/span><\/p>\n<p style=\"text-align: justify;\"><span style=\"font-family: Arial,Helvetica; color: #000000;\"><strong>Observacions:<\/strong>\u00a0<span style=\"font-family: Arial,Helvetica;\">Aquesta activitat requereix dur cal\u00e7at adequat per caminar, gorra pel sol o impermeable lleuger (segons \u00e8poca) i aigua per al recorregut. Tamb\u00e9 \u00e9s recomanable que es porti una c\u00e0mera digital de fotografia per a cada grup d&#8217;alumnes. <\/span><\/span><\/p>\n<p style=\"text-align: justify;\">Per a m\u00e9s informaci\u00f3 consulteu el Full d&#8217;organitzaci\u00f3 de la sortida\u00a0\u2191<\/p>\n<p>Aqu\u00ed teniu l&#8217;Itinerari:<\/p>\n<p><iframe loading=\"lazy\" src=\"https:\/\/www.google.com\/maps\/d\/embed?mid=16GoIKuMh7Fd_GEI4Pz_8Qy0_hPlmzxBL\" width=\"640\" height=\"480\"><\/iframe><\/p>\n<p>Tamb\u00e9 per Instamaps amb la contrasenya: Madolell<\/p>\n<p><a href=\"https:\/\/www.instamaps.cat\/visor.html?businessid=b729d715ed23172f936c9a5b56fe2492&amp;3D=false\">https:\/\/www.instamaps.cat\/visor.html?businessid=b729d715ed23172f936c9a5b56fe2492&amp;3D=false<\/a><\/p>\n","protected":false},"excerpt":{"rendered":"<p>GPS-ESO Quadern de treball Full d&#8217;organitzaci\u00f3 de sortida Propostes act. pr\u00e8vies i posteriors Lloc de trobada \u00a0 Codi activitat \u00c0mbit curricular:\u00a0 Ci\u00e8ncies socials. Tecnologia. Digital. \u00a0 Lloc on es realitza: Camp d&#8217;aprenentatge i voltants. Nivell educatiu: ESO. Estacionalitat: Tot l&#8217;any.\u00a0 Objectius: Introduir-se en el coneixement de la tecnologia GPS: conceptes b\u00e0sics del sistema i \u00fas [&hellip;]<\/p>\n","protected":false},"author":1,"featured_media":0,"parent":8536,"menu_order":4,"comment_status":"closed","ping_status":"closed","template":"page-templates\/side-menu.php","meta":{"_bbp_topic_count":0,"_bbp_reply_count":0,"_bbp_total_topic_count":0,"_bbp_total_reply_count":0,"_bbp_voice_count":0,"_bbp_anonymous_reply_count":0,"_bbp_topic_count_hidden":0,"_bbp_reply_count_hidden":0,"_bbp_forum_subforum_count":0,"site-sidebar-layout":"default","site-content-layout":"","ast-site-content-layout":"","site-content-style":"default","site-sidebar-style":"default","ast-global-header-display":"","ast-banner-title-visibility":"","ast-main-header-display":"","ast-hfb-above-header-display":"","ast-hfb-below-header-display":"","ast-hfb-mobile-header-display":"","site-post-title":"","ast-breadcrumbs-content":"","ast-featured-img":"","footer-sml-layout":"","theme-transparent-header-meta":"","adv-header-id-meta":"","stick-header-meta":"","header-above-stick-meta":"","header-main-stick-meta":"","header-below-stick-meta":"","astra-migrate-meta-layouts":"default","ast-page-background-enabled":"default","ast-page-background-meta":{"desktop":{"background-color":"var(--ast-global-color-4)","background-image":"","background-repeat":"repeat","background-position":"center center","background-size":"auto","background-attachment":"scroll","background-type":"","background-media":"","overlay-type":"","overlay-color":"","overlay-opacity":"","overlay-gradient":""},"tablet":{"background-color":"","background-image":"","background-repeat":"repeat","background-position":"center center","background-size":"auto","background-attachment":"scroll","background-type":"","background-media":"","overlay-type":"","overlay-color":"","overlay-opacity":"","overlay-gradient":""},"mobile":{"background-color":"","background-image":"","background-repeat":"repeat","background-position":"center center","background-size":"auto","background-attachment":"scroll","background-type":"","background-media":"","overlay-type":"","overlay-color":"","overlay-opacity":"","overlay-gradient":""}},"ast-content-background-meta":{"desktop":{"background-color":"var(--ast-global-color-5)","background-image":"","background-repeat":"repeat","background-position":"center center","background-size":"auto","background-attachment":"scroll","background-type":"","background-media":"","overlay-type":"","overlay-color":"","overlay-opacity":"","overlay-gradient":""},"tablet":{"background-color":"var(--ast-global-color-5)","background-image":"","background-repeat":"repeat","background-position":"center center","background-size":"auto","background-attachment":"scroll","background-type":"","background-media":"","overlay-type":"","overlay-color":"","overlay-opacity":"","overlay-gradient":""},"mobile":{"background-color":"var(--ast-global-color-5)","background-image":"","background-repeat":"repeat","background-position":"center center","background-size":"auto","background-attachment":"scroll","background-type":"","background-media":"","overlay-type":"","overlay-color":"","overlay-opacity":"","overlay-gradient":""}},"footnotes":""},"class_list":["post-845","page","type-page","status-publish","hentry"],"post_mailing_queue_ids":[],"_links":{"self":[{"href":"https:\/\/serveiseducatius.xtec.cat\/cda-cansantoi\/wp-json\/wp\/v2\/pages\/845","targetHints":{"allow":["GET"]}}],"collection":[{"href":"https:\/\/serveiseducatius.xtec.cat\/cda-cansantoi\/wp-json\/wp\/v2\/pages"}],"about":[{"href":"https:\/\/serveiseducatius.xtec.cat\/cda-cansantoi\/wp-json\/wp\/v2\/types\/page"}],"author":[{"embeddable":true,"href":"https:\/\/serveiseducatius.xtec.cat\/cda-cansantoi\/wp-json\/wp\/v2\/users\/1"}],"replies":[{"embeddable":true,"href":"https:\/\/serveiseducatius.xtec.cat\/cda-cansantoi\/wp-json\/wp\/v2\/comments?post=845"}],"version-history":[{"count":4,"href":"https:\/\/serveiseducatius.xtec.cat\/cda-cansantoi\/wp-json\/wp\/v2\/pages\/845\/revisions"}],"predecessor-version":[{"id":13996,"href":"https:\/\/serveiseducatius.xtec.cat\/cda-cansantoi\/wp-json\/wp\/v2\/pages\/845\/revisions\/13996"}],"up":[{"embeddable":true,"href":"https:\/\/serveiseducatius.xtec.cat\/cda-cansantoi\/wp-json\/wp\/v2\/pages\/8536"}],"wp:attachment":[{"href":"https:\/\/serveiseducatius.xtec.cat\/cda-cansantoi\/wp-json\/wp\/v2\/media?parent=845"}],"curies":[{"name":"wp","href":"https:\/\/api.w.org\/{rel}","templated":true}]}}