{"id":831,"date":"2014-01-17T12:55:59","date_gmt":"2014-01-17T12:55:59","guid":{"rendered":"http:\/\/blocs.xtec.cat\/cdacansantoi2\/?page_id=831"},"modified":"2024-09-09T11:26:05","modified_gmt":"2024-09-09T09:26:05","slug":"guiats-pels-satel%c2%b7lits-itinerari-amb-gps","status":"publish","type":"page","link":"https:\/\/serveiseducatius.xtec.cat\/cda-cansantoi\/ambits\/orientacio-cartografia-relleu\/guiats-pels-satel%c2%b7lits-itinerari-amb-gps\/","title":{"rendered":"Guiats pels sat\u00e8l\u00b7lits: itinerari amb GPS"},"content":{"rendered":"<p>&nbsp;<\/p>\n<table style=\"width: 40.7092%;\" border=\"0\" cellspacing=\"0\" cellpadding=\"3\">\n<tbody>\n<tr>\n<td style=\"width: 112px;\" width=\"94\">\n<div align=\"center\"><a href=\"http:\/\/www.xtec.cat\/cda-cansantoi\/Itinerari_gps_csp.pdf\" target=\"_blank\" rel=\"noopener noreferrer\"><img loading=\"lazy\" decoding=\"async\" class=\"wp-image-1371 aligncenter\" style=\"border: 0px none;\" src=\"http:\/\/serveiseducatius.xtec.cat\/cda-cansantoi\/wp-content\/uploads\/usu1385\/2014\/05\/qta.gif\" alt=\"Baixar quadern de treball de l'alumne\" width=\"40\" height=\"40\" \/><\/a><\/div>\n<\/td>\n<td style=\"width: 112px;\" width=\"94\">\n<div align=\"center\"><a href=\"http:\/\/www.xtec.cat\/cda-cansantoi\/Fulls_organitzacio_sortida\/organitzacio_sortida_gps-csp.doc\" target=\"_blank\" rel=\"noopener noreferrer\"><img loading=\"lazy\" decoding=\"async\" class=\"size-full wp-image-1358 aligncenter\" style=\"border: 0px none;\" src=\"http:\/\/serveiseducatius.xtec.cat\/cda-cansantoi\/wp-content\/uploads\/usu1385\/2014\/05\/carpeta_camp.png\" alt=\"Baixar full d'organitzaci\u00f3 de la sortida\" width=\"32\" height=\"32\" \/><\/a><\/div>\n<\/td>\n<td style=\"width: 112px;\" width=\"94\">\n<div align=\"center\"><a title=\"En preparaci\u00f3\" href=\"https:\/\/serveiseducatius.xtec.cat\/cda-cansantoi\/en-preparacio-2\/\"><img loading=\"lazy\" decoding=\"async\" class=\"aligncenter wp-image-1420\" style=\"border: 0px none;\" src=\"http:\/\/serveiseducatius.xtec.cat\/cda-cansantoi\/wp-content\/uploads\/usu1385\/2014\/01\/llibreta.gif\" alt=\"llibreta\" width=\"28\" height=\"36\" \/><\/a><\/div>\n<\/td>\n<td style=\"width: 112px;\" align=\"center\" width=\"94\">\n<div align=\"center\"><a href=\"https:\/\/maps.google.com\/maps\/ms?msa=0&amp;msid=203310988220912994480.00044828f13fc5a67029b&amp;hl=ca&amp;ie=UTF8&amp;t=m&amp;ll=41.43552,2.04895&amp;spn=0.180173,0.291824&amp;z=11&amp;source=embed\" target=\"_blank\" rel=\"noopener noreferrer\"><img loading=\"lazy\" decoding=\"async\" class=\"size-full wp-image-1416 aligncenter\" style=\"border: 0px none;\" src=\"http:\/\/serveiseducatius.xtec.cat\/cda-cansantoi\/wp-content\/uploads\/usu1385\/2014\/01\/Punt-de-trobada.png\" alt=\"Punt de trobada\" width=\"44\" height=\"40\" \/><\/a><\/div>\n<\/td>\n<td style=\"width: 112px;\" width=\"94\"><span style=\"font-size: large;\"><strong><span style=\"color: #800000;\">GPS-CSP<\/span><\/strong><\/span><\/td>\n<\/tr>\n<tr>\n<td style=\"width: 112px;\" width=\"94\">\n<div class=\"Estilo1\" align=\"center\">\n<div align=\"center\"><span style=\"font-size: xx-small;\">Quadern de treball<\/span><\/div>\n<\/div>\n<\/td>\n<td style=\"width: 112px;\" width=\"94\">\n<div class=\"Estilo1\" align=\"center\">\n<div align=\"center\"><span style=\"font-size: xx-small;\">Full d&#8217;organitzaci\u00f3 de la sortida<\/span><\/div>\n<\/div>\n<\/td>\n<td style=\"width: 112px;\" width=\"94\">\n<div class=\"Estilo1\" align=\"center\">\n<div align=\"center\"><span style=\"font-size: xx-small;\">Propostes d&#8217;activitats pr\u00e8vies i posteriors<\/span><\/div>\n<\/div>\n<\/td>\n<td style=\"width: 112px;\" width=\"94\">\n<div class=\"Estilo1\" align=\"center\">\n<div align=\"center\"><span style=\"font-size: xx-small;\">Lloc de trobada<\/span><\/div>\n<\/div>\n<\/td>\n<td style=\"width: 112px;\" width=\"94\">\n<div class=\"Estilo1\" align=\"center\"><span style=\"font-size: xx-small;\">Codi de l&#8217;activitat<\/span><\/div>\n<\/td>\n<\/tr>\n<\/tbody>\n<\/table>\n<p>&nbsp;<\/p>\n<p><span style=\"color: #000000;\"><span style=\"font-family: Arial,Helvetica;\"><strong>Lloc on es realitza:<\/strong> Camp d&#8217;Aprenentatge i voltants.<\/span><\/span><\/p>\n<p><span style=\"color: #000000;\"><span style=\"font-family: Arial,Helvetica;\"><strong>Estacionalitat:<\/strong> Tot l&#8217;any.<\/span><\/span><\/p>\n<p><span style=\"color: #000000;\"><span style=\"font-family: Arial,Helvetica;\"><strong>Tipus d&#8217;activitat: <\/strong>Itinerari.<\/span>\u00a0<\/span><\/p>\n<p style=\"text-align: justify;\"><span style=\"color: #000000;\"><span style=\"font-family: Arial,Helvetica;\"><strong>Descripci\u00f3:<\/strong> En la primera part, a l&#8217;aula, s&#8217;estableixen les bases del funcionament del sistema GPS, i es visualitza la ruta a seguir amb l&#8217;ajut del programari adequat. Despr\u00e9s, a l&#8217;exterior, es fa un petit exercici de navegaci\u00f3 amb el receptor GPS per a prendre contacte amb les caracter\u00edstiques i \u00fas de l&#8217;aparell. <\/span><span style=\"font-family: Arial,Helvetica;\">Realitzaci\u00f3 de l&#8217;itinerari de Can Madolell en petits grups (de 4 a 6 persones) seguint les indicacions de navegaci\u00f3 gravades al GPS (ruta). Consisteix en un recorregut circular d&#8217;uns 3 quil\u00f2metres, durant el qual han de realitzar diferents parades que inclouen alguns exercicis d&#8217;orientaci\u00f3 amb br\u00faixola i d&#8217;observaci\u00f3 de l&#8217;entorn. Els grups surten de forma consecutiva en un interval de temps d&#8217;uns 3 a 5 minuts. L&#8217;\u00faltima fase, altra vegada a l&#8217;aula, consisteix en una an\u00e0lisi del recorregut realitzat (<em>track<\/em>) i un comentari de les observacions realitzades.<\/span><\/span><\/p>\n<p><span style=\"font-family: Arial,Helvetica; color: #000000;\"><strong>Nivell educatiu<\/strong>: Tercer cicle de prim\u00e0ria (Cicle superior de prim\u00e0ria).<\/span><\/p>\n<p><span style=\"color: #000000;\"><span style=\"font-family: Arial,Helvetica;\"><strong>\u00c0rea:\u00a0<\/strong> Coneixement del medi natural, social i cultural.\u00a0<\/span><\/span><\/p>\n<p style=\"text-align: justify;\"><span style=\"color: #000000;\"><span style=\"font-family: Arial,Helvetica;\"><strong>Objectius d&#8217;aprenentatge:\u00a0<\/strong>\u00a0<\/span><\/span><\/p>\n<p><strong>OB1:<\/strong> Entendre els conceptes tecnol\u00f2gics b\u00e0sics del Sistema Global de Navegaci\u00f3 per Sat\u00e8l\u2022lit (GNSS) per fer \u00fas de les utilitats principals d\u2018un receptor GPS (posicionament, navegaci\u00f3, marcatge de punts, gravaci\u00f3 de tracks, etc.).<br \/>\n<strong>OB2:<\/strong> Emprar el programari adequat per a visualitzar cartografia digital, dissenyar rutes i analitzar tracks i perfils altim\u00e8trics.<br \/>\n<strong>OB3:<\/strong> Utilitzar la br\u00faixola com a eina d\u2019orientaci\u00f3 per azimuts.<br \/>\n<strong>OB4:<\/strong> Incorporar llenguatge t\u00e8cnic per familiaritzar-se i promoure l\u2019\u00fas de vocabulari cient\u00edfic.<br \/>\n<strong>OB5:<\/strong> Aprendre a treballar en equip (autoregulaci\u00f3 de la conducta, establiment de rols, fixaci\u00f3 d\u2019objectius comuns, etc.) per fomentar el cooperativisme, la inclusi\u00f3, la perspectiva de g\u00e8nere i la conviv\u00e8ncia en els \u00e0mbits propers.<\/p>\n<p style=\"text-align: justify;\"><strong>Compet\u00e8ncies espec\u00edfiques:<\/strong><\/p>\n<p><strong>CE1:<\/strong> Seleccionar i utilitzar dispositius i recursos digitals de forma responsable i eficient per tal de buscar informaci\u00f3, comunicar-se i treballar col\u2022laborativament i en xarxa i per crear continguts segons les necessitats digitals del context.<br \/>\n<strong>CE3:<\/strong> Resoldre problemes i reptes generant cooperativament un producte creatiu i innovador a partir de projectes interdisciplinaris, utilitzant diferents formes de raonament, com el pensament de disseny i el pensament computacional, per respondre a necessitats concretes.<br \/>\n<strong>CE5:<\/strong> Analitzar les caracter\u00edstiques de diferents elements o sistemes del medi natural, social i cultural, identificant la seva organitzaci\u00f3 i propietats, establint relacions entre aquests, per tal de recon\u00e8ixer el valor del patrimoni cultural i natural i emprendre accions per a un \u00fas responsable, la seva conservaci\u00f3 i la millora.<\/p>\n<p><strong>Indicadors operatius de les compet\u00e8ncies transversals:<\/strong><\/p>\n<p><strong>CD3:<\/strong> Participa en activitats i\/o projectes escolars mitjan\u00e7ant l\u2019\u00fas d\u2019eines o plataformes virtuals que li permetin construir nou coneixement, comunicar-se, treballar col\u2022laborativament, compartir dades i continguts en entorns digitals restringits i supervisats de manera segura i amb una actitud oberta i responsable davant el seu \u00fas.<br \/>\n<strong>CPSAA3:<\/strong> Reconeix i respecta les emocions i experi\u00e8ncies dels altres, participa activament en el treball en grup, assumeix les responsabilitats individuals assignades i dona feina estrat\u00e8gies cooperatives dirigides a la consecuci\u00f3 d\u2019objectius compartits.<br \/>\n<strong>CEM1:<\/strong> Reconeix necessitats i reptes a afrontar i elabora idees originals utilitzant destreses creatives i prenent consci\u00e8ncia de les conseq\u00fc\u00e8ncies i efectes que les idees puguin provocar en l\u2019entorn per proposar solucions valuoses que responguin a les necessitats detectades.<br \/>\n<strong>CC1:<\/strong> Ent\u00e9n els fets hist\u00f2rics i socials m\u00e9s rellevants relatius a la seva pr\u00f2pia identitat i cultura, reflexiona sobre les normes de conviv\u00e8ncia i les aplica de manera constructiva, dialogant i inclusiva en qualsevol context.<\/p>\n<p style=\"text-align: justify;\"><span style=\"font-family: Arial,Helvetica; color: #000000;\"><strong>Material<\/strong>: Quadern de treball de l&#8217;alumne. Br\u00faixola. GPS. Programari <em>Land<\/em>, <span style=\"color: #000000;\">cartografia de la zona<\/span>.<\/span><\/p>\n<p style=\"text-align: justify;\"><span style=\"font-family: Arial,Helvetica; color: #000000;\"><strong>Durada: <\/strong>Mitja jornada (de 9:30h a 13:30h) amb utilitzaci\u00f3 de les prestacions m\u00e9s b\u00e0siques de la tecnologia i programari GPS.<br \/>\n<\/span><\/p>\n<p><span style=\"font-family: Arial,Helvetica; color: #000000;\"><strong>Despla\u00e7ament:<\/strong> A peu per pistes forestals i senders de muntanya.<\/span><\/p>\n<p style=\"text-align: justify;\"><span style=\"font-family: Arial,Helvetica;\"><strong><span style=\"color: #000000;\">Observacions:\u00a0<\/span><\/strong><span style=\"font-family: Arial,Helvetica;\"><span style=\"color: #000099;\"><span style=\"color: #000000;\">Aquesta activitat requereix dur cal\u00e7at adequat per caminar, gorra pel sol o impermeable lleuger (segons \u00e8poca) i aigua per al recorregut. Tamb\u00e9 \u00e9s recomanable que es porti una c\u00e0mera digital de fotografia per a cada grup d&#8217;alumnes.<\/span><\/span><\/span><\/span><\/p>\n<p style=\"text-align: justify;\">Per a m\u00e9s informaci\u00f3, baixeu-vos el full d&#8217;organitzaci\u00f3 de sortides.\u2191<\/p>\n<p>Aqu\u00ed teniu l&#8217;Itinerari per<em> Googlemaps<\/em>:<\/p>\n<p><iframe loading=\"lazy\" src=\"https:\/\/www.google.com\/maps\/d\/embed?mid=16GoIKuMh7Fd_GEI4Pz_8Qy0_hPlmzxBL\" width=\"640\" height=\"480\"><\/iframe><\/p>\n<p>Tamb\u00e9 per<em> Instamaps<\/em> amb la contrasenya: Madolell<\/p>\n<p><a href=\"https:\/\/www.instamaps.cat\/visor.html?businessid=b729d715ed23172f936c9a5b56fe2492&amp;3D=false\">https:\/\/www.instamaps.cat\/visor.html?businessid=b729d715ed23172f936c9a5b56fe2492&amp;3D=false<\/a><\/p>\n","protected":false},"excerpt":{"rendered":"<p>&nbsp; GPS-CSP Quadern de treball Full d&#8217;organitzaci\u00f3 de la sortida Propostes d&#8217;activitats pr\u00e8vies i posteriors Lloc de trobada Codi de l&#8217;activitat &nbsp; Lloc on es realitza: Camp d&#8217;Aprenentatge i voltants. Estacionalitat: Tot l&#8217;any. Tipus d&#8217;activitat: Itinerari.\u00a0 Descripci\u00f3: En la primera part, a l&#8217;aula, s&#8217;estableixen les bases del funcionament del sistema GPS, i es visualitza la [&hellip;]<\/p>\n","protected":false},"author":1,"featured_media":0,"parent":8536,"menu_order":2,"comment_status":"closed","ping_status":"closed","template":"page-templates\/side-menu.php","meta":{"_bbp_topic_count":0,"_bbp_reply_count":0,"_bbp_total_topic_count":0,"_bbp_total_reply_count":0,"_bbp_voice_count":0,"_bbp_anonymous_reply_count":0,"_bbp_topic_count_hidden":0,"_bbp_reply_count_hidden":0,"_bbp_forum_subforum_count":0,"site-sidebar-layout":"default","site-content-layout":"","ast-site-content-layout":"","site-content-style":"default","site-sidebar-style":"default","ast-global-header-display":"","ast-banner-title-visibility":"","ast-main-header-display":"","ast-hfb-above-header-display":"","ast-hfb-below-header-display":"","ast-hfb-mobile-header-display":"","site-post-title":"","ast-breadcrumbs-content":"","ast-featured-img":"","footer-sml-layout":"","theme-transparent-header-meta":"","adv-header-id-meta":"","stick-header-meta":"","header-above-stick-meta":"","header-main-stick-meta":"","header-below-stick-meta":"","astra-migrate-meta-layouts":"default","ast-page-background-enabled":"default","ast-page-background-meta":{"desktop":{"background-color":"var(--ast-global-color-4)","background-image":"","background-repeat":"repeat","background-position":"center center","background-size":"auto","background-attachment":"scroll","background-type":"","background-media":"","overlay-type":"","overlay-color":"","overlay-opacity":"","overlay-gradient":""},"tablet":{"background-color":"","background-image":"","background-repeat":"repeat","background-position":"center center","background-size":"auto","background-attachment":"scroll","background-type":"","background-media":"","overlay-type":"","overlay-color":"","overlay-opacity":"","overlay-gradient":""},"mobile":{"background-color":"","background-image":"","background-repeat":"repeat","background-position":"center center","background-size":"auto","background-attachment":"scroll","background-type":"","background-media":"","overlay-type":"","overlay-color":"","overlay-opacity":"","overlay-gradient":""}},"ast-content-background-meta":{"desktop":{"background-color":"var(--ast-global-color-5)","background-image":"","background-repeat":"repeat","background-position":"center center","background-size":"auto","background-attachment":"scroll","background-type":"","background-media":"","overlay-type":"","overlay-color":"","overlay-opacity":"","overlay-gradient":""},"tablet":{"background-color":"var(--ast-global-color-5)","background-image":"","background-repeat":"repeat","background-position":"center center","background-size":"auto","background-attachment":"scroll","background-type":"","background-media":"","overlay-type":"","overlay-color":"","overlay-opacity":"","overlay-gradient":""},"mobile":{"background-color":"var(--ast-global-color-5)","background-image":"","background-repeat":"repeat","background-position":"center center","background-size":"auto","background-attachment":"scroll","background-type":"","background-media":"","overlay-type":"","overlay-color":"","overlay-opacity":"","overlay-gradient":""}},"footnotes":""},"class_list":["post-831","page","type-page","status-publish","hentry"],"post_mailing_queue_ids":[],"_links":{"self":[{"href":"https:\/\/serveiseducatius.xtec.cat\/cda-cansantoi\/wp-json\/wp\/v2\/pages\/831","targetHints":{"allow":["GET"]}}],"collection":[{"href":"https:\/\/serveiseducatius.xtec.cat\/cda-cansantoi\/wp-json\/wp\/v2\/pages"}],"about":[{"href":"https:\/\/serveiseducatius.xtec.cat\/cda-cansantoi\/wp-json\/wp\/v2\/types\/page"}],"author":[{"embeddable":true,"href":"https:\/\/serveiseducatius.xtec.cat\/cda-cansantoi\/wp-json\/wp\/v2\/users\/1"}],"replies":[{"embeddable":true,"href":"https:\/\/serveiseducatius.xtec.cat\/cda-cansantoi\/wp-json\/wp\/v2\/comments?post=831"}],"version-history":[{"count":6,"href":"https:\/\/serveiseducatius.xtec.cat\/cda-cansantoi\/wp-json\/wp\/v2\/pages\/831\/revisions"}],"predecessor-version":[{"id":20662,"href":"https:\/\/serveiseducatius.xtec.cat\/cda-cansantoi\/wp-json\/wp\/v2\/pages\/831\/revisions\/20662"}],"up":[{"embeddable":true,"href":"https:\/\/serveiseducatius.xtec.cat\/cda-cansantoi\/wp-json\/wp\/v2\/pages\/8536"}],"wp:attachment":[{"href":"https:\/\/serveiseducatius.xtec.cat\/cda-cansantoi\/wp-json\/wp\/v2\/media?parent=831"}],"curies":[{"name":"wp","href":"https:\/\/api.w.org\/{rel}","templated":true}]}}