{"id":8272,"date":"2016-06-20T17:56:05","date_gmt":"2016-06-20T16:56:05","guid":{"rendered":"http:\/\/serveiseducatius.xtec.cat\/cda-cansantoi\/?page_id=8272"},"modified":"2022-05-24T09:33:08","modified_gmt":"2022-05-24T07:33:08","slug":"amb-els-centres","status":"publish","type":"page","link":"https:\/\/serveiseducatius.xtec.cat\/cda-cansantoi\/amb-els-centres\/","title":{"rendered":"Amb els centres"},"content":{"rendered":"<p>Les activitats realitzades al CdA Can Santoi formen part d\u2019un projecte desenvolupat en un proc\u00e9s acordat amb els centres i realitzat en tres moments:<\/p>\n<p><img loading=\"lazy\" decoding=\"async\" class=\" wp-image-13204 alignleft\" src=\"https:\/\/serveiseducatius.xtec.cat\/cda-cansantoi\/wp-content\/uploads\/usu1385\/2021\/10\/moment3-300x200.png\" sizes=\"auto, (max-width: 300px) 100vw, 300px\" srcset=\"https:\/\/serveiseducatius.xtec.cat\/cda-cansantoi\/wp-content\/uploads\/usu1385\/2021\/10\/moment3-300x200.png 300w, https:\/\/serveiseducatius.xtec.cat\/cda-cansantoi\/wp-content\/uploads\/usu1385\/2021\/10\/moment3-1024x683.png 1024w, https:\/\/serveiseducatius.xtec.cat\/cda-cansantoi\/wp-content\/uploads\/usu1385\/2021\/10\/moment3-768x512.png 768w, https:\/\/serveiseducatius.xtec.cat\/cda-cansantoi\/wp-content\/uploads\/usu1385\/2021\/10\/moment3.png 1076w\" alt=\"\" width=\"348\" height=\"232\" \/><\/p>\n<p>&nbsp;<\/p>\n<p><strong>MOMENT 1\u00a0<\/strong>Acordem objectius, compet\u00e8ncies,\u00a0<strong>acordem productes pr\u00e8vies i posteriors\u00a0<\/strong>i tamb\u00e9 criteris d\u2019avaluaci\u00f3 que cal compartir amb els alumnes.<\/p>\n<p><strong>MOMENT 2\u00a0<\/strong>Fem el desenvolupament del projecte. Coavaluaci\u00f3. Avaluaci\u00f3 diagn\u00f2stica i reguladora del proc\u00e9s.<\/p>\n<p><strong>MOMENT 3<\/strong>\u00a0Realitzaci\u00f3 d\u2019activitats posteriors i\u00a0<strong>producte final<\/strong>. Valoracions del professorat i alumnat.<\/p>\n","protected":false},"excerpt":{"rendered":"<p>Les activitats realitzades al CdA Can Santoi formen part d\u2019un projecte desenvolupat en un proc\u00e9s acordat amb els centres i realitzat en tres moments: &nbsp; MOMENT 1\u00a0Acordem objectius, compet\u00e8ncies,\u00a0acordem productes pr\u00e8vies i posteriors\u00a0i tamb\u00e9 criteris d\u2019avaluaci\u00f3 que cal compartir amb els alumnes. MOMENT 2\u00a0Fem el desenvolupament del projecte. Coavaluaci\u00f3. Avaluaci\u00f3 diagn\u00f2stica i reguladora del proc\u00e9s. [&hellip;]<\/p>\n","protected":false},"author":1,"featured_media":0,"parent":0,"menu_order":0,"comment_status":"closed","ping_status":"closed","template":"page-templates\/side-menu.php","meta":{"_bbp_topic_count":0,"_bbp_reply_count":0,"_bbp_total_topic_count":0,"_bbp_total_reply_count":0,"_bbp_voice_count":0,"_bbp_anonymous_reply_count":0,"_bbp_topic_count_hidden":0,"_bbp_reply_count_hidden":0,"_bbp_forum_subforum_count":0,"site-sidebar-layout":"default","site-content-layout":"","ast-site-content-layout":"","site-content-style":"default","site-sidebar-style":"default","ast-global-header-display":"","ast-banner-title-visibility":"","ast-main-header-display":"","ast-hfb-above-header-display":"","ast-hfb-below-header-display":"","ast-hfb-mobile-header-display":"","site-post-title":"","ast-breadcrumbs-content":"","ast-featured-img":"","footer-sml-layout":"","theme-transparent-header-meta":"","adv-header-id-meta":"","stick-header-meta":"","header-above-stick-meta":"","header-main-stick-meta":"","header-below-stick-meta":"","astra-migrate-meta-layouts":"default","ast-page-background-enabled":"default","ast-page-background-meta":{"desktop":{"background-color":"var(--ast-global-color-4)","background-image":"","background-repeat":"repeat","background-position":"center center","background-size":"auto","background-attachment":"scroll","background-type":"","background-media":"","overlay-type":"","overlay-color":"","overlay-opacity":"","overlay-gradient":""},"tablet":{"background-color":"","background-image":"","background-repeat":"repeat","background-position":"center center","background-size":"auto","background-attachment":"scroll","background-type":"","background-media":"","overlay-type":"","overlay-color":"","overlay-opacity":"","overlay-gradient":""},"mobile":{"background-color":"","background-image":"","background-repeat":"repeat","background-position":"center center","background-size":"auto","background-attachment":"scroll","background-type":"","background-media":"","overlay-type":"","overlay-color":"","overlay-opacity":"","overlay-gradient":""}},"ast-content-background-meta":{"desktop":{"background-color":"var(--ast-global-color-5)","background-image":"","background-repeat":"repeat","background-position":"center center","background-size":"auto","background-attachment":"scroll","background-type":"","background-media":"","overlay-type":"","overlay-color":"","overlay-opacity":"","overlay-gradient":""},"tablet":{"background-color":"var(--ast-global-color-5)","background-image":"","background-repeat":"repeat","background-position":"center center","background-size":"auto","background-attachment":"scroll","background-type":"","background-media":"","overlay-type":"","overlay-color":"","overlay-opacity":"","overlay-gradient":""},"mobile":{"background-color":"var(--ast-global-color-5)","background-image":"","background-repeat":"repeat","background-position":"center center","background-size":"auto","background-attachment":"scroll","background-type":"","background-media":"","overlay-type":"","overlay-color":"","overlay-opacity":"","overlay-gradient":""}},"footnotes":""},"class_list":["post-8272","page","type-page","status-publish","hentry"],"post_mailing_queue_ids":[],"_links":{"self":[{"href":"https:\/\/serveiseducatius.xtec.cat\/cda-cansantoi\/wp-json\/wp\/v2\/pages\/8272","targetHints":{"allow":["GET"]}}],"collection":[{"href":"https:\/\/serveiseducatius.xtec.cat\/cda-cansantoi\/wp-json\/wp\/v2\/pages"}],"about":[{"href":"https:\/\/serveiseducatius.xtec.cat\/cda-cansantoi\/wp-json\/wp\/v2\/types\/page"}],"author":[{"embeddable":true,"href":"https:\/\/serveiseducatius.xtec.cat\/cda-cansantoi\/wp-json\/wp\/v2\/users\/1"}],"replies":[{"embeddable":true,"href":"https:\/\/serveiseducatius.xtec.cat\/cda-cansantoi\/wp-json\/wp\/v2\/comments?post=8272"}],"version-history":[{"count":4,"href":"https:\/\/serveiseducatius.xtec.cat\/cda-cansantoi\/wp-json\/wp\/v2\/pages\/8272\/revisions"}],"predecessor-version":[{"id":24505,"href":"https:\/\/serveiseducatius.xtec.cat\/cda-cansantoi\/wp-json\/wp\/v2\/pages\/8272\/revisions\/24505"}],"wp:attachment":[{"href":"https:\/\/serveiseducatius.xtec.cat\/cda-cansantoi\/wp-json\/wp\/v2\/media?parent=8272"}],"curies":[{"name":"wp","href":"https:\/\/api.w.org\/{rel}","templated":true}]}}