{"id":8260,"date":"2016-06-20T17:50:46","date_gmt":"2016-06-20T16:50:46","guid":{"rendered":"http:\/\/serveiseducatius.xtec.cat\/cda-cansantoi\/?page_id=8260"},"modified":"2022-05-20T09:40:56","modified_gmt":"2022-05-20T07:40:56","slug":"modalitats","status":"publish","type":"page","link":"https:\/\/serveiseducatius.xtec.cat\/cda-cansantoi\/modalitats\/","title":{"rendered":"Modalitats"},"content":{"rendered":"<p>El CdA de Can Santoi porta a terme les activitats did\u00e0ctiques amb els centes educatius en modalitats diferents:<\/p>\n<ul>\n<li>Les\u00a0<strong>sortides<\/strong>: s\u00f3n activitats d\u2019un dia de durada, habitualment un mat\u00ed intensiu.\u00a0Es solen\u00a0realitzar\u00a0<strong>al mateix Camp d&#8217;Aprenentatge o b\u00e9 en indrets singulars del Baix Llobregat o de Collserola <\/strong>on es porten a terme\u00a0les activitats. De la mateixa manera que a les estades, cal una coordinaci\u00f3 molt estreta entre el centre i el CdA que es pot fer amb<strong> trobades de coordinaci\u00f3 presencials<\/strong>\u00a0o tamb\u00e9 mitjan\u00e7ant un contacte permanent al llarg del curs per correu electr\u00f2nic i el web. A les sortides tamb\u00e9 es contemplen activitats pr\u00e8vies i posteriors que cal fer al centre.\u00a0En general, s\u2019adrecen als centres educatius\u00a0del Baix Llobregat i de comarques properes.<\/li>\n<\/ul>\n<ul>\n<li>Els\u00a0<strong>projectes compartits<\/strong>: s\u00f3n projectes que poden tenir una durada variable (1 mes, 1 trimestre, el curs sencer) i que no impliquen l&#8217;allotjament dels alumnes. Els docents del CdA, en estreta col\u00b7laboraci\u00f3 amb els mestres del centre educatiu que hi participen, plantegen un seguit d\u2019activitats per a portar a terme el projecte en q\u00fcesti\u00f3. Actualment, el CdA de Can Santoi\u00a0t\u00e9 en marxa el Projecte Llobregat.<\/li>\n<\/ul>\n","protected":false},"excerpt":{"rendered":"<p>El CdA de Can Santoi porta a terme les activitats did\u00e0ctiques amb els centes educatius en modalitats diferents: Les\u00a0sortides: s\u00f3n activitats d\u2019un dia de durada, habitualment un mat\u00ed intensiu.\u00a0Es solen\u00a0realitzar\u00a0al mateix Camp d&#8217;Aprenentatge o b\u00e9 en indrets singulars del Baix Llobregat o de Collserola on es porten a terme\u00a0les activitats. De la mateixa manera que [&hellip;]<\/p>\n","protected":false},"author":1,"featured_media":0,"parent":0,"menu_order":0,"comment_status":"closed","ping_status":"closed","template":"page-templates\/side-menu.php","meta":{"_bbp_topic_count":0,"_bbp_reply_count":0,"_bbp_total_topic_count":0,"_bbp_total_reply_count":0,"_bbp_voice_count":0,"_bbp_anonymous_reply_count":0,"_bbp_topic_count_hidden":0,"_bbp_reply_count_hidden":0,"_bbp_forum_subforum_count":0,"site-sidebar-layout":"default","site-content-layout":"","ast-site-content-layout":"","site-content-style":"default","site-sidebar-style":"default","ast-global-header-display":"","ast-banner-title-visibility":"","ast-main-header-display":"","ast-hfb-above-header-display":"","ast-hfb-below-header-display":"","ast-hfb-mobile-header-display":"","site-post-title":"","ast-breadcrumbs-content":"","ast-featured-img":"","footer-sml-layout":"","theme-transparent-header-meta":"","adv-header-id-meta":"","stick-header-meta":"","header-above-stick-meta":"","header-main-stick-meta":"","header-below-stick-meta":"","astra-migrate-meta-layouts":"default","ast-page-background-enabled":"default","ast-page-background-meta":{"desktop":{"background-color":"var(--ast-global-color-4)","background-image":"","background-repeat":"repeat","background-position":"center center","background-size":"auto","background-attachment":"scroll","background-type":"","background-media":"","overlay-type":"","overlay-color":"","overlay-opacity":"","overlay-gradient":""},"tablet":{"background-color":"","background-image":"","background-repeat":"repeat","background-position":"center center","background-size":"auto","background-attachment":"scroll","background-type":"","background-media":"","overlay-type":"","overlay-color":"","overlay-opacity":"","overlay-gradient":""},"mobile":{"background-color":"","background-image":"","background-repeat":"repeat","background-position":"center center","background-size":"auto","background-attachment":"scroll","background-type":"","background-media":"","overlay-type":"","overlay-color":"","overlay-opacity":"","overlay-gradient":""}},"ast-content-background-meta":{"desktop":{"background-color":"var(--ast-global-color-5)","background-image":"","background-repeat":"repeat","background-position":"center center","background-size":"auto","background-attachment":"scroll","background-type":"","background-media":"","overlay-type":"","overlay-color":"","overlay-opacity":"","overlay-gradient":""},"tablet":{"background-color":"var(--ast-global-color-5)","background-image":"","background-repeat":"repeat","background-position":"center center","background-size":"auto","background-attachment":"scroll","background-type":"","background-media":"","overlay-type":"","overlay-color":"","overlay-opacity":"","overlay-gradient":""},"mobile":{"background-color":"var(--ast-global-color-5)","background-image":"","background-repeat":"repeat","background-position":"center center","background-size":"auto","background-attachment":"scroll","background-type":"","background-media":"","overlay-type":"","overlay-color":"","overlay-opacity":"","overlay-gradient":""}},"footnotes":""},"class_list":["post-8260","page","type-page","status-publish","hentry"],"post_mailing_queue_ids":[],"_links":{"self":[{"href":"https:\/\/serveiseducatius.xtec.cat\/cda-cansantoi\/wp-json\/wp\/v2\/pages\/8260","targetHints":{"allow":["GET"]}}],"collection":[{"href":"https:\/\/serveiseducatius.xtec.cat\/cda-cansantoi\/wp-json\/wp\/v2\/pages"}],"about":[{"href":"https:\/\/serveiseducatius.xtec.cat\/cda-cansantoi\/wp-json\/wp\/v2\/types\/page"}],"author":[{"embeddable":true,"href":"https:\/\/serveiseducatius.xtec.cat\/cda-cansantoi\/wp-json\/wp\/v2\/users\/1"}],"replies":[{"embeddable":true,"href":"https:\/\/serveiseducatius.xtec.cat\/cda-cansantoi\/wp-json\/wp\/v2\/comments?post=8260"}],"version-history":[{"count":4,"href":"https:\/\/serveiseducatius.xtec.cat\/cda-cansantoi\/wp-json\/wp\/v2\/pages\/8260\/revisions"}],"predecessor-version":[{"id":15001,"href":"https:\/\/serveiseducatius.xtec.cat\/cda-cansantoi\/wp-json\/wp\/v2\/pages\/8260\/revisions\/15001"}],"wp:attachment":[{"href":"https:\/\/serveiseducatius.xtec.cat\/cda-cansantoi\/wp-json\/wp\/v2\/media?parent=8260"}],"curies":[{"name":"wp","href":"https:\/\/api.w.org\/{rel}","templated":true}]}}