{"id":8235,"date":"2016-06-20T17:26:18","date_gmt":"2016-06-20T16:26:18","guid":{"rendered":"http:\/\/serveiseducatius.xtec.cat\/cda-cansantoi\/?page_id=8235"},"modified":"2017-07-04T10:23:56","modified_gmt":"2017-07-04T08:23:56","slug":"ambits","status":"publish","type":"page","link":"https:\/\/serveiseducatius.xtec.cat\/cda-cansantoi\/ambits\/","title":{"rendered":"\u00c0mbits"},"content":{"rendered":"<p>Treballem a diferents nivells els \u00e0mbits seg\u00fcents:<\/p>\n<ul>\n<li><a href=\"http:\/\/serveiseducatius.xtec.cat\/cda-cansantoi\/ambits\/orientacio-cartografia-relleu\/\">Orientaci\u00f3 i cartografia<\/a>.<\/li>\n<li><a href=\"http:\/\/serveiseducatius.xtec.cat\/cda-cansantoi\/ambits\/meteorologi\/\">Meteorologia<\/a>.<\/li>\n<li><a href=\"http:\/\/serveiseducatius.xtec.cat\/cda-cansantoi\/ambits\/geologia\/\">Geologia<\/a>.<\/li>\n<li><a href=\"http:\/\/serveiseducatius.xtec.cat\/cda-cansantoi\/ambits\/dinamica-dels-ecosistemes\/\">Din\u00e0mica d&#8217;ecosistemes<\/a>.<\/li>\n<li><a href=\"http:\/\/serveiseducatius.xtec.cat\/cda-cansantoi\/ambits\/mon-vegetal-fongs\/\">M\u00f3n vegetal, animal i fongs<\/a>.<\/li>\n<li><a href=\"http:\/\/serveiseducatius.xtec.cat\/cda-cansantoi\/ambits\/recursos-del-medi-i-sostenibilitat\/\">Energia i sostenibilitat<\/a>.<\/li>\n<li><a href=\"http:\/\/serveiseducatius.xtec.cat\/cda-cansantoi\/ambits\/modernisme\/\">Modernisme i patrimoni<\/a>.<\/li>\n<\/ul>\n","protected":false},"excerpt":{"rendered":"<p>Treballem a diferents nivells els \u00e0mbits seg\u00fcents: Orientaci\u00f3 i cartografia. Meteorologia. Geologia. Din\u00e0mica d&#8217;ecosistemes. M\u00f3n vegetal, animal i fongs. Energia i sostenibilitat. Modernisme i patrimoni.<\/p>\n","protected":false},"author":1,"featured_media":0,"parent":0,"menu_order":0,"comment_status":"closed","ping_status":"closed","template":"page-templates\/side-menu.php","meta":{"_bbp_topic_count":0,"_bbp_reply_count":0,"_bbp_total_topic_count":0,"_bbp_total_reply_count":0,"_bbp_voice_count":0,"_bbp_anonymous_reply_count":0,"_bbp_topic_count_hidden":0,"_bbp_reply_count_hidden":0,"_bbp_forum_subforum_count":0,"site-sidebar-layout":"default","site-content-layout":"","ast-site-content-layout":"","site-content-style":"default","site-sidebar-style":"default","ast-global-header-display":"","ast-banner-title-visibility":"","ast-main-header-display":"","ast-hfb-above-header-display":"","ast-hfb-below-header-display":"","ast-hfb-mobile-header-display":"","site-post-title":"","ast-breadcrumbs-content":"","ast-featured-img":"","footer-sml-layout":"","theme-transparent-header-meta":"","adv-header-id-meta":"","stick-header-meta":"","header-above-stick-meta":"","header-main-stick-meta":"","header-below-stick-meta":"","astra-migrate-meta-layouts":"default","ast-page-background-enabled":"default","ast-page-background-meta":{"desktop":{"background-color":"var(--ast-global-color-4)","background-image":"","background-repeat":"repeat","background-position":"center center","background-size":"auto","background-attachment":"scroll","background-type":"","background-media":"","overlay-type":"","overlay-color":"","overlay-opacity":"","overlay-gradient":""},"tablet":{"background-color":"","background-image":"","background-repeat":"repeat","background-position":"center center","background-size":"auto","background-attachment":"scroll","background-type":"","background-media":"","overlay-type":"","overlay-color":"","overlay-opacity":"","overlay-gradient":""},"mobile":{"background-color":"","background-image":"","background-repeat":"repeat","background-position":"center center","background-size":"auto","background-attachment":"scroll","background-type":"","background-media":"","overlay-type":"","overlay-color":"","overlay-opacity":"","overlay-gradient":""}},"ast-content-background-meta":{"desktop":{"background-color":"var(--ast-global-color-5)","background-image":"","background-repeat":"repeat","background-position":"center center","background-size":"auto","background-attachment":"scroll","background-type":"","background-media":"","overlay-type":"","overlay-color":"","overlay-opacity":"","overlay-gradient":""},"tablet":{"background-color":"var(--ast-global-color-5)","background-image":"","background-repeat":"repeat","background-position":"center center","background-size":"auto","background-attachment":"scroll","background-type":"","background-media":"","overlay-type":"","overlay-color":"","overlay-opacity":"","overlay-gradient":""},"mobile":{"background-color":"var(--ast-global-color-5)","background-image":"","background-repeat":"repeat","background-position":"center center","background-size":"auto","background-attachment":"scroll","background-type":"","background-media":"","overlay-type":"","overlay-color":"","overlay-opacity":"","overlay-gradient":""}},"footnotes":""},"class_list":["post-8235","page","type-page","status-publish","hentry"],"post_mailing_queue_ids":[],"_links":{"self":[{"href":"https:\/\/serveiseducatius.xtec.cat\/cda-cansantoi\/wp-json\/wp\/v2\/pages\/8235","targetHints":{"allow":["GET"]}}],"collection":[{"href":"https:\/\/serveiseducatius.xtec.cat\/cda-cansantoi\/wp-json\/wp\/v2\/pages"}],"about":[{"href":"https:\/\/serveiseducatius.xtec.cat\/cda-cansantoi\/wp-json\/wp\/v2\/types\/page"}],"author":[{"embeddable":true,"href":"https:\/\/serveiseducatius.xtec.cat\/cda-cansantoi\/wp-json\/wp\/v2\/users\/1"}],"replies":[{"embeddable":true,"href":"https:\/\/serveiseducatius.xtec.cat\/cda-cansantoi\/wp-json\/wp\/v2\/comments?post=8235"}],"version-history":[{"count":4,"href":"https:\/\/serveiseducatius.xtec.cat\/cda-cansantoi\/wp-json\/wp\/v2\/pages\/8235\/revisions"}],"predecessor-version":[{"id":23845,"href":"https:\/\/serveiseducatius.xtec.cat\/cda-cansantoi\/wp-json\/wp\/v2\/pages\/8235\/revisions\/23845"}],"wp:attachment":[{"href":"https:\/\/serveiseducatius.xtec.cat\/cda-cansantoi\/wp-json\/wp\/v2\/media?parent=8235"}],"curies":[{"name":"wp","href":"https:\/\/api.w.org\/{rel}","templated":true}]}}