{"id":71,"date":"2013-11-14T19:47:14","date_gmt":"2013-11-14T18:47:14","guid":{"rendered":"http:\/\/blocs.xtec.cat\/plantillacda\/?page_id=71"},"modified":"2025-09-09T13:01:42","modified_gmt":"2025-09-09T11:01:42","slug":"on-som","status":"publish","type":"page","link":"https:\/\/serveiseducatius.xtec.cat\/cda-cansantoi\/el-camp\/on-som\/","title":{"rendered":"On som"},"content":{"rendered":"<p style=\"text-align: justify;\"><img loading=\"lazy\" decoding=\"async\" class=\"alignright wp-image-23805 size-medium\" src=\"https:\/\/serveiseducatius.xtec.cat\/cda-cansantoi\/wp-content\/uploads\/usu1385\/2025\/09\/Imatge-Localitzacio-Parc-de-Collserola-300x292.gif\" alt=\"\" width=\"300\" height=\"292\" \/><b><b>E<\/b>l <\/b><strong>CdA de Can Santoi <\/strong>es troba situat al Parc Natural de Collserola, al seu sector occidental, al barri de muntanya de la Rierada, a uns 5 km de la vila de Molins de Rei i a nom\u00e9s 20 de Barcelona. Es troba a 130 metres d&#8217;altitud respecte el nivell del mar.<\/p>\n<p style=\"text-align: justify;\"><strong>Coordenades per a GPS<br \/>\n<\/strong>&#8211; Coordenades UTM:31T x=420520 y= 4587816<br \/>\n&#8211; Coordenades geogr\u00e0fiques: Latitud N 41\u00ba 26&#8242; 14,1&#8243; \u00a0\u00a0 Longitud\u00a0 E 2\u00ba 2&#8242; 55,3&#8243;<\/p>\n<p style=\"text-align: left;\"><strong>Acc\u00e9s amb autocar<br \/>\n<\/strong>Donades les caracter\u00edstiques de la carretera que arriba al CdA Can Santoi us recomanem contractar autocars el m\u00e9s petits possibles (2 eixos) per a una bona maniobrabilitat. Els autocars poden parar davant mateix del Camp.<\/p>\n<p style=\"text-align: left;\"><strong>\u00a0<\/strong><strong>Itineraris<\/strong><\/p>\n<p style=\"text-align: left;\">Cliqueu &#8220;m\u00e9s opcions&#8221; al mapa per a confegir-vos el recorregut des del vostre centre fins a Can Santoi<\/p>\n<p style=\"text-align: left;\"><iframe loading=\"lazy\" src=\"https:\/\/www.google.com\/maps\/embed?pb=!1m23!1m12!1m3!1d56905.58410005751!2d2.021713975544842!3d41.4450504645804!2m3!1f0!2f0!3f0!3m2!1i1024!2i768!4f13.1!4m8!3e6!4m0!4m5!1s0x12a490bd9b7b01ed%3A0x4535064cf8aa1b44!2sCamp+d'Aprenentatge+Can+Santoi%2C+Av.+Verge+de+Montserrat%2C+104%2C+08750+Molins+de+Rei%2C+Barcelona%2C+Espanya!3m2!1d41.4360055!2d2.0476266!5e0!3m2!1sca!2ses!4v1449667451244\" width=\"600\" height=\"450\" frameborder=\"0\"><\/iframe><\/p>\n<p style=\"text-align: left;\"><strong>Transport p\u00fablic (tren+minib\u00fas MB3)<\/strong><\/p>\n<p style=\"text-align: left;\"><strong><br \/>\n<\/strong><a href=\"http:\/\/serveiseducatius.xtec.cat\/cda-cansantoi\/wp-content\/uploads\/usu1385\/2013\/11\/rutabusmolins02.jpg\"><img loading=\"lazy\" decoding=\"async\" class=\"alignleft wp-image-1252\" src=\"http:\/\/serveiseducatius.xtec.cat\/cda-cansantoi\/wp-content\/uploads\/usu1385\/2013\/11\/rutabusmolins02-275x300.jpg\" alt=\"rutabusmolins02\" width=\"173\" height=\"188\" srcset=\"https:\/\/serveiseducatius.xtec.cat\/cda-cansantoi\/wp-content\/uploads\/usu1385\/2013\/11\/rutabusmolins02-275x300.jpg 275w, https:\/\/serveiseducatius.xtec.cat\/cda-cansantoi\/wp-content\/uploads\/usu1385\/2013\/11\/rutabusmolins02.jpg 550w\" sizes=\"auto, (max-width: 173px) 100vw, 173px\" \/><\/a>Un servei de bus urb\u00e0 uneix l&#8217;estaci\u00f3 de <a href=\"https:\/\/rodalies.gencat.cat\/ca\/inici\/index.html\" target=\"_blank\" rel=\"noopener noreferrer\">Renfe <\/a><span style=\"text-align: justify;\">de Molins de Rei fins a l&#8217;estaci\u00f3 dels <\/span><a href=\"https:\/\/www.fgc.cat\/\" target=\"_blank\" rel=\"noopener noreferrer\">Ferrocarrils de la Generalitat <\/a><span style=\"text-align: justify;\">a la Floresta (Sant Cugat del Vall\u00e8s) tot passant pels barris de muntanya del municipi de Molins: Sant Bartomeu de la Quadra, La Rierada i Vallpineda.<\/span><\/p>\n<p style=\"text-align: justify;\">El temps que tarda en fer el trajecte d&#8217;estaci\u00f3 a estaci\u00f3 \u00e9s d&#8217;una mitja hora. Tot i que la freq\u00fc\u00e8ncia de pas \u00e9s molt espaiada, pensem que us pot resultar \u00fatil, sobretot si veniu amb un grup redu\u00eft de persones, ja que la capacitat del bus est\u00e0 limitada a 16 usuaris.<br \/>\n<a href=\"https:\/\/solerisauret.com\/pdf\/MB3.pdf\" target=\"_blank\" rel=\"noopener noreferrer\">Consulteu els horaris<\/a><\/p>\n<p style=\"text-align: justify;\"><strong>Acc\u00e9s a peu des de Molins de Rei\u00a0<\/strong><strong>(Durada aproximada: 1h 15 minuts)<\/strong>: Itinerari des del Carrer Jacint Verdaguer de Molins de Rei al CdA Can Santoi. Video realitzat pel professor David Iba\u00f1ez que puja cada any amb els alumnes de l&#8217;Institut Llu\u00eds Requesens.<\/p>\n<div class=\"ast-oembed-container \" style=\"height: 100%;\"><iframe loading=\"lazy\" title=\"video pujada riera  Requessens\" width=\"500\" height=\"281\" src=\"https:\/\/www.youtube.com\/embed\/zbRQuPCMyis?feature=oembed\" frameborder=\"0\" allow=\"accelerometer; autoplay; clipboard-write; encrypted-media; gyroscope; picture-in-picture; web-share\" referrerpolicy=\"strict-origin-when-cross-origin\" allowfullscreen><\/iframe><\/div>\n<p>&nbsp;<\/p>\n<p style=\"text-align: justify;\"><strong>Acc\u00e9s a peu des de Can Santoi a l&#8217;estaci\u00f3 Molins<\/strong><\/p>\n<div class=\"ast-oembed-container \" style=\"height: 100%;\"><iframe loading=\"lazy\" title=\"video baixada\" width=\"500\" height=\"375\" src=\"https:\/\/www.youtube.com\/embed\/lsO_dnONqUo?feature=oembed\" frameborder=\"0\" allow=\"accelerometer; autoplay; clipboard-write; encrypted-media; gyroscope; picture-in-picture; web-share\" referrerpolicy=\"strict-origin-when-cross-origin\" allowfullscreen><\/iframe><\/div>\n<p style=\"text-align: justify;\">Tamb\u00e9\u00a0facilitem l&#8217;itinerari per a peu des de l&#8217;estaci\u00f3 de Renfe de Molins de Rei.<\/p>\n<p><a href=\"http:\/\/ca.wikiloc.com\/wikiloc\/view.do?id=11634406\" target=\"_blank\" rel=\"noopener noreferrer\">Tracks per descarregar a wikiloc<\/a> <span style=\"font-size: 8pt;\">(aquest track \u00e9s de baixada: de Can Santoi a Molins de Rei)<\/span><\/p>\n<p><a style=\"font-weight: bold; font-family: inherit; font-size: 1em;\" href=\"http:\/\/serveiseducatius.xtec.cat\/cda-cansantoi\/wp-content\/uploads\/usu1385\/2013\/11\/Mapa_itinerari_Molins_Can_Santoi_a_peu.jpg\"><img loading=\"lazy\" decoding=\"async\" class=\"wp-image-3493 \" src=\"http:\/\/serveiseducatius.xtec.cat\/cda-cansantoi\/wp-content\/uploads\/usu1385\/2013\/11\/Mapa_itinerari_Molins_Can_Santoi_a_peu-300x203.jpg\" alt=\"Mapa_itinerari_Molins_Can_Santoi_a_peu\" width=\"353\" height=\"239\" srcset=\"https:\/\/serveiseducatius.xtec.cat\/cda-cansantoi\/wp-content\/uploads\/usu1385\/2013\/11\/Mapa_itinerari_Molins_Can_Santoi_a_peu-300x203.jpg 300w, https:\/\/serveiseducatius.xtec.cat\/cda-cansantoi\/wp-content\/uploads\/usu1385\/2013\/11\/Mapa_itinerari_Molins_Can_Santoi_a_peu-768x519.jpg 768w, https:\/\/serveiseducatius.xtec.cat\/cda-cansantoi\/wp-content\/uploads\/usu1385\/2013\/11\/Mapa_itinerari_Molins_Can_Santoi_a_peu-1024x692.jpg 1024w, https:\/\/serveiseducatius.xtec.cat\/cda-cansantoi\/wp-content\/uploads\/usu1385\/2013\/11\/Mapa_itinerari_Molins_Can_Santoi_a_peu.jpg 1263w\" sizes=\"auto, (max-width: 353px) 100vw, 353px\" \/><\/a><\/p>\n<p>Cliqueu el mapa per veure&#8217;l m\u00e9s gran<\/p>\n<p><strong>Acc\u00e9s a peu des de l&#8217;estaci\u00f3 de FGC de La Floresta 4 Km <\/strong><strong>(Durada aproximada: 1h caminant)<\/strong><\/p>\n<p><iframe loading=\"lazy\" src=\"https:\/\/www.google.com\/maps\/embed?pb=!1m44!1m12!1m3!1d6916.526018654086!2d2.0557896779642264!3d41.44073681703704!2m3!1f0!2f0!3f0!3m2!1i1024!2i768!4f13.1!4m29!3e2!4m5!1s0x12a49736f4becfdf%3A0xe78ca6e50115b29e!2sFGC%20La%20Floresta%2C%2008198%20La%20Floresta%2C%20Barcelona!3m2!1d41.445409999999995!2d2.0727075!4m5!1s0x12a490ca5718d45f%3A0xf6571147ef993d53!2sPasseig%20del%20Crepuscle%2C%2008198%20La%20Floresta%2C%20Barcelona!3m2!1d41.4450822!2d2.0640956999999998!4m3!3m2!1d41.437562!2d2.0554476999999998!4m5!1s0x12a490bc4136e8d5%3A0x54d410d60e3645fc!2sCarrer%20Sib%C3%A8ria%2C%2008750%2C%20Barcelona!3m2!1d41.4369574!2d2.0500228!4m5!1s0x12a490bd9b7b01ed%3A0x4535064cf8aa1b44!2sCamp%20d'Aprenentatge%20Can%20Santoi%2C%20Av.%20Verge%20de%20Montserrat%2C%20104%2C%2008750%20Molins%20de%20Rei%2C%20Barcelona!3m2!1d41.4360055!2d2.0476266!5e1!3m2!1sca!2ses!4v1582031959851!5m2!1sca!2ses\" width=\"600\" height=\"450\" frameborder=\"0\"><\/iframe><\/p>\n<p><iframe loading=\"lazy\" src=\"https:\/\/www.google.com\/maps\/d\/embed?mid=1v1WfYdlrr_dRoLy7ANm9a_Su0xbuAN30&amp;hl=ca\" width=\"640\" height=\"480\"><\/iframe><\/p>\n","protected":false},"excerpt":{"rendered":"<p>El CdA de Can Santoi es troba situat al Parc Natural de Collserola, al seu sector occidental, al barri de muntanya de la Rierada, a uns 5 km de la vila de Molins de Rei i a nom\u00e9s 20 de Barcelona. Es troba a 130 metres d&#8217;altitud respecte el nivell del mar. Coordenades per a [&hellip;]<\/p>\n","protected":false},"author":1,"featured_media":0,"parent":8225,"menu_order":5,"comment_status":"closed","ping_status":"closed","template":"","meta":{"_bbp_topic_count":0,"_bbp_reply_count":0,"_bbp_total_topic_count":0,"_bbp_total_reply_count":0,"_bbp_voice_count":0,"_bbp_anonymous_reply_count":0,"_bbp_topic_count_hidden":0,"_bbp_reply_count_hidden":0,"_bbp_forum_subforum_count":0,"site-sidebar-layout":"default","site-content-layout":"","ast-site-content-layout":"default","site-content-style":"default","site-sidebar-style":"default","ast-global-header-display":"","ast-banner-title-visibility":"","ast-main-header-display":"","ast-hfb-above-header-display":"","ast-hfb-below-header-display":"","ast-hfb-mobile-header-display":"","site-post-title":"","ast-breadcrumbs-content":"","ast-featured-img":"","footer-sml-layout":"","theme-transparent-header-meta":"default","adv-header-id-meta":"","stick-header-meta":"","header-above-stick-meta":"","header-main-stick-meta":"","header-below-stick-meta":"","astra-migrate-meta-layouts":"set","ast-page-background-enabled":"default","ast-page-background-meta":{"desktop":{"background-color":"var(--ast-global-color-4)","background-image":"","background-repeat":"repeat","background-position":"center center","background-size":"auto","background-attachment":"scroll","background-type":"","background-media":"","overlay-type":"","overlay-color":"","overlay-opacity":"","overlay-gradient":""},"tablet":{"background-color":"","background-image":"","background-repeat":"repeat","background-position":"center center","background-size":"auto","background-attachment":"scroll","background-type":"","background-media":"","overlay-type":"","overlay-color":"","overlay-opacity":"","overlay-gradient":""},"mobile":{"background-color":"","background-image":"","background-repeat":"repeat","background-position":"center center","background-size":"auto","background-attachment":"scroll","background-type":"","background-media":"","overlay-type":"","overlay-color":"","overlay-opacity":"","overlay-gradient":""}},"ast-content-background-meta":{"desktop":{"background-color":"var(--ast-global-color-5)","background-image":"","background-repeat":"repeat","background-position":"center center","background-size":"auto","background-attachment":"scroll","background-type":"","background-media":"","overlay-type":"","overlay-color":"","overlay-opacity":"","overlay-gradient":""},"tablet":{"background-color":"var(--ast-global-color-5)","background-image":"","background-repeat":"repeat","background-position":"center center","background-size":"auto","background-attachment":"scroll","background-type":"","background-media":"","overlay-type":"","overlay-color":"","overlay-opacity":"","overlay-gradient":""},"mobile":{"background-color":"var(--ast-global-color-5)","background-image":"","background-repeat":"repeat","background-position":"center center","background-size":"auto","background-attachment":"scroll","background-type":"","background-media":"","overlay-type":"","overlay-color":"","overlay-opacity":"","overlay-gradient":""}},"footnotes":""},"class_list":["post-71","page","type-page","status-publish","hentry"],"post_mailing_queue_ids":[],"_links":{"self":[{"href":"https:\/\/serveiseducatius.xtec.cat\/cda-cansantoi\/wp-json\/wp\/v2\/pages\/71","targetHints":{"allow":["GET"]}}],"collection":[{"href":"https:\/\/serveiseducatius.xtec.cat\/cda-cansantoi\/wp-json\/wp\/v2\/pages"}],"about":[{"href":"https:\/\/serveiseducatius.xtec.cat\/cda-cansantoi\/wp-json\/wp\/v2\/types\/page"}],"author":[{"embeddable":true,"href":"https:\/\/serveiseducatius.xtec.cat\/cda-cansantoi\/wp-json\/wp\/v2\/users\/1"}],"replies":[{"embeddable":true,"href":"https:\/\/serveiseducatius.xtec.cat\/cda-cansantoi\/wp-json\/wp\/v2\/comments?post=71"}],"version-history":[{"count":6,"href":"https:\/\/serveiseducatius.xtec.cat\/cda-cansantoi\/wp-json\/wp\/v2\/pages\/71\/revisions"}],"predecessor-version":[{"id":23811,"href":"https:\/\/serveiseducatius.xtec.cat\/cda-cansantoi\/wp-json\/wp\/v2\/pages\/71\/revisions\/23811"}],"up":[{"embeddable":true,"href":"https:\/\/serveiseducatius.xtec.cat\/cda-cansantoi\/wp-json\/wp\/v2\/pages\/8225"}],"wp:attachment":[{"href":"https:\/\/serveiseducatius.xtec.cat\/cda-cansantoi\/wp-json\/wp\/v2\/media?parent=71"}],"curies":[{"name":"wp","href":"https:\/\/api.w.org\/{rel}","templated":true}]}}