{"id":600,"date":"2013-12-13T12:20:59","date_gmt":"2013-12-13T12:20:59","guid":{"rendered":"http:\/\/blocs.xtec.cat\/plantillacda\/?page_id=600"},"modified":"2022-05-24T09:35:52","modified_gmt":"2022-05-24T07:35:52","slug":"trobades-de-coordinacio","status":"publish","type":"page","link":"https:\/\/serveiseducatius.xtec.cat\/cda-cansantoi\/amb-els-centres\/trobades-de-coordinacio\/","title":{"rendered":"Trobades de coordinaci\u00f3"},"content":{"rendered":"<p>Les trobades de coordinaci\u00f3 seran preferentment telem\u00e0tiques. ja us informarem mitjan\u00e7ant correu electr\u00f2nic de les dates i us compartirem una carpeta amb els documents corresponents a cada projecte.<\/p>\n<p>Tamb\u00e9 podeu trobar algunes de les dates de les trobades de coordinaci\u00f3 d&#8217;alguns projectes al <strong>full d\u2019acceptaci\u00f3 de les sortides<\/strong>\u00a0que genera l\u2019<a href=\"http:\/\/aplicacions.gestioeducativa.gencat.cat\/pls\/apex\/f?p=camps\" target=\"_blank\" rel=\"noopener noreferrer\">aplicaci\u00f3 d\u2019inscripci\u00f3 CAMPS<\/a>.<\/p>\n<p>La direcci\u00f3 del centre garantir\u00e0 el moment de comunicaci\u00f3 amb el CdA \/ EdA i procurar\u00e0 que el professorat tutor del grup o professor de l\u2019\u00e0mbit curricular assisteixi a la trobada de coordinaci\u00f3 per planificar la implementaci\u00f3 de la sortida i l\u2019avaluaci\u00f3.<\/p>\n<p>At\u00e8s que els\u00a0Camps i Entorns d&#8217;Aprenentatge\u00a0treballen conjuntament amb els centres educatius,\u00a0<strong>les trobades de coordinaci\u00f3 es consideren\u00a0sessions de treball naturals del funcionament dels\u00a0CdA \/ EdA<\/strong>\u00a0i \u00e9s per aix\u00f2 que d\u2019acord amb la normativa de formaci\u00f3 no generen\u00a0certificaci\u00f3.<\/p>\n<h4><\/h4>\n","protected":false},"excerpt":{"rendered":"<p>Les trobades de coordinaci\u00f3 seran preferentment telem\u00e0tiques. ja us informarem mitjan\u00e7ant correu electr\u00f2nic de les dates i us compartirem una carpeta amb els documents corresponents a cada projecte. Tamb\u00e9 podeu trobar algunes de les dates de les trobades de coordinaci\u00f3 d&#8217;alguns projectes al full d\u2019acceptaci\u00f3 de les sortides\u00a0que genera l\u2019aplicaci\u00f3 d\u2019inscripci\u00f3 CAMPS. La direcci\u00f3 del [&hellip;]<\/p>\n","protected":false},"author":1,"featured_media":0,"parent":8272,"menu_order":20,"comment_status":"closed","ping_status":"closed","template":"page-templates\/side-menu.php","meta":{"_bbp_topic_count":0,"_bbp_reply_count":0,"_bbp_total_topic_count":0,"_bbp_total_reply_count":0,"_bbp_voice_count":0,"_bbp_anonymous_reply_count":0,"_bbp_topic_count_hidden":0,"_bbp_reply_count_hidden":0,"_bbp_forum_subforum_count":0,"site-sidebar-layout":"default","site-content-layout":"","ast-site-content-layout":"","site-content-style":"default","site-sidebar-style":"default","ast-global-header-display":"","ast-banner-title-visibility":"","ast-main-header-display":"","ast-hfb-above-header-display":"","ast-hfb-below-header-display":"","ast-hfb-mobile-header-display":"","site-post-title":"","ast-breadcrumbs-content":"","ast-featured-img":"","footer-sml-layout":"","theme-transparent-header-meta":"","adv-header-id-meta":"","stick-header-meta":"","header-above-stick-meta":"","header-main-stick-meta":"","header-below-stick-meta":"","astra-migrate-meta-layouts":"default","ast-page-background-enabled":"default","ast-page-background-meta":{"desktop":{"background-color":"var(--ast-global-color-4)","background-image":"","background-repeat":"repeat","background-position":"center center","background-size":"auto","background-attachment":"scroll","background-type":"","background-media":"","overlay-type":"","overlay-color":"","overlay-opacity":"","overlay-gradient":""},"tablet":{"background-color":"","background-image":"","background-repeat":"repeat","background-position":"center center","background-size":"auto","background-attachment":"scroll","background-type":"","background-media":"","overlay-type":"","overlay-color":"","overlay-opacity":"","overlay-gradient":""},"mobile":{"background-color":"","background-image":"","background-repeat":"repeat","background-position":"center center","background-size":"auto","background-attachment":"scroll","background-type":"","background-media":"","overlay-type":"","overlay-color":"","overlay-opacity":"","overlay-gradient":""}},"ast-content-background-meta":{"desktop":{"background-color":"var(--ast-global-color-5)","background-image":"","background-repeat":"repeat","background-position":"center center","background-size":"auto","background-attachment":"scroll","background-type":"","background-media":"","overlay-type":"","overlay-color":"","overlay-opacity":"","overlay-gradient":""},"tablet":{"background-color":"var(--ast-global-color-5)","background-image":"","background-repeat":"repeat","background-position":"center center","background-size":"auto","background-attachment":"scroll","background-type":"","background-media":"","overlay-type":"","overlay-color":"","overlay-opacity":"","overlay-gradient":""},"mobile":{"background-color":"var(--ast-global-color-5)","background-image":"","background-repeat":"repeat","background-position":"center center","background-size":"auto","background-attachment":"scroll","background-type":"","background-media":"","overlay-type":"","overlay-color":"","overlay-opacity":"","overlay-gradient":""}},"footnotes":""},"class_list":["post-600","page","type-page","status-publish","hentry"],"post_mailing_queue_ids":[],"_links":{"self":[{"href":"https:\/\/serveiseducatius.xtec.cat\/cda-cansantoi\/wp-json\/wp\/v2\/pages\/600","targetHints":{"allow":["GET"]}}],"collection":[{"href":"https:\/\/serveiseducatius.xtec.cat\/cda-cansantoi\/wp-json\/wp\/v2\/pages"}],"about":[{"href":"https:\/\/serveiseducatius.xtec.cat\/cda-cansantoi\/wp-json\/wp\/v2\/types\/page"}],"author":[{"embeddable":true,"href":"https:\/\/serveiseducatius.xtec.cat\/cda-cansantoi\/wp-json\/wp\/v2\/users\/1"}],"replies":[{"embeddable":true,"href":"https:\/\/serveiseducatius.xtec.cat\/cda-cansantoi\/wp-json\/wp\/v2\/comments?post=600"}],"version-history":[{"count":4,"href":"https:\/\/serveiseducatius.xtec.cat\/cda-cansantoi\/wp-json\/wp\/v2\/pages\/600\/revisions"}],"predecessor-version":[{"id":15033,"href":"https:\/\/serveiseducatius.xtec.cat\/cda-cansantoi\/wp-json\/wp\/v2\/pages\/600\/revisions\/15033"}],"up":[{"embeddable":true,"href":"https:\/\/serveiseducatius.xtec.cat\/cda-cansantoi\/wp-json\/wp\/v2\/pages\/8272"}],"wp:attachment":[{"href":"https:\/\/serveiseducatius.xtec.cat\/cda-cansantoi\/wp-json\/wp\/v2\/media?parent=600"}],"curies":[{"name":"wp","href":"https:\/\/api.w.org\/{rel}","templated":true}]}}