{"id":54,"date":"2013-11-14T18:56:33","date_gmt":"2013-11-14T17:56:33","guid":{"rendered":"http:\/\/blocs.xtec.cat\/plantillacda\/?page_id=54"},"modified":"2025-12-11T14:30:00","modified_gmt":"2025-12-11T13:30:00","slug":"presentacio","status":"publish","type":"page","link":"https:\/\/serveiseducatius.xtec.cat\/cda-cansantoi\/el-camp\/presentacio\/","title":{"rendered":"Presentaci\u00f3"},"content":{"rendered":"<p style=\"text-align: justify;\">El Camp d\u2019Aprenentatge (CdA) de Can Santoi \u00e9s un servei educatiu del Departament d&#8217;Educaci\u00f3 de suport curricular que ofereix al professorat i als centres docents la possibilitat de desenvolupar projectes de treball per a l&#8217;estudi i l&#8217;experimentaci\u00f3 en un medi singular de Catalunya com \u00e9s la Serra de Collserola i el patrimoni natural i social del Baix Llobregat.<\/p>\n<p style=\"text-align: justify;\"><iframe loading=\"lazy\" src=\"\/\/www.youtube.com\/embed\/6DHP4mdMjos\" width=\"560\" height=\"314\" allowfullscreen=\"allowfullscreen\"><\/iframe><\/p>\n<p style=\"text-align: justify;\">Forma part de la <a href=\"http:\/\/xtec.gencat.cat\/ca\/serveis\/sesc\/cda\/\" target=\"_blank\" rel=\"noopener noreferrer\">xarxa de Camps d&#8217;Aprenentatge<\/a> de la Generalitat de Catalunya constitu\u00efda actualment per <a href=\"https:\/\/projectes.xtec.cat\/camps\/\" target=\"_blank\" rel=\"noopener\">19 Camps d&#8217;Aprenentatge i 2 Entorns d&#8217;Aprenentatge<\/a> repartits per tot el territori catal\u00e0.<\/p>\n<p style=\"text-align: justify;\"><a style=\"font-size: 16px; font-style: normal; font-weight: 400; transition-property: all; color: #3a3a3a; text-align: justify;\" href=\"http:\/\/serveiseducatius.xtec.cat\/cda-cansantoi\/wp-content\/uploads\/usu1385\/2013\/11\/0_mapa_cda_eda_185x190_2.png\"><img loading=\"lazy\" decoding=\"async\" class=\"wp-image-23834  aligncenter\" src=\"https:\/\/serveiseducatius.xtec.cat\/cda-cansantoi\/wp-content\/uploads\/usu1385\/2025\/09\/Mapa-camps-dAprenentatge-300x300.png\" alt=\"\" width=\"315\" height=\"315\" srcset=\"https:\/\/serveiseducatius.xtec.cat\/cda-cansantoi\/wp-content\/uploads\/usu1385\/2025\/09\/Mapa-camps-dAprenentatge-300x300.png 300w, https:\/\/serveiseducatius.xtec.cat\/cda-cansantoi\/wp-content\/uploads\/usu1385\/2025\/09\/Mapa-camps-dAprenentatge-150x150.png 150w, https:\/\/serveiseducatius.xtec.cat\/cda-cansantoi\/wp-content\/uploads\/usu1385\/2025\/09\/Mapa-camps-dAprenentatge.png 607w\" sizes=\"auto, (max-width: 315px) 100vw, 315px\" \/><\/a><\/p>\n<h3 style=\"text-align: justify;\"><strong>Una mica d&#8217;hist\u00f2ria&#8230;<\/strong><\/h3>\n<p style=\"text-align: justify;\">El Camp d&#8217;Aprenentatge de Can Santoi \u00e9s hereu de l&#8217;antiga Escola de Natura de Can Santoi creada l&#8217;any 1980 per un col\u00b7lectiu de professors de l&#8217;Institut Llu\u00eds de Requesens amb el suport de l&#8217;ICE de la Universitat de Barcelona i de l&#8217;Ajuntament de Molins de Rei. S&#8217;inicien les visites escolars amb el guiatge de monitors i tamb\u00e9 es comencen a impartir cursos de formaci\u00f3 al professorat.<\/p>\n<p style=\"text-align: justify;\">A partir del\u00a0 l&#8217;any 1990 el Departament d&#8217;Ensenyament, amb la intenci\u00f3 de consolidar l&#8217;equipament, incorpora un docent amb dedicaci\u00f3 exclusiva a les tasques de l&#8217;Escola de Natura. L&#8217;any 1992 ja funciona com a Camp d&#8217;Aprenentatge integrat al col\u00b7lectiu de Camps de Catalunya, tot i que no apareix publicada la seva creaci\u00f3\u00a0 al DOGC fins l&#8217;any 1994.<\/p>\n<p><img loading=\"lazy\" decoding=\"async\" class=\"wp-image-23789 aligncenter\" src=\"https:\/\/serveiseducatius.xtec.cat\/cda-cansantoi\/wp-content\/uploads\/usu1385\/2025\/09\/DSCN4013-300x225.jpg\" alt=\"\" width=\"472\" height=\"354\" srcset=\"https:\/\/serveiseducatius.xtec.cat\/cda-cansantoi\/wp-content\/uploads\/usu1385\/2025\/09\/DSCN4013-300x225.jpg 300w, https:\/\/serveiseducatius.xtec.cat\/cda-cansantoi\/wp-content\/uploads\/usu1385\/2025\/09\/DSCN4013-1024x768.jpg 1024w, https:\/\/serveiseducatius.xtec.cat\/cda-cansantoi\/wp-content\/uploads\/usu1385\/2025\/09\/DSCN4013-768x576.jpg 768w, https:\/\/serveiseducatius.xtec.cat\/cda-cansantoi\/wp-content\/uploads\/usu1385\/2025\/09\/DSCN4013-1536x1152.jpg 1536w, https:\/\/serveiseducatius.xtec.cat\/cda-cansantoi\/wp-content\/uploads\/usu1385\/2025\/09\/DSCN4013-2048x1536.jpg 2048w\" sizes=\"auto, (max-width: 472px) 100vw, 472px\" \/><\/p>\n<p style=\"text-align: justify;\">Progressivament es van ampliant les prestacions dels serveis que ofereix el CdA i es van incorporant nous membres a l&#8217;equip fins a un m\u00e0xim de 4 persones. Actualment hi treballem tres professors de secund\u00e0ria del Departament d&#8217;Educaci\u00f3 de la Generalitat: Miquel M\u00e1rquez i Puerta \u00a0(llicenciat en biologia), Pau Castillo i Bosch (llicenciat en biologia) i M. Engr\u00e0cia Miquel i Almirall\u00a0 (mestra, llicenciada en biologia i la directora del CdA).<\/p>\n<h3 style=\"text-align: justify;\">Objectius<\/h3>\n<ul>\n<li>Planificar, conjuntament amb el professorat, activitats educatives que desenvolupin les capacitats d&#8217;observaci\u00f3, de creativitat i sentit cr\u00edtic dels alumnes per tal que es familiaritzin amb la investigaci\u00f3 i amb les t\u00e8cniques de treball de camp.<\/li>\n<li>Oferir materials i recursos did\u00e0ctics relacionats amb els projectes que es desenvolupen al CdA que facilitin la comprensi\u00f3 i interpretaci\u00f3 del medi.<\/li>\n<li>Contribuir a la incorporaci\u00f3 al sistema educatiu d&#8217;objectius de l&#8217;educaci\u00f3 ambiental.<\/li>\n<li>Crear consci\u00e8ncia de la necessitat de preservar un espai natural sotm\u00e8s a una forta pressi\u00f3 humana, com \u00e9s el cas del Parc Natural de Collserola.<\/li>\n<li>Millorar les compet\u00e8ncies b\u00e0siques tecnocient\u00edfiques dels alumnes mitjan\u00e7ant la incorporaci\u00f3 de noves tecnologies en contexts reals.<\/li>\n<li>Oferir als alumnes un marc per establir noves relacions de conviv\u00e8ncia entre ells i amb el professorat.<\/li>\n<li style=\"text-align: justify;\">Participar en la formaci\u00f3 inicial i permanent del professorat.<\/li>\n<\/ul>\n<h3>M\u00e9s informaci\u00f3 sobre els Camps d&#8217;Aprenentatge<\/h3>\n<p><iframe loading=\"lazy\" title=\"YouTube video player\" src=\"https:\/\/www.youtube.com\/embed\/dv4F09yezoM\" width=\"560\" height=\"315\" frameborder=\"0\" allowfullscreen=\"allowfullscreen\"><\/iframe><\/p>\n","protected":false},"excerpt":{"rendered":"<p>El Camp d\u2019Aprenentatge (CdA) de Can Santoi \u00e9s un servei educatiu del Departament d&#8217;Educaci\u00f3 de suport curricular que ofereix al professorat i als centres docents la possibilitat de desenvolupar projectes de treball per a l&#8217;estudi i l&#8217;experimentaci\u00f3 en un medi singular de Catalunya com \u00e9s la Serra de Collserola i el patrimoni natural i social [&hellip;]<\/p>\n","protected":false},"author":1,"featured_media":0,"parent":8225,"menu_order":1,"comment_status":"closed","ping_status":"closed","template":"","meta":{"_bbp_topic_count":0,"_bbp_reply_count":0,"_bbp_total_topic_count":0,"_bbp_total_reply_count":0,"_bbp_voice_count":0,"_bbp_anonymous_reply_count":0,"_bbp_topic_count_hidden":0,"_bbp_reply_count_hidden":0,"_bbp_forum_subforum_count":0,"site-sidebar-layout":"default","site-content-layout":"","ast-site-content-layout":"default","site-content-style":"default","site-sidebar-style":"default","ast-global-header-display":"","ast-banner-title-visibility":"","ast-main-header-display":"","ast-hfb-above-header-display":"","ast-hfb-below-header-display":"","ast-hfb-mobile-header-display":"","site-post-title":"","ast-breadcrumbs-content":"","ast-featured-img":"","footer-sml-layout":"","theme-transparent-header-meta":"default","adv-header-id-meta":"","stick-header-meta":"","header-above-stick-meta":"","header-main-stick-meta":"","header-below-stick-meta":"","astra-migrate-meta-layouts":"set","ast-page-background-enabled":"default","ast-page-background-meta":{"desktop":{"background-color":"var(--ast-global-color-4)","background-image":"","background-repeat":"repeat","background-position":"center center","background-size":"auto","background-attachment":"scroll","background-type":"","background-media":"","overlay-type":"","overlay-color":"","overlay-opacity":"","overlay-gradient":""},"tablet":{"background-color":"","background-image":"","background-repeat":"repeat","background-position":"center center","background-size":"auto","background-attachment":"scroll","background-type":"","background-media":"","overlay-type":"","overlay-color":"","overlay-opacity":"","overlay-gradient":""},"mobile":{"background-color":"","background-image":"","background-repeat":"repeat","background-position":"center center","background-size":"auto","background-attachment":"scroll","background-type":"","background-media":"","overlay-type":"","overlay-color":"","overlay-opacity":"","overlay-gradient":""}},"ast-content-background-meta":{"desktop":{"background-color":"var(--ast-global-color-5)","background-image":"","background-repeat":"repeat","background-position":"center center","background-size":"auto","background-attachment":"scroll","background-type":"","background-media":"","overlay-type":"","overlay-color":"","overlay-opacity":"","overlay-gradient":""},"tablet":{"background-color":"var(--ast-global-color-5)","background-image":"","background-repeat":"repeat","background-position":"center center","background-size":"auto","background-attachment":"scroll","background-type":"","background-media":"","overlay-type":"","overlay-color":"","overlay-opacity":"","overlay-gradient":""},"mobile":{"background-color":"var(--ast-global-color-5)","background-image":"","background-repeat":"repeat","background-position":"center center","background-size":"auto","background-attachment":"scroll","background-type":"","background-media":"","overlay-type":"","overlay-color":"","overlay-opacity":"","overlay-gradient":""}},"footnotes":""},"class_list":["post-54","page","type-page","status-publish","hentry"],"post_mailing_queue_ids":[],"_links":{"self":[{"href":"https:\/\/serveiseducatius.xtec.cat\/cda-cansantoi\/wp-json\/wp\/v2\/pages\/54","targetHints":{"allow":["GET"]}}],"collection":[{"href":"https:\/\/serveiseducatius.xtec.cat\/cda-cansantoi\/wp-json\/wp\/v2\/pages"}],"about":[{"href":"https:\/\/serveiseducatius.xtec.cat\/cda-cansantoi\/wp-json\/wp\/v2\/types\/page"}],"author":[{"embeddable":true,"href":"https:\/\/serveiseducatius.xtec.cat\/cda-cansantoi\/wp-json\/wp\/v2\/users\/1"}],"replies":[{"embeddable":true,"href":"https:\/\/serveiseducatius.xtec.cat\/cda-cansantoi\/wp-json\/wp\/v2\/comments?post=54"}],"version-history":[{"count":6,"href":"https:\/\/serveiseducatius.xtec.cat\/cda-cansantoi\/wp-json\/wp\/v2\/pages\/54\/revisions"}],"predecessor-version":[{"id":24512,"href":"https:\/\/serveiseducatius.xtec.cat\/cda-cansantoi\/wp-json\/wp\/v2\/pages\/54\/revisions\/24512"}],"up":[{"embeddable":true,"href":"https:\/\/serveiseducatius.xtec.cat\/cda-cansantoi\/wp-json\/wp\/v2\/pages\/8225"}],"wp:attachment":[{"href":"https:\/\/serveiseducatius.xtec.cat\/cda-cansantoi\/wp-json\/wp\/v2\/media?parent=54"}],"curies":[{"name":"wp","href":"https:\/\/api.w.org\/{rel}","templated":true}]}}