{"id":443,"date":"2013-11-13T12:53:08","date_gmt":"2013-11-13T11:53:08","guid":{"rendered":"http:\/\/blocs.xtec.cat\/plantillacda\/?page_id=2"},"modified":"2025-04-13T16:25:49","modified_gmt":"2025-04-13T14:25:49","slug":"contacte","status":"publish","type":"page","link":"https:\/\/serveiseducatius.xtec.cat\/cda-cansantoi\/contacte\/","title":{"rendered":"Contacte"},"content":{"rendered":"<p style=\"text-align: justify;\">Si voleu fer una inscripci\u00f3 per fer activitats o estades al nostre camp, heu d&#8217;anar a la secci\u00f3 d&#8217;inscripcions de <a title=\"Inscripci\u00f3 sortides\" href=\"https:\/\/xtec.gencat.cat\/ca\/serveis\/sesc\/cda\/inscripcio\/\">sortides.<\/a><\/p>\n<p style=\"text-align: justify;\">Si voleu fer un altre tipus de petici\u00f3 o consulta, esteu a la secci\u00f3 adequada. Podeu fer-nos arribar les vostres consultes:<\/p>\n<ul>\n<li style=\"text-align: justify;\"><span style=\"line-height: 15px;\">Enviant-nos un correu electr\u00f2nic a <strong>cda-cansantoi@xtec.cat<\/strong><br \/>\n<\/span><\/li>\n<li style=\"text-align: justify;\">Trucant-nos al tel\u00e8fon <strong>936802931 o 634790838<\/strong><\/li>\n<li style=\"text-align: justify;\">Omplint el <span style=\"color: #000000;\">formulari de consulta<\/span><\/li>\n<\/ul>\n<p><iframe loading=\"lazy\" src=\"https:\/\/docs.google.com\/a\/xtec.cat\/forms\/d\/1LMJpsXDFizH5hPNrXzXq8w9rN_uE_gcp5wQTMqaIRng\/viewform?embedded=true\" width=\"560\" height=\"600\" frameborder=\"0\" marginwidth=\"0\" marginheight=\"0\"><\/iframe><\/p>\n","protected":false},"excerpt":{"rendered":"<p>Si voleu fer una inscripci\u00f3 per fer activitats o estades al nostre camp, heu d&#8217;anar a la secci\u00f3 d&#8217;inscripcions de sortides. Si voleu fer un altre tipus de petici\u00f3 o consulta, esteu a la secci\u00f3 adequada. Podeu fer-nos arribar les vostres consultes: Enviant-nos un correu electr\u00f2nic a cda-cansantoi@xtec.cat Trucant-nos al tel\u00e8fon 936802931 o 634790838 Omplint [&hellip;]<\/p>\n","protected":false},"author":1,"featured_media":0,"parent":0,"menu_order":0,"comment_status":"closed","ping_status":"closed","template":"","meta":{"_bbp_topic_count":0,"_bbp_reply_count":0,"_bbp_total_topic_count":0,"_bbp_total_reply_count":0,"_bbp_voice_count":0,"_bbp_anonymous_reply_count":0,"_bbp_topic_count_hidden":0,"_bbp_reply_count_hidden":0,"_bbp_forum_subforum_count":0,"site-sidebar-layout":"default","site-content-layout":"","ast-site-content-layout":"default","site-content-style":"default","site-sidebar-style":"default","ast-global-header-display":"","ast-banner-title-visibility":"","ast-main-header-display":"","ast-hfb-above-header-display":"","ast-hfb-below-header-display":"","ast-hfb-mobile-header-display":"","site-post-title":"","ast-breadcrumbs-content":"","ast-featured-img":"","footer-sml-layout":"","theme-transparent-header-meta":"default","adv-header-id-meta":"","stick-header-meta":"","header-above-stick-meta":"","header-main-stick-meta":"","header-below-stick-meta":"","astra-migrate-meta-layouts":"set","ast-page-background-enabled":"default","ast-page-background-meta":{"desktop":{"background-color":"var(--ast-global-color-4)","background-image":"","background-repeat":"repeat","background-position":"center center","background-size":"auto","background-attachment":"scroll","background-type":"","background-media":"","overlay-type":"","overlay-color":"","overlay-opacity":"","overlay-gradient":""},"tablet":{"background-color":"","background-image":"","background-repeat":"repeat","background-position":"center center","background-size":"auto","background-attachment":"scroll","background-type":"","background-media":"","overlay-type":"","overlay-color":"","overlay-opacity":"","overlay-gradient":""},"mobile":{"background-color":"","background-image":"","background-repeat":"repeat","background-position":"center center","background-size":"auto","background-attachment":"scroll","background-type":"","background-media":"","overlay-type":"","overlay-color":"","overlay-opacity":"","overlay-gradient":""}},"ast-content-background-meta":{"desktop":{"background-color":"var(--ast-global-color-5)","background-image":"","background-repeat":"repeat","background-position":"center center","background-size":"auto","background-attachment":"scroll","background-type":"","background-media":"","overlay-type":"","overlay-color":"","overlay-opacity":"","overlay-gradient":""},"tablet":{"background-color":"var(--ast-global-color-5)","background-image":"","background-repeat":"repeat","background-position":"center center","background-size":"auto","background-attachment":"scroll","background-type":"","background-media":"","overlay-type":"","overlay-color":"","overlay-opacity":"","overlay-gradient":""},"mobile":{"background-color":"var(--ast-global-color-5)","background-image":"","background-repeat":"repeat","background-position":"center center","background-size":"auto","background-attachment":"scroll","background-type":"","background-media":"","overlay-type":"","overlay-color":"","overlay-opacity":"","overlay-gradient":""}},"footnotes":""},"class_list":["post-443","page","type-page","status-publish","hentry"],"post_mailing_queue_ids":[],"_links":{"self":[{"href":"https:\/\/serveiseducatius.xtec.cat\/cda-cansantoi\/wp-json\/wp\/v2\/pages\/443","targetHints":{"allow":["GET"]}}],"collection":[{"href":"https:\/\/serveiseducatius.xtec.cat\/cda-cansantoi\/wp-json\/wp\/v2\/pages"}],"about":[{"href":"https:\/\/serveiseducatius.xtec.cat\/cda-cansantoi\/wp-json\/wp\/v2\/types\/page"}],"author":[{"embeddable":true,"href":"https:\/\/serveiseducatius.xtec.cat\/cda-cansantoi\/wp-json\/wp\/v2\/users\/1"}],"replies":[{"embeddable":true,"href":"https:\/\/serveiseducatius.xtec.cat\/cda-cansantoi\/wp-json\/wp\/v2\/comments?post=443"}],"version-history":[{"count":4,"href":"https:\/\/serveiseducatius.xtec.cat\/cda-cansantoi\/wp-json\/wp\/v2\/pages\/443\/revisions"}],"predecessor-version":[{"id":22936,"href":"https:\/\/serveiseducatius.xtec.cat\/cda-cansantoi\/wp-json\/wp\/v2\/pages\/443\/revisions\/22936"}],"wp:attachment":[{"href":"https:\/\/serveiseducatius.xtec.cat\/cda-cansantoi\/wp-json\/wp\/v2\/media?parent=443"}],"curies":[{"name":"wp","href":"https:\/\/api.w.org\/{rel}","templated":true}]}}