{"id":24531,"date":"2026-01-08T12:12:58","date_gmt":"2026-01-08T11:12:58","guid":{"rendered":"https:\/\/serveiseducatius.xtec.cat\/cda-cansantoi\/?page_id=24531"},"modified":"2026-01-29T10:28:30","modified_gmt":"2026-01-29T09:28:30","slug":"cameres-fototrampeig","status":"publish","type":"page","link":"https:\/\/serveiseducatius.xtec.cat\/cda-cansantoi\/recursos\/cameres-fototrampeig\/","title":{"rendered":"Quins animals viuen a Collserola?"},"content":{"rendered":"<p>Moltes de les <a href=\"https:\/\/serveiseducatius.xtec.cat\/cda-cansantoi\/ambits\/totes-les-activitats\/\">activitats<\/a> del Camp d&#8217;Aprenentatge Can Santoi es basen en l&#8217;estudi i l&#8217;experimentaci\u00f3 de l&#8217;espai singular de la Serra de Collserola. Des del curs 2025-26 anem un pas m\u00e9s enll\u00e0 en la descoberta d&#8217;aquest entorn i investiguem la fauna que s&#8217;amaga al bosc proper al CdA amb les nostres c\u00e0meres de foto-trampeig. Voleu descobrir els mam\u00edfers que habiten a la Serra? <a href=\"https:\/\/drive.google.com\/drive\/folders\/1NXAtusLoA9oioKuxCk8wNnWIwccVQTz3?usp=sharing\" target=\"_blank\" rel=\"noopener\">Aqu\u00ed en teniu alguns<\/a>! Gaudiu-los!<\/p>\n<p style=\"text-align: center;\"><a href=\"https:\/\/drive.google.com\/drive\/folders\/1NXAtusLoA9oioKuxCk8wNnWIwccVQTz3?usp=sharing\"><img loading=\"lazy\" decoding=\"async\" class=\"alignleft wp-image-24534 size-medium\" src=\"https:\/\/serveiseducatius.xtec.cat\/cda-cansantoi\/wp-content\/uploads\/usu1385\/2026\/01\/IMG_7863-rotated-e1769678760201-286x300.jpg\" alt=\"C\u00e0mera fototrampeig\" width=\"286\" height=\"300\" srcset=\"https:\/\/serveiseducatius.xtec.cat\/cda-cansantoi\/wp-content\/uploads\/usu1385\/2026\/01\/IMG_7863-rotated-e1769678760201-286x300.jpg 286w, https:\/\/serveiseducatius.xtec.cat\/cda-cansantoi\/wp-content\/uploads\/usu1385\/2026\/01\/IMG_7863-rotated-e1769678760201.jpg 480w\" sizes=\"auto, (max-width: 286px) 100vw, 286px\" \/><\/a><\/p>\n<figure id=\"attachment_24757\" aria-describedby=\"caption-attachment-24757\" style=\"width: 460px\" class=\"wp-caption alignright\"><a href=\"https:\/\/drive.google.com\/drive\/folders\/1NXAtusLoA9oioKuxCk8wNnWIwccVQTz3?usp=sharing\"><img loading=\"lazy\" decoding=\"async\" class=\"wp-image-24757\" src=\"https:\/\/serveiseducatius.xtec.cat\/cda-cansantoi\/wp-content\/uploads\/usu1385\/2026\/01\/Geneta_0374-1-1-300x169.jpg\" alt=\"\" width=\"460\" height=\"259\" srcset=\"https:\/\/serveiseducatius.xtec.cat\/cda-cansantoi\/wp-content\/uploads\/usu1385\/2026\/01\/Geneta_0374-1-1-300x169.jpg 300w, https:\/\/serveiseducatius.xtec.cat\/cda-cansantoi\/wp-content\/uploads\/usu1385\/2026\/01\/Geneta_0374-1-1-1024x576.jpg 1024w, https:\/\/serveiseducatius.xtec.cat\/cda-cansantoi\/wp-content\/uploads\/usu1385\/2026\/01\/Geneta_0374-1-1-768x432.jpg 768w, https:\/\/serveiseducatius.xtec.cat\/cda-cansantoi\/wp-content\/uploads\/usu1385\/2026\/01\/Geneta_0374-1-1-1536x864.jpg 1536w, https:\/\/serveiseducatius.xtec.cat\/cda-cansantoi\/wp-content\/uploads\/usu1385\/2026\/01\/Geneta_0374-1-1.jpg 1920w\" sizes=\"auto, (max-width: 460px) 100vw, 460px\" \/><\/a><figcaption id=\"caption-attachment-24757\" class=\"wp-caption-text\"><span style=\"font-size: 10pt;\"><strong>Gat mesquer \/ Geneta<\/strong><\/span><\/figcaption><\/figure>\n<p>&nbsp;<\/p>\n<p>&nbsp;<\/p>\n<p>&nbsp;<\/p>\n<p>&nbsp;<\/p>\n<p>&nbsp;<\/p>\n<p>&nbsp;<\/p>\n<p><span style=\"font-size: 10pt;\"><strong>C\u00e0mera fototrampeig CdA Can Santoi<\/strong><\/span><\/p>\n","protected":false},"excerpt":{"rendered":"<p>Moltes de les activitats del Camp d&#8217;Aprenentatge Can Santoi es basen en l&#8217;estudi i l&#8217;experimentaci\u00f3 de l&#8217;espai singular de la Serra de Collserola. Des del curs 2025-26 anem un pas m\u00e9s enll\u00e0 en la descoberta d&#8217;aquest entorn i investiguem la fauna que s&#8217;amaga al bosc proper al CdA amb les nostres c\u00e0meres de foto-trampeig. Voleu [&hellip;]<\/p>\n","protected":false},"author":3,"featured_media":0,"parent":1404,"menu_order":0,"comment_status":"closed","ping_status":"closed","template":"","meta":{"_bbp_topic_count":0,"_bbp_reply_count":0,"_bbp_total_topic_count":0,"_bbp_total_reply_count":0,"_bbp_voice_count":0,"_bbp_anonymous_reply_count":0,"_bbp_topic_count_hidden":0,"_bbp_reply_count_hidden":0,"_bbp_forum_subforum_count":0,"site-sidebar-layout":"default","site-content-layout":"","ast-site-content-layout":"default","site-content-style":"default","site-sidebar-style":"default","ast-global-header-display":"","ast-banner-title-visibility":"","ast-main-header-display":"","ast-hfb-above-header-display":"","ast-hfb-below-header-display":"","ast-hfb-mobile-header-display":"","site-post-title":"","ast-breadcrumbs-content":"","ast-featured-img":"","footer-sml-layout":"","theme-transparent-header-meta":"default","adv-header-id-meta":"","stick-header-meta":"","header-above-stick-meta":"","header-main-stick-meta":"","header-below-stick-meta":"","astra-migrate-meta-layouts":"set","ast-page-background-enabled":"default","ast-page-background-meta":{"desktop":{"background-color":"var(--ast-global-color-4)","background-image":"","background-repeat":"repeat","background-position":"center center","background-size":"auto","background-attachment":"scroll","background-type":"","background-media":"","overlay-type":"","overlay-color":"","overlay-opacity":"","overlay-gradient":""},"tablet":{"background-color":"","background-image":"","background-repeat":"repeat","background-position":"center center","background-size":"auto","background-attachment":"scroll","background-type":"","background-media":"","overlay-type":"","overlay-color":"","overlay-opacity":"","overlay-gradient":""},"mobile":{"background-color":"","background-image":"","background-repeat":"repeat","background-position":"center center","background-size":"auto","background-attachment":"scroll","background-type":"","background-media":"","overlay-type":"","overlay-color":"","overlay-opacity":"","overlay-gradient":""}},"ast-content-background-meta":{"desktop":{"background-color":"var(--ast-global-color-5)","background-image":"","background-repeat":"repeat","background-position":"center center","background-size":"auto","background-attachment":"scroll","background-type":"","background-media":"","overlay-type":"","overlay-color":"","overlay-opacity":"","overlay-gradient":""},"tablet":{"background-color":"var(--ast-global-color-5)","background-image":"","background-repeat":"repeat","background-position":"center center","background-size":"auto","background-attachment":"scroll","background-type":"","background-media":"","overlay-type":"","overlay-color":"","overlay-opacity":"","overlay-gradient":""},"mobile":{"background-color":"var(--ast-global-color-5)","background-image":"","background-repeat":"repeat","background-position":"center center","background-size":"auto","background-attachment":"scroll","background-type":"","background-media":"","overlay-type":"","overlay-color":"","overlay-opacity":"","overlay-gradient":""}},"footnotes":""},"class_list":["post-24531","page","type-page","status-publish","hentry"],"post_mailing_queue_ids":[],"_links":{"self":[{"href":"https:\/\/serveiseducatius.xtec.cat\/cda-cansantoi\/wp-json\/wp\/v2\/pages\/24531","targetHints":{"allow":["GET"]}}],"collection":[{"href":"https:\/\/serveiseducatius.xtec.cat\/cda-cansantoi\/wp-json\/wp\/v2\/pages"}],"about":[{"href":"https:\/\/serveiseducatius.xtec.cat\/cda-cansantoi\/wp-json\/wp\/v2\/types\/page"}],"author":[{"embeddable":true,"href":"https:\/\/serveiseducatius.xtec.cat\/cda-cansantoi\/wp-json\/wp\/v2\/users\/3"}],"replies":[{"embeddable":true,"href":"https:\/\/serveiseducatius.xtec.cat\/cda-cansantoi\/wp-json\/wp\/v2\/comments?post=24531"}],"version-history":[{"count":6,"href":"https:\/\/serveiseducatius.xtec.cat\/cda-cansantoi\/wp-json\/wp\/v2\/pages\/24531\/revisions"}],"predecessor-version":[{"id":24759,"href":"https:\/\/serveiseducatius.xtec.cat\/cda-cansantoi\/wp-json\/wp\/v2\/pages\/24531\/revisions\/24759"}],"up":[{"embeddable":true,"href":"https:\/\/serveiseducatius.xtec.cat\/cda-cansantoi\/wp-json\/wp\/v2\/pages\/1404"}],"wp:attachment":[{"href":"https:\/\/serveiseducatius.xtec.cat\/cda-cansantoi\/wp-json\/wp\/v2\/media?parent=24531"}],"curies":[{"name":"wp","href":"https:\/\/api.w.org\/{rel}","templated":true}]}}