{"id":1756,"date":"2014-05-26T08:42:56","date_gmt":"2014-05-26T08:42:56","guid":{"rendered":"http:\/\/blocs.xtec.cat\/cdacansantoi\/?page_id=1756"},"modified":"2025-12-11T14:01:58","modified_gmt":"2025-12-11T13:01:58","slug":"programes-de-suport","status":"publish","type":"page","link":"https:\/\/serveiseducatius.xtec.cat\/cda-cansantoi\/recursos\/programes-de-suport\/","title":{"rendered":"Programes de suport"},"content":{"rendered":"<p style=\"text-align: justify;\">Els programes que apareixen en aquesta p\u00e0gina s\u00f3n aplicacions inform\u00e0tiques senzilles, creades i pensades per tal de facilitar la tasca docent del professorat, tant si el seu grup d&#8217;alumnes fa estada al Camp d&#8217;Aprenentatge com si s&#8217;apliquen al propi centre educatiu, com a treball previ o posterior a les activitats desenvolupades al Camp, o b\u00e9 de forma aut\u00f2noma.<\/p>\n<p>Per fer funcionar el programa flash, us recomanem que us descarregueu l&#8217;extensi\u00f3 <a href=\"https:\/\/ruffle.rs\/\">ruffle<\/a> al vostre navegador habitual.<\/p>\n<p style=\"text-align: justify;\"><span style=\"background-color: #ffffff;\">L&#8217;\u00fas d&#8217;aquests programes \u00e9s lliure, sempre i quan sigui amb finalitats educatives. Us agrairem que ens feu arribar els vostres comentaris sobre les aplicacions, si en feu \u00fas especialment amb els vostres alumnes, aix\u00ed com les propostes de millora i defectes observats.<\/span><\/p>\n<hr \/>\n<p style=\"text-align: justify;\"><span style=\"color: #800000;\"><strong><a href=\"http:\/\/serveiseducatius.xtec.cat\/cda-cansantoi\/wp-content\/uploads\/usu1385\/2014\/05\/logo_flash.jpg\"><img loading=\"lazy\" decoding=\"async\" class=\"alignleft\" style=\"margin: 0px 5px;\" src=\"http:\/\/serveiseducatius.xtec.cat\/cda-cansantoi\/wp-content\/uploads\/usu1385\/2014\/05\/logo_flash.jpg\" alt=\"logo_flash\" width=\"20\" height=\"20\" \/><\/a>Perfil de vegetaci\u00f3<a href=\"http:\/\/www.xtec.cat\/cda-cansantoi\/documents\/programes\/perfilcv.swf\" target=\"_blank\" rel=\"noopener noreferrer\"><img loading=\"lazy\" decoding=\"async\" class=\"alignright wp-image-3238 \" src=\"http:\/\/serveiseducatius.xtec.cat\/cda-cansantoi\/wp-content\/uploads\/usu1385\/2014\/05\/imatge-perfilvegetacio-300x179.jpg\" alt=\"\" width=\"295\" height=\"181\" \/><\/a><\/strong><\/span><\/p>\n<p style=\"text-align: justify;\"><span style=\"font-size: small;\"><strong>Descripci\u00f3<\/strong>: Aplicaci\u00f3 flash (en fase de proves) que permet construir perfils de vegetaci\u00f3 en diferents escenaris de relleu (vall, cim, plana&#8230;) mitjan\u00e7ant s\u00edmbols de tipus de plantes: arbres, arbusts, lianes, herbes.. Aquesta aplicaci\u00f3 est\u00e0 pensada com a complement a un treball de camp d&#8217;estudi de vegetaci\u00f3 que contempli, no nom\u00e9s la identificaci\u00f3 de les principals plantes de la comunitat vegetal, sin\u00f3 tamb\u00e9 la seva abund\u00e0ncia relativa.<br \/>\nSi es vol conservar la imatge del perfil es pot generar un arxiu amb la tecla &#8220;imprimir la pantalla&#8221;(ImprPant) i desar-lo amb algun programa d&#8217;edici\u00f3 de dibuix.<\/span><\/p>\n<p style=\"text-align: justify;\"><strong>Destinataris<\/strong>: <span style=\"font-size: small;\">Adequat per a l&#8217;alumnat de cicle superior de prim\u00e0ria i de l&#8217;ESO.<\/span><\/p>\n<p><span style=\"font-size: small;\"><strong>Activitats relacionades del Camp d&#8217;Aprenentatge:<\/strong><br \/>\n\u00b7 <a href=\"http:\/\/blocs.xtec.cat\/cdacansantoi\/les-comunitats-vegetals\/\" target=\"_blank\" rel=\"noopener noreferrer\">Investiguem les comunitats vegetals csp<\/a><br \/>\n\u00b7 <a href=\"http:\/\/blocs.xtec.cat\/cdacansantoi\/les-comunitats-vegetals-eso\/\" target=\"_blank\" rel=\"noopener noreferrer\">Investiguem les comunitats vegetals eso<\/a><br \/>\n<\/span><\/p>\n<hr \/>\n<p style=\"text-align: justify;\"><strong><strong><a href=\"http:\/\/serveiseducatius.xtec.cat\/cda-cansantoi\/wp-content\/uploads\/usu1385\/2014\/05\/Excel.gif\"><img loading=\"lazy\" decoding=\"async\" src=\"http:\/\/serveiseducatius.xtec.cat\/cda-cansantoi\/wp-content\/uploads\/usu1385\/2014\/05\/Excel.gif\" alt=\"Excel\" width=\"14\" height=\"14\" \/><\/a><\/strong> <span style=\"color: #800000;\">\u00cdndex bmwpc<\/span><a href=\"http:\/\/www.xtec.cat\/cda-cansantoi\/index_bmwpc.xls\" target=\"_blank\" rel=\"noopener noreferrer\"><img loading=\"lazy\" decoding=\"async\" class=\"wp-image-1843 alignright\" style=\"margin-top: 0px; margin-bottom: 0px;\" title=\"Baixeu programa index bmwpc\" src=\"http:\/\/serveiseducatius.xtec.cat\/cda-cansantoi\/wp-content\/uploads\/usu1385\/2014\/05\/imatge-indexbwmpc.jpg\" alt=\"\" width=\"265\" height=\"157\" srcset=\"https:\/\/serveiseducatius.xtec.cat\/cda-cansantoi\/wp-content\/uploads\/usu1385\/2014\/05\/imatge-indexbwmpc.jpg 400w, https:\/\/serveiseducatius.xtec.cat\/cda-cansantoi\/wp-content\/uploads\/usu1385\/2014\/05\/imatge-indexbwmpc-300x178.jpg 300w\" sizes=\"auto, (max-width: 265px) 100vw, 265px\" \/><\/a><br \/>\n<\/strong><\/p>\n<p style=\"text-align: justify;\"><span style=\"font-size: small;\"><strong>Descripci\u00f3<\/strong>: Aplicaci\u00f3 excel que permet calcular la qualitat ecol\u00f2gica de les aig\u00fces dels rius de Catalunya mitjan\u00e7ant els \u00edndexs biol\u00f2gics bmwpc i ibmwp. Aquests \u00edndexs es basen en la pres\u00e8ncia de determinats macroinvertebrats bioindicadors a l&#8217;aigua. El programa segueix els criteris que utilitza l&#8217;Ag\u00e8ncia Catalana de l&#8217;Aigua (ACA). Abans d&#8217;introduir les dades cal:<\/span><\/p>\n<ol>\n<li><span style=\"font-size: small;\"> Fer un mostreig acurat dels diferents h\u00e0bitats del riu per tal d&#8217;obtenir una mostra representativa dels macroinvertebrats que hi viuen<\/span><\/li>\n<li><span style=\"font-size: small;\">Identificar correctament els organismes fins a nivell de fam\u00edlia.<\/span><\/li>\n<li><span style=\"font-size: small;\">Determinar la tipologia de riu.<\/span><\/li>\n<\/ol>\n<p><strong>D<\/strong><strong>estinataris<\/strong>: Adequat per a l&#8217;alumnat i professorat de batxillerat.<\/p>\n<p><strong>Activitats relacionades del Camp d&#8217;Aprenentatge:<\/strong><br \/>\n<a title=\"Introducci\u00f3 a la limnologia dels cursos fluvials\" href=\"http:\/\/blocs.xtec.cat\/cdacansantoi\/introduccio-a-la-limnologia-cursos-fluvials\/\">\u00b7 Introducci\u00f3 a la limnologia dels cursos fluvials (batx)<\/a><\/p>\n<hr \/>\n<p style=\"text-align: justify;\"><strong><a href=\"http:\/\/serveiseducatius.xtec.cat\/cda-cansantoi\/wp-content\/uploads\/usu1385\/2014\/05\/logo_flash.jpg\"><img loading=\"lazy\" decoding=\"async\" class=\"alignleft\" style=\"margin: 0px 5px;\" src=\"http:\/\/serveiseducatius.xtec.cat\/cda-cansantoi\/wp-content\/uploads\/usu1385\/2014\/05\/logo_flash.jpg\" alt=\"logo_flash\" width=\"20\" height=\"20\" \/><\/a><\/strong> <span style=\"color: #800000;\"><strong>On viuen els animals de la riera?<a href=\"http:\/\/www.xtec.cat\/cda-cansantoi\/onviuenelsanimals.swf\" target=\"_blank\" rel=\"noopener noreferrer\"><img loading=\"lazy\" decoding=\"async\" class=\"wp-image-1838 alignright\" src=\"http:\/\/serveiseducatius.xtec.cat\/cda-cansantoi\/wp-content\/uploads\/usu1385\/2014\/05\/imatge-onviuen.jpg\" alt=\"\" width=\"261\" height=\"168\" srcset=\"https:\/\/serveiseducatius.xtec.cat\/cda-cansantoi\/wp-content\/uploads\/usu1385\/2014\/05\/imatge-onviuen.jpg 400w, https:\/\/serveiseducatius.xtec.cat\/cda-cansantoi\/wp-content\/uploads\/usu1385\/2014\/05\/imatge-onviuen-300x193.jpg 300w\" sizes=\"auto, (max-width: 261px) 100vw, 261px\" \/><\/a><\/strong><\/span><\/p>\n<p style=\"text-align: justify;\"><span style=\"font-size: small;\"><strong>Descripci\u00f3<\/strong>: Aplicaci\u00f3 flash (en fase de proves) en la qual cal ubicar els animals que trobem amb m\u00e9s freq\u00fc\u00e8ncia a la riera de Vallvidrera al seu h\u00e0bitat concret. Una petita ajuda visual ens permet explorar les diferents zones de la riera. Si es vol conservar la imatge generada es pot imprimir la pantalla i desar-la amb algun programa d&#8217;edici\u00f3 de dibuix.<\/span><\/p>\n<p style=\"text-align: justify;\"><strong>Destinataris<\/strong>: <span style=\"font-size: small;\">Adequat per a l&#8217;alumnat de cicle mitj\u00e0 i superior de prim\u00e0ria i de l&#8217;ESO.<\/span><\/p>\n<p><span style=\"font-size: small;\"><strong>Activitats relacionades del Camp d&#8217;Aprenentatge:<\/strong><br \/>\n\u00b7 <a title=\"Descobrim la riera\" href=\"http:\/\/blocs.xtec.cat\/cdacansantoi\/descobrim-la-riera\/\">Descobrim la riera (cmp)<\/a><\/span><br \/>\n<span style=\"font-size: small;\"> \u00b7 <a title=\"La riera\" href=\"http:\/\/blocs.xtec.cat\/cdacansantoi\/la-riera\/\">La riera (csp)<\/a><\/span><br \/>\n<span style=\"font-size: small;\"> \u00b7 <a title=\"Estudi ecol\u00f2gic de la riera de Vallvidrera\" href=\"http:\/\/blocs.xtec.cat\/cdacansantoi\/estudi-ecologic-de-la-riera-de-vallvidrera\/\">Estudi ecol\u00f2gic de la riera de Vallvidrera (eso<\/a>)<\/span><\/p>\n<hr \/>\n<p style=\"text-align: justify;\"><a href=\"http:\/\/www.xtec.cat\/cda-cansantoi\/previsio_temps.swf\"><img loading=\"lazy\" decoding=\"async\" class=\"alignright size-full wp-image-1766\" title=\"Meteo-maps\" src=\"http:\/\/serveiseducatius.xtec.cat\/cda-cansantoi\/wp-content\/uploads\/usu1385\/2014\/05\/imatge_meteo_maps.jpg\" alt=\"Baixeu meteo-maps\" width=\"262\" height=\"160\" \/><\/a><\/p>\n<p><span style=\"color: #800000;\"><strong>\u00a0<a href=\"http:\/\/serveiseducatius.xtec.cat\/cda-cansantoi\/wp-content\/uploads\/usu1385\/2014\/05\/logo_flash.jpg\"><img loading=\"lazy\" decoding=\"async\" class=\"alignleft size-full wp-image-1785\" style=\"margin: 0px 5px;\" src=\"http:\/\/serveiseducatius.xtec.cat\/cda-cansantoi\/wp-content\/uploads\/usu1385\/2014\/05\/logo_flash.jpg\" alt=\"logo_flash\" width=\"20\" height=\"20\" \/><\/a>Meteo-maps:\u00a0<\/strong><\/span><\/p>\n<p style=\"text-align: justify;\"><span style=\"font-size: small;\"><strong>Descripci\u00f3<\/strong>: Aplicaci\u00f3 flash que permet construir mapes de s\u00edmbols per a prediccions meteorol\u00f2giques en l&#8217;\u00e0mbit del principat de Catalunya. Cont\u00e9 14 s\u00edmbols del temps diferents agrupats en 3 categories: estat del cel, temperatures i vent. Tamb\u00e9 aporta diferents ajudes visuals per a determinar zones de Catalunya. Pot ser una una bona eina per a potenciar l&#8217;expressi\u00f3 oral de l&#8217;alumnat aix\u00ed com els coneixements de geografia i de ci\u00e8ncies de l&#8217;atmosfera.<\/span><\/p>\n<p style=\"text-align: justify;\"><span style=\"font-size: small;\"><strong>Destinataris<\/strong>: Adequat per a l&#8217;alumnat de cicle mitj\u00e0 i superior de prim\u00e0ria i de l&#8217;ESO.<\/span><\/p>\n<p style=\"text-align: justify;\"><span style=\"font-size: small;\"><strong>Activitats relacionades del Camp d&#8217;Aprenentatge: <\/strong><\/span><br \/>\n<a title=\"Quin temps fa? (CMP)\" href=\"http:\/\/blocs.xtec.cat\/cdacansantoi\/quin-temps-fa\/\">Quin temps fa? <\/a><span style=\"font-size: small;\">(CMP)<\/span><br \/>\n<span style=\"font-size: small;\">Observaci\u00f3 i mesura del temps atmosf\u00e8ric<a title=\"Observaci\u00f3 i mesura del temps atmosf\u00e8ric (CSP)\" href=\"http:\/\/blocs.xtec.cat\/cdacansantoi\/observacio-i-mesura-temps-atmosferic-csp\/\">\u00a0(CSP)<\/a> i <a title=\"Observaci\u00f3 i mesura del temps atmosf\u00e8ric. ESO\" href=\"http:\/\/blocs.xtec.cat\/cdacansantoi\/observacio-i-mesura-del-temps-atmosferic-eso\/\">(ESO)<\/a><\/span><\/p>\n<hr \/>\n<p><span style=\"color: #800000;\"><strong><a href=\"http:\/\/serveiseducatius.xtec.cat\/cda-cansantoi\/wp-content\/uploads\/usu1385\/2014\/05\/Excel.gif\"><img loading=\"lazy\" decoding=\"async\" class=\"alignleft size-full wp-image-1786\" style=\"margin: 0px 5px;\" src=\"http:\/\/serveiseducatius.xtec.cat\/cda-cansantoi\/wp-content\/uploads\/usu1385\/2014\/05\/Excel.gif\" alt=\"Excel\" width=\"14\" height=\"14\" \/><\/a>Inveam<a href=\"http:\/\/www.xtec.cat\/cda-cansantoi\/Inveam.xls\"><img loading=\"lazy\" decoding=\"async\" class=\"alignright size-full wp-image-1781\" title=\"Inveam. Baixeu el programa\" src=\"http:\/\/serveiseducatius.xtec.cat\/cda-cansantoi\/wp-content\/uploads\/usu1385\/2014\/05\/alzinar.jpg\" alt=\"alzinar\" width=\"262\" height=\"196\" srcset=\"https:\/\/serveiseducatius.xtec.cat\/cda-cansantoi\/wp-content\/uploads\/usu1385\/2014\/05\/alzinar.jpg 262w, https:\/\/serveiseducatius.xtec.cat\/cda-cansantoi\/wp-content\/uploads\/usu1385\/2014\/05\/alzinar-200x150.jpg 200w\" sizes=\"auto, (max-width: 262px) 100vw, 262px\" \/><\/a><\/strong><\/span><\/p>\n<p style=\"text-align: justify;\"><span style=\"font-size: small;\"><strong>Descripci\u00f3<\/strong>:\u00a0<\/span><span style=\"font-size: small;\">Aplicaci\u00f3 excel que permet introduir llistats de plantes observades a l&#8217;entorn natural (de fins a tres comunitats vegetals diferents) per tal de calcular, mostrar i comparar gr\u00e0ficament la freq\u00fc\u00e8ncia en qu\u00e8 es presenten certs tipus d&#8217;adaptaci\u00f3 al medi; tamb\u00e9 ens informa del tipus d&#8217;estructura que presenten les comunitats.<\/span><span style=\"font-size: small;\">Els par\u00e0metres que es comparen s\u00f3n:<\/span><span style=\"font-size: small;\">Respecte a les plantes en conjunt: forma vital; pres\u00e8ncia de subst\u00e0ncies arom\u00e0tiques; pres\u00e8ncia de punxes.<\/span><span style=\"font-size: small;\">Respecte a les fulles: persist\u00e8ncia; reducci\u00f3; lluentor; pres\u00e8ncia de p\u00e8ls; color verd fosc; consist\u00e8ncia.<\/span><span style=\"font-size: small;\">Si s&#8217;introdueix el nombre d&#8217;exemplars trobats de cada esp\u00e8cie vegetal (en una parcel\u00b7la d&#8217;entre 100 a 150 m2), el programa proposa un nombre de s\u00edmbols (m\u00e9s reduit) per a poder-ho representar gr\u00e0ficament.<\/span><\/p>\n<p style=\"text-align: justify;\"><span style=\"font-size: small;\"><strong>Destinataris<\/strong>: alumnat i professorat de secund\u00e0ria.<\/span><\/p>\n<p style=\"text-align: justify;\"><span style=\"font-size: small;\"><strong>Activitats relacionades del Camp d&#8217;Aprenentatge<\/strong>:<\/span><br \/>\n<a title=\"Les comunitats vegetals. ESO\" href=\"http:\/\/blocs.xtec.cat\/cdacansantoi\/les-comunitats-vegetals-eso\/\"><span style=\"font-size: small;\">\u00b7 Les comunitats vegetals (eso)<\/span><\/a><\/p>\n<hr \/>\n<p style=\"text-align: justify;\"><strong><span style=\"color: #800000;\"><strong><a href=\"http:\/\/serveiseducatius.xtec.cat\/cda-cansantoi\/wp-content\/uploads\/usu1385\/2014\/05\/Excel.gif\"><img loading=\"lazy\" decoding=\"async\" src=\"http:\/\/serveiseducatius.xtec.cat\/cda-cansantoi\/wp-content\/uploads\/usu1385\/2014\/05\/Excel.gif\" alt=\"Excel\" width=\"14\" height=\"14\" \/><\/a>\u00a0<\/strong>Contingut d&#8217;aigua a les fulles<\/span><\/strong>.<a href=\"http:\/\/www.xtec.cat\/cda-cansantoi\/Contingut_aigua_fulles.xls\"><img loading=\"lazy\" decoding=\"async\" class=\"alignright size-full wp-image-1782\" title=\"Baixar programa\" src=\"http:\/\/serveiseducatius.xtec.cat\/cda-cansantoi\/wp-content\/uploads\/usu1385\/2014\/05\/contingut_aigua_web.gif\" alt=\"contingut_aigua_web\" width=\"262\" height=\"150\" \/><\/a><\/p>\n<p style=\"text-align: justify;\"><span style=\"font-size: small;\"><strong>Descripci\u00f3<\/strong>: Aplicaci\u00f3 que permet calcular el percentatge d&#8217;aigua que contenen les fulles.<\/span><br \/>\n<span style=\"font-size: small;\">Partim de fulles fresques (recollides directament de la planta), les pesem, les dessequem en un forn durant una hora a 110\u00baC i les tornem a pesar. La p\u00e8rdua de pes correspon a l&#8217;aigua continguda. El programa calcula autom\u00e0ticament els percentatges d&#8217;aigua i mostra gr\u00e0fics comparatius.<\/span><br \/>\n<span style=\"font-size: small;\">Permet introduir fins a 12 dades diferents, corresponents a 12 plantes (o comunitats vegetals) diferents o b\u00e9 a diferents mostres de la mateixa planta (o comunitat vegetal), que, en aquest cas, en calcula els valors mitjans.<\/span><\/p>\n<p style=\"text-align: justify;\"><span style=\"font-size: small;\"><strong>Destinataris<\/strong>: alumnat i professorat de secund\u00e0ria.<\/span><\/p>\n<p style=\"text-align: justify;\"><span style=\"font-size: small;\"><strong>Activitats relacionades del Camp d&#8217;Aprenentatge<\/strong>:<\/span><br \/>\n<span style=\"font-size: small;\">\u00b7 <a title=\"Les comunitats vegetals. ESO\" href=\"http:\/\/blocs.xtec.cat\/cdacansantoi\/les-comunitats-vegetals-eso\/\">Les comunitats vegetals (eso)<\/a><\/span><\/p>\n<hr \/>\n<p style=\"text-align: justify;\">\u00a0<strong><a href=\"http:\/\/serveiseducatius.xtec.cat\/cda-cansantoi\/wp-content\/uploads\/usu1385\/2014\/05\/Excel.gif\"><img loading=\"lazy\" decoding=\"async\" style=\"margin-top: 0px; margin-bottom: 0px;\" src=\"http:\/\/serveiseducatius.xtec.cat\/cda-cansantoi\/wp-content\/uploads\/usu1385\/2014\/05\/Excel.gif\" alt=\"Excel\" width=\"14\" height=\"14\" \/><\/a><\/strong> <span style=\"font-size: small;\"><span style=\"color: #800000;\"><strong>Cabalsec<\/strong><\/span>. <\/span><span style=\"font-size: small;\"><a title=\"Baixeu el programa cabalsec\" href=\"http:\/\/www.xtec.cat\/cda-cansantoi\/Cabalsec2.xls\" target=\"_blank\" rel=\"noopener noreferrer\"><img loading=\"lazy\" decoding=\"async\" class=\"wp-image-9550 size-full alignright\" src=\"http:\/\/serveiseducatius.xtec.cat\/cda-cansantoi\/wp-content\/uploads\/usu1385\/2014\/05\/cabalsecimatge1.jpg\" alt=\"\" width=\"300\" height=\"180\" \/><\/a><\/span><\/p>\n<p><span style=\"font-size: small;\"><strong>Descripci\u00f3<\/strong>: Aplicaci\u00f3 excel que permet calcular de forma <\/span><span style=\"font-size: small;\">pr\u00e0ctica el cabal d&#8217;un curs natural d&#8217;aigua (un riu, una riera..) a partir de la velocitat mitjana de l&#8217;aigua i de l&#8217;\u00e0rea de la secci\u00f3 transversal en un mateix punt. La informaci\u00f3 de camp que cal obtenir \u00e9s: les dades de temps i d&#8217;espai per al c\u00e0lcul de la velocitat de l&#8217;aigua i les dades de fond\u00e0ries consecutives d&#8217;una secci\u00f3 transversal. Al programa trobareu tota la informaci\u00f3 te\u00f2rica i pr\u00e0ctica tant per f<\/span><span style=\"font-size: small;\">er les mesures de camp com per els c\u00e0lculs a l&#8217;ordinador.<\/span><\/p>\n<p style=\"text-align: justify;\"><span style=\"font-size: small;\"><strong>Destinataris<\/strong>: alumnat i professorat de secund\u00e0ria.<\/span><\/p>\n<p><span style=\"font-size: small;\"><strong>Activitats relacionades del Camp d&#8217;Aprenentatge<\/strong>:<\/span><br \/>\n<span style=\"font-size: small;\">\u00b7 <a title=\"Introducci\u00f3 a la limnologia dels cursos fluvials\" href=\"http:\/\/blocs.xtec.cat\/cdacansantoi\/introduccio-a-la-limnologia-cursos-fluvials\/\">Introducci\u00f3 a la limnologia dels cursos fluvials (bat)<\/a><\/span><br \/>\n<span style=\"font-size: small;\">\u00b7 <a title=\"Estudi ecol\u00f2gic de la riera de Vallvidrera\" href=\"http:\/\/blocs.xtec.cat\/cdacansantoi\/estudi-ecologic-de-la-riera-de-vallvidrera\/\">Estudi ecol\u00f2gic de la riera de Vallvidrera (eso<\/a>)<\/span><\/p>\n<p>&nbsp;<\/p>\n<hr \/>\n<p>&nbsp;<\/p>\n<p><span style=\"color: #ff0000;\">\u00a0<\/span><\/p>\n<p>&nbsp;<\/p>\n","protected":false},"excerpt":{"rendered":"<p>Els programes que apareixen en aquesta p\u00e0gina s\u00f3n aplicacions inform\u00e0tiques senzilles, creades i pensades per tal de facilitar la tasca docent del professorat, tant si el seu grup d&#8217;alumnes fa estada al Camp d&#8217;Aprenentatge com si s&#8217;apliquen al propi centre educatiu, com a treball previ o posterior a les activitats desenvolupades al Camp, o b\u00e9 [&hellip;]<\/p>\n","protected":false},"author":1,"featured_media":0,"parent":1404,"menu_order":1,"comment_status":"closed","ping_status":"closed","template":"","meta":{"_bbp_topic_count":0,"_bbp_reply_count":0,"_bbp_total_topic_count":0,"_bbp_total_reply_count":0,"_bbp_voice_count":0,"_bbp_anonymous_reply_count":0,"_bbp_topic_count_hidden":0,"_bbp_reply_count_hidden":0,"_bbp_forum_subforum_count":0,"site-sidebar-layout":"default","site-content-layout":"","ast-site-content-layout":"default","site-content-style":"default","site-sidebar-style":"default","ast-global-header-display":"","ast-banner-title-visibility":"","ast-main-header-display":"","ast-hfb-above-header-display":"","ast-hfb-below-header-display":"","ast-hfb-mobile-header-display":"","site-post-title":"","ast-breadcrumbs-content":"","ast-featured-img":"","footer-sml-layout":"","theme-transparent-header-meta":"default","adv-header-id-meta":"","stick-header-meta":"","header-above-stick-meta":"","header-main-stick-meta":"","header-below-stick-meta":"","astra-migrate-meta-layouts":"set","ast-page-background-enabled":"default","ast-page-background-meta":{"desktop":{"background-color":"var(--ast-global-color-4)","background-image":"","background-repeat":"repeat","background-position":"center center","background-size":"auto","background-attachment":"scroll","background-type":"","background-media":"","overlay-type":"","overlay-color":"","overlay-opacity":"","overlay-gradient":""},"tablet":{"background-color":"","background-image":"","background-repeat":"repeat","background-position":"center center","background-size":"auto","background-attachment":"scroll","background-type":"","background-media":"","overlay-type":"","overlay-color":"","overlay-opacity":"","overlay-gradient":""},"mobile":{"background-color":"","background-image":"","background-repeat":"repeat","background-position":"center center","background-size":"auto","background-attachment":"scroll","background-type":"","background-media":"","overlay-type":"","overlay-color":"","overlay-opacity":"","overlay-gradient":""}},"ast-content-background-meta":{"desktop":{"background-color":"var(--ast-global-color-5)","background-image":"","background-repeat":"repeat","background-position":"center center","background-size":"auto","background-attachment":"scroll","background-type":"","background-media":"","overlay-type":"","overlay-color":"","overlay-opacity":"","overlay-gradient":""},"tablet":{"background-color":"var(--ast-global-color-5)","background-image":"","background-repeat":"repeat","background-position":"center center","background-size":"auto","background-attachment":"scroll","background-type":"","background-media":"","overlay-type":"","overlay-color":"","overlay-opacity":"","overlay-gradient":""},"mobile":{"background-color":"var(--ast-global-color-5)","background-image":"","background-repeat":"repeat","background-position":"center center","background-size":"auto","background-attachment":"scroll","background-type":"","background-media":"","overlay-type":"","overlay-color":"","overlay-opacity":"","overlay-gradient":""}},"footnotes":""},"class_list":["post-1756","page","type-page","status-publish","hentry"],"post_mailing_queue_ids":[],"_links":{"self":[{"href":"https:\/\/serveiseducatius.xtec.cat\/cda-cansantoi\/wp-json\/wp\/v2\/pages\/1756","targetHints":{"allow":["GET"]}}],"collection":[{"href":"https:\/\/serveiseducatius.xtec.cat\/cda-cansantoi\/wp-json\/wp\/v2\/pages"}],"about":[{"href":"https:\/\/serveiseducatius.xtec.cat\/cda-cansantoi\/wp-json\/wp\/v2\/types\/page"}],"author":[{"embeddable":true,"href":"https:\/\/serveiseducatius.xtec.cat\/cda-cansantoi\/wp-json\/wp\/v2\/users\/1"}],"replies":[{"embeddable":true,"href":"https:\/\/serveiseducatius.xtec.cat\/cda-cansantoi\/wp-json\/wp\/v2\/comments?post=1756"}],"version-history":[{"count":5,"href":"https:\/\/serveiseducatius.xtec.cat\/cda-cansantoi\/wp-json\/wp\/v2\/pages\/1756\/revisions"}],"predecessor-version":[{"id":24510,"href":"https:\/\/serveiseducatius.xtec.cat\/cda-cansantoi\/wp-json\/wp\/v2\/pages\/1756\/revisions\/24510"}],"up":[{"embeddable":true,"href":"https:\/\/serveiseducatius.xtec.cat\/cda-cansantoi\/wp-json\/wp\/v2\/pages\/1404"}],"wp:attachment":[{"href":"https:\/\/serveiseducatius.xtec.cat\/cda-cansantoi\/wp-json\/wp\/v2\/media?parent=1756"}],"curies":[{"name":"wp","href":"https:\/\/api.w.org\/{rel}","templated":true}]}}