{"id":1629,"date":"2014-05-16T07:34:11","date_gmt":"2014-05-16T06:34:11","guid":{"rendered":"http:\/\/blocs.xtec.cat\/cdacansantoi\/?page_id=1629"},"modified":"2025-03-05T16:36:50","modified_gmt":"2025-03-05T15:36:50","slug":"itinerari-modernista-a-sant-joan-despi-eso","status":"publish","type":"page","link":"https:\/\/serveiseducatius.xtec.cat\/cda-cansantoi\/ambits\/modernisme\/itinerari-modernista-a-sant-joan-despi-eso\/","title":{"rendered":"Itinerari modernista a Sant Joan Desp\u00ed (ESO)"},"content":{"rendered":"<p>&nbsp;<\/p>\n<table style=\"width: 74.1489%;\" border=\"0\" cellspacing=\"0\" cellpadding=\"3\">\n<tbody>\n<tr>\n<td style=\"width: 12.7005%;\" width=\"94\">\n<div align=\"center\"><a href=\"https:\/\/drive.google.com\/file\/d\/10gbWMd_CpoDtDYoYzsmHLIr60lF4VCZF\/view?usp=drive_link\" target=\"_blank\" rel=\"noopener noreferrer\"><img loading=\"lazy\" decoding=\"async\" class=\"aligncenter wp-image-1371\" style=\"border: 0px none;\" src=\"http:\/\/serveiseducatius.xtec.cat\/cda-cansantoi\/wp-content\/uploads\/usu1385\/2014\/05\/qta.gif\" alt=\"Baixar quadern de treball de l'alumne\" width=\"40\" height=\"40\" \/><\/a><\/div>\n<\/td>\n<td style=\"width: 13.5175%;\">\n<div align=\"center\"><a href=\"https:\/\/drive.google.com\/file\/d\/1h3IebNkY1n8BurkZ3-5dv7KIdf6gC-Dp\/view?usp=drive_link\" target=\"_blank\" rel=\"noopener noreferrer\"><img loading=\"lazy\" decoding=\"async\" class=\"aligncenter wp-image-1371\" style=\"border: 0px none;\" src=\"http:\/\/serveiseducatius.xtec.cat\/cda-cansantoi\/wp-content\/uploads\/usu1385\/2014\/05\/qta.gif\" alt=\"Baixar quadern de treball de l'alumne\" width=\"40\" height=\"40\" \/><\/a><\/div>\n<\/td>\n<td style=\"width: 14.6315%;\" width=\"94\">\n<div align=\"center\"><a href=\"http:\/\/www.xtec.cat\/cda-cansantoi\/Fulls_organitzacio_sortida\/organitzacio_sortida_sjd-eso.doc\" target=\"_blank\" rel=\"noopener noreferrer\"><img loading=\"lazy\" decoding=\"async\" class=\"size-full wp-image-1358 aligncenter\" style=\"border: 0px none;\" src=\"http:\/\/serveiseducatius.xtec.cat\/cda-cansantoi\/wp-content\/uploads\/usu1385\/2014\/05\/carpeta_camp.png\" alt=\"Baixar full d'organitzaci\u00f3 de la sortida\" width=\"32\" height=\"32\" \/><\/a><\/div>\n<\/td>\n<td style=\"width: 16.4141%;\" width=\"94\">\n<div align=\"center\"><a href=\"http:\/\/serveiseducatius.xtec.cat\/cda-cansantoi\/en-preparacio-2\/\"><img loading=\"lazy\" decoding=\"async\" class=\"aligncenter wp-image-1420\" style=\"border: 0px none;\" src=\"http:\/\/serveiseducatius.xtec.cat\/cda-cansantoi\/wp-content\/uploads\/usu1385\/2014\/01\/llibreta.gif\" alt=\"llibreta\" width=\"28\" height=\"36\" \/><\/a><\/div>\n<\/td>\n<td style=\"width: 15.4338%;\" align=\"center\" width=\"94\">\n<div align=\"center\"><a href=\"https:\/\/maps.google.es\/maps\/ms?msa=0&amp;msid=203310988220912994480.0004f97f40e1e8d372c61\" target=\"_blank\" rel=\"noopener noreferrer\"><img loading=\"lazy\" decoding=\"async\" class=\"size-full wp-image-1416 aligncenter\" style=\"border: 0px none;\" src=\"http:\/\/serveiseducatius.xtec.cat\/cda-cansantoi\/wp-content\/uploads\/usu1385\/2014\/01\/Punt-de-trobada.png\" alt=\"Punt de trobada\" width=\"44\" height=\"40\" \/><\/a><\/div>\n<\/td>\n<td style=\"width: 13.7997%;\" width=\"94\">\n<div align=\"center\"><a title=\"Cost addicional activitats\" href=\"https:\/\/serveiseducatius.xtec.cat\/cda-cansantoi\/cost-addicional-activitats-2\/\" target=\"_blank\" rel=\"noopener noreferrer\"><img loading=\"lazy\" decoding=\"async\" class=\"aligncenter wp-image-1417\" style=\"border: 0px none;\" src=\"http:\/\/serveiseducatius.xtec.cat\/cda-cansantoi\/wp-content\/uploads\/usu1385\/2014\/01\/monedes.jpg\" alt=\"Cost addicional entrada\" width=\"40\" height=\"40\" \/><\/a><\/div>\n<\/td>\n<td style=\"width: 22.7718%; text-align: center;\" width=\"94\"><span style=\"font-size: large;\"><strong><span style=\"color: #800000;\">SJD-ESO<\/span><\/strong><\/span><\/td>\n<\/tr>\n<tr>\n<td style=\"width: 12.7005%;\" width=\"94\">\n<div class=\"Estilo1\" align=\"center\">\n<div align=\"center\"><span style=\"font-size: xx-small;\">Quadern de treball catal\u00e0<\/span><\/div>\n<\/div>\n<\/td>\n<td style=\"width: 13.5175%;\">\n<div class=\"Estilo1\" align=\"center\">\n<div align=\"center\"><span style=\"font-size: xx-small;\">Quadern de treball angl\u00e8s<\/span><\/div>\n<\/div>\n<\/td>\n<td style=\"width: 14.6315%;\" width=\"94\">\n<div class=\"Estilo1\" align=\"center\">\n<div align=\"center\"><span style=\"font-size: xx-small;\">Full d&#8217;organitzaci\u00f3 de sortida<\/span><\/div>\n<\/div>\n<\/td>\n<td style=\"width: 16.4141%;\" width=\"94\">\n<div class=\"Estilo1\" align=\"center\">\n<div align=\"center\"><span style=\"font-size: xx-small;\">Propostes act. pr\u00e8vies i posteriors<\/span><\/div>\n<\/div>\n<\/td>\n<td style=\"width: 15.4338%;\" width=\"94\">\n<div class=\"Estilo1\" align=\"center\">\n<div align=\"center\"><span style=\"font-size: xx-small;\">Lloc de trobada<\/span><\/div>\n<\/div>\n<\/td>\n<td style=\"width: 13.7997%;\" width=\"94\">\n<div class=\"Estilo1\" align=\"center\"><span style=\"font-size: xx-small;\">Cost addicional entrada<\/span><\/div>\n<\/td>\n<td style=\"width: 22.7718%;\" width=\"94\">\n<div class=\"Estilo1\" align=\"center\"><span style=\"font-size: xx-small;\">Codi activitat<\/span><\/div>\n<\/td>\n<\/tr>\n<\/tbody>\n<\/table>\n<p>&nbsp;<\/p>\n<p style=\"text-align: justify;\"><strong>\u00c0mbit curricular:<\/strong> <span style=\"font-family: Arial,Helvetica; color: #000000;\">Ci\u00e8ncies Socials<br \/>\n<\/span><\/p>\n<p style=\"text-align: justify;\"><strong>Lloc on es realitza:<\/strong> Sant Joan Desp\u00ed (Baix Llobregat).<\/p>\n<p style=\"text-align: justify;\"><strong>Nivell educatiu:<\/strong>\u00a0 Secund\u00e0ria.<\/p>\n<p style=\"text-align: justify;\"><strong>Estacionalitat:<\/strong> tot l&#8217;any.<\/p>\n<p style=\"text-align: justify;\"><strong>Objectius:<\/strong>\u00a0<span style=\"color: #000000;\"><span style=\"font-family: Arial,Helvetica;\">Recon\u00e8ixer els trets m\u00e9s rellevants de l&#8217;arquitectura i decoraci\u00f3 modernistes fetes per l&#8217;arquitecte Josep M\u00aa Jujol a Sant Joan Desp\u00ed.<br \/>\nSaber diferenciar algunes reformes fetes per l&#8217;arquitecte en funci\u00f3 del nivell econ\u00f2mic i\/o social del client que li va fer l&#8217;enc\u00e0rrec.<br \/>\nRealitzar una an\u00e0lisi m\u00ednima de l&#8217;estructura reformada i de les t\u00e8cniques decoratives utilitzades d&#8217;un edifici modernista rellevant: Can Negre.<br \/>\nIntroduir-se en\u00a0 l&#8217;obra de Josep Maria Jujol.<br \/>\nSaber valorar la import\u00e0ncia del treball de molts artesans dins el modernisme.<\/span><\/span><\/p>\n<p><strong>Compet\u00e8ncies b\u00e0siques\u00a0 que m\u00e9s potencia<\/strong>:<\/p>\n<ul>\n<li><strong>\u00c0mbit social<\/strong>\n<ul>\n<li><strong>Compet\u00e8ncia 1.\u00a0<\/strong>Analitzar els canvis i les continu\u00eftats dels fets o fen\u00f2mens hist\u00f2rics per comprendre&#8217;n la causalitat hist\u00f2rica.<\/li>\n<li><strong>Compet\u00e8ncia 4. <\/strong>Identificar i valorar la identitat individual i col\u00b7lectiva per comprendre la seva intervenci\u00f3 en la construcci\u00f3 de sub\u00adjectes hist\u00f2rics.<\/li>\n<li><strong>Compet\u00e8ncia 9. <\/strong>Valorar el patrimoni cultural com a her\u00e8ncia rebuda del passat, per defensar-ne la conservaci\u00f3 i afavorir que les generacions futures se l\u2019apropi\u00efn.<\/li>\n<\/ul>\n<\/li>\n<\/ul>\n<ul>\n<li><strong>\u00c0mbit cultura i valors<\/strong>\n<ul>\n<li><strong>Compet\u00e8ncia 9<\/strong>. Analitzar cr\u00edticament l\u2019entorn natural des de la perspectiva \u00e8tica, individualment i de manera col\u00b7lectiva.<\/li>\n<li><strong>Compet\u00e8ncia 10.<\/strong> Realitzar activitats de participaci\u00f3 i de col\u00b7laboraci\u00f3 que promoguin actituds de comprom\u00eds i democr\u00e0tiques<\/li>\n<\/ul>\n<\/li>\n<\/ul>\n<p style=\"text-align: justify;\"><strong> Tipus d&#8217;activitat:<\/strong> itinerari-visita<\/p>\n<p style=\"text-align: justify;\"><strong>Descripci\u00f3:<\/strong>\u00a0<span style=\"font-family: Arial,Helvetica; color: #000000;\"><span style=\"font-family: Arial,Helvetica;\">Es realitza un itinerari pel barri centre de Sant Joan Desp\u00ed al llarg del qual s&#8217;observen una s\u00e8rie d&#8217;edificis que van ser constru\u00efts o b\u00e9 reformats per aquest col\u00b7laborador i deixeble de Gaud\u00ed.<br \/>\nEls\/Les alumnes, en petits grups de treball, fan l&#8217;itinerari de forma aut\u00f2noma tot seguint les indicacions del quadern de treball; el recorregut s&#8217;inicia a la Torre de la Creu, coneguda tamb\u00e9 com a &#8220;Torre dels Ous&#8221;, per seguir carrer Verdaguer avall on hi ha el gruix de l&#8217;obra jujoliana. En alguns punts s&#8217;observa el treball decoratiu d&#8217;alguns artesans i col\u00b7laboradors de l&#8217;arquitecte, fonamentalment forjadors.<br \/>\nFinalment, tots junts entrem a l&#8217;esgl\u00e9sia per observar els treballs de reforma i decoraci\u00f3 fets a partir de l&#8217;any 1944.<br \/>\nL&#8217;itinerari acaba davant de Can Negre, on es fa un treball d&#8217;observaci\u00f3 de la fa\u00e7ana per passar posteriorment a l&#8217;interior de la casa per veure-hi l&#8217;estructura i el tractament decoratiu.<\/span><\/span><\/p>\n<p style=\"text-align: justify;\"><strong>Material:<\/strong> <span style=\"color: #000000;\"><span style=\"font-family: Arial,Helvetica;\">Quadern de treball de l\u2019alumne<span style=\"font-size: medium;\">,<\/span><\/span><span style=\"font-family: Arial,Helvetica,sans-serif; font-size: small;\"> llapis de colors, carpeta o suport.<\/span><\/span><\/p>\n<p style=\"text-align: justify;\"><strong>Durada:<\/strong> mitja jornada.<\/p>\n<p style=\"text-align: justify;\"><strong>Despla\u00e7ament:<\/strong> <span style=\"font-family: Arial,Helvetica; color: #000000;\">En autocar o transport p\u00fablic fins a Sant Joan Desp\u00ed (davant la &#8220;Torre de la Creu&#8221;); recorregut a peu (1h) pel poble.<\/span><\/p>\n<p style=\"text-align: justify;\">Observacions: <span style=\"font-family: Arial,Helvetica; color: #000000;\">Aquesta activitat es pot complementar amb la visita a la Col\u00f2nia G\u00fcell, a Santa Coloma de Cervell\u00f3 (vegeu l\u2019activitat \u201c<a href=\"colonia-guell\"><span style=\"color: #000000;\">La Col\u00f2nia G\u00fcell<\/span><\/a>\u201d)<\/span><\/p>\n<p style=\"text-align: justify;\">Per a m\u00e9s informaci\u00f3, baixeu-vos el full d\u2019organitzaci\u00f3 de sortides.\u2191<\/p>\n","protected":false},"excerpt":{"rendered":"<p>&nbsp; SJD-ESO Quadern de treball catal\u00e0 Quadern de treball angl\u00e8s Full d&#8217;organitzaci\u00f3 de sortida Propostes act. pr\u00e8vies i posteriors Lloc de trobada Cost addicional entrada Codi activitat &nbsp; \u00c0mbit curricular: Ci\u00e8ncies Socials Lloc on es realitza: Sant Joan Desp\u00ed (Baix Llobregat). Nivell educatiu:\u00a0 Secund\u00e0ria. Estacionalitat: tot l&#8217;any. Objectius:\u00a0Recon\u00e8ixer els trets m\u00e9s rellevants de l&#8217;arquitectura i [&hellip;]<\/p>\n","protected":false},"author":1,"featured_media":0,"parent":817,"menu_order":4,"comment_status":"open","ping_status":"closed","template":"page-templates\/side-menu.php","meta":{"_bbp_topic_count":0,"_bbp_reply_count":0,"_bbp_total_topic_count":0,"_bbp_total_reply_count":0,"_bbp_voice_count":0,"_bbp_anonymous_reply_count":0,"_bbp_topic_count_hidden":0,"_bbp_reply_count_hidden":0,"_bbp_forum_subforum_count":0,"site-sidebar-layout":"default","site-content-layout":"","ast-site-content-layout":"","site-content-style":"default","site-sidebar-style":"default","ast-global-header-display":"","ast-banner-title-visibility":"","ast-main-header-display":"","ast-hfb-above-header-display":"","ast-hfb-below-header-display":"","ast-hfb-mobile-header-display":"","site-post-title":"","ast-breadcrumbs-content":"","ast-featured-img":"","footer-sml-layout":"","theme-transparent-header-meta":"","adv-header-id-meta":"","stick-header-meta":"","header-above-stick-meta":"","header-main-stick-meta":"","header-below-stick-meta":"","astra-migrate-meta-layouts":"default","ast-page-background-enabled":"default","ast-page-background-meta":{"desktop":{"background-color":"var(--ast-global-color-4)","background-image":"","background-repeat":"repeat","background-position":"center center","background-size":"auto","background-attachment":"scroll","background-type":"","background-media":"","overlay-type":"","overlay-color":"","overlay-opacity":"","overlay-gradient":""},"tablet":{"background-color":"","background-image":"","background-repeat":"repeat","background-position":"center center","background-size":"auto","background-attachment":"scroll","background-type":"","background-media":"","overlay-type":"","overlay-color":"","overlay-opacity":"","overlay-gradient":""},"mobile":{"background-color":"","background-image":"","background-repeat":"repeat","background-position":"center center","background-size":"auto","background-attachment":"scroll","background-type":"","background-media":"","overlay-type":"","overlay-color":"","overlay-opacity":"","overlay-gradient":""}},"ast-content-background-meta":{"desktop":{"background-color":"var(--ast-global-color-5)","background-image":"","background-repeat":"repeat","background-position":"center center","background-size":"auto","background-attachment":"scroll","background-type":"","background-media":"","overlay-type":"","overlay-color":"","overlay-opacity":"","overlay-gradient":""},"tablet":{"background-color":"var(--ast-global-color-5)","background-image":"","background-repeat":"repeat","background-position":"center center","background-size":"auto","background-attachment":"scroll","background-type":"","background-media":"","overlay-type":"","overlay-color":"","overlay-opacity":"","overlay-gradient":""},"mobile":{"background-color":"var(--ast-global-color-5)","background-image":"","background-repeat":"repeat","background-position":"center center","background-size":"auto","background-attachment":"scroll","background-type":"","background-media":"","overlay-type":"","overlay-color":"","overlay-opacity":"","overlay-gradient":""}},"footnotes":""},"class_list":["post-1629","page","type-page","status-publish","hentry"],"post_mailing_queue_ids":[],"_links":{"self":[{"href":"https:\/\/serveiseducatius.xtec.cat\/cda-cansantoi\/wp-json\/wp\/v2\/pages\/1629","targetHints":{"allow":["GET"]}}],"collection":[{"href":"https:\/\/serveiseducatius.xtec.cat\/cda-cansantoi\/wp-json\/wp\/v2\/pages"}],"about":[{"href":"https:\/\/serveiseducatius.xtec.cat\/cda-cansantoi\/wp-json\/wp\/v2\/types\/page"}],"author":[{"embeddable":true,"href":"https:\/\/serveiseducatius.xtec.cat\/cda-cansantoi\/wp-json\/wp\/v2\/users\/1"}],"replies":[{"embeddable":true,"href":"https:\/\/serveiseducatius.xtec.cat\/cda-cansantoi\/wp-json\/wp\/v2\/comments?post=1629"}],"version-history":[{"count":6,"href":"https:\/\/serveiseducatius.xtec.cat\/cda-cansantoi\/wp-json\/wp\/v2\/pages\/1629\/revisions"}],"predecessor-version":[{"id":22483,"href":"https:\/\/serveiseducatius.xtec.cat\/cda-cansantoi\/wp-json\/wp\/v2\/pages\/1629\/revisions\/22483"}],"up":[{"embeddable":true,"href":"https:\/\/serveiseducatius.xtec.cat\/cda-cansantoi\/wp-json\/wp\/v2\/pages\/817"}],"wp:attachment":[{"href":"https:\/\/serveiseducatius.xtec.cat\/cda-cansantoi\/wp-json\/wp\/v2\/media?parent=1629"}],"curies":[{"name":"wp","href":"https:\/\/api.w.org\/{rel}","templated":true}]}}