{"id":1621,"date":"2014-05-15T12:50:19","date_gmt":"2014-05-15T11:50:19","guid":{"rendered":"http:\/\/blocs.xtec.cat\/cdacansantoi\/?page_id=1621"},"modified":"2025-03-10T09:37:23","modified_gmt":"2025-03-10T08:37:23","slug":"colonia-guell-eso","status":"publish","type":"page","link":"https:\/\/serveiseducatius.xtec.cat\/cda-cansantoi\/ambits\/modernisme\/colonia-guell-eso\/","title":{"rendered":"La Col\u00f2nia G\u00fcell (ESO)"},"content":{"rendered":"<table style=\"width: 564px;\" border=\"0\" cellspacing=\"0\" cellpadding=\"3\">\n<tbody>\n<tr>\n<td width=\"94\">\n<div align=\"center\"><a href=\"http:\/\/www.xtec.cat\/cda-cansantoi\/qta_col_eso.pdf\" target=\"_blank\" rel=\"noopener noreferrer\"><img loading=\"lazy\" decoding=\"async\" class=\"aligncenter wp-image-1371\" style=\"border: 0px none;\" src=\"http:\/\/serveiseducatius.xtec.cat\/cda-cansantoi\/wp-content\/uploads\/usu1385\/2014\/05\/qta.gif\" alt=\"Baixar quadern de treball de l'alumne\" width=\"40\" height=\"40\" \/><\/a><\/div>\n<\/td>\n<td width=\"94\">\n<div align=\"center\"><a href=\"http:\/\/www.xtec.cat\/cda-cansantoi\/Fulls_organitzacio_sortida\/organitzacio_sortida_col-eso.doc\" target=\"_blank\" rel=\"noopener\"><img loading=\"lazy\" decoding=\"async\" class=\"aligncenter wp-image-1358 size-full\" style=\"border: 0px none;\" src=\"https:\/\/serveiseducatius.xtec.cat\/cda-cansantoi\/wp-content\/uploads\/usu1385\/2014\/05\/carpeta_camp.png\" alt=\"Baixar full d'organitzaci\u00f3 de la sortida\" width=\"32\" height=\"32\" \/><\/a><\/div>\n<\/td>\n<td width=\"94\">\n<div align=\"center\"><a href=\"http:\/\/serveiseducatius.xtec.cat\/cda-cansantoi\/en-preparacio-2\/\" target=\"_blank\" rel=\"noopener noreferrer\"><img loading=\"lazy\" decoding=\"async\" class=\"aligncenter wp-image-1420\" style=\"border: 0px none;\" src=\"http:\/\/serveiseducatius.xtec.cat\/cda-cansantoi\/wp-content\/uploads\/usu1385\/2014\/01\/llibreta.gif\" alt=\"llibreta\" width=\"28\" height=\"36\" \/><\/a><\/div>\n<\/td>\n<td align=\"center\" width=\"94\">\n<div align=\"center\"><a href=\"https:\/\/mapsengine.google.com\/map\/edit?mid=zr_p_MqWVj2I.kWXR-BBGBQXc\" target=\"_blank\" rel=\"noopener noreferrer\"><img loading=\"lazy\" decoding=\"async\" class=\"size-full wp-image-1416 aligncenter\" style=\"border: 0px none;\" src=\"http:\/\/serveiseducatius.xtec.cat\/cda-cansantoi\/wp-content\/uploads\/usu1385\/2014\/01\/Punt-de-trobada.png\" alt=\"Punt de trobada\" width=\"44\" height=\"40\" \/><\/a><\/div>\n<\/td>\n<td width=\"94\">\n<div align=\"center\"><a title=\"Cost addicional activitats\" href=\"https:\/\/serveiseducatius.xtec.cat\/cda-cansantoi\/cost-addicional-activitats-2\/\" target=\"_blank\" rel=\"noopener noreferrer\"><img loading=\"lazy\" decoding=\"async\" class=\"aligncenter wp-image-1417\" style=\"border: 0px none;\" src=\"http:\/\/serveiseducatius.xtec.cat\/cda-cansantoi\/wp-content\/uploads\/usu1385\/2014\/01\/monedes.jpg\" alt=\"Cost addicional entrada\" width=\"40\" height=\"40\" \/><\/a><\/div>\n<\/td>\n<td width=\"94\"><span style=\"font-size: large;\"><strong><span style=\"color: #800000;\">COL-ESO<\/span><\/strong><\/span><\/td>\n<\/tr>\n<tr>\n<td width=\"94\">\n<div class=\"Estilo1\" align=\"center\">\n<div align=\"center\"><span style=\"font-size: xx-small;\">Quadern de treball<\/span><\/div>\n<\/div>\n<\/td>\n<td width=\"94\">\n<div class=\"Estilo1\" align=\"center\">\n<div align=\"center\"><span style=\"font-size: xx-small;\">Full d&#8217;organitzaci\u00f3 de sortida<\/span><\/div>\n<\/div>\n<\/td>\n<td width=\"94\">\n<div class=\"Estilo1\" align=\"center\">\n<div align=\"center\"><span style=\"font-size: xx-small;\">Propostes act. pr\u00e8vies i posteriors<\/span><\/div>\n<\/div>\n<\/td>\n<td width=\"94\">\n<div class=\"Estilo1\" align=\"center\">\n<div align=\"center\"><span style=\"font-size: xx-small;\">Lloc de trobada<\/span><\/div>\n<\/div>\n<\/td>\n<td width=\"94\">\n<div class=\"Estilo1\" align=\"center\"><span style=\"font-size: xx-small;\">Cost addicional entrada<\/span><\/div>\n<\/td>\n<td width=\"94\">\n<div class=\"Estilo1\" align=\"center\"><span style=\"font-size: xx-small;\">Codi activitat<\/span><\/div>\n<\/td>\n<\/tr>\n<\/tbody>\n<\/table>\n<p>&nbsp;<\/p>\n<p style=\"text-align: justify;\"><span style=\"font-family: Arial,Helvetica; color: #000000;\"><strong>Lloc on es realitza:<\/strong> Col\u00f2nia G\u00fcell (Sta. Coloma de Cervell\u00f3).<\/span><\/p>\n<p><span style=\"font-family: Arial,Helvetica; color: #000000;\"><strong>Estacionalitat:<\/strong> Tot l&#8217;any.<\/span><\/p>\n<p><span style=\"font-family: Arial,Helvetica; color: #000000;\"><strong>Tipus d&#8217;activitat:<\/strong> Itinerari. Visita.<\/span><\/p>\n<p style=\"text-align: justify;\"><span style=\"font-family: Arial,Helvetica; color: #000000;\"><strong>Descripci\u00f3:<\/strong> Els alumnes, organitzats en petits grups, fan un recorregut guiat per la col\u00f2nia, tot realitzant tasques d\u2019observaci\u00f3 i de descripci\u00f3 dels edificis m\u00e9s rellevants.\u00a0<\/span><span style=\"font-family: Arial,Helvetica; color: #000000;\">A la zona industrial veuen, entre d\u2019altres, la f\u00e0brica de pisos tipus \u201cmanchesteri\u00e0\u201d, els assecadors i la xemeneia. <\/span><span style=\"font-family: Arial,Helvetica; color: #000000;\">A la zona residencial observen les cases dels obrers, m\u00e9s senzilles, o les resid\u00e8ncies m\u00e9s luxoses de l\u2019administrador (Ca l\u2019Espinal) o del secretari; tamb\u00e9 veuen els edificis socials, com l\u2019escola, la cooperativa. <\/span><span style=\"font-family: Arial,Helvetica; color: #000000;\">Finalment, es reuneix tot el grup classe per tal de fer una visita guiada a la cripta de la col\u00f2nia, dissenyada per Antoni Gaud\u00ed. En primer lloc s\u2019observa l\u2019exterior i despr\u00e9s l\u2019interior tot remarcant els aspectes arquitect\u00f2nics i simb\u00f2lics de l\u2019obra del genial arquitecte.<\/span><\/p>\n<p style=\"text-align: justify;\"><span style=\"font-family: Arial,Helvetica; color: #000000;\"><strong>Nivell educatiu:<\/strong> Primer i segon cicle d&#8217;educaci\u00f3 secund\u00e0ria obligat\u00f2ria.\u00a0<\/span><\/p>\n<p><span style=\"font-family: Arial,Helvetica; color: #000000;\"><strong>Mat\u00e8ries:<\/strong> Matem\u00e0tiques, ci\u00e8ncies socials: geografia i hist\u00f2ria i expressi\u00f3 art\u00edstica.\u00a0<\/span><\/p>\n<p><strong>Objectius d\u2019aprenentatge:\u00a0<\/strong><\/p>\n<p style=\"text-align: justify;\"><span style=\"font-weight: 400;\"><strong>OB1:<\/strong> Analitzar i deduir l\u2019estructura i l\u2019organitzaci\u00f3 social d\u2019una col\u00f2nia t\u00e8xtil per recon\u00e8ixer els trets similars i diferencials de la Col\u00f2nia G\u00fcell respecte a les col\u00f2nies industrials catalanes de l\u2019\u00e8poca.\u00a0<\/span><\/p>\n<p style=\"text-align: justify;\"><span style=\"font-weight: 400;\"><strong>OB2:<\/strong> Observar i descriure els elements decoratius i arquitect\u00f2nics dels principals edificis per entendre el modernisme popular.\u00a0<\/span><\/p>\n<p style=\"text-align: justify;\"><span style=\"font-weight: 400;\"><strong>OB3:<\/strong> Analitzar els elements i t\u00e8cniques arquitect\u00f2niques m\u00e9s destacables de la Cripta per entendre la decoraci\u00f3 i la simbologia modernista emprada per Antoni Gaud\u00ed.\u00a0<\/span><\/p>\n<p style=\"text-align: justify;\"><span style=\"font-weight: 400;\"><strong>OB4:<\/strong> Aprendre a treballar en equip (autoregulaci\u00f3 de la conducta, establiment de rols, fixaci\u00f3 d\u2019objectius comuns, etc.) per fomentar el cooperativisme, la inclusi\u00f3, la perspectiva de g\u00e8nere i la conviv\u00e8ncia en els \u00e0mbits propers. <\/span><\/p>\n<p>&nbsp;<\/p>\n<p>&nbsp;<\/p>\n<p style=\"text-align: justify;\"><span style=\"color: #000000;\"><span style=\"font-family: Arial,Helvetica;\"><strong>Objectius:<\/strong> <\/span><\/span><span style=\"color: #000000;\"><span style=\"font-family: Arial,Helvetica;\"><span style=\"font-family: Arial,Helvetica;\">Fer con\u00e8ixer l\u2019estructura i l\u2019organitzaci\u00f3 social d\u2019una col\u00f2nia industrial.<\/span><br \/>\n<span style=\"font-family: Arial,Helvetica;\">\u00a0Recon\u00e8ixer els trets diferencials de la Col\u00f2nia G\u00fcell respecte a les col\u00f2nies industrials catalanes de l\u2019\u00e8poca.<\/span><br \/>\n<span style=\"font-family: Arial,Helvetica;\">\u00a0Observar els elements propis de l\u2019arquitectura i decoraci\u00f3 del modernisme popular.<\/span><br \/>\n<\/span><span style=\"font-family: Arial,Helvetica;\"><span style=\"font-family: Arial,Helvetica;\">\u00a0Analitzar la Cripta d\u2019Antoni Gaud\u00ed tant des del punt de vista arquitect\u00f2nic, com del simb\u00f2lic-religi\u00f3s.<\/span><\/span><\/span><span style=\"font-family: Arial,Helvetica; color: #000000;\"><br \/>\n<\/span><\/p>\n<p><strong>Compet\u00e8ncies b\u00e0siques\u00a0 que m\u00e9s potencia<\/strong>:<\/p>\n<ul>\n<li><strong>\u00c0mbit social<\/strong>\n<ul>\n<li><strong>Compet\u00e8ncia 1.\u00a0<\/strong>Analitzar els canvis i les continu\u00eftats dels fets o fen\u00f2mens hist\u00f2rics per comprendre&#8217;n la causalitat hist\u00f2rica.<\/li>\n<li><strong>Compet\u00e8ncia 4. <\/strong>Identificar i valorar la identitat individual i col\u00b7lectiva per comprendre la seva intervenci\u00f3 en la construcci\u00f3 de sub\u00adjectes hist\u00f2rics.<\/li>\n<li><strong>Compet\u00e8ncia 9. <\/strong>Valorar el patrimoni cultural com a her\u00e8ncia rebuda del passat, per defensar-ne la conservaci\u00f3 i afavorir que les generacions futures se l\u2019apropi\u00efn.<\/li>\n<\/ul>\n<\/li>\n<li><strong>\u00c0mbit Art\u00edstic<\/strong>\n<ul>\n<li><strong>Compet\u00e8ncia 1<\/strong>. Utilitzar estrat\u00e8gicament els elements dels llenguatges visual, musical i corporal per analitzar les produccions art\u00edstiques.<\/li>\n<li><strong>Compet\u00e8ncia <\/strong><strong>2<\/strong>. Mostrar h\u00e0bits de percepci\u00f3 reflexiva i oberta de la realitat sonora i visual de l\u2019entorn natural i cultural.<\/li>\n<li><strong>Compet\u00e8ncia 9.<\/strong> \u00a0Gaudir de les experi\u00e8ncies i creacions art\u00edstiques com a font d\u2019enriquiment personal i social.<\/li>\n<\/ul>\n<\/li>\n<\/ul>\n<ul>\n<li><strong>\u00c0mbit cultura i valors<\/strong>\n<ul>\n<li><strong>Compet\u00e8ncia 9<\/strong>. Analitzar cr\u00edticament l\u2019entorn natural des de la perspectiva \u00e8tica, individualment i de manera col\u00b7lectiva.<\/li>\n<li><strong>Compet\u00e8ncia 10.<\/strong> Realitzar activitats de participaci\u00f3 i de col\u00b7laboraci\u00f3 que promoguin actituds de comprom\u00eds i democr\u00e0tiques<\/li>\n<\/ul>\n<\/li>\n<\/ul>\n<p style=\"text-align: justify;\"><span style=\"font-family: Arial,Helvetica; color: #000000;\"><strong>Material:<\/strong> Quadern de treball de l\u2019alumne, carpeta o suport<br \/>\n<\/span><\/p>\n<p style=\"text-align: justify;\"><span style=\"font-family: Arial,Helvetica; color: #000000;\"><strong>Durada:<\/strong> Mitja jornada<\/span><\/p>\n<p style=\"text-align: justify;\"><span style=\"font-family: Arial,Helvetica; color: #000000;\"><strong>Despla\u00e7ament:<\/strong> En autocar o FFCC fins a la Col\u00f2nia G\u00fcell. A peu per l\u2019interior del recinte.<\/span><\/p>\n<p style=\"text-align: justify;\"><strong>Observacions: <\/strong><span style=\"font-family: Arial,Helvetica; color: #000000;\">Com a preparaci\u00f3 de l&#8217;activitat o si voleu ampliar coneixements sobre la Col\u00f2nia, us podeu adre\u00e7ar a <span style=\"color: #339966;\">&#8220;l&#8217;<b><a href=\"http:\/\/www.xtec.cat\/crp-baixllobregat6\/colonia\/itinerari.htm\"><span style=\"color: #339966;\">Itinerari virtual de la Col\u00f2nia G\u00fcell i la Cripta Gaud\u00ed<\/span><\/a><\/b>&#8220;<\/span> realitzat pel <span style=\"color: #339966;\"><a href=\"http:\/\/www.xtec.es\/crp-baixllobregat6\/\"><span style=\"color: #339966;\">Centre de Recursos Pedag\u00f2gics del Baix Llobregat VI <\/span><\/a>&#8211;<\/span> Sant Vicen\u00e7 dels Horts.<\/span><\/p>\n<p>Per a m\u00e9s informaci\u00f3, baixeu-vos el full d\u2019organitzaci\u00f3 de sortides.\u2191<\/p>\n","protected":false},"excerpt":{"rendered":"<p>COL-ESO Quadern de treball Full d&#8217;organitzaci\u00f3 de sortida Propostes act. pr\u00e8vies i posteriors Lloc de trobada Cost addicional entrada Codi activitat &nbsp; Lloc on es realitza: Col\u00f2nia G\u00fcell (Sta. Coloma de Cervell\u00f3). Estacionalitat: Tot l&#8217;any. Tipus d&#8217;activitat: Itinerari. Visita. Descripci\u00f3: Els alumnes, organitzats en petits grups, fan un recorregut guiat per la col\u00f2nia, tot realitzant [&hellip;]<\/p>\n","protected":false},"author":1,"featured_media":0,"parent":817,"menu_order":2,"comment_status":"closed","ping_status":"closed","template":"page-templates\/side-menu.php","meta":{"_bbp_topic_count":0,"_bbp_reply_count":0,"_bbp_total_topic_count":0,"_bbp_total_reply_count":0,"_bbp_voice_count":0,"_bbp_anonymous_reply_count":0,"_bbp_topic_count_hidden":0,"_bbp_reply_count_hidden":0,"_bbp_forum_subforum_count":0,"site-sidebar-layout":"default","site-content-layout":"","ast-site-content-layout":"","site-content-style":"default","site-sidebar-style":"default","ast-global-header-display":"","ast-banner-title-visibility":"","ast-main-header-display":"","ast-hfb-above-header-display":"","ast-hfb-below-header-display":"","ast-hfb-mobile-header-display":"","site-post-title":"","ast-breadcrumbs-content":"","ast-featured-img":"","footer-sml-layout":"","theme-transparent-header-meta":"","adv-header-id-meta":"","stick-header-meta":"","header-above-stick-meta":"","header-main-stick-meta":"","header-below-stick-meta":"","astra-migrate-meta-layouts":"default","ast-page-background-enabled":"default","ast-page-background-meta":{"desktop":{"background-color":"var(--ast-global-color-4)","background-image":"","background-repeat":"repeat","background-position":"center center","background-size":"auto","background-attachment":"scroll","background-type":"","background-media":"","overlay-type":"","overlay-color":"","overlay-opacity":"","overlay-gradient":""},"tablet":{"background-color":"","background-image":"","background-repeat":"repeat","background-position":"center center","background-size":"auto","background-attachment":"scroll","background-type":"","background-media":"","overlay-type":"","overlay-color":"","overlay-opacity":"","overlay-gradient":""},"mobile":{"background-color":"","background-image":"","background-repeat":"repeat","background-position":"center center","background-size":"auto","background-attachment":"scroll","background-type":"","background-media":"","overlay-type":"","overlay-color":"","overlay-opacity":"","overlay-gradient":""}},"ast-content-background-meta":{"desktop":{"background-color":"var(--ast-global-color-5)","background-image":"","background-repeat":"repeat","background-position":"center center","background-size":"auto","background-attachment":"scroll","background-type":"","background-media":"","overlay-type":"","overlay-color":"","overlay-opacity":"","overlay-gradient":""},"tablet":{"background-color":"var(--ast-global-color-5)","background-image":"","background-repeat":"repeat","background-position":"center center","background-size":"auto","background-attachment":"scroll","background-type":"","background-media":"","overlay-type":"","overlay-color":"","overlay-opacity":"","overlay-gradient":""},"mobile":{"background-color":"var(--ast-global-color-5)","background-image":"","background-repeat":"repeat","background-position":"center center","background-size":"auto","background-attachment":"scroll","background-type":"","background-media":"","overlay-type":"","overlay-color":"","overlay-opacity":"","overlay-gradient":""}},"footnotes":""},"class_list":["post-1621","page","type-page","status-publish","hentry"],"post_mailing_queue_ids":[],"_links":{"self":[{"href":"https:\/\/serveiseducatius.xtec.cat\/cda-cansantoi\/wp-json\/wp\/v2\/pages\/1621","targetHints":{"allow":["GET"]}}],"collection":[{"href":"https:\/\/serveiseducatius.xtec.cat\/cda-cansantoi\/wp-json\/wp\/v2\/pages"}],"about":[{"href":"https:\/\/serveiseducatius.xtec.cat\/cda-cansantoi\/wp-json\/wp\/v2\/types\/page"}],"author":[{"embeddable":true,"href":"https:\/\/serveiseducatius.xtec.cat\/cda-cansantoi\/wp-json\/wp\/v2\/users\/1"}],"replies":[{"embeddable":true,"href":"https:\/\/serveiseducatius.xtec.cat\/cda-cansantoi\/wp-json\/wp\/v2\/comments?post=1621"}],"version-history":[{"count":6,"href":"https:\/\/serveiseducatius.xtec.cat\/cda-cansantoi\/wp-json\/wp\/v2\/pages\/1621\/revisions"}],"predecessor-version":[{"id":10129,"href":"https:\/\/serveiseducatius.xtec.cat\/cda-cansantoi\/wp-json\/wp\/v2\/pages\/1621\/revisions\/10129"}],"up":[{"embeddable":true,"href":"https:\/\/serveiseducatius.xtec.cat\/cda-cansantoi\/wp-json\/wp\/v2\/pages\/817"}],"wp:attachment":[{"href":"https:\/\/serveiseducatius.xtec.cat\/cda-cansantoi\/wp-json\/wp\/v2\/media?parent=1621"}],"curies":[{"name":"wp","href":"https:\/\/api.w.org\/{rel}","templated":true}]}}