{"id":1508,"date":"2014-05-13T19:20:32","date_gmt":"2014-05-13T18:20:32","guid":{"rendered":"http:\/\/blocs.xtec.cat\/cdacansantoi\/?page_id=1508"},"modified":"2022-05-19T14:47:17","modified_gmt":"2022-05-19T12:47:17","slug":"la-torre-de-collserola-eso","status":"publish","type":"page","link":"https:\/\/serveiseducatius.xtec.cat\/cda-cansantoi\/ambits\/orientacio-cartografia-relleu\/la-torre-de-collserola-eso\/","title":{"rendered":"La Torre de Collserola (ESO)"},"content":{"rendered":"<p>&nbsp;<\/p>\n<table style=\"width: 564px;\" border=\"0\" cellspacing=\"0\" cellpadding=\"3\">\n<tbody>\n<tr>\n<td width=\"94\">\n<div align=\"center\"><a title=\"En preparaci\u00f3\" href=\"http:\/\/www.xtec.cat\/cda-cansantoi\/Torre_Collserola_eso_v20.pdf\" target=\"_blank\" rel=\"noopener noreferrer\"><img loading=\"lazy\" decoding=\"async\" class=\"wp-image-1371 aligncenter\" style=\"border: 0px none;\" src=\"http:\/\/serveiseducatius.xtec.cat\/cda-cansantoi\/wp-content\/uploads\/usu1385\/2014\/05\/qta.gif\" alt=\"Baixar quadern de treball de l'alumne\" width=\"40\" height=\"40\" \/><\/a><\/div>\n<\/td>\n<td width=\"94\">\n<div align=\"center\"><a title=\"En preparaci\u00f3\" href=\"http:\/\/www.xtec.cat\/cda-cansantoi\/Fulls_organitzacio_sortida\/organitzacio_sortida_tor-eso.doc\" target=\"_blank\" rel=\"noopener noreferrer\"><img loading=\"lazy\" decoding=\"async\" class=\"aligncenter wp-image-1358 size-full\" style=\"border: 0px none;\" src=\"https:\/\/serveiseducatius.xtec.cat\/cda-cansantoi\/wp-content\/uploads\/usu1385\/2014\/05\/carpeta_camp.png\" alt=\"Baixar full d'organitzaci\u00f3 de la sortida\" width=\"32\" height=\"32\" \/><\/a><\/div>\n<\/td>\n<td width=\"94\">\n<div align=\"center\"><a title=\"En preparaci\u00f3\" href=\"http:\/\/serveiseducatius.xtec.cat\/cda-cansantoi\/en-preparacio-2\/\" target=\"_blank\" rel=\"noopener noreferrer\"><img loading=\"lazy\" decoding=\"async\" class=\"aligncenter wp-image-1420\" style=\"border: 0px none;\" src=\"http:\/\/serveiseducatius.xtec.cat\/cda-cansantoi\/wp-content\/uploads\/usu1385\/2014\/01\/llibreta.gif\" alt=\"llibreta\" width=\"28\" height=\"36\" \/><\/a><\/div>\n<\/td>\n<td align=\"center\" width=\"94\">\n<div align=\"center\"><a href=\"https:\/\/maps.google.com\/maps\/ms?msid=203310988220912994480.0004f94ccf1e52faa53cb&amp;msa=0&amp;ll=41.418707,2.118022&amp;spn=0.014595,0.033023\" target=\"_blank\" rel=\"noopener noreferrer\"><img loading=\"lazy\" decoding=\"async\" class=\"size-full wp-image-1416 aligncenter\" style=\"border: 0px none;\" src=\"http:\/\/serveiseducatius.xtec.cat\/cda-cansantoi\/wp-content\/uploads\/usu1385\/2014\/01\/Punt-de-trobada.png\" alt=\"Punt de trobada\" width=\"44\" height=\"40\" \/><\/a><\/div>\n<\/td>\n<td width=\"94\">\n<div align=\"center\"><a title=\"Cost addicional activitats\" href=\"https:\/\/serveiseducatius.xtec.cat\/cda-cansantoi\/cost-addicional-activitats-2\/\" target=\"_blank\" rel=\"noopener noreferrer\"><img loading=\"lazy\" decoding=\"async\" class=\"aligncenter wp-image-1417\" style=\"border: 0px none;\" src=\"http:\/\/serveiseducatius.xtec.cat\/cda-cansantoi\/wp-content\/uploads\/usu1385\/2014\/01\/monedes.jpg\" alt=\"Cost addicional entrada\" width=\"40\" height=\"40\" \/><\/a><\/div>\n<\/td>\n<td width=\"94\"><span style=\"font-size: large;\"><strong><span style=\"color: #800000;\">TOR-ESO<\/span><\/strong><\/span><\/td>\n<\/tr>\n<tr>\n<td width=\"94\">\n<div class=\"Estilo1\" align=\"center\">\n<div align=\"center\"><span style=\"font-size: xx-small;\">Quadern de treball<\/span><\/div>\n<\/div>\n<\/td>\n<td width=\"94\">\n<div class=\"Estilo1\" align=\"center\">\n<div align=\"center\"><span style=\"font-size: xx-small;\">Full d&#8217;organitzaci\u00f3 de sortida<\/span><\/div>\n<\/div>\n<\/td>\n<td width=\"94\">\n<div class=\"Estilo1\" align=\"center\">\n<div align=\"center\"><span style=\"font-size: xx-small;\">Propostes act. pr\u00e8vies i posteriors<\/span><\/div>\n<\/div>\n<\/td>\n<td width=\"94\">\n<div class=\"Estilo1\" align=\"center\">\n<div align=\"center\"><span style=\"font-size: xx-small;\">Lloc de trobada<\/span><\/div>\n<\/div>\n<\/td>\n<td width=\"94\">\n<div class=\"Estilo1\" align=\"center\"><span style=\"font-size: xx-small;\">Cost addicional entrada<\/span><\/div>\n<\/td>\n<td width=\"94\">\n<div class=\"Estilo1\" align=\"center\"><span style=\"font-size: xx-small;\">Codi activitat<\/span><\/div>\n<\/td>\n<\/tr>\n<\/tbody>\n<\/table>\n\r\n\t<div class=\"slideshow_container slideshow_container_style-light\" style=\"height: 200px; \" data-slideshow-id=\"8817\" data-style-name=\"style-light\" data-style-version=\"2.3.1\" >\r\n\r\n\t\t\t\t\t<div class=\"slideshow_loading_icon\"><\/div>\r\n\t\t\r\n\t\t<div class=\"slideshow_content\" style=\"display: none;\">\r\n\r\n\t\t\t<div class=\"slideshow_view\"><div class=\"slideshow_slide slideshow_slide_image\">\n        <a href=\"https:\/\/lh3.googleusercontent.com\/YK8sKVGx6fqpvaeW2hb4Cmp8u5RMYeDQ7nobtYYPCO7xrxm7PpiWDBr69A4faYJBh5KRQyCRkEWx3LVSk8_XqdxrktyghMc7T5xiuNFhT0tReIeQ09goAmY0M1o4FYrb5CJylEFTlkeJ-wdlfQoL-ImzCtxXCmFMZQOMOgxjo-cXXp0dGUQwGbB0FlI68KwLe0FDQ4jtJTyY9RAsNEdVwcxM43Uuq2A-StVR-aEVi-RgmuSDkRu3mi5eRFKnyCvIrfJJErDSYUK17VwPWC9Jub0Xe4Axo6TieaxLtXNCA229olaK7mFxORajjLoKKQ20HWFQwuqu1E8wXE4-6HwWTVcpf1WRA_FZDJE9DuLNOqOGO0bBRyDHuMy0cK5B4LYucSOxEoACinTdLR2Ihf0XQIY6ybtFYuUvn1dtQrHJSaQZRJWsKbbLJ6SWef-Xy0V5OeuiMyqQgGS1tZ_tAUOBrCFiOAkinNMoj3pKKhck6RWZp0m3naTPZbs_bJnVnbbm1hvYQq3eKlARkIAj3swiP5zc_YmOnRGtejTEdrIviFcBtKBrm2mQylb3_qyvyHBrF-Cwx1sLpoi11jNVbmXtfd40ZPBy74zvyNwyBO3gQcv8drLOd6Nu=w800-h600-no\" target=\"_blank\">        <img src=\"https:\/\/lh3.googleusercontent.com\/YK8sKVGx6fqpvaeW2hb4Cmp8u5RMYeDQ7nobtYYPCO7xrxm7PpiWDBr69A4faYJBh5KRQyCRkEWx3LVSk8_XqdxrktyghMc7T5xiuNFhT0tReIeQ09goAmY0M1o4FYrb5CJylEFTlkeJ-wdlfQoL-ImzCtxXCmFMZQOMOgxjo-cXXp0dGUQwGbB0FlI68KwLe0FDQ4jtJTyY9RAsNEdVwcxM43Uuq2A-StVR-aEVi-RgmuSDkRu3mi5eRFKnyCvIrfJJErDSYUK17VwPWC9Jub0Xe4Axo6TieaxLtXNCA229olaK7mFxORajjLoKKQ20HWFQwuqu1E8wXE4-6HwWTVcpf1WRA_FZDJE9DuLNOqOGO0bBRyDHuMy0cK5B4LYucSOxEoACinTdLR2Ihf0XQIY6ybtFYuUvn1dtQrHJSaQZRJWsKbbLJ6SWef-Xy0V5OeuiMyqQgGS1tZ_tAUOBrCFiOAkinNMoj3pKKhck6RWZp0m3naTPZbs_bJnVnbbm1hvYQq3eKlARkIAj3swiP5zc_YmOnRGtejTEdrIviFcBtKBrm2mQylb3_qyvyHBrF-Cwx1sLpoi11jNVbmXtfd40ZPBy74zvyNwyBO3gQcv8drLOd6Nu=w800-h600-no\" alt=\"\"   \/>\n        <\/a>        <div class=\"slideshow_description_box slideshow_transparent\">\n                                        <\/div>\n<\/div>\n\t\n<div class=\"slideshow_slide slideshow_slide_image\">\n        <a href=\"https:\/\/lh3.googleusercontent.com\/ESlUOW3s9fEVQQPkmeQ5gWG0-ey3MaG5AH-8ukb30KG8CxdLpBksFtGZqNHqv-GCmZotbSo7krjQvCaCm86mTxKoMZeyn2QFAxTf0akuu1Ro39bRn2VEPkyvyWRl8B-72kghaB8yh6Fxj3_fRR6Gq36rgDRMoEPbDOSk1NNLmEwqVwiSwO2BCG8ekB3VYs4SXEebGzOGxl6ImyQm3-o11ym-g47KH779SVL1yXMfLcGf73rJLpEnuJKNWpSlD3WyBbkjlVwyoUgDWDyhY6DQad1hqpTh043rZgBu-YaKTTBxx-V_HS94pjqmem6RFSc-b6NQn0xYlupgxvkqyWEc4W58IOxBddjPXR-RASnpriSCbWvkc-FnvTQDBV7ZTKoBN9wxAAsZLNEaORPVa6eubr-gdY6NllHWYp_flRi0h-wdGDXRwS4v3zagqCSbSTjbvxEUDxhMLotJ3hgfYtOeCFB06QXu4RP7kmRvXd1Q1fWU0ww5H9cJTqZHLo5kH2GsbiVycXFOsAVrb4RT4SpgMoQQBDAdUgqVj28wwfPR7xFDyZCDHIAptVu84Pbl90d-_ZpGKYvHrAjFYYSXJRp9DWe3Ti4S8-zwGtoQL9RAI71Ulsh1Oo5x=w800-h600-no\" target=\"_blank\">        <img src=\"https:\/\/lh3.googleusercontent.com\/ESlUOW3s9fEVQQPkmeQ5gWG0-ey3MaG5AH-8ukb30KG8CxdLpBksFtGZqNHqv-GCmZotbSo7krjQvCaCm86mTxKoMZeyn2QFAxTf0akuu1Ro39bRn2VEPkyvyWRl8B-72kghaB8yh6Fxj3_fRR6Gq36rgDRMoEPbDOSk1NNLmEwqVwiSwO2BCG8ekB3VYs4SXEebGzOGxl6ImyQm3-o11ym-g47KH779SVL1yXMfLcGf73rJLpEnuJKNWpSlD3WyBbkjlVwyoUgDWDyhY6DQad1hqpTh043rZgBu-YaKTTBxx-V_HS94pjqmem6RFSc-b6NQn0xYlupgxvkqyWEc4W58IOxBddjPXR-RASnpriSCbWvkc-FnvTQDBV7ZTKoBN9wxAAsZLNEaORPVa6eubr-gdY6NllHWYp_flRi0h-wdGDXRwS4v3zagqCSbSTjbvxEUDxhMLotJ3hgfYtOeCFB06QXu4RP7kmRvXd1Q1fWU0ww5H9cJTqZHLo5kH2GsbiVycXFOsAVrb4RT4SpgMoQQBDAdUgqVj28wwfPR7xFDyZCDHIAptVu84Pbl90d-_ZpGKYvHrAjFYYSXJRp9DWe3Ti4S8-zwGtoQL9RAI71Ulsh1Oo5x=w800-h600-no\" alt=\"\"   \/>\n        <\/a>        <div class=\"slideshow_description_box slideshow_transparent\">\n                                        <\/div>\n<\/div>\n\t\n<div class=\"slideshow_slide slideshow_slide_image\">\n        <a href=\"https:\/\/lh3.googleusercontent.com\/Qv12SifhG0uAaDG7u0-D8FnNryyVSwHu0DJnxnYL73wNm9_RROqu7o7i_2E1zGj08k_iMgmMDAaRMK7aTOfXk2ZA9ZSEzJ7u-onduXP7BNuc4qBQFi9RBM0hU0rAXYAGd-ywwQXpwUQwO1PmEZ_U97hQ9z-R41BKL_OYa1-QBFCv0Z-dToz_b-oEGDeCPkP4VRQJZ01rbeyFEWnVT3HgmOP3u0NkS2Gi5gSSAXHNqd-DWRh4ielvAXNisIHghVbFhhgYXP7um0QnJd7hoFPo0WxjwfFdXTJ_or7FWYvg4Pt61tXtVJfwcL6n9YfBEaZWQ7KtZz-UWTnj1KhFOV-oh-8SUcTN1ZVxcSB8IKaiIhC9U8SL9b3_rngAPbZyr_Z_og2p3SkuAmzuGMjWCH3rtyi5BhjmXAOlg1wR-4XQ5TUUlDtnszHc3PM5esMc0GIRqTfo-4TwBECBLK8LvhJ0Z5jbiqwHjW6IQOfovYrt0em3j6iDz9dSPUW-uJt3t8xclJVffE19ocWsxV5gupXoYzSr89U23qQdbr6nSFUb26pvjE-c9vZCDcrhVNLlY7HfPaZoLnzTTketfOtX7S44BBHShCm8h_1jLqMgLh4udT2OxZFMw8DO=w800-h600-no\" target=\"_blank\">        <img src=\"https:\/\/lh3.googleusercontent.com\/Qv12SifhG0uAaDG7u0-D8FnNryyVSwHu0DJnxnYL73wNm9_RROqu7o7i_2E1zGj08k_iMgmMDAaRMK7aTOfXk2ZA9ZSEzJ7u-onduXP7BNuc4qBQFi9RBM0hU0rAXYAGd-ywwQXpwUQwO1PmEZ_U97hQ9z-R41BKL_OYa1-QBFCv0Z-dToz_b-oEGDeCPkP4VRQJZ01rbeyFEWnVT3HgmOP3u0NkS2Gi5gSSAXHNqd-DWRh4ielvAXNisIHghVbFhhgYXP7um0QnJd7hoFPo0WxjwfFdXTJ_or7FWYvg4Pt61tXtVJfwcL6n9YfBEaZWQ7KtZz-UWTnj1KhFOV-oh-8SUcTN1ZVxcSB8IKaiIhC9U8SL9b3_rngAPbZyr_Z_og2p3SkuAmzuGMjWCH3rtyi5BhjmXAOlg1wR-4XQ5TUUlDtnszHc3PM5esMc0GIRqTfo-4TwBECBLK8LvhJ0Z5jbiqwHjW6IQOfovYrt0em3j6iDz9dSPUW-uJt3t8xclJVffE19ocWsxV5gupXoYzSr89U23qQdbr6nSFUb26pvjE-c9vZCDcrhVNLlY7HfPaZoLnzTTketfOtX7S44BBHShCm8h_1jLqMgLh4udT2OxZFMw8DO=w800-h600-no\" alt=\"\"   \/>\n        <\/a>        <div class=\"slideshow_description_box slideshow_transparent\">\n                                        <\/div>\n<\/div>\n\t\n<div style=\"clear: both;\"><\/div><\/div><div class=\"slideshow_view\"><div class=\"slideshow_slide slideshow_slide_image\">\n        <a href=\"https:\/\/lh3.googleusercontent.com\/_R5nuWqlGgnuaFEodS6BkxO8f8r3mNGceH8QSbd-O-DYpHVAFDmyqEAtbus5-nGk2uZ4ntpS1YWP6RPvwxjSo0HMpzRpYUARdd5ZfGf16JuZr8i-Yt4KyU-OSOgSeIF4qvXRWpu9-yl9zZdlqJph79NWXKA3NkMzlG_HTAVjUe88ewElFvbCsTXgxKqnbD-yDDza6O0kXG7MKiDxezVBd-7-3YDL5jqshXi0KcpU2AOmUwdw2Nh5urB086Ww1Fkn_2i_LHNXr1LiVwwjozV_kzSbZY-0mlZKKzrFzwdN1xx_rqXp7jRtfTboooADEdOTsKkRSBNF6I1TfB9j15x_tN1xzwzynOYDnTcaULRknudNOvBqkdkf0JVHu2LTVSfE7NDIzSzMm2iYRFcb9WQsNxO0w3i1V0YMfG3-pHjq4aowrTlHA0ns9w37_e3LVuRZRgMEejrtQoVdm8JrkDhpt-yDfIMh1wFXNFYxUuR3QWrefqsjM9T18wRI6k1rb8PCNsUpYbfB28C0TR65qUTMuXZGdCLNrVTQjUup6ViK4mSK5izEMuWU3KNiws4ia_hQK6Ytr8QUGMDVzcs4p8ICokAs_06uRU8Cze34_T7QO7W8mAz4alGB=w800-h600-no\" target=\"_blank\">        <img src=\"https:\/\/lh3.googleusercontent.com\/_R5nuWqlGgnuaFEodS6BkxO8f8r3mNGceH8QSbd-O-DYpHVAFDmyqEAtbus5-nGk2uZ4ntpS1YWP6RPvwxjSo0HMpzRpYUARdd5ZfGf16JuZr8i-Yt4KyU-OSOgSeIF4qvXRWpu9-yl9zZdlqJph79NWXKA3NkMzlG_HTAVjUe88ewElFvbCsTXgxKqnbD-yDDza6O0kXG7MKiDxezVBd-7-3YDL5jqshXi0KcpU2AOmUwdw2Nh5urB086Ww1Fkn_2i_LHNXr1LiVwwjozV_kzSbZY-0mlZKKzrFzwdN1xx_rqXp7jRtfTboooADEdOTsKkRSBNF6I1TfB9j15x_tN1xzwzynOYDnTcaULRknudNOvBqkdkf0JVHu2LTVSfE7NDIzSzMm2iYRFcb9WQsNxO0w3i1V0YMfG3-pHjq4aowrTlHA0ns9w37_e3LVuRZRgMEejrtQoVdm8JrkDhpt-yDfIMh1wFXNFYxUuR3QWrefqsjM9T18wRI6k1rb8PCNsUpYbfB28C0TR65qUTMuXZGdCLNrVTQjUup6ViK4mSK5izEMuWU3KNiws4ia_hQK6Ytr8QUGMDVzcs4p8ICokAs_06uRU8Cze34_T7QO7W8mAz4alGB=w800-h600-no\" alt=\"\"   \/>\n        <\/a>        <div class=\"slideshow_description_box slideshow_transparent\">\n                                        <\/div>\n<\/div>\n\t\n<div class=\"slideshow_slide slideshow_slide_image\">\n        <a href=\"https:\/\/lh3.googleusercontent.com\/ew7jr80LkdVi_8An33jpKwNa-bV01oGEWiF2S_4xpgPDe7ynDNdX-bE7rw-59LAo_ljWURmdS2CeJLRq3KOtvyGlmbxp4G6NMOs_wIu0-l2y_zpf1QU0uU88MSwp2AZHAlfz_NDk1PihcVHBBnPBrzOGnST9pXrkQIv7y-AIXrKeYbDvmbV_lpHetomU32pu_t2IxSatiY05BWt1X6urCIKFH0MiJeDzx2fYJZa71Jr9PElHNsRM4iWbtsJoy5r4-PWoDxipOONxm7rSIkvUHuROU7Lavd1GnGU5mOhmh75p9avlhkOl4aRA9RjVw1VnMMQ4Ln_-6_QlhOWlgWXkraNoAVdU2E-jFKcmCvgtXuBntDi1ok62ZUOt3ilSJV5MCaxUqXSiDAPBKz_WoprJHJ2XsNXqygkMid31Haweu6vFdLUX-dn77vCVRHi__F4jVZSr0pGYJTqFtufUYlDDrIpaexZ5spbHYbBjSVX9AKBvW_tX7Kkq__V1mypPTVTY-p8ZTdShXiMtHVkRx6bsTNZTpf8uNwV-euKMokE9gdwZhGspjjxtI4XmIB4FKvCFzy5J3y0WOi0IzAlx4txI3NSXnKPeyez46KGSQic4GfcheVpP6nBK=w800-h600-no\" target=\"_blank\">        <img src=\"https:\/\/lh3.googleusercontent.com\/ew7jr80LkdVi_8An33jpKwNa-bV01oGEWiF2S_4xpgPDe7ynDNdX-bE7rw-59LAo_ljWURmdS2CeJLRq3KOtvyGlmbxp4G6NMOs_wIu0-l2y_zpf1QU0uU88MSwp2AZHAlfz_NDk1PihcVHBBnPBrzOGnST9pXrkQIv7y-AIXrKeYbDvmbV_lpHetomU32pu_t2IxSatiY05BWt1X6urCIKFH0MiJeDzx2fYJZa71Jr9PElHNsRM4iWbtsJoy5r4-PWoDxipOONxm7rSIkvUHuROU7Lavd1GnGU5mOhmh75p9avlhkOl4aRA9RjVw1VnMMQ4Ln_-6_QlhOWlgWXkraNoAVdU2E-jFKcmCvgtXuBntDi1ok62ZUOt3ilSJV5MCaxUqXSiDAPBKz_WoprJHJ2XsNXqygkMid31Haweu6vFdLUX-dn77vCVRHi__F4jVZSr0pGYJTqFtufUYlDDrIpaexZ5spbHYbBjSVX9AKBvW_tX7Kkq__V1mypPTVTY-p8ZTdShXiMtHVkRx6bsTNZTpf8uNwV-euKMokE9gdwZhGspjjxtI4XmIB4FKvCFzy5J3y0WOi0IzAlx4txI3NSXnKPeyez46KGSQic4GfcheVpP6nBK=w800-h600-no\" alt=\"\"   \/>\n        <\/a>        <div class=\"slideshow_description_box slideshow_transparent\">\n                                        <\/div>\n<\/div>\n\t\n<div class=\"slideshow_slide slideshow_slide_image\">\n        <a href=\"https:\/\/lh3.googleusercontent.com\/Y2bmu6JIxIQNW3LZiYstzVm77ZGDmzwHivmmKHjFaE3sMvDIb7GcRwMYbQTGV0tlNsZB_Rd1lvBrN-_dBy-TVDTZmZQhKEVYnKDB7C-YkpTgGx4oYtuEK1S8iL-NQwg6DY1FCq57osRkRNjijM6_rqScP1iMTWFqqTJRumb9r3i0xQy0_aJk4LhGz5Ay3Y5NU1ON8iNfmDG7TDQ0rfnnZ-uEwbzyrK-nU_xV6-wRwR3Bu71Veu_9gTCXZ67VWm75I3FVe0MbSZ4X_piB8jMjDXqqwDC0e8fwUp3bVcpEdjr_-Wkh5UAWMVvgfXC8r9PlMC6DjhHC9D8wM268yYiSx9ikb4YMUiotpTpdFZuiWy9CZp7XHNvHugkEoFGGzzk0HxRQMi82AzBG_ASMJXU_1MJ3EreEqWO09VJRPjVIpyOeZBIopdJeBCXWtEzk7kpp6UU2kCX6bIXw-r78JfMfTHdaKfX8MEkwh2VOW85cjfrgX9x2W-tPQMGrZy8dGlNrrghJSRMa6HGPpjIMRjQGXe_xPtKh62gzqVrw9aMdxPAqsWWYSuUTx8TQ2It-QOveon0LRU3-UzT0zKT91vvEZ4msbQC2tuBE-LahSBFgxwt47eJ9xUnR=w800-h600-no\" target=\"_blank\">        <img src=\"https:\/\/lh3.googleusercontent.com\/Y2bmu6JIxIQNW3LZiYstzVm77ZGDmzwHivmmKHjFaE3sMvDIb7GcRwMYbQTGV0tlNsZB_Rd1lvBrN-_dBy-TVDTZmZQhKEVYnKDB7C-YkpTgGx4oYtuEK1S8iL-NQwg6DY1FCq57osRkRNjijM6_rqScP1iMTWFqqTJRumb9r3i0xQy0_aJk4LhGz5Ay3Y5NU1ON8iNfmDG7TDQ0rfnnZ-uEwbzyrK-nU_xV6-wRwR3Bu71Veu_9gTCXZ67VWm75I3FVe0MbSZ4X_piB8jMjDXqqwDC0e8fwUp3bVcpEdjr_-Wkh5UAWMVvgfXC8r9PlMC6DjhHC9D8wM268yYiSx9ikb4YMUiotpTpdFZuiWy9CZp7XHNvHugkEoFGGzzk0HxRQMi82AzBG_ASMJXU_1MJ3EreEqWO09VJRPjVIpyOeZBIopdJeBCXWtEzk7kpp6UU2kCX6bIXw-r78JfMfTHdaKfX8MEkwh2VOW85cjfrgX9x2W-tPQMGrZy8dGlNrrghJSRMa6HGPpjIMRjQGXe_xPtKh62gzqVrw9aMdxPAqsWWYSuUTx8TQ2It-QOveon0LRU3-UzT0zKT91vvEZ4msbQC2tuBE-LahSBFgxwt47eJ9xUnR=w800-h600-no\" alt=\"\"   \/>\n        <\/a>        <div class=\"slideshow_description_box slideshow_transparent\">\n                                        <\/div>\n<\/div>\n\t\n<div style=\"clear: both;\"><\/div><\/div>\r\n\t\t<\/div>\r\n\r\n\t\t<div class=\"slideshow_controlPanel slideshow_transparent\" style=\"display: none;\"><ul><li class=\"slideshow_togglePlay\" data-play-text=\"Visualitza\" data-pause-text=\"Pausa\"><\/li><\/ul><\/div>\r\n\r\n\t\t<div class=\"slideshow_button slideshow_previous slideshow_transparent\" role=\"button\" data-previous-text=\"Anterior\" style=\"display: none;\"><\/div>\r\n\t\t<div class=\"slideshow_button slideshow_next slideshow_transparent\" role=\"button\" data-next-text=\"Seg\u00fcent\" style=\"display: none;\"><\/div>\r\n\r\n\t\t<div class=\"slideshow_pagination\" style=\"display: none;\" data-go-to-text=\"V\u00e9s a la diapositiva\"><div class=\"slideshow_pagination_center\"><\/div><\/div>\r\n\r\n\t\t<!-- WordPress Slideshow Version 2.3.1 -->\r\n\r\n\t\t\t<\/div>\r\n\r\n\n<p><strong>\u00c0mbit curricular:<\/strong>\u00a0Coneixement del medi natural, social i cultural; Tecnologia<\/p>\n<p><strong>Lloc on es realitza:<\/strong>\u00a0Torre de Collserola (prop del Tibidabo)<\/p>\n<p><strong>Nivell educatiu: <\/strong>E.S.O.<strong><br \/>\n<\/strong><\/p>\n<p><strong>Estacionalitat:<\/strong>\u00a0Tot l&#8217;any<\/p>\n<p style=\"text-align: justify;\"><strong>Objectius:<\/strong>\u00a0\u00a0Enumerar les funcions de la Torre de telecomunicacions de Collserola; explicar-ne el proc\u00e9s de construcci\u00f3 i citar els elements que la integren.\u00a0Descriure el relleu de l&#8217;\u00e0mbit de l&#8217;\u00e0rea metropolitana de Barcelona\u00a0Determinar, a grans trets, els usos del s\u00f2l en l&#8217;\u00e0mbit metropolit\u00e0.\u00a0Analitzar l&#8217;estructura urbana de la ciutat de Barcelona.\u00a0Valorar el paper del Parc de Collserola dins la conurbaci\u00f3 metropolitana.\u00a0Usar amb correcci\u00f3 mapes, escal\u00edmetres, clin\u00f2metres.Q\u00fcestionar-se la possible problem\u00e0tica de les radiacions i els camps electromagn\u00e8tics.<\/p>\n<p><strong>Compet\u00e8ncies b\u00e0siques\u00a0 que m\u00e9s potencia<\/strong>:<\/p>\n<ul>\n<li><strong>\u00c0mbit cientificotecnol\u00f2gic:<\/strong>\n<ul>\n<li><strong>Compet\u00e8ncia 5. <\/strong>Resoldre problemes de la vida quotidiana aplicant el raonament cient\u00edfic.<\/li>\n<li><strong>Compet\u00e8ncia 11<\/strong>. Adoptar mesures amb criteris cient\u00edfics que evitin o minimitzin els impactes mediambientals derivats de la intervenci\u00f3 humana.<\/li>\n<\/ul>\n<\/li>\n<li><strong>\u00c0mbit matem\u00e0tic:<\/strong>\n<ul>\n<li><strong>Compet\u00e8ncia 2. <\/strong>Emprar conceptes, eines i estrat\u00e8gies matem\u00e0tiques per resoldre problemes.<\/li>\n<li><strong>Compet\u00e8ncia 3. <\/strong>Mantenir una actitud de recerca davant d\u2019un problema assajant estrat\u00e8gies diverses.<\/li>\n<li><strong>Compet\u00e8ncia 4. <\/strong>Generar preguntes de caire matem\u00e0tic i plantejar problemes.<\/li>\n<\/ul>\n<\/li>\n<li><strong>\u00c0mbit social:<\/strong>\n<ul>\n<li><strong>Compet\u00e8ncia 5. <\/strong>Explicar les interrelacions entre els elements de l\u2019espai geogr\u00e0fic, per gestionar les activitats humanes en el territori amb criteris de sostenibilitat.<\/li>\n<\/ul>\n<\/li>\n<li><strong>\u00c0mbit<\/strong><strong> cultura i valors<\/strong>\n<ul>\n<li><strong>Compet\u00e8ncia 9<\/strong>. Analitzar cr\u00edticament l\u2019entorn natural des de la perspectiva \u00e8tica, individualment i de manera col\u00b7lectiva<\/li>\n<li><strong>Compet\u00e8ncia 10. <\/strong>Realitzar activitats de participaci\u00f3 i de col\u00b7laboraci\u00f3 que promoguin actituds de comprom\u00eds i democr\u00e0tiques<strong><br \/>\n<\/strong><\/li>\n<\/ul>\n<\/li>\n<\/ul>\n<p style=\"text-align: justify;\"><strong>Tipus d&#8217;activitat:<\/strong>\u00a0Visita<\/p>\n<p style=\"text-align: justify;\"><strong>Descripci\u00f3:<\/strong>\u00a0L&#8217;activitat consisteix en aprofitar el gran potencial did\u00e0ctic que ens ofereix la torre de Collserola tant en aspectes t\u00e8cnics (telecomunicacions, arquitectura) com en aspectes socials i geogr\u00e0fics (el relleu, l&#8217;ordenaci\u00f3 territorial i els usos del s\u00f2l; l&#8217;estructura urbana i les xarxes de comunicacions; el paper d&#8217;un Parc metropolit\u00e0&#8230;<\/p>\n<p style=\"text-align: justify;\">Primera part (des de l&#8217;aparcament): situaci\u00f3, estructura i funcions de la torre; c\u00e0lcul d&#8217;al\u00e7ades per procediments matem\u00e0tics.<br \/>\nSegona part (pujada a la torre): c\u00e0lcul de la velocitat d&#8217;ascensi\u00f3.<br \/>\nTercera part (dalt la torre): lectura i interpretaci\u00f3 del paisatge de l&#8217;entorn metropolit\u00e0 de la ciutat de Barcelona; el relleu, els usos del s\u00f2l, les estructures urbanes i vi\u00e0ries.<br \/>\nDetecci\u00f3 i valoraci\u00f3 de radiacions de radiofreq\u00fc\u00e8ncia i camps electromagn\u00e8tics en tres zones diferents.<\/p>\n<p style=\"text-align: justify;\"><strong>Material:<\/strong>\u00a0Prism\u00e0tics, escal\u00edmetres, clin\u00f2metres, cron\u00f2metres, mapes diversos. Sensor de camps electromagn\u00e8tics. Quadern de treball. Colors diversos.<\/p>\n<p><strong>Durada:<\/strong>\u00a0Mitja jornada,\u00a0de 10 h a 13 h aproximadament.<\/p>\n<p><strong>Despla\u00e7ament:<\/strong>\u00a0Cal arribar-se al peu de la Torre de Collserola\u00a0amb autocar o altres mitjans. Despr\u00e9s recorregut a peu d&#8217;uns 300 m.<\/p>\n<p><strong>Observacions:<\/strong>\u00a0Territori observable en dies de visibilitat mitjana: Barcelon\u00e8s, Baix Llobregat, Vall\u00e8s Occidental, Vall\u00e8s Oriental, Maresme (en dies clars, radi de visi\u00f3 de 70 km). En cas de vent mitj\u00e0 a fort, els responsables de la Torre de Collserola poden anul\u00b7lar l&#8217;ascensi\u00f3 al mirador.<\/p>\n<p><strong>Cost addicional<\/strong>\u00a0: Aquesta activitat comporta un cost de 3,10 \u20ac per alumne, que correspon a l&#8217;import que cobra l&#8217;entitat que gestiona l&#8217;entrada al mirador (consulteu el preu a partir de 2014)<\/p>\n<p>Per a m\u00e9s informaci\u00f3 consulteu el Full d&#8217;organitzaci\u00f3 de la sortida\u00a0\u2191<strong><br \/>\n<\/strong><\/p>\n<p>&nbsp;<\/p>\n","protected":false},"excerpt":{"rendered":"<p>&nbsp; TOR-ESO Quadern de treball Full d&#8217;organitzaci\u00f3 de sortida Propostes act. pr\u00e8vies i posteriors Lloc de trobada Cost addicional entrada Codi activitat \u00c0mbit curricular:\u00a0Coneixement del medi natural, social i cultural; Tecnologia Lloc on es realitza:\u00a0Torre de Collserola (prop del Tibidabo) Nivell educatiu: E.S.O. Estacionalitat:\u00a0Tot l&#8217;any Objectius:\u00a0\u00a0Enumerar les funcions de la Torre de telecomunicacions de Collserola; [&hellip;]<\/p>\n","protected":false},"author":1,"featured_media":0,"parent":8536,"menu_order":8,"comment_status":"closed","ping_status":"closed","template":"page-templates\/side-menu.php","meta":{"_bbp_topic_count":0,"_bbp_reply_count":0,"_bbp_total_topic_count":0,"_bbp_total_reply_count":0,"_bbp_voice_count":0,"_bbp_anonymous_reply_count":0,"_bbp_topic_count_hidden":0,"_bbp_reply_count_hidden":0,"_bbp_forum_subforum_count":0,"site-sidebar-layout":"default","site-content-layout":"","ast-site-content-layout":"","site-content-style":"default","site-sidebar-style":"default","ast-global-header-display":"","ast-banner-title-visibility":"","ast-main-header-display":"","ast-hfb-above-header-display":"","ast-hfb-below-header-display":"","ast-hfb-mobile-header-display":"","site-post-title":"","ast-breadcrumbs-content":"","ast-featured-img":"","footer-sml-layout":"","theme-transparent-header-meta":"","adv-header-id-meta":"","stick-header-meta":"","header-above-stick-meta":"","header-main-stick-meta":"","header-below-stick-meta":"","astra-migrate-meta-layouts":"default","ast-page-background-enabled":"default","ast-page-background-meta":{"desktop":{"background-color":"var(--ast-global-color-4)","background-image":"","background-repeat":"repeat","background-position":"center center","background-size":"auto","background-attachment":"scroll","background-type":"","background-media":"","overlay-type":"","overlay-color":"","overlay-opacity":"","overlay-gradient":""},"tablet":{"background-color":"","background-image":"","background-repeat":"repeat","background-position":"center center","background-size":"auto","background-attachment":"scroll","background-type":"","background-media":"","overlay-type":"","overlay-color":"","overlay-opacity":"","overlay-gradient":""},"mobile":{"background-color":"","background-image":"","background-repeat":"repeat","background-position":"center center","background-size":"auto","background-attachment":"scroll","background-type":"","background-media":"","overlay-type":"","overlay-color":"","overlay-opacity":"","overlay-gradient":""}},"ast-content-background-meta":{"desktop":{"background-color":"var(--ast-global-color-5)","background-image":"","background-repeat":"repeat","background-position":"center center","background-size":"auto","background-attachment":"scroll","background-type":"","background-media":"","overlay-type":"","overlay-color":"","overlay-opacity":"","overlay-gradient":""},"tablet":{"background-color":"var(--ast-global-color-5)","background-image":"","background-repeat":"repeat","background-position":"center center","background-size":"auto","background-attachment":"scroll","background-type":"","background-media":"","overlay-type":"","overlay-color":"","overlay-opacity":"","overlay-gradient":""},"mobile":{"background-color":"var(--ast-global-color-5)","background-image":"","background-repeat":"repeat","background-position":"center center","background-size":"auto","background-attachment":"scroll","background-type":"","background-media":"","overlay-type":"","overlay-color":"","overlay-opacity":"","overlay-gradient":""}},"footnotes":""},"class_list":["post-1508","page","type-page","status-publish","hentry"],"post_mailing_queue_ids":[],"_links":{"self":[{"href":"https:\/\/serveiseducatius.xtec.cat\/cda-cansantoi\/wp-json\/wp\/v2\/pages\/1508","targetHints":{"allow":["GET"]}}],"collection":[{"href":"https:\/\/serveiseducatius.xtec.cat\/cda-cansantoi\/wp-json\/wp\/v2\/pages"}],"about":[{"href":"https:\/\/serveiseducatius.xtec.cat\/cda-cansantoi\/wp-json\/wp\/v2\/types\/page"}],"author":[{"embeddable":true,"href":"https:\/\/serveiseducatius.xtec.cat\/cda-cansantoi\/wp-json\/wp\/v2\/users\/1"}],"replies":[{"embeddable":true,"href":"https:\/\/serveiseducatius.xtec.cat\/cda-cansantoi\/wp-json\/wp\/v2\/comments?post=1508"}],"version-history":[{"count":4,"href":"https:\/\/serveiseducatius.xtec.cat\/cda-cansantoi\/wp-json\/wp\/v2\/pages\/1508\/revisions"}],"predecessor-version":[{"id":14318,"href":"https:\/\/serveiseducatius.xtec.cat\/cda-cansantoi\/wp-json\/wp\/v2\/pages\/1508\/revisions\/14318"}],"up":[{"embeddable":true,"href":"https:\/\/serveiseducatius.xtec.cat\/cda-cansantoi\/wp-json\/wp\/v2\/pages\/8536"}],"wp:attachment":[{"href":"https:\/\/serveiseducatius.xtec.cat\/cda-cansantoi\/wp-json\/wp\/v2\/media?parent=1508"}],"curies":[{"name":"wp","href":"https:\/\/api.w.org\/{rel}","templated":true}]}}