{"id":13930,"date":"2022-01-14T15:14:48","date_gmt":"2022-01-14T14:14:48","guid":{"rendered":"https:\/\/serveiseducatius.xtec.cat\/cda-cansantoi\/?page_id=13930"},"modified":"2022-11-14T13:33:15","modified_gmt":"2022-11-14T12:33:15","slug":"exploradors","status":"publish","type":"page","link":"https:\/\/serveiseducatius.xtec.cat\/cda-cansantoi\/exploradors\/","title":{"rendered":"Exploradors"},"content":{"rendered":"<header class=\"entry-header\">\n<p class=\"entry-title\">\n<\/header>\n<div class=\"entry-content\">\n<table border=\"0\" cellspacing=\"0\" cellpadding=\"3\">\n<tbody>\n<tr>\n<td width=\"94\">\n<div align=\"center\"><a href=\"http:\/\/www.xtec.cat\/cda-cansantoi\/EXPLORADORS DEL BOSC, QUADRE DE REGISTRE.pdf\" target=\"_blank\" rel=\"noopener\"><img loading=\"lazy\" decoding=\"async\" class=\"aligncenter wp-image-1371\" src=\"http:\/\/blocs.xtec.cat\/cdacansantoi\/files\/2014\/05\/qta.gif\" alt=\"Baixar quadern de treball de l'alumne\" width=\"40\" height=\"40\" \/><\/a><\/div>\n<\/td>\n<td width=\"94\">\n<div align=\"center\"><a href=\"https:\/\/serveiseducatius.xtec.cat\/cda-cansantoi\/en-preparacio-2\/\" target=\"_blank\" rel=\"noopener\"><img loading=\"lazy\" decoding=\"async\" class=\"aligncenter wp-image-1358 size-full\" src=\"https:\/\/serveiseducatius.xtec.cat\/cda-cansantoi\/wp-content\/uploads\/usu1385\/2014\/05\/carpeta_camp.png\" alt=\"Baixar full d'organitzaci\u00f3 de la sortida\" width=\"32\" height=\"32\" \/><\/a><\/div>\n<\/td>\n<td width=\"94\">\n<div align=\"center\"><a href=\"http:\/\/www.xtec.cat\/cda-cansantoi\/PLANIFICACI\u00d3 DEL PROJECTE COMPETENCIAL_SORTIDES_EXPLORADORS.pdf\" target=\"_blank\" rel=\"noopener\"><img loading=\"lazy\" decoding=\"async\" class=\"aligncenter wp-image-1420\" src=\"http:\/\/blocs.xtec.cat\/cdacansantoi\/files\/2014\/01\/llibreta.gif\" alt=\"llibreta\" width=\"28\" height=\"36\" \/><\/a><\/div>\n<\/td>\n<td align=\"center\" width=\"94\">\n<div align=\"center\"><a href=\"https:\/\/maps.google.com\/maps\/ms?msa=0&amp;msid=203310988220912994480.00044828f13fc5a67029b&amp;hl=ca&amp;ie=UTF8&amp;t=m&amp;ll=41.43552,2.04895&amp;spn=0.180173,0.291824&amp;z=11&amp;source=embed\" target=\"_blank\" rel=\"noopener\"><img loading=\"lazy\" decoding=\"async\" class=\"size-full wp-image-1416 aligncenter\" src=\"http:\/\/blocs.xtec.cat\/cdacansantoi\/files\/2014\/01\/Punt-de-trobada.png\" alt=\"Punt de trobada\" width=\"44\" height=\"40\" \/><\/a><\/div>\n<\/td>\n<td width=\"94\"><\/td>\n<td width=\"94\"><strong>EXP-PRI<\/strong><\/td>\n<\/tr>\n<tr>\n<td width=\"94\">\n<div class=\"Estilo1\" align=\"center\">\n<div align=\"center\">Quadern de treball<\/div>\n<\/div>\n<\/td>\n<td width=\"94\">\n<div class=\"Estilo1\" align=\"center\">\n<div align=\"center\">Full d\u2019organitzaci\u00f3 de sortida<\/div>\n<\/div>\n<\/td>\n<td width=\"94\">\n<div class=\"Estilo1\" align=\"center\">\n<div align=\"center\">Propostes act. pr\u00e8vies i posteriors<\/div>\n<\/div>\n<\/td>\n<td width=\"94\">\n<div class=\"Estilo1\" align=\"center\">\n<div align=\"center\">Lloc de trobada<\/div>\n<\/div>\n<\/td>\n<td width=\"94\">\n<div class=\"Estilo1\" align=\"center\"><\/div>\n<\/td>\n<td width=\"94\">\n<div class=\"Estilo1\" align=\"center\">Codi activitat<\/div>\n<\/td>\n<\/tr>\n<\/tbody>\n<\/table>\n<p><strong>\u00c0mbit curricular:<\/strong>\u00a0Ci\u00e8ncies experimentals\/naturals<\/p>\n<p><strong>Lloc on es realitza:<\/strong>\u00a0Camp d\u2019Aprenentatge i voltants.<\/p>\n<p><strong>Nivell educatiu:<\/strong>\u00a0 Prim\u00e0ria.<\/p>\n<p><strong>Estacionalitat:<\/strong>\u00a0Tot l\u2019any.<\/p>\n<p><strong>Objectius:<\/strong> Observar i descriure diferents animals del bosc de Collserola a trav\u00e9s dels rastres trobats, identificar diferents tipus de vegetaci\u00f3 i minerals.<\/p>\n<p><strong>Tipus d\u2019activitat:<\/strong>\u00a0Itinerari. Descoberta. Taller<\/p>\n<p><strong>Descripci\u00f3:<\/strong> Itinerari d\u2019observaci\u00f3 i identificaci\u00f3 de rastres de diferents animals de Collserola, vegetaci\u00f3 i minerals.<\/p>\n<p><strong>Material:<\/strong>\u00a0Quadern de treball de l\u2019alumne. Br\u00faixola. Rastres d\u2019animals. Fitxes d\u2019animals. \u00a0Motlles petjades i fang.<\/p>\n<p><strong>Durada:<\/strong>\u00a0Mitja jornada<\/p>\n<p><strong>Despla\u00e7ament:<\/strong>\u00a0Recorregut a peu, 45 minuts.<\/p>\n<\/div>\n","protected":false},"excerpt":{"rendered":"<p>EXP-PRI Quadern de treball Full d\u2019organitzaci\u00f3 de sortida Propostes act. pr\u00e8vies i posteriors Lloc de trobada Codi activitat \u00c0mbit curricular:\u00a0Ci\u00e8ncies experimentals\/naturals Lloc on es realitza:\u00a0Camp d\u2019Aprenentatge i voltants. Nivell educatiu:\u00a0 Prim\u00e0ria. Estacionalitat:\u00a0Tot l\u2019any. Objectius: Observar i descriure diferents animals del bosc de Collserola a trav\u00e9s dels rastres trobats, identificar diferents tipus de vegetaci\u00f3 i minerals. [&hellip;]<\/p>\n","protected":false},"author":3,"featured_media":0,"parent":0,"menu_order":0,"comment_status":"closed","ping_status":"closed","template":"","meta":{"_bbp_topic_count":0,"_bbp_reply_count":0,"_bbp_total_topic_count":0,"_bbp_total_reply_count":0,"_bbp_voice_count":0,"_bbp_anonymous_reply_count":0,"_bbp_topic_count_hidden":0,"_bbp_reply_count_hidden":0,"_bbp_forum_subforum_count":0,"site-sidebar-layout":"default","site-content-layout":"","ast-site-content-layout":"","site-content-style":"default","site-sidebar-style":"default","ast-global-header-display":"","ast-banner-title-visibility":"","ast-main-header-display":"","ast-hfb-above-header-display":"","ast-hfb-below-header-display":"","ast-hfb-mobile-header-display":"","site-post-title":"","ast-breadcrumbs-content":"","ast-featured-img":"","footer-sml-layout":"","theme-transparent-header-meta":"","adv-header-id-meta":"","stick-header-meta":"","header-above-stick-meta":"","header-main-stick-meta":"","header-below-stick-meta":"","astra-migrate-meta-layouts":"default","ast-page-background-enabled":"default","ast-page-background-meta":{"desktop":{"background-color":"var(--ast-global-color-4)","background-image":"","background-repeat":"repeat","background-position":"center center","background-size":"auto","background-attachment":"scroll","background-type":"","background-media":"","overlay-type":"","overlay-color":"","overlay-opacity":"","overlay-gradient":""},"tablet":{"background-color":"","background-image":"","background-repeat":"repeat","background-position":"center center","background-size":"auto","background-attachment":"scroll","background-type":"","background-media":"","overlay-type":"","overlay-color":"","overlay-opacity":"","overlay-gradient":""},"mobile":{"background-color":"","background-image":"","background-repeat":"repeat","background-position":"center center","background-size":"auto","background-attachment":"scroll","background-type":"","background-media":"","overlay-type":"","overlay-color":"","overlay-opacity":"","overlay-gradient":""}},"ast-content-background-meta":{"desktop":{"background-color":"var(--ast-global-color-5)","background-image":"","background-repeat":"repeat","background-position":"center center","background-size":"auto","background-attachment":"scroll","background-type":"","background-media":"","overlay-type":"","overlay-color":"","overlay-opacity":"","overlay-gradient":""},"tablet":{"background-color":"var(--ast-global-color-5)","background-image":"","background-repeat":"repeat","background-position":"center center","background-size":"auto","background-attachment":"scroll","background-type":"","background-media":"","overlay-type":"","overlay-color":"","overlay-opacity":"","overlay-gradient":""},"mobile":{"background-color":"var(--ast-global-color-5)","background-image":"","background-repeat":"repeat","background-position":"center center","background-size":"auto","background-attachment":"scroll","background-type":"","background-media":"","overlay-type":"","overlay-color":"","overlay-opacity":"","overlay-gradient":""}},"footnotes":""},"class_list":["post-13930","page","type-page","status-publish","hentry"],"post_mailing_queue_ids":[],"_links":{"self":[{"href":"https:\/\/serveiseducatius.xtec.cat\/cda-cansantoi\/wp-json\/wp\/v2\/pages\/13930","targetHints":{"allow":["GET"]}}],"collection":[{"href":"https:\/\/serveiseducatius.xtec.cat\/cda-cansantoi\/wp-json\/wp\/v2\/pages"}],"about":[{"href":"https:\/\/serveiseducatius.xtec.cat\/cda-cansantoi\/wp-json\/wp\/v2\/types\/page"}],"author":[{"embeddable":true,"href":"https:\/\/serveiseducatius.xtec.cat\/cda-cansantoi\/wp-json\/wp\/v2\/users\/3"}],"replies":[{"embeddable":true,"href":"https:\/\/serveiseducatius.xtec.cat\/cda-cansantoi\/wp-json\/wp\/v2\/comments?post=13930"}],"version-history":[{"count":3,"href":"https:\/\/serveiseducatius.xtec.cat\/cda-cansantoi\/wp-json\/wp\/v2\/pages\/13930\/revisions"}],"predecessor-version":[{"id":13941,"href":"https:\/\/serveiseducatius.xtec.cat\/cda-cansantoi\/wp-json\/wp\/v2\/pages\/13930\/revisions\/13941"}],"wp:attachment":[{"href":"https:\/\/serveiseducatius.xtec.cat\/cda-cansantoi\/wp-json\/wp\/v2\/media?parent=13930"}],"curies":[{"name":"wp","href":"https:\/\/api.w.org\/{rel}","templated":true}]}}