{"id":1321,"date":"2014-05-08T17:45:49","date_gmt":"2014-05-08T16:45:49","guid":{"rendered":"http:\/\/blocs.xtec.cat\/cdacansantoi\/?page_id=1321"},"modified":"2022-05-20T09:48:39","modified_gmt":"2022-05-20T07:48:39","slug":"organitzacio-sortides-2","status":"publish","type":"page","link":"https:\/\/serveiseducatius.xtec.cat\/cda-cansantoi\/modalitats\/sortides\/organitzacio-sortides-2\/","title":{"rendered":"Organitzaci\u00f3 sortides"},"content":{"rendered":"<p style=\"text-align: justify;\">El paper del professorat \u00e9s essencial per tal que la sortida un \u00e8xit. En aquesta p\u00e0gina trobareu informaci\u00f3 sobre les actuacions que cal tenir presents. Consulteu tamb\u00e9:<a title=\"Inscripci\u00f3 sortides\" href=\"http:\/\/serveiseducatius.xtec.cat\/cda-cansantoi\/modalitats\/sortides\/inscripcio-sortides\/\">\u00a0Inscripci\u00f3\u00a0sortides<\/a>.<\/p>\n<p style=\"text-align: justify;\"><strong>Trobada de coordinaci\u00f3<\/strong><\/p>\n<p style=\"text-align: justify;\">A Can Santoi seleccionem cada curs determinades activitats de la nostra oferta pedag\u00f2gica com a priorit\u00e0ries (ja sigui per potenciar una activitat nova o per oferir als centres aquelles de les qu\u00e8 disposem de m\u00e9s recursos did\u00e0ctics). Consulteu al <a title=\"Totes les activitats\" href=\"http:\/\/serveiseducatius.xtec.cat\/cda-cansantoi\/ambits\/totes-les-activitats\/\">cat\u00e0leg d&#8217;activitats<\/a>\u00a0les activitats priorit\u00e0ries per al curs actual.<\/p>\n<p style=\"text-align: justify;\">Durant el curs realitzemde setembre organitzem per al professorat que ha escollit activitats priorit\u00e0ries unes trobades de coordinaci\u00f3 (TC) per tal de con\u00e8ixer a fons la proposta did\u00e0ctica i els recursos que posem al seu abast. Estigueu atents a la data de la convocat\u00f2ria. La podreu consultar a<a href=\"https:\/\/aplicacions.gestioeducativa.gencat.cat\/pls\/apex\/f?p=151\">\u00a0l&#8217;aplicatiu d&#8217;inscripci\u00f3<\/a>, un cop assignada la sortida. Tamb\u00e9 durant el curs realitzem trobades de <strong>coordinaci\u00f3 telem\u00e0tica<\/strong> un cop hem acordat la data i hora amb els docents responsables i generem una videoconfer\u00e8ncia i una carpeta compartida amb els documents.<\/p>\n<p style=\"text-align: justify;\"><strong>Actuacions pr\u00e8vies a la sortida<\/strong><\/p>\n<ul style=\"text-align: justify;\">\n<li>Realitzaci\u00f3 d&#8217;activitats pr\u00e8vies per part de l&#8217;alumnat, de preparaci\u00f3, motivaci\u00f3 i plantejament d&#8217;hip\u00f2tesis a determinades q\u00fcestions a resoldre. Can Santoi us far\u00e0 propostes adaptades al vostres alumnes.<\/li>\n<li>Organitzaci\u00f3 i dinamitzaci\u00f3 dels grups de treball d&#8217;alumnes.<\/li>\n<li>Preparaci\u00f3 de la documentaci\u00f3 i el pagament:\n<ul>\n<li>Impressi\u00f3 i tramesa del full de formalitzaci\u00f3 de la inscripci\u00f3<\/li>\n<li>Recopilaci\u00f3 dels permisos paterns dels alumnes<\/li>\n<li>Preparaci\u00f3 del llistat dels alumnes amb les exempcions i\/o bonificacions de la quota d&#8217;ensenyament\/aprenentatge, aix\u00ed com els documents que ho justifiquin.<\/li>\n<\/ul>\n<\/li>\n<li>Informar al CdA uns 10 dies abans del nombre exacte d&#8217;alumnes que assistiran a la sortida i altres dades que siguin rellevants.<\/li>\n<\/ul>\n<p style=\"text-align: justify;\"><strong>Actuacions durant la sortida<\/strong><\/p>\n<ul style=\"text-align: justify;\">\n<li>Resoldre els aspectes administratius i els pagaments amb el Camp d&#8217;Aprenentatge<\/li>\n<li>Col\u00b7laborar i participar de manera activa en el desenvolupament de l&#8217;activitat.<\/li>\n<li>\u00a0Supervisar a l&#8217;alumnat durant l&#8217;activitat.<\/li>\n<li>Ingr\u00e9s al compte corrent del CdA de l&#8217;import total de la quota esmentada en l&#8217;apartat anterior.<\/li>\n<\/ul>\n<p style=\"text-align: justify;\"><strong>Actuacions posteriors<\/strong><\/p>\n<ul>\n<li style=\"text-align: justify;\">Realitzaci\u00f3 de les activitats posteriors amb l&#8217;alumnat de consolidaci\u00f3 i conclusi\u00f3 de la sortida<\/li>\n<li style=\"text-align: justify;\">Fer arribar a Can Santoi una mostra dels treballs elaborats pels alumnes.<\/li>\n<li style=\"text-align: justify;\">Completar les enquestes de valoraci\u00f3 de la sortida (professorat i alumnat)<\/li>\n<\/ul>\n","protected":false},"excerpt":{"rendered":"<p>El paper del professorat \u00e9s essencial per tal que la sortida un \u00e8xit. En aquesta p\u00e0gina trobareu informaci\u00f3 sobre les actuacions que cal tenir presents. Consulteu tamb\u00e9:\u00a0Inscripci\u00f3\u00a0sortides. Trobada de coordinaci\u00f3 A Can Santoi seleccionem cada curs determinades activitats de la nostra oferta pedag\u00f2gica com a priorit\u00e0ries (ja sigui per potenciar una activitat nova o per [&hellip;]<\/p>\n","protected":false},"author":1,"featured_media":0,"parent":155,"menu_order":3,"comment_status":"closed","ping_status":"closed","template":"page-templates\/side-menu.php","meta":{"_bbp_topic_count":0,"_bbp_reply_count":0,"_bbp_total_topic_count":0,"_bbp_total_reply_count":0,"_bbp_voice_count":0,"_bbp_anonymous_reply_count":0,"_bbp_topic_count_hidden":0,"_bbp_reply_count_hidden":0,"_bbp_forum_subforum_count":0,"site-sidebar-layout":"default","site-content-layout":"","ast-site-content-layout":"","site-content-style":"default","site-sidebar-style":"default","ast-global-header-display":"","ast-banner-title-visibility":"","ast-main-header-display":"","ast-hfb-above-header-display":"","ast-hfb-below-header-display":"","ast-hfb-mobile-header-display":"","site-post-title":"","ast-breadcrumbs-content":"","ast-featured-img":"","footer-sml-layout":"","theme-transparent-header-meta":"","adv-header-id-meta":"","stick-header-meta":"","header-above-stick-meta":"","header-main-stick-meta":"","header-below-stick-meta":"","astra-migrate-meta-layouts":"default","ast-page-background-enabled":"default","ast-page-background-meta":{"desktop":{"background-color":"var(--ast-global-color-4)","background-image":"","background-repeat":"repeat","background-position":"center center","background-size":"auto","background-attachment":"scroll","background-type":"","background-media":"","overlay-type":"","overlay-color":"","overlay-opacity":"","overlay-gradient":""},"tablet":{"background-color":"","background-image":"","background-repeat":"repeat","background-position":"center center","background-size":"auto","background-attachment":"scroll","background-type":"","background-media":"","overlay-type":"","overlay-color":"","overlay-opacity":"","overlay-gradient":""},"mobile":{"background-color":"","background-image":"","background-repeat":"repeat","background-position":"center center","background-size":"auto","background-attachment":"scroll","background-type":"","background-media":"","overlay-type":"","overlay-color":"","overlay-opacity":"","overlay-gradient":""}},"ast-content-background-meta":{"desktop":{"background-color":"var(--ast-global-color-5)","background-image":"","background-repeat":"repeat","background-position":"center center","background-size":"auto","background-attachment":"scroll","background-type":"","background-media":"","overlay-type":"","overlay-color":"","overlay-opacity":"","overlay-gradient":""},"tablet":{"background-color":"var(--ast-global-color-5)","background-image":"","background-repeat":"repeat","background-position":"center center","background-size":"auto","background-attachment":"scroll","background-type":"","background-media":"","overlay-type":"","overlay-color":"","overlay-opacity":"","overlay-gradient":""},"mobile":{"background-color":"var(--ast-global-color-5)","background-image":"","background-repeat":"repeat","background-position":"center center","background-size":"auto","background-attachment":"scroll","background-type":"","background-media":"","overlay-type":"","overlay-color":"","overlay-opacity":"","overlay-gradient":""}},"footnotes":""},"class_list":["post-1321","page","type-page","status-publish","hentry"],"post_mailing_queue_ids":[],"_links":{"self":[{"href":"https:\/\/serveiseducatius.xtec.cat\/cda-cansantoi\/wp-json\/wp\/v2\/pages\/1321","targetHints":{"allow":["GET"]}}],"collection":[{"href":"https:\/\/serveiseducatius.xtec.cat\/cda-cansantoi\/wp-json\/wp\/v2\/pages"}],"about":[{"href":"https:\/\/serveiseducatius.xtec.cat\/cda-cansantoi\/wp-json\/wp\/v2\/types\/page"}],"author":[{"embeddable":true,"href":"https:\/\/serveiseducatius.xtec.cat\/cda-cansantoi\/wp-json\/wp\/v2\/users\/1"}],"replies":[{"embeddable":true,"href":"https:\/\/serveiseducatius.xtec.cat\/cda-cansantoi\/wp-json\/wp\/v2\/comments?post=1321"}],"version-history":[{"count":3,"href":"https:\/\/serveiseducatius.xtec.cat\/cda-cansantoi\/wp-json\/wp\/v2\/pages\/1321\/revisions"}],"predecessor-version":[{"id":15003,"href":"https:\/\/serveiseducatius.xtec.cat\/cda-cansantoi\/wp-json\/wp\/v2\/pages\/1321\/revisions\/15003"}],"up":[{"embeddable":true,"href":"https:\/\/serveiseducatius.xtec.cat\/cda-cansantoi\/wp-json\/wp\/v2\/pages\/155"}],"wp:attachment":[{"href":"https:\/\/serveiseducatius.xtec.cat\/cda-cansantoi\/wp-json\/wp\/v2\/media?parent=1321"}],"curies":[{"name":"wp","href":"https:\/\/api.w.org\/{rel}","templated":true}]}}