{"id":13194,"date":"2021-10-06T13:45:52","date_gmt":"2021-10-06T11:45:52","guid":{"rendered":"https:\/\/serveiseducatius.xtec.cat\/cda-cansantoi\/?page_id=13194"},"modified":"2025-11-17T13:09:21","modified_gmt":"2025-11-17T12:09:21","slug":"productes-previs-i-finals-realitzats-pels-centres","status":"publish","type":"page","link":"https:\/\/serveiseducatius.xtec.cat\/cda-cansantoi\/amb-els-centres\/productes-previs-i-finals-realitzats-pels-centres\/","title":{"rendered":"Productes previs i finals realitzats pels centres"},"content":{"rendered":"<p>Les activitats realitzades al CdA Can Santoi formen part d&#8217;un projecte desenvolupat en un proc\u00e9s acordat amb els centres i realitzat en tres moments:<\/p>\n<p><img loading=\"lazy\" decoding=\"async\" class=\" wp-image-20763 alignleft\" src=\"https:\/\/serveiseducatius.xtec.cat\/cda-cansantoi\/wp-content\/uploads\/usu1385\/2024\/09\/Moments-300x176.jpg\" alt=\"\" width=\"402\" height=\"236\" srcset=\"https:\/\/serveiseducatius.xtec.cat\/cda-cansantoi\/wp-content\/uploads\/usu1385\/2024\/09\/Moments-300x176.jpg 300w, https:\/\/serveiseducatius.xtec.cat\/cda-cansantoi\/wp-content\/uploads\/usu1385\/2024\/09\/Moments-1024x601.jpg 1024w, https:\/\/serveiseducatius.xtec.cat\/cda-cansantoi\/wp-content\/uploads\/usu1385\/2024\/09\/Moments-768x451.jpg 768w, https:\/\/serveiseducatius.xtec.cat\/cda-cansantoi\/wp-content\/uploads\/usu1385\/2024\/09\/Moments.jpg 1258w\" sizes=\"auto, (max-width: 402px) 100vw, 402px\" \/><\/p>\n<p>&nbsp;<\/p>\n<p><strong>En aquest apartat trobem els productes realitzats pels centres que formen part del MOMENT 1 (activitats pr\u00e8vies) i del <\/strong><strong>MOMENT 3 ( activitats posteriors i finals)<\/strong><\/p>\n<p>&nbsp;<\/p>\n<p>&nbsp;<\/p>\n<p>Podeu consultar els productes realitzats en aquest <a href=\"https:\/\/serveiseducatius.xtec.cat\/cda-cansantoi\/productes\">enlla\u00e7os<\/a>:<\/p>\n<p>&nbsp;<\/p>\n<ul>\n<li><a href=\"https:\/\/serveiseducatius.xtec.cat\/cda-cansantoi\/general\/lexposicio-de-bolets-de-fang-de-lescola-matilde-orduna-ens-ha-encantat\/\">Treball posterior dels projecte &#8220;Temps de bolets&#8221; de l&#8217;Escola Matilde Ordu\u00f1a curs 2025-26.<\/a><\/li>\n<li><a href=\"https:\/\/serveiseducatius.xtec.cat\/cda-cansantoi\/general\/lalumnat-de-3r-de-lescola-la-sinia-treu-profit-del-sol\/\" target=\"_blank\" rel=\"noopener\">Treball posterior del projecte \u201cEl nostre amic el Sol\u201d de l\u2019Escola La S\u00ednia curs 2024-2025.<\/a><\/li>\n<li><a href=\"https:\/\/serveiseducatius.xtec.cat\/cda-cansantoi\/activitats-previes-i-posteriors\/treball-previ-de-descobrim-el-bosc-de-lescola-lalzina\/\">Treball previ del projecte \u201cDescobrim el bosc\u201d de l\u2019Escola L&#8217;Alzina curs 2024-2025.<\/a><\/li>\n<li><a href=\"https:\/\/serveiseducatius.xtec.cat\/cda-cansantoi\/general\/treball-previ-del-projecte-descobrim-el-bosc-de-lescola-practiques-3\/\">Treball previ del projecte \u201cDescobrim el bosc\u201d de l\u2019Escola Pr\u00e0ctiques curs 2024-2025.<\/a><\/li>\n<li><a href=\"https:\/\/serveiseducatius.xtec.cat\/cda-cansantoi\/general\/treball-previ-del-projecte-descobrim-el-bosc-de-lescola-salvador-espriu\/\">Treball previ del projecte \u201cDescobrim el bosc\u201d de l\u2019Escola Salvador Espriu curs 2024-2025.<\/a><\/li>\n<li><a href=\"https:\/\/serveiseducatius.xtec.cat\/cda-cansantoi\/general\/treball-previ-del-projecte-descobrim-el-bosc-de-lescola-nadal-2\/?preview_id=23116&amp;preview_nonce=ef8ac4dfe8&amp;_thumbnail_id=-1&amp;preview=true\">Treball previ del projecte \u201cDescobrim el bosc\u201d de l\u2019Escola Nadal curs 2024-2025.<\/a><\/li>\n<li><a href=\"https:\/\/serveiseducatius.xtec.cat\/cda-cansantoi\/general\/treball-previ-del-projecte-descobrim-el-bosc-de-lescola-miquel-marti-i-pol-2\/\">Treball previ del projecte \u201cDescobrim el bosc\u201d de l\u2019Escola Miquel Mart\u00ed i Pol curs 2024-2025.<\/a><\/li>\n<li><a href=\"https:\/\/serveiseducatius.xtec.cat\/cda-cansantoi\/general\/treball-previ-del-projecte-descobrim-el-bosc-de-lescola-publica-escola-nova\/\">Treball previ del projecte \u201cDescobrim el bosc\u201d de l\u2019Escola P\u00fablica Escola Nova curs 2024-2025.<\/a><\/li>\n<li><a href=\"https:\/\/serveiseducatius.xtec.cat\/cda-cansantoi\/general\/treball-previ-del-projecte-descobrim-el-bosc-de-lescola-joan-perich-i-valls-2\/\">Treball previ del projecte \u201cDescobrim el bosc\u201d de l\u2019Escola Joan Perich i Valls curs 2024-2025.<\/a><\/li>\n<li><a href=\"https:\/\/serveiseducatius.xtec.cat\/cda-cansantoi\/general\/productes-previs-i-finals-realitzats-pels-centres\/\">Treball previ del projecte \u201cDescobrim el bosc\u201d de l\u2019Escola Pep Ventura curs 2024-2025.<\/a><\/li>\n<li><a href=\"https:\/\/serveiseducatius.xtec.cat\/cda-cansantoi\/general\/treball-previ-del-projecte-descobrim-el-bosc-de-lescola-pont-de-la-cadena-2\/\">Treball previ del projecte \u201cDescobrim el bosc\u201d de l\u2019Escola Pont de la Cadena curs 2024-2025.<\/a><\/li>\n<li><a href=\"https:\/\/serveiseducatius.xtec.cat\/cda-cansantoi\/general\/treball-previ-del-projecte-descobrim-el-bosc-de-lescola-pau-vila\/\">Treball previ del projecte \u201cDescobrim el bosc\u201d de l\u2019Escola Pau Vila curs 2024-25.<\/a><\/li>\n<li><a href=\"https:\/\/serveiseducatius.xtec.cat\/cda-cansantoi\/general\/treball-previ-del-projecte-descobrim-el-bosc-de-lescola-practiques-2\/\">Treball previ del projecte \u201cDescobrim el bosc\u201d de l\u2019Escola Pr\u00e0ctiques curs 2023-24.<\/a><\/li>\n<li><a href=\"https:\/\/serveiseducatius.xtec.cat\/cda-cansantoi\/general\/treball-previ-del-projecte-descobrim-el-bosc-de-lescola-nadal\/\">Treball previ del projecte \u201cDescobrim el bosc\u201d de l\u2019Escola Nadal curs 2023-24.<\/a><\/li>\n<li><a href=\"https:\/\/serveiseducatius.xtec.cat\/cda-cansantoi\/general\/treball-previ-del-projecte-descobrim-el-bosc-de-lescola-agusti-bartra-2\/\">Treball previ del projecte \u201cDescobrim el bosc\u201d de l\u2019Escola Agust\u00ed Bartr\u00e0 curs 2023-24.<\/a><\/li>\n<li><a href=\"https:\/\/serveiseducatius.xtec.cat\/cda-cansantoi\/general\/treball-previ-del-projecte-descobrim-el-bosc-de-lescola-marius-torres-2\/\">Treball previ del projecte \u201cDescobrim el bosc\u201d de l\u2019Escola M\u00e0rius Torres curs 2023-24.<\/a><\/li>\n<li><a href=\"https:\/\/serveiseducatius.xtec.cat\/cda-cansantoi\/general\/treball-previ-del-projecte-el-cicle-de-la-materia-de-lescola-escola-nova-curs-2023-24\/\">Treball previ del projecte \u201cEl cicle de la mat\u00e8ria\u201d de l\u2019escola Escola Nova curs 2023-24.<\/a><\/li>\n<li><a href=\"https:\/\/serveiseducatius.xtec.cat\/cda-cansantoi\/general\/treball-previ-del-projecte-descobrim-el-bosc-de-lescola-escola-nova-2\/\">Treball previ del projecte \u201cDescobrim el bosc\u201d de l\u2019escola Escola Nova curs 2023-24.<\/a><\/li>\n<li><a href=\"https:\/\/serveiseducatius.xtec.cat\/cda-cansantoi\/general\/treball-previ-del-projecte-descobrim-el-bosc-de-lescola-miquel-marti-i-pol\/\">Treball previ del projecte \u201cDescobrim el bosc\u201d de l\u2019Escola Miquel Mart\u00ed i Pol curs 2023-24.<\/a><\/li>\n<li><a href=\"https:\/\/serveiseducatius.xtec.cat\/cda-cansantoi\/general\/treball-previ-del-projecte-descobrim-el-bosc-de-lescola-joan-perich-i-valls\/\">Treball previ del projecte \u201cDescobrim el bosc\u201d de l\u2019Escola Joan Perich i Valls curs 2023-24.<\/a><\/li>\n<li><a href=\"https:\/\/serveiseducatius.xtec.cat\/cda-cansantoi\/general\/treball-previ-del-projecte-descobrim-el-bosc-de-lescola-pont-de-la-cadena\/\">Treball previ del projecte \u201cDescobrim el bosc\u201d de l\u2019Escola Pont de la Cadena curs 2023-24.<\/a><\/li>\n<li><a href=\"https:\/\/serveiseducatius.xtec.cat\/cda-cansantoi\/general\/activitat-previa-a-les-escletxes-de-lescola-la-sinia-2\/\">Repte del projecte de &#8220;Les Escletxes&#8221; de l&#8217;Escola La S\u00ednia de Molins de Rei curs 2023-24.<\/a><\/li>\n<li><a href=\"https:\/\/serveiseducatius.xtec.cat\/cda-cansantoi\/general\/treball-previ-del-projecte-descobrim-el-bosc-de-lescola-pep-ventura\/?preview_id=18180&amp;preview_nonce=95e1204410&amp;_thumbnail_id=-1&amp;preview=true\">Treball previ del projecte \u201cDescobrim el bosc\u201d de l\u2019Escola Pep Ventura curs 2023-24.<\/a><\/li>\n<li><a href=\"https:\/\/serveiseducatius.xtec.cat\/cda-cansantoi\/general\/matagalls-i-turo-de-lhome-accepten-el-nostre-repte\/\">Treball posterior del projecte &#8220;Comunitats vegetals&#8221; de l&#8217;Escola la S\u00ednia curs 2022-23<\/a><\/li>\n<li><a href=\"https:\/\/serveiseducatius.xtec.cat\/cda-cansantoi\/general\/treball-previ-del-projecte-descobrim-el-bosc-de-lescola-lalzina\/\">Treball previ del projecte \u201cDescobrim el bosc\u201d de l\u2019Escola L&#8217;Alzina curs 2022-23.<\/a><\/li>\n<li><a href=\"https:\/\/serveiseducatius.xtec.cat\/cda-cansantoi\/general\/treball-previ-del-projecte-fem-dexploradors-de-lescola-josep-maria-madorell\/\">Treball previ del projecte \u201cFem d&#8217;exploradors\u201d de l\u2019Escola Josep Maria Madorell curs 2022-23.<\/a><\/li>\n<li><a href=\"https:\/\/serveiseducatius.xtec.cat\/cda-cansantoi\/general\/treball-previ-del-projecte-descobrim-el-bosc-de-lescola-marius-torres\/\">Treball previ del projecte \u201cDescobrim el bosc\u201d de l\u2019Escola M\u00e0rius Torres curs 2022-23.<\/a><\/li>\n<li><a href=\"https:\/\/serveiseducatius.xtec.cat\/cda-cansantoi\/general\/treball-previ-del-projecte-descobrim-el-bosc-de-lescola-practiques\/\">Treball previ del projecte \u201cDescobrim el bosc\u201d de l\u2019Escola Pr\u00e0ctiques curs 2022-23.<\/a><\/li>\n<li><a href=\"https:\/\/serveiseducatius.xtec.cat\/cda-cansantoi\/general\/treball-previ-del-projecte-descobrim-el-bosc-de-lescola-agusti-bartra\/\">Treball previ del projecte \u201cDescobrim el bosc\u201d de l\u2019Escola Agust\u00ed Bartra curs 2022-23.<\/a><\/li>\n<li><a href=\"https:\/\/serveiseducatius.xtec.cat\/cda-cansantoi\/general\/treball-previ-del-projecte-descobrim-el-bosc-de-linstitut-escola-angel-de-tobies\/\">Treball previ del projecte \u201cDescobrim el bosc\u201d de l\u2019Institut Escola \u00c0ngel de Tobies curs 2022-23.<\/a><\/li>\n<li><a href=\"https:\/\/serveiseducatius.xtec.cat\/cda-cansantoi\/productes\/treballs-sobre-els-fongs-i-els-bolets-de-linstitut-olorda\/\">Activitat pr\u00e8via del projecte &#8220;Temps de bolets&#8221; de l&#8217;Institut Olorda de Sant Feliu de Llobregat durant el curs 2022-23<\/a><\/li>\n<li><a href=\"https:\/\/serveiseducatius.xtec.cat\/cda-cansantoi\/general\/les-classes-del-pomer-xiprer-i-cirerer-han-dibuixat-de-nou-el-bosc\/\">Activitat posterior del projecte \u201cDescobrim el bosc\u201d de l\u2019Escola Pep Ventura d&#8217;Hospitalet de Llobregat curs 2022-23<\/a><\/li>\n<li><a href=\"https:\/\/serveiseducatius.xtec.cat\/cda-cansantoi\/general\/activitat-previa-del-projecte-descobrim-el-bosc-de-lescola-pep-ventura-dhospitalet-de-llobregat-curs-2022-23\/\">Activitat pr\u00e8via del projecte \u201cDescobrim el bosc\u201d de l\u2019Escola Pep Ventura d&#8217;Hospitalet de Llobregat curs 2022-23<\/a><\/li>\n<li><a href=\"https:\/\/serveiseducatius.xtec.cat\/cda-cansantoi\/general\/activitat-previa-del-projecte-descobrim-el-bosc-de-lescola-pep-ventura-de-lhospitalet-de-llobregat-curs-2022-23\/\">Activitat pr\u00e8via del projecte \u201cDescobrim el bosc\u201d de l\u2019Escola Pep Ventura d&#8217;Hospitalet de Llobregat curs 2022-23<\/a><\/li>\n<li><a href=\"https:\/\/serveiseducatius.xtec.cat\/cda-cansantoi\/wp-admin\/post.php?post=15517&amp;action=edit\">Activitat pr\u00e8via del projecte \u201cDescobrim el bosc\u201d de l\u2019Escola Joan Perich i Valls de Sant Joan Desp\u00ed curs 2022-23<\/a><\/li>\n<li><a href=\"https:\/\/serveiseducatius.xtec.cat\/cda-cansantoi\/general\/activitat-previa-del-projecte-descobrim-el-bosc-de-lescola-pau-vila-del-papiol-curs-2022-23\/\">Activitat pr\u00e8via del projecte \u201cDescobrim el bosc\u201d de l\u2019Escola Pau Vila del Papiol curs 2022-23<\/a><\/li>\n<li><a href=\"https:\/\/serveiseducatius.xtec.cat\/cda-cansantoi\/general\/activitat-previa-a-les-escletxes-de-lescola-la-sinia\/\">Repte del projecte de &#8220;Les escletxes&#8221; de l&#8217;Escola La S\u00ednia de Molins de Rei curs 2021-22.<\/a><\/li>\n<li><a href=\"https:\/\/serveiseducatius.xtec.cat\/cda-cansantoi\/general\/producte-previ-del-projecte-descobrim-el-bosc-de-lescola-joan-perich-i-valls\/\">Activitat pr\u00e8via del projecte &#8220;Descobrim el bosc&#8221; Escola Joan Perich i Valls de Sant Joan Desp\u00ed curs 2021-22.<\/a><\/li>\n<li><a href=\"https:\/\/serveiseducatius.xtec.cat\/cda-cansantoi\/general\/treball-previ-de-lalumnat-de-5e-de-lescola-la-sinia-de-molins-de-rei\/\">Repte i investigaci\u00f3 del projecte &#8220;La Col\u00f2nia G\u00fcell&#8221; de l&#8217;Escola La S\u00ednia de Molins de rei curs 2021-22.<\/a><\/li>\n<li><a href=\"https:\/\/serveiseducatius.xtec.cat\/cda-cansantoi\/articles-vegetacio\/plantejament-dhipotesis-previes-al-projecte-de-comunitats-vegetals\/\">Treball previ\u00a0 del projecte de &#8220;Comunitats vegetals&#8221; de l&#8217;Institut Olorda de Sant Feliu de Llobregat curs 2021-22.<\/a><\/li>\n<li><a href=\"https:\/\/serveiseducatius.xtec.cat\/cda-cansantoi\/general\/treballs-posteriors-al-voltant-de-les-comunitats-vegetals-a-collserola\/\" target=\"_blank\" rel=\"noopener\">Treball posterior del projecte de &#8220;Comunitats vegetals&#8221; de l&#8217;Institut Olorda de Sant Feliu de Llobregat curs 2021-22<\/a><\/li>\n<li><a href=\"https:\/\/serveiseducatius.xtec.cat\/cda-cansantoi\/general\/treball-previ-al-voltant-del-bolets\/\">Treball previ\u00a0 del projecte de \u201cTemps de bolets\u201d de l\u2019Institut Olorda de Sant Feliu de Llobregat curs 2021-22.<\/a><\/li>\n<li><a href=\"https:\/\/serveiseducatius.xtec.cat\/cda-cansantoi\/general\/treball-previ-al-voltant-de-la-riera-de-vallvidrera\/\">Treball previ del projecte &#8220;La riera&#8221; de l&#8217;Escola Pont de la Cadena de Molins de Rei curs 2021-22.<\/a><\/li>\n<li><a href=\"https:\/\/serveiseducatius.xtec.cat\/cda-cansantoi\/general\/lalumnat-de-4t-de-lescola-agusti-bartra-simagina-com-es-el-bosc\/\">Activitat pr\u00e8via del projecte &#8220;Descobrim el bosc&#8221; de Escola Agust\u00ed Bartra de Terrassa curs 2021-22.<\/a><\/li>\n<li><a href=\"https:\/\/serveiseducatius.xtec.cat\/cda-cansantoi\/general\/treballs-posteriors-al-voltant-de-les-comunitats-vegetals-a-collserola\/\">Activitat posterior del projecte &#8220;Comunitats vegetals&#8221; de l&#8217;Institut Olorda curs 2021-22<\/a><\/li>\n<li><a href=\"https:\/\/serveiseducatius.xtec.cat\/cda-cansantoi\/activitats-previes-i-posteriors\/com-ens-imaginem-el-bosc-que-envolta-el-cda-can-santoi\/\">Activitat pr\u00e8via del projecte &#8220;Descobrim el bosc&#8221; de l&#8217;Escola Pau Vila de Papiol curs 2021-22<\/a><\/li>\n<li><a href=\"https:\/\/serveiseducatius.xtec.cat\/cda-cansantoi\/joemquedoacasa\/treballem-a-fons-els-bolets-dins-del-regne-dels-fongs\/\">Activitats pr\u00e8vies i posteriors del projecte &#8220;Temps de bolets&#8221; de l&#8217;Escola Matilde Ordu\u00f1a d&#8217;Esplugues de Llobregat curs 2021-22.<\/a><\/li>\n<li><a href=\"https:\/\/serveiseducatius.xtec.cat\/cda-cansantoi\/meteorologia\/el-reptes-previs-de-lalumnat-de-sise-de-lescola-timbaler-del-bruc-barcelona\/\">Activitats pr\u00e8vies i posteriors del projecte &#8220;Meteor\u00f2legs en acci\u00f3&#8221; de l&#8217;Escola Timbaler del Bruc de Barcelona curs 2021-22<\/a><\/li>\n<li><a href=\"https:\/\/serveiseducatius.xtec.cat\/cda-cansantoi\/activitats-previes-i-posteriors\/treball-previ-dels-infants-de-5e-de-primaria-de-lescola-estel\/\">Treball previ del projecte &#8220;La riera&#8221; de l&#8217;Escola Estel de Molins de Rei curs 2021-22.<\/a><\/li>\n<li><a href=\"https:\/\/serveiseducatius.xtec.cat\/cda-cansantoi\/activitats-previes-i-posteriors\/treball-previ-del-projecte-descobrim-el-bosc-de-lescola-escola-nova\/\" target=\"_blank\" rel=\"noopener\">Treball previ del projecte &#8220;Descobrim el bosc&#8221; de l&#8217;Escola Escola Nova de Cervell\u00f3 curs 2021-22.<\/a><\/li>\n<li><a href=\"https:\/\/serveiseducatius.xtec.cat\/cda-cansantoi\/general\/els-infants-de-lescola-agusti-bartra-simaginen-com-sera-el-bosc\/\">Treball previ del projecte &#8220;Descobrim el bosc&#8221; de l&#8217;Escola Agust\u00ed Bartra de Terrassa curs 2021-22.<\/a><\/li>\n<li><a href=\"https:\/\/serveiseducatius.xtec.cat\/cda-cansantoi\/activitats-previes-i-posteriors\/els-triptics-de-lalumnat-de-lescola-paco-candel\/\">Producte final del projecte al voltant de les energies renovables de l&#8217;Escola Paco Candel de L&#8217;Hospitalet de Llobregat curs 2021-22.<\/a><\/li>\n<li><a href=\"https:\/\/serveiseducatius.xtec.cat\/cda-cansantoi\/activitats-previes-i-posteriors\/els-aparells-meteorologics-construits-pels-alumnes-de-5e-b-de-lescola-pere-de-tera\/\">Treball previ del projecte de meteorologia de l&#8217;Escola Pere de Tera de Badalona curs 2021-22.<\/a><\/li>\n<\/ul>\n","protected":false},"excerpt":{"rendered":"<p>Les activitats realitzades al CdA Can Santoi formen part d&#8217;un projecte desenvolupat en un proc\u00e9s acordat amb els centres i realitzat en tres moments: &nbsp; En aquest apartat trobem els productes realitzats pels centres que formen part del MOMENT 1 (activitats pr\u00e8vies) i del MOMENT 3 ( activitats posteriors i finals) &nbsp; &nbsp; Podeu consultar [&hellip;]<\/p>\n","protected":false},"author":3,"featured_media":0,"parent":8272,"menu_order":0,"comment_status":"closed","ping_status":"closed","template":"","meta":{"_bbp_topic_count":0,"_bbp_reply_count":0,"_bbp_total_topic_count":0,"_bbp_total_reply_count":0,"_bbp_voice_count":0,"_bbp_anonymous_reply_count":0,"_bbp_topic_count_hidden":0,"_bbp_reply_count_hidden":0,"_bbp_forum_subforum_count":0,"site-sidebar-layout":"default","site-content-layout":"","ast-site-content-layout":"default","site-content-style":"default","site-sidebar-style":"default","ast-global-header-display":"","ast-banner-title-visibility":"","ast-main-header-display":"","ast-hfb-above-header-display":"","ast-hfb-below-header-display":"","ast-hfb-mobile-header-display":"","site-post-title":"","ast-breadcrumbs-content":"","ast-featured-img":"","footer-sml-layout":"","theme-transparent-header-meta":"default","adv-header-id-meta":"","stick-header-meta":"","header-above-stick-meta":"","header-main-stick-meta":"","header-below-stick-meta":"","astra-migrate-meta-layouts":"set","ast-page-background-enabled":"default","ast-page-background-meta":{"desktop":{"background-color":"var(--ast-global-color-4)","background-image":"","background-repeat":"repeat","background-position":"center center","background-size":"auto","background-attachment":"scroll","background-type":"","background-media":"","overlay-type":"","overlay-color":"","overlay-opacity":"","overlay-gradient":""},"tablet":{"background-color":"","background-image":"","background-repeat":"repeat","background-position":"center center","background-size":"auto","background-attachment":"scroll","background-type":"","background-media":"","overlay-type":"","overlay-color":"","overlay-opacity":"","overlay-gradient":""},"mobile":{"background-color":"","background-image":"","background-repeat":"repeat","background-position":"center center","background-size":"auto","background-attachment":"scroll","background-type":"","background-media":"","overlay-type":"","overlay-color":"","overlay-opacity":"","overlay-gradient":""}},"ast-content-background-meta":{"desktop":{"background-color":"var(--ast-global-color-5)","background-image":"","background-repeat":"repeat","background-position":"center center","background-size":"auto","background-attachment":"scroll","background-type":"","background-media":"","overlay-type":"","overlay-color":"","overlay-opacity":"","overlay-gradient":""},"tablet":{"background-color":"var(--ast-global-color-5)","background-image":"","background-repeat":"repeat","background-position":"center center","background-size":"auto","background-attachment":"scroll","background-type":"","background-media":"","overlay-type":"","overlay-color":"","overlay-opacity":"","overlay-gradient":""},"mobile":{"background-color":"var(--ast-global-color-5)","background-image":"","background-repeat":"repeat","background-position":"center center","background-size":"auto","background-attachment":"scroll","background-type":"","background-media":"","overlay-type":"","overlay-color":"","overlay-opacity":"","overlay-gradient":""}},"footnotes":""},"class_list":["post-13194","page","type-page","status-publish","hentry"],"post_mailing_queue_ids":[],"_links":{"self":[{"href":"https:\/\/serveiseducatius.xtec.cat\/cda-cansantoi\/wp-json\/wp\/v2\/pages\/13194","targetHints":{"allow":["GET"]}}],"collection":[{"href":"https:\/\/serveiseducatius.xtec.cat\/cda-cansantoi\/wp-json\/wp\/v2\/pages"}],"about":[{"href":"https:\/\/serveiseducatius.xtec.cat\/cda-cansantoi\/wp-json\/wp\/v2\/types\/page"}],"author":[{"embeddable":true,"href":"https:\/\/serveiseducatius.xtec.cat\/cda-cansantoi\/wp-json\/wp\/v2\/users\/3"}],"replies":[{"embeddable":true,"href":"https:\/\/serveiseducatius.xtec.cat\/cda-cansantoi\/wp-json\/wp\/v2\/comments?post=13194"}],"version-history":[{"count":6,"href":"https:\/\/serveiseducatius.xtec.cat\/cda-cansantoi\/wp-json\/wp\/v2\/pages\/13194\/revisions"}],"predecessor-version":[{"id":24292,"href":"https:\/\/serveiseducatius.xtec.cat\/cda-cansantoi\/wp-json\/wp\/v2\/pages\/13194\/revisions\/24292"}],"up":[{"embeddable":true,"href":"https:\/\/serveiseducatius.xtec.cat\/cda-cansantoi\/wp-json\/wp\/v2\/pages\/8272"}],"wp:attachment":[{"href":"https:\/\/serveiseducatius.xtec.cat\/cda-cansantoi\/wp-json\/wp\/v2\/media?parent=13194"}],"curies":[{"name":"wp","href":"https:\/\/api.w.org\/{rel}","templated":true}]}}