{"id":1026,"date":"2014-02-03T13:50:45","date_gmt":"2014-02-03T12:50:45","guid":{"rendered":"http:\/\/blocs.xtec.cat\/cdacansantoi2\/?page_id=1026"},"modified":"2022-01-19T14:26:24","modified_gmt":"2022-01-19T13:26:24","slug":"itinerari-modernista-a-sant-joan-despi","status":"publish","type":"page","link":"https:\/\/serveiseducatius.xtec.cat\/cda-cansantoi\/ambits\/modernisme\/itinerari-modernista-a-sant-joan-despi\/","title":{"rendered":"Itinerari modernista a Sant Joan Desp\u00ed (Prim\u00e0ria)"},"content":{"rendered":"<p>&nbsp;<\/p>\n<table style=\"width: 564px;\" border=\"0\" cellspacing=\"0\" cellpadding=\"3\">\n<tbody>\n<tr>\n<td width=\"94\">\n<div align=\"center\"><a href=\"http:\/\/serveiseducatius.xtec.cat\/cda-cansantoi\/en-preparacio-2\/\" target=\"_blank\" rel=\"noopener noreferrer\"><img loading=\"lazy\" decoding=\"async\" class=\"aligncenter wp-image-1371\" style=\"border: 0px none;\" src=\"http:\/\/serveiseducatius.xtec.cat\/cda-cansantoi\/wp-content\/uploads\/usu1385\/2014\/05\/qta.gif\" alt=\"Baixar quadern de treball de l'alumne\" width=\"40\" height=\"40\" \/><\/a><\/div>\n<\/td>\n<td width=\"94\">\n<div align=\"center\"><a href=\"https:\/\/serveiseducatius.xtec.cat\/cda-cansantoi\/en-preparacio-2\/\" target=\"_blank\" rel=\"noopener noreferrer\"><img loading=\"lazy\" decoding=\"async\" class=\"aligncenter wp-image-1358 size-full\" style=\"border: 0px none;\" src=\"https:\/\/serveiseducatius.xtec.cat\/cda-cansantoi\/wp-content\/uploads\/usu1385\/2014\/05\/carpeta_camp.png\" alt=\"Baixar full d'organitzaci\u00f3 de la sortida\" width=\"32\" height=\"32\" \/><\/a><\/div>\n<\/td>\n<td width=\"94\">\n<div align=\"center\"><a href=\"https:\/\/serveiseducatius.xtec.cat\/cda-cansantoi\/en-preparacio-2\/\" target=\"_blank\" rel=\"noopener noreferrer\"><img loading=\"lazy\" decoding=\"async\" class=\"aligncenter wp-image-1420\" style=\"border: 0px none;\" src=\"http:\/\/serveiseducatius.xtec.cat\/cda-cansantoi\/wp-content\/uploads\/usu1385\/2014\/01\/llibreta.gif\" alt=\"llibreta\" width=\"28\" height=\"36\" \/><\/a><\/div>\n<\/td>\n<td align=\"center\" width=\"94\">\n<div align=\"center\"><a href=\"https:\/\/maps.google.es\/maps\/ms?msa=0&amp;msid=203310988220912994480.0004f97f40e1e8d372c61\"><img loading=\"lazy\" decoding=\"async\" class=\"size-full wp-image-1416 aligncenter\" style=\"border: 0px none;\" src=\"http:\/\/serveiseducatius.xtec.cat\/cda-cansantoi\/wp-content\/uploads\/usu1385\/2014\/01\/Punt-de-trobada.png\" alt=\"Punt de trobada\" width=\"44\" height=\"40\" \/><\/a><\/div>\n<\/td>\n<td width=\"94\">\n<div align=\"center\"><a title=\"Cost addicional activitats\" href=\"https:\/\/serveiseducatius.xtec.cat\/cda-cansantoi\/cost-addicional-activitats-2\/\"><img loading=\"lazy\" decoding=\"async\" class=\"aligncenter wp-image-1417\" style=\"border: 0px none;\" src=\"http:\/\/serveiseducatius.xtec.cat\/cda-cansantoi\/wp-content\/uploads\/usu1385\/2014\/01\/monedes.jpg\" alt=\"Cost addicional entrada\" width=\"40\" height=\"40\" \/><\/a><\/div>\n<\/td>\n<td width=\"94\"><span style=\"font-size: large;\"><strong><span style=\"color: #800000;\">SJD-PRI<\/span><\/strong><\/span><\/td>\n<\/tr>\n<tr>\n<td width=\"94\">\n<div class=\"Estilo1\" align=\"center\">\n<div align=\"center\"><span style=\"font-size: xx-small;\">Quadern de treball<\/span><\/div>\n<\/div>\n<\/td>\n<td width=\"94\">\n<div class=\"Estilo1\" align=\"center\">\n<div align=\"center\"><span style=\"font-size: xx-small;\">Full d&#8217;organitzaci\u00f3 de sortida<\/span><\/div>\n<\/div>\n<\/td>\n<td width=\"94\">\n<div class=\"Estilo1\" align=\"center\">\n<div align=\"center\"><span style=\"font-size: xx-small;\">Propostes act. pr\u00e8vies i posteriors<\/span><\/div>\n<\/div>\n<\/td>\n<td width=\"94\">\n<div class=\"Estilo1\" align=\"center\">\n<div align=\"center\"><span style=\"font-size: xx-small;\">Lloc de trobada<\/span><\/div>\n<\/div>\n<\/td>\n<td width=\"94\">\n<div class=\"Estilo1\" align=\"center\"><span style=\"font-size: xx-small;\">Cost addicional entrada<\/span><\/div>\n<\/td>\n<td width=\"94\">\n<div class=\"Estilo1\" align=\"center\"><span style=\"font-size: xx-small;\">Codi activitat<\/span><\/div>\n<\/td>\n<\/tr>\n<\/tbody>\n<\/table>\n<p style=\"text-align: justify;\"><strong>\u00c0mbit curricular:<\/strong> <span style=\"font-family: Arial,Helvetica; color: #000000;\">Coneixement del medi natural, social i cultural. <a href=\"http:\/\/serveiseducatius.xtec.cat\/cda-cansantoi\/wp-content\/uploads\/usu1385\/2014\/05\/225px-Jujol-SantJoanDespi-CanNegre-5803.jpg\"><img loading=\"lazy\" decoding=\"async\" class=\"alignright size-full wp-image-1828\" src=\"http:\/\/serveiseducatius.xtec.cat\/cda-cansantoi\/wp-content\/uploads\/usu1385\/2014\/05\/225px-Jujol-SantJoanDespi-CanNegre-5803.jpg\" alt=\"225px-Jujol-SantJoanDespi-CanNegre-5803\" width=\"225\" height=\"150\" \/><\/a><\/span><\/p>\n<p style=\"text-align: justify;\"><strong>Lloc on es realitza:<\/strong> Sant Joan Desp\u00ed (Baix Llobregat).<\/p>\n<p style=\"text-align: justify;\"><strong>Nivell educatiu:<\/strong> cicles mitj\u00e0 i superior de Prim\u00e0ria<\/p>\n<p style=\"text-align: justify;\"><strong>Estacionalitat:<\/strong> tot l&#8217;any.<\/p>\n<p style=\"text-align: justify;\"><strong>Objectius:<\/strong><span style=\"color: #000000;\">\u00a0<span style=\"font-family: Arial,Helvetica;\">Descobrir l&#8217;arquitectura i la decoraci\u00f3 modernistes fetes per l&#8217;arquitecte Josep M\u00aa Jujol a Sant Joan Desp\u00ed. Recon\u00e8ixer algunes t\u00e8cniques decoratives utilitzades d&#8217;un edifici modernista rellevant: Can Negre. Saber valorar la import\u00e0ncia del treball de molts artesans dins el modernisme.<\/span><\/span><\/p>\n<p style=\"text-align: justify;\"><strong>Compet\u00e8ncies b\u00e0siques\u00a0 que m\u00e9s potencia<\/strong>:<\/p>\n<p><strong>\u2022 \u00c0mbit coneixement del medi:<br \/>\n<\/strong><\/p>\n<ul style=\"list-style-type: circle;\">\n<li><strong>Compet\u00e8ncia 2:<\/strong>\u00a0Interpretar el present a partir de l&#8217;an\u00e0lisi dels canvis i continu\u00eftats al llarg del temps, per comprendre la societat en qu\u00e8 vivim<\/li>\n<li><strong>Compet\u00e8ncia 3: <\/strong>Interpretar l&#8217;espai a partir dels elements del territori i de les seves representacions per situar-s&#8217;hi i despla\u00e7ar-s&#8217;hi<\/li>\n<li><strong>Compet\u00e8ncia 5: <\/strong>Valorar problemes socials rellevants interpretant-ne les causes i les conseq\u00fc\u00e8ncies per plantejar propostes de futur<strong><br \/>\n<\/strong><\/li>\n<\/ul>\n<p><strong>\u2022 \u00c0mbit educaci\u00f3 en valors:<\/strong><\/p>\n<ul style=\"list-style-type: circle;\">\n<li><strong>Compet\u00e8ncia 1: <\/strong>Actuar amb autonomia en la presa de decisions i assumir la responsabilitat dels propis actes<\/li>\n<li><strong>Compet\u00e8ncia 4: <\/strong>Mostrar actituds de respecte actiu envers les persones, les seves idees, opcions, creences i les cultures que les conformen<strong><br \/>\n<\/strong><\/li>\n<li><strong>Compet\u00e8ncia 5:<\/strong> Aplicar el di\u00e0leg com a eina d&#8217;entesa i participaci\u00f3 en les relacions entre les persones<\/li>\n<li><strong>Compet\u00e8ncia 6: <\/strong>Adoptar h\u00e0bits d&#8217;aprenentatge cooperatiu que promoguin el comprom\u00eds personal i les actituds de conviv\u00e8ncia<strong><br \/>\n<\/strong><\/li>\n<\/ul>\n<p style=\"text-align: justify;\"><strong>Tipus d&#8217;activitat:<\/strong> itinerari<\/p>\n<p style=\"text-align: justify;\"><strong>Descripci\u00f3:<\/strong>\u00a0<span style=\"font-family: Arial,Helvetica; color: #000000;\"><span style=\"font-family: Arial,Helvetica;\">Es realitza un itinerari pel barri centre de Sant Joan Desp\u00ed al llarg del qual s&#8217;observen una s\u00e8rie d&#8217;edificis que van ser constru\u00efts o b\u00e9 reformats per aquest col\u00b7laborador i deixeble de Gaud\u00ed.<br \/>\nEls alumnes s&#8217;organitzen en petits grups de treball. El recorregut s&#8217;\u00ecnicia a la Torre de la Creu, coneguda tamb\u00e9 com a &#8220;Torre dels Ous&#8221;, per seguir carrer Verdaguer avall on hi ha el gruix de l&#8217;obra jujoliana. En alguns punts s&#8217;observa el treball decoratiu d&#8217;alguns artesans i col\u00b7laboradors de l&#8217;arquitecte, fonamentalment forjadors.<br \/>\nFinalment, tots junts entrem a l&#8217;esgl\u00e9sia per observar els treballs de reforma i decoraci\u00f3 fets a partir de l&#8217;any 1944.<br \/>\nL&#8217;itinerari acaba davant de Can Negre, on es fa un treball d&#8217;observaci\u00f3 de la fa\u00e7ana per passar posteriorment a l&#8217;interior de la casa per veure-hi l&#8217;estructura i el tractament decoratiu.<\/span><\/span><\/p>\n<p style=\"text-align: justify;\"><strong>Material:<\/strong>\u00a0<span style=\"color: #000000;\"><span style=\"font-family: Arial,Helvetica;\">Quadern de treball de l\u2019alumne,<\/span><span style=\"font-family: Arial,Helvetica,sans-serif; font-size: small;\"> llapis de colors, carpeta o suport<\/span><\/span><\/p>\n<p style=\"text-align: justify;\"><strong>Durada:<\/strong> mitja jornada.<\/p>\n<p style=\"text-align: justify;\"><strong>Despla\u00e7ament:<\/strong> <span style=\"font-family: Arial,Helvetica; color: #000000;\">En autocar o transport p\u00fablic fins a Sant Joan Desp\u00ed (davant la &#8220;Torre de la Creu&#8221;); recorregut a peu (1h) pel poble.<\/span><\/p>\n<p style=\"text-align: justify;\">Observacions: <span style=\"font-family: Arial,Helvetica; color: #000000;\">Aquesta activitat es pot complementar amb la visita a la Col\u00f2nia G\u00fcell, a Santa Coloma de Cervell\u00f3 (vegeu l\u2019activitat \u201c<a href=\"colonia-guell\"><span style=\"color: #000000;\">La Col\u00f2nia G\u00fcell<\/span><\/a>\u201d)<\/span><\/p>\n<p style=\"text-align: justify;\">Per a m\u00e9s informaci\u00f3, baixeu-vos el full d\u2019organitzaci\u00f3 de sortides.\u2191<\/p>\n","protected":false},"excerpt":{"rendered":"<p>&nbsp; SJD-PRI Quadern de treball Full d&#8217;organitzaci\u00f3 de sortida Propostes act. pr\u00e8vies i posteriors Lloc de trobada Cost addicional entrada Codi activitat \u00c0mbit curricular: Coneixement del medi natural, social i cultural. Lloc on es realitza: Sant Joan Desp\u00ed (Baix Llobregat). Nivell educatiu: cicles mitj\u00e0 i superior de Prim\u00e0ria Estacionalitat: tot l&#8217;any. Objectius:\u00a0Descobrir l&#8217;arquitectura i la [&hellip;]<\/p>\n","protected":false},"author":1,"featured_media":0,"parent":817,"menu_order":3,"comment_status":"closed","ping_status":"closed","template":"page-templates\/side-menu.php","meta":{"_bbp_topic_count":0,"_bbp_reply_count":0,"_bbp_total_topic_count":0,"_bbp_total_reply_count":0,"_bbp_voice_count":0,"_bbp_anonymous_reply_count":0,"_bbp_topic_count_hidden":0,"_bbp_reply_count_hidden":0,"_bbp_forum_subforum_count":0,"site-sidebar-layout":"default","site-content-layout":"","ast-site-content-layout":"","site-content-style":"default","site-sidebar-style":"default","ast-global-header-display":"","ast-banner-title-visibility":"","ast-main-header-display":"","ast-hfb-above-header-display":"","ast-hfb-below-header-display":"","ast-hfb-mobile-header-display":"","site-post-title":"","ast-breadcrumbs-content":"","ast-featured-img":"","footer-sml-layout":"","theme-transparent-header-meta":"","adv-header-id-meta":"","stick-header-meta":"","header-above-stick-meta":"","header-main-stick-meta":"","header-below-stick-meta":"","astra-migrate-meta-layouts":"default","ast-page-background-enabled":"default","ast-page-background-meta":{"desktop":{"background-color":"var(--ast-global-color-4)","background-image":"","background-repeat":"repeat","background-position":"center center","background-size":"auto","background-attachment":"scroll","background-type":"","background-media":"","overlay-type":"","overlay-color":"","overlay-opacity":"","overlay-gradient":""},"tablet":{"background-color":"","background-image":"","background-repeat":"repeat","background-position":"center center","background-size":"auto","background-attachment":"scroll","background-type":"","background-media":"","overlay-type":"","overlay-color":"","overlay-opacity":"","overlay-gradient":""},"mobile":{"background-color":"","background-image":"","background-repeat":"repeat","background-position":"center center","background-size":"auto","background-attachment":"scroll","background-type":"","background-media":"","overlay-type":"","overlay-color":"","overlay-opacity":"","overlay-gradient":""}},"ast-content-background-meta":{"desktop":{"background-color":"var(--ast-global-color-5)","background-image":"","background-repeat":"repeat","background-position":"center center","background-size":"auto","background-attachment":"scroll","background-type":"","background-media":"","overlay-type":"","overlay-color":"","overlay-opacity":"","overlay-gradient":""},"tablet":{"background-color":"var(--ast-global-color-5)","background-image":"","background-repeat":"repeat","background-position":"center center","background-size":"auto","background-attachment":"scroll","background-type":"","background-media":"","overlay-type":"","overlay-color":"","overlay-opacity":"","overlay-gradient":""},"mobile":{"background-color":"var(--ast-global-color-5)","background-image":"","background-repeat":"repeat","background-position":"center center","background-size":"auto","background-attachment":"scroll","background-type":"","background-media":"","overlay-type":"","overlay-color":"","overlay-opacity":"","overlay-gradient":""}},"footnotes":""},"class_list":["post-1026","page","type-page","status-publish","hentry"],"post_mailing_queue_ids":[],"_links":{"self":[{"href":"https:\/\/serveiseducatius.xtec.cat\/cda-cansantoi\/wp-json\/wp\/v2\/pages\/1026","targetHints":{"allow":["GET"]}}],"collection":[{"href":"https:\/\/serveiseducatius.xtec.cat\/cda-cansantoi\/wp-json\/wp\/v2\/pages"}],"about":[{"href":"https:\/\/serveiseducatius.xtec.cat\/cda-cansantoi\/wp-json\/wp\/v2\/types\/page"}],"author":[{"embeddable":true,"href":"https:\/\/serveiseducatius.xtec.cat\/cda-cansantoi\/wp-json\/wp\/v2\/users\/1"}],"replies":[{"embeddable":true,"href":"https:\/\/serveiseducatius.xtec.cat\/cda-cansantoi\/wp-json\/wp\/v2\/comments?post=1026"}],"version-history":[{"count":3,"href":"https:\/\/serveiseducatius.xtec.cat\/cda-cansantoi\/wp-json\/wp\/v2\/pages\/1026\/revisions"}],"predecessor-version":[{"id":13966,"href":"https:\/\/serveiseducatius.xtec.cat\/cda-cansantoi\/wp-json\/wp\/v2\/pages\/1026\/revisions\/13966"}],"up":[{"embeddable":true,"href":"https:\/\/serveiseducatius.xtec.cat\/cda-cansantoi\/wp-json\/wp\/v2\/pages\/817"}],"wp:attachment":[{"href":"https:\/\/serveiseducatius.xtec.cat\/cda-cansantoi\/wp-json\/wp\/v2\/media?parent=1026"}],"curies":[{"name":"wp","href":"https:\/\/api.w.org\/{rel}","templated":true}]}}