{"id":1020,"date":"2014-02-03T13:42:12","date_gmt":"2014-02-03T12:42:12","guid":{"rendered":"http:\/\/blocs.xtec.cat\/cdacansantoi2\/?page_id=1020"},"modified":"2018-07-05T10:41:30","modified_gmt":"2018-07-05T08:41:30","slug":"colonia-guell-pri","status":"publish","type":"page","link":"https:\/\/serveiseducatius.xtec.cat\/cda-cansantoi\/ambits\/modernisme\/colonia-guell-pri\/","title":{"rendered":"Col\u00f2nia G\u00fcell (Prim\u00e0ria)"},"content":{"rendered":"<table style=\"width: 564px;\" border=\"0\" cellspacing=\"0\" cellpadding=\"3\">\n<tbody>\n<tr style=\"height: 57px;\">\n<td style=\"height: 57px;\" width=\"94\">\n<div align=\"center\"><a href=\"http:\/\/www.xtec.cat\/cda-cansantoi\/Colonia _Guell_pri.pdf\" target=\"_blank\" rel=\"noopener noreferrer\"><img loading=\"lazy\" decoding=\"async\" class=\"aligncenter wp-image-1371\" style=\"border: 0px none;\" src=\"http:\/\/serveiseducatius.xtec.cat\/cda-cansantoi\/wp-content\/uploads\/usu1385\/2014\/05\/qta.gif\" alt=\"Baixar quadern de treball de l'alumne\" width=\"40\" height=\"40\" \/><\/a><\/div>\n<\/td>\n<td style=\"height: 57px;\" width=\"94\">\n<div align=\"center\"><a href=\"http:\/\/www.xtec.cat\/cda-cansantoi\/Fulls_organitzacio_sortida\/organitzacio_sortida_col-pri.doc\" target=\"_blank\" rel=\"noopener noreferrer\"><img loading=\"lazy\" decoding=\"async\" class=\"size-full wp-image-1358 aligncenter\" style=\"border: 0px none;\" src=\"http:\/\/serveiseducatius.xtec.cat\/cda-cansantoi\/wp-content\/uploads\/usu1385\/2014\/05\/carpeta_camp.png\" alt=\"Baixar full d'organitzaci\u00f3 de la sortida\" width=\"32\" height=\"32\" \/><\/a><\/div>\n<\/td>\n<td style=\"height: 57px;\" width=\"94\">\n<div align=\"center\"><a href=\"http:\/\/blocs.xtec.cat\/cdacansantoi\/en-preparacio\/\" target=\"_blank\" rel=\"noopener noreferrer\"><img loading=\"lazy\" decoding=\"async\" class=\" wp-image-1420 aligncenter\" style=\"border: 0px none;\" src=\"http:\/\/serveiseducatius.xtec.cat\/cda-cansantoi\/wp-content\/uploads\/usu1385\/2014\/01\/llibreta.gif\" alt=\"llibreta\" width=\"28\" height=\"36\" \/><\/a><\/div>\n<\/td>\n<td style=\"height: 57px;\" align=\"center\" width=\"94\">\n<div align=\"center\"><a href=\"https:\/\/mapsengine.google.com\/map\/edit?mid=zr_p_MqWVj2I.kWXR-BBGBQXc\"><img loading=\"lazy\" decoding=\"async\" class=\"size-full wp-image-1416 aligncenter\" style=\"border: 0px none;\" src=\"http:\/\/serveiseducatius.xtec.cat\/cda-cansantoi\/wp-content\/uploads\/usu1385\/2014\/01\/Punt-de-trobada.png\" alt=\"Punt de trobada\" width=\"44\" height=\"40\" \/><\/a><\/div>\n<\/td>\n<td style=\"height: 57px;\" width=\"94\">\n<div align=\"center\"><a title=\"Cost addicional activitats\" href=\"http:\/\/blocs.xtec.cat\/cdacansantoi\/cost-addicional-activitats\/\" target=\"_blank\" rel=\"noopener noreferrer\"><img loading=\"lazy\" decoding=\"async\" class=\"wp-image-1417 aligncenter\" style=\"border: 0px none;\" src=\"http:\/\/serveiseducatius.xtec.cat\/cda-cansantoi\/wp-content\/uploads\/usu1385\/2014\/01\/monedes.jpg\" alt=\"Cost addicional entrada\" width=\"40\" height=\"40\" \/><\/a><\/div>\n<\/td>\n<td style=\"height: 57px;\" width=\"94\"><span style=\"font-size: large;\"><strong><span style=\"color: #800000;\">COL-PRI<\/span><\/strong><\/span><\/td>\n<\/tr>\n<tr style=\"height: 50px;\">\n<td style=\"height: 50px;\" width=\"94\">\n<div class=\"Estilo1\" align=\"center\">\n<div align=\"center\"><span style=\"font-size: xx-small;\">Quadern de treball<\/span><\/div>\n<\/div>\n<\/td>\n<td style=\"height: 50px;\" width=\"94\">\n<div class=\"Estilo1\" align=\"center\">\n<div align=\"center\"><span style=\"font-size: xx-small;\">Full d&#8217;organitzaci\u00f3 de sortida<\/span><\/div>\n<\/div>\n<\/td>\n<td style=\"height: 50px;\" width=\"94\">\n<div class=\"Estilo1\" align=\"center\">\n<div align=\"center\"><span style=\"font-size: xx-small;\">Propostes act. pr\u00e8vies i posteriors<\/span><\/div>\n<\/div>\n<\/td>\n<td style=\"height: 50px;\" width=\"94\">\n<div class=\"Estilo1\" align=\"center\">\n<div align=\"center\"><span style=\"font-size: xx-small;\">Lloc de trobada<\/span><\/div>\n<\/div>\n<\/td>\n<td style=\"height: 50px;\" width=\"94\">\n<div class=\"Estilo1\" align=\"center\"><span style=\"font-size: xx-small;\">Cost addicional entrada<\/span><\/div>\n<\/td>\n<td style=\"height: 50px;\" width=\"94\">\n<div class=\"Estilo1\" align=\"center\"><span style=\"font-size: xx-small;\">Codi activitat<\/span><\/div>\n<\/td>\n<\/tr>\n<\/tbody>\n<\/table>\n<p style=\"text-align: justify;\"><span style=\"font-family: Arial,Helvetica; color: #000000;\"><strong>\u00c0mbit curricular:<\/strong> Coneixement del medi natural, social i cultural.<\/span><\/p>\n<p style=\"text-align: justify;\"><span style=\"font-family: Arial,Helvetica; color: #000000;\"><strong>Lloc on es realitza:<\/strong> Col\u00f2nia G\u00fcell (Sta. Coloma de Cervell\u00f3)<a href=\"http:\/\/serveiseducatius.xtec.cat\/cda-cansantoi\/wp-content\/uploads\/usu1385\/2014\/02\/cripta.jpg\"><img loading=\"lazy\" decoding=\"async\" class=\"alignright size-full wp-image-3297\" src=\"http:\/\/serveiseducatius.xtec.cat\/cda-cansantoi\/wp-content\/uploads\/usu1385\/2014\/02\/cripta.jpg\" alt=\"cripta\" width=\"240\" height=\"174\" \/><\/a><\/span><\/p>\n<p style=\"text-align: justify;\"><span style=\"font-family: Arial,Helvetica; color: #000000;\"><strong>Nivell educatiu:<\/strong> Cicle mitj\u00e0 i superior de Prim\u00e0ria<br \/>\n<\/span><\/p>\n<p style=\"text-align: justify;\"><span style=\"font-family: Arial,Helvetica; color: #000000;\"><strong>Estacionalitat:<\/strong> Tot l&#8217;any<\/span><\/p>\n<p style=\"text-align: justify;\"><span style=\"color: #000000;\"><span style=\"font-family: Arial,Helvetica;\"><strong>Objectius:<\/strong> Descobrir com es vivia a la col\u00f2nia G\u00fcell i situar-la en el temps.<\/span><span style=\"font-family: Arial,Helvetica;\">\u00a0<\/span> <\/span><br \/>\n<span style=\"font-family: Arial,Helvetica; color: #000000;\"> \u00a0Observar els elements propis de l\u2019arquitectura i decoraci\u00f3 del modernisme popular. <\/span><br \/>\n<span style=\"font-family: Arial,Helvetica; color: #000000;\"> Observar i descriure els elements arquitect\u00f2nics i simb\u00f2lics m\u00e9s destacables de la Cripta d\u2019Antoni Gaud\u00ed.<\/span><\/p>\n<p style=\"text-align: justify;\"><strong>Compet\u00e8ncies b\u00e0siques\u00a0 que m\u00e9s potencia<\/strong>:<\/p>\n<p><strong>\u2022 \u00c0mbit coneixement del medi:<br \/>\n<\/strong><\/p>\n<ul style=\"list-style-type: circle;\">\n<li><strong>Compet\u00e8ncia 2:<\/strong>\u00a0Interpretar el present a partir de l&#8217;an\u00e0lisi dels canvis i continu\u00eftats al llarg del temps, per comprendre la societat en qu\u00e8 vivim<\/li>\n<li><strong>Compet\u00e8ncia 3: <\/strong>Interpretar l&#8217;espai a partir dels elements del territori i de les seves representacions per situar-s&#8217;hi i despla\u00e7ar-s&#8217;hi<\/li>\n<li><strong>Compet\u00e8ncia 5: <\/strong>Valorar problemes socials rellevants interpretant-ne les causes i les conseq\u00fc\u00e8ncies per plantejar propostes de futur<strong><br \/>\n<\/strong><\/li>\n<\/ul>\n<p><strong>\u2022 \u00c0mbit educaci\u00f3 en valors:<\/strong><\/p>\n<ul style=\"list-style-type: circle;\">\n<li><strong>Compet\u00e8ncia 1: <\/strong>Actuar amb autonomia en la presa de decisions i assumir la responsabilitat dels propis actes<\/li>\n<li><strong>Compet\u00e8ncia 4: <\/strong>Mostrar actituds de respecte actiu envers les persones, les seves idees, opcions, creences i les cultures que les conformen<strong><br \/>\n<\/strong><\/li>\n<li><strong>Compet\u00e8ncia 5:<\/strong> Aplicar el di\u00e0leg com a eina d&#8217;entesa i participaci\u00f3 en les relacions entre les persones<\/li>\n<li><strong>Compet\u00e8ncia 6: <\/strong>Adoptar h\u00e0bits d&#8217;aprenentatge cooperatiu que promoguin el comprom\u00eds personal i les actituds de conviv\u00e8ncia<strong><br \/>\n<\/strong><\/li>\n<\/ul>\n<p style=\"text-align: justify;\"><span style=\"font-family: Arial,Helvetica; color: #000000;\"><strong>Tipus d&#8217;activitat:<\/strong> Itinerari. Visita<\/span><\/p>\n<p style=\"text-align: justify;\"><span style=\"font-family: Arial,Helvetica; color: #000000;\"><strong>Descripci\u00f3:<\/strong> Els alumnes, organitzats en petits grups, fan un recorregut guiat per la col\u00f2nia, tot realitzant tasques d\u2019observaci\u00f3 i de descripci\u00f3\u00a0 dels edificis m\u00e9s rellevants.<\/span><\/p>\n<p style=\"text-align: justify;\"><span style=\"font-family: Arial,Helvetica; color: #000000;\">A la zona industrial veuen, entre d\u2019altres, la f\u00e0brica de pisos tipus \u201cmanchesteri\u00e0\u201d, els assecadors i la xemeneia.\u00a0 <\/span><br \/>\n<span style=\"font-family: Arial,Helvetica; color: #000000;\">A la zona residencial observen les cases dels obrers, m\u00e9s senzilles, o les resid\u00e8ncies m\u00e9s luxoses de l\u2019administrador (Ca l\u2019Espinal) o del secretari; tamb\u00e9 veuen els edificis socials, com l\u2019escola, la cooperativa.<\/span><\/p>\n<p style=\"text-align: justify;\"><span style=\"font-family: Arial,Helvetica; color: #000000;\">Finalment, es reuneix tot el grup classe per tal de fer una visita guiada a la cripta de la col\u00f2nia, dissenyada per Antoni Gaud\u00ed. En primer lloc s\u2019observa l\u2019exterior i despr\u00e9s l\u2019interior tot remarcant els aspectes arquitect\u00f2nics i simb\u00f2lics de l\u2019obra del genial arquitecte.<\/span><\/p>\n<p style=\"text-align: justify;\"><span style=\"font-family: Arial,Helvetica; color: #000000;\"><strong>Material:<\/strong> Quadern de treball de l\u2019alumne, carpeta o suport<br \/>\n<\/span><\/p>\n<p style=\"text-align: justify;\"><span style=\"font-family: Arial,Helvetica; color: #000000;\"><strong>Durada:<\/strong> Mitja jornada<\/span><\/p>\n<p style=\"text-align: justify;\"><span style=\"font-family: Arial,Helvetica; color: #000000;\"><strong>Despla\u00e7ament:<\/strong> En autocar o FFCC fins a la Col\u00f2nia G\u00fcell. A peu per l\u2019interior del recinte.<\/span><\/p>\n<p style=\"text-align: justify;\"><strong>Observacions: <\/strong><span style=\"font-family: Arial,Helvetica; color: #000000;\">Com a preparaci\u00f3 de l&#8217;activitat o si voleu ampliar coneixements sobre la Col\u00f2nia, us podeu adre\u00e7ar a <span style=\"color: #339966;\">&#8220;l&#8217;<b><a href=\"http:\/\/www.xtec.es\/crp-baixllobregat6\/colonia\/visita.htm\"><span style=\"color: #339966;\">Itinerari virtual de la Col\u00f2nia G\u00fcell i la Cripta Gaud\u00ed<\/span><\/a><\/b>&#8220;<\/span> realitzat pel <span style=\"color: #339966;\"><a href=\"http:\/\/www.xtec.es\/crp-baixllobregat6\/\"><span style=\"color: #339966;\">Centre de Recursos Pedag\u00f2gics del Baix Llobregat VI <\/span><\/a>&#8211;<\/span> Sant Vicen\u00e7 dels Horts.<\/span><\/p>\n<p>\u00a0Per a m\u00e9s informaci\u00f3, baixeu-vos el full d\u2019organitzaci\u00f3 de sortides.\u2191<\/p>\n","protected":false},"excerpt":{"rendered":"<p>COL-PRI Quadern de treball Full d&#8217;organitzaci\u00f3 de sortida Propostes act. pr\u00e8vies i posteriors Lloc de trobada Cost addicional entrada Codi activitat \u00c0mbit curricular: Coneixement del medi natural, social i cultural. Lloc on es realitza: Col\u00f2nia G\u00fcell (Sta. Coloma de Cervell\u00f3) Nivell educatiu: Cicle mitj\u00e0 i superior de Prim\u00e0ria Estacionalitat: Tot l&#8217;any Objectius: Descobrir com es [&hellip;]<\/p>\n","protected":false},"author":1,"featured_media":0,"parent":817,"menu_order":1,"comment_status":"closed","ping_status":"closed","template":"page-templates\/side-menu.php","meta":{"_bbp_topic_count":0,"_bbp_reply_count":0,"_bbp_total_topic_count":0,"_bbp_total_reply_count":0,"_bbp_voice_count":0,"_bbp_anonymous_reply_count":0,"_bbp_topic_count_hidden":0,"_bbp_reply_count_hidden":0,"_bbp_forum_subforum_count":0,"site-sidebar-layout":"default","site-content-layout":"","ast-site-content-layout":"","site-content-style":"default","site-sidebar-style":"default","ast-global-header-display":"","ast-banner-title-visibility":"","ast-main-header-display":"","ast-hfb-above-header-display":"","ast-hfb-below-header-display":"","ast-hfb-mobile-header-display":"","site-post-title":"","ast-breadcrumbs-content":"","ast-featured-img":"","footer-sml-layout":"","theme-transparent-header-meta":"","adv-header-id-meta":"","stick-header-meta":"","header-above-stick-meta":"","header-main-stick-meta":"","header-below-stick-meta":"","astra-migrate-meta-layouts":"default","ast-page-background-enabled":"default","ast-page-background-meta":{"desktop":{"background-color":"var(--ast-global-color-4)","background-image":"","background-repeat":"repeat","background-position":"center center","background-size":"auto","background-attachment":"scroll","background-type":"","background-media":"","overlay-type":"","overlay-color":"","overlay-opacity":"","overlay-gradient":""},"tablet":{"background-color":"","background-image":"","background-repeat":"repeat","background-position":"center center","background-size":"auto","background-attachment":"scroll","background-type":"","background-media":"","overlay-type":"","overlay-color":"","overlay-opacity":"","overlay-gradient":""},"mobile":{"background-color":"","background-image":"","background-repeat":"repeat","background-position":"center center","background-size":"auto","background-attachment":"scroll","background-type":"","background-media":"","overlay-type":"","overlay-color":"","overlay-opacity":"","overlay-gradient":""}},"ast-content-background-meta":{"desktop":{"background-color":"var(--ast-global-color-5)","background-image":"","background-repeat":"repeat","background-position":"center center","background-size":"auto","background-attachment":"scroll","background-type":"","background-media":"","overlay-type":"","overlay-color":"","overlay-opacity":"","overlay-gradient":""},"tablet":{"background-color":"var(--ast-global-color-5)","background-image":"","background-repeat":"repeat","background-position":"center center","background-size":"auto","background-attachment":"scroll","background-type":"","background-media":"","overlay-type":"","overlay-color":"","overlay-opacity":"","overlay-gradient":""},"mobile":{"background-color":"var(--ast-global-color-5)","background-image":"","background-repeat":"repeat","background-position":"center center","background-size":"auto","background-attachment":"scroll","background-type":"","background-media":"","overlay-type":"","overlay-color":"","overlay-opacity":"","overlay-gradient":""}},"footnotes":""},"class_list":["post-1020","page","type-page","status-publish","hentry"],"post_mailing_queue_ids":[],"_links":{"self":[{"href":"https:\/\/serveiseducatius.xtec.cat\/cda-cansantoi\/wp-json\/wp\/v2\/pages\/1020","targetHints":{"allow":["GET"]}}],"collection":[{"href":"https:\/\/serveiseducatius.xtec.cat\/cda-cansantoi\/wp-json\/wp\/v2\/pages"}],"about":[{"href":"https:\/\/serveiseducatius.xtec.cat\/cda-cansantoi\/wp-json\/wp\/v2\/types\/page"}],"author":[{"embeddable":true,"href":"https:\/\/serveiseducatius.xtec.cat\/cda-cansantoi\/wp-json\/wp\/v2\/users\/1"}],"replies":[{"embeddable":true,"href":"https:\/\/serveiseducatius.xtec.cat\/cda-cansantoi\/wp-json\/wp\/v2\/comments?post=1020"}],"version-history":[{"count":3,"href":"https:\/\/serveiseducatius.xtec.cat\/cda-cansantoi\/wp-json\/wp\/v2\/pages\/1020\/revisions"}],"predecessor-version":[{"id":10132,"href":"https:\/\/serveiseducatius.xtec.cat\/cda-cansantoi\/wp-json\/wp\/v2\/pages\/1020\/revisions\/10132"}],"up":[{"embeddable":true,"href":"https:\/\/serveiseducatius.xtec.cat\/cda-cansantoi\/wp-json\/wp\/v2\/pages\/817"}],"wp:attachment":[{"href":"https:\/\/serveiseducatius.xtec.cat\/cda-cansantoi\/wp-json\/wp\/v2\/media?parent=1020"}],"curies":[{"name":"wp","href":"https:\/\/api.w.org\/{rel}","templated":true}]}}