{"id":1010,"date":"2014-01-27T14:03:35","date_gmt":"2014-01-27T13:03:35","guid":{"rendered":"http:\/\/blocs.xtec.cat\/cdacansantoi2\/?page_id=1010"},"modified":"2022-03-23T14:15:19","modified_gmt":"2022-03-23T13:15:19","slug":"lenergia-solar-i-les-seves-aplicacions-eso","status":"publish","type":"page","link":"https:\/\/serveiseducatius.xtec.cat\/cda-cansantoi\/ambits\/recursos-del-medi-i-sostenibilitat\/lenergia-solar-i-les-seves-aplicacions-eso\/","title":{"rendered":"L&#8217;energia solar i les seves aplicacions (ESO)"},"content":{"rendered":"<p>&nbsp;<\/p>\n<table style=\"width: 564px;\" border=\"0\" cellspacing=\"0\" cellpadding=\"3\">\n<tbody>\n<tr>\n<td width=\"94\">\n<div align=\"center\"><a href=\"http:\/\/www.xtec.cat\/cda-cansantoi\/Energia_solar_eso.pdf\" target=\"_blank\" rel=\"noopener noreferrer\"><img loading=\"lazy\" decoding=\"async\" class=\"aligncenter wp-image-1371\" style=\"border: 0px none;\" src=\"http:\/\/serveiseducatius.xtec.cat\/cda-cansantoi\/wp-content\/uploads\/usu1385\/2014\/05\/qta.gif\" alt=\"Baixar quadern de treball de l'alumne\" width=\"40\" height=\"40\" \/><\/a><\/div>\n<\/td>\n<td width=\"94\">\n<div align=\"center\"><a href=\"http:\/\/www.xtec.cat\/cda-cansantoi\/Fulls_organitzacio_sortida\/organitzacio_sortida_ens-eso.doc\" target=\"_blank\" rel=\"noopener noreferrer\"><img loading=\"lazy\" decoding=\"async\" class=\"size-full wp-image-1358 aligncenter\" style=\"border: 0px none;\" src=\"http:\/\/serveiseducatius.xtec.cat\/cda-cansantoi\/wp-content\/uploads\/usu1385\/2014\/05\/carpeta_camp.png\" alt=\"Baixar full d'organitzaci\u00f3 de la sortida\" width=\"32\" height=\"32\" \/><\/a><\/div>\n<\/td>\n<td width=\"94\">\n<div align=\"center\"><a href=\"https:\/\/serveiseducatius.xtec.cat\/cda-cansantoi\/en-preparacio-2\/\" target=\"_blank\" rel=\"noopener noreferrer\"><img loading=\"lazy\" decoding=\"async\" class=\"aligncenter wp-image-1420\" style=\"border: 0px none;\" src=\"http:\/\/serveiseducatius.xtec.cat\/cda-cansantoi\/wp-content\/uploads\/usu1385\/2014\/01\/llibreta.gif\" alt=\"llibreta\" width=\"28\" height=\"36\" \/><\/a><\/div>\n<\/td>\n<td align=\"center\" width=\"94\">\n<div align=\"center\"><a href=\"https:\/\/maps.google.com\/maps\/ms?msa=0&amp;msid=203310988220912994480.00044828f13fc5a67029b&amp;hl=ca&amp;ie=UTF8&amp;t=m&amp;ll=41.43552,2.04895&amp;spn=0.180173,0.291824&amp;z=11&amp;source=embed\" target=\"_blank\" rel=\"noopener noreferrer\"><img loading=\"lazy\" decoding=\"async\" class=\"size-full wp-image-1416 aligncenter\" style=\"border: 0px none;\" src=\"http:\/\/serveiseducatius.xtec.cat\/cda-cansantoi\/wp-content\/uploads\/usu1385\/2014\/01\/Punt-de-trobada.png\" alt=\"Punt de trobada\" width=\"44\" height=\"40\" \/><\/a><\/div>\n<\/td>\n<td width=\"94\"><\/td>\n<td width=\"94\"><span style=\"font-size: large;\"><strong><span style=\"color: #800000;\">ENS-ESO<\/span><\/strong><\/span><\/td>\n<\/tr>\n<tr>\n<td width=\"94\">\n<div class=\"Estilo1\" align=\"center\">\n<div align=\"center\"><span style=\"font-size: xx-small;\">Quadern de treball<\/span><\/div>\n<\/div>\n<\/td>\n<td width=\"94\">\n<div class=\"Estilo1\" align=\"center\">\n<div align=\"center\"><span style=\"font-size: xx-small;\">Full d&#8217;organitzaci\u00f3 de sortida<\/span><\/div>\n<\/div>\n<\/td>\n<td width=\"94\">\n<div class=\"Estilo1\" align=\"center\">\n<div align=\"center\"><span style=\"font-size: xx-small;\">Propostes act. pr\u00e8vies i posteriors<\/span><\/div>\n<\/div>\n<\/td>\n<td width=\"94\">\n<div class=\"Estilo1\" align=\"center\">\n<div align=\"center\"><span style=\"font-size: xx-small;\">Lloc de trobada<\/span><\/div>\n<\/div>\n<\/td>\n<td width=\"94\">\n<div class=\"Estilo1\" align=\"center\"><span style=\"font-size: xx-small;\">\u00a0<\/span><\/div>\n<\/td>\n<td width=\"94\">\n<div class=\"Estilo1\" align=\"center\"><span style=\"font-size: xx-small;\">Codi activitat<\/span><\/div>\n<\/td>\n<\/tr>\n<\/tbody>\n<\/table>\n<p style=\"text-align: justify;\"><span style=\"color: #000000;\"><strong><span style=\"font-family: Arial, Helvetica;\">\u00c0mbit curricular:\u00a0<\/span><\/strong>\u00a0<span style=\"font-family: Arial, Helvetica;\">Tecnologia; Ci\u00e8ncies experimentals; Ci\u00e8ncies socials<\/span>\u00a0<\/span><\/p>\n<p style=\"text-align: justify;\"><span style=\"color: #000000;\"><span style=\"font-family: Arial, Helvetica;\"><strong>Lloc on es realitza:\u00a0<\/strong>Camp d&#8217;Aprenentatge<\/span>\u00a0<\/span><\/p>\n<p style=\"text-align: justify;\"><span style=\"font-family: Arial, Helvetica; color: #000000;\"><strong>Nivell educatiu:\u00a0\u00a0<\/strong>ESO<\/span><\/p>\n<p style=\"text-align: justify;\"><span style=\"color: #000000;\"><span style=\"font-family: Arial, Helvetica;\"><strong>Estacionalitat:<\/strong>\u00a0Tot l&#8217;any\u00a0<\/span>\u00a0<\/span><\/p>\n<p style=\"text-align: justify;\"><span style=\"color: #000000;\"><span style=\"font-family: Arial, Helvetica;\"><strong>Objectius:<\/strong> Con\u00e8ixer com funciona una instal\u00b7laci\u00f3 d&#8217;aprofitament d&#8217;energia solar en les dues opcions principals: fotovoltaica (generaci\u00f3 de corrent el\u00e8ctric) i t\u00e8rmica (obtenci\u00f3 de calor per a aigua calenta sanit\u00e0ria i calefacci\u00f3)<\/span><\/span><\/p>\n<p><strong>Compet\u00e8ncies b\u00e0siques\u00a0 que m\u00e9s potencia<\/strong>:<\/p>\n<ul>\n<li><strong>\u00c0mbit cientificotecnol\u00f2gic:<\/strong>\n<ul>\n<li><strong>Compet\u00e8ncia 1<\/strong>. Identificar i caracteritzar els sistemes f\u00edsics i qu\u00ed\u00admics des de la perspectiva dels models, per comunicar i predir el comportament dels fen\u00f2mens naturals.<\/li>\n<li><strong>Compet\u00e8ncia 4.<\/strong> Identificar i resoldre problemes cient\u00edfics susceptibles de ser investigats en l\u2019\u00e0mbit escolar, que impliquin el disseny, la realitzaci\u00f3 i la comunicaci\u00f3 d\u2019investigacions experimentals.<\/li>\n<li><strong>Compet\u00e8ncia 5. <\/strong>Resoldre problemes de la vida quotidiana aplicant el raonament cient\u00edfic.<\/li>\n<li><strong>Compet\u00e8ncia 7<\/strong>. Utilitzar objectes tecnol\u00f2gics de la vida quotidiana amb el coneixement b\u00e0sic del seu funcionament, manteniment i accions a fer per minimitzar els riscos en la manipulaci\u00f3 i en l\u2019impacte mediambiental.<\/li>\n<\/ul>\n<\/li>\n<\/ul>\n<ul>\n<li><strong>\u00c0mbit matem\u00e0tic<\/strong>\n<ul>\n<li><strong>Compet\u00e8ncia 2<\/strong>. Emprar conceptes, eines i estrat\u00e8gies matem\u00e0tiques per resoldre problemes.<\/li>\n<\/ul>\n<\/li>\n<\/ul>\n<ul>\n<li><strong>\u00c0mbit cultura i valors<\/strong>\n<ul>\n<li><strong>Compet\u00e8ncia 9<\/strong>. Analitzar cr\u00edticament l\u2019entorn natural des de la perspectiva \u00e8tica, individualment i de manera col\u00b7lectiva<\/li>\n<li><strong>Compet\u00e8ncia 10<\/strong>. Realitzar activitats de participaci\u00f3 i de col\u2022laboraci\u00f3 que promoguin actituds de comprom\u00eds i democr\u00e0tiques<strong><br \/>\n<\/strong><\/li>\n<\/ul>\n<\/li>\n<\/ul>\n<p style=\"text-align: justify;\"><span style=\"color: #000000;\"><span style=\"font-family: Arial, Helvetica;\"><strong>Tipus d&#8217;activitat:\u00a0<\/strong>Visita \/ Taller<\/span>\u00a0<\/span><\/p>\n<p style=\"text-align: justify;\"><span style=\"color: #000000;\"><span style=\"font-family: Arial, Helvetica;\"><strong>Descripci\u00f3:<\/strong>\u00a0L&#8217;activitat permet entendre i posar en pr\u00e0ctica els principis de l&#8217;aprofitament de l&#8217;energia solar, tant pel que fa al seu vessant t\u00e8rmic com al vessant fotovoltaic. Els fonaments te\u00f2rics es complementen amb la realitzaci\u00f3 de 3 tallers manipulatius on es posen en pr\u00e0ctica aquests coneixements.<\/span><\/span><\/p>\n<p style=\"text-align: justify;\"><span style=\"color: #000000;\"><span style=\"font-family: Arial, Helvetica;\"><strong>Material:\u00a0<\/strong>Quadern de treball<\/span>, b<\/span><span style=\"color: #000000;\"><span style=\"font-family: Arial, Helvetica;\">r\u00faixoles, transportador d&#8217;angles, c\u00e8l\u00b7lules fotovoltaiques, motors el\u00e8ctrics, interruptors, forn solar, model casol\u00e0 de col\u00b7lector, etc<\/span>\u00a0<\/span><\/p>\n<p style=\"text-align: justify;\"><span style=\"color: #000000;\"><span style=\"font-family: Arial, Helvetica;\"><strong>Durada:<\/strong>\u00a0Mitja jornada<\/span>\u00a0<\/span><\/p>\n<p style=\"text-align: justify;\"><span style=\"color: #000000;\"><strong><span style=\"font-family: Arial, Helvetica;\">Despla\u00e7ament:<\/span>\u00a0<\/strong><span style=\"font-family: Arial, Helvetica;\">cap<\/span><\/span><\/p>\n<p style=\"text-align: justify;\">Per a m\u00e9s informaci\u00f3, baixeu-vos el full d\u2019organitzaci\u00f3 de sortides.\u2191<\/p>\n<p>&nbsp;<\/p>\n","protected":false},"excerpt":{"rendered":"<p>&nbsp; ENS-ESO Quadern de treball Full d&#8217;organitzaci\u00f3 de sortida Propostes act. pr\u00e8vies i posteriors Lloc de trobada \u00a0 Codi activitat \u00c0mbit curricular:\u00a0\u00a0Tecnologia; Ci\u00e8ncies experimentals; Ci\u00e8ncies socials\u00a0 Lloc on es realitza:\u00a0Camp d&#8217;Aprenentatge\u00a0 Nivell educatiu:\u00a0\u00a0ESO Estacionalitat:\u00a0Tot l&#8217;any\u00a0\u00a0 Objectius: Con\u00e8ixer com funciona una instal\u00b7laci\u00f3 d&#8217;aprofitament d&#8217;energia solar en les dues opcions principals: fotovoltaica (generaci\u00f3 de corrent el\u00e8ctric) i [&hellip;]<\/p>\n","protected":false},"author":1,"featured_media":0,"parent":805,"menu_order":2,"comment_status":"closed","ping_status":"closed","template":"page-templates\/side-menu.php","meta":{"_bbp_topic_count":0,"_bbp_reply_count":0,"_bbp_total_topic_count":0,"_bbp_total_reply_count":0,"_bbp_voice_count":0,"_bbp_anonymous_reply_count":0,"_bbp_topic_count_hidden":0,"_bbp_reply_count_hidden":0,"_bbp_forum_subforum_count":0,"site-sidebar-layout":"default","site-content-layout":"","ast-site-content-layout":"","site-content-style":"default","site-sidebar-style":"default","ast-global-header-display":"","ast-banner-title-visibility":"","ast-main-header-display":"","ast-hfb-above-header-display":"","ast-hfb-below-header-display":"","ast-hfb-mobile-header-display":"","site-post-title":"","ast-breadcrumbs-content":"","ast-featured-img":"","footer-sml-layout":"","theme-transparent-header-meta":"","adv-header-id-meta":"","stick-header-meta":"","header-above-stick-meta":"","header-main-stick-meta":"","header-below-stick-meta":"","astra-migrate-meta-layouts":"default","ast-page-background-enabled":"default","ast-page-background-meta":{"desktop":{"background-color":"var(--ast-global-color-4)","background-image":"","background-repeat":"repeat","background-position":"center center","background-size":"auto","background-attachment":"scroll","background-type":"","background-media":"","overlay-type":"","overlay-color":"","overlay-opacity":"","overlay-gradient":""},"tablet":{"background-color":"","background-image":"","background-repeat":"repeat","background-position":"center center","background-size":"auto","background-attachment":"scroll","background-type":"","background-media":"","overlay-type":"","overlay-color":"","overlay-opacity":"","overlay-gradient":""},"mobile":{"background-color":"","background-image":"","background-repeat":"repeat","background-position":"center center","background-size":"auto","background-attachment":"scroll","background-type":"","background-media":"","overlay-type":"","overlay-color":"","overlay-opacity":"","overlay-gradient":""}},"ast-content-background-meta":{"desktop":{"background-color":"var(--ast-global-color-5)","background-image":"","background-repeat":"repeat","background-position":"center center","background-size":"auto","background-attachment":"scroll","background-type":"","background-media":"","overlay-type":"","overlay-color":"","overlay-opacity":"","overlay-gradient":""},"tablet":{"background-color":"var(--ast-global-color-5)","background-image":"","background-repeat":"repeat","background-position":"center center","background-size":"auto","background-attachment":"scroll","background-type":"","background-media":"","overlay-type":"","overlay-color":"","overlay-opacity":"","overlay-gradient":""},"mobile":{"background-color":"var(--ast-global-color-5)","background-image":"","background-repeat":"repeat","background-position":"center center","background-size":"auto","background-attachment":"scroll","background-type":"","background-media":"","overlay-type":"","overlay-color":"","overlay-opacity":"","overlay-gradient":""}},"footnotes":""},"class_list":["post-1010","page","type-page","status-publish","hentry"],"post_mailing_queue_ids":[],"_links":{"self":[{"href":"https:\/\/serveiseducatius.xtec.cat\/cda-cansantoi\/wp-json\/wp\/v2\/pages\/1010","targetHints":{"allow":["GET"]}}],"collection":[{"href":"https:\/\/serveiseducatius.xtec.cat\/cda-cansantoi\/wp-json\/wp\/v2\/pages"}],"about":[{"href":"https:\/\/serveiseducatius.xtec.cat\/cda-cansantoi\/wp-json\/wp\/v2\/types\/page"}],"author":[{"embeddable":true,"href":"https:\/\/serveiseducatius.xtec.cat\/cda-cansantoi\/wp-json\/wp\/v2\/users\/1"}],"replies":[{"embeddable":true,"href":"https:\/\/serveiseducatius.xtec.cat\/cda-cansantoi\/wp-json\/wp\/v2\/comments?post=1010"}],"version-history":[{"count":4,"href":"https:\/\/serveiseducatius.xtec.cat\/cda-cansantoi\/wp-json\/wp\/v2\/pages\/1010\/revisions"}],"predecessor-version":[{"id":14464,"href":"https:\/\/serveiseducatius.xtec.cat\/cda-cansantoi\/wp-json\/wp\/v2\/pages\/1010\/revisions\/14464"}],"up":[{"embeddable":true,"href":"https:\/\/serveiseducatius.xtec.cat\/cda-cansantoi\/wp-json\/wp\/v2\/pages\/805"}],"wp:attachment":[{"href":"https:\/\/serveiseducatius.xtec.cat\/cda-cansantoi\/wp-json\/wp\/v2\/media?parent=1010"}],"curies":[{"name":"wp","href":"https:\/\/api.w.org\/{rel}","templated":true}]}}