{"id":1006,"date":"2014-01-27T14:00:39","date_gmt":"2014-01-27T13:00:39","guid":{"rendered":"http:\/\/blocs.xtec.cat\/cdacansantoi2\/?page_id=1006"},"modified":"2020-11-18T10:38:30","modified_gmt":"2020-11-18T09:38:30","slug":"el-nostre-amic-el-sol","status":"publish","type":"page","link":"https:\/\/serveiseducatius.xtec.cat\/cda-cansantoi\/ambits\/recursos-del-medi-i-sostenibilitat\/el-nostre-amic-el-sol\/","title":{"rendered":"El nostre amic el Sol (Prim\u00e0ria)"},"content":{"rendered":"<p>&nbsp;<\/p>\n<table style=\"width: 564px;\" border=\"0\" cellspacing=\"0\" cellpadding=\"3\">\n<tbody>\n<tr>\n<td width=\"94\">\n<div align=\"center\"><a href=\"http:\/\/www.xtec.cat\/cda-cansantoi\/El_nostre_amic_el_sol_pri.pdf\" target=\"_blank\" rel=\"noopener noreferrer\"><img loading=\"lazy\" decoding=\"async\" class=\"wp-image-1371 aligncenter\" style=\"border: 0px none;\" src=\"http:\/\/serveiseducatius.xtec.cat\/cda-cansantoi\/wp-content\/uploads\/usu1385\/2014\/05\/qta.gif\" alt=\"Baixar quadern de treball de l'alumne\" width=\"40\" height=\"40\" \/><\/a><\/div>\n<\/td>\n<td width=\"94\">\n<div align=\"center\"><a href=\"http:\/\/www.xtec.cat\/cda-cansantoi\/Fulls_organitzacio_sortida\/organitzacio_sortida_ens-pri.doc\" target=\"_blank\" rel=\"noopener noreferrer\"><img loading=\"lazy\" decoding=\"async\" class=\"size-full wp-image-1358 aligncenter\" style=\"border: 0px none;\" src=\"http:\/\/serveiseducatius.xtec.cat\/cda-cansantoi\/wp-content\/uploads\/usu1385\/2014\/05\/carpeta_camp.png\" alt=\"Baixar full d'organitzaci\u00f3 de la sortida\" width=\"32\" height=\"32\" \/><\/a><\/div>\n<\/td>\n<td width=\"94\">\n<div align=\"center\"><a href=\"http:\/\/www.xtec.cat\/cda-cansantoi\/Guies prof\/El_nostre_amic_el_sol_pri_guia.pdf\" target=\"_blank\" rel=\"noopener noreferrer\"><img loading=\"lazy\" decoding=\"async\" class=\"aligncenter wp-image-1420\" style=\"border: 0px none;\" src=\"http:\/\/serveiseducatius.xtec.cat\/cda-cansantoi\/wp-content\/uploads\/usu1385\/2014\/01\/llibreta.gif\" alt=\"llibreta\" width=\"28\" height=\"36\" \/><\/a><\/div>\n<\/td>\n<td align=\"center\" width=\"94\">\n<div align=\"center\"><a href=\"https:\/\/maps.google.com\/maps\/ms?msa=0&amp;msid=203310988220912994480.00044828f13fc5a67029b&amp;hl=ca&amp;ie=UTF8&amp;t=m&amp;ll=41.43552,2.04895&amp;spn=0.180173,0.291824&amp;z=11&amp;source=embed\" target=\"_blank\" rel=\"noopener noreferrer\"><img loading=\"lazy\" decoding=\"async\" class=\"size-full wp-image-1416 aligncenter\" style=\"border: 0px none;\" src=\"http:\/\/serveiseducatius.xtec.cat\/cda-cansantoi\/wp-content\/uploads\/usu1385\/2014\/01\/Punt-de-trobada.png\" alt=\"Punt de trobada\" width=\"44\" height=\"40\" \/><\/a><\/div>\n<\/td>\n<td width=\"94\"><\/td>\n<td width=\"94\"><span style=\"font-size: large;\"><strong><span style=\"color: #800000;\">\u00a0ENS-PRI<\/span><\/strong><\/span><\/td>\n<\/tr>\n<tr>\n<td width=\"94\">\n<div class=\"Estilo1\" align=\"center\">\n<div align=\"center\"><span style=\"font-size: xx-small;\">Quadern de treball<\/span><\/div>\n<\/div>\n<\/td>\n<td width=\"94\">\n<div class=\"Estilo1\" align=\"center\">\n<div align=\"center\"><span style=\"font-size: xx-small;\">Full d&#8217;organitzaci\u00f3 de sortida<\/span><\/div>\n<\/div>\n<\/td>\n<td width=\"94\">\n<div class=\"Estilo1\" align=\"center\">\n<div align=\"center\"><span style=\"font-size: xx-small;\">Propostes act. pr\u00e8vies i posteriors<\/span><\/div>\n<\/div>\n<\/td>\n<td width=\"94\">\n<div class=\"Estilo1\" align=\"center\">\n<div align=\"center\"><span style=\"font-size: xx-small;\">Lloc de trobada<\/span><\/div>\n<\/div>\n<\/td>\n<td width=\"94\">\n<div class=\"Estilo1\" align=\"center\"><span style=\"font-size: xx-small;\">\u00a0<\/span><\/div>\n<\/td>\n<td width=\"94\">\n<div class=\"Estilo1\" align=\"center\"><span style=\"font-size: xx-small;\">Codi activitat<\/span><\/div>\n<\/td>\n<\/tr>\n<\/tbody>\n<\/table>\n<p style=\"text-align: justify;\">\r\n\t<div class=\"slideshow_container slideshow_container_style-light\" style=\"height: 200px; \" data-slideshow-id=\"8826\" data-style-name=\"style-light\" data-style-version=\"2.3.1\" >\r\n\r\n\t\t\t\t\t<div class=\"slideshow_loading_icon\"><\/div>\r\n\t\t\r\n\t\t<div class=\"slideshow_content\" style=\"display: none;\">\r\n\r\n\t\t\t<div class=\"slideshow_view\"><div class=\"slideshow_slide slideshow_slide_image\">\n        <a href=\"https:\/\/lh3.googleusercontent.com\/OxCSPROAJ3WK5j5gFvOUxvEMIr8yclOUojN-SvKiYhoEanvWnKHRaOMfLdeexOATPbdtIM46k8Kd-VbHpU8XM9lxQQOKcnald-k015NJYFGnZzRLhje60l53_Wckjyd-eU7z9jRnVoNx5g5gDwHGsLszvHv0tZjVGuEqc5wEWBO0QC9mLTrhGQNSVcFbkePHEK8FJjiXKtIRkL1YaZTbw41xPfmezJZsJawhCTzUIlrHWht2hq3coSuyH5eWu4q3YHW8bl3XR6GU0bVnqQ5z6KKEupPTMM1yiKhnYxO9XJBhltQFtTfDNHuntowvyWJQYGypL5iEIiYZRyVhHK1P29G-W8-Ed7ECx6rTzE_eNX_X782csukTa6e8cDNgYQ9Uokt_7L2MpOBAnOZrWPTnJ6ieV4XIyaOnuFJU4STZBdG_Z_HfY3nafMNdk0BjpHFM3o3HW2c0mfOyB1ZFAMkPcfUYPt6fjyTSbVXwZdRUIfafJ28MF_Pe1zDH08BaqWMP3ZRmOiXwS6dUe8XeL0N5jES7EtxGEq3yGfHLVeRTI4EZoo5Na_R9uOn3OvxjzEWN0PxFUPNUkAAuUKAQCIYf48waa7Jc0gdnESnH5AdnZTq5Jbhn5-nv=w800-h600-no\" target=\"_blank\">        <img src=\"https:\/\/lh3.googleusercontent.com\/OxCSPROAJ3WK5j5gFvOUxvEMIr8yclOUojN-SvKiYhoEanvWnKHRaOMfLdeexOATPbdtIM46k8Kd-VbHpU8XM9lxQQOKcnald-k015NJYFGnZzRLhje60l53_Wckjyd-eU7z9jRnVoNx5g5gDwHGsLszvHv0tZjVGuEqc5wEWBO0QC9mLTrhGQNSVcFbkePHEK8FJjiXKtIRkL1YaZTbw41xPfmezJZsJawhCTzUIlrHWht2hq3coSuyH5eWu4q3YHW8bl3XR6GU0bVnqQ5z6KKEupPTMM1yiKhnYxO9XJBhltQFtTfDNHuntowvyWJQYGypL5iEIiYZRyVhHK1P29G-W8-Ed7ECx6rTzE_eNX_X782csukTa6e8cDNgYQ9Uokt_7L2MpOBAnOZrWPTnJ6ieV4XIyaOnuFJU4STZBdG_Z_HfY3nafMNdk0BjpHFM3o3HW2c0mfOyB1ZFAMkPcfUYPt6fjyTSbVXwZdRUIfafJ28MF_Pe1zDH08BaqWMP3ZRmOiXwS6dUe8XeL0N5jES7EtxGEq3yGfHLVeRTI4EZoo5Na_R9uOn3OvxjzEWN0PxFUPNUkAAuUKAQCIYf48waa7Jc0gdnESnH5AdnZTq5Jbhn5-nv=w800-h600-no\" alt=\"\"   \/>\n        <\/a>        <div class=\"slideshow_description_box slideshow_transparent\">\n                                        <\/div>\n<\/div>\n\t\n<div class=\"slideshow_slide slideshow_slide_image\">\n        <a href=\"https:\/\/lh3.googleusercontent.com\/AMXt2B3d4TdasrJFMpLe_-s9lmpQhCgK05NPdM8hvIocO7YsQTguzjxl70FjiAc85q4M1bitfhSKwtigqxWdpSXwmTeekieZkx-KqqkUQPWFsTqUH_pwvqdYKWFjscFN5AcAApZSEK_zrj3jmTsexVzTAivxGtgY0VFg08Y_dzc-87QWoFkqIP0XC28-gaZLO1PKeKFapSm6WZka3_MDdb8-r85LHmzimKin-xinzLdqXFhBaHGnwQZeCJpDFlqxCxI5QdaXO8D4SU7V28nPYpKYd5E5yvm2q9GEN5B-LUbKDZyB-yGHDmPnBz-YsOk9jTQWxQ9v-NgXc_iW5PAKQTHPB-6TujsscWdLS7wqQWf_YE9LtBHUe2fGkA0V_WSqvq7WGJBWWvCWt9B2auZbi1-cd6Vh8LFaoK3JiVV_aHwp-lbihMkSmTqxMAUyPbWyf50NgWbVq8UEesHlw0bnEwYEbLyokPK5gAbsjIOgwVVu04LP_k3D5nKvq4cVP2OORtJQPZyIcaqZBrwVMhGs_WXcqy7BMUfrLQatZZe-Y6oQZjkeMOm560vJeiapVE2iGoDL8NFL6Bn97UdfkvVw0Oi04oYxRubfobm5ZcTK1R9rNGmxYt34=w800-h600-no\" target=\"_blank\">        <img src=\"https:\/\/lh3.googleusercontent.com\/AMXt2B3d4TdasrJFMpLe_-s9lmpQhCgK05NPdM8hvIocO7YsQTguzjxl70FjiAc85q4M1bitfhSKwtigqxWdpSXwmTeekieZkx-KqqkUQPWFsTqUH_pwvqdYKWFjscFN5AcAApZSEK_zrj3jmTsexVzTAivxGtgY0VFg08Y_dzc-87QWoFkqIP0XC28-gaZLO1PKeKFapSm6WZka3_MDdb8-r85LHmzimKin-xinzLdqXFhBaHGnwQZeCJpDFlqxCxI5QdaXO8D4SU7V28nPYpKYd5E5yvm2q9GEN5B-LUbKDZyB-yGHDmPnBz-YsOk9jTQWxQ9v-NgXc_iW5PAKQTHPB-6TujsscWdLS7wqQWf_YE9LtBHUe2fGkA0V_WSqvq7WGJBWWvCWt9B2auZbi1-cd6Vh8LFaoK3JiVV_aHwp-lbihMkSmTqxMAUyPbWyf50NgWbVq8UEesHlw0bnEwYEbLyokPK5gAbsjIOgwVVu04LP_k3D5nKvq4cVP2OORtJQPZyIcaqZBrwVMhGs_WXcqy7BMUfrLQatZZe-Y6oQZjkeMOm560vJeiapVE2iGoDL8NFL6Bn97UdfkvVw0Oi04oYxRubfobm5ZcTK1R9rNGmxYt34=w800-h600-no\" alt=\"\"   \/>\n        <\/a>        <div class=\"slideshow_description_box slideshow_transparent\">\n                                        <\/div>\n<\/div>\n\t\n<div class=\"slideshow_slide slideshow_slide_image\">\n        <a href=\"https:\/\/lh3.googleusercontent.com\/ohWlXZbw-30yAqoGkO15JGiGmCFAtKFg-roeVkXCazK0kYl1lXCIIEoy_COYQeeX8_e7RMmy5mDAfuBrC-AvfyMrxZZJDDfAwZS6bKVhRQPs2odlJ2Rm3ZIvN6LyPoFbzRpQqR__UmaYetGi3m2zQIfO-ybslZmCK7yA-yZUJRXuVyFqbD7cxlXQK9MJhqqrrT2hu1X-WAScXArLnnbBf1c70kpIpQx8Agr-PDIR-t3cb-RATN4VojssZ2B9KjZeymMbGbykqP31-saxS9rsTNamP1wkgufN9WWBCStNbb5R-1mGpbG_HyOMaUtTeb3GB7fIkS0s8TN-WVJUgimArs4Kv2NVqGHaLun1jRbLt20tu_lGAbZF5m2y2OjxvCCaMKybNbPz5phvzDnLm2TtQ4q71KlTzvO8ffU3-TFWvbHAdiZf7lAgqyqtaK02gPf7N2XqQwHekSlYfJTWCg-nCkEHQqTKGfU3UPA87cI-d5b5jHWMZGQ0So3oOwyre95rB7X1sg-Qm4oltN-6k1XAeJh_hpjirUBimpfNGnWxTEcwWNxLJtGXm4rEu-PkTj9GwFOCZzSWbcw6CZhJIXkaQRUUBppTmtSOzz5Hf2PAHamJJ_f6UEs2=w800-h600-no\" target=\"_blank\">        <img src=\"https:\/\/lh3.googleusercontent.com\/ohWlXZbw-30yAqoGkO15JGiGmCFAtKFg-roeVkXCazK0kYl1lXCIIEoy_COYQeeX8_e7RMmy5mDAfuBrC-AvfyMrxZZJDDfAwZS6bKVhRQPs2odlJ2Rm3ZIvN6LyPoFbzRpQqR__UmaYetGi3m2zQIfO-ybslZmCK7yA-yZUJRXuVyFqbD7cxlXQK9MJhqqrrT2hu1X-WAScXArLnnbBf1c70kpIpQx8Agr-PDIR-t3cb-RATN4VojssZ2B9KjZeymMbGbykqP31-saxS9rsTNamP1wkgufN9WWBCStNbb5R-1mGpbG_HyOMaUtTeb3GB7fIkS0s8TN-WVJUgimArs4Kv2NVqGHaLun1jRbLt20tu_lGAbZF5m2y2OjxvCCaMKybNbPz5phvzDnLm2TtQ4q71KlTzvO8ffU3-TFWvbHAdiZf7lAgqyqtaK02gPf7N2XqQwHekSlYfJTWCg-nCkEHQqTKGfU3UPA87cI-d5b5jHWMZGQ0So3oOwyre95rB7X1sg-Qm4oltN-6k1XAeJh_hpjirUBimpfNGnWxTEcwWNxLJtGXm4rEu-PkTj9GwFOCZzSWbcw6CZhJIXkaQRUUBppTmtSOzz5Hf2PAHamJJ_f6UEs2=w800-h600-no\" alt=\"\"   \/>\n        <\/a>        <div class=\"slideshow_description_box slideshow_transparent\">\n                                        <\/div>\n<\/div>\n\t\n<div style=\"clear: both;\"><\/div><\/div><div class=\"slideshow_view\"><div class=\"slideshow_slide slideshow_slide_image\">\n        <a href=\"https:\/\/lh3.googleusercontent.com\/59lReSQLQzV9IFtbw0ZIpTtqFY8O02QP99wx043XofUI3z90InEIB4bE14LpOPC4CdQnCeQrjncaAfyC8_-XPZ545a6YDU5jUATPmbnQLBUuo6MHh_XyylJxX-urQi3Slvn4irhYEZ-MC1uOamAGkkb4v11Z8S0Qt9EDvD0VWYoGim_xbpGCl29Qxn1LWc19qQDcvJkWKw5i64Tk0AD9pd1UUmwoexnNNmdoD9iq1Doa96cf-Jc2OKKydOA-8LjG_HbkhhdcgV8zrPlvH4Ly6Tp9VCV6s9Htyx3VJgrVjs2Y8Wa_71g-FJWbkFzoJhmMbl3Y97b2mCZNhETRY6QP6AfMGLOTyuHF-ISZrZYl4j7psD3-tTzO4vu_VWGBheZpcfdbV454TKhjCjn8dYimOChRAmR41qn3mVnl6XiiEaidvX1S038KZBiGGYPwVU_qEQIXI7r8odK4QlErY0Jx_svcdkn7vhOEl5jDUOU_TyX1KyDmtx_LM34YVysNqL8WXKwgPtspxkizMylRt20uWnWNW20-nN-1Z2ypVoAcCHNfh0BFwPzJsu0RHqQ6vOttUjVZ7UeyBHlnD2dciC0I8ty1nTAE29FCTPxgULEmq_bRGXbhrbc7=w800-h600-no\" target=\"_blank\">        <img src=\"https:\/\/lh3.googleusercontent.com\/59lReSQLQzV9IFtbw0ZIpTtqFY8O02QP99wx043XofUI3z90InEIB4bE14LpOPC4CdQnCeQrjncaAfyC8_-XPZ545a6YDU5jUATPmbnQLBUuo6MHh_XyylJxX-urQi3Slvn4irhYEZ-MC1uOamAGkkb4v11Z8S0Qt9EDvD0VWYoGim_xbpGCl29Qxn1LWc19qQDcvJkWKw5i64Tk0AD9pd1UUmwoexnNNmdoD9iq1Doa96cf-Jc2OKKydOA-8LjG_HbkhhdcgV8zrPlvH4Ly6Tp9VCV6s9Htyx3VJgrVjs2Y8Wa_71g-FJWbkFzoJhmMbl3Y97b2mCZNhETRY6QP6AfMGLOTyuHF-ISZrZYl4j7psD3-tTzO4vu_VWGBheZpcfdbV454TKhjCjn8dYimOChRAmR41qn3mVnl6XiiEaidvX1S038KZBiGGYPwVU_qEQIXI7r8odK4QlErY0Jx_svcdkn7vhOEl5jDUOU_TyX1KyDmtx_LM34YVysNqL8WXKwgPtspxkizMylRt20uWnWNW20-nN-1Z2ypVoAcCHNfh0BFwPzJsu0RHqQ6vOttUjVZ7UeyBHlnD2dciC0I8ty1nTAE29FCTPxgULEmq_bRGXbhrbc7=w800-h600-no\" alt=\"\"   \/>\n        <\/a>        <div class=\"slideshow_description_box slideshow_transparent\">\n                                        <\/div>\n<\/div>\n\t\n<div class=\"slideshow_slide slideshow_slide_image\">\n        <a href=\"https:\/\/lh3.googleusercontent.com\/k0TXacYnn8Vku5KNTxFPbocf-sb_Vp5CqKXeIRQdZEcGdnPZmo9q1eqgDmuc3wEFSYtTJPmpaigQc2XralAAkefu_AROyC53El9fwxzIkT9r9hLVHKluSXYHiROry2XpFUqzJ4zXnKZPBqwwdn4w_IZU2_6zUVRJOvmLa57zvv9cS47IsVnU3mEp0gCR8Gp7iAxVrnju7eZWKh1GKQeqgGzyGQ7um1LH42nTSiYAyvNBj1XATfVep5elWD2Z-9edkbpi41O3xESMk-_CoeGe0dUOW-akYUBjgmgLbrWQVMGbkp1cGR7PH5Kz-6NZy9XyLlKhCJN-pgz3ttks0KnNJFQk5XmYwYA0Im_2rteSNgXUkGdamrlDCbO8bFCjMSRKgsQkgfurtrcS7FnwiLrQKwPpc8wYGJ5yPTk5Ib_jEedFbbkFrla2NolN0wimgaZJVt4z0TJA7yVVcTjEV0owEGltqg6BP7yafjOP7ApFY72F58L2C_A8NzfL8E2_mrYXHwx72itNqeQuZL5w4AdbX9Tie16Pxymtgw2LEWz49OEV4GSKE6LcRL-vfMPXTeTeSFjZI8swu6PgEK62oOUl1sGook7fjzLYIH0ExO3Tk3GH7_To9uq5=w800-h600-no\" target=\"_blank\">        <img src=\"https:\/\/lh3.googleusercontent.com\/k0TXacYnn8Vku5KNTxFPbocf-sb_Vp5CqKXeIRQdZEcGdnPZmo9q1eqgDmuc3wEFSYtTJPmpaigQc2XralAAkefu_AROyC53El9fwxzIkT9r9hLVHKluSXYHiROry2XpFUqzJ4zXnKZPBqwwdn4w_IZU2_6zUVRJOvmLa57zvv9cS47IsVnU3mEp0gCR8Gp7iAxVrnju7eZWKh1GKQeqgGzyGQ7um1LH42nTSiYAyvNBj1XATfVep5elWD2Z-9edkbpi41O3xESMk-_CoeGe0dUOW-akYUBjgmgLbrWQVMGbkp1cGR7PH5Kz-6NZy9XyLlKhCJN-pgz3ttks0KnNJFQk5XmYwYA0Im_2rteSNgXUkGdamrlDCbO8bFCjMSRKgsQkgfurtrcS7FnwiLrQKwPpc8wYGJ5yPTk5Ib_jEedFbbkFrla2NolN0wimgaZJVt4z0TJA7yVVcTjEV0owEGltqg6BP7yafjOP7ApFY72F58L2C_A8NzfL8E2_mrYXHwx72itNqeQuZL5w4AdbX9Tie16Pxymtgw2LEWz49OEV4GSKE6LcRL-vfMPXTeTeSFjZI8swu6PgEK62oOUl1sGook7fjzLYIH0ExO3Tk3GH7_To9uq5=w800-h600-no\" alt=\"\"   \/>\n        <\/a>        <div class=\"slideshow_description_box slideshow_transparent\">\n                                        <\/div>\n<\/div>\n\t\n<div class=\"slideshow_slide slideshow_slide_image\">\n        <a href=\"https:\/\/lh3.googleusercontent.com\/_1nObiz6oZQjNUR4eMbiVicv-uKSx9-Uq5tW8p5kyZJDsxulDARmbuLO7s36PxZjkXhwpMDo5E8AZiQ8xkxTWSwyQ4X63VHaYoTtADNc-9hJkNnkZLeENGPJANhQyTOtQjouHgfztE3V0BGPh1UFwuOdbxaGaw903i2XZ1b2agztmA-o6y_JIdPpXXMEqhQrtaq5s6ZREe6UW5SoKErcbopw0h732GiwHE2rUdTsO5vnnjsO1cO82YRgkx2DNhBEIJ3Iw9eqHFFh0GLZvOTPlrHQNb7m0NDZeWIQd1oGYf36eQZfcIEMtEgEf1t7DS106jurzLLCnSszwAxFdikDEu8hzI2fDM6zdL_aEBmv0pTGzNIkL0ofTI_07wzjc1g6eSBzQWyIy9nRpfZkRlSTLsAmtyK6q2RHAm9q1ls3Zth3LVoUFHdx0aty_czNJVm2u9vQPOlHQ70WdZwrnadoEPShLlssMEDWXgVMcdtlS0Mra0Kg1rdI2D4gFm292uHzprFvRhPdcE0h8CtftuIt__NAmcxBJ4_L6LGJOXrxTuOmo4Viq9DWd4_ZjHZN3w_q-pBg1CU7xk6Ls1DM54dyNUYmx45KWaFL5xV36lQLcCyPQ7JAPh3S=w800-h600-no\" target=\"_blank\">        <img src=\"https:\/\/lh3.googleusercontent.com\/_1nObiz6oZQjNUR4eMbiVicv-uKSx9-Uq5tW8p5kyZJDsxulDARmbuLO7s36PxZjkXhwpMDo5E8AZiQ8xkxTWSwyQ4X63VHaYoTtADNc-9hJkNnkZLeENGPJANhQyTOtQjouHgfztE3V0BGPh1UFwuOdbxaGaw903i2XZ1b2agztmA-o6y_JIdPpXXMEqhQrtaq5s6ZREe6UW5SoKErcbopw0h732GiwHE2rUdTsO5vnnjsO1cO82YRgkx2DNhBEIJ3Iw9eqHFFh0GLZvOTPlrHQNb7m0NDZeWIQd1oGYf36eQZfcIEMtEgEf1t7DS106jurzLLCnSszwAxFdikDEu8hzI2fDM6zdL_aEBmv0pTGzNIkL0ofTI_07wzjc1g6eSBzQWyIy9nRpfZkRlSTLsAmtyK6q2RHAm9q1ls3Zth3LVoUFHdx0aty_czNJVm2u9vQPOlHQ70WdZwrnadoEPShLlssMEDWXgVMcdtlS0Mra0Kg1rdI2D4gFm292uHzprFvRhPdcE0h8CtftuIt__NAmcxBJ4_L6LGJOXrxTuOmo4Viq9DWd4_ZjHZN3w_q-pBg1CU7xk6Ls1DM54dyNUYmx45KWaFL5xV36lQLcCyPQ7JAPh3S=w800-h600-no\" alt=\"\"   \/>\n        <\/a>        <div class=\"slideshow_description_box slideshow_transparent\">\n                                        <\/div>\n<\/div>\n\t\n<div style=\"clear: both;\"><\/div><\/div>\r\n\t\t<\/div>\r\n\r\n\t\t<div class=\"slideshow_controlPanel slideshow_transparent\" style=\"display: none;\"><ul><li class=\"slideshow_togglePlay\" data-play-text=\"Visualitza\" data-pause-text=\"Pausa\"><\/li><\/ul><\/div>\r\n\r\n\t\t<div class=\"slideshow_button slideshow_previous slideshow_transparent\" role=\"button\" data-previous-text=\"Anterior\" style=\"display: none;\"><\/div>\r\n\t\t<div class=\"slideshow_button slideshow_next slideshow_transparent\" role=\"button\" data-next-text=\"Seg\u00fcent\" style=\"display: none;\"><\/div>\r\n\r\n\t\t<div class=\"slideshow_pagination\" style=\"display: none;\" data-go-to-text=\"V\u00e9s a la diapositiva\"><div class=\"slideshow_pagination_center\"><\/div><\/div>\r\n\r\n\t\t<!-- WordPress Slideshow Version 2.3.1 -->\r\n\r\n\t\t\t<\/div>\r\n\r\n<\/p>\n<p style=\"text-align: justify;\"><span style=\"color: #000000;\"><span style=\"font-family: Arial, Helvetica;\"><strong>\u00c0mbit curricular:<\/strong>\u00a0Coneixement del medi natural i social.<\/span><br \/>\n<\/span><\/p>\n<p style=\"text-align: justify;\"><span style=\"color: #000000;\"><span style=\"font-family: Arial, Helvetica;\"><strong>Lloc on es realitza:\u00a0<\/strong>Camp d&#8217;Aprenentatge.<\/span>\u00a0<\/span><\/p>\n<p style=\"text-align: justify;\"><span style=\"color: #000000;\"><span style=\"font-family: Arial, Helvetica;\"><strong>Nivell educatiu:\u00a0<\/strong>Cicle Mitj\u00e0 i Superior d&#8217;EP<\/span>\u00a0<\/span><\/p>\n<p style=\"text-align: justify;\"><span style=\"color: #000000;\"><span style=\"font-family: Arial, Helvetica;\"><strong>Estacionalitat:\u00a0<\/strong>Tot l&#8217;any<\/span>\u00a0<\/span><\/p>\n<p style=\"text-align: justify;\"><span style=\"color: #000000;\"><span style=\"font-family: Arial, Helvetica;\"><strong>Objectius:<\/strong>\u00a0<\/span>\u00a0<span style=\"font-family: Arial, Helvetica;\">Entendre que a partir del sol podem obtenir electricitat i calor (per escalfar aigua, per exemple). Valorar l&#8217;energia solar com una font alternativa, renovable i no contaminant d&#8217;energia.<\/span>\u00a0<\/span><\/p>\n<p><strong>Compet\u00e8ncies b\u00e0siques que m\u00e9s potencia<\/strong>:<\/p>\n<ul>\n<li><strong>\u00c0mbit de coneixement del medi<\/strong>\n<ul>\n<li><strong>Compet\u00e8ncia 1.\u00a0<\/strong>Plantejar-se preguntes sobre el medi, utilitzar estrat\u00e8gies de cerca de dades i analitzar resultats per trobar respostes<\/li>\n<li><strong>Compet\u00e8ncia 9. <\/strong>Utilitzar materials de manera eficient amb coneixements cient\u00edfics i criteris tecnol\u00f2gics, per resoldre situacions quotidianes<\/li>\n<li><strong style=\"font-family: inherit; font-size: 1em;\">Compet\u00e8ncia 10. <\/strong><span style=\"font-family: inherit; font-size: 1em;\">Dissenyar m\u00e0quines simples i utilitzar aparells de la vida quotidiana de forma segura i eficient<\/span><\/li>\n<\/ul>\n<\/li>\n<\/ul>\n<ul style=\"list-style-type: disc;\">\n<li><strong>\u00c0mbit Matem\u00e0tic<\/strong>\n<ul style=\"list-style-type: disc;\">\n<li><strong>\u00a0Compet\u00e8ncia 7<\/strong>. Identificar les matem\u00e0tiques implicades en situacions quotidianes i escolars i cercar situacions que es puguin relacionar amb idees matem\u00e0tiques concretes<\/li>\n<\/ul>\n<\/li>\n<\/ul>\n<p><strong>\u2022 \u00c0mbit Llengua catalana i castellana<\/strong><\/p>\n<ul style=\"list-style-type: circle;\">\n<li><strong>Compet\u00e8ncia 9<\/strong>. Produir textos de tipologies diverses amb un l\u00e8xic i estructura que s&#8217;adeq\u00fcin al tipus de text, a les intencions i al destinatari<\/li>\n<\/ul>\n<ul style=\"list-style-type: disc;\">\n<li>\u00a0<strong>\u00c0mbit d\u2019Educaci\u00f3 en valors<\/strong>\n<ul>\n<li><strong>Compet\u00e8ncia 1: <\/strong>Actuar amb autonomia en la presa de decisions i assumir la responsabilitat dels propis actes<\/li>\n<li><strong>Compet\u00e8ncia 4: <\/strong>Mostrar actituds de respecte actiu envers les persones, les seves idees, opcions, creences i les cultures que les conformen<strong><br \/>\n<\/strong><\/li>\n<li><strong>Compet\u00e8ncia 5:<\/strong> Aplicar el di\u00e0leg com a eina d&#8217;entesa i participaci\u00f3 en les relacions entre les persones<\/li>\n<li><strong>Compet\u00e8ncia 6: <\/strong>Adoptar h\u00e0bits d&#8217;aprenentatge cooperatiu que promoguin el comprom\u00eds personal i les actituds de conviv\u00e8ncia<\/li>\n<\/ul>\n<\/li>\n<\/ul>\n<p style=\"text-align: justify;\"><span style=\"color: #000000;\"><span style=\"font-family: Arial, Helvetica;\"><strong>Tipus d&#8217;activitat:<\/strong>\u00a0Visita \/ Taller<\/span>\u00a0<\/span><\/p>\n<p style=\"text-align: justify;\"><span style=\"color: #000000;\"><span style=\"font-family: Arial, Helvetica;\"><strong>Descripci\u00f3:\u00a0<\/strong>L&#8217;activitat mostra i permet posar en pr\u00e0ctica els principis de l&#8217;aprofitament de l&#8217;energia solar, tant pel que fa al seu vessant t\u00e8rmic com al vessant fotovoltaic. Els fonaments te\u00f2rics es complementen amb la realitzaci\u00f3 de 3 tallers manipulatius.<\/span><\/span><\/p>\n<p style=\"text-align: justify;\"><span style=\"color: #000000;\"><span style=\"font-family: Arial, Helvetica;\"><strong>Material:\u00a0<\/strong>\u00a0Quadern de treball<\/span>\u00a0\u00a0<\/span><br \/>\n<span style=\"font-family: Arial, Helvetica; color: #000000;\">Br\u00faixoles, c\u00e8l\u00b7lules fotovoltaiques, motors el\u00e8ctrics, interruptors, forn solar, model casol\u00e0 de col\u00b7lector, cuina solar&#8230;<\/span><\/p>\n<p style=\"text-align: justify;\"><span style=\"color: #000000;\"><span style=\"font-family: Arial, Helvetica;\"><strong>Durada:\u00a0<\/strong>\u00a0Mitja jornada<\/span>\u00a0<\/span><\/p>\n<p style=\"text-align: justify;\"><span style=\"color: #000000;\"><strong><span style=\"font-family: Arial, Helvetica;\">Despla\u00e7ament:<\/span><\/strong>\u00a0<span style=\"font-family: Arial, Helvetica;\">Cap<\/span>\u00a0<\/span><\/p>\n<p style=\"text-align: justify;\">Per a m\u00e9s informaci\u00f3, baixeu-vos el full d\u2019organitzaci\u00f3 de sortides.\u2191<\/p>\n","protected":false},"excerpt":{"rendered":"<p>&nbsp; \u00a0ENS-PRI Quadern de treball Full d&#8217;organitzaci\u00f3 de sortida Propostes act. pr\u00e8vies i posteriors Lloc de trobada \u00a0 Codi activitat \u00c0mbit curricular:\u00a0Coneixement del medi natural i social. Lloc on es realitza:\u00a0Camp d&#8217;Aprenentatge.\u00a0 Nivell educatiu:\u00a0Cicle Mitj\u00e0 i Superior d&#8217;EP\u00a0 Estacionalitat:\u00a0Tot l&#8217;any\u00a0 Objectius:\u00a0\u00a0Entendre que a partir del sol podem obtenir electricitat i calor (per escalfar aigua, per [&hellip;]<\/p>\n","protected":false},"author":1,"featured_media":0,"parent":805,"menu_order":1,"comment_status":"closed","ping_status":"closed","template":"page-templates\/side-menu.php","meta":{"_bbp_topic_count":0,"_bbp_reply_count":0,"_bbp_total_topic_count":0,"_bbp_total_reply_count":0,"_bbp_voice_count":0,"_bbp_anonymous_reply_count":0,"_bbp_topic_count_hidden":0,"_bbp_reply_count_hidden":0,"_bbp_forum_subforum_count":0,"site-sidebar-layout":"default","site-content-layout":"","ast-site-content-layout":"","site-content-style":"default","site-sidebar-style":"default","ast-global-header-display":"","ast-banner-title-visibility":"","ast-main-header-display":"","ast-hfb-above-header-display":"","ast-hfb-below-header-display":"","ast-hfb-mobile-header-display":"","site-post-title":"","ast-breadcrumbs-content":"","ast-featured-img":"","footer-sml-layout":"","theme-transparent-header-meta":"","adv-header-id-meta":"","stick-header-meta":"","header-above-stick-meta":"","header-main-stick-meta":"","header-below-stick-meta":"","astra-migrate-meta-layouts":"default","ast-page-background-enabled":"default","ast-page-background-meta":{"desktop":{"background-color":"var(--ast-global-color-4)","background-image":"","background-repeat":"repeat","background-position":"center center","background-size":"auto","background-attachment":"scroll","background-type":"","background-media":"","overlay-type":"","overlay-color":"","overlay-opacity":"","overlay-gradient":""},"tablet":{"background-color":"","background-image":"","background-repeat":"repeat","background-position":"center center","background-size":"auto","background-attachment":"scroll","background-type":"","background-media":"","overlay-type":"","overlay-color":"","overlay-opacity":"","overlay-gradient":""},"mobile":{"background-color":"","background-image":"","background-repeat":"repeat","background-position":"center center","background-size":"auto","background-attachment":"scroll","background-type":"","background-media":"","overlay-type":"","overlay-color":"","overlay-opacity":"","overlay-gradient":""}},"ast-content-background-meta":{"desktop":{"background-color":"var(--ast-global-color-5)","background-image":"","background-repeat":"repeat","background-position":"center center","background-size":"auto","background-attachment":"scroll","background-type":"","background-media":"","overlay-type":"","overlay-color":"","overlay-opacity":"","overlay-gradient":""},"tablet":{"background-color":"var(--ast-global-color-5)","background-image":"","background-repeat":"repeat","background-position":"center center","background-size":"auto","background-attachment":"scroll","background-type":"","background-media":"","overlay-type":"","overlay-color":"","overlay-opacity":"","overlay-gradient":""},"mobile":{"background-color":"var(--ast-global-color-5)","background-image":"","background-repeat":"repeat","background-position":"center center","background-size":"auto","background-attachment":"scroll","background-type":"","background-media":"","overlay-type":"","overlay-color":"","overlay-opacity":"","overlay-gradient":""}},"footnotes":""},"class_list":["post-1006","page","type-page","status-publish","hentry"],"post_mailing_queue_ids":[],"_links":{"self":[{"href":"https:\/\/serveiseducatius.xtec.cat\/cda-cansantoi\/wp-json\/wp\/v2\/pages\/1006","targetHints":{"allow":["GET"]}}],"collection":[{"href":"https:\/\/serveiseducatius.xtec.cat\/cda-cansantoi\/wp-json\/wp\/v2\/pages"}],"about":[{"href":"https:\/\/serveiseducatius.xtec.cat\/cda-cansantoi\/wp-json\/wp\/v2\/types\/page"}],"author":[{"embeddable":true,"href":"https:\/\/serveiseducatius.xtec.cat\/cda-cansantoi\/wp-json\/wp\/v2\/users\/1"}],"replies":[{"embeddable":true,"href":"https:\/\/serveiseducatius.xtec.cat\/cda-cansantoi\/wp-json\/wp\/v2\/comments?post=1006"}],"version-history":[{"count":4,"href":"https:\/\/serveiseducatius.xtec.cat\/cda-cansantoi\/wp-json\/wp\/v2\/pages\/1006\/revisions"}],"predecessor-version":[{"id":12149,"href":"https:\/\/serveiseducatius.xtec.cat\/cda-cansantoi\/wp-json\/wp\/v2\/pages\/1006\/revisions\/12149"}],"up":[{"embeddable":true,"href":"https:\/\/serveiseducatius.xtec.cat\/cda-cansantoi\/wp-json\/wp\/v2\/pages\/805"}],"wp:attachment":[{"href":"https:\/\/serveiseducatius.xtec.cat\/cda-cansantoi\/wp-json\/wp\/v2\/media?parent=1006"}],"curies":[{"name":"wp","href":"https:\/\/api.w.org\/{rel}","templated":true}]}}