{"id":9956,"date":"2025-07-10T13:35:26","date_gmt":"2025-07-10T11:35:26","guid":{"rendered":"https:\/\/serveiseducatius.xtec.cat\/cda-barcelona\/?page_id=9956"},"modified":"2025-07-10T13:35:26","modified_gmt":"2025-07-10T11:35:26","slug":"guerra-civil-espanyola-i-exili","status":"publish","type":"page","link":"https:\/\/serveiseducatius.xtec.cat\/cda-barcelona\/guerra-civil-espanyola-i-exili\/","title":{"rendered":"GUERRA CIVIL ESPANYOLA I EXILI"},"content":{"rendered":"<h1>\u00c0mbit Hist\u00f2ria de Barcelona<\/h1>\n<p><img loading=\"lazy\" decoding=\"async\" class=\"alignnone size-full wp-image-9957\" src=\"https:\/\/serveiseducatius.xtec.cat\/cda-barcelona\/wp-content\/uploads\/usu149\/2025\/07\/Bombardeig-Barcelona.jpg\" alt=\"\" width=\"299\" height=\"169\" \/><\/p>\n<h3>Codi: HIS12<\/h3>\n<p style=\"text-align: justify;\"><strong>Nivell educatiu:<\/strong> Educaci\u00f3 Secund\u00e0ria (4rt ESO)<\/p>\n<p><strong>Modalitat:<\/strong> Projecte Compartit (sortida o estada)<\/p>\n<h3>OBJECTIUS<\/h3>\n<ul>\n<li>Recuperar la mem\u00f2ria hist\u00f2rica dels fets ocorreguts a la Guerra Civil.<\/li>\n<li>Identificar i argumentar, al llarg del recorregut, \u00a0 els\u00a0 esdeveniments rellevants i els agents implicats en els punts de l&#8217;itinerari a la ciutat de Barcelona.<\/li>\n<li>Analitzar els fets hist\u00f2rics, les causes i les conseq\u00fc\u00e8ncies que esdevingueren derivades de la guerra.<\/li>\n<\/ul>\n<h3 style=\"text-align: justify;\">OBSERVACIONS<\/h3>\n<ul style=\"text-align: justify;\">\n<li><strong>Lloc:\u00a0<\/strong>\n<ul style=\"text-align: justify;\">\n<li>Una sessi\u00f3 d&#8217;activitats de introducci\u00f3 i contextualitzaci\u00f3 dinamitzat pel professorat del CdA (AULA del centre).<\/li>\n<li>Itinerari guiat per part de l&#8217;alumnat recorrent les Rambles de Barcelona (SORTIDA).<\/li>\n<li>En funci\u00f3 dels interessos del centre s&#8217;adapta la durada del projecte Guerra Civil i Exili.<\/li>\n<\/ul>\n<\/li>\n<\/ul>\n<ul style=\"text-align: justify;\">\n<li><strong>Durada:<\/strong>\u00a0 Variable. Una sortida, una estada tem\u00e0tica, o projecte al llarg d&#8217;un trimestre.<\/li>\n<\/ul>\n<ul style=\"text-align: justify;\">\n<li><strong>Despesa:<\/strong>\n<ul>\n<li>Despla\u00e7ament del centre fins el punt de trobada.<\/li>\n<li><a style=\"font-family: inherit; font-size: 1em;\" href=\"https:\/\/serveiseducatius.xtec.cat\/cda-barcelona\/inscripcio\/\">Preu p\u00fablic<\/a><span style=\"font-family: inherit; font-size: 1em;\"> d&#8217;activitats ensenyament-aprenentatge (Dep. d&#8217;Educaci\u00f3).<\/span><\/li>\n<\/ul>\n<\/li>\n<\/ul>\n<ul>\n<li style=\"text-align: justify;\"><strong>Nombre m\u00e0xim d\u2019alumnes:<\/strong> 45 alumnes \/ 2 grups classe<\/li>\n<li style=\"text-align: justify;\"><strong>Punt de trobada:<\/strong> a pactar amb el Camp d&#8217;Aprenentatge i el centre depenent del mitj\u00e0 de transport.<\/li>\n<\/ul>\n<h3>FITXA ACTIVITAT<\/h3>\n<p><a href=\"https:\/\/drive.google.com\/file\/d\/18ga2WveRpfJLU7_Fiw_vXnQDkxnrrhNr\/view?usp=drive_link\">Educaci\u00f3 secund\u00e0ria<\/a><\/p>\n<ul>\n<li style=\"list-style-type: none;\"><\/li>\n<\/ul>\n","protected":false},"excerpt":{"rendered":"<p>\u00c0mbit Hist\u00f2ria de Barcelona Codi: HIS12 Nivell educatiu: Educaci\u00f3 Secund\u00e0ria (4rt ESO) Modalitat: Projecte Compartit (sortida o estada) OBJECTIUS Recuperar la mem\u00f2ria hist\u00f2rica dels fets ocorreguts a la Guerra Civil. Identificar i argumentar, al llarg del recorregut, \u00a0 els\u00a0 esdeveniments rellevants i els agents implicats en els punts de l&#8217;itinerari a la ciutat de Barcelona. [&hellip;]<\/p>\n","protected":false},"author":8,"featured_media":0,"parent":0,"menu_order":0,"comment_status":"closed","ping_status":"closed","template":"","meta":{"_bbp_topic_count":0,"_bbp_reply_count":0,"_bbp_total_topic_count":0,"_bbp_total_reply_count":0,"_bbp_voice_count":0,"_bbp_anonymous_reply_count":0,"_bbp_topic_count_hidden":0,"_bbp_reply_count_hidden":0,"_bbp_forum_subforum_count":0,"site-sidebar-layout":"default","site-content-layout":"","ast-site-content-layout":"","site-content-style":"default","site-sidebar-style":"default","ast-global-header-display":"","ast-banner-title-visibility":"","ast-main-header-display":"","ast-hfb-above-header-display":"","ast-hfb-below-header-display":"","ast-hfb-mobile-header-display":"","site-post-title":"","ast-breadcrumbs-content":"","ast-featured-img":"","footer-sml-layout":"","theme-transparent-header-meta":"","adv-header-id-meta":"","stick-header-meta":"","header-above-stick-meta":"","header-main-stick-meta":"","header-below-stick-meta":"","astra-migrate-meta-layouts":"default","ast-page-background-enabled":"default","ast-page-background-meta":{"desktop":{"background-color":"var(--ast-global-color-4)","background-image":"","background-repeat":"repeat","background-position":"center center","background-size":"auto","background-attachment":"scroll","background-type":"","background-media":"","overlay-type":"","overlay-color":"","overlay-opacity":"","overlay-gradient":""},"tablet":{"background-color":"","background-image":"","background-repeat":"repeat","background-position":"center center","background-size":"auto","background-attachment":"scroll","background-type":"","background-media":"","overlay-type":"","overlay-color":"","overlay-opacity":"","overlay-gradient":""},"mobile":{"background-color":"","background-image":"","background-repeat":"repeat","background-position":"center center","background-size":"auto","background-attachment":"scroll","background-type":"","background-media":"","overlay-type":"","overlay-color":"","overlay-opacity":"","overlay-gradient":""}},"ast-content-background-meta":{"desktop":{"background-color":"var(--ast-global-color-5)","background-image":"","background-repeat":"repeat","background-position":"center center","background-size":"auto","background-attachment":"scroll","background-type":"","background-media":"","overlay-type":"","overlay-color":"","overlay-opacity":"","overlay-gradient":""},"tablet":{"background-color":"var(--ast-global-color-5)","background-image":"","background-repeat":"repeat","background-position":"center center","background-size":"auto","background-attachment":"scroll","background-type":"","background-media":"","overlay-type":"","overlay-color":"","overlay-opacity":"","overlay-gradient":""},"mobile":{"background-color":"var(--ast-global-color-5)","background-image":"","background-repeat":"repeat","background-position":"center center","background-size":"auto","background-attachment":"scroll","background-type":"","background-media":"","overlay-type":"","overlay-color":"","overlay-opacity":"","overlay-gradient":""}},"footnotes":""},"class_list":["post-9956","page","type-page","status-publish","hentry"],"post_mailing_queue_ids":[],"_links":{"self":[{"href":"https:\/\/serveiseducatius.xtec.cat\/cda-barcelona\/wp-json\/wp\/v2\/pages\/9956","targetHints":{"allow":["GET"]}}],"collection":[{"href":"https:\/\/serveiseducatius.xtec.cat\/cda-barcelona\/wp-json\/wp\/v2\/pages"}],"about":[{"href":"https:\/\/serveiseducatius.xtec.cat\/cda-barcelona\/wp-json\/wp\/v2\/types\/page"}],"author":[{"embeddable":true,"href":"https:\/\/serveiseducatius.xtec.cat\/cda-barcelona\/wp-json\/wp\/v2\/users\/8"}],"replies":[{"embeddable":true,"href":"https:\/\/serveiseducatius.xtec.cat\/cda-barcelona\/wp-json\/wp\/v2\/comments?post=9956"}],"version-history":[{"count":3,"href":"https:\/\/serveiseducatius.xtec.cat\/cda-barcelona\/wp-json\/wp\/v2\/pages\/9956\/revisions"}],"predecessor-version":[{"id":9993,"href":"https:\/\/serveiseducatius.xtec.cat\/cda-barcelona\/wp-json\/wp\/v2\/pages\/9956\/revisions\/9993"}],"wp:attachment":[{"href":"https:\/\/serveiseducatius.xtec.cat\/cda-barcelona\/wp-json\/wp\/v2\/media?parent=9956"}],"curies":[{"name":"wp","href":"https:\/\/api.w.org\/{rel}","templated":true}]}}