{"id":9275,"date":"2020-06-02T20:24:38","date_gmt":"2020-06-02T18:24:38","guid":{"rendered":"https:\/\/serveiseducatius.xtec.cat\/cda-barcelona\/?page_id=9275"},"modified":"2021-12-16T10:15:31","modified_gmt":"2021-12-16T09:15:31","slug":"un-misteri-al-park-guell","status":"publish","type":"page","link":"https:\/\/serveiseducatius.xtec.cat\/cda-barcelona\/un-misteri-al-park-guell\/","title":{"rendered":"Un misteri al Park G\u00fcell"},"content":{"rendered":"<p><strong>CODI: MOD09<\/strong><\/p>\n<table style=\"width: 600px; height: 814px;\" border=\"0\">\n<tbody>\n<tr style=\"height: 32px;\">\n<td style=\"height: 32px; width: 594px;\"><i>3r i 4t d&#8217;ESO<\/i><\/td>\n<\/tr>\n<tr style=\"height: 68px;\">\n<td style=\"height: 68px; width: 594px; text-align: justify;\"><span style=\"font-weight: 400;\">Aquest projecte consisteix en<\/span><b>\u00a0<\/b><span style=\"font-weight: 400;\">contestar preguntes\/ joc de pistes relacionades amb el\u00a0Park G\u00fcell i que l\u2019alumnat vagi aconseguint resoldre un misteri dins del parc. Aquesta activitat \u00e9s una proposta l\u00fadica amb la qual\u00a0aprenen\u00a0coneixements sobre un espai de Patrimoni com el Park G\u00fcell a trav\u00e9s de la\u00a0gamificaci\u00f3 i una proposta metodol\u00f2gica STEAM.<\/span><\/td>\n<\/tr>\n<tr style=\"height: 35px;\">\n<td style=\"height: 35px; width: 594px;\">\n<h3>\u00c0REES DE CONEIXEMENT<\/h3>\n<\/td>\n<\/tr>\n<tr style=\"height: 43px;\">\n<td style=\"height: 43px; width: 594px;\" bgcolor=\"#f3f5f2\">\n<ul>\n<li style=\"list-style-type: none;\">\n<ul>\n<li>Ci\u00e8ncies Socials: Geografia i Hist\u00f2ria<\/li>\n<li>Matem\u00e0tiques<\/li>\n<\/ul>\n<\/li>\n<\/ul>\n<\/td>\n<\/tr>\n<tr style=\"height: 86px;\">\n<td style=\"height: 86px; width: 594px;\">\n<h3>COMPET\u00c8NCIES<\/h3>\n<\/td>\n<\/tr>\n<tr style=\"height: 465px;\">\n<td style=\"height: 10px; width: 594px;\" bgcolor=\"#f3f5f2\"><span style=\"text-decoration: underline;\"><strong>\u00c0mbit ling\u00fc\u00edstic<\/strong><\/span><\/p>\n<ul style=\"list-style-type: disc;\">\n<li><strong>Compet\u00e8ncia 7. <\/strong>Obtenir informaci\u00f3\u0301, interpretar i valorar textos orals de la vida quotidiana,\u00a0dels mitjans de comunicaci\u00f3\u0301 i acad\u00e8mics, incloent-hi els elements pros\u00f2dics i no verbals.\n<ul style=\"list-style-type: circle;\">\n<li><strong>CC 6.<\/strong> Processos de comprensi\u00f3 oral: reconeixement, selecci\u00f3, interpretaci\u00f3, anticipaci\u00f3, infer\u00e8ncia, retenci\u00f3.<\/li>\n<\/ul>\n<\/li>\n<\/ul>\n<p><strong><span style=\"text-decoration: underline;\">\u00c0mbit matem\u00e0tic<\/span><\/strong><\/p>\n<ul>\n<li><strong>Compet\u00e8ncia 2. <\/strong>Emprar conceptes, eines i estrat\u00e8gies matem\u00e0tiques per resoldre problemes.<\/li>\n<li><strong>Compet\u00e8ncia 6. <\/strong>Emprar el raonament matem\u00e0tic en entorns no matem\u00e0tics.<\/li>\n<\/ul>\n<ul>\n<li style=\"list-style-type: none;\">\n<ul style=\"list-style-type: circle;\">\n<li><strong>CC 8.\u00a0<\/strong>Sentit espacial i representaci\u00f3 de figures tridimensionals.<\/li>\n<li><strong>CC 11.\u00a0<\/strong>Magnituds i mesura.<\/li>\n<li><strong>CC 12.\u00a0<\/strong>Relacions m\u00e8triques i c\u00e0lcul de mesures en figures.<\/li>\n<\/ul>\n<\/li>\n<\/ul>\n<p><strong><span style=\"text-decoration: underline;\">\u00c0mbit social<\/span><\/strong><\/p>\n<ul>\n<li><strong>Compet\u00e8ncia 2. <\/strong>Aplicar els procediments de la recerca hist\u00f2rica a partir de la formulaci\u00f3 de preguntes i l\u2019an\u00e0lisi de fonts, per interpretar el passat.<\/li>\n<li><strong>Compet\u00e8ncia 9. <\/strong>Valorar el patrimoni cultural com a her\u00e8ncia rebuda del passat, per defensar-ne la conservaci\u00f3 i afavorir que les generacions futures se l\u2019apropi\u00efn.<\/li>\n<li><strong>Compet\u00e8ncia 11. <\/strong>Formar-se un criteri propi sobre problemes socials rellevants per desenvolupar un pensament cr\u00edtic.<\/li>\n<\/ul>\n<ul>\n<li style=\"list-style-type: none;\">\n<ul style=\"list-style-type: circle;\">\n<li><strong>CC 1.\u00a0<\/strong>Textos de les ci\u00e8ncies socials: descripci\u00f3, explicaci\u00f3, justificaci\u00f3, interpretaci\u00f3 i argumentaci\u00f3, i vocabulari propi.<\/li>\n<li><span style=\"font-family: inherit; font-size: 1em; background-color: #f9f9f9;\"><strong>CC 4.<\/strong>Coneixements hist\u00f2rics temporals.<\/span><\/li>\n<li><span style=\"font-family: inherit; font-size: 1em; background-color: #f9f9f9;\"><strong>CC 12.\u00a0<\/strong>Les manifestacions art\u00edstiques en el seu context hist\u00f2ric. Valoraci\u00f3 est\u00e8tica. Estils i llenguatges expressius.<\/span><\/li>\n<\/ul>\n<\/li>\n<\/ul>\n<p><span style=\"text-decoration: underline;\"><strong>\u00c0mbit digital<\/strong><\/span><\/p>\n<ul>\n<li><strong>Compet\u00e8ncia 8. <\/strong>Realitzar activitats en grup tot utilitzant eines i entorns virtuals de treball col\u00b7laboratiu.<\/li>\n<\/ul>\n<ul>\n<li style=\"list-style-type: none;\">\n<ul style=\"list-style-type: circle;\">\n<li><span style=\"font-family: inherit; font-size: 1em; background-color: #f9f9f9;\"><strong>CC 1.\u00a0<\/strong>Funcionalitats b\u00e0siques dels dispositius.<\/span><\/li>\n<li><span style=\"font-family: inherit; font-size: 1em; background-color: #f9f9f9;\"><strong>CC 7.\u00a0<\/strong>Realitat virtual i augmentada.<\/span><\/li>\n<li><span style=\"font-family: inherit; font-size: 1em; background-color: #f9f9f9;\"><strong>CC 10.\u00a0<\/strong>Llenguatge audiovisual: imatge fixa, so i v\u00eddeo.<\/span><\/li>\n<li><span style=\"font-family: inherit; font-size: 1em; background-color: #f9f9f9;\"><strong>CC 22.\u00a0<\/strong>Entorns de treball i aprenentatge col\u00b7laboratiu.<\/span><\/li>\n<\/ul>\n<\/li>\n<\/ul>\n<\/td>\n<\/tr>\n<tr style=\"height: 44px;\">\n<td style=\"height: 44px; width: 594px;\">\n<h3>OBJECTIUS<\/h3>\n<\/td>\n<\/tr>\n<tr style=\"height: 62px;\">\n<td style=\"height: 53px; width: 594px;\" bgcolor=\"#f3f5f2\">\n<ul style=\"list-style-type: disc;\">\n<li>Fomentar l\u2019esperit emprenedor i la confian\u00e7a en un\/a mateix\/a, la participaci\u00f3, el sentit cr\u00edtic i la iniciativa.<\/li>\n<li><span style=\"font-family: inherit; font-size: 1em; background-color: #f9f9f9;\">Con\u00e8ixer, valorar i respectar el patrimoni art\u00edstic i cultural.<\/span><\/li>\n<li><span style=\"font-family: inherit; font-size: 1em; background-color: #f9f9f9;\">Identificar com a pr\u00f2pies les caracter\u00edstiques hist\u00f2riques i culturals de la societat catalana.<\/span><\/li>\n<li><span style=\"font-family: inherit; font-size: 1em; background-color: #f9f9f9;\">Desenvolupar habilitats b\u00e0siques en l\u2019\u00fas de fonts d\u2019informaci\u00f3 diverses, especialment en el camp de les tecnologies, per saber seleccionar, organitzar i interpretar la informaci\u00f3 amb sentit cr\u00edtic.<\/span><\/li>\n<\/ul>\n<\/td>\n<\/tr>\n<tr style=\"height: 70px;\">\n<td style=\"height: 70px; width: 594px;\">\n<h3>LLOC<\/h3>\n<\/td>\n<\/tr>\n<tr style=\"height: 103px;\">\n<td style=\"height: 41px; width: 594px;\" bgcolor=\"#f3f5f2\">\n<ul>\n<li style=\"list-style-type: none;\">\n<ul>\n<li>Park G\u00fcell de Barcelona<\/li>\n<\/ul>\n<\/li>\n<\/ul>\n<\/td>\n<\/tr>\n<tr style=\"height: 51px;\">\n<td style=\"height: 51px; width: 594px;\">\n<blockquote>\n<h3>DURADA<\/h3>\n<\/blockquote>\n<\/td>\n<\/tr>\n<tr style=\"height: 57px;\">\n<td style=\"height: 57px; width: 594px;\" bgcolor=\"#f3f5f2\">\n<ul>\n<li style=\"list-style-type: none;\">\n<ul>\n<li>Aproximadament 2:30 hores<\/li>\n<\/ul>\n<\/li>\n<\/ul>\n<\/td>\n<\/tr>\n<tr style=\"height: 69px;\">\n<td style=\"height: 46px; width: 594px;\">\n<blockquote>\n<h3 style=\"text-align: left;\">DESPESA<\/h3>\n<\/blockquote>\n<\/td>\n<\/tr>\n<tr style=\"height: 79px;\">\n<td style=\"height: 79px; width: 594px;\" bgcolor=\"#f3f5f2\">\n<ul>\n<li style=\"list-style-type: none;\">\n<ul>\n<li>Despla\u00e7aments del centre fins el punt de trobada.<\/li>\n<li><a href=\"https:\/\/serveiseducatius.xtec.cat\/cda-barcelona\/inscripcio\/\">Preu p\u00fablic<\/a> d&#8217;activitats ensenyament-aprenentatge (Dep. d&#8217;Educaci\u00f3).<\/li>\n<\/ul>\n<\/li>\n<\/ul>\n<\/td>\n<\/tr>\n<tr style=\"height: 56px;\">\n<td style=\"height: 42px; width: 594px;\">\n<blockquote>\n<h3>NOMBRE M\u00c0XIM D&#8217;ALUMNES<\/h3>\n<\/blockquote>\n<\/td>\n<\/tr>\n<tr style=\"height: 57px;\">\n<td style=\"height: 57px; width: 594px;\" bgcolor=\"#f3f5f2\">\n<ul>\n<li style=\"list-style-type: none;\">\n<ul>\n<li>25 alumnes\/ 1 grup classe<\/li>\n<\/ul>\n<\/li>\n<\/ul>\n<\/td>\n<\/tr>\n<\/tbody>\n<\/table>\n<table border=\"0\">\n<tbody>\n<tr style=\"height: 65px;\">\n<td style=\"width: 595px; height: 65px;\">\n<h3>OBSERVACIONS<\/h3>\n<\/td>\n<\/tr>\n<tr style=\"height: 55px;\">\n<td style=\"width: 595px; height: 55px;\" bgcolor=\"#efefef\">\n<ul>\n<li>Punt de trobada: s&#8217;ha de pactar entre el centre i el Camp d&#8217;Aprenentatge de Barcelona<\/li>\n<\/ul>\n<\/td>\n<\/tr>\n<\/tbody>\n<\/table>\n<table style=\"width: 593px; height: 1106px;\" border=\"0\">\n<tbody>\n<tr style=\"height: 32px;\">\n<td style=\"width: 626px; height: 32px;\"><strong>RECURSOS DID\u00c0CTICS<\/strong><\/td>\n<\/tr>\n<tr style=\"height: 243px;\">\n<td style=\"width: 626px; height: 243px;\" bgcolor=\"#efefef\"><img loading=\"lazy\" decoding=\"async\" src=\"http:\/\/blocs.xtec.cat\/cdabarcelona\/files\/2014\/02\/icon_quadern.gif\" alt=\"icon_quadern\" width=\"32\" height=\"32\" \/><strong>Quadern de treball<\/strong><\/p>\n<ul>\n<li><a href=\"https:\/\/drive.google.com\/file\/d\/1QP9ecGf9NoErQBQYr-ARH0n4yO3okriF\/view?usp=sharing\">Quadern d&#8217;evid\u00e8ncies<\/a> de treball previ a l&#8217;aula amb continguts necess\u00e0ris per a la realitzaci\u00f3 de l&#8217;activitat.<\/li>\n<li><a href=\"https:\/\/drive.google.com\/file\/d\/1DGOmRV24hHPJW33pz78EC3fbygvS4w2U\/view?usp=sharing\">Fitxa<\/a> perqu\u00e8 les investigadores i investigadors recopilin les pistes, hip\u00f2tesis i conclusions sobre el robatori.<\/li>\n<li><a href=\"https:\/\/drive.google.com\/file\/d\/1pewHMOQBE2i-lGP88nBXo3q0yeCVDWW1\/view?usp=sharing\">Mapa del Park G\u00fcell<\/a> amb els diferents reptes que hi ha a cadascuna de les tres zones i les intel\u00b7lig\u00e8ncies m\u00faltiples que es requereixen.<\/li>\n<li><a href=\"https:\/\/drive.google.com\/file\/d\/1hgEDsRbAp3gnNDgqccas6ri6KNEkbyL-\/view?usp=sharing\">Document<\/a> per dinamitzar la creaci\u00f3 dels equips tenint en compte les intel\u00b7lig\u00e8ncies m\u00faltiples.<\/li>\n<\/ul>\n<\/td>\n<\/tr>\n<tr style=\"height: 134px;\">\n<td style=\"width: 626px; height: 134px;\" bgcolor=\"efefef\"><img loading=\"lazy\" decoding=\"async\" src=\"http:\/\/blocs.xtec.cat\/cdabarcelona\/files\/2014\/02\/icon_tac1.gif\" alt=\"icon_tac\" width=\"32\" height=\"33\" \/><strong>Activitats TAC \/ enlla\u00e7os web<\/strong><\/p>\n<ul>\n<li><a href=\"https:\/\/drive.google.com\/file\/d\/1DoLLjA3JHu0S_DNCfO8TcfGvYtmZ3k2C\/view?usp=sharing\">Not\u00edcia<\/a> sobre el robatori<\/li>\n<li>Possibles <a href=\"https:\/\/drive.google.com\/drive\/folders\/1FnqaC9yRDLjG3FoOB2psnJ7MTbM5JRO4?usp=sharing\">sospitosos\/es<\/a><\/li>\n<\/ul>\n<\/td>\n<\/tr>\n<tr style=\"height: 112px;\">\n<td style=\"width: 626px; height: 112px;\" bgcolor=\"#efefef\"><img loading=\"lazy\" decoding=\"async\" src=\"http:\/\/blocs.xtec.cat\/cdabarcelona\/files\/2014\/02\/icon_video.gif\" alt=\"icon_video\" width=\"32\" height=\"33\" \/><strong>\u00c0udio \/ v\u00eddeo<\/strong><\/p>\n<ul>\n<li style=\"list-style-type: none;\">\n<ul style=\"list-style-type: circle;\">\n<li><a href=\"https:\/\/drive.google.com\/file\/d\/1V5BmBIgQluLSkkhzQP7Qpv1hEKpTAU0_\/view?usp=sharing\">Presentaci\u00f3<\/a>\u00a0d&#8217;un misteri al Park G\u00fcell 3:11 min<\/li>\n<\/ul>\n<\/li>\n<\/ul>\n<\/td>\n<\/tr>\n<tr style=\"height: 585px;\">\n<td style=\"width: 626px; height: 585px;\" bgcolor=\"#efefef\"><img loading=\"lazy\" decoding=\"async\" src=\"http:\/\/blocs.xtec.cat\/cdabarcelona\/files\/2014\/02\/icon_gmaps.gif\" alt=\"icon_gmaps\" width=\"32\" height=\"32\" \/><strong>Pl\u00e0nols<\/strong><\/p>\n<p>Escenari al MHM (Mobile History Map):<\/p>\n<p><iframe loading=\"lazy\" src=\"https:\/\/mhm.mobileworldcapital.com\/ca_ES\/escenari\/2051\/mostraEscenariIframe\" name=\"Escenari\" width=\"600\" height=\"450\"><\/iframe><\/td>\n<\/tr>\n<\/tbody>\n<\/table>\n<p style=\"text-align: right;\"><a href=\"https:\/\/serveiseducatius.xtec.cat\/cda-barcelona\/ambits\/totes-les-activitats\/\"><strong>&lt;\u00a0<\/strong><em>Torna a totes les activitats<\/em><\/a><\/p>\n","protected":false},"excerpt":{"rendered":"<p>CODI: MOD09 3r i 4t d&#8217;ESO Aquest projecte consisteix en\u00a0contestar preguntes\/ joc de pistes relacionades amb el\u00a0Park G\u00fcell i que l\u2019alumnat vagi aconseguint resoldre un misteri dins del parc. Aquesta activitat \u00e9s una proposta l\u00fadica amb la qual\u00a0aprenen\u00a0coneixements sobre un espai de Patrimoni com el Park G\u00fcell a trav\u00e9s de la\u00a0gamificaci\u00f3 i una proposta metodol\u00f2gica [&hellip;]<\/p>\n","protected":false},"author":1,"featured_media":0,"parent":0,"menu_order":0,"comment_status":"closed","ping_status":"closed","template":"","meta":{"_bbp_topic_count":0,"_bbp_reply_count":0,"_bbp_total_topic_count":0,"_bbp_total_reply_count":0,"_bbp_voice_count":0,"_bbp_anonymous_reply_count":0,"_bbp_topic_count_hidden":0,"_bbp_reply_count_hidden":0,"_bbp_forum_subforum_count":0,"site-sidebar-layout":"default","site-content-layout":"","ast-site-content-layout":"","site-content-style":"default","site-sidebar-style":"default","ast-global-header-display":"","ast-banner-title-visibility":"","ast-main-header-display":"","ast-hfb-above-header-display":"","ast-hfb-below-header-display":"","ast-hfb-mobile-header-display":"","site-post-title":"","ast-breadcrumbs-content":"","ast-featured-img":"","footer-sml-layout":"","theme-transparent-header-meta":"","adv-header-id-meta":"","stick-header-meta":"","header-above-stick-meta":"","header-main-stick-meta":"","header-below-stick-meta":"","astra-migrate-meta-layouts":"default","ast-page-background-enabled":"default","ast-page-background-meta":{"desktop":{"background-color":"var(--ast-global-color-4)","background-image":"","background-repeat":"repeat","background-position":"center center","background-size":"auto","background-attachment":"scroll","background-type":"","background-media":"","overlay-type":"","overlay-color":"","overlay-opacity":"","overlay-gradient":""},"tablet":{"background-color":"","background-image":"","background-repeat":"repeat","background-position":"center center","background-size":"auto","background-attachment":"scroll","background-type":"","background-media":"","overlay-type":"","overlay-color":"","overlay-opacity":"","overlay-gradient":""},"mobile":{"background-color":"","background-image":"","background-repeat":"repeat","background-position":"center center","background-size":"auto","background-attachment":"scroll","background-type":"","background-media":"","overlay-type":"","overlay-color":"","overlay-opacity":"","overlay-gradient":""}},"ast-content-background-meta":{"desktop":{"background-color":"var(--ast-global-color-5)","background-image":"","background-repeat":"repeat","background-position":"center center","background-size":"auto","background-attachment":"scroll","background-type":"","background-media":"","overlay-type":"","overlay-color":"","overlay-opacity":"","overlay-gradient":""},"tablet":{"background-color":"var(--ast-global-color-5)","background-image":"","background-repeat":"repeat","background-position":"center center","background-size":"auto","background-attachment":"scroll","background-type":"","background-media":"","overlay-type":"","overlay-color":"","overlay-opacity":"","overlay-gradient":""},"mobile":{"background-color":"var(--ast-global-color-5)","background-image":"","background-repeat":"repeat","background-position":"center center","background-size":"auto","background-attachment":"scroll","background-type":"","background-media":"","overlay-type":"","overlay-color":"","overlay-opacity":"","overlay-gradient":""}},"footnotes":""},"class_list":["post-9275","page","type-page","status-publish","hentry"],"post_mailing_queue_ids":[],"_links":{"self":[{"href":"https:\/\/serveiseducatius.xtec.cat\/cda-barcelona\/wp-json\/wp\/v2\/pages\/9275","targetHints":{"allow":["GET"]}}],"collection":[{"href":"https:\/\/serveiseducatius.xtec.cat\/cda-barcelona\/wp-json\/wp\/v2\/pages"}],"about":[{"href":"https:\/\/serveiseducatius.xtec.cat\/cda-barcelona\/wp-json\/wp\/v2\/types\/page"}],"author":[{"embeddable":true,"href":"https:\/\/serveiseducatius.xtec.cat\/cda-barcelona\/wp-json\/wp\/v2\/users\/1"}],"replies":[{"embeddable":true,"href":"https:\/\/serveiseducatius.xtec.cat\/cda-barcelona\/wp-json\/wp\/v2\/comments?post=9275"}],"version-history":[{"count":3,"href":"https:\/\/serveiseducatius.xtec.cat\/cda-barcelona\/wp-json\/wp\/v2\/pages\/9275\/revisions"}],"predecessor-version":[{"id":9554,"href":"https:\/\/serveiseducatius.xtec.cat\/cda-barcelona\/wp-json\/wp\/v2\/pages\/9275\/revisions\/9554"}],"wp:attachment":[{"href":"https:\/\/serveiseducatius.xtec.cat\/cda-barcelona\/wp-json\/wp\/v2\/media?parent=9275"}],"curies":[{"name":"wp","href":"https:\/\/api.w.org\/{rel}","templated":true}]}}