{"id":9272,"date":"2020-06-02T19:48:16","date_gmt":"2020-06-02T17:48:16","guid":{"rendered":"https:\/\/serveiseducatius.xtec.cat\/cda-barcelona\/?page_id=9272"},"modified":"2023-02-21T13:41:32","modified_gmt":"2023-02-21T12:41:32","slug":"guerra-civil-espanyola","status":"publish","type":"page","link":"https:\/\/serveiseducatius.xtec.cat\/cda-barcelona\/guerra-civil-espanyola\/","title":{"rendered":"Guerra Civil Espanyola i Exili"},"content":{"rendered":"<p><strong>CODI: HIS12<\/strong><\/p>\n<table style=\"width: 600px; height: 1298px;\" border=\"0\">\n<tbody>\n<tr style=\"height: 32px;\">\n<td style=\"height: 32px; width: 594px;\"><i>3r i 4t d&#8217;ESO<\/i><\/td>\n<\/tr>\n<tr style=\"height: 68px;\">\n<td style=\"height: 68px; width: 594px; text-align: justify;\"><span style=\"font-weight: 400;\">La Guerra Civil Espanyola continua avui en dia sent un tema de controv\u00e8rsia i debat a la nostra societat. La disputa d\u2019un estat separat entre dos pobles ha comportat l\u2019enfrontament a la guerra civil i les discussions i\/o decisions pol\u00edtiques actuals derivades del passat. Al llarg de la tem\u00e0tica GUERRA CIVIL es pret\u00e9n recuperar la mem\u00f2ria hist\u00f2rica dels fets, incidint de forma concreta, a la ciutat de Barcelona. Quins fets desencadenaren la guerra? Quins agents participen? <\/span><\/td>\n<\/tr>\n<tr style=\"height: 35px;\">\n<td style=\"height: 35px; width: 594px;\">\n<h3>\u00c0REES DE CONEIXEMENT<\/h3>\n<\/td>\n<\/tr>\n<tr style=\"height: 43px;\">\n<td style=\"height: 43px; width: 594px;\" bgcolor=\"#f3f5f2\">\n<ul style=\"list-style-type: disc;\">\n<li>CI\u00c8NCIES SOCIALS: geografia i hist\u00f2ria<\/li>\n<\/ul>\n<\/td>\n<\/tr>\n<tr style=\"height: 86px;\">\n<td style=\"height: 86px; width: 594px;\">\n<h3>COMPET\u00c8NCIES<\/h3>\n<\/td>\n<\/tr>\n<tr style=\"height: 465px;\">\n<td style=\"height: 386px; width: 594px;\" bgcolor=\"#f3f5f2\"><span style=\"text-decoration: underline;\"><b>Dimensi\u00f3 hist\u00f2rica<\/b><\/span><\/p>\n<ul>\n<li style=\"list-style-type: none;\">\n<ul style=\"list-style-type: disc;\">\n<li style=\"text-align: justify;\"><b>Compet\u00e8ncia 1<\/b><span style=\"font-weight: 400;\">. Analitzar els canvis i les continu\u00eftats dels fets o fen\u00f2mens hist\u00f2rics per comprendre\u2019n la causalitat hist\u00f2rica.<\/span><\/li>\n<li style=\"text-align: justify;\"><span style=\"font-weight: 400;\"><strong>Compet\u00e8ncia 2.<\/strong> Aplicar els procediments de la recerca hist\u00f2rica a partir de la formulaci\u00f3 de preguntes i l\u2019an\u00e0lisi de fonts, per interpretar el passat.<\/span><span style=\"font-family: inherit; font-size: 1em; background-color: #f9f9f9;\">\u00a0<\/span><\/li>\n<\/ul>\n<\/li>\n<\/ul>\n<ul style=\"text-align: justify;\">\n<li style=\"list-style-type: none;\">\n<ul>\n<li style=\"list-style-type: none;\">\n<ul style=\"list-style-type: circle;\">\n<li><span style=\"font-weight: 400;\"><strong>CC1.<\/strong> Textos de les ci\u00e8ncies socials: descripci\u00f3, explicaci\u00f3, justificaci\u00f3, interpretaci\u00f3 i argumentaci\u00f3, i vocabulari propi.\u00a0<\/span><\/li>\n<li><span style=\"font-weight: 400;\"><strong>CC3.<\/strong> Cronologia i temps hist\u00f2ric.<\/span><\/li>\n<li><span style=\"font-weight: 400;\"><strong>CC6.<\/strong> Vincles entre el passat, el present i el futur. L\u2019empatia hist\u00f2rica.\u00a0<\/span><\/li>\n<li><span style=\"font-weight: 400;\"><strong>CC7.<\/strong> La mem\u00f2ria hist\u00f2rica.\u00a0<\/span><\/li>\n<\/ul>\n<\/li>\n<\/ul>\n<\/li>\n<\/ul>\n<ul style=\"text-align: justify;\">\n<li style=\"list-style-type: none;\">\n<ul style=\"list-style-type: disc;\">\n<li><strong><b>Compet\u00e8ncia 3. <\/b><span style=\"font-weight: 400;\">Interpretar que el present \u00e9s producte del passat, per comprendre que el futur \u00e9s fruit de les decisions i accions<\/span><span style=\"font-weight: 400;\"> actuals.\u00a0<\/span><\/strong><\/li>\n<li><span style=\"font-weight: 400;\"><strong>Compet\u00e8ncia 4.<\/strong> Identificar i valorar la identitat individual i col\u00b7lectiva per comprendre la seva intervenci\u00f3 en la construcci\u00f3 de subjectes hist\u00f2rics.<\/span><span style=\"font-family: inherit; font-size: 1em; background-color: #f9f9f9;\">\u00a0<\/span><\/li>\n<\/ul>\n<\/li>\n<\/ul>\n<ul style=\"text-align: justify;\">\n<li style=\"list-style-type: none;\">\n<ul>\n<li style=\"list-style-type: none;\">\n<ul style=\"list-style-type: circle;\">\n<li><span style=\"font-family: inherit; font-size: 1em; background-color: #f9f9f9;\"><strong>CC8.<\/strong> Elements de canvi i continu\u00eftat entre etapes hist\u00f2riques. Arrels hist\u00f2riques de la contemporane\u00eftat.\u00a0<\/span><\/li>\n<li><span style=\"font-family: inherit; font-size: 1em; background-color: #f9f9f9;\"><span style=\"font-family: inherit; font-size: 1em;\"><strong>CC10.<\/strong> Models d\u2019interpretaci\u00f3 geogr\u00e0fics i de fets hist\u00f2rics.<\/span><\/span><\/li>\n<li><span style=\"font-family: inherit; font-size: 1em; background-color: #f9f9f9;\"><span style=\"font-family: inherit; font-size: 1em;\"><span style=\"font-family: inherit; font-size: 1em;\"><strong>CC11.<\/strong> Les dones en la hist\u00f2ria i en les societats actuals.<\/span><\/span><\/span><\/li>\n<li><span style=\"font-family: inherit; font-size: 1em; background-color: #f9f9f9;\"><span style=\"font-family: inherit; font-size: 1em;\"><span style=\"font-family: inherit; font-size: 1em;\"><span style=\"font-family: inherit; font-size: 1em;\"><strong>CC 13.<\/strong> An\u00e0lisi d\u2019imatges i referents est\u00e8tics. Descodificaci\u00f3 de llenguatges ic\u00f2nics, simb\u00f2lics i audiovisuals.<\/span><\/span><\/span><\/span><\/li>\n<\/ul>\n<\/li>\n<\/ul>\n<\/li>\n<\/ul>\n<p style=\"text-align: justify;\"><span style=\"text-decoration: underline;\"><strong>Dimensi\u00f3 Geogr\u00e0fica<\/strong><\/span><\/p>\n<ul>\n<li style=\"list-style-type: none;\">\n<ul style=\"list-style-type: disc;\">\n<li style=\"text-align: justify;\"><b>Compet\u00e8ncia 7<\/b><span style=\"font-weight: 400;\">. Analitzar diferents models d\u2019organitzaci\u00f3 pol\u00edtica, econ\u00f2mica i territorial, i les desigualtats que generen, per valorar com afecten la vida de les<\/span> <span style=\"font-weight: 400;\">persones i fer propostes d\u2019actuaci\u00f3.<\/span><span style=\"font-family: inherit; font-size: 1em; background-color: #f9f9f9;\">\u00a0<\/span><\/li>\n<\/ul>\n<\/li>\n<\/ul>\n<ul>\n<li style=\"list-style-type: none;\">\n<ul>\n<li style=\"list-style-type: none;\">\n<ul style=\"list-style-type: circle;\">\n<li style=\"text-align: justify;\"><span style=\"font-weight: 400;\"><strong>CC10.<\/strong> Models d\u2019interpretaci\u00f3 geogr\u00e0fics i de fets hist\u00f2rics.<\/span><\/li>\n<li style=\"text-align: justify;\"><span style=\"font-weight: 400;\"><strong>CC17.<\/strong> Cerca, an\u00e0lisi i contrast d\u2019informacions diverses.<\/span><\/li>\n<li style=\"text-align: justify;\"><span style=\"font-weight: 400;\"><span style=\"font-family: inherit; font-size: 1em; background-color: #f9f9f9;\"><strong>CC18.\u00a0<\/strong>Lectura i interpretaci\u00f3 de mapes, pl\u00e0nols i imatges de diferents caracter\u00edstiques i suports. Eines d\u2019orientaci\u00f3 espacial.<\/span><\/span><\/li>\n<\/ul>\n<\/li>\n<\/ul>\n<\/li>\n<\/ul>\n<p style=\"text-align: justify;\"><strong><span style=\"text-decoration: underline;\">Dimensi\u00f3 Cultural i Art\u00edstica<\/span><\/strong><\/p>\n<ul style=\"text-align: justify;\">\n<li style=\"list-style-type: none;\">\n<ul style=\"list-style-type: disc;\">\n<li><b>Compet\u00e8ncia 8.<\/b><span style=\"font-weight: 400;\"> Analitzar les manifestacions culturals i relacionar-les amb els seus creadors i la seva \u00e8poca, per interpretar les diverses cosmovisions i la seva finalitat.<\/span><span style=\"font-family: inherit; font-size: 1em; background-color: #f9f9f9;\">\u00a0<\/span><\/li>\n<\/ul>\n<\/li>\n<\/ul>\n<ul>\n<li style=\"list-style-type: none;\">\n<ul>\n<li style=\"list-style-type: none;\">\n<ul style=\"list-style-type: circle;\">\n<li style=\"text-align: justify;\"><span style=\"font-weight: 400;\"><strong>CC3.<\/strong> Cronologia i temps hist\u00f2ric.<\/span><\/li>\n<li style=\"text-align: justify;\"><span style=\"font-family: inherit; font-size: 1em; background-color: #f9f9f9;\"><strong>CC4.<\/strong> Coneixements hist\u00f2rics temporals.<\/span><\/li>\n<li style=\"text-align: justify;\"><span style=\"font-family: inherit; font-size: 1em; background-color: #f9f9f9;\"><strong>CC5.<\/strong> Fonts prim\u00e0ries i secund\u00e0ries.\u00a0<\/span><\/li>\n<li style=\"text-align: justify;\"><strong style=\"font-family: inherit; font-size: 1em;\">CC11.<\/strong><span style=\"font-family: inherit; font-size: 1em; background-color: #f9f9f9;\"> Les dones en la hist\u00f2ria i en les societats actuals.<\/span><\/li>\n<\/ul>\n<\/li>\n<\/ul>\n<\/li>\n<\/ul>\n<p style=\"text-align: justify;\"><strong><span style=\"text-decoration: underline;\">Dimensi\u00f3 Ciutadana<\/span><\/strong><\/p>\n<ul>\n<li style=\"list-style-type: none;\">\n<ul style=\"list-style-type: disc;\">\n<li style=\"text-align: justify;\"><b>Compet\u00e8ncia 11. <\/b><span style=\"font-weight: 400;\">Formar-se un criteri propi sobre problemes socials rellevants per desenvolupar un pensament cr\u00edtic.<\/span><\/li>\n<li style=\"text-align: justify;\"><b>Compet\u00e8ncia 12.<\/b><span style=\"font-weight: 400;\"> Participar activament i de manera compromesa en projectes per exercir drets, deures i responsabilitats propis d\u2019una societat democr\u00e0tica.<\/span><\/li>\n<li><b>Compet\u00e8ncia 13.<\/b><span style=\"font-weight: 400;\"> Pronunciar-se i comprometre\u2019s en la defensa de la just\u00edcia, la llibertat i la igualtat entre homes i dones.<\/span>\n<ul style=\"list-style-type: circle;\">\n<li style=\"text-align: justify;\"><span style=\"font-weight: 400;\"><strong>CC17.<\/strong> Cerca, an\u00e0lisi i contrast d\u2019informacions diverses.<\/span><\/li>\n<li style=\"text-align: justify;\"><span style=\"font-family: inherit; font-size: 1em; background-color: #f9f9f9;\"><strong>CC27.<\/strong> Drets humans.\u00a0<\/span><\/li>\n<li style=\"text-align: justify;\"><span style=\"font-family: inherit; font-size: 1em; background-color: #f9f9f9;\"><strong>CC28.<\/strong> Situacions de desigualtat, injust\u00edcia i discriminaci\u00f3.<\/span><\/li>\n<li style=\"text-align: justify;\"><span style=\"font-family: inherit; font-size: 1em; background-color: #f9f9f9;\"><span style=\"font-family: inherit; font-size: 1em;\"><strong>CC30.<\/strong> Identitats personals i col\u00b7lectives. Pertinen\u00e7a i cohesi\u00f3 social.<\/span><\/span><\/li>\n<\/ul>\n<\/li>\n<\/ul>\n<\/li>\n<\/ul>\n<p style=\"text-align: justify;\"><span style=\"text-decoration: underline;\"><strong>Dimensi\u00f3 Aprendre a Aprendre<\/strong><\/span><\/p>\n<ul>\n<li style=\"list-style-type: none;\">\n<ul style=\"list-style-type: disc;\">\n<li style=\"text-align: justify;\"><b>Compet\u00e8ncia 3.\u00a0<\/b><span style=\"font-weight: 400;\">Desenvolupar habilitats i actituds que permetin afrontar els reptes de l\u2019aprenentatge al llarg de la vida.<\/span><\/li>\n<li><strong>Continguts claus:<\/strong>\n<ul style=\"list-style-type: circle;\">\n<li style=\"text-align: justify;\"><b>Aprenentatge continuat al llarg de la vida<\/b><span style=\"font-weight: 400;\">: curiositat intel\u00b7lectual, itineraris formatius, compet\u00e8ncies clau en el m\u00f3n professional, valors del treball, etc.<\/span><\/li>\n<li style=\"text-align: justify;\"><b style=\"font-family: inherit; font-size: 1em;\">Actituds i h\u00e0bits en la societat i en el m\u00f3n professional<\/b><span style=\"font-weight: 400;\">:responsabilitat en les tasques, efectivitat, respecte a les normes, etc.\u00a0<\/span><\/li>\n<li style=\"text-align: justify;\"><b style=\"font-family: inherit; font-size: 1em;\">Habilitats i actituds per al treball en grup<\/b><span style=\"font-weight: 400;\">: assumpci\u00f3 de rol, respecte, assertivitat, empatia, escolta activa, responsabilitat, etc.<\/span><\/li>\n<li style=\"text-align: justify;\"><span style=\"font-weight: 400;\"><b style=\"font-family: inherit; font-size: 1em;\">Din\u00e0miques de grup i treball col\u00b7laboratiu<\/b><span style=\"font-weight: 400;\">: Recerca, debat, din\u00e0mica fitxes Guerra Civil, itinerari&#8230;<\/span><\/span><\/li>\n<li style=\"text-align: justify;\"><b>Eines digitals col\u00b7laboratives<\/b><span style=\"font-weight: 400;\">: paquets ofim\u00e0tics en l\u00ednia, f\u00f2rums, xats, blogs, wikis, etc.<\/span><\/li>\n<\/ul>\n<\/li>\n<li style=\"list-style-type: none;\"><\/li>\n<\/ul>\n<\/li>\n<\/ul>\n<\/td>\n<\/tr>\n<tr style=\"height: 44px;\">\n<td style=\"height: 44px; width: 594px;\">\n<h3>OBJECTIUS<\/h3>\n<\/td>\n<\/tr>\n<tr style=\"height: 62px;\">\n<td style=\"height: 62px; width: 594px;\" bgcolor=\"#f3f5f2\">\n<ul>\n<li style=\"font-weight: 400;\"><span style=\"font-weight: 400;\">Recuperar la mem\u00f2ria hist\u00f2rica dels fets ocorreguts a la Guerra Civil.<\/span><\/li>\n<li style=\"font-weight: 400;\"><span style=\"font-weight: 400;\">Identificar i argumentar, al llarg del recorregut, \u00a0 els\u00a0 esdeveniments rellevants i els agents implicats en els punts de l\u2019itinerari a la ciutat de Barcelona.<\/span><\/li>\n<\/ul>\n<ul>\n<li style=\"font-weight: 400;\"><span style=\"font-weight: 400;\">Analitzar els fets hist\u00f2rics, les causes i les conseq\u00fc\u00e8ncies que esdevingueren derivades de la guerra.<\/span><\/li>\n<\/ul>\n<\/td>\n<\/tr>\n<tr style=\"height: 70px;\">\n<td style=\"height: 70px; width: 594px;\">\n<h3>LLOC<\/h3>\n<\/td>\n<\/tr>\n<tr style=\"height: 103px;\">\n<td style=\"height: 103px; width: 594px;\" bgcolor=\"#f3f5f2\">\n<ul>\n<li style=\"list-style-type: none;\">\n<ul>\n<li style=\"font-weight: 400;\"><span style=\"font-weight: 400;\">Una sessi\u00f3 d\u2019activitats de introducci\u00f3 i contextualitzaci\u00f3 dinamitzat pel professorat del CdA (AULA del centre).<\/span><\/li>\n<li style=\"font-weight: 400;\"><span style=\"font-weight: 400;\">Itinerari guiat per part de l\u2019alumnat recorrent les Rambles de Barcelona (SORTIDA).<\/span><\/li>\n<\/ul>\n<\/li>\n<\/ul>\n<\/td>\n<\/tr>\n<tr style=\"height: 51px;\">\n<td style=\"height: 51px; width: 594px;\">\n<blockquote>\n<h3>DURADA<\/h3>\n<\/blockquote>\n<\/td>\n<\/tr>\n<tr style=\"height: 57px;\">\n<td style=\"height: 57px; width: 594px;\" bgcolor=\"#f3f5f2\">\n<ul>\n<li style=\"list-style-type: none;\">\n<ul>\n<li><span style=\"font-weight: 400;\">Variable. Una sortida, una estada tem\u00e0tica, o projecte al llarg d\u2019un trimestre.<\/span><\/li>\n<\/ul>\n<\/li>\n<\/ul>\n<\/td>\n<\/tr>\n<tr style=\"height: 69px;\">\n<td style=\"height: 69px; width: 594px;\">\n<blockquote>\n<h3 style=\"text-align: left;\">DESPESA<\/h3>\n<\/blockquote>\n<\/td>\n<\/tr>\n<tr style=\"height: 79px;\">\n<td style=\"height: 79px; width: 594px;\" bgcolor=\"#f3f5f2\">\n<ul>\n<li style=\"list-style-type: none;\">\n<ul>\n<li>Despla\u00e7aments del centre fins el punt de trobada.<\/li>\n<li><a href=\"https:\/\/serveiseducatius.xtec.cat\/cda-barcelona\/inscripcio\/\">Preu p\u00fablic<\/a> d&#8217;activitats ensenyament-aprenentatge (Dep. d&#8217;Educaci\u00f3).<\/li>\n<\/ul>\n<\/li>\n<\/ul>\n<\/td>\n<\/tr>\n<tr style=\"height: 56px;\">\n<td style=\"height: 56px; width: 594px;\">\n<blockquote>\n<h3>NOMBRE M\u00c0XIM D&#8217;ALUMNES<\/h3>\n<\/blockquote>\n<\/td>\n<\/tr>\n<tr style=\"height: 57px;\">\n<td style=\"height: 57px; width: 594px;\" bgcolor=\"#f3f5f2\">\n<ul>\n<li style=\"list-style-type: none;\">\n<ul>\n<li>25 alumnes\/ 1 grup classe<\/li>\n<\/ul>\n<\/li>\n<\/ul>\n<\/td>\n<\/tr>\n<\/tbody>\n<\/table>\n<table border=\"0\">\n<tbody>\n<tr style=\"height: 65px;\">\n<td style=\"width: 595px; height: 65px;\">\n<h3>OBSERVACIONS<\/h3>\n<\/td>\n<\/tr>\n<tr style=\"height: 55px;\">\n<td style=\"width: 595px; height: 55px;\" bgcolor=\"#efefef\">\n<ul>\n<li>Punt de trobada: s&#8217;ha de pactar entre el centre i el Camp d&#8217;Aprenentatge de Barcelona.<\/li>\n<\/ul>\n<\/td>\n<\/tr>\n<\/tbody>\n<\/table>\n<table style=\"width: 599px;\" border=\"0\">\n<tbody>\n<tr>\n<td style=\"width: 593px;\"><strong>RECURSOS DID\u00c0CTICS<\/strong><\/td>\n<\/tr>\n<tr>\n<td style=\"width: 593px;\" bgcolor=\"#efefef\"><img loading=\"lazy\" decoding=\"async\" src=\"http:\/\/blocs.xtec.cat\/cdabarcelona\/files\/2014\/02\/icon_quadern.gif\" alt=\"icon_quadern\" width=\"32\" height=\"32\" \/><strong>Quadern de treball<\/strong><\/p>\n<ul>\n<li><a href=\"https:\/\/docs.google.com\/document\/d\/1lwRjj2llnP4MasJxC4v1HWdnEv7SxM3hklcr7ECPCPs\/edit?usp=sharing\">Documentaci\u00f3<\/a> per a l&#8217;alumnat<\/li>\n<li>Guerra Civil a Barcelona: Documentaci\u00f3 de\u00a0<a href=\"https:\/\/drive.google.com\/file\/d\/1Wo3mK1ik-N2Kdvvlc6RgRu1rrDrKgX2R\/view?usp=sharing\">l&#8217;itinerari<\/a><\/li>\n<li><a href=\"https:\/\/drive.google.com\/file\/d\/1qtvg72kOSjDAz453GEXlE79BD06YSZRa\/view?usp=sharing\">R\u00fabrica<\/a> <span style=\"font-weight: 400;\">de l\u2019itinerari i dels blocs tem\u00e0tics que explicar\u00e0 l\u2019alumnat a l\u2019aula.<\/span><\/li>\n<\/ul>\n<\/td>\n<\/tr>\n<tr>\n<td style=\"width: 593px;\" bgcolor=\"efefef\"><img loading=\"lazy\" decoding=\"async\" src=\"http:\/\/blocs.xtec.cat\/cdabarcelona\/files\/2014\/02\/icon_tac1.gif\" alt=\"icon_tac\" width=\"32\" height=\"33\" \/><strong>Activitats TAC \/ enlla\u00e7os web<\/strong><\/p>\n<ul>\n<li>Slideshare sobre <a href=\"https:\/\/es.slideshare.net\/baldufa8\/tema-11-a-ii-repblica-mapa-15-eleccions-1931-i-govern-provisional\">II Rep\u00fablica (1931-1936)<\/a><\/li>\n<li>El Nacional.cat: <a href=\"https:\/\/www.elnacional.cat\/ca\/efemerides\/marc-pons-fets-maig_155052_102.html\">&#8220;Fets de maig&#8221;<\/a><\/li>\n<li>El Independiente.com: <a href=\"https:\/\/www.elindependiente.com\/tendencias\/historia\/2018\/10\/21\/ultimo-adios-brigadas-internacionales\/\">&#8220;El \u00fatimo adi\u00f3s a las Brigadas Internacionales&#8221;<\/a><\/li>\n<li>Presentaci\u00f3 Sway de <a href=\"https:\/\/sway.office.com\/mRDDi47DrmdLU91k?ref=Link\">la Guerra Civil a Barcelona<\/a><\/li>\n<li style=\"font-weight: 400;\"><span style=\"font-weight: 400;\"><a href=\"https:\/\/drive.google.com\/drive\/u\/1\/folders\/1JaavJViHQXr-ebqW1d08WnK2ZO8cYDCw\">Can\u00e7oner<\/a> dels b\u00e0ndols a la guerra\u00a0 (lletra)<\/span><\/li>\n<\/ul>\n<\/td>\n<\/tr>\n<tr>\n<td style=\"width: 593px;\" bgcolor=\"#efefef\"><img loading=\"lazy\" decoding=\"async\" src=\"http:\/\/blocs.xtec.cat\/cdabarcelona\/files\/2014\/02\/icon_video.gif\" alt=\"icon_video\" width=\"32\" height=\"33\" \/><strong>\u00c0udio \/ v\u00eddeo<\/strong><\/p>\n<ul>\n<li style=\"list-style-type: none;\">\n<ul style=\"list-style-type: circle;\">\n<li>V\u00eddeo <a href=\"https:\/\/drive.google.com\/file\/d\/1glKCEa1dlon1TMS8NFZvfU6hCbQ68ecx\/view?usp=sharing\">&#8220;Comen\u00e7a la Guerra Civil&#8221;<\/a> 0:53 min<\/li>\n<li>V\u00eddeo <a href=\"https:\/\/www.youtube.com\/watch?v=OZirgERQ2qc\">&#8220;2a Rep\u00fablica en 10 minuts&#8221;<\/a><\/li>\n<li>rtve a la carta: <a href=\"https:\/\/www.rtve.es\/alacarta\/videos\/te-acuerdas\/acuerdas-primera-olimpiada-barcelona\/1160268\/\">&#8220;\u00bfTe acuerdas? La primera olimp\u00edada de Barcelona&#8221;<\/a> \u00a02:54 min<\/li>\n<li>V\u00eddeo: <a href=\"https:\/\/www.youtube.com\/watch?v=H4W8kWfORyo\">&#8220;Tierra y libertad. Enfrentamientos republicanos&#8221;<\/a> 4:21 min<\/li>\n<li><a href=\"http:\/\/barcelonasotalesbombes.beteve.cat\/\"><span style=\"font-weight: 400;\">Els bombardejos de mar\u00e7 del 1938 a Barcelona<\/span><\/a><span style=\"font-weight: 400;\"> | beteve.cat<\/span><\/li>\n<li><span style=\"font-weight: 400;\">Audio Can\u00e7ons <a href=\"https:\/\/drive.google.com\/open?id=1EbFsxzTxPaa5uYZ9lDXW2kyDdbMyI8I3\">b\u00e0ndol NACIONAL<\/a><\/span><\/li>\n<li><span style=\"font-weight: 400;\">Audio Can\u00e7ons <a href=\"https:\/\/drive.google.com\/open?id=1Ull2JXxUhdtDXbk1pL211xio_yPA8XHr\">b\u00e0ndol REPUBLIC\u00c0<\/a><\/span><\/li>\n<\/ul>\n<\/li>\n<\/ul>\n<\/td>\n<\/tr>\n<tr>\n<td style=\"width: 593px;\" bgcolor=\"#efefef\"><img loading=\"lazy\" decoding=\"async\" src=\"http:\/\/blocs.xtec.cat\/cdabarcelona\/files\/2014\/02\/icon_gmaps.gif\" alt=\"icon_gmaps\" width=\"32\" height=\"32\" \/><strong>Pl\u00e0nols<\/strong><\/p>\n<ul>\n<li><a href=\"https:\/\/drive.google.com\/open?id=1Zrv1Vr5aDjR5aLZL4DpFAlVqGrTNpp0n&amp;usp=sharing\">Itinerari<\/a> per Barcelona<\/li>\n<\/ul>\n<\/td>\n<\/tr>\n<\/tbody>\n<\/table>\n<p style=\"text-align: right;\"><a href=\"https:\/\/serveiseducatius.xtec.cat\/cda-barcelona\/ambits\/totes-les-activitats\/\"><strong>&lt;\u00a0<\/strong><em>Torna a totes les activitats<\/em><\/a><\/p>\n","protected":false},"excerpt":{"rendered":"<p>CODI: HIS12 3r i 4t d&#8217;ESO La Guerra Civil Espanyola continua avui en dia sent un tema de controv\u00e8rsia i debat a la nostra societat. La disputa d\u2019un estat separat entre dos pobles ha comportat l\u2019enfrontament a la guerra civil i les discussions i\/o decisions pol\u00edtiques actuals derivades del passat. Al llarg de la tem\u00e0tica [&hellip;]<\/p>\n","protected":false},"author":1,"featured_media":0,"parent":0,"menu_order":0,"comment_status":"closed","ping_status":"closed","template":"","meta":{"_bbp_topic_count":0,"_bbp_reply_count":0,"_bbp_total_topic_count":0,"_bbp_total_reply_count":0,"_bbp_voice_count":0,"_bbp_anonymous_reply_count":0,"_bbp_topic_count_hidden":0,"_bbp_reply_count_hidden":0,"_bbp_forum_subforum_count":0,"site-sidebar-layout":"default","site-content-layout":"","ast-site-content-layout":"","site-content-style":"default","site-sidebar-style":"default","ast-global-header-display":"","ast-banner-title-visibility":"","ast-main-header-display":"","ast-hfb-above-header-display":"","ast-hfb-below-header-display":"","ast-hfb-mobile-header-display":"","site-post-title":"","ast-breadcrumbs-content":"","ast-featured-img":"","footer-sml-layout":"","theme-transparent-header-meta":"","adv-header-id-meta":"","stick-header-meta":"","header-above-stick-meta":"","header-main-stick-meta":"","header-below-stick-meta":"","astra-migrate-meta-layouts":"default","ast-page-background-enabled":"default","ast-page-background-meta":{"desktop":{"background-color":"var(--ast-global-color-4)","background-image":"","background-repeat":"repeat","background-position":"center center","background-size":"auto","background-attachment":"scroll","background-type":"","background-media":"","overlay-type":"","overlay-color":"","overlay-opacity":"","overlay-gradient":""},"tablet":{"background-color":"","background-image":"","background-repeat":"repeat","background-position":"center center","background-size":"auto","background-attachment":"scroll","background-type":"","background-media":"","overlay-type":"","overlay-color":"","overlay-opacity":"","overlay-gradient":""},"mobile":{"background-color":"","background-image":"","background-repeat":"repeat","background-position":"center center","background-size":"auto","background-attachment":"scroll","background-type":"","background-media":"","overlay-type":"","overlay-color":"","overlay-opacity":"","overlay-gradient":""}},"ast-content-background-meta":{"desktop":{"background-color":"var(--ast-global-color-5)","background-image":"","background-repeat":"repeat","background-position":"center center","background-size":"auto","background-attachment":"scroll","background-type":"","background-media":"","overlay-type":"","overlay-color":"","overlay-opacity":"","overlay-gradient":""},"tablet":{"background-color":"var(--ast-global-color-5)","background-image":"","background-repeat":"repeat","background-position":"center center","background-size":"auto","background-attachment":"scroll","background-type":"","background-media":"","overlay-type":"","overlay-color":"","overlay-opacity":"","overlay-gradient":""},"mobile":{"background-color":"var(--ast-global-color-5)","background-image":"","background-repeat":"repeat","background-position":"center center","background-size":"auto","background-attachment":"scroll","background-type":"","background-media":"","overlay-type":"","overlay-color":"","overlay-opacity":"","overlay-gradient":""}},"footnotes":""},"class_list":["post-9272","page","type-page","status-publish","hentry"],"post_mailing_queue_ids":[],"_links":{"self":[{"href":"https:\/\/serveiseducatius.xtec.cat\/cda-barcelona\/wp-json\/wp\/v2\/pages\/9272","targetHints":{"allow":["GET"]}}],"collection":[{"href":"https:\/\/serveiseducatius.xtec.cat\/cda-barcelona\/wp-json\/wp\/v2\/pages"}],"about":[{"href":"https:\/\/serveiseducatius.xtec.cat\/cda-barcelona\/wp-json\/wp\/v2\/types\/page"}],"author":[{"embeddable":true,"href":"https:\/\/serveiseducatius.xtec.cat\/cda-barcelona\/wp-json\/wp\/v2\/users\/1"}],"replies":[{"embeddable":true,"href":"https:\/\/serveiseducatius.xtec.cat\/cda-barcelona\/wp-json\/wp\/v2\/comments?post=9272"}],"version-history":[{"count":4,"href":"https:\/\/serveiseducatius.xtec.cat\/cda-barcelona\/wp-json\/wp\/v2\/pages\/9272\/revisions"}],"predecessor-version":[{"id":9639,"href":"https:\/\/serveiseducatius.xtec.cat\/cda-barcelona\/wp-json\/wp\/v2\/pages\/9272\/revisions\/9639"}],"wp:attachment":[{"href":"https:\/\/serveiseducatius.xtec.cat\/cda-barcelona\/wp-json\/wp\/v2\/media?parent=9272"}],"curies":[{"name":"wp","href":"https:\/\/api.w.org\/{rel}","templated":true}]}}