{"id":9268,"date":"2020-05-29T18:18:34","date_gmt":"2020-05-29T16:18:34","guid":{"rendered":"https:\/\/serveiseducatius.xtec.cat\/cda-barcelona\/?page_id=9268"},"modified":"2020-06-09T10:56:19","modified_gmt":"2020-06-09T08:56:19","slug":"classics-del-mediterrani","status":"publish","type":"page","link":"https:\/\/serveiseducatius.xtec.cat\/cda-barcelona\/classics-del-mediterrani\/","title":{"rendered":"Cl\u00e0ssics del Mediterrani"},"content":{"rendered":"<p><strong>CODI: HIS13<\/strong><\/p>\n<table style=\"width: 600px;\" border=\"0\">\n<tbody>\n<tr>\n<td><i>Batxillerat<\/i><\/td>\n<\/tr>\n<tr>\n<td>\n<p style=\"text-align: justify;\"><span style=\"font-weight: 400;\">Aquest projecte t\u00e9 com a <\/span><b>objectiu <\/b><span style=\"font-weight: 400;\">treballar el m\u00f3n antic situat en dues ciutats mediterr\u00e0nies com s\u00f3n T\u00e0rraco i B\u00e0rcino, con\u00e8ixer les caracter\u00edstiques m\u00e9s rellevants de les dues urbs a l\u2019\u00e8poca Romana l\u2019evoluci\u00f3 que han fet a trav\u00e9s de la hist\u00f2ria, cada una d\u2019elles, fins a l\u2019\u00e8poca actual.<\/span><\/p>\n<p style=\"text-align: justify;\"><span style=\"font-weight: 400;\">Aquest proc\u00e9s d\u2019aprenentatge es duu a terme a trav\u00e9s d\u2019un projecte compartit amb els centres, els docents i l\u2019alumnat i amb l\u2019\u00fas de les TIC per tal que esdevingui tan significatiu i col\u00b7laboratiu com sigui possible.<\/span><\/p>\n<\/td>\n<\/tr>\n<tr>\n<td>\n<h3><\/h3>\n<h3>\u00c0REES DE CONEIXEMENT<\/h3>\n<\/td>\n<\/tr>\n<tr>\n<td bgcolor=\"#f3f5f2\">\n<ul>\n<li style=\"list-style-type: none;\">\n<ul>\n<li>Coneixement del medi natural, social i cultural<\/li>\n<li>Educaci\u00f3 Art\u00edstica<\/li>\n<\/ul>\n<\/li>\n<\/ul>\n<\/td>\n<\/tr>\n<tr>\n<td>\n<h3><\/h3>\n<h3>COMPET\u00c8NCIES<\/h3>\n<\/td>\n<\/tr>\n<tr>\n<td bgcolor=\"#f3f5f2\"><span style=\"font-weight: 400;\">Es contemplen les compet\u00e8ncies generals de Batxillerat que es treballen de forma global al llarg del projecte<\/span><\/p>\n<ul>\n<li><b>Compet\u00e8ncia en gesti\u00f3 i tractament de la informaci\u00f3<\/b><\/li>\n<li><b>Compet\u00e8ncia digital<\/b><\/li>\n<li><b>Compet\u00e8ncia comunicativa<\/b><\/li>\n<li><b>Compet\u00e8ncia en recerca<\/b><\/li>\n<li><b>Compet\u00e8ncia personal i interpersonal<\/b><\/li>\n<li><b>Compet\u00e8ncia en el coneixement i interacci\u00f3 amb el m\u00f3n<\/b><\/li>\n<\/ul>\n<p style=\"text-align: justify;\"><span style=\"font-weight: 400;\">Tanmateix les compet\u00e8ncies pr\u00f2pies de cada \u00e0mbit i\/o mat\u00e8ria es concreten en funci\u00f3 de la modalitat.<\/span><\/p>\n<p><span style=\"font-weight: 400;\">a) Modalitat d&#8217;humanitats i ci\u00e8ncies socials<\/span><\/p>\n<ul>\n<li style=\"list-style-type: none;\">\n<ul>\n<li style=\"font-weight: 400;\"><span style=\"font-weight: 400;\">mat\u00e8ries comunes d\u2019opci\u00f3:\u00a0\u00a0<\/span>\n<ul>\n<li style=\"font-weight: 400;\"><b>Llat\u00ed <\/b><i><span style=\"font-weight: 400;\">\u00a0<\/span><\/i><i><span style=\"font-weight: 400;\">(<\/span><\/i><i><span style=\"font-weight: 400;\">la compet\u00e8ncia ling\u00fc\u00edstica, la compet\u00e8ncia art\u00edstica i cultural i la compet\u00e8ncia social i ciutadana<\/span><\/i><i><span style=\"font-weight: 400;\">)<\/span><\/i><\/li>\n<\/ul>\n<\/li>\n<li style=\"font-weight: 400;\"><span style=\"font-weight: 400;\">mat\u00e8ries de modalitat i espec\u00edfiques :<\/span><b>\u00a0<\/b>\n<ul>\n<li style=\"font-weight: 400;\"><b>Hist\u00f2ria de l\u2019Art<\/b><i><span style=\"font-weight: 400;\"> (la compet\u00e8ncia en la dimensi\u00f3 temporal de les manifestacions art\u00edstiques; la compet\u00e8ncia en l&#8217;observaci\u00f3, an\u00e0lisi i interpretaci\u00f3 de les obres d&#8217;art, i la compet\u00e8ncia en el desenvolupament de la sensibilitat est\u00e8tica)<\/span><\/i><\/li>\n<li style=\"font-weight: 400;\"><i><span style=\"font-weight: 400;\">\u00a0<\/span><\/i><b>Hist\u00f2ria del M\u00f3n Contemporani <\/b><i><span style=\"font-weight: 400;\">(<\/span><\/i><i><span style=\"font-weight: 400;\">la compet\u00e8ncia en la dimensi\u00f3 temporal de l&#8217;experi\u00e8ncia social humana, la compet\u00e8ncia en la cr\u00edtica de les fonts hist\u00f2riques i la compet\u00e8ncia social i c\u00edvica)<\/span><\/i><\/li>\n<li style=\"font-weight: 400;\"><b>\u00a0Geografia <\/b><span style=\"font-weight: 400;\">(<\/span><i><span style=\"font-weight: 400;\">la compet\u00e8ncia en la dimensi\u00f3 espacial dels fen\u00f2mens, la compet\u00e8ncia en l&#8217;an\u00e0lisi i interpretaci\u00f3 de fonts geogr\u00e0fiques i la compet\u00e8ncia social i c\u00edvica.<\/span><\/i><\/li>\n<\/ul>\n<\/li>\n<\/ul>\n<\/li>\n<\/ul>\n<p><span style=\"font-weight: 400;\">b) Modalitat d\u2019arts<\/span><\/p>\n<ul>\n<li style=\"list-style-type: none;\">\n<ul>\n<li style=\"font-weight: 400;\"><span style=\"font-weight: 400;\">mat\u00e8ries comunes d\u2019opci\u00f3:\u00a0<\/span>\n<ul>\n<li style=\"font-weight: 400;\"><b>Fonaments de les Arts<\/b> <b><i>\u00a0<\/i><\/b><i><span style=\"font-weight: 400;\">(la compet\u00e8ncia en la dimensi\u00f3 temporal de les manifestacions art\u00edstiques; la compet\u00e8ncia en l&#8217;observaci\u00f3, an\u00e0lisi i interpretaci\u00f3 de les produccions art\u00edstiques, i la compet\u00e8ncia en el desenvolupament de la sensibilitat est\u00e8tica.).<\/span><\/i><\/li>\n<\/ul>\n<\/li>\n<\/ul>\n<\/li>\n<\/ul>\n<ul>\n<li style=\"list-style-type: none;\">\n<ul>\n<li style=\"font-weight: 400;\"><span style=\"font-weight: 400;\">mat\u00e8ries de modalitat i espec\u00edfiques :<\/span>\n<ul>\n<li style=\"font-weight: 400;\"><b>Hist\u00f2ria del M\u00f3n Contemporani<\/b><b>\u00a0 <\/b><i><span style=\"font-weight: 400;\">(la compet\u00e8ncia en la dimensi\u00f3 temporal de l&#8217;experi\u00e8ncia social humana, la compet\u00e8ncia en la cr\u00edtica de les fonts hist\u00f2riques i la compet\u00e8ncia social i c\u00edvica.)<\/span><\/i><\/li>\n<li style=\"font-weight: 400;\"><b>Cultura Audiovisual <\/b><i><span style=\"font-weight: 400;\">(la compet\u00e8ncia comunicativa visual i audiovisual, la compet\u00e8ncia en la sensibilitat est\u00e8tica, la compet\u00e8ncia en la creativitat art\u00edstica i la compet\u00e8ncia cultural art\u00edstica)<\/span><\/i><\/li>\n<li style=\"font-weight: 400;\"><b style=\"font-family: inherit; font-size: 1em; text-align: justify;\">Volum <\/b><i style=\"font-family: inherit; font-size: 1em; text-align: justify;\">\u00a0(la compet\u00e8ncia en el domini teoricopr\u00e0ctic de les t\u00e8cniques i els procediments de la producci\u00f3 art\u00edstica, la compet\u00e8ncia en la sensibilitat est\u00e8tica, la compet\u00e8ncia en la creativitat art\u00edstica i la compet\u00e8ncia cultural art\u00edstica.)<\/i><\/li>\n<\/ul>\n<\/li>\n<\/ul>\n<\/li>\n<\/ul>\n<p><span style=\"font-weight: 400;\">Moltes d\u2019aquestes compet\u00e8ncies gen\u00e8riques provenen d\u2019altres compet\u00e8ncies derivades de l\u2019Educaci\u00f3 Secund\u00e0ria Obligat\u00f2ria:<\/span><\/p>\n<p><span style=\"text-decoration: underline;\"><b>Dimensi\u00f3 hist\u00f2rica<\/b><\/span><\/p>\n<ul>\n<li style=\"list-style-type: none;\">\n<ul style=\"list-style-type: disc;\">\n<li style=\"text-align: justify;\"><b>Compet\u00e8ncia 1: <\/b><span style=\"font-weight: 400;\">Analitzar els canvis i les continu\u00eftats dels fets o fen\u00f2mens hist\u00f2rics per comprendre\u2019n la causalitat hist\u00f2rica.<\/span>\n<ul style=\"list-style-type: circle;\">\n<li><b style=\"font-family: inherit; font-size: 1em;\">CC3. <\/b><span style=\"font-weight: 400;\">Cronologia i temps hist\u00f2ric.<\/span><\/li>\n<\/ul>\n<\/li>\n<\/ul>\n<\/li>\n<\/ul>\n<ul style=\"text-align: justify;\">\n<li style=\"list-style-type: none;\">\n<ul style=\"list-style-type: disc;\">\n<li><b>Compet\u00e8ncia 3.<\/b><span style=\"font-weight: 400;\"> Interpretar que el present \u00e9s producte del passat, per comprendre que el futur \u00e9s fruit de les decisions i accions actuals.<\/span>\n<ul style=\"list-style-type: circle;\">\n<li><b>CC8. <\/b><span style=\"font-weight: 400;\">Elements de canvi i continu\u00eftat entre etapes hist\u00f2riques. Arrels hist\u00f2riques de la contemporane\u00eftat.<\/span><\/li>\n<\/ul>\n<\/li>\n<\/ul>\n<\/li>\n<\/ul>\n<p style=\"text-align: justify;\"><span style=\"text-decoration: underline;\"><b>Dimensi\u00f3 geogr\u00e0fica<\/b><\/span><\/p>\n<ul style=\"text-align: justify;\">\n<li style=\"list-style-type: none;\">\n<ul style=\"list-style-type: disc;\">\n<li><b>Compet\u00e8ncia 5: <\/b><span style=\"font-weight: 400;\">Explicar les interrelacions entre els elements de l&#8217;espai geogr\u00e0fic, per gestionar les activitats humanes en el territori amb criteris de sostenibilitat.<\/span>\n<ul style=\"list-style-type: circle;\">\n<li><span style=\"font-weight: 400;\"><span style=\"font-weight: 400;\"><b style=\"font-family: inherit; font-size: 1em;\">CC19. <\/b><span style=\"font-weight: 400;\">Interacci\u00f3 entre els grups humans i el medi. Activitats econ\u00f2miques i el seu impacte mediambiental. Mat\u00e8ries primeres i fonts d\u2019energia.<\/span><\/span><\/span><\/li>\n<\/ul>\n<\/li>\n<\/ul>\n<\/li>\n<\/ul>\n<p style=\"text-align: justify;\"><span style=\"text-decoration: underline;\"><b>Dimensi\u00f3 tecnologia i vida quotidiana <\/b><\/span><\/p>\n<ul>\n<li style=\"list-style-type: none;\">\n<ul style=\"list-style-type: disc;\">\n<li><span style=\"font-weight: 400;\"><b>Compet\u00e8ncia 7. <\/b>Utilitzar objectes tecnol\u00f2gics de la vida quotidiana amb el coneixement b\u00e0sic del seu funcionament, manteniment i accions a fer per minimitzar els riscos en la manipulaci\u00f3 i en l\u2019impacte mediambiental.<\/span>\n<ul style=\"list-style-type: circle;\">\n<li style=\"text-align: justify;\"><span style=\"font-weight: 400;\"><b>CC17. <\/b>Objectes tecnol\u00f2gics de la vida quotidiana.<\/span><\/li>\n<li style=\"text-align: justify;\"><b>CC19. <\/b><span style=\"font-weight: 400;\">Manteniment tecnol\u00f2gic. Seguretat, efici\u00e8ncia i sostenibilitat.<\/span><\/li>\n<\/ul>\n<\/li>\n<\/ul>\n<\/li>\n<\/ul>\n<ul>\n<li style=\"list-style-type: none;\"><\/li>\n<\/ul>\n<\/td>\n<\/tr>\n<tr>\n<td>\n<h3><\/h3>\n<h3>OBJECTIUS<\/h3>\n<\/td>\n<\/tr>\n<tr>\n<td bgcolor=\"#f3f5f2\">\n<ul>\n<li style=\"list-style-type: none;\">\n<ul style=\"list-style-type: disc;\">\n<li style=\"font-weight: 400;\"><span style=\"font-weight: 400;\">Promoure el treball col\u00b7laboratiu mitjan\u00e7ant una metodologia activa per tal que l\u2019alumnat sigui el protagonista del seu aprenentatge.<\/span><\/li>\n<li style=\"font-weight: 400;\"><span style=\"font-weight: 400;\">Utilitzar les TICs i llenguatges audiovisuals com a eina de recerca i tractament de la informaci\u00f3 per a la personalitzaci\u00f3 de l\u2019aprenentatge de l\u2019alumnat.<\/span><\/li>\n<li style=\"font-weight: 400;\"><span style=\"font-weight: 400;\">Portar a terme activitats de documentaci\u00f3 a partir de diverses fonts amb la finalitat d&#8217;analitzar, contrastar i interpretar les informacions.<\/span><\/li>\n<li style=\"font-weight: 400;\"><span style=\"font-weight: 400;\">Con\u00e8ixer els diferents monuments romans de les ciutats de T\u00e0rraco i Barcino dins el seu context social i hist\u00f2ric per a la consci\u00e8ncia patrimonial.<\/span><\/li>\n<li style=\"font-weight: 400;\"><span style=\"font-weight: 400;\">Comprendre i valorar els vestigis romans de les dues ciutats com a reflex de l\u2019evoluci\u00f3 que han patit al llarg de la hist\u00f2ria per tal de copsar les difer\u00e8ncies i les similituds amb l\u2019actualitat.<\/span><\/li>\n<li style=\"font-weight: 400;\"><span style=\"font-weight: 400;\">Con\u00e8ixer, gaudir i valorar el patrimoni art\u00edstic rom\u00e0, contribuint de manera activa a la seva conservaci\u00f3, com a font de riquesa i llegat que cal transmetre a les generacions futures.<\/span><\/li>\n<li style=\"font-weight: 400;\"><span style=\"font-weight: 400;\">Seleccionar, analitzar i interpretar informaci\u00f3 hist\u00f2rica de fonts directes i indirectes, per obtenir conclusions raonades.<\/span><\/li>\n<li style=\"font-weight: 400;\"><span style=\"font-weight: 400;\">Entendre l\u2019espai geogr\u00e0fic on s\u2019ubiquen les dues ciutats romanes com combinaci\u00f3 de processos socials, econ\u00f2mics, tecnol\u00f2gics i culturals que han actuat en un determinat marc territorial temporal a fi i efecte de con\u00e8ixer aquest element precedent condicionant en la creaci\u00f3 i desenvolupaments d\u2019aquestes ciutats.<\/span><\/li>\n<li style=\"font-weight: 400;\"><span style=\"font-weight: 400;\">Identificar els trets essencials de la distribuci\u00f3, din\u00e0mica i estructura b\u00e0sica de les ciutats romanes per tal d\u2019entendre quina fou la seva influ\u00e8ncia en la configuraci\u00f3 dels espais.<\/span><\/li>\n<li style=\"font-weight: 400;\"><span style=\"font-weight: 400;\">Analitzar la import\u00e0ncia de la gesti\u00f3 dels recursos en la creaci\u00f3 d\u2019una ciutat a l\u2019\u00e8poca romana per poder comparar-la amb la que t\u00e9 a la realitat de les ciutats actuals.<\/span><\/li>\n<\/ul>\n<\/li>\n<\/ul>\n<\/td>\n<\/tr>\n<tr>\n<td>\n<h3><\/h3>\n<h3>LLOC<\/h3>\n<\/td>\n<\/tr>\n<tr>\n<td bgcolor=\"#f3f5f2\">\n<ul>\n<li style=\"list-style-type: none;\">\n<ul style=\"list-style-type: disc;\">\n<li>Centre hist\u00f2ric de Barcelona (una visita pr\u00e8via per a la posterior guia del centre de Tarragona)<\/li>\n<li>Centre hist\u00f2ric de Tarragona (visita guiada per l&#8217;alumnat de l&#8217;institut de Tarragona amb el qual fan t\u00e0ndem)<\/li>\n<li>Possible cloenda a Emp\u00faries.<\/li>\n<\/ul>\n<\/li>\n<\/ul>\n<\/td>\n<\/tr>\n<tr>\n<td>\n<blockquote>\n<h3>DURADA<\/h3>\n<\/blockquote>\n<\/td>\n<\/tr>\n<tr>\n<td bgcolor=\"#f3f5f2\">\n<ul>\n<li style=\"list-style-type: none;\">\n<ul>\n<li><\/li>\n<\/ul>\n<\/li>\n<\/ul>\n<\/td>\n<\/tr>\n<tr>\n<td>\n<blockquote>\n<h3>DESPESA<\/h3>\n<\/blockquote>\n<\/td>\n<\/tr>\n<tr>\n<td bgcolor=\"#f3f5f2\">\n<ul>\n<li style=\"list-style-type: none;\">\n<ul>\n<li>Despla\u00e7aments del centre fins els punts de trobada.<\/li>\n<li><a href=\"https:\/\/serveiseducatius.xtec.cat\/cda-barcelona\/inscripcio\/\">Preu p\u00fablic<\/a> d&#8217;activitats ensenyament-aprenentatge (Dep. d&#8217;Educaci\u00f3).<\/li>\n<\/ul>\n<\/li>\n<\/ul>\n<\/td>\n<\/tr>\n<tr>\n<td>\n<blockquote>\n<h3>NOMBRE M\u00c0XIM D&#8217;ALUMNES<\/h3>\n<\/blockquote>\n<\/td>\n<\/tr>\n<tr>\n<td bgcolor=\"#f3f5f2\">\n<ul>\n<li style=\"list-style-type: none;\">\n<ul>\n<li>20 alumnes\/ 1 grup classe<\/li>\n<\/ul>\n<\/li>\n<\/ul>\n<\/td>\n<\/tr>\n<\/tbody>\n<\/table>\n<table border=\"0\">\n<tbody>\n<tr style=\"height: 65px;\">\n<td style=\"width: 595px; height: 65px;\">\n<h3>OBSERVACIONS<\/h3>\n<\/td>\n<\/tr>\n<tr style=\"height: 55px;\">\n<td style=\"width: 595px; height: 55px;\" bgcolor=\"#efefef\">\n<ul>\n<li>Punt de trobada: s&#8217;ha de pactar entre el centre i els Camps d&#8217;Aprenentatge de Barcelona i ciutat de Tarragona<\/li>\n<\/ul>\n<\/td>\n<\/tr>\n<\/tbody>\n<\/table>\n<table style=\"width: 599px;\" border=\"0\">\n<tbody>\n<tr>\n<td style=\"width: 593px;\"><strong>RECURSOS DID\u00c0CTICS<\/strong><\/td>\n<\/tr>\n<tr>\n<td style=\"width: 593px;\" bgcolor=\"#efefef\"><img loading=\"lazy\" decoding=\"async\" src=\"http:\/\/blocs.xtec.cat\/cdabarcelona\/files\/2014\/02\/icon_quadern.gif\" alt=\"icon_quadern\" width=\"32\" height=\"32\" \/><strong>Quadern de treball<\/strong><\/p>\n<ul>\n<li><\/li>\n<\/ul>\n<\/td>\n<\/tr>\n<tr>\n<td style=\"width: 593px;\" bgcolor=\"efefef\"><img loading=\"lazy\" decoding=\"async\" src=\"http:\/\/blocs.xtec.cat\/cdabarcelona\/files\/2014\/02\/icon_tac1.gif\" alt=\"icon_tac\" width=\"32\" height=\"33\" \/><strong>Activitats TAC \/ enlla\u00e7os web<\/strong><\/p>\n<ul>\n<li><\/li>\n<\/ul>\n<\/td>\n<\/tr>\n<tr>\n<td style=\"width: 593px;\" bgcolor=\"#efefef\"><img loading=\"lazy\" decoding=\"async\" src=\"http:\/\/blocs.xtec.cat\/cdabarcelona\/files\/2014\/02\/icon_video.gif\" alt=\"icon_video\" width=\"32\" height=\"33\" \/><strong>\u00c0udio \/ v\u00eddeo<\/strong><\/p>\n<ul>\n<li style=\"list-style-type: none;\">\n<ul style=\"list-style-type: circle;\">\n<li><\/li>\n<\/ul>\n<\/li>\n<\/ul>\n<\/td>\n<\/tr>\n<tr>\n<td style=\"width: 593px;\" bgcolor=\"#efefef\"><img loading=\"lazy\" decoding=\"async\" src=\"http:\/\/blocs.xtec.cat\/cdabarcelona\/files\/2014\/02\/icon_gmaps.gif\" alt=\"icon_gmaps\" width=\"32\" height=\"32\" \/><strong>Pl\u00e0nols<\/strong><\/p>\n<ul>\n<li><\/li>\n<\/ul>\n<\/td>\n<\/tr>\n<\/tbody>\n<\/table>\n<p style=\"text-align: right;\"><a href=\"https:\/\/serveiseducatius.xtec.cat\/cda-barcelona\/ambits\/totes-les-activitats\/\"><strong>&lt;\u00a0<\/strong><em>Torna a totes les activitats<\/em><\/a><\/p>\n","protected":false},"excerpt":{"rendered":"<p>CODI: HIS13 Batxillerat Aquest projecte t\u00e9 com a objectiu treballar el m\u00f3n antic situat en dues ciutats mediterr\u00e0nies com s\u00f3n T\u00e0rraco i B\u00e0rcino, con\u00e8ixer les caracter\u00edstiques m\u00e9s rellevants de les dues urbs a l\u2019\u00e8poca Romana l\u2019evoluci\u00f3 que han fet a trav\u00e9s de la hist\u00f2ria, cada una d\u2019elles, fins a l\u2019\u00e8poca actual. Aquest proc\u00e9s d\u2019aprenentatge es [&hellip;]<\/p>\n","protected":false},"author":1,"featured_media":0,"parent":0,"menu_order":0,"comment_status":"closed","ping_status":"closed","template":"","meta":{"_bbp_topic_count":0,"_bbp_reply_count":0,"_bbp_total_topic_count":0,"_bbp_total_reply_count":0,"_bbp_voice_count":0,"_bbp_anonymous_reply_count":0,"_bbp_topic_count_hidden":0,"_bbp_reply_count_hidden":0,"_bbp_forum_subforum_count":0,"site-sidebar-layout":"default","site-content-layout":"","ast-site-content-layout":"","site-content-style":"default","site-sidebar-style":"default","ast-global-header-display":"","ast-banner-title-visibility":"","ast-main-header-display":"","ast-hfb-above-header-display":"","ast-hfb-below-header-display":"","ast-hfb-mobile-header-display":"","site-post-title":"","ast-breadcrumbs-content":"","ast-featured-img":"","footer-sml-layout":"","theme-transparent-header-meta":"","adv-header-id-meta":"","stick-header-meta":"","header-above-stick-meta":"","header-main-stick-meta":"","header-below-stick-meta":"","astra-migrate-meta-layouts":"default","ast-page-background-enabled":"default","ast-page-background-meta":{"desktop":{"background-color":"var(--ast-global-color-4)","background-image":"","background-repeat":"repeat","background-position":"center center","background-size":"auto","background-attachment":"scroll","background-type":"","background-media":"","overlay-type":"","overlay-color":"","overlay-opacity":"","overlay-gradient":""},"tablet":{"background-color":"","background-image":"","background-repeat":"repeat","background-position":"center center","background-size":"auto","background-attachment":"scroll","background-type":"","background-media":"","overlay-type":"","overlay-color":"","overlay-opacity":"","overlay-gradient":""},"mobile":{"background-color":"","background-image":"","background-repeat":"repeat","background-position":"center center","background-size":"auto","background-attachment":"scroll","background-type":"","background-media":"","overlay-type":"","overlay-color":"","overlay-opacity":"","overlay-gradient":""}},"ast-content-background-meta":{"desktop":{"background-color":"var(--ast-global-color-5)","background-image":"","background-repeat":"repeat","background-position":"center center","background-size":"auto","background-attachment":"scroll","background-type":"","background-media":"","overlay-type":"","overlay-color":"","overlay-opacity":"","overlay-gradient":""},"tablet":{"background-color":"var(--ast-global-color-5)","background-image":"","background-repeat":"repeat","background-position":"center center","background-size":"auto","background-attachment":"scroll","background-type":"","background-media":"","overlay-type":"","overlay-color":"","overlay-opacity":"","overlay-gradient":""},"mobile":{"background-color":"var(--ast-global-color-5)","background-image":"","background-repeat":"repeat","background-position":"center center","background-size":"auto","background-attachment":"scroll","background-type":"","background-media":"","overlay-type":"","overlay-color":"","overlay-opacity":"","overlay-gradient":""}},"footnotes":""},"class_list":["post-9268","page","type-page","status-publish","hentry"],"post_mailing_queue_ids":[],"_links":{"self":[{"href":"https:\/\/serveiseducatius.xtec.cat\/cda-barcelona\/wp-json\/wp\/v2\/pages\/9268","targetHints":{"allow":["GET"]}}],"collection":[{"href":"https:\/\/serveiseducatius.xtec.cat\/cda-barcelona\/wp-json\/wp\/v2\/pages"}],"about":[{"href":"https:\/\/serveiseducatius.xtec.cat\/cda-barcelona\/wp-json\/wp\/v2\/types\/page"}],"author":[{"embeddable":true,"href":"https:\/\/serveiseducatius.xtec.cat\/cda-barcelona\/wp-json\/wp\/v2\/users\/1"}],"replies":[{"embeddable":true,"href":"https:\/\/serveiseducatius.xtec.cat\/cda-barcelona\/wp-json\/wp\/v2\/comments?post=9268"}],"version-history":[{"count":3,"href":"https:\/\/serveiseducatius.xtec.cat\/cda-barcelona\/wp-json\/wp\/v2\/pages\/9268\/revisions"}],"predecessor-version":[{"id":9331,"href":"https:\/\/serveiseducatius.xtec.cat\/cda-barcelona\/wp-json\/wp\/v2\/pages\/9268\/revisions\/9331"}],"wp:attachment":[{"href":"https:\/\/serveiseducatius.xtec.cat\/cda-barcelona\/wp-json\/wp\/v2\/media?parent=9268"}],"curies":[{"name":"wp","href":"https:\/\/api.w.org\/{rel}","templated":true}]}}