{"id":8996,"date":"2019-10-23T11:15:26","date_gmt":"2019-10-23T09:15:26","guid":{"rendered":"https:\/\/serveiseducatius.xtec.cat\/cda-barcelona\/?page_id=8996"},"modified":"2019-10-24T17:31:18","modified_gmt":"2019-10-24T15:31:18","slug":"valoracions-destades","status":"publish","type":"page","link":"https:\/\/serveiseducatius.xtec.cat\/cda-barcelona\/amb-els-centres\/formulari-de-valoracio\/valoracions-destades\/","title":{"rendered":"Valoracions d&#8217;estades"},"content":{"rendered":"<p><strong>Avaluaci\u00f3 per part del professorat<\/strong><\/p>\n<p><a href=\"https:\/\/drive.google.com\/open?id=11xZTJGJy48UI4tYTWSNsw3_KmJnPo_2P\"><img loading=\"lazy\" decoding=\"async\" class=\"size-full wp-image-9014 alignleft\" src=\"https:\/\/serveiseducatius.xtec.cat\/cda-barcelona\/wp-content\/uploads\/usu149\/2019\/10\/valoracio-estada-profes.jpg\" alt=\"\" width=\"248\" height=\"256\" \/><\/a><\/p>\n<p><strong>Un cop finalitzada l&#8217;estada<\/strong>\u00a0al Camp d&#8217;Aprenentatge i d&#8217;haver realitzat els treballs posteriors amb els alumnes al vostre centre, <strong>cal que valoreu com ha anat tot plegat<\/strong>. En previsi\u00f3 de possibles oblits, us enviarem un correu electr\u00f2nic uns dies despr\u00e9s de l&#8217;estada per fer-vos-en mem\u00f2ria.<\/p>\n<p>Hem creat <strong>formularis a \u201cGoogle Drive\u201d<\/strong> per a completar les vostres valoracions. Cal contestar tots els camps amb asterisc (*) i al final clicar el bot\u00f3 \u201cenvia\u201d. Completeu una sola enquesta de professors per a estada. Gr\u00e0cies!<\/p>\n<p><a href=\"https:\/\/drive.google.com\/open?id=11xZTJGJy48UI4tYTWSNsw3_KmJnPo_2P\" target=\"_blank\" rel=\"noopener noreferrer\">Acc\u00e9s al formulari de mostra<\/a><\/p>\n<p>Aquest formulari \u00e9s en <strong>format PDF<\/strong> perqu\u00e8 el pugueu visualitzar pr\u00e8viament. <strong>L&#8217;enlla\u00e7 al formulari el rebreu per correu electr\u00f2nic un cop finalitzada l&#8217;estada<\/strong>.<\/p>\n<p><strong>Avaluaci\u00f3 per part de l&#8217;alumnat<\/strong><\/p>\n<p>La sessi\u00f3 d&#8217;avaluaci\u00f3 amb els alumnes est\u00e0 pensada per a fer-la al centre docent despr\u00e9s de l&#8217;estada amb el Camp d&#8217;Aprenentatge i d&#8217;haver realitzat les activitats posteriors acordades. Les respostes s\u00f3n per equip de treball, no per a cada alumne\/a de forma individual. Tenim dues modalitats de valoraci\u00f3 en funci\u00f3 del nivell de l&#8217;alumnat:<\/p>\n<ul>\n<li><strong>Valoracions per a prim\u00e0ria<\/strong><\/li>\n<\/ul>\n<p><a href=\"https:\/\/drive.google.com\/open?id=17u-XG0WaY7hrb6ttDHKoOY7t-8ehAssz\"><img loading=\"lazy\" decoding=\"async\" class=\"size-full wp-image-9012 alignleft\" src=\"https:\/\/serveiseducatius.xtec.cat\/cda-barcelona\/wp-content\/uploads\/usu149\/2019\/10\/valoracio-estada-alumnes-PRI.jpg\" alt=\"\" width=\"246\" height=\"251\" \/><\/a><\/p>\n<p>Enquesta d&#8217;avaluaci\u00f3 amb formulari a \u201cGoogle Drive\u201d <strong>(us caldran ordinadors o tauletes amb connexi\u00f3 a internet)<\/strong>. Una \u00fanica valoraci\u00f3 per cada equip de treball (no individual).<\/p>\n<p><a href=\"https:\/\/drive.google.com\/open?id=17u-XG0WaY7hrb6ttDHKoOY7t-8ehAssz\" target=\"_blank\" rel=\"noopener noreferrer\">Acc\u00e9s al formulari de mostra<\/a><\/p>\n<p>Aquest formulari \u00e9s en<strong> format PDF<\/strong> perqu\u00e8 el pugueu visualitzar pr\u00e8viament. <strong>L&#8217;enlla\u00e7 al formulari el rebreu per correu electr\u00f2nic un cop finalitzada l&#8217;estada<\/strong> i tamb\u00e9 us farem arribar l&#8217;enlla\u00e7 amb <strong>codi QR<\/strong>.<\/p>\n<p>&nbsp;<\/p>\n<p>&nbsp;<\/p>\n<ul>\n<li><strong>Valoracions per a secund\u00e0ria<\/strong><\/li>\n<\/ul>\n<p style=\"font-family: 'Helvetica Neue', Helvetica, Helvetica, Arial, sans-serif; font-size: 16px;\"><a href=\"https:\/\/drive.google.com\/open?id=1n6zeOg7xXzS2Xezog2-MLdD-QNN8rSxB\"><img loading=\"lazy\" decoding=\"async\" class=\"size-full wp-image-9021 alignleft\" src=\"https:\/\/serveiseducatius.xtec.cat\/cda-barcelona\/wp-content\/uploads\/usu149\/2019\/10\/valoracio-estada-sec.jpg\" alt=\"\" width=\"245\" height=\"252\" \/><\/a><\/p>\n<p>Enquesta d&#8217;avaluaci\u00f3 amb formulari a \u201cGoogle Drive\u201d <strong>(us caldran ordinadors o tauletes amb connexi\u00f3 a internet)<\/strong>. Una \u00fanica valoraci\u00f3 per cada equip de treball (no individual).<\/p>\n<p><a href=\"https:\/\/drive.google.com\/open?id=1n6zeOg7xXzS2Xezog2-MLdD-QNN8rSxB\" target=\"_blank\" rel=\"noopener noreferrer\">Acc\u00e9s al formulari de mostra<\/a><\/p>\n<p>Aquest formulari \u00e9s en<strong> format PDF<\/strong> perqu\u00e8 el pugueu visualitzar pr\u00e8viament. <strong>L&#8217;enlla\u00e7 al formulari el rebreu per correu electr\u00f2nic un cop finalitzada l&#8217;estada<\/strong> i tamb\u00e9 us farem arribar l&#8217;enlla\u00e7 amb <strong>codi QR<\/strong>.<\/p>\n<p>&nbsp;<\/p>\n","protected":false},"excerpt":{"rendered":"<p>Avaluaci\u00f3 per part del professorat Un cop finalitzada l&#8217;estada\u00a0al Camp d&#8217;Aprenentatge i d&#8217;haver realitzat els treballs posteriors amb els alumnes al vostre centre, cal que valoreu com ha anat tot plegat. En previsi\u00f3 de possibles oblits, us enviarem un correu electr\u00f2nic uns dies despr\u00e9s de l&#8217;estada per fer-vos-en mem\u00f2ria. Hem creat formularis a \u201cGoogle Drive\u201d [&hellip;]<\/p>\n","protected":false},"author":1,"featured_media":0,"parent":359,"menu_order":0,"comment_status":"closed","ping_status":"closed","template":"page-templates\/side-menu.php","meta":{"_bbp_topic_count":0,"_bbp_reply_count":0,"_bbp_total_topic_count":0,"_bbp_total_reply_count":0,"_bbp_voice_count":0,"_bbp_anonymous_reply_count":0,"_bbp_topic_count_hidden":0,"_bbp_reply_count_hidden":0,"_bbp_forum_subforum_count":0,"site-sidebar-layout":"default","site-content-layout":"","ast-site-content-layout":"","site-content-style":"default","site-sidebar-style":"default","ast-global-header-display":"","ast-banner-title-visibility":"","ast-main-header-display":"","ast-hfb-above-header-display":"","ast-hfb-below-header-display":"","ast-hfb-mobile-header-display":"","site-post-title":"","ast-breadcrumbs-content":"","ast-featured-img":"","footer-sml-layout":"","theme-transparent-header-meta":"","adv-header-id-meta":"","stick-header-meta":"","header-above-stick-meta":"","header-main-stick-meta":"","header-below-stick-meta":"","astra-migrate-meta-layouts":"default","ast-page-background-enabled":"default","ast-page-background-meta":{"desktop":{"background-color":"var(--ast-global-color-4)","background-image":"","background-repeat":"repeat","background-position":"center center","background-size":"auto","background-attachment":"scroll","background-type":"","background-media":"","overlay-type":"","overlay-color":"","overlay-opacity":"","overlay-gradient":""},"tablet":{"background-color":"","background-image":"","background-repeat":"repeat","background-position":"center center","background-size":"auto","background-attachment":"scroll","background-type":"","background-media":"","overlay-type":"","overlay-color":"","overlay-opacity":"","overlay-gradient":""},"mobile":{"background-color":"","background-image":"","background-repeat":"repeat","background-position":"center center","background-size":"auto","background-attachment":"scroll","background-type":"","background-media":"","overlay-type":"","overlay-color":"","overlay-opacity":"","overlay-gradient":""}},"ast-content-background-meta":{"desktop":{"background-color":"var(--ast-global-color-5)","background-image":"","background-repeat":"repeat","background-position":"center center","background-size":"auto","background-attachment":"scroll","background-type":"","background-media":"","overlay-type":"","overlay-color":"","overlay-opacity":"","overlay-gradient":""},"tablet":{"background-color":"var(--ast-global-color-5)","background-image":"","background-repeat":"repeat","background-position":"center center","background-size":"auto","background-attachment":"scroll","background-type":"","background-media":"","overlay-type":"","overlay-color":"","overlay-opacity":"","overlay-gradient":""},"mobile":{"background-color":"var(--ast-global-color-5)","background-image":"","background-repeat":"repeat","background-position":"center center","background-size":"auto","background-attachment":"scroll","background-type":"","background-media":"","overlay-type":"","overlay-color":"","overlay-opacity":"","overlay-gradient":""}},"footnotes":""},"class_list":["post-8996","page","type-page","status-publish","hentry"],"post_mailing_queue_ids":[],"_links":{"self":[{"href":"https:\/\/serveiseducatius.xtec.cat\/cda-barcelona\/wp-json\/wp\/v2\/pages\/8996","targetHints":{"allow":["GET"]}}],"collection":[{"href":"https:\/\/serveiseducatius.xtec.cat\/cda-barcelona\/wp-json\/wp\/v2\/pages"}],"about":[{"href":"https:\/\/serveiseducatius.xtec.cat\/cda-barcelona\/wp-json\/wp\/v2\/types\/page"}],"author":[{"embeddable":true,"href":"https:\/\/serveiseducatius.xtec.cat\/cda-barcelona\/wp-json\/wp\/v2\/users\/1"}],"replies":[{"embeddable":true,"href":"https:\/\/serveiseducatius.xtec.cat\/cda-barcelona\/wp-json\/wp\/v2\/comments?post=8996"}],"version-history":[{"count":3,"href":"https:\/\/serveiseducatius.xtec.cat\/cda-barcelona\/wp-json\/wp\/v2\/pages\/8996\/revisions"}],"predecessor-version":[{"id":9022,"href":"https:\/\/serveiseducatius.xtec.cat\/cda-barcelona\/wp-json\/wp\/v2\/pages\/8996\/revisions\/9022"}],"up":[{"embeddable":true,"href":"https:\/\/serveiseducatius.xtec.cat\/cda-barcelona\/wp-json\/wp\/v2\/pages\/359"}],"wp:attachment":[{"href":"https:\/\/serveiseducatius.xtec.cat\/cda-barcelona\/wp-json\/wp\/v2\/media?parent=8996"}],"curies":[{"name":"wp","href":"https:\/\/api.w.org\/{rel}","templated":true}]}}