{"id":8944,"date":"2019-10-22T11:32:41","date_gmt":"2019-10-22T09:32:41","guid":{"rendered":"https:\/\/serveiseducatius.xtec.cat\/cda-barcelona\/?page_id=8944"},"modified":"2019-10-22T12:22:08","modified_gmt":"2019-10-22T10:22:08","slug":"el-quadrat-dor-modernisme-al-passeig-de-gracia","status":"publish","type":"page","link":"https:\/\/serveiseducatius.xtec.cat\/cda-barcelona\/el-quadrat-dor-modernisme-al-passeig-de-gracia\/","title":{"rendered":"El Quadrat d&#8217;Or: modernisme al Passeig de Gr\u00e0cia"},"content":{"rendered":"<table style=\"width: 600px;\" border=\"0\">\n<tbody>\n<tr>\n<td>\n<table border=\"0\">\n<tbody>\n<tr>\n<td>\n<h4>CODI: MOD08<\/h4>\n<\/td>\n<\/tr>\n<\/tbody>\n<\/table>\n<p><i>Educaci\u00f3 Secund\u00e0ria i Batxillerat<\/i><\/td>\n<\/tr>\n<tr>\n<td>Un itinerari per la zona compresa entre el Pg. de Gr\u00e0cia i el Pg. de Sant Joan servir\u00e0 per observar i analitzar l&#8217;arquitectura modernista.<\/td>\n<\/tr>\n<tr>\n<td>\n<h3>\u00c0REES DE CONEIXEMENT<\/h3>\n<\/td>\n<\/tr>\n<tr>\n<td bgcolor=\"#efefef\">\n<ul>\n<li>Ci\u00e8ncies socials<\/li>\n<li>Educaci\u00f3 visual i pl\u00e0stica<\/li>\n<li>Tecnologia<\/li>\n<\/ul>\n<\/td>\n<\/tr>\n<tr>\n<td>\n<h3>COMPET\u00c8NCIES<\/h3>\n<\/td>\n<\/tr>\n<tr>\n<td bgcolor=\"#efefef\">\n<ul>\n<li>Comunicativa lig\u00fc\u00edstica i audiovisual<\/li>\n<li>Art\u00edstica i cultural<\/li>\n<li>Autonomia i iniciativa personal<\/li>\n<li>Coneixement i interacci\u00f3 amb el m\u00f3n f\u00edsic<\/li>\n<li>Social i ciutadana<\/li>\n<\/ul>\n<\/td>\n<\/tr>\n<tr>\n<td>\n<h3>OBJECTIUS<\/h3>\n<\/td>\n<\/tr>\n<tr>\n<td bgcolor=\"#efefef\">\n<ul>\n<li>Recon\u00e8ixer i identificar alguns dels edificis modernistes d&#8217;aquesta zona de la ciutat, aixi com els arquitectes principals.<\/li>\n<li>Localitzar aquests edificis al pl\u00e0nol.<\/li>\n<li>Descobrir les caracter\u00edstiques principals del modernisme.<\/li>\n<li>Contextualitzar el modernisme al seu moment hist\u00f2ric.<\/li>\n<\/ul>\n<\/td>\n<\/tr>\n<tr>\n<td>\n<h3>LLOC<\/h3>\n<\/td>\n<\/tr>\n<tr>\n<td bgcolor=\"#efefef\">\n<ul>\n<li>Dreta de l&#8217;Eixample (\u00e0rea compresa entre C\/Girona, Pg. de Gr\u00e0cia, Diagonal i C\/ Consell de Cent.<\/li>\n<\/ul>\n<\/td>\n<\/tr>\n<tr>\n<td>\n<h3>DURADA<\/h3>\n<\/td>\n<\/tr>\n<tr>\n<td bgcolor=\"#efefef\">\n<ul>\n<li>2,5 hores<\/li>\n<\/ul>\n<\/td>\n<\/tr>\n<tr>\n<td>\n<h3>DESPESA<\/h3>\n<\/td>\n<\/tr>\n<tr>\n<td bgcolor=\"#efefef\">\n<ul>\n<li>Despla\u00e7aments del centre fins el punt de trobada.<\/li>\n<li><a href=\"https:\/\/serveiseducatius.xtec.cat\/cda-barcelona\/inscripcio\/\">Preu p\u00fablic<\/a> d&#8217;activitats ensenyament-aprenentatge (Dep. d&#8217;Educaci\u00f3).<\/li>\n<\/ul>\n<\/td>\n<\/tr>\n<tr>\n<td>\n<h3>NOMBRE M\u00c0XIM D&#8217;ALUMNES<\/h3>\n<\/td>\n<\/tr>\n<tr>\n<td bgcolor=\"#efefef\">\n<ul>\n<li>45 alumnes \/ 2 grups classe<\/li>\n<\/ul>\n<\/td>\n<\/tr>\n<tr>\n<td>\n<h3>OBSERVACIONS<\/h3>\n<\/td>\n<\/tr>\n<tr>\n<td bgcolor=\"#efefef\">\n<ul>\n<li>Punt de trobada: s&#8217;ha de pactar entre el centre i el Camp d&#8217;Aprenentatge de Barcelona.<\/li>\n<\/ul>\n<\/td>\n<\/tr>\n<\/tbody>\n<\/table>\n<table style=\"width: 601px;\" border=\"0\">\n<tbody>\n<tr>\n<td style=\"width: 595px;\"><strong>RECURSOS DID\u00c0CTICS<\/strong><\/td>\n<\/tr>\n<tr>\n<td style=\"background-color: #efefef; width: 595px;\" bgcolor=\"#efefef\"><img loading=\"lazy\" decoding=\"async\" src=\"http:\/\/blocs.xtec.cat\/cdabarcelona\/files\/2014\/02\/icon_quadern.gif\" alt=\"icon_quadern\" width=\"32\" height=\"32\" \/><strong>Quadern de treball<\/strong><\/p>\n<ul>\n<li>L\u00e0mina primer cicle d&#8217;ESO: <a href=\"https:\/\/drive.google.com\/open?id=1TTwCDnXNcKG7wrEAquhRvIoruDdcqwB5\">&#8220;Modernisme al Passeig de Gr\u00e0cia&#8221;<\/a><\/li>\n<li>Fitxa primer cicle d&#8217;ESO: <a href=\"https:\/\/drive.google.com\/open?id=1oqajcyITvjs44shPEAT-rA2kdou-s12b\">&#8220;Activitat d&#8217;observaci\u00f3 i comparaci\u00f3: Modernisme&#8221;<\/a><\/li>\n<li>Quadern d&#8217;ESO per a estades: <a href=\"https:\/\/drive.google.com\/open?id=1ube9Vzyvoi6XfgbTi_CWIAhrZAuSvBgs\" target=\"_blank\" rel=\"noopener noreferrer\">&#8220;El Quadrat d&#8217;Or&#8221;<\/a><\/li>\n<\/ul>\n<p>&#8212;&#8212;&#8212;&#8212;&#8212;&#8212;&#8212;&#8212;&#8212;&#8212;&#8212;&#8212;&#8212;&#8212;&#8212;&#8212;&#8212;&#8212;&#8212;&#8212;&#8212;&#8212;&#8212;&#8212;&#8212;&#8212;&#8212;&#8212;&#8212;&#8212;&#8212;&#8212;&#8212;&#8212;&#8212;&#8212;&#8212;&#8212;&#8212;&#8212;&#8212;<\/p>\n<ul>\n<li>Fitxa d&#8217;ESO \/ Batxillerat: <a href=\"https:\/\/drive.google.com\/open?id=1qVen6UnRylcMvmtelJJp46re8Z3mdisf\">&#8220;Observaci\u00f3 d&#8217;un edifici modernista&#8221;<\/a><\/li>\n<li>Quadern d&#8217;ESO \/ Batxillerat per a sortides: <a href=\"https:\/\/drive.google.com\/open?id=1iDuReIvh75VIJvqkPo5wTtb8M9R7WJ9m\">&#8220;El Quadrat d&#8217;Or&#8221;<\/a><\/li>\n<li>Material complementari:\n<ul>\n<li><a href=\"https:\/\/drive.google.com\/open?id=1gflj0jeNvd97dBSoEfkohLWO-CgGlofi\" target=\"_blank\" rel=\"noopener noreferrer\">Caracter\u00edstiques arquitect\u00f2niques de l&#8217;estil modernista<\/a><\/li>\n<li><a href=\"https:\/\/drive.google.com\/open?id=1PcuTVdm7KgDqVe2NrqQ46WkUh76NwNEL\">Imatges del Quadrat d&#8217;Or: Passeig de Gr\u00e0cia<\/a><\/li>\n<\/ul>\n<\/li>\n<\/ul>\n<\/td>\n<\/tr>\n<tr>\n<td style=\"background-color: #efefef; width: 595px;\" bgcolor=\"efefef\"><img loading=\"lazy\" decoding=\"async\" src=\"http:\/\/blocs.xtec.cat\/cdabarcelona\/files\/2014\/02\/icon_tac1.gif\" alt=\"icon_tac\" width=\"32\" height=\"33\" \/><strong>Activitats TAC \/ enlla\u00e7os web<\/strong><\/p>\n<ul>\n<li>Presentaci\u00f3:\u00a0<a href=\"http:\/\/www.slideshare.net\/cdabcn\/guia-dobservaci-dedificis-presentation\" target=\"_blank\" rel=\"noopener noreferrer\">&#8220;Guia d&#8217;observaci\u00f3 d&#8217;edificis&#8221;<\/a><\/li>\n<li>Presentaci\u00f3: <a href=\"http:\/\/www.xtec.net\/cda-barcelona\/mat_didactics\/modernisme_eixample.pps\" target=\"_blank\" rel=\"noopener noreferrer\">\u201cModernisme a l&#8217;Eixample\u201d<\/a><\/li>\n<li>Presentaci\u00f3:\u00a0<a href=\"http:\/\/www.slideshare.net\/cdabcn\/la-manana-de-la-discrdia-barcelona\" target=\"_blank\" rel=\"noopener noreferrer\">&#8220;La mansana de la disc\u00f2rdia&#8221;<\/a><\/li>\n<li>WebQuest:\u00a0<a href=\"http:\/\/www.phpwebquest.org\/catala\/webquest\/soporte_horizontal_w.php?id_actividad=235&amp;id_pagina=1\" target=\"_blank\" rel=\"noopener noreferrer\">&#8220;Barcelona, la ciutat Modernista&#8221;<\/a><\/li>\n<\/ul>\n<\/td>\n<\/tr>\n<tr>\n<td style=\"background-color: #efefef; width: 595px;\" bgcolor=\"#efefef\"><img loading=\"lazy\" decoding=\"async\" src=\"http:\/\/blocs.xtec.cat\/cdabarcelona\/files\/2014\/02\/icon_video.gif\" alt=\"icon_video\" width=\"32\" height=\"33\" \/><strong>\u00c0udio \/ v\u00eddeo<\/strong><\/p>\n<ul>\n<li>V\u00eddeo: Sense Ficci\u00f3 (TV3)\u00a0<a href=\"http:\/\/www.tv3.cat\/3alacarta\/#\/videos\/4354050\" target=\"_blank\" rel=\"noopener noreferrer\">\u201cModernisme, una hist\u00f2ria de destrucci\u00f3\u201d\u00a0<\/a>(38:58 min)<\/li>\n<li>V\u00eddeo:\u00a0<a href=\"http:\/\/www.dailymotion.com\/video\/x6wplk_el-quadrat-dor-1990_lifestyle\" target=\"_blank\" rel=\"noopener noreferrer\">&#8220;El Quadrat d&#8217;Or. Homenatge a un espai urb\u00e0&#8221;<\/a>\u00a0(8:52 min)<\/li>\n<li>V\u00eddeo: Qu\u00e8quicom (TV3):\u00a0<a href=\"http:\/\/blogs.tv3.cat\/quequicom.php?itemid=32226\" target=\"_blank\" rel=\"noopener noreferrer\">&#8220;Gaud\u00ed i les formes&#8221;\u00a0<\/a>(25:14 min)<\/li>\n<li>V\u00eddeo PatrimoniTV:\u00a0<a href=\"https:\/\/vimeo.com\/channels\/patrimonitv\/13483437\" target=\"_blank\" rel=\"noopener noreferrer\">Casa Mil\u00e0, La Pedrera\u00a0<\/a>(5 min)<\/li>\n<\/ul>\n<\/td>\n<\/tr>\n<tr>\n<td style=\"background-color: #efefef; width: 595px;\" bgcolor=\"#efefef\"><img loading=\"lazy\" decoding=\"async\" src=\"http:\/\/blocs.xtec.cat\/cdabarcelona\/files\/2014\/02\/icon_gmaps.gif\" alt=\"icon_gmaps\" width=\"32\" height=\"32\" \/><strong>Pl\u00e0nols<\/strong><\/p>\n<ul>\n<li><a href=\"http:\/\/goo.gl\/maps\/spxL0\" target=\"_blank\" rel=\"noopener noreferrer\">Punts d&#8217;inter\u00e8s<\/a>\u00a0del recorregut (Google Maps).<\/li>\n<li>Mapa de <a href=\"https:\/\/www.google.com\/maps\/place\/Dreta+de+l'Eixample,+Barcelona\/@41.3940601,2.1500164,14z\/data=!3m1!4b1!4m5!3m4!1s0x12a4a2ec28d79aff:0x2600fae14082f092!8m2!3d41.3991535!4d2.1699272\">Dreta de l&#8217;Eixample<\/a><\/li>\n<\/ul>\n<\/td>\n<\/tr>\n<\/tbody>\n<\/table>\n<p style=\"text-align: right;\"><a href=\"https:\/\/serveiseducatius.xtec.cat\/cda-barcelona\/ambits\/totes-les-activitats\/\"><strong>&lt;\u00a0<\/strong><em>Torna a totes les activitats<\/em><\/a><\/p>\n","protected":false},"excerpt":{"rendered":"<p>CODI: MOD08 Educaci\u00f3 Secund\u00e0ria i Batxillerat Un itinerari per la zona compresa entre el Pg. de Gr\u00e0cia i el Pg. de Sant Joan servir\u00e0 per observar i analitzar l&#8217;arquitectura modernista. \u00c0REES DE CONEIXEMENT Ci\u00e8ncies socials Educaci\u00f3 visual i pl\u00e0stica Tecnologia COMPET\u00c8NCIES Comunicativa lig\u00fc\u00edstica i audiovisual Art\u00edstica i cultural Autonomia i iniciativa personal Coneixement i interacci\u00f3 [&hellip;]<\/p>\n","protected":false},"author":1,"featured_media":0,"parent":0,"menu_order":0,"comment_status":"closed","ping_status":"closed","template":"","meta":{"_bbp_topic_count":0,"_bbp_reply_count":0,"_bbp_total_topic_count":0,"_bbp_total_reply_count":0,"_bbp_voice_count":0,"_bbp_anonymous_reply_count":0,"_bbp_topic_count_hidden":0,"_bbp_reply_count_hidden":0,"_bbp_forum_subforum_count":0,"site-sidebar-layout":"default","site-content-layout":"","ast-site-content-layout":"","site-content-style":"default","site-sidebar-style":"default","ast-global-header-display":"","ast-banner-title-visibility":"","ast-main-header-display":"","ast-hfb-above-header-display":"","ast-hfb-below-header-display":"","ast-hfb-mobile-header-display":"","site-post-title":"","ast-breadcrumbs-content":"","ast-featured-img":"","footer-sml-layout":"","theme-transparent-header-meta":"","adv-header-id-meta":"","stick-header-meta":"","header-above-stick-meta":"","header-main-stick-meta":"","header-below-stick-meta":"","astra-migrate-meta-layouts":"default","ast-page-background-enabled":"default","ast-page-background-meta":{"desktop":{"background-color":"var(--ast-global-color-4)","background-image":"","background-repeat":"repeat","background-position":"center center","background-size":"auto","background-attachment":"scroll","background-type":"","background-media":"","overlay-type":"","overlay-color":"","overlay-opacity":"","overlay-gradient":""},"tablet":{"background-color":"","background-image":"","background-repeat":"repeat","background-position":"center center","background-size":"auto","background-attachment":"scroll","background-type":"","background-media":"","overlay-type":"","overlay-color":"","overlay-opacity":"","overlay-gradient":""},"mobile":{"background-color":"","background-image":"","background-repeat":"repeat","background-position":"center center","background-size":"auto","background-attachment":"scroll","background-type":"","background-media":"","overlay-type":"","overlay-color":"","overlay-opacity":"","overlay-gradient":""}},"ast-content-background-meta":{"desktop":{"background-color":"var(--ast-global-color-5)","background-image":"","background-repeat":"repeat","background-position":"center center","background-size":"auto","background-attachment":"scroll","background-type":"","background-media":"","overlay-type":"","overlay-color":"","overlay-opacity":"","overlay-gradient":""},"tablet":{"background-color":"var(--ast-global-color-5)","background-image":"","background-repeat":"repeat","background-position":"center center","background-size":"auto","background-attachment":"scroll","background-type":"","background-media":"","overlay-type":"","overlay-color":"","overlay-opacity":"","overlay-gradient":""},"mobile":{"background-color":"var(--ast-global-color-5)","background-image":"","background-repeat":"repeat","background-position":"center center","background-size":"auto","background-attachment":"scroll","background-type":"","background-media":"","overlay-type":"","overlay-color":"","overlay-opacity":"","overlay-gradient":""}},"footnotes":""},"class_list":["post-8944","page","type-page","status-publish","hentry"],"post_mailing_queue_ids":[],"_links":{"self":[{"href":"https:\/\/serveiseducatius.xtec.cat\/cda-barcelona\/wp-json\/wp\/v2\/pages\/8944","targetHints":{"allow":["GET"]}}],"collection":[{"href":"https:\/\/serveiseducatius.xtec.cat\/cda-barcelona\/wp-json\/wp\/v2\/pages"}],"about":[{"href":"https:\/\/serveiseducatius.xtec.cat\/cda-barcelona\/wp-json\/wp\/v2\/types\/page"}],"author":[{"embeddable":true,"href":"https:\/\/serveiseducatius.xtec.cat\/cda-barcelona\/wp-json\/wp\/v2\/users\/1"}],"replies":[{"embeddable":true,"href":"https:\/\/serveiseducatius.xtec.cat\/cda-barcelona\/wp-json\/wp\/v2\/comments?post=8944"}],"version-history":[{"count":3,"href":"https:\/\/serveiseducatius.xtec.cat\/cda-barcelona\/wp-json\/wp\/v2\/pages\/8944\/revisions"}],"predecessor-version":[{"id":8954,"href":"https:\/\/serveiseducatius.xtec.cat\/cda-barcelona\/wp-json\/wp\/v2\/pages\/8944\/revisions\/8954"}],"wp:attachment":[{"href":"https:\/\/serveiseducatius.xtec.cat\/cda-barcelona\/wp-json\/wp\/v2\/media?parent=8944"}],"curies":[{"name":"wp","href":"https:\/\/api.w.org\/{rel}","templated":true}]}}