{"id":8916,"date":"2019-10-22T10:42:39","date_gmt":"2019-10-22T08:42:39","guid":{"rendered":"https:\/\/serveiseducatius.xtec.cat\/cda-barcelona\/?page_id=8916"},"modified":"2022-10-02T10:43:33","modified_gmt":"2022-10-02T08:43:33","slug":"teatre-de-la-discordia","status":"publish","type":"page","link":"https:\/\/serveiseducatius.xtec.cat\/cda-barcelona\/teatre-de-la-discordia\/","title":{"rendered":"Teatre de la disc\u00f2rdia"},"content":{"rendered":"<table style=\"width: 620px; height: 1221px;\" border=\"0\">\n<tbody>\n<tr style=\"height: 114px;\">\n<td style=\"width: 617.333px; height: 93px;\">\n<h4><strong>CODI: MOD06<\/strong><\/h4>\n<p><i>Educaci\u00f3 Prim\u00e0ria<\/i><\/td>\n<\/tr>\n<tr style=\"height: 106px;\">\n<td style=\"width: 617.333px; height: 106px;\">Fem un recorregut per algunes de les obres modernistes m\u00e9s importants del Pg. de Gr\u00e0cia (<i><a href=\"www.lapedreraeducacio.org\">La Pedrera<\/a>\u00a0i la\u00a0<\/i><a href=\"http:\/\/rutadelmodernisme.com\/default.aspx?idioma=ca&amp;contenido=body_rutamodernisme_03.htm\"><i>Mansana<\/i>\u00a0de la Disc\u00f2rdia<\/a>). Per les sortides, l&#8217;itinerari es far\u00e0 a partir de la lectura d&#8217;un gui\u00f3 dramatitzat (preparat pr\u00e8viament al centre) amb el qual l&#8217;alumnat representar\u00e0 els diferents personatges relacionats (propietaris, arquitectes, ciutadans).L&#8217;activitat es complementa amb un taller relacionat amb l&#8217;aplicaci\u00f3 d&#8217;una t\u00e8cnica modernista: <a href=\"https:\/\/serveiseducatius.xtec.cat\/cda-barcelona\/taller-fem-un-trencadis\/\"><strong>&#8220;MOD05<\/strong> Taller: fem un trencad\u00eds&#8221;<\/a>.<\/td>\n<\/tr>\n<tr style=\"height: 110px;\">\n<td style=\"width: 617.333px; height: 70px;\">\n<h3>\u00c0REES DE CONEIXEMENT<\/h3>\n<\/td>\n<\/tr>\n<tr style=\"height: 55px;\">\n<td style=\"width: 617.333px; height: 55px;\" bgcolor=\"#f3f5f2\">\n<ul>\n<li>Coneixement del medi natural, social i cultural<\/li>\n<\/ul>\n<\/td>\n<\/tr>\n<tr style=\"height: 65px;\">\n<td style=\"width: 617.333px; height: 65px;\">\n<h3>COMPET\u00c8NCIES<\/h3>\n<\/td>\n<\/tr>\n<tr style=\"height: 77px;\">\n<td style=\"width: 617.333px; height: 77px;\" bgcolor=\"#f3f5f2\">\n<ul>\n<li>Coneixement del medi natural, social i cultural<\/li>\n<li>Educaci\u00f3 art\u00edstica<\/li>\n<\/ul>\n<\/td>\n<\/tr>\n<tr style=\"height: 65px;\">\n<td style=\"width: 617.333px; height: 65px;\">\n<h3>OBJECTIUS<\/h3>\n<\/td>\n<\/tr>\n<tr style=\"height: 121px;\">\n<td style=\"width: 617.333px; height: 121px;\" bgcolor=\"#f3f5f2\">\n<ul>\n<li>Con\u00e8ixer alguns edificis modernistes de la ciutat<\/li>\n<li>Reconeixer i identificar alguns elements propis del modernisme.<\/li>\n<li>Copsar algunes de les caracter\u00edstiques de la vida q\u00fcotidiana de l&#8217;\u00e8poca.<\/li>\n<li>Aplicar algunes de les t\u00e8cniques vistes a la realitzaci\u00f3 d&#8217;un treball pl\u00e0stic (trencad\u00eds o vitrall).<\/li>\n<\/ul>\n<\/td>\n<\/tr>\n<tr style=\"height: 65px;\">\n<td style=\"width: 617.333px; height: 65px;\">\n<h3>LLOC<\/h3>\n<\/td>\n<\/tr>\n<tr style=\"height: 77px;\">\n<td style=\"width: 617.333px; height: 77px;\" bgcolor=\"#f3f5f2\">\n<ul>\n<li>Passeig de Gr\u00e0cia (entre C\/ Proven\u00e7a i C\/ Consell de Cent)<\/li>\n<li>CdA Barcelona (taller tarda) <a href=\"https:\/\/serveiseducatius.xtec.cat\/cda-barcelona\/taller-fem-un-trencadis\/\">&#8220;<strong>MOD05<\/strong> Taller: fem un trencad\u00eds&#8221;<\/a><\/li>\n<\/ul>\n<\/td>\n<\/tr>\n<tr style=\"height: 65px;\">\n<td style=\"width: 617.333px; height: 65px;\">\n<h3>DURADA<\/h3>\n<\/td>\n<\/tr>\n<tr style=\"height: 77px;\">\n<td style=\"width: 617.333px; height: 77px;\" bgcolor=\"#f3f5f2\">\n<ul>\n<li>2 h mat\u00ed (recorregut mat\u00ed)<\/li>\n<li>1&#8217;5 h tarda (taller)<\/li>\n<\/ul>\n<\/td>\n<\/tr>\n<tr style=\"height: 65px;\">\n<td style=\"width: 617.333px; height: 65px;\">\n<h3>DESPESA<\/h3>\n<\/td>\n<\/tr>\n<tr style=\"height: 77px;\">\n<td style=\"width: 617.333px; height: 77px;\" bgcolor=\"#f3f5f2\">\n<ul>\n<li>Despla\u00e7aments del centre fins el punt de trobada.<\/li>\n<li><a href=\"https:\/\/serveiseducatius.xtec.cat\/cda-barcelona\/inscripcio\/\">Preu p\u00fablic<\/a> d&#8217;activitats ensenyament-aprenentatge (Dep. d&#8217;Educaci\u00f3).<\/li>\n<\/ul>\n<\/td>\n<\/tr>\n<tr style=\"height: 189px;\">\n<td style=\"width: 617.333px; height: 133px;\">\n<h3>OBSERVACIONS<\/h3>\n<ul>\n<li>Per a aquesta sortida \u00e9s complement\u00e0ria la seg\u00fcent activitat: <a href=\"https:\/\/serveiseducatius.xtec.cat\/cda-barcelona\/taller-fem-un-trencadis\/\"><strong>&#8220;MOD05<\/strong> Taller: fem un trencad\u00eds&#8221;<\/a><\/li>\n<li>* El taller est\u00e0 incl\u00f2s al preu p\u00fablic abonat (no t\u00e9 sobrecost).<\/li>\n<\/ul>\n<\/td>\n<\/tr>\n<tr style=\"height: 639px;\">\n<td style=\"width: 617.333px; height: 10px;\" bgcolor=\"#f3f5f2\">\n<h3 style=\"background-color: #ffffff;\">NOMBRE M\u00c0XIM D&#8217;ALUMNES<\/h3>\n<ul>\n<li>45 alumnes\/ 2 grups classe<\/li>\n<\/ul>\n<\/td>\n<\/tr>\n<\/tbody>\n<\/table>\n<table style=\"width: 618px; height: 698px;\" border=\"0\">\n<tbody>\n<tr style=\"height: 32px;\">\n<td style=\"width: 612px; height: 32px;\"><strong>RECURSOS DID\u00c0CTICS<\/strong><\/td>\n<\/tr>\n<tr style=\"height: 177px;\">\n<td style=\"background-color: #efefef; width: 612px; height: 177px;\" bgcolor=\"#efefef\"><img loading=\"lazy\" decoding=\"async\" src=\"http:\/\/blocs.xtec.cat\/cdabarcelona\/files\/2014\/02\/icon_quadern.gif\" alt=\"icon_quadern\" width=\"32\" height=\"32\" \/><strong>Quadern de treball<\/strong><\/p>\n<ul>\n<li>Gui\u00f3 dramatitzat: <a href=\"https:\/\/drive.google.com\/file\/d\/1dTycc8geTQT2vyg4iJiS1xyCf04EqOul\/view?usp=sharing\">&#8220;Teatre de la disc\u00f2rdia&#8221;<\/a><\/li>\n<li>Els personatges: <a href=\"https:\/\/drive.google.com\/open?id=0B39r3o1iVrZ4ZGRyN1FubHZMWG8\">&#8220;Personatges del teatre de la disc\u00f2rdia&#8221;<\/a><\/li>\n<li>L\u00e0mina: <a href=\"https:\/\/drive.google.com\/open?id=1BhOsnnebQOjQXREZVuXmwohHBlt_vaUs\" target=\"_blank\" rel=\"noopener noreferrer\">&#8220;Modernisme al Passeig de Gr\u00e0cia&#8221;<\/a><\/li>\n<li>Fitxa: <a href=\"https:\/\/drive.google.com\/file\/d\/1gflj0jeNvd97dBSoEfkohLWO-CgGlofi\/view?usp=sharing\">&#8220;Caracter\u00edstiques del Modernisme&#8221;<\/a><\/li>\n<\/ul>\n<\/td>\n<\/tr>\n<tr style=\"height: 200px;\">\n<td style=\"background-color: #efefef; width: 612px; height: 200px;\" bgcolor=\"efefef\"><img loading=\"lazy\" decoding=\"async\" src=\"http:\/\/blocs.xtec.cat\/cdabarcelona\/files\/2014\/02\/icon_tac1.gif\" alt=\"icon_tac\" width=\"32\" height=\"33\" \/><strong>Activitats TAC \/ enlla\u00e7os web<\/strong><\/p>\n<ul>\n<li>Presentaci\u00f3:\u00a0<a href=\"https:\/\/drive.google.com\/open?id=1xl4L7BibruAS6OuO9GAyoD_dnzwn7wNa\" target=\"_blank\" rel=\"noopener noreferrer\">\u201cModernisme a l&#8217;Eixample\u201d<\/a><\/li>\n<li>Presentaci\u00f3: &#8220;<a href=\"http:\/\/www.slideshare.net\/cdabcn\/la-manana-de-la-discrdia-barcelona\" target=\"_blank\" rel=\"noopener noreferrer\">La mansana de la disc\u00f2rdia&#8221;<\/a><\/li>\n<li>La paret de les auques: <a href=\"http:\/\/www.xtec.cat\/centres\/a8033924\/auques\/gaudi\/gaudi1.htm\" target=\"_blank\" rel=\"noopener noreferrer\">&#8220;Auca d&#8217;en Gaud\u00ed&#8221;<\/a><\/li>\n<li>JClic: <a href=\"https:\/\/clic.xtec.cat\/projects\/gaudi\/jclic.js\/index.html\" target=\"_blank\" rel=\"noopener noreferrer\">&#8220;Gaud\u00ed i les seves obres&#8221;<\/a><\/li>\n<li>Web de la casa MIl\u00e0 &#8220;La Pedrera&#8221;: <a href=\"https:\/\/www.lapedrera.com\/ca\">https:\/\/www.lapedrera.com\/ca<\/a><\/li>\n<\/ul>\n<\/td>\n<\/tr>\n<tr style=\"height: 178px;\">\n<td style=\"background-color: #efefef; width: 612px; height: 178px;\" bgcolor=\"#efefef\"><img loading=\"lazy\" decoding=\"async\" src=\"http:\/\/blocs.xtec.cat\/cdabarcelona\/files\/2014\/02\/icon_video.gif\" alt=\"icon_video\" width=\"32\" height=\"33\" \/><strong>\u00c0udio \/ v\u00eddeo<\/strong><\/p>\n<ul>\n<li>V\u00eddeo: Sense Ficci\u00f3 (TV3)\u00a0<a href=\"http:\/\/www.tv3.cat\/3alacarta\/#\/videos\/4354050\" target=\"_blank\" rel=\"noopener noreferrer\">\u201cModernisme, una hist\u00f2ria de destrucci\u00f3\u201d\u00a0<\/a>(38:58 min)<\/li>\n<li>V\u00eddeo:\u00a0<a href=\"http:\/\/www.dailymotion.com\/video\/x6wplk_el-quadrat-dor-1990_lifestyle\" target=\"_blank\" rel=\"noopener noreferrer\">\u201cEl Quadrat d\u2019Or. Homenatge a un espai urb\u00e0\u201d<\/a>\u00a0(8:52 min)<\/li>\n<li>V\u00eddeo: Qu\u00e8quicom (TV3):\u00a0<a href=\"http:\/\/blogs.tv3.cat\/quequicom.php?itemid=32226\" target=\"_blank\" rel=\"noopener noreferrer\">\u201cGaud\u00ed i les formes\u201d\u00a0<\/a>(25:14 min)<\/li>\n<li>V\u00eddeo: <a href=\"https:\/\/www.facebook.com\/casabatllo\/videos\/1018827374805250\/\">&#8220;Casa Batll\u00f3 animada&#8221;<\/a> (2:34 min)<\/li>\n<\/ul>\n<\/td>\n<\/tr>\n<tr style=\"height: 111px;\">\n<td style=\"background-color: #efefef; width: 612px; height: 111px;\" bgcolor=\"#efefef\"><img loading=\"lazy\" decoding=\"async\" src=\"http:\/\/blocs.xtec.cat\/cdabarcelona\/files\/2014\/02\/icon_gmaps.gif\" alt=\"icon_gmaps\" width=\"32\" height=\"32\" \/><strong>Pl\u00e0nols<\/strong><\/p>\n<ul>\n<li>Eixample:\u00a0<a href=\"http:\/\/maps.google.es\/maps\/ms?ie=UTF8&amp;hl=ca&amp;msa=0&amp;msid=117156472120889639750.0004752da8dbdfb4e9f08&amp;ll=41.394099,2.166817&amp;spn=0.011268,0.019119&amp;t=h&amp;z=16\">alguns edificis modernistes.<\/a><\/li>\n<\/ul>\n<\/td>\n<\/tr>\n<\/tbody>\n<\/table>\n<p style=\"text-align: right;\"><a href=\"https:\/\/serveiseducatius.xtec.cat\/cda-barcelona\/ambits\/totes-les-activitats\/\"><strong>&lt;\u00a0<\/strong><em>Torna a totes les activitats<\/em><\/a><\/p>\n","protected":false},"excerpt":{"rendered":"<p>CODI: MOD06 Educaci\u00f3 Prim\u00e0ria Fem un recorregut per algunes de les obres modernistes m\u00e9s importants del Pg. de Gr\u00e0cia (La Pedrera\u00a0i la\u00a0Mansana\u00a0de la Disc\u00f2rdia). Per les sortides, l&#8217;itinerari es far\u00e0 a partir de la lectura d&#8217;un gui\u00f3 dramatitzat (preparat pr\u00e8viament al centre) amb el qual l&#8217;alumnat representar\u00e0 els diferents personatges relacionats (propietaris, arquitectes, ciutadans).L&#8217;activitat es [&hellip;]<\/p>\n","protected":false},"author":1,"featured_media":0,"parent":0,"menu_order":0,"comment_status":"closed","ping_status":"closed","template":"","meta":{"_bbp_topic_count":0,"_bbp_reply_count":0,"_bbp_total_topic_count":0,"_bbp_total_reply_count":0,"_bbp_voice_count":0,"_bbp_anonymous_reply_count":0,"_bbp_topic_count_hidden":0,"_bbp_reply_count_hidden":0,"_bbp_forum_subforum_count":0,"site-sidebar-layout":"default","site-content-layout":"","ast-site-content-layout":"","site-content-style":"default","site-sidebar-style":"default","ast-global-header-display":"","ast-banner-title-visibility":"","ast-main-header-display":"","ast-hfb-above-header-display":"","ast-hfb-below-header-display":"","ast-hfb-mobile-header-display":"","site-post-title":"","ast-breadcrumbs-content":"","ast-featured-img":"","footer-sml-layout":"","theme-transparent-header-meta":"","adv-header-id-meta":"","stick-header-meta":"","header-above-stick-meta":"","header-main-stick-meta":"","header-below-stick-meta":"","astra-migrate-meta-layouts":"default","ast-page-background-enabled":"default","ast-page-background-meta":{"desktop":{"background-color":"var(--ast-global-color-4)","background-image":"","background-repeat":"repeat","background-position":"center center","background-size":"auto","background-attachment":"scroll","background-type":"","background-media":"","overlay-type":"","overlay-color":"","overlay-opacity":"","overlay-gradient":""},"tablet":{"background-color":"","background-image":"","background-repeat":"repeat","background-position":"center center","background-size":"auto","background-attachment":"scroll","background-type":"","background-media":"","overlay-type":"","overlay-color":"","overlay-opacity":"","overlay-gradient":""},"mobile":{"background-color":"","background-image":"","background-repeat":"repeat","background-position":"center center","background-size":"auto","background-attachment":"scroll","background-type":"","background-media":"","overlay-type":"","overlay-color":"","overlay-opacity":"","overlay-gradient":""}},"ast-content-background-meta":{"desktop":{"background-color":"var(--ast-global-color-5)","background-image":"","background-repeat":"repeat","background-position":"center center","background-size":"auto","background-attachment":"scroll","background-type":"","background-media":"","overlay-type":"","overlay-color":"","overlay-opacity":"","overlay-gradient":""},"tablet":{"background-color":"var(--ast-global-color-5)","background-image":"","background-repeat":"repeat","background-position":"center center","background-size":"auto","background-attachment":"scroll","background-type":"","background-media":"","overlay-type":"","overlay-color":"","overlay-opacity":"","overlay-gradient":""},"mobile":{"background-color":"var(--ast-global-color-5)","background-image":"","background-repeat":"repeat","background-position":"center center","background-size":"auto","background-attachment":"scroll","background-type":"","background-media":"","overlay-type":"","overlay-color":"","overlay-opacity":"","overlay-gradient":""}},"footnotes":""},"class_list":["post-8916","page","type-page","status-publish","hentry"],"post_mailing_queue_ids":[],"_links":{"self":[{"href":"https:\/\/serveiseducatius.xtec.cat\/cda-barcelona\/wp-json\/wp\/v2\/pages\/8916","targetHints":{"allow":["GET"]}}],"collection":[{"href":"https:\/\/serveiseducatius.xtec.cat\/cda-barcelona\/wp-json\/wp\/v2\/pages"}],"about":[{"href":"https:\/\/serveiseducatius.xtec.cat\/cda-barcelona\/wp-json\/wp\/v2\/types\/page"}],"author":[{"embeddable":true,"href":"https:\/\/serveiseducatius.xtec.cat\/cda-barcelona\/wp-json\/wp\/v2\/users\/1"}],"replies":[{"embeddable":true,"href":"https:\/\/serveiseducatius.xtec.cat\/cda-barcelona\/wp-json\/wp\/v2\/comments?post=8916"}],"version-history":[{"count":4,"href":"https:\/\/serveiseducatius.xtec.cat\/cda-barcelona\/wp-json\/wp\/v2\/pages\/8916\/revisions"}],"predecessor-version":[{"id":9635,"href":"https:\/\/serveiseducatius.xtec.cat\/cda-barcelona\/wp-json\/wp\/v2\/pages\/8916\/revisions\/9635"}],"wp:attachment":[{"href":"https:\/\/serveiseducatius.xtec.cat\/cda-barcelona\/wp-json\/wp\/v2\/media?parent=8916"}],"curies":[{"name":"wp","href":"https:\/\/api.w.org\/{rel}","templated":true}]}}