{"id":8889,"date":"2019-10-21T10:47:20","date_gmt":"2019-10-21T08:47:20","guid":{"rendered":"https:\/\/serveiseducatius.xtec.cat\/cda-barcelona\/?page_id=8889"},"modified":"2019-11-07T18:04:02","modified_gmt":"2019-11-07T17:04:02","slug":"taller-fem-un-trencadis","status":"publish","type":"page","link":"https:\/\/serveiseducatius.xtec.cat\/cda-barcelona\/taller-fem-un-trencadis\/","title":{"rendered":"Taller: fem un trencad\u00eds"},"content":{"rendered":"<p><strong>CODI: MOD05<\/strong><\/p>\n<table style=\"width: 593px;\" border=\"0\">\n<tbody>\n<tr>\n<td style=\"width: 587px;\"><i>Cicle Mitj\u00e0 i Superior de Prim\u00e0ria | Primer Cicle d&#8217;ESO<\/i><\/td>\n<\/tr>\n<tr>\n<td style=\"width: 587px;\">Fent servir aquesta t\u00e8cnica t\u00edpica del modernisme, per equips (de 5-6 nois i noies) es far\u00e0 un trencad\u00eds amb fragments de rajola enganxats sobre una fusta de 40&#215;40 cm.<\/td>\n<\/tr>\n<tr>\n<td style=\"width: 587px;\"><\/td>\n<\/tr>\n<tr>\n<td style=\"width: 587px;\">\n<h3>\u00c0REES DE CONEIXEMENT<\/h3>\n<\/td>\n<\/tr>\n<tr>\n<td style=\"width: 587px;\" bgcolor=\"#f3f5f2\">\n<ul>\n<li>Educaci\u00f3 art\u00edstica.<\/li>\n<li>Matem\u00e0tiques.<\/li>\n<li>Coneixement del medi natural, social i cultural.<\/li>\n<\/ul>\n<\/td>\n<\/tr>\n<tr>\n<td style=\"width: 587px;\">\n<h3>COMPET\u00c8NCIES<\/h3>\n<\/td>\n<\/tr>\n<tr>\n<td style=\"width: 587px;\" bgcolor=\"#f3f5f2\">\n<ul>\n<li>Compet\u00e8ncia comunicativa ling\u00fc\u00edstica i audiovisual<\/li>\n<li>Compet\u00e8ncies art\u00edstica i cultural<\/li>\n<li>Compet\u00e8ncia matem\u00e0tica<\/li>\n<li>Compet\u00e8ncia d&#8217;aprendre a aprendre<\/li>\n<\/ul>\n<\/td>\n<\/tr>\n<tr>\n<td style=\"width: 587px;\">\n<h3>OBJECTIUS<\/h3>\n<\/td>\n<\/tr>\n<tr>\n<td style=\"width: 587px;\" bgcolor=\"#f3f5f2\">\n<ul>\n<li>Aplicar la t\u00e8cnica del trencad\u00eds a l&#8217;elaboraci\u00f3 d&#8217;un treball pl\u00e0stic.<\/li>\n<li>Experimentar amb materials reals de construcci\u00f3.<\/li>\n<li>Dialogar i pactar per acordar l&#8217;obra a fer.<\/li>\n<li>Treballar en equip.<\/li>\n<\/ul>\n<\/td>\n<\/tr>\n<tr>\n<td style=\"width: 587px;\">\n<h3>LLOC<\/h3>\n<\/td>\n<\/tr>\n<tr>\n<td style=\"width: 587px;\" bgcolor=\"#f3f5f2\">\n<ul>\n<li>Camp d&#8217;aprenentatge de Barcelona.<\/li>\n<\/ul>\n<\/td>\n<\/tr>\n<tr>\n<td style=\"width: 587px;\">\n<h3>DURADA<\/h3>\n<\/td>\n<\/tr>\n<tr>\n<td style=\"width: 587px;\" bgcolor=\"#f3f5f2\">\n<ul>\n<li>1:30min \/ 2h<\/li>\n<\/ul>\n<\/td>\n<\/tr>\n<tr>\n<td style=\"width: 587px;\">\n<h3>DESPESA<\/h3>\n<\/td>\n<\/tr>\n<tr>\n<td style=\"width: 587px;\" bgcolor=\"#f3f5f2\">\n<ul>\n<li>Despla\u00e7aments del centre fins el punt de trobada.<\/li>\n<li><a href=\"https:\/\/serveiseducatius.xtec.cat\/cda-barcelona\/inscripcio\/\">Preu p\u00fablic<\/a> d&#8217;activitats ensenyament-aprenentatge (Dep. d&#8217;Educaci\u00f3).<\/li>\n<\/ul>\n<\/td>\n<\/tr>\n<tr>\n<td style=\"width: 587px;\">\n<h3>NOMBRE M\u00c0XIM D&#8217;ALUMNES<\/h3>\n<\/td>\n<\/tr>\n<tr>\n<td style=\"width: 587px;\" bgcolor=\"#f3f5f2\">\n<ul>\n<li>45 alumnes\/ 2 grups classe<\/li>\n<\/ul>\n<\/td>\n<\/tr>\n<tr>\n<td style=\"width: 587px;\">\n<h3>OBSERVACIONS<\/h3>\n<\/td>\n<\/tr>\n<tr>\n<td style=\"width: 587px;\" bgcolor=\"#f3f5f2\">\n<ul>\n<li>Per les sortides el taller \u00e9s complementari de les activitats &#8220;<a href=\"https:\/\/serveiseducatius.xtec.cat\/cda-barcelona\/collecciona-el-modernisme\/\"><strong>MOD03<\/strong> Col\u00b7lecciona el Modernisme<\/a>&#8220;, &#8220;<a href=\"https:\/\/serveiseducatius.xtec.cat\/cda-barcelona\/explorem-el-park-guell\/\"><strong>MOD04<\/strong> Explorem el Park G\u00fcell<\/a>&#8221; i &#8220;<a href=\"https:\/\/serveiseducatius.xtec.cat\/cda-barcelona\/teatre-de-la-discordia\/\"><strong>MOD06<\/strong> Teatre de la disc\u00f2rdia<\/a>&#8220;.<\/li>\n<li>* Si s&#8217;ha fet alguna de les activitats anteriors al mat\u00ed, el taller est\u00e0 incl\u00f2s al preu p\u00fablic abonat (no t\u00e9 sobrecost).<\/li>\n<\/ul>\n<\/td>\n<\/tr>\n<\/tbody>\n<\/table>\n<table style=\"width: 589px;\" border=\"0\">\n<tbody>\n<tr>\n<td style=\"width: 583px;\"><strong>RECURSOS DID\u00c0CTICS<\/strong><\/td>\n<\/tr>\n<tr>\n<td style=\"width: 583px;\" bgcolor=\"#efefef\"><img loading=\"lazy\" decoding=\"async\" src=\"http:\/\/blocs.xtec.cat\/cdabarcelona\/files\/2014\/02\/icon_quadern.gif\" alt=\"icon_quadern\" width=\"32\" height=\"32\" \/><strong>Proc\u00e9s de treball<\/strong><\/p>\n<ul>\n<li>Document: <a href=\"https:\/\/drive.google.com\/open?id=15A9Wjx5k7-TBtvWUuV4WyjaO7GCBVhGF\" target=\"_blank\" rel=\"noopener noreferrer\">Gui\u00f3 del taller<\/a><\/li>\n<li>Presentaci\u00f3: <a href=\"https:\/\/drive.google.com\/open?id=1mXR5WqYHVjFmR2UXdDLvFEmhZ38HfZl7oxSu9R_EZlI\">Fem un trencad\u00eds<\/a><\/li>\n<\/ul>\n<\/td>\n<\/tr>\n<tr>\n<td style=\"width: 583px;\" bgcolor=\"efefef\"><img loading=\"lazy\" decoding=\"async\" src=\"http:\/\/blocs.xtec.cat\/cdabarcelona\/files\/2014\/02\/icon_tac1.gif\" alt=\"icon_tac\" width=\"32\" height=\"33\" \/><strong>Activitats TAC \/ enlla\u00e7os web<\/strong><\/p>\n<ul>\n<li>edu365: <a href=\"http:\/\/www.edu365.cat\/vadellibres\/llibre\/26\/joc.html\">El trencavidres<\/a><\/li>\n<li>edu365: <a href=\"http:\/\/www.edu365.cat\/vadellibres\/llibre\/03\/joc_01.html\">Reconstrueix el trencaclosques<\/a><\/li>\n<li>Article Viquip\u00e8dia:\u00a0<a href=\"http:\/\/ca.wikipedia.org\/wiki\/Trencad%C3%ADs\" target=\"_blank\" rel=\"noopener noreferrer\">el trencad\u00eds<\/a><\/li>\n<\/ul>\n<\/td>\n<\/tr>\n<tr>\n<td style=\"width: 583px;\" bgcolor=\"#efefef\"><img loading=\"lazy\" decoding=\"async\" src=\"http:\/\/blocs.xtec.cat\/cdabarcelona\/files\/2014\/02\/icon_video.gif\" alt=\"icon_video\" width=\"32\" height=\"33\" \/><strong>Imatges<\/strong><\/p>\n<ul>\n<li><a href=\"https:\/\/serveiseducatius.xtec.cat\/cda-barcelona\/fotografies-del-taller-de-trencadis\/\" target=\"_blank\" rel=\"noopener noreferrer\">Mostra fotogr\u00e0fica del taller<\/a><\/li>\n<\/ul>\n<\/td>\n<\/tr>\n<tr>\n<td style=\"width: 583px;\" bgcolor=\"#efefef\"><img loading=\"lazy\" decoding=\"async\" src=\"http:\/\/blocs.xtec.cat\/cdabarcelona\/files\/2014\/02\/icon_gmaps.gif\" alt=\"icon_gmaps\" width=\"32\" height=\"32\" \/><strong>Pl\u00e0nols<\/strong><\/p>\n<ul>\n<li><a href=\"http:\/\/goo.gl\/maps\/RzT0Z\" target=\"_blank\" rel=\"noopener noreferrer\">Camp d&#8217;aprenentatge de Barcelona<\/a><\/li>\n<\/ul>\n<\/td>\n<\/tr>\n<\/tbody>\n<\/table>\n<p style=\"text-align: right;\"><a href=\"https:\/\/serveiseducatius.xtec.cat\/cda-barcelona\/ambits\/totes-les-activitats\/\"><strong>&lt;\u00a0<\/strong><em>Torna a totes les activitats<\/em><\/a><\/p>\n","protected":false},"excerpt":{"rendered":"<p>CODI: MOD05 Cicle Mitj\u00e0 i Superior de Prim\u00e0ria | Primer Cicle d&#8217;ESO Fent servir aquesta t\u00e8cnica t\u00edpica del modernisme, per equips (de 5-6 nois i noies) es far\u00e0 un trencad\u00eds amb fragments de rajola enganxats sobre una fusta de 40&#215;40 cm. \u00c0REES DE CONEIXEMENT Educaci\u00f3 art\u00edstica. Matem\u00e0tiques. Coneixement del medi natural, social i cultural. COMPET\u00c8NCIES [&hellip;]<\/p>\n","protected":false},"author":1,"featured_media":0,"parent":0,"menu_order":0,"comment_status":"closed","ping_status":"closed","template":"","meta":{"_bbp_topic_count":0,"_bbp_reply_count":0,"_bbp_total_topic_count":0,"_bbp_total_reply_count":0,"_bbp_voice_count":0,"_bbp_anonymous_reply_count":0,"_bbp_topic_count_hidden":0,"_bbp_reply_count_hidden":0,"_bbp_forum_subforum_count":0,"site-sidebar-layout":"default","site-content-layout":"","ast-site-content-layout":"","site-content-style":"default","site-sidebar-style":"default","ast-global-header-display":"","ast-banner-title-visibility":"","ast-main-header-display":"","ast-hfb-above-header-display":"","ast-hfb-below-header-display":"","ast-hfb-mobile-header-display":"","site-post-title":"","ast-breadcrumbs-content":"","ast-featured-img":"","footer-sml-layout":"","theme-transparent-header-meta":"","adv-header-id-meta":"","stick-header-meta":"","header-above-stick-meta":"","header-main-stick-meta":"","header-below-stick-meta":"","astra-migrate-meta-layouts":"default","ast-page-background-enabled":"default","ast-page-background-meta":{"desktop":{"background-color":"var(--ast-global-color-4)","background-image":"","background-repeat":"repeat","background-position":"center center","background-size":"auto","background-attachment":"scroll","background-type":"","background-media":"","overlay-type":"","overlay-color":"","overlay-opacity":"","overlay-gradient":""},"tablet":{"background-color":"","background-image":"","background-repeat":"repeat","background-position":"center center","background-size":"auto","background-attachment":"scroll","background-type":"","background-media":"","overlay-type":"","overlay-color":"","overlay-opacity":"","overlay-gradient":""},"mobile":{"background-color":"","background-image":"","background-repeat":"repeat","background-position":"center center","background-size":"auto","background-attachment":"scroll","background-type":"","background-media":"","overlay-type":"","overlay-color":"","overlay-opacity":"","overlay-gradient":""}},"ast-content-background-meta":{"desktop":{"background-color":"var(--ast-global-color-5)","background-image":"","background-repeat":"repeat","background-position":"center center","background-size":"auto","background-attachment":"scroll","background-type":"","background-media":"","overlay-type":"","overlay-color":"","overlay-opacity":"","overlay-gradient":""},"tablet":{"background-color":"var(--ast-global-color-5)","background-image":"","background-repeat":"repeat","background-position":"center center","background-size":"auto","background-attachment":"scroll","background-type":"","background-media":"","overlay-type":"","overlay-color":"","overlay-opacity":"","overlay-gradient":""},"mobile":{"background-color":"var(--ast-global-color-5)","background-image":"","background-repeat":"repeat","background-position":"center center","background-size":"auto","background-attachment":"scroll","background-type":"","background-media":"","overlay-type":"","overlay-color":"","overlay-opacity":"","overlay-gradient":""}},"footnotes":""},"class_list":["post-8889","page","type-page","status-publish","hentry"],"post_mailing_queue_ids":[],"_links":{"self":[{"href":"https:\/\/serveiseducatius.xtec.cat\/cda-barcelona\/wp-json\/wp\/v2\/pages\/8889","targetHints":{"allow":["GET"]}}],"collection":[{"href":"https:\/\/serveiseducatius.xtec.cat\/cda-barcelona\/wp-json\/wp\/v2\/pages"}],"about":[{"href":"https:\/\/serveiseducatius.xtec.cat\/cda-barcelona\/wp-json\/wp\/v2\/types\/page"}],"author":[{"embeddable":true,"href":"https:\/\/serveiseducatius.xtec.cat\/cda-barcelona\/wp-json\/wp\/v2\/users\/1"}],"replies":[{"embeddable":true,"href":"https:\/\/serveiseducatius.xtec.cat\/cda-barcelona\/wp-json\/wp\/v2\/comments?post=8889"}],"version-history":[{"count":4,"href":"https:\/\/serveiseducatius.xtec.cat\/cda-barcelona\/wp-json\/wp\/v2\/pages\/8889\/revisions"}],"predecessor-version":[{"id":9072,"href":"https:\/\/serveiseducatius.xtec.cat\/cda-barcelona\/wp-json\/wp\/v2\/pages\/8889\/revisions\/9072"}],"wp:attachment":[{"href":"https:\/\/serveiseducatius.xtec.cat\/cda-barcelona\/wp-json\/wp\/v2\/media?parent=8889"}],"curies":[{"name":"wp","href":"https:\/\/api.w.org\/{rel}","templated":true}]}}