{"id":8886,"date":"2019-10-21T10:03:33","date_gmt":"2019-10-21T08:03:33","guid":{"rendered":"https:\/\/serveiseducatius.xtec.cat\/cda-barcelona\/?page_id=8886"},"modified":"2019-11-06T11:55:00","modified_gmt":"2019-11-06T10:55:00","slug":"explorem-el-park-guell","status":"publish","type":"page","link":"https:\/\/serveiseducatius.xtec.cat\/cda-barcelona\/explorem-el-park-guell\/","title":{"rendered":"Explorem el Park G\u00fcell"},"content":{"rendered":"<p><strong>CODI: MOD04<\/strong><\/p>\n<table style=\"width: 600px;\" border=\"0\">\n<tbody>\n<tr>\n<td><i>Educaci\u00f3 Prim\u00e0ria<\/i><\/td>\n<\/tr>\n<tr>\n<td>Fem un recorregut de descoberta pel\u00a0<a href=\"http:\/\/ca.wikipedia.org\/wiki\/Parc_G%C3%BCell\" target=\"_blank\" rel=\"noopener noreferrer\">Park G\u00fcell<\/a>\u00a0i un taller (opcional) relacionat amb aquest recorregut.<\/td>\n<\/tr>\n<tr>\n<td>\n<h3><\/h3>\n<h3>\u00c0REES DE CONEIXEMENT<\/h3>\n<\/td>\n<\/tr>\n<tr>\n<td bgcolor=\"#f3f5f2\">\n<ul>\n<li style=\"list-style-type: none;\">\n<ul>\n<li>Coneixement del medi natural, social i cultural<\/li>\n<li>Educaci\u00f3 Art\u00edstica<\/li>\n<\/ul>\n<\/li>\n<\/ul>\n<\/td>\n<\/tr>\n<tr>\n<td>\n<h3><\/h3>\n<h3>COMPET\u00c8NCIES<\/h3>\n<\/td>\n<\/tr>\n<tr>\n<td bgcolor=\"#f3f5f2\">\n<ul>\n<li style=\"list-style-type: none;\">\n<ul>\n<li>Art\u00edstica<\/li>\n<li>Autonomia i iniciativa personal<\/li>\n<li>Coneixement i interacci\u00f3 amb el m\u00f3n f\u00edsic<\/li>\n<li>Social i ciutadana<\/li>\n<\/ul>\n<\/li>\n<\/ul>\n<\/td>\n<\/tr>\n<tr>\n<td>\n<h3><\/h3>\n<h3>OBJECTIUS<\/h3>\n<\/td>\n<\/tr>\n<tr>\n<td bgcolor=\"#f3f5f2\">\n<ul>\n<li style=\"list-style-type: none;\">\n<ul>\n<li>Descobrir el significat del Park G\u00fcell en el seu conjunt i d&#8217;algun dels seus elements m\u00e9s significatius.<\/li>\n<li>Con\u00e8ixer la figura de Gaud\u00ed.<\/li>\n<li>Aplicar alguna de les t\u00e8cniques pl\u00e0stiques emprades al parc.<\/li>\n<li>Afavorir la interacci\u00f3 amb altres realitats socials i culturals (turistes, venedors, treballadors&#8230;).<\/li>\n<\/ul>\n<\/li>\n<\/ul>\n<\/td>\n<\/tr>\n<tr>\n<td>\n<h3><\/h3>\n<h3>LLOC<\/h3>\n<\/td>\n<\/tr>\n<tr>\n<td bgcolor=\"#f3f5f2\">\n<ul>\n<li style=\"list-style-type: none;\">\n<ul>\n<li>Park G\u00fcell (visita mat\u00ed)<\/li>\n<li>CdA Barcelona (taller tarda)<\/li>\n<\/ul>\n<\/li>\n<\/ul>\n<\/td>\n<\/tr>\n<tr>\n<td>\n<blockquote>\n<h3>DURADA<\/h3>\n<\/blockquote>\n<\/td>\n<\/tr>\n<tr>\n<td bgcolor=\"#f3f5f2\">\n<ul>\n<li style=\"list-style-type: none;\">\n<ul>\n<li>2 h mat\u00ed (visita P. G\u00fcell)<\/li>\n<li>1&#8217;5 h tarda (taller)<\/li>\n<\/ul>\n<\/li>\n<\/ul>\n<\/td>\n<\/tr>\n<tr>\n<td>\n<blockquote>\n<h3>DESPESA<\/h3>\n<\/blockquote>\n<\/td>\n<\/tr>\n<tr>\n<td bgcolor=\"#f3f5f2\">\n<ul>\n<li style=\"list-style-type: none;\">\n<ul>\n<li>Despla\u00e7aments del centre fins el punt de trobada.<\/li>\n<li><a href=\"https:\/\/serveiseducatius.xtec.cat\/cda-barcelona\/inscripcio\/\">Preu p\u00fablic<\/a> d&#8217;activitats ensenyament-aprenentatge (Dep. d&#8217;Educaci\u00f3).<\/li>\n<\/ul>\n<\/li>\n<\/ul>\n<\/td>\n<\/tr>\n<tr>\n<td>\n<blockquote>\n<h3>NOMBRE M\u00c0XIM D&#8217;ALUMNES<\/h3>\n<\/blockquote>\n<\/td>\n<\/tr>\n<tr>\n<td bgcolor=\"#f3f5f2\">\n<ul>\n<li style=\"list-style-type: none;\">\n<ul>\n<li>45 alumnes\/ 2 grups classe<\/li>\n<\/ul>\n<\/li>\n<\/ul>\n<\/td>\n<\/tr>\n<\/tbody>\n<\/table>\n<table border=\"0\">\n<tbody>\n<tr style=\"height: 65px;\">\n<td style=\"width: 595px; height: 65px;\">\n<h3>OBSERVACIONS<\/h3>\n<\/td>\n<\/tr>\n<tr style=\"height: 55px;\">\n<td style=\"width: 595px; height: 55px;\" bgcolor=\"#efefef\">\n<ul>\n<li>Punt de trobada: s&#8217;ha de pactar entre el centre i el Camp d&#8217;Aprenentatge de Barcelona<\/li>\n<\/ul>\n<\/td>\n<\/tr>\n<\/tbody>\n<\/table>\n<table style=\"width: 599px;\" border=\"0\">\n<tbody>\n<tr>\n<td style=\"width: 593px;\"><strong>RECURSOS DID\u00c0CTICS<\/strong><\/td>\n<\/tr>\n<tr>\n<td style=\"width: 593px;\" bgcolor=\"#efefef\"><img loading=\"lazy\" decoding=\"async\" src=\"http:\/\/blocs.xtec.cat\/cdabarcelona\/files\/2014\/02\/icon_quadern.gif\" alt=\"icon_quadern\" width=\"32\" height=\"32\" \/><strong>Quadern de treball<\/strong><\/p>\n<ul>\n<li>Quadern: <a href=\"https:\/\/drive.google.com\/open?id=1B6l33djxBMtayP9nh3TudskqvKwWZWkA\">&#8220;Explorem el Park G\u00fcell&#8221;<\/a> (sortida)<\/li>\n<li>Quadern: <a href=\"https:\/\/drive.google.com\/open?id=1r3wbdniG-0Nz15KB7RQn46r_PVijDHaA\">&#8220;Explorem el Park G\u00fcell&#8221;<\/a> (estada)<\/li>\n<\/ul>\n<\/td>\n<\/tr>\n<tr>\n<td style=\"width: 593px;\" bgcolor=\"efefef\"><img loading=\"lazy\" decoding=\"async\" src=\"http:\/\/blocs.xtec.cat\/cdabarcelona\/files\/2014\/02\/icon_tac1.gif\" alt=\"icon_tac\" width=\"32\" height=\"33\" \/><strong>Activitats TAC \/ enlla\u00e7os web<\/strong><\/p>\n<ul>\n<li>JClic: <a href=\"https:\/\/clic.xtec.cat\/projects\/parcguell\/jclic.js\/index.html\">&#8220;Gaud\u00ed i el park G\u00fcell&#8221;<\/a><\/li>\n<li>JClic: <a href=\"https:\/\/clic.xtec.cat\/projects\/gaudi\/jclic.js\/index.html\" target=\"_blank\" rel=\"noopener noreferrer\">&#8220;Gaud\u00ed i les seves obres&#8221;<\/a><\/li>\n<li>La paret de les auques: <a href=\"http:\/\/www.xtec.cat\/centres\/a8033924\/auques\/gaudi\/gaudi1.htm\" target=\"_blank\" rel=\"noopener noreferrer\">&#8220;Auca d&#8217;en Gaud\u00ed&#8221;<\/a><\/li>\n<li>Enlla\u00e7 web: <a href=\"http:\/\/www.xtec.cat\/centres\/a8001856\/gaudinatura.htm\">&#8220;Gaud\u00ed i natura&#8221;<\/a><\/li>\n<li>Web del park: <a href=\"https:\/\/parkguell.barcelona\/ca\">https:\/\/parkguell.barcelona\/ca<\/a><\/li>\n<\/ul>\n<\/td>\n<\/tr>\n<tr>\n<td style=\"width: 593px;\" bgcolor=\"#efefef\"><img loading=\"lazy\" decoding=\"async\" src=\"http:\/\/blocs.xtec.cat\/cdabarcelona\/files\/2014\/02\/icon_video.gif\" alt=\"icon_video\" width=\"32\" height=\"33\" \/><strong>\u00c0udio \/ v\u00eddeo<\/strong><\/p>\n<ul>\n<li>V\u00eddeo: <a href=\"https:\/\/www.youtube.com\/watch?v=HP_bOvoUr90\">&#8220;Park G\u00fcell &#8211; Barcelona &#8211; UNESCO World Heritage Site&#8221;<\/a> 2:35 min\u00a0(3:02 min)<\/li>\n<li>Not\u00edcia de TV3 a la carta (04\/12\/2012): <a href=\"https:\/\/www.ccma.cat\/tv3\/alacarta\/programa\/el-park-guell-sera-de-pagament\/video\/4367610\/\">&#8220;El park G\u00fcell ser\u00e0 de pagament&#8221;<\/a> 1:24min<\/li>\n<li>Presentaci\u00f3 PowerPoint,\n<ul style=\"list-style-type: circle;\">\n<li><a href=\"https:\/\/drive.google.com\/open?id=1kNgwiarT0KVn0xZDd9bMO5U8F7kiSAfL\" target=\"_blank\" rel=\"noopener noreferrer\">&#8220;El Park G\u00fcell: d&#8217;una ciutat jard\u00ed a un jard\u00ed per la ciutat&#8221;<\/a><\/li>\n<\/ul>\n<\/li>\n<\/ul>\n<\/td>\n<\/tr>\n<tr>\n<td style=\"width: 593px;\" bgcolor=\"#efefef\"><img loading=\"lazy\" decoding=\"async\" src=\"http:\/\/blocs.xtec.cat\/cdabarcelona\/files\/2014\/02\/icon_gmaps.gif\" alt=\"icon_gmaps\" width=\"32\" height=\"32\" \/><strong>Pl\u00e0nols<\/strong><\/p>\n<ul>\n<li><a href=\"https:\/\/mapsengine.google.com\/map\/edit?mid=zY224dVkctEs.kc7gVzuoJTH4\" target=\"_blank\" rel=\"noopener noreferrer\">Punts d\u2019inter\u00e8s del recorregut<\/a>\u00a0(Google Maps).<\/li>\n<\/ul>\n<\/td>\n<\/tr>\n<\/tbody>\n<\/table>\n<p style=\"text-align: right;\"><a href=\"https:\/\/serveiseducatius.xtec.cat\/cda-barcelona\/ambits\/totes-les-activitats\/\"><strong>&lt;\u00a0<\/strong><em>Torna a totes les activitats<\/em><\/a><\/p>\n","protected":false},"excerpt":{"rendered":"<p>CODI: MOD04 Educaci\u00f3 Prim\u00e0ria Fem un recorregut de descoberta pel\u00a0Park G\u00fcell\u00a0i un taller (opcional) relacionat amb aquest recorregut. \u00c0REES DE CONEIXEMENT Coneixement del medi natural, social i cultural Educaci\u00f3 Art\u00edstica COMPET\u00c8NCIES Art\u00edstica Autonomia i iniciativa personal Coneixement i interacci\u00f3 amb el m\u00f3n f\u00edsic Social i ciutadana OBJECTIUS Descobrir el significat del Park G\u00fcell en el [&hellip;]<\/p>\n","protected":false},"author":1,"featured_media":0,"parent":0,"menu_order":0,"comment_status":"closed","ping_status":"closed","template":"","meta":{"_bbp_topic_count":0,"_bbp_reply_count":0,"_bbp_total_topic_count":0,"_bbp_total_reply_count":0,"_bbp_voice_count":0,"_bbp_anonymous_reply_count":0,"_bbp_topic_count_hidden":0,"_bbp_reply_count_hidden":0,"_bbp_forum_subforum_count":0,"site-sidebar-layout":"default","site-content-layout":"","ast-site-content-layout":"","site-content-style":"default","site-sidebar-style":"default","ast-global-header-display":"","ast-banner-title-visibility":"","ast-main-header-display":"","ast-hfb-above-header-display":"","ast-hfb-below-header-display":"","ast-hfb-mobile-header-display":"","site-post-title":"","ast-breadcrumbs-content":"","ast-featured-img":"","footer-sml-layout":"","theme-transparent-header-meta":"","adv-header-id-meta":"","stick-header-meta":"","header-above-stick-meta":"","header-main-stick-meta":"","header-below-stick-meta":"","astra-migrate-meta-layouts":"default","ast-page-background-enabled":"default","ast-page-background-meta":{"desktop":{"background-color":"var(--ast-global-color-4)","background-image":"","background-repeat":"repeat","background-position":"center center","background-size":"auto","background-attachment":"scroll","background-type":"","background-media":"","overlay-type":"","overlay-color":"","overlay-opacity":"","overlay-gradient":""},"tablet":{"background-color":"","background-image":"","background-repeat":"repeat","background-position":"center center","background-size":"auto","background-attachment":"scroll","background-type":"","background-media":"","overlay-type":"","overlay-color":"","overlay-opacity":"","overlay-gradient":""},"mobile":{"background-color":"","background-image":"","background-repeat":"repeat","background-position":"center center","background-size":"auto","background-attachment":"scroll","background-type":"","background-media":"","overlay-type":"","overlay-color":"","overlay-opacity":"","overlay-gradient":""}},"ast-content-background-meta":{"desktop":{"background-color":"var(--ast-global-color-5)","background-image":"","background-repeat":"repeat","background-position":"center center","background-size":"auto","background-attachment":"scroll","background-type":"","background-media":"","overlay-type":"","overlay-color":"","overlay-opacity":"","overlay-gradient":""},"tablet":{"background-color":"var(--ast-global-color-5)","background-image":"","background-repeat":"repeat","background-position":"center center","background-size":"auto","background-attachment":"scroll","background-type":"","background-media":"","overlay-type":"","overlay-color":"","overlay-opacity":"","overlay-gradient":""},"mobile":{"background-color":"var(--ast-global-color-5)","background-image":"","background-repeat":"repeat","background-position":"center center","background-size":"auto","background-attachment":"scroll","background-type":"","background-media":"","overlay-type":"","overlay-color":"","overlay-opacity":"","overlay-gradient":""}},"footnotes":""},"class_list":["post-8886","page","type-page","status-publish","hentry"],"post_mailing_queue_ids":[],"_links":{"self":[{"href":"https:\/\/serveiseducatius.xtec.cat\/cda-barcelona\/wp-json\/wp\/v2\/pages\/8886","targetHints":{"allow":["GET"]}}],"collection":[{"href":"https:\/\/serveiseducatius.xtec.cat\/cda-barcelona\/wp-json\/wp\/v2\/pages"}],"about":[{"href":"https:\/\/serveiseducatius.xtec.cat\/cda-barcelona\/wp-json\/wp\/v2\/types\/page"}],"author":[{"embeddable":true,"href":"https:\/\/serveiseducatius.xtec.cat\/cda-barcelona\/wp-json\/wp\/v2\/users\/1"}],"replies":[{"embeddable":true,"href":"https:\/\/serveiseducatius.xtec.cat\/cda-barcelona\/wp-json\/wp\/v2\/comments?post=8886"}],"version-history":[{"count":3,"href":"https:\/\/serveiseducatius.xtec.cat\/cda-barcelona\/wp-json\/wp\/v2\/pages\/8886\/revisions"}],"predecessor-version":[{"id":9063,"href":"https:\/\/serveiseducatius.xtec.cat\/cda-barcelona\/wp-json\/wp\/v2\/pages\/8886\/revisions\/9063"}],"wp:attachment":[{"href":"https:\/\/serveiseducatius.xtec.cat\/cda-barcelona\/wp-json\/wp\/v2\/media?parent=8886"}],"curies":[{"name":"wp","href":"https:\/\/api.w.org\/{rel}","templated":true}]}}