{"id":8874,"date":"2019-10-21T09:15:41","date_gmt":"2019-10-21T07:15:41","guid":{"rendered":"https:\/\/serveiseducatius.xtec.cat\/cda-barcelona\/?page_id=8874"},"modified":"2019-10-21T09:20:14","modified_gmt":"2019-10-21T07:20:14","slug":"nimfes-i-dracs","status":"publish","type":"page","link":"https:\/\/serveiseducatius.xtec.cat\/cda-barcelona\/nimfes-i-dracs\/","title":{"rendered":"Nimfes i dracs"},"content":{"rendered":"<p><strong>CODI: MOD01<\/strong><\/p>\n<table style=\"width: 600px;\" border=\"0\">\n<tbody>\n<tr>\n<td>Educaci\u00f3 Prim\u00e0ria<\/td>\n<\/tr>\n<tr>\n<td>Treballarem alguns edificis modernistes a partir d&#8217;un recorregut pel Passeig de Gr\u00e0cia en qu\u00e8 els nens i nenes seran protagonistes d&#8217;una aventura entre nimfes i dracs.<\/td>\n<\/tr>\n<tr>\n<td>\n<h3>DESENVOLUPAMENT<\/h3>\n<\/td>\n<\/tr>\n<tr>\n<td style=\"background-color: #efefef; text-align: left;\">Es tracta d&#8217;un itinerari guiat. Cada nen o nena tindr\u00e0 una targeta amb la fotografia d&#8217;un element (nimfa o drac) que haur\u00e0 de localitzar als edificis a observar. La targeta tindr\u00e0 un text que anir\u00e0 guiant d&#8217;un element a un altre i ajudant a resoldre el cas (desaparici\u00f3 d&#8217;unes nimfes) al final del recorregut.<\/td>\n<\/tr>\n<tr>\n<td>\n<h3>\u00c0REES DE CONEIXEMENT<\/h3>\n<\/td>\n<\/tr>\n<tr>\n<td bgcolor=\"#f3f5f2\">\n<ul>\n<li>\n<ul>\n<li>Coneixement del medi natural, social i cultural<\/li>\n<li>Educaci\u00f3 Art\u00edstica<\/li>\n<\/ul>\n<\/li>\n<\/ul>\n<\/td>\n<\/tr>\n<tr>\n<td>\n<h3>COMPET\u00c8NCIES<\/h3>\n<\/td>\n<\/tr>\n<tr>\n<td bgcolor=\"#f3f5f2\">\n<ul>\n<li>\n<ul>\n<li>Compet\u00e8ncia comunicativa ling\u00fc\u00edstica i audiovisual<\/li>\n<li><span style=\"font-family: Times New Roman; font-style: normal; font-variant: normal; font-weight: normal; font-size: 7pt; line-height: normal; font-size-adjust: none; font-stretch: normal;\">\u00a0<\/span>Art\u00edstica<\/li>\n<li><span style=\"font-family: Times New Roman; font-style: normal; font-variant: normal; font-weight: normal; font-size: 7pt; line-height: normal; font-size-adjust: none; font-stretch: normal;\">\u00a0<\/span>Autonomia i iniciativa personal<\/li>\n<li>Coneixement i interacci\u00f3 amb el m\u00f3n f\u00edsic<\/li>\n<li>Social i ciutadana<\/li>\n<li>Matem\u00e0tica<\/li>\n<\/ul>\n<\/li>\n<\/ul>\n<\/td>\n<\/tr>\n<tr>\n<td>\n<h3>OBJECTIUS<\/h3>\n<\/td>\n<\/tr>\n<tr>\n<td bgcolor=\"#f3f5f2\">\n<ul>\n<li>\n<ul>\n<li>Explorar i percebre els elements que conformen un gran carrer urb\u00e0.<\/li>\n<li>Identificar elements ornamentals dels edificis modernistes.<\/li>\n<li>Copsar les caracter\u00edstiques generals dels edificis modernistes.<\/li>\n<li>Afavorir la curiositat pel descobriment d&#8217;elements del paisatge urb\u00e0.<\/li>\n<\/ul>\n<\/li>\n<\/ul>\n<\/td>\n<\/tr>\n<tr>\n<td>\n<h3>LLOC<\/h3>\n<\/td>\n<\/tr>\n<tr>\n<td bgcolor=\"#f3f5f2\">\n<ul>\n<li>\n<ul>\n<li>Passeig de Gr\u00e0cia, entre C\/ Diputaci\u00f3 i C\/ Proven\u00e7a.<\/li>\n<li>Itinerari i elements a observar:\u00a0<a href=\"http:\/\/goo.gl\/maps\/nnqnt\" target=\"_blank\" rel=\"noopener noreferrer\">http:\/\/goo.gl\/maps\/nnqnt<\/a><\/li>\n<\/ul>\n<\/li>\n<\/ul>\n<\/td>\n<\/tr>\n<tr>\n<td>\n<h3>DURADA<\/h3>\n<\/td>\n<\/tr>\n<tr>\n<td bgcolor=\"#f3f5f2\">\n<ul>\n<li>\n<ul>\n<li>1&#8217;5 h (mat\u00ed)<\/li>\n<\/ul>\n<\/li>\n<\/ul>\n<\/td>\n<\/tr>\n<tr>\n<td>\n<h3>DESPESA<\/h3>\n<\/td>\n<\/tr>\n<tr>\n<td bgcolor=\"#f3f5f2\">\n<ul>\n<li>\n<ul>\n<li>Despla\u00e7aments del centre fins el punt de trobada.<\/li>\n<li><a href=\"https:\/\/serveiseducatius.xtec.cat\/cda-barcelona\/inscripcio\/\">Preu p\u00fablic<\/a> d&#8217;activitats ensenyament-aprenentatge (Dep. d&#8217;Educaci\u00f3).<\/li>\n<\/ul>\n<\/li>\n<\/ul>\n<\/td>\n<\/tr>\n<tr>\n<td>\n<h3>NOMBRE M\u00c0XIM D&#8217;ALUMNES<\/h3>\n<\/td>\n<\/tr>\n<tr>\n<td bgcolor=\"#f3f5f2\">\n<ul>\n<li>\n<ul>\n<li>30 alumnes (1 grup classe)<\/li>\n<\/ul>\n<\/li>\n<\/ul>\n<\/td>\n<\/tr>\n<tr>\n<td>\n<h3>OBSERVACIONS<\/h3>\n<\/td>\n<\/tr>\n<tr>\n<td bgcolor=\"#f3f5f2\">\n<ul>\n<li>Punt de trobada: s&#8217;ha de pactar entre el centre i el Camp d&#8217;Aprenentatge de Barcelona<\/li>\n<\/ul>\n<\/td>\n<\/tr>\n<tr>\n<td>\n<h3>RECURSOS DID\u00c0CTICS<\/h3>\n<\/td>\n<\/tr>\n<tr>\n<td bgcolor=\"#f3f5f2\"><img loading=\"lazy\" decoding=\"async\" src=\"http:\/\/blocs.xtec.cat\/cdabarcelona\/files\/2014\/02\/icon_quadern.gif\" alt=\"icon_quadern\" width=\"32\" height=\"32\" \/><strong>Quadern de treball<\/strong><\/p>\n<ul>\n<li>Quadern lector: <a href=\"https:\/\/drive.google.com\/open?id=1eI65Tr1hPcZX5dJKHLb5VPk1k_k2_6L4\">&#8220;Nimfes i dracs&#8221;<\/a><\/li>\n<\/ul>\n<\/td>\n<\/tr>\n<tr>\n<td bgcolor=\"#f3f5f2\"><img loading=\"lazy\" decoding=\"async\" src=\"http:\/\/blocs.xtec.cat\/cdabarcelona\/files\/2014\/02\/icon_tac1.gif\" alt=\"icon_tac\" width=\"32\" height=\"33\" \/><strong>Activitats TAC \/ enlla\u00e7os web<\/strong><\/p>\n<ul>\n<li>Element\u00a0<a href=\"http:\/\/apliense.xtec.cat\/arc\/\" target=\"_blank\" rel=\"noopener noreferrer\">ARC<\/a>:\u00a0<a href=\"http:\/\/apliense.xtec.cat\/arc\/node\/29711\" target=\"_blank\" rel=\"noopener noreferrer\">Nimfes i dracs<\/a>\u00a0(explicaci\u00f3 completa de l&#8217;activitat i material de camp).<\/li>\n<li>JClic:\u00a0<a target=\"_blank\" rel=\"noopener noreferrer\">Gaud\u00ed Dracs<\/a><\/li>\n<\/ul>\n<\/td>\n<\/tr>\n<tr>\n<td bgcolor=\"#f3f5f2\"><img loading=\"lazy\" decoding=\"async\" src=\"http:\/\/blocs.xtec.cat\/cdabarcelona\/files\/2014\/02\/icon_video.gif\" alt=\"icon_video\" width=\"32\" height=\"33\" \/><strong>\u00c0udio \/ v\u00eddeo<\/strong><\/p>\n<ul>\n<li><a href=\"http:\/\/www.btv.cat\/catakrac\/\" target=\"_blank\" rel=\"noopener noreferrer\">Catakrac<\/a>\u00a0(BTV):\u00a0<a href=\"http:\/\/blocs.xtec.cat\/cdabarcelona\/2014\/01\/13\/nimfes-i-dracs-al-catakrac-btv\/\" target=\"_blank\" rel=\"noopener noreferrer\">reportatge sobre l&#8217;activitat<\/a>\u00a0(minuts 8:50-12:18)<\/li>\n<\/ul>\n<\/td>\n<\/tr>\n<tr>\n<td bgcolor=\"#f3f5f2\"><strong><img loading=\"lazy\" decoding=\"async\" src=\"http:\/\/blocs.xtec.cat\/cdabarcelona\/files\/2014\/02\/icon_gmaps.gif\" alt=\"icon_gmaps\" width=\"32\" height=\"32\" \/>Pl\u00e0nols<\/strong><\/p>\n<ul>\n<li>Google Maps:\u00a0<a href=\"http:\/\/goo.gl\/maps\/A1k1x\" target=\"_blank\" rel=\"noopener noreferrer\">recorregut i punts d\u2019inter\u00e8s<\/a><\/li>\n<\/ul>\n<\/td>\n<\/tr>\n<\/tbody>\n<\/table>\n<p style=\"text-align: right;\"><a href=\"https:\/\/serveiseducatius.xtec.cat\/cda-barcelona\/ambits\/totes-les-activitats\/\"><strong>&lt;\u00a0<\/strong><em>Torna a totes les activitats<\/em><\/a><\/p>\n","protected":false},"excerpt":{"rendered":"<p>CODI: MOD01 Educaci\u00f3 Prim\u00e0ria Treballarem alguns edificis modernistes a partir d&#8217;un recorregut pel Passeig de Gr\u00e0cia en qu\u00e8 els nens i nenes seran protagonistes d&#8217;una aventura entre nimfes i dracs. DESENVOLUPAMENT Es tracta d&#8217;un itinerari guiat. Cada nen o nena tindr\u00e0 una targeta amb la fotografia d&#8217;un element (nimfa o drac) que haur\u00e0 de localitzar [&hellip;]<\/p>\n","protected":false},"author":1,"featured_media":0,"parent":0,"menu_order":0,"comment_status":"closed","ping_status":"closed","template":"","meta":{"_bbp_topic_count":0,"_bbp_reply_count":0,"_bbp_total_topic_count":0,"_bbp_total_reply_count":0,"_bbp_voice_count":0,"_bbp_anonymous_reply_count":0,"_bbp_topic_count_hidden":0,"_bbp_reply_count_hidden":0,"_bbp_forum_subforum_count":0,"site-sidebar-layout":"default","site-content-layout":"","ast-site-content-layout":"","site-content-style":"default","site-sidebar-style":"default","ast-global-header-display":"","ast-banner-title-visibility":"","ast-main-header-display":"","ast-hfb-above-header-display":"","ast-hfb-below-header-display":"","ast-hfb-mobile-header-display":"","site-post-title":"","ast-breadcrumbs-content":"","ast-featured-img":"","footer-sml-layout":"","theme-transparent-header-meta":"","adv-header-id-meta":"","stick-header-meta":"","header-above-stick-meta":"","header-main-stick-meta":"","header-below-stick-meta":"","astra-migrate-meta-layouts":"default","ast-page-background-enabled":"default","ast-page-background-meta":{"desktop":{"background-color":"var(--ast-global-color-4)","background-image":"","background-repeat":"repeat","background-position":"center center","background-size":"auto","background-attachment":"scroll","background-type":"","background-media":"","overlay-type":"","overlay-color":"","overlay-opacity":"","overlay-gradient":""},"tablet":{"background-color":"","background-image":"","background-repeat":"repeat","background-position":"center center","background-size":"auto","background-attachment":"scroll","background-type":"","background-media":"","overlay-type":"","overlay-color":"","overlay-opacity":"","overlay-gradient":""},"mobile":{"background-color":"","background-image":"","background-repeat":"repeat","background-position":"center center","background-size":"auto","background-attachment":"scroll","background-type":"","background-media":"","overlay-type":"","overlay-color":"","overlay-opacity":"","overlay-gradient":""}},"ast-content-background-meta":{"desktop":{"background-color":"var(--ast-global-color-5)","background-image":"","background-repeat":"repeat","background-position":"center center","background-size":"auto","background-attachment":"scroll","background-type":"","background-media":"","overlay-type":"","overlay-color":"","overlay-opacity":"","overlay-gradient":""},"tablet":{"background-color":"var(--ast-global-color-5)","background-image":"","background-repeat":"repeat","background-position":"center center","background-size":"auto","background-attachment":"scroll","background-type":"","background-media":"","overlay-type":"","overlay-color":"","overlay-opacity":"","overlay-gradient":""},"mobile":{"background-color":"var(--ast-global-color-5)","background-image":"","background-repeat":"repeat","background-position":"center center","background-size":"auto","background-attachment":"scroll","background-type":"","background-media":"","overlay-type":"","overlay-color":"","overlay-opacity":"","overlay-gradient":""}},"footnotes":""},"class_list":["post-8874","page","type-page","status-publish","hentry"],"post_mailing_queue_ids":[],"_links":{"self":[{"href":"https:\/\/serveiseducatius.xtec.cat\/cda-barcelona\/wp-json\/wp\/v2\/pages\/8874","targetHints":{"allow":["GET"]}}],"collection":[{"href":"https:\/\/serveiseducatius.xtec.cat\/cda-barcelona\/wp-json\/wp\/v2\/pages"}],"about":[{"href":"https:\/\/serveiseducatius.xtec.cat\/cda-barcelona\/wp-json\/wp\/v2\/types\/page"}],"author":[{"embeddable":true,"href":"https:\/\/serveiseducatius.xtec.cat\/cda-barcelona\/wp-json\/wp\/v2\/users\/1"}],"replies":[{"embeddable":true,"href":"https:\/\/serveiseducatius.xtec.cat\/cda-barcelona\/wp-json\/wp\/v2\/comments?post=8874"}],"version-history":[{"count":2,"href":"https:\/\/serveiseducatius.xtec.cat\/cda-barcelona\/wp-json\/wp\/v2\/pages\/8874\/revisions"}],"predecessor-version":[{"id":8877,"href":"https:\/\/serveiseducatius.xtec.cat\/cda-barcelona\/wp-json\/wp\/v2\/pages\/8874\/revisions\/8877"}],"wp:attachment":[{"href":"https:\/\/serveiseducatius.xtec.cat\/cda-barcelona\/wp-json\/wp\/v2\/media?parent=8874"}],"curies":[{"name":"wp","href":"https:\/\/api.w.org\/{rel}","templated":true}]}}