{"id":8853,"date":"2019-10-18T13:32:53","date_gmt":"2019-10-18T11:32:53","guid":{"rendered":"https:\/\/serveiseducatius.xtec.cat\/cda-barcelona\/?page_id=8853"},"modified":"2021-06-15T16:10:56","modified_gmt":"2021-06-15T14:10:56","slug":"barcino-la-barcelona-romana-pri","status":"publish","type":"page","link":"https:\/\/serveiseducatius.xtec.cat\/cda-barcelona\/barcino-la-barcelona-romana-pri\/","title":{"rendered":"B\u00e0rcino: la Barcelona romana PRI"},"content":{"rendered":"<p><strong>CODI: HIS04<\/strong><\/p>\n<table style=\"width: 600px;\" border=\"0\">\n<tbody>\n<tr>\n<td>Educaci\u00f3 Prim\u00e0ria<\/td>\n<\/tr>\n<tr>\n<td>Recorrerem alguns dels llocs m\u00e9s significatius del llegat rom\u00e0 de la ciutat de\u00a0<a href=\"http:\/\/ca.wikipedia.org\/wiki\/Barcino\">B\u00e0rcino<\/a>, amb visita al subs\u00f2l del\u00a0<a href=\"http:\/\/www.museuhistoria.bcn.es\/\">Museu d&#8217;Hist\u00f2ria de Barcelona<\/a>\u00a0incl\u00f2s (en funci\u00f3 del nombre de grups i disponibilitat hor\u00e0ria).<\/td>\n<\/tr>\n<tr>\n<td><\/td>\n<\/tr>\n<tr>\n<td>\n<h3>\u00c0REES DE CONEIXEMENT<\/h3>\n<\/td>\n<\/tr>\n<tr>\n<td bgcolor=\"#f3f5f2\">\n<ul>\n<li>Coneixement del medi natural, social i cultural<\/li>\n<li>Matem\u00e0tiques<\/li>\n<\/ul>\n<\/td>\n<\/tr>\n<tr>\n<td>\n<h3>COMPET\u00c8NCIES<\/h3>\n<\/td>\n<\/tr>\n<tr>\n<td bgcolor=\"#f3f5f2\">\n<ul>\n<li>Coneixement i interacci\u00f3 amb el m\u00f3n f\u00edsic<\/li>\n<li>Social i ciutadana<\/li>\n<li>Matem\u00e0tica<\/li>\n<\/ul>\n<\/td>\n<\/tr>\n<tr>\n<td>\n<h3>OBJECTIUS<\/h3>\n<\/td>\n<\/tr>\n<tr>\n<td bgcolor=\"#f3f5f2\">\n<ul>\n<li>Con\u00e8ixer i identificar part del patrimoni rom\u00e0 de la ciutat.<\/li>\n<li>Con\u00e8ixer l&#8217;estructura general d&#8217;una ciutat romana.<\/li>\n<li>Prendre consci\u00e8ncia del llegat rom\u00e0: llengua (alfabet llat\u00ed) i numeraci\u00f3 (nombres romans).<\/li>\n<li>Practicar alguns jocs romans (daus, tres en ratlla, tabes&#8230;)<\/li>\n<\/ul>\n<\/td>\n<\/tr>\n<tr>\n<td>\n<h3>LLOC<\/h3>\n<\/td>\n<\/tr>\n<tr>\n<td bgcolor=\"#f3f5f2\">\n<ul>\n<li>Recinte rom\u00e0 (porta decumana, temple, porta de mar, muralles), amb opci\u00f3 de visita al subs\u00f2l de la pla\u00e7a del rei (Museu d&#8217;Hist\u00f2ria de Barcelona).<\/li>\n<\/ul>\n<\/td>\n<\/tr>\n<tr>\n<td>\n<h3>DURADA<\/h3>\n<\/td>\n<\/tr>\n<tr>\n<td bgcolor=\"#f3f5f2\">\n<ul>\n<li>2:30 h<\/li>\n<\/ul>\n<\/td>\n<\/tr>\n<tr>\n<td>\n<h3>DESPESA<\/h3>\n<\/td>\n<\/tr>\n<tr>\n<td bgcolor=\"#f3f5f2\">\n<ul>\n<li>Despla\u00e7aments del centre fins el punt de trobada.<\/li>\n<li><a href=\"https:\/\/serveiseducatius.xtec.cat\/cda-barcelona\/inscripcio\/\">Preu p\u00fablic<\/a> d&#8217;activitats ensenyament-aprenentatge (Dep. d&#8217;Educaci\u00f3).<\/li>\n<\/ul>\n<\/td>\n<\/tr>\n<tr>\n<td>\n<h3>NOMBRE M\u00c0XIM D&#8217;ALUMNES<\/h3>\n<\/td>\n<\/tr>\n<tr>\n<td bgcolor=\"#f3f5f2\">\n<ul>\n<li>45 alumnes\/ 2 grups classe<\/li>\n<\/ul>\n<\/td>\n<\/tr>\n<tr>\n<td>\n<h3>OBSERVACIONS<\/h3>\n<\/td>\n<\/tr>\n<tr>\n<td bgcolor=\"#f3f5f2\">\n<ul>\n<li>Punt de trobada: a pactar entre el centre i el Camp d&#8217;Aprenentatge de Barcelona.<\/li>\n<\/ul>\n<\/td>\n<\/tr>\n<\/tbody>\n<\/table>\n<table style=\"width: 600px;\" border=\"0\">\n<tbody>\n<tr>\n<td width=\"586\"><strong>RECURSOS DID\u00c0CTICS<\/strong><\/td>\n<\/tr>\n<tr>\n<td style=\"background-color: #efefef;\" bgcolor=\"#efefef\"><img loading=\"lazy\" decoding=\"async\" src=\"http:\/\/blocs.xtec.cat\/cdabarcelona\/files\/2014\/02\/icon_quadern.gif\" alt=\"icon_quadern\" width=\"32\" height=\"32\" \/><strong>Quadern de treball<\/strong><\/p>\n<ul>\n<li>L\u00e0mina: <a href=\"https:\/\/drive.google.com\/open?id=1MpKwSo_AIKevfK5h-zKCUNWHfObzdAwN\">&#8220;B\u00e0rcino&#8221;<\/a><\/li>\n<li>Quadern: <a href=\"https:\/\/drive.google.com\/open?id=1EZnrOjhmMnNV1F632LjsmD_29banF1cs\">&#8220;B\u00e0rcino: la Barcelona romana&#8221;<\/a><\/li>\n<\/ul>\n<\/td>\n<\/tr>\n<tr>\n<td style=\"background-color: #efefef;\" bgcolor=\"#efefef\"><img loading=\"lazy\" decoding=\"async\" src=\"http:\/\/blocs.xtec.cat\/cdabarcelona\/files\/2014\/02\/icon_tac1.gif\" alt=\"icon_tac\" width=\"32\" height=\"33\" \/><strong>Activitats TAC \/ enlla\u00e7os web<\/strong><\/p>\n<ul>\n<li>MUD:\u00a0<a href=\"http:\/\/www.edu365.com\/eso\/muds\/socials\/temple\/\" target=\"_blank\" rel=\"noopener noreferrer\">El Temple d\u2019August<\/a><\/li>\n<li>JClic:\u00a0<a href=\"http:\/\/clic.xtec.cat\/db\/act_ca.jsp?id=3429\">Barcino, la ciutat romana<\/a><\/li>\n<li>Guia de <a href=\"https:\/\/eu.docworkspace.com\/d\/sILynuLd68LeehgY\">B\u00e0rcino, la ciutat al subs\u00f2l del MUHBA<\/a><\/li>\n<\/ul>\n<\/td>\n<\/tr>\n<tr>\n<td style=\"background-color: #efefef;\" bgcolor=\"#efefef\"><img loading=\"lazy\" decoding=\"async\" src=\"http:\/\/blocs.xtec.cat\/cdabarcelona\/files\/2014\/02\/icon_video.gif\" alt=\"icon_video\" width=\"32\" height=\"33\" \/><strong>\u00c0udio \/ v\u00eddeo<\/strong><\/p>\n<ul>\n<li>V\u00eddeo\u00a0<a href=\"http:\/\/vimeo.com\/10954654\">Viatjant per la muralla: de Barcino a Barcelona (<\/a>Escola \u00c0ngel Baixeras)<\/li>\n<li>V\u00eddeo:\u00a0<a href=\"http:\/\/www.youtube.com\/watch?v=svNdQPhpsBg\" target=\"_blank\" rel=\"noopener noreferrer\">La domus romana\u00a0<\/a>(2:56 min)<\/li>\n<li>V\u00eddeo:\u00a0<a href=\"https:\/\/docs.google.com\/a\/xtec.cat\/leaf?id=0B_GhVqByDKGTZTNBcDdLcGhNWkE\" target=\"_blank\" rel=\"noopener noreferrer\">Un passeig virtual per la Barcelona romana\u00a0<\/a>(5:07 min)<\/li>\n<\/ul>\n<\/td>\n<\/tr>\n<tr>\n<td style=\"background-color: #efefef;\" bgcolor=\"#efefef\"><img loading=\"lazy\" decoding=\"async\" src=\"http:\/\/blocs.xtec.cat\/cdabarcelona\/files\/2014\/02\/icon_gmaps.gif\" alt=\"icon_gmaps\" width=\"32\" height=\"32\" \/><strong>Pl\u00e0nols<\/strong><\/p>\n<ul>\n<li>Google Maps: <a href=\"http:\/\/goo.gl\/maps\/j6jOc\" target=\"_blank\" rel=\"noopener noreferrer\">Barcelona romana<\/a><\/li>\n<\/ul>\n<\/td>\n<\/tr>\n<\/tbody>\n<\/table>\n<p style=\"text-align: right;\"><a href=\"https:\/\/serveiseducatius.xtec.cat\/cda-barcelona\/ambits\/totes-les-activitats\/\"><strong>&lt;\u00a0<\/strong><em>Torna a totes les activitats<\/em><\/a><\/p>\n","protected":false},"excerpt":{"rendered":"<p>CODI: HIS04 Educaci\u00f3 Prim\u00e0ria Recorrerem alguns dels llocs m\u00e9s significatius del llegat rom\u00e0 de la ciutat de\u00a0B\u00e0rcino, amb visita al subs\u00f2l del\u00a0Museu d&#8217;Hist\u00f2ria de Barcelona\u00a0incl\u00f2s (en funci\u00f3 del nombre de grups i disponibilitat hor\u00e0ria). \u00c0REES DE CONEIXEMENT Coneixement del medi natural, social i cultural Matem\u00e0tiques COMPET\u00c8NCIES Coneixement i interacci\u00f3 amb el m\u00f3n f\u00edsic Social i [&hellip;]<\/p>\n","protected":false},"author":1,"featured_media":0,"parent":0,"menu_order":0,"comment_status":"closed","ping_status":"closed","template":"","meta":{"_bbp_topic_count":0,"_bbp_reply_count":0,"_bbp_total_topic_count":0,"_bbp_total_reply_count":0,"_bbp_voice_count":0,"_bbp_anonymous_reply_count":0,"_bbp_topic_count_hidden":0,"_bbp_reply_count_hidden":0,"_bbp_forum_subforum_count":0,"site-sidebar-layout":"default","site-content-layout":"","ast-site-content-layout":"","site-content-style":"default","site-sidebar-style":"default","ast-global-header-display":"","ast-banner-title-visibility":"","ast-main-header-display":"","ast-hfb-above-header-display":"","ast-hfb-below-header-display":"","ast-hfb-mobile-header-display":"","site-post-title":"","ast-breadcrumbs-content":"","ast-featured-img":"","footer-sml-layout":"","theme-transparent-header-meta":"","adv-header-id-meta":"","stick-header-meta":"","header-above-stick-meta":"","header-main-stick-meta":"","header-below-stick-meta":"","astra-migrate-meta-layouts":"default","ast-page-background-enabled":"default","ast-page-background-meta":{"desktop":{"background-color":"var(--ast-global-color-4)","background-image":"","background-repeat":"repeat","background-position":"center center","background-size":"auto","background-attachment":"scroll","background-type":"","background-media":"","overlay-type":"","overlay-color":"","overlay-opacity":"","overlay-gradient":""},"tablet":{"background-color":"","background-image":"","background-repeat":"repeat","background-position":"center center","background-size":"auto","background-attachment":"scroll","background-type":"","background-media":"","overlay-type":"","overlay-color":"","overlay-opacity":"","overlay-gradient":""},"mobile":{"background-color":"","background-image":"","background-repeat":"repeat","background-position":"center center","background-size":"auto","background-attachment":"scroll","background-type":"","background-media":"","overlay-type":"","overlay-color":"","overlay-opacity":"","overlay-gradient":""}},"ast-content-background-meta":{"desktop":{"background-color":"var(--ast-global-color-5)","background-image":"","background-repeat":"repeat","background-position":"center center","background-size":"auto","background-attachment":"scroll","background-type":"","background-media":"","overlay-type":"","overlay-color":"","overlay-opacity":"","overlay-gradient":""},"tablet":{"background-color":"var(--ast-global-color-5)","background-image":"","background-repeat":"repeat","background-position":"center center","background-size":"auto","background-attachment":"scroll","background-type":"","background-media":"","overlay-type":"","overlay-color":"","overlay-opacity":"","overlay-gradient":""},"mobile":{"background-color":"var(--ast-global-color-5)","background-image":"","background-repeat":"repeat","background-position":"center center","background-size":"auto","background-attachment":"scroll","background-type":"","background-media":"","overlay-type":"","overlay-color":"","overlay-opacity":"","overlay-gradient":""}},"footnotes":""},"class_list":["post-8853","page","type-page","status-publish","hentry"],"post_mailing_queue_ids":[],"_links":{"self":[{"href":"https:\/\/serveiseducatius.xtec.cat\/cda-barcelona\/wp-json\/wp\/v2\/pages\/8853","targetHints":{"allow":["GET"]}}],"collection":[{"href":"https:\/\/serveiseducatius.xtec.cat\/cda-barcelona\/wp-json\/wp\/v2\/pages"}],"about":[{"href":"https:\/\/serveiseducatius.xtec.cat\/cda-barcelona\/wp-json\/wp\/v2\/types\/page"}],"author":[{"embeddable":true,"href":"https:\/\/serveiseducatius.xtec.cat\/cda-barcelona\/wp-json\/wp\/v2\/users\/1"}],"replies":[{"embeddable":true,"href":"https:\/\/serveiseducatius.xtec.cat\/cda-barcelona\/wp-json\/wp\/v2\/comments?post=8853"}],"version-history":[{"count":3,"href":"https:\/\/serveiseducatius.xtec.cat\/cda-barcelona\/wp-json\/wp\/v2\/pages\/8853\/revisions"}],"predecessor-version":[{"id":9514,"href":"https:\/\/serveiseducatius.xtec.cat\/cda-barcelona\/wp-json\/wp\/v2\/pages\/8853\/revisions\/9514"}],"wp:attachment":[{"href":"https:\/\/serveiseducatius.xtec.cat\/cda-barcelona\/wp-json\/wp\/v2\/media?parent=8853"}],"curies":[{"name":"wp","href":"https:\/\/api.w.org\/{rel}","templated":true}]}}