{"id":8850,"date":"2019-10-18T13:05:32","date_gmt":"2019-10-18T11:05:32","guid":{"rendered":"https:\/\/serveiseducatius.xtec.cat\/cda-barcelona\/?page_id=8850"},"modified":"2019-10-18T13:05:32","modified_gmt":"2019-10-18T11:05:32","slug":"barcelona-medieval-una-passejada-per-la-ribera-sec","status":"publish","type":"page","link":"https:\/\/serveiseducatius.xtec.cat\/cda-barcelona\/barcelona-medieval-una-passejada-per-la-ribera-sec\/","title":{"rendered":"Barcelona medieval: una passejada per la Ribera SEC"},"content":{"rendered":"<p><strong>CODI: HIS05<\/strong><\/p>\n<table style=\"width: 600px; height: 1246px;\" border=\"0\">\n<tbody>\n<tr style=\"height: 10px;\">\n<td style=\"height: 10px; width: 594px;\">Educaci\u00f3 Secund\u00e0ria<\/td>\n<\/tr>\n<tr style=\"height: 46px;\">\n<td style=\"height: 46px; width: 594px;\">Visitarem Santa Maria del Mar i recorrerem el barri de la Ribera i del Mercadal, descobrint la import\u00e0ncia dels gremis a l&#8217;Edat Mitjana.<\/td>\n<\/tr>\n<tr style=\"height: 65px;\">\n<td style=\"height: 65px; width: 594px;\">\n<h3>\u00c0REES DE CONEIXEMENT<\/h3>\n<\/td>\n<\/tr>\n<tr style=\"height: 99px;\">\n<td style=\"height: 99px; width: 594px;\" bgcolor=\"#efefef\">\n<ul>\n<li>Ci\u00e8ncies socials<\/li>\n<li>Educaci\u00f3 visual i pl\u00e0stica<\/li>\n<li>Tecnologia<\/li>\n<\/ul>\n<\/td>\n<\/tr>\n<tr style=\"height: 65px;\">\n<td style=\"height: 65px; width: 594px;\">\n<h3>COMPET\u00c8NCIES<\/h3>\n<\/td>\n<\/tr>\n<tr style=\"height: 99px;\">\n<td style=\"height: 99px; width: 594px;\" bgcolor=\"#efefef\">\n<ul>\n<li>Art\u00edstica i cultural<\/li>\n<li>Autonomia i iniciativa personal<\/li>\n<li>Social i ciutadana<\/li>\n<\/ul>\n<\/td>\n<\/tr>\n<tr style=\"height: 65px;\">\n<td style=\"height: 65px; width: 594px;\">\n<h3>OBJECTIUS<\/h3>\n<\/td>\n<\/tr>\n<tr style=\"height: 165px;\">\n<td style=\"height: 165px; width: 594px;\" bgcolor=\"#efefef\">\n<ul>\n<li>Con\u00e8ixer i identificar part del patrimoni medieval de la ciutat.<\/li>\n<li>Localitzar sobre el pl\u00e0nol el recinte medieval de la ciutat amb els llocs m\u00e9s significatius.<\/li>\n<li>Descobrir l&#8217;estructura urbana general d&#8217;una ciutat medieval.<\/li>\n<li>Prendre consci\u00e8ncia del llegat medieval: llengua, festivitats (Santa Eul\u00e0lia, Sant Jordi) i institucions (Consell de Cent, Diputaci\u00f3 del General) .<\/li>\n<li>Copsar la idea general de la vida quotidiana a la ciutat entre els segles XII i XV.<\/li>\n<\/ul>\n<\/td>\n<\/tr>\n<tr style=\"height: 65px;\">\n<td style=\"height: 65px; width: 594px;\">\n<h3>LLOC<\/h3>\n<\/td>\n<\/tr>\n<tr style=\"height: 55px;\">\n<td style=\"height: 55px; width: 594px;\" bgcolor=\"#efefef\">\n<ul>\n<li>Barri de la Ribera<\/li>\n<\/ul>\n<\/td>\n<\/tr>\n<tr style=\"height: 65px;\">\n<td style=\"height: 65px; width: 594px;\">\n<h3>DURADA<\/h3>\n<\/td>\n<\/tr>\n<tr style=\"height: 55px;\">\n<td style=\"height: 55px; width: 594px;\" bgcolor=\"#efefef\">\n<ul>\n<li>2h 30 min recorregut (mat\u00ed)<\/li>\n<\/ul>\n<\/td>\n<\/tr>\n<tr style=\"height: 65px;\">\n<td style=\"height: 65px; width: 594px;\">\n<h3>DESPESA<\/h3>\n<\/td>\n<\/tr>\n<tr style=\"height: 77px;\">\n<td style=\"height: 77px; width: 594px;\" bgcolor=\"#efefef\">\n<ul>\n<li>Despla\u00e7aments del centre fins el punt de trobada.<\/li>\n<li><a href=\"https:\/\/serveiseducatius.xtec.cat\/cda-barcelona\/inscripcio\/\">Preu p\u00fablic<\/a> d&#8217;activitats ensenyament-aprenentatge (Dep. d&#8217;Educaci\u00f3).<\/li>\n<\/ul>\n<\/td>\n<\/tr>\n<tr style=\"height: 65px;\">\n<td style=\"height: 65px; width: 594px;\">\n<h3>NOMBRE M\u00c0XIM D&#8217;ALUMNES<\/h3>\n<\/td>\n<\/tr>\n<tr style=\"height: 55px;\">\n<td style=\"height: 55px; width: 594px;\" bgcolor=\"#efefef\">\n<ul>\n<li>45 alumnes \/ 2 grups classe<\/li>\n<\/ul>\n<\/td>\n<\/tr>\n<tr style=\"height: 65px;\">\n<td style=\"height: 65px; width: 594px;\">\n<h3>OBSERVACIONS<\/h3>\n<\/td>\n<\/tr>\n<tr style=\"height: 55px;\">\n<td style=\"height: 55px; width: 594px;\" bgcolor=\"#efefef\">\n<ul>\n<li>Punt de trobada a decidir entre el centre i el Camp d&#8217;Aprenentatge de Barcelona.<\/li>\n<\/ul>\n<\/td>\n<\/tr>\n<tr style=\"height: 10px;\">\n<td style=\"height: 10px; width: 594px;\"><\/td>\n<\/tr>\n<\/tbody>\n<\/table>\n<table style=\"width: 602px; height: 599px;\" border=\"0\">\n<tbody>\n<tr style=\"height: 65px;\">\n<td style=\"width: 596px; height: 65px;\">\n<h3><strong>RECURSOS DID\u00c0CTICS<\/strong><\/h3>\n<\/td>\n<\/tr>\n<tr style=\"height: 111px;\">\n<td style=\"width: 596px; height: 111px;\" bgcolor=\"#efefef\"><img loading=\"lazy\" decoding=\"async\" src=\"http:\/\/blocs.xtec.cat\/cdabarcelona\/files\/2014\/02\/icon_quadern.gif\" alt=\"icon_quadern\" width=\"32\" height=\"32\" \/><strong>Quadern de treball<\/strong><\/p>\n<ul>\n<li>Quadern: <a href=\"https:\/\/drive.google.com\/open?id=1y3GpriyGBu9lp2kRduK4R_jQk_Ta0eM2\">&#8220;Barcelona medieval: una passejada per la Ribera&#8221;\u00a0<\/a><\/li>\n<\/ul>\n<\/td>\n<\/tr>\n<tr style=\"height: 134px;\">\n<td style=\"width: 596px; height: 134px;\" bgcolor=\"#efefef\"><img loading=\"lazy\" decoding=\"async\" src=\"http:\/\/blocs.xtec.cat\/cdabarcelona\/files\/2014\/02\/icon_tac1.gif\" alt=\"icon_tac\" width=\"32\" height=\"33\" \/><strong>Activitats TAC \/ enlla\u00e7os web<\/strong><\/p>\n<ul>\n<li>Presentaci\u00f3:\u00a0<a href=\"http:\/\/www.ub.edu\/contrataedium\/bcn_medieval\/grup_recerca4_web.swf\">\u201c<em>Taedium: la Barcelona Medieval<\/em>\u201d<\/a><\/li>\n<li>Mapa interactiu:\u00a0<a href=\"http:\/\/www.ildefonsofalcones.es\/bundles\/runroomrandomhouse\/swf\/mapa.swf\" target=\"_blank\" rel=\"noopener noreferrer\">La Barcelona del sXIV<\/a>\u00a0(Escenaris de la novela &#8220;L&#8217;esgl\u00e8sia del mar&#8221;)<\/li>\n<\/ul>\n<\/td>\n<\/tr>\n<tr style=\"height: 156px;\">\n<td style=\"width: 596px; height: 156px;\" bgcolor=\"#efefef\"><img loading=\"lazy\" decoding=\"async\" src=\"http:\/\/blocs.xtec.cat\/cdabarcelona\/files\/2014\/02\/icon_video.gif\" alt=\"icon_video\" width=\"32\" height=\"33\" \/><strong>\u00c0udio \/ v\u00eddeo<\/strong><\/p>\n<ul>\n<li>V\u00eddeo:\u00a0<a href=\"http:\/\/www.youtube.com\/watch?v=H08zbeGbSq8\" target=\"_blank\" rel=\"noopener noreferrer\">&#8220;Novedades de la arquitectura g\u00f3tica&#8221;<\/a>\u00a0(1:59 min)<\/li>\n<li>V\u00eddeo:\u00a0<a href=\"http:\/\/www.youtube.com\/watch?v=D20tG65TWic\" target=\"_blank\" rel=\"noopener noreferrer\">&#8220;Romanesque vs Gothic Architecture&#8221;<\/a>\u00a0(angl\u00e8s, 5:02 min)<\/li>\n<li>V\u00eddeo:\u00a0<a href=\"http:\/\/www.edu3.cat\/Edu3tv\/Fitxa?p_id=16485\">&#8220;El g\u00f2tic, a la recerca de la llum&#8221;<\/a><\/li>\n<\/ul>\n<\/td>\n<\/tr>\n<tr style=\"height: 133px;\">\n<td style=\"width: 596px; height: 133px;\" bgcolor=\"#efefef\">\u00a0<img loading=\"lazy\" decoding=\"async\" src=\"http:\/\/blocs.xtec.cat\/cdabarcelona\/files\/2014\/02\/icon_gmaps.gif\" alt=\"icon_gmaps\" width=\"32\" height=\"32\" \/><strong>Pl\u00e0nol<\/strong><\/p>\n<ul>\n<li><a href=\"https:\/\/www.google.com\/maps\/d\/viewer?mid=1JGGHxwnqtTYZl6FxU-YTPmLREOQ&amp;ll=41.3834299445442%2C2.1802898999999343&amp;z=16\">Llocs a visitar<\/a><\/li>\n<li><a href=\"https:\/\/www.google.com\/maps\/place\/Barri+de+la+Ribera,+08003+Barcelona\/@41.3836639,2.1653513,14z\/data=!3m1!4b1!4m5!3m4!1s0x12a4a2fe48a2ff55:0x1ffbb35c3756d28a!8m2!3d41.3836658!4d2.1828609\">Barri de la Ribera<\/a><\/li>\n<\/ul>\n<\/td>\n<\/tr>\n<\/tbody>\n<\/table>\n<p style=\"text-align: right;\"><a href=\"https:\/\/serveiseducatius.xtec.cat\/cda-barcelona\/ambits\/totes-les-activitats\/\"><strong>&lt;\u00a0<\/strong><em>Torna a totes les activitats<\/em><\/a><\/p>\n","protected":false},"excerpt":{"rendered":"<p>CODI: HIS05 Educaci\u00f3 Secund\u00e0ria Visitarem Santa Maria del Mar i recorrerem el barri de la Ribera i del Mercadal, descobrint la import\u00e0ncia dels gremis a l&#8217;Edat Mitjana. \u00c0REES DE CONEIXEMENT Ci\u00e8ncies socials Educaci\u00f3 visual i pl\u00e0stica Tecnologia COMPET\u00c8NCIES Art\u00edstica i cultural Autonomia i iniciativa personal Social i ciutadana OBJECTIUS Con\u00e8ixer i identificar part del patrimoni [&hellip;]<\/p>\n","protected":false},"author":1,"featured_media":0,"parent":0,"menu_order":0,"comment_status":"closed","ping_status":"closed","template":"","meta":{"_bbp_topic_count":0,"_bbp_reply_count":0,"_bbp_total_topic_count":0,"_bbp_total_reply_count":0,"_bbp_voice_count":0,"_bbp_anonymous_reply_count":0,"_bbp_topic_count_hidden":0,"_bbp_reply_count_hidden":0,"_bbp_forum_subforum_count":0,"site-sidebar-layout":"default","site-content-layout":"","ast-site-content-layout":"","site-content-style":"default","site-sidebar-style":"default","ast-global-header-display":"","ast-banner-title-visibility":"","ast-main-header-display":"","ast-hfb-above-header-display":"","ast-hfb-below-header-display":"","ast-hfb-mobile-header-display":"","site-post-title":"","ast-breadcrumbs-content":"","ast-featured-img":"","footer-sml-layout":"","theme-transparent-header-meta":"","adv-header-id-meta":"","stick-header-meta":"","header-above-stick-meta":"","header-main-stick-meta":"","header-below-stick-meta":"","astra-migrate-meta-layouts":"default","ast-page-background-enabled":"default","ast-page-background-meta":{"desktop":{"background-color":"var(--ast-global-color-4)","background-image":"","background-repeat":"repeat","background-position":"center center","background-size":"auto","background-attachment":"scroll","background-type":"","background-media":"","overlay-type":"","overlay-color":"","overlay-opacity":"","overlay-gradient":""},"tablet":{"background-color":"","background-image":"","background-repeat":"repeat","background-position":"center center","background-size":"auto","background-attachment":"scroll","background-type":"","background-media":"","overlay-type":"","overlay-color":"","overlay-opacity":"","overlay-gradient":""},"mobile":{"background-color":"","background-image":"","background-repeat":"repeat","background-position":"center center","background-size":"auto","background-attachment":"scroll","background-type":"","background-media":"","overlay-type":"","overlay-color":"","overlay-opacity":"","overlay-gradient":""}},"ast-content-background-meta":{"desktop":{"background-color":"var(--ast-global-color-5)","background-image":"","background-repeat":"repeat","background-position":"center center","background-size":"auto","background-attachment":"scroll","background-type":"","background-media":"","overlay-type":"","overlay-color":"","overlay-opacity":"","overlay-gradient":""},"tablet":{"background-color":"var(--ast-global-color-5)","background-image":"","background-repeat":"repeat","background-position":"center center","background-size":"auto","background-attachment":"scroll","background-type":"","background-media":"","overlay-type":"","overlay-color":"","overlay-opacity":"","overlay-gradient":""},"mobile":{"background-color":"var(--ast-global-color-5)","background-image":"","background-repeat":"repeat","background-position":"center center","background-size":"auto","background-attachment":"scroll","background-type":"","background-media":"","overlay-type":"","overlay-color":"","overlay-opacity":"","overlay-gradient":""}},"footnotes":""},"class_list":["post-8850","page","type-page","status-publish","hentry"],"post_mailing_queue_ids":[],"_links":{"self":[{"href":"https:\/\/serveiseducatius.xtec.cat\/cda-barcelona\/wp-json\/wp\/v2\/pages\/8850","targetHints":{"allow":["GET"]}}],"collection":[{"href":"https:\/\/serveiseducatius.xtec.cat\/cda-barcelona\/wp-json\/wp\/v2\/pages"}],"about":[{"href":"https:\/\/serveiseducatius.xtec.cat\/cda-barcelona\/wp-json\/wp\/v2\/types\/page"}],"author":[{"embeddable":true,"href":"https:\/\/serveiseducatius.xtec.cat\/cda-barcelona\/wp-json\/wp\/v2\/users\/1"}],"replies":[{"embeddable":true,"href":"https:\/\/serveiseducatius.xtec.cat\/cda-barcelona\/wp-json\/wp\/v2\/comments?post=8850"}],"version-history":[{"count":1,"href":"https:\/\/serveiseducatius.xtec.cat\/cda-barcelona\/wp-json\/wp\/v2\/pages\/8850\/revisions"}],"predecessor-version":[{"id":8852,"href":"https:\/\/serveiseducatius.xtec.cat\/cda-barcelona\/wp-json\/wp\/v2\/pages\/8850\/revisions\/8852"}],"wp:attachment":[{"href":"https:\/\/serveiseducatius.xtec.cat\/cda-barcelona\/wp-json\/wp\/v2\/media?parent=8850"}],"curies":[{"name":"wp","href":"https:\/\/api.w.org\/{rel}","templated":true}]}}