{"id":8828,"date":"2019-10-17T14:04:42","date_gmt":"2019-10-17T12:04:42","guid":{"rendered":"https:\/\/serveiseducatius.xtec.cat\/cda-barcelona\/?page_id=8828"},"modified":"2019-10-17T14:15:30","modified_gmt":"2019-10-17T12:15:30","slug":"jocs-amb-molta-historia","status":"publish","type":"page","link":"https:\/\/serveiseducatius.xtec.cat\/cda-barcelona\/jocs-amb-molta-historia\/","title":{"rendered":"Jocs amb molta hist\u00f2ria"},"content":{"rendered":"<p><strong>CODI: HIS02<\/strong><\/p>\n<table style=\"width: 600px; height: 1531px;\" border=\"0\">\n<tbody>\n<tr style=\"height: 31px;\">\n<td style=\"height: 31px; width: 594px;\"><i>Educaci\u00f3 Prim\u00e0ria<\/i><\/td>\n<\/tr>\n<tr style=\"height: 91px;\">\n<td style=\"height: 91px; width: 594px;\">Barcelona \u00e9s una ciutat que sempre ha mostrat passi\u00f3 pel joc i els esports. Us convidem a viatjar en el temps i con\u00e8ixer a qu\u00e8 i com jugaven els nens durant els m\u00e9s des de fa dos mil anys d&#8217;hist\u00f2ria de la nostra ciutat.<\/td>\n<\/tr>\n<tr style=\"height: 65px;\">\n<td style=\"height: 65px; width: 594px;\">\n<h3>DESENVOLUPAMENT<\/h3>\n<\/td>\n<\/tr>\n<tr style=\"height: 76px;\">\n<td style=\"background-color: #efefef; height: 76px; width: 594px;\"><span style=\"background-color: #f9f9f9;\">Jugarem a 3 o 4 jocs de cada per\u00edode. Segur que molts d\u2019ells us recorden a jocs que heu jugat no fa gaire.<\/span><\/td>\n<\/tr>\n<tr style=\"height: 65px;\">\n<td style=\"height: 65px; width: 594px;\">\n<h3>\u00c0REES DE CONEIXEMENT<\/h3>\n<\/td>\n<\/tr>\n<tr style=\"height: 77px;\">\n<td style=\"height: 77px; width: 594px;\" bgcolor=\"#f3f5f2\">\n<ul>\n<li style=\"list-style-type: none;\">\n<ul>\n<li>Llengua<\/li>\n<li>Coneixement del medi social i cultural<\/li>\n<li>Matem\u00e0tiques<\/li>\n<\/ul>\n<\/li>\n<\/ul>\n<\/td>\n<\/tr>\n<tr style=\"height: 65px;\">\n<td style=\"height: 65px; width: 594px;\">\n<h3>COMPET\u00c8NCIES<\/h3>\n<\/td>\n<\/tr>\n<tr style=\"height: 143px;\">\n<td style=\"height: 143px; width: 594px;\" bgcolor=\"#f3f5f2\">\n<ul>\n<li style=\"list-style-type: none;\">\n<ul>\n<li>Comunicativa ling\u00fc\u00edstica i audiovisual<\/li>\n<li>Matem\u00e0tica<\/li>\n<li>Coneixement i interacci\u00f3 amb el m\u00f3n f\u00edsic<\/li>\n<li>Social i ciutadana<\/li>\n<\/ul>\n<\/li>\n<\/ul>\n<\/td>\n<\/tr>\n<tr style=\"height: 65px;\">\n<td style=\"height: 65px; width: 594px;\">\n<h3>OBJECTIUS<\/h3>\n<\/td>\n<\/tr>\n<tr style=\"height: 165px;\">\n<td style=\"height: 165px; width: 594px;\" bgcolor=\"#f3f5f2\">\n<ul>\n<li style=\"list-style-type: none;\">\n<ul>\n<li>Con\u00e8ixer-se a si mateix, als altres i establir vincles afectius.<\/li>\n<li>Estimular la superaci\u00f3 personal a partir de l\u2019experimentaci\u00f3 de l\u2019\u00e8xit, que \u00e9s la base<br \/>\nde tota autoconfian\u00e7a.<\/li>\n<li>Interioritzar les normes i pautes de comportament social, ja que si els infants<br \/>\nno respecten les normes de joc que ells mateixos es donen, se sancionen.<\/li>\n<li>Con\u00e8ixer tres \u00e8poques hist\u00f2riques a trav\u00e9s d&#8217;un fet popular com \u00e9s el joc.<\/li>\n<li>Valorar els jocs tradicionals com a part del nostre patrimoni cultural i hist\u00f2ric.<\/li>\n<\/ul>\n<\/li>\n<\/ul>\n<\/td>\n<\/tr>\n<tr style=\"height: 65px;\">\n<td style=\"height: 65px; width: 594px;\">\n<h3>LLOC<\/h3>\n<\/td>\n<\/tr>\n<tr style=\"height: 77px;\">\n<td style=\"height: 77px; width: 594px;\" bgcolor=\"#f3f5f2\">\n<ul>\n<li style=\"list-style-type: none;\">\n<ul>\n<li>CdA Barcelona. <a href=\"https:\/\/mapsengine.google.com\/map\/edit?mid=zSHy7jM-bTtU.k62NUtEJ4xTI\">Passeig de la mare de D\u00e9u del Coll, 41<\/a><\/li>\n<\/ul>\n<\/li>\n<\/ul>\n<\/td>\n<\/tr>\n<tr style=\"height: 65px;\">\n<td style=\"height: 65px; width: 594px;\">\n<h3>DURADA<\/h3>\n<\/td>\n<\/tr>\n<tr style=\"height: 77px;\">\n<td style=\"height: 77px; width: 594px;\" bgcolor=\"#f3f5f2\">\n<ul>\n<li style=\"list-style-type: none;\">\n<ul>\n<li>1:30h<\/li>\n<\/ul>\n<\/li>\n<\/ul>\n<\/td>\n<\/tr>\n<tr style=\"height: 65px;\">\n<td style=\"height: 65px; width: 594px;\">\n<h3>DESPESA<\/h3>\n<\/td>\n<\/tr>\n<tr style=\"height: 77px;\">\n<td style=\"height: 77px; width: 594px;\" bgcolor=\"#f3f5f2\">\n<ul style=\"margin-left: 40px;\">\n<li>Despla\u00e7aments del centre fins el punt de trobada.<\/li>\n<li><a href=\"https:\/\/serveiseducatius.xtec.cat\/cda-barcelona\/inscripcio\/\">Preu p\u00fablic<\/a> d&#8217;activitats ensenyament-aprenentatge (Dep. d&#8217;Educaci\u00f3).<\/li>\n<\/ul>\n<\/td>\n<\/tr>\n<tr style=\"height: 65px;\">\n<td style=\"height: 65px; width: 594px;\">\n<h3>NOMBRE M\u00c0XIM D&#8217;ALUMNES<\/h3>\n<\/td>\n<\/tr>\n<tr style=\"height: 55px;\">\n<td style=\"height: 55px; width: 594px;\" bgcolor=\"#f3f5f2\">\n<ul>\n<li>45 alumnes \/ 2 grups classe.<\/li>\n<\/ul>\n<\/td>\n<\/tr>\n<tr style=\"height: 65px;\">\n<td style=\"height: 65px; width: 594px;\">\n<h3>OBSERVACIONS<\/h3>\n<\/td>\n<\/tr>\n<tr style=\"height: 77px;\">\n<td style=\"height: 77px; width: 594px;\" bgcolor=\"#f3f5f2\">\n<ul>\n<li>Podeu arribar-hi amb metro: Vallcarca (L3) o Coll Teixonera (L5).<\/li>\n<li>Si arribeu amb autocar cliqueu al seg\u00fcent <a href=\"https:\/\/serveiseducatius.xtec.cat\/cda-barcelona\/el-camp\/on-som\/\">enlla\u00e7 <\/a>i seguiu les instruccions del Google Maps.<\/li>\n<\/ul>\n<\/td>\n<\/tr>\n<\/tbody>\n<\/table>\n<table style=\"width: 600px;\" border=\"0\">\n<tbody>\n<tr>\n<td width=\"599\"><strong>RECURSOS DID\u00c0CTICS<\/strong><\/td>\n<\/tr>\n<tr>\n<td style=\"background-color: #efefef;\" bgcolor=\"efefef\"><img loading=\"lazy\" decoding=\"async\" src=\"http:\/\/blocs.xtec.cat\/cdabarcelona\/files\/2014\/02\/icon_tac1.gif\" alt=\"icon_tac\" width=\"32\" height=\"33\" \/><strong>Quadern pel professorat<\/strong><\/p>\n<ul>\n<li>Quadern <a href=\"https:\/\/drive.google.com\/open?id=12V-1zwpINWoYUUziaLhQIwLTadorN6FH\">&#8220;Jocs amb molta hist\u00f2ria&#8221;<\/a><\/li>\n<\/ul>\n<\/td>\n<\/tr>\n<tr>\n<td style=\"background-color: #efefef;\" bgcolor=\"#efefef\"><img loading=\"lazy\" decoding=\"async\" src=\"http:\/\/blocs.xtec.cat\/cdabarcelona\/files\/2014\/02\/icon_video.gif\" alt=\"icon_video\" width=\"32\" height=\"33\" \/><strong>\u00c0udio \/ v\u00eddeo<\/strong><\/p>\n<ul>\n<li>V\u00eddeo: <a href=\"https:\/\/ajuntament.barcelona.cat\/ciutatvella\/ca\/noticia\/la-capsula-del-temps-un-recorregut-historic-per-barcelona_396486\">&#8220;La c\u00e0psula del temps. Un recorregut hist\u00f2ric per Barcelona&#8221;\u00a0<\/a><\/li>\n<li>V\u00eddeo: <a href=\"https:\/\/www.ccma.cat\/tv3\/super3\/infok\/juguem-a-jocs-tradicionals\/video\/5856756\/\">&#8220;Juguem a jocs tradicionals&#8221;<\/a><\/li>\n<li>V\u00eddeo: <a href=\"https:\/\/www.youtube.com\/watch?v=766hg6aCf5g\">&#8220;Recuperar els jocs tradicionals&#8221;<\/a><\/li>\n<\/ul>\n<\/td>\n<\/tr>\n<tr>\n<td style=\"background-color: #efefef;\" bgcolor=\"#efefef\"><img loading=\"lazy\" decoding=\"async\" src=\"http:\/\/blocs.xtec.cat\/cdabarcelona\/files\/2014\/02\/icon_gmaps.gif\" alt=\"icon_gmaps\" width=\"32\" height=\"32\" \/><strong>Pl\u00e0nols<\/strong><\/p>\n<ul>\n<li>Google maps: <a href=\"https:\/\/mapsengine.google.com\/map\/edit?mid=zSHy7jM-bTtU.k62NUtEJ4xTI\">CdA Barcelona<\/a><\/li>\n<\/ul>\n<\/td>\n<\/tr>\n<\/tbody>\n<\/table>\n<p style=\"text-align: right;\"><a href=\"https:\/\/serveiseducatius.xtec.cat\/cda-barcelona\/ambits\/totes-les-activitats\/\"><strong>&lt;\u00a0<\/strong><em>Torna a totes les activitats<\/em><\/a><\/p>\n","protected":false},"excerpt":{"rendered":"<p>CODI: HIS02 Educaci\u00f3 Prim\u00e0ria Barcelona \u00e9s una ciutat que sempre ha mostrat passi\u00f3 pel joc i els esports. Us convidem a viatjar en el temps i con\u00e8ixer a qu\u00e8 i com jugaven els nens durant els m\u00e9s des de fa dos mil anys d&#8217;hist\u00f2ria de la nostra ciutat. DESENVOLUPAMENT Jugarem a 3 o 4 jocs [&hellip;]<\/p>\n","protected":false},"author":1,"featured_media":0,"parent":0,"menu_order":0,"comment_status":"closed","ping_status":"closed","template":"","meta":{"_bbp_topic_count":0,"_bbp_reply_count":0,"_bbp_total_topic_count":0,"_bbp_total_reply_count":0,"_bbp_voice_count":0,"_bbp_anonymous_reply_count":0,"_bbp_topic_count_hidden":0,"_bbp_reply_count_hidden":0,"_bbp_forum_subforum_count":0,"site-sidebar-layout":"default","site-content-layout":"","ast-site-content-layout":"","site-content-style":"default","site-sidebar-style":"default","ast-global-header-display":"","ast-banner-title-visibility":"","ast-main-header-display":"","ast-hfb-above-header-display":"","ast-hfb-below-header-display":"","ast-hfb-mobile-header-display":"","site-post-title":"","ast-breadcrumbs-content":"","ast-featured-img":"","footer-sml-layout":"","theme-transparent-header-meta":"","adv-header-id-meta":"","stick-header-meta":"","header-above-stick-meta":"","header-main-stick-meta":"","header-below-stick-meta":"","astra-migrate-meta-layouts":"default","ast-page-background-enabled":"default","ast-page-background-meta":{"desktop":{"background-color":"var(--ast-global-color-4)","background-image":"","background-repeat":"repeat","background-position":"center center","background-size":"auto","background-attachment":"scroll","background-type":"","background-media":"","overlay-type":"","overlay-color":"","overlay-opacity":"","overlay-gradient":""},"tablet":{"background-color":"","background-image":"","background-repeat":"repeat","background-position":"center center","background-size":"auto","background-attachment":"scroll","background-type":"","background-media":"","overlay-type":"","overlay-color":"","overlay-opacity":"","overlay-gradient":""},"mobile":{"background-color":"","background-image":"","background-repeat":"repeat","background-position":"center center","background-size":"auto","background-attachment":"scroll","background-type":"","background-media":"","overlay-type":"","overlay-color":"","overlay-opacity":"","overlay-gradient":""}},"ast-content-background-meta":{"desktop":{"background-color":"var(--ast-global-color-5)","background-image":"","background-repeat":"repeat","background-position":"center center","background-size":"auto","background-attachment":"scroll","background-type":"","background-media":"","overlay-type":"","overlay-color":"","overlay-opacity":"","overlay-gradient":""},"tablet":{"background-color":"var(--ast-global-color-5)","background-image":"","background-repeat":"repeat","background-position":"center center","background-size":"auto","background-attachment":"scroll","background-type":"","background-media":"","overlay-type":"","overlay-color":"","overlay-opacity":"","overlay-gradient":""},"mobile":{"background-color":"var(--ast-global-color-5)","background-image":"","background-repeat":"repeat","background-position":"center center","background-size":"auto","background-attachment":"scroll","background-type":"","background-media":"","overlay-type":"","overlay-color":"","overlay-opacity":"","overlay-gradient":""}},"footnotes":""},"class_list":["post-8828","page","type-page","status-publish","hentry"],"post_mailing_queue_ids":[],"_links":{"self":[{"href":"https:\/\/serveiseducatius.xtec.cat\/cda-barcelona\/wp-json\/wp\/v2\/pages\/8828","targetHints":{"allow":["GET"]}}],"collection":[{"href":"https:\/\/serveiseducatius.xtec.cat\/cda-barcelona\/wp-json\/wp\/v2\/pages"}],"about":[{"href":"https:\/\/serveiseducatius.xtec.cat\/cda-barcelona\/wp-json\/wp\/v2\/types\/page"}],"author":[{"embeddable":true,"href":"https:\/\/serveiseducatius.xtec.cat\/cda-barcelona\/wp-json\/wp\/v2\/users\/1"}],"replies":[{"embeddable":true,"href":"https:\/\/serveiseducatius.xtec.cat\/cda-barcelona\/wp-json\/wp\/v2\/comments?post=8828"}],"version-history":[{"count":3,"href":"https:\/\/serveiseducatius.xtec.cat\/cda-barcelona\/wp-json\/wp\/v2\/pages\/8828\/revisions"}],"predecessor-version":[{"id":8837,"href":"https:\/\/serveiseducatius.xtec.cat\/cda-barcelona\/wp-json\/wp\/v2\/pages\/8828\/revisions\/8837"}],"wp:attachment":[{"href":"https:\/\/serveiseducatius.xtec.cat\/cda-barcelona\/wp-json\/wp\/v2\/media?parent=8828"}],"curies":[{"name":"wp","href":"https:\/\/api.w.org\/{rel}","templated":true}]}}