{"id":8787,"date":"2019-10-17T09:04:38","date_gmt":"2019-10-17T07:04:38","guid":{"rendered":"https:\/\/serveiseducatius.xtec.cat\/cda-barcelona\/?page_id=8787"},"modified":"2019-10-17T10:02:50","modified_gmt":"2019-10-17T08:02:50","slug":"barcelona-des-de-montjuic-pri","status":"publish","type":"page","link":"https:\/\/serveiseducatius.xtec.cat\/cda-barcelona\/barcelona-des-de-montjuic-pri\/","title":{"rendered":"Barcelona des de Montju\u00efc PRI"},"content":{"rendered":"<p><strong>CODI: URB03<\/strong><\/p>\n<table class=\" alignleft\" style=\"width: 706px;\" border=\"0\">\n<tbody>\n<tr>\n<td width=\"586\"><i>Educaci\u00f3 Prim\u00e0ria<br \/>\n<\/i><\/td>\n<\/tr>\n<tr>\n<td>Des dels miradors del Castell de Montju\u00efc es fa una observaci\u00f3 del paisatge urb\u00e0 de<br \/>\nla ciutat, amb localitzaci\u00f3 i descripci\u00f3 d&#8217;alguns llocs determinats tant de la fa\u00e7ana<br \/>\nmar\u00edtima com del pla i la serralada. Es treballar\u00e0 l&#8217;\u00fas del pl\u00e0nol i l&#8217;orientaci\u00f3.<\/td>\n<\/tr>\n<tr>\n<td>\n<h3>\u00c0REES DE CONEIXEMENT<\/h3>\n<\/td>\n<\/tr>\n<tr>\n<td bgcolor=\"#efefef\">\n<ul>\n<li>Coneixement del medi natural, social i cultural<\/li>\n<li>Llengua<\/li>\n<\/ul>\n<\/td>\n<\/tr>\n<tr>\n<td>\n<h3>COMPET\u00c8NCIES<\/h3>\n<\/td>\n<\/tr>\n<tr>\n<td bgcolor=\"#efefef\">\n<ul>\n<li>Compet\u00e8ncia comunicativa<\/li>\n<li>Matem\u00e0tica<\/li>\n<li>Aprendre a aprendre<\/li>\n<li>Autonomia i iniciativa personal<\/li>\n<li>Coneixement i interacci\u00f3 amb el m\u00f3n f\u00edsic<\/li>\n<li>Social i ciutadana<\/li>\n<\/ul>\n<\/td>\n<\/tr>\n<tr>\n<td>\n<h3>OBJECTIUS<\/h3>\n<\/td>\n<\/tr>\n<tr>\n<td bgcolor=\"#efefef\">\n<ul>\n<li>Obtenir una visi\u00f3 global de la distribuci\u00f3 de la ciutat en el seu espai f\u00edsic i del seu paisatge.<\/li>\n<li>Iniciar-se a l&#8217;\u00fas del pl\u00e0nol, orientant-lo i identificant alguns llocs significatius.<\/li>\n<li>Con\u00e8ixer i identificar els l\u00edmits naturals de l&#8217;\u00e0rea de Barcelona.<\/li>\n<li>Copsar la import\u00e0ncia de les grans infraestructures (port, aeroport, zona f\u00f2rum&#8230;) pel funcionament de la ciutat i la seva \u00e0rea d&#8217;influ\u00e8ncia.<\/li>\n<\/ul>\n<\/td>\n<\/tr>\n<tr>\n<td>\n<h3>LLOC<\/h3>\n<\/td>\n<\/tr>\n<tr>\n<td bgcolor=\"#efefef\">\n<ul>\n<li>Castell de Montju\u00efc<\/li>\n<\/ul>\n<\/td>\n<\/tr>\n<tr>\n<td>\n<h3>DURADA<\/h3>\n<\/td>\n<\/tr>\n<tr>\n<td bgcolor=\"#efefef\">\n<ul>\n<li>2h (activitat de mat\u00ed)<\/li>\n<\/ul>\n<\/td>\n<\/tr>\n<tr>\n<td>\n<h3>MATERIAL NECESSARI<\/h3>\n<\/td>\n<\/tr>\n<tr>\n<td style=\"background-color: #efefef;\">Aportat pel Camp d&#8217;aprenentatge:<\/p>\n<ul>\n<li>L\u00e0mina o quadern de treball &#8211; 1 per equip<\/li>\n<li>C\u00e0mera fotogr\u00e0fica &#8211; 1 per equip<\/li>\n<li>Pl\u00e0nols, bin\u00f2cles i br\u00faixoles &#8211; 1 per equip<\/li>\n<\/ul>\n<p>Aportat pel centre \/ alumnat:<\/p>\n<ul>\n<li>Carpeta de tapa dura &#8211; 1 per equip<\/li>\n<li>Material per escriure<\/li>\n<\/ul>\n<\/td>\n<\/tr>\n<tr>\n<td>\n<h3>DESPESA<\/h3>\n<\/td>\n<\/tr>\n<tr>\n<td bgcolor=\"#efefef\">\n<ul>\n<li>Despla\u00e7aments del centre fins el punt de trobada.<\/li>\n<li><a href=\"https:\/\/serveiseducatius.xtec.cat\/cda-barcelona\/inscripcio\/\">Preu p\u00fablic<\/a> d&#8217;activitats ensenyament-aprenentatge (Dep. d&#8217;Educaci\u00f3).<\/li>\n<\/ul>\n<\/td>\n<\/tr>\n<tr>\n<td>\n<h3>NOMBRE M\u00c0XIM D&#8217;ALUMNES<\/h3>\n<\/td>\n<\/tr>\n<tr>\n<td style=\"background-color: #efefef;\">\n<ul>\n<li>45 (2 grups classe)<\/li>\n<\/ul>\n<\/td>\n<\/tr>\n<tr>\n<td>\n<h3>OBSERVACIONS<\/h3>\n<\/td>\n<\/tr>\n<tr>\n<td style=\"background-color: #efefef;\">\n<ul>\n<li style=\"background-color: #efefef;\">Es pot arribar al\u00a0<a href=\"http:\/\/goo.gl\/maps\/MPWDb\" target=\"_blank\" rel=\"noopener noreferrer\">punt de trobada<\/a>\u00a0amb metro: estaci\u00f3 Espanya (L1-L3-S33-S4-S8-R5-R6)<\/li>\n<li style=\"background-color: #efefef;\">Des d&#8217;all\u00e0 pujarem al castell amb el BUS 150 (servir\u00e0 el mateix bitllet amb que s&#8217;ha arribat al punt de trobada).<\/li>\n<\/ul>\n<\/td>\n<\/tr>\n<tr>\n<td>\u00a0<strong>RECURSOS DID\u00c0CTICS<\/strong><\/td>\n<\/tr>\n<tr>\n<td style=\"background-color: #efefef;\"><img loading=\"lazy\" decoding=\"async\" src=\"http:\/\/blocs.xtec.cat\/cdabarcelona\/files\/2014\/02\/icon_quadern.gif\" alt=\"icon_quadern\" width=\"32\" height=\"32\" \/><strong>Quadern de treball<\/strong><\/p>\n<ul>\n<li>L\u00e0mina\u00a0<a href=\"https:\/\/drive.google.com\/open?id=1lHqp_Dtmyt-bPpGDZrvMhP06miEmVpON\" target=\"_blank\" rel=\"noopener noreferrer\">&#8220;Barcelona des de Montju\u00efc &#8211; PRI&#8221;<\/a><\/li>\n<\/ul>\n<\/td>\n<\/tr>\n<tr>\n<td style=\"background-color: #efefef;\"><img loading=\"lazy\" decoding=\"async\" src=\"http:\/\/blocs.xtec.cat\/cdabarcelona\/files\/2014\/02\/icon_tac1.gif\" alt=\"icon_tac\" width=\"32\" height=\"33\" \/><strong>Activitats TAC \/ enlla\u00e7os web<\/strong><\/p>\n<ul>\n<li>Panor\u00e0mica interactiva:\u00a0<a href=\"http:\/\/www.xtec.cat\/cda-barcelona\/pano_montjuic\/pano_bcn_montjuic.html\">Barcelona des de Montju\u00efc<\/a><\/li>\n<li>Viquip\u00e8dia:\u00a0<a href=\"http:\/\/ca.wikipedia.org\/wiki\/Castell_de_Montju%C3%AFc\" target=\"_blank\" rel=\"noopener noreferrer\">el Castell de Montju\u00efc<\/a><\/li>\n<\/ul>\n<\/td>\n<\/tr>\n<tr>\n<td style=\"background-color: #efefef;\"><img loading=\"lazy\" decoding=\"async\" src=\"http:\/\/blocs.xtec.cat\/cdabarcelona\/files\/2014\/02\/icon_video.gif\" alt=\"icon_video\" width=\"32\" height=\"33\" \/><strong>\u00c0udio \/ v\u00eddeo<\/strong><\/p>\n<ul>\n<li>El Paisatge Favorit de Catalunya (TV3):\u00a0<a title=\"Miradors de Barcelona\" href=\"http:\/\/www.edu3.cat\/Edu3tv\/Fitxa?p_id=46443\" target=\"_blank\" rel=\"noopener noreferrer\">Miradors de Barcelona\u00a0<\/a>(13 min)<\/li>\n<\/ul>\n<\/td>\n<\/tr>\n<tr>\n<td style=\"background-color: #efefef;\"><img loading=\"lazy\" decoding=\"async\" src=\"http:\/\/blocs.xtec.cat\/cdabarcelona\/files\/2014\/02\/icon_gmaps.gif\" alt=\"icon_gmaps\" width=\"32\" height=\"32\" \/><strong>Pl\u00e0nols<\/strong><\/p>\n<ul>\n<li><a href=\"https:\/\/www.google.com\/maps\/ms?msid=204721710877743235163.0004dce76f6865d092dc2&amp;msa=0\" target=\"_blank\" rel=\"noopener noreferrer\">Montju\u00efc<\/a><\/li>\n<li><a href=\"http:\/\/goo.gl\/maps\/QSOTm\" target=\"_blank\" rel=\"noopener noreferrer\">Barcelona (Google maps)<\/a><\/li>\n<li><a href=\"http:\/\/w20.bcn.cat\/Guiamap\/Default.aspx#x=27601.01&amp;y=83987.71&amp;z=0&amp;w=980&amp;h=736&amp;base=GuiaMartorell\" target=\"_blank\" rel=\"noopener noreferrer\">Barcelona (Ajuntament de Barcelona)<\/a><\/li>\n<\/ul>\n<\/td>\n<\/tr>\n<\/tbody>\n<\/table>\n<p>&nbsp;<\/p>\n<p>&nbsp;<\/p>\n<p>&nbsp;<\/p>\n<p>&nbsp;<\/p>\n<p>&nbsp;<\/p>\n<p>&nbsp;<\/p>\n<p>&nbsp;<\/p>\n<p>&nbsp;<\/p>\n<p>&nbsp;<\/p>\n<p>&nbsp;<\/p>\n<p>&nbsp;<\/p>\n<p>&nbsp;<\/p>\n<p>&nbsp;<\/p>\n<p>&nbsp;<\/p>\n<p>&nbsp;<\/p>\n<p>&nbsp;<\/p>\n<p>&nbsp;<\/p>\n<p>&nbsp;<\/p>\n<p>&nbsp;<\/p>\n<p>&nbsp;<\/p>\n<p>&nbsp;<\/p>\n<p>&nbsp;<\/p>\n<p>&nbsp;<\/p>\n<p>&nbsp;<\/p>\n<p>&nbsp;<\/p>\n<p>&nbsp;<\/p>\n<p>&nbsp;<\/p>\n<p>&nbsp;<\/p>\n<p>&nbsp;<\/p>\n<p>&nbsp;<\/p>\n<p>&nbsp;<\/p>\n<p>&nbsp;<\/p>\n<p>&nbsp;<\/p>\n<p>&nbsp;<\/p>\n<p>&nbsp;<\/p>\n<p>&nbsp;<\/p>\n<p>&nbsp;<\/p>\n<p>&nbsp;<\/p>\n<p>&nbsp;<\/p>\n<p>&nbsp;<\/p>\n<p>&nbsp;<\/p>\n<p>&nbsp;<\/p>\n<p>&nbsp;<\/p>\n<p>&nbsp;<\/p>\n<p>&nbsp;<\/p>\n<p>&nbsp;<\/p>\n<p>&nbsp;<\/p>\n<p>&nbsp;<\/p>\n<p>&nbsp;<\/p>\n<p>&nbsp;<\/p>\n<p>&nbsp;<\/p>\n<p style=\"text-align: right;\"><a href=\"https:\/\/serveiseducatius.xtec.cat\/cda-barcelona\/ambits\/totes-les-activitats\/\"><strong>&lt;\u00a0<\/strong><em>Torna a totes les activitats<\/em><\/a><\/p>\n","protected":false},"excerpt":{"rendered":"<p>CODI: URB03 Educaci\u00f3 Prim\u00e0ria Des dels miradors del Castell de Montju\u00efc es fa una observaci\u00f3 del paisatge urb\u00e0 de la ciutat, amb localitzaci\u00f3 i descripci\u00f3 d&#8217;alguns llocs determinats tant de la fa\u00e7ana mar\u00edtima com del pla i la serralada. Es treballar\u00e0 l&#8217;\u00fas del pl\u00e0nol i l&#8217;orientaci\u00f3. \u00c0REES DE CONEIXEMENT Coneixement del medi natural, social i [&hellip;]<\/p>\n","protected":false},"author":1,"featured_media":0,"parent":0,"menu_order":0,"comment_status":"closed","ping_status":"closed","template":"","meta":{"_bbp_topic_count":0,"_bbp_reply_count":0,"_bbp_total_topic_count":0,"_bbp_total_reply_count":0,"_bbp_voice_count":0,"_bbp_anonymous_reply_count":0,"_bbp_topic_count_hidden":0,"_bbp_reply_count_hidden":0,"_bbp_forum_subforum_count":0,"site-sidebar-layout":"default","site-content-layout":"","ast-site-content-layout":"","site-content-style":"default","site-sidebar-style":"default","ast-global-header-display":"","ast-banner-title-visibility":"","ast-main-header-display":"","ast-hfb-above-header-display":"","ast-hfb-below-header-display":"","ast-hfb-mobile-header-display":"","site-post-title":"","ast-breadcrumbs-content":"","ast-featured-img":"","footer-sml-layout":"","theme-transparent-header-meta":"","adv-header-id-meta":"","stick-header-meta":"","header-above-stick-meta":"","header-main-stick-meta":"","header-below-stick-meta":"","astra-migrate-meta-layouts":"default","ast-page-background-enabled":"default","ast-page-background-meta":{"desktop":{"background-color":"var(--ast-global-color-4)","background-image":"","background-repeat":"repeat","background-position":"center center","background-size":"auto","background-attachment":"scroll","background-type":"","background-media":"","overlay-type":"","overlay-color":"","overlay-opacity":"","overlay-gradient":""},"tablet":{"background-color":"","background-image":"","background-repeat":"repeat","background-position":"center center","background-size":"auto","background-attachment":"scroll","background-type":"","background-media":"","overlay-type":"","overlay-color":"","overlay-opacity":"","overlay-gradient":""},"mobile":{"background-color":"","background-image":"","background-repeat":"repeat","background-position":"center center","background-size":"auto","background-attachment":"scroll","background-type":"","background-media":"","overlay-type":"","overlay-color":"","overlay-opacity":"","overlay-gradient":""}},"ast-content-background-meta":{"desktop":{"background-color":"var(--ast-global-color-5)","background-image":"","background-repeat":"repeat","background-position":"center center","background-size":"auto","background-attachment":"scroll","background-type":"","background-media":"","overlay-type":"","overlay-color":"","overlay-opacity":"","overlay-gradient":""},"tablet":{"background-color":"var(--ast-global-color-5)","background-image":"","background-repeat":"repeat","background-position":"center center","background-size":"auto","background-attachment":"scroll","background-type":"","background-media":"","overlay-type":"","overlay-color":"","overlay-opacity":"","overlay-gradient":""},"mobile":{"background-color":"var(--ast-global-color-5)","background-image":"","background-repeat":"repeat","background-position":"center center","background-size":"auto","background-attachment":"scroll","background-type":"","background-media":"","overlay-type":"","overlay-color":"","overlay-opacity":"","overlay-gradient":""}},"footnotes":""},"class_list":["post-8787","page","type-page","status-publish","hentry"],"post_mailing_queue_ids":[],"_links":{"self":[{"href":"https:\/\/serveiseducatius.xtec.cat\/cda-barcelona\/wp-json\/wp\/v2\/pages\/8787","targetHints":{"allow":["GET"]}}],"collection":[{"href":"https:\/\/serveiseducatius.xtec.cat\/cda-barcelona\/wp-json\/wp\/v2\/pages"}],"about":[{"href":"https:\/\/serveiseducatius.xtec.cat\/cda-barcelona\/wp-json\/wp\/v2\/types\/page"}],"author":[{"embeddable":true,"href":"https:\/\/serveiseducatius.xtec.cat\/cda-barcelona\/wp-json\/wp\/v2\/users\/1"}],"replies":[{"embeddable":true,"href":"https:\/\/serveiseducatius.xtec.cat\/cda-barcelona\/wp-json\/wp\/v2\/comments?post=8787"}],"version-history":[{"count":3,"href":"https:\/\/serveiseducatius.xtec.cat\/cda-barcelona\/wp-json\/wp\/v2\/pages\/8787\/revisions"}],"predecessor-version":[{"id":9701,"href":"https:\/\/serveiseducatius.xtec.cat\/cda-barcelona\/wp-json\/wp\/v2\/pages\/8787\/revisions\/9701"}],"wp:attachment":[{"href":"https:\/\/serveiseducatius.xtec.cat\/cda-barcelona\/wp-json\/wp\/v2\/media?parent=8787"}],"curies":[{"name":"wp","href":"https:\/\/api.w.org\/{rel}","templated":true}]}}