{"id":8771,"date":"2019-10-16T17:27:31","date_gmt":"2019-10-16T15:27:31","guid":{"rendered":"https:\/\/serveiseducatius.xtec.cat\/cda-barcelona\/?page_id=8771"},"modified":"2019-10-16T17:50:13","modified_gmt":"2019-10-16T15:50:13","slug":"el-ralli-dels-transports-publics","status":"publish","type":"page","link":"https:\/\/serveiseducatius.xtec.cat\/cda-barcelona\/el-ralli-dels-transports-publics\/","title":{"rendered":"El ral\u00b7li dels transports p\u00fablics"},"content":{"rendered":"<table border=\"0\">\n<tbody>\n<tr>\n<td>\n<h6>CODI: URB01<\/h6>\n<\/td>\n<\/tr>\n<\/tbody>\n<\/table>\n<table style=\"width: 600px;\" border=\"0\">\n<tbody>\n<tr>\n<td><i>Educaci\u00f3 Prim\u00e0ria<\/i><\/td>\n<\/tr>\n<tr>\n<td>Recorregut entre diversos llocs significatius de la ciutat enlla\u00e7ant diferents tipus de transport p\u00fablic: metro, autob\u00fas i tramvia. A cada lloc es prendr\u00e0 alguna imatge com a prova d&#8217;haver estat.<\/td>\n<\/tr>\n<tr>\n<td>\n<h3><\/h3>\n<h3>\u00c0REES DE CONEIXEMENT<\/h3>\n<\/td>\n<\/tr>\n<tr>\n<td bgcolor=\"#efefef\">\n<ul>\n<li>Coneixement del medi natural, social i cultural<\/li>\n<li>Educaci\u00f3 art\u00edstica<\/li>\n<li>Matem\u00e0tiques<\/li>\n<\/ul>\n<\/td>\n<\/tr>\n<tr>\n<td>\n<h3>COMPET\u00c8NCIES<\/h3>\n<\/td>\n<\/tr>\n<tr>\n<td bgcolor=\"#efefef\">\n<ul>\n<li>Comunicativa ling\u00fc\u00edstica i audiovisual<\/li>\n<li>Art\u00edstica<\/li>\n<li>Matem\u00e0tica<\/li>\n<li>Aprendre a aprendre<\/li>\n<li>Autonomia i iniciativa personal<\/li>\n<li>Coneixement i interacci\u00f3 amb el m\u00f3n f\u00edsic<\/li>\n<li>Social i ciutadana<\/li>\n<\/ul>\n<\/td>\n<\/tr>\n<tr>\n<td>\n<h3>OBJECTIUS<\/h3>\n<\/td>\n<\/tr>\n<tr>\n<td bgcolor=\"#efefef\">\n<ul>\n<li>Con\u00e8ixer com a usuaris diferents mitjans de transport p\u00fablic urb\u00e0 (metro, bus, tramvia).<\/li>\n<li>Aprendre a fer-los servir de manera responsable.<\/li>\n<li>Dissenyar recorreguts senzills entre diferents punts de la ciutat combinant diferents transports p\u00fablics.<\/li>\n<li>Calcular el cost de la despesa necess\u00e0ria per fer el recorregut a partir de les diferents opcions de t\u00edtols de transport existents (seleccionant les m\u00e9s convenients).<\/li>\n<\/ul>\n<\/td>\n<\/tr>\n<tr>\n<td>\n<h3>LLOC<\/h3>\n<\/td>\n<\/tr>\n<tr>\n<td bgcolor=\"#efefef\">\n<ul>\n<li>Xarxa de transports, en funci\u00f3 del recorregut.<\/li>\n<\/ul>\n<\/td>\n<\/tr>\n<tr>\n<td>\n<h3>DURADA<\/h3>\n<\/td>\n<\/tr>\n<tr>\n<td bgcolor=\"#efefef\">\n<ul>\n<li>2&#8217;5h aproximadament.<\/li>\n<\/ul>\n<\/td>\n<\/tr>\n<tr>\n<td>\n<h3>DESPESA<\/h3>\n<\/td>\n<\/tr>\n<tr>\n<td bgcolor=\"#efefef\">\n<ul>\n<li>Despla\u00e7aments del centre fins el punt de trobada.<\/li>\n<li><a href=\"https:\/\/serveiseducatius.xtec.cat\/cda-barcelona\/inscripcio\/\">Preu p\u00fablic<\/a> d&#8217;activitats ensenyament-aprenentatge (Dep. d&#8217;Educaci\u00f3).<\/li>\n<\/ul>\n<\/td>\n<\/tr>\n<tr>\n<td>\n<h3>NOMBRE M\u00c0XIM D&#8217;ALUMNES<\/h3>\n<\/td>\n<\/tr>\n<tr>\n<td bgcolor=\"#efefef\">\n<ul>\n<li>30 alumnes \/ 1 grup classe<\/li>\n<\/ul>\n<\/td>\n<\/tr>\n<tr>\n<td>\n<h3>OBSERVACIONS<\/h3>\n<\/td>\n<\/tr>\n<tr>\n<td bgcolor=\"#efefef\">\n<ul>\n<li><strong>Punt de trobada:<\/strong> a pactar entre el Camp d\u2019Aprenentatge i el centre depenent del mitj\u00e0 de transport.<\/li>\n<\/ul>\n<\/td>\n<\/tr>\n<\/tbody>\n<\/table>\n<table style=\"width: 600px;\" border=\"0\">\n<tbody>\n<tr>\n<td width=\"598\"><strong>RECURSOS DID\u00c0CTICS<\/strong><\/td>\n<\/tr>\n<tr>\n<td style=\"background-color: #efefef;\" bgcolor=\"#efefef\"><img loading=\"lazy\" decoding=\"async\" src=\"http:\/\/blocs.xtec.cat\/cdabarcelona\/files\/2014\/02\/icon_quadern.gif\" alt=\"icon_quadern\" width=\"32\" height=\"32\" \/><strong>Quadern de treball<\/strong><\/p>\n<ul>\n<li>Quadern <a href=\"https:\/\/drive.google.com\/open?id=16hQzZwCXAVoqa9tJqZ25O92C69LXn-SW\">&#8220;Ral\u00b7li dels transports p\u00fablics 1&#8221;<\/a><\/li>\n<li>Quadern <a href=\"https:\/\/drive.google.com\/open?id=1WpbmzZsa4lN3YI7u_KyaNgCszokou4Ob\">&#8220;Ral\u00b7li dels transports p\u00fablics 2&#8221;<\/a><\/li>\n<\/ul>\n<\/td>\n<\/tr>\n<tr>\n<td style=\"background-color: #efefef;\" bgcolor=\"efefef\"><img loading=\"lazy\" decoding=\"async\" src=\"http:\/\/blocs.xtec.cat\/cdabarcelona\/files\/2014\/02\/icon_tac1.gif\" alt=\"icon_tac\" width=\"32\" height=\"33\" \/><strong>Activitats TAC \/ enlla\u00e7os web<\/strong><\/p>\n<ul>\n<li>Presentaci\u00f3:\u00a0<a href=\"http:\/\/www.xtec.net\/cda-barcelona\/mat_didactics\/transports_bcn.ppt\" target=\"_blank\" rel=\"noopener noreferrer\">els transports.<\/a><\/li>\n<li>JClic:\u00a0<a target=\"_blank\" rel=\"noopener noreferrer\">Los medios de transporte<\/a><\/li>\n<\/ul>\n<\/td>\n<\/tr>\n<tr>\n<td style=\"background-color: #efefef;\" bgcolor=\"#efefef\"><img loading=\"lazy\" decoding=\"async\" src=\"http:\/\/blocs.xtec.cat\/cdabarcelona\/files\/2014\/02\/icon_video.gif\" alt=\"icon_video\" width=\"32\" height=\"33\" \/><strong>\u00c0udio \/ v\u00eddeo<\/strong><\/p>\n<ul>\n<li>Video:\u00a0<a href=\"http:\/\/www.edu3.cat\/Edu3tv\/Fitxa?p_id=32174&amp;p_ex=TRANSPORTS%20PUBLICS%20&amp;p_niv=2219\">transports p\u00fablics<\/a>\u00a0(Edu3 &#8211; TV3)<\/li>\n<li>Video:<a href=\"http:\/\/www.edu3.cat\/Edu3tv\/Fitxa?p_id=32416&amp;p_ex=TRANSPORTS%20PUBLICS%20&amp;p_niv=2219\" target=\"_blank\" rel=\"noopener noreferrer\">\u00a0l&#8217;energia que necessitem per passar un dia\u00a0<\/a>(Edu3 &#8211; TV3)<\/li>\n<\/ul>\n<\/td>\n<\/tr>\n<tr>\n<td style=\"background-color: #efefef;\" bgcolor=\"#efefef\"><img loading=\"lazy\" decoding=\"async\" src=\"http:\/\/blocs.xtec.cat\/cdabarcelona\/files\/2014\/02\/icon_gmaps.gif\" alt=\"icon_gmaps\" width=\"32\" height=\"32\" \/><strong>Pl\u00e0nols<\/strong><\/p>\n<ul>\n<li>Mapa:\u00a0<a href=\"http:\/\/www.mapametrobarcelona.net\/mapas-metro\/mapa-metro-barcelona-accesibilidad.jpg\" target=\"_blank\" rel=\"noopener noreferrer\">l\u00ednies de METRO<\/a><\/li>\n<li>Mapa:<a href=\"http:\/\/www.mapametrobarcelona.net\/mapa-bus-general\/mapa-bus-barcelona.png\" target=\"_blank\" rel=\"noopener noreferrer\">\u00a0l\u00ednies de BUS<\/a><\/li>\n<\/ul>\n<\/td>\n<\/tr>\n<\/tbody>\n<\/table>\n<p style=\"text-align: right;\">\u00a0<a href=\"https:\/\/serveiseducatius.xtec.cat\/cda-barcelona\/ambits\/totes-les-activitats\/\">&lt;\u00a0<\/a><a href=\"http:\/\/blocs.xtec.cat\/cdabarcelona\/totes-les-activitats-2\/\"><em>Torna a totes les activitats<\/em><\/a><\/p>\n","protected":false},"excerpt":{"rendered":"<p>CODI: URB01 Educaci\u00f3 Prim\u00e0ria Recorregut entre diversos llocs significatius de la ciutat enlla\u00e7ant diferents tipus de transport p\u00fablic: metro, autob\u00fas i tramvia. A cada lloc es prendr\u00e0 alguna imatge com a prova d&#8217;haver estat. \u00c0REES DE CONEIXEMENT Coneixement del medi natural, social i cultural Educaci\u00f3 art\u00edstica Matem\u00e0tiques COMPET\u00c8NCIES Comunicativa ling\u00fc\u00edstica i audiovisual Art\u00edstica Matem\u00e0tica Aprendre [&hellip;]<\/p>\n","protected":false},"author":1,"featured_media":0,"parent":0,"menu_order":0,"comment_status":"closed","ping_status":"closed","template":"","meta":{"_bbp_topic_count":0,"_bbp_reply_count":0,"_bbp_total_topic_count":0,"_bbp_total_reply_count":0,"_bbp_voice_count":0,"_bbp_anonymous_reply_count":0,"_bbp_topic_count_hidden":0,"_bbp_reply_count_hidden":0,"_bbp_forum_subforum_count":0,"site-sidebar-layout":"default","site-content-layout":"","ast-site-content-layout":"","site-content-style":"default","site-sidebar-style":"default","ast-global-header-display":"","ast-banner-title-visibility":"","ast-main-header-display":"","ast-hfb-above-header-display":"","ast-hfb-below-header-display":"","ast-hfb-mobile-header-display":"","site-post-title":"","ast-breadcrumbs-content":"","ast-featured-img":"","footer-sml-layout":"","theme-transparent-header-meta":"","adv-header-id-meta":"","stick-header-meta":"","header-above-stick-meta":"","header-main-stick-meta":"","header-below-stick-meta":"","astra-migrate-meta-layouts":"default","ast-page-background-enabled":"default","ast-page-background-meta":{"desktop":{"background-color":"var(--ast-global-color-4)","background-image":"","background-repeat":"repeat","background-position":"center center","background-size":"auto","background-attachment":"scroll","background-type":"","background-media":"","overlay-type":"","overlay-color":"","overlay-opacity":"","overlay-gradient":""},"tablet":{"background-color":"","background-image":"","background-repeat":"repeat","background-position":"center center","background-size":"auto","background-attachment":"scroll","background-type":"","background-media":"","overlay-type":"","overlay-color":"","overlay-opacity":"","overlay-gradient":""},"mobile":{"background-color":"","background-image":"","background-repeat":"repeat","background-position":"center center","background-size":"auto","background-attachment":"scroll","background-type":"","background-media":"","overlay-type":"","overlay-color":"","overlay-opacity":"","overlay-gradient":""}},"ast-content-background-meta":{"desktop":{"background-color":"var(--ast-global-color-5)","background-image":"","background-repeat":"repeat","background-position":"center center","background-size":"auto","background-attachment":"scroll","background-type":"","background-media":"","overlay-type":"","overlay-color":"","overlay-opacity":"","overlay-gradient":""},"tablet":{"background-color":"var(--ast-global-color-5)","background-image":"","background-repeat":"repeat","background-position":"center center","background-size":"auto","background-attachment":"scroll","background-type":"","background-media":"","overlay-type":"","overlay-color":"","overlay-opacity":"","overlay-gradient":""},"mobile":{"background-color":"var(--ast-global-color-5)","background-image":"","background-repeat":"repeat","background-position":"center center","background-size":"auto","background-attachment":"scroll","background-type":"","background-media":"","overlay-type":"","overlay-color":"","overlay-opacity":"","overlay-gradient":""}},"footnotes":""},"class_list":["post-8771","page","type-page","status-publish","hentry"],"post_mailing_queue_ids":[],"_links":{"self":[{"href":"https:\/\/serveiseducatius.xtec.cat\/cda-barcelona\/wp-json\/wp\/v2\/pages\/8771","targetHints":{"allow":["GET"]}}],"collection":[{"href":"https:\/\/serveiseducatius.xtec.cat\/cda-barcelona\/wp-json\/wp\/v2\/pages"}],"about":[{"href":"https:\/\/serveiseducatius.xtec.cat\/cda-barcelona\/wp-json\/wp\/v2\/types\/page"}],"author":[{"embeddable":true,"href":"https:\/\/serveiseducatius.xtec.cat\/cda-barcelona\/wp-json\/wp\/v2\/users\/1"}],"replies":[{"embeddable":true,"href":"https:\/\/serveiseducatius.xtec.cat\/cda-barcelona\/wp-json\/wp\/v2\/comments?post=8771"}],"version-history":[{"count":3,"href":"https:\/\/serveiseducatius.xtec.cat\/cda-barcelona\/wp-json\/wp\/v2\/pages\/8771\/revisions"}],"predecessor-version":[{"id":8778,"href":"https:\/\/serveiseducatius.xtec.cat\/cda-barcelona\/wp-json\/wp\/v2\/pages\/8771\/revisions\/8778"}],"wp:attachment":[{"href":"https:\/\/serveiseducatius.xtec.cat\/cda-barcelona\/wp-json\/wp\/v2\/media?parent=8771"}],"curies":[{"name":"wp","href":"https:\/\/api.w.org\/{rel}","templated":true}]}}