{"id":8760,"date":"2019-10-16T13:12:35","date_gmt":"2019-10-16T11:12:35","guid":{"rendered":"https:\/\/serveiseducatius.xtec.cat\/cda-barcelona\/?page_id=8760"},"modified":"2021-07-07T12:30:04","modified_gmt":"2021-07-07T10:30:04","slug":"la-barcelona-cientifica","status":"publish","type":"page","link":"https:\/\/serveiseducatius.xtec.cat\/cda-barcelona\/la-barcelona-cientifica\/","title":{"rendered":"La Barcelona cient\u00edfica"},"content":{"rendered":"<p><strong>CODI: AMB04<\/strong><\/p>\n<table style=\"width: 600px; height: 2009px;\" border=\"0\">\n<tbody>\n<tr style=\"height: 33px;\">\n<td style=\"height: 33px; width: 594px;\"><i>Educaci\u00f3 Secund\u00e0ria<\/i><\/td>\n<\/tr>\n<tr style=\"height: 95px;\">\n<td style=\"height: 95px; width: 594px;\">Amb aquesta activitat s&#8217;estudiaran aspectes de la ci\u00e8ncia que passen desapercebuts als carrers<br \/>\nde Barcelona quan passegem. Les matem\u00e0tiques estan molt presents a l&#8217;Eixample. I l&#8217;an\u00e0lisi dels materials empleats en la construcci\u00f3 dels edificis ens permet aprendre geologia. Antoni Gaud\u00ed es va inspirar en la natura. Els seus treballs ens aporten coneixements naturals i, en el nostre cas, biol\u00f2gics. I estudiarem quins s\u00f3n els contaminants, els seus efectes i com els podem mesurar a la ciutat.<\/td>\n<\/tr>\n<tr style=\"height: 110px;\">\n<td style=\"height: 110px; width: 594px;\">\n<h3><\/h3>\n<h3>\u00c0REES DE CONEIXEMENT<\/h3>\n<\/td>\n<\/tr>\n<tr style=\"height: 146px;\">\n<td style=\"height: 146px; width: 594px;\" bgcolor=\"#efefef\">\n<ul>\n<li>Ci\u00e8ncies de la naturalesa<\/li>\n<li>Matem\u00e0tiques<\/li>\n<li>Tecnologia<\/li>\n<li>Educaci\u00f3 per la ciutadania<\/li>\n<\/ul>\n<\/td>\n<\/tr>\n<tr style=\"height: 66px;\">\n<td style=\"height: 66px; width: 594px;\">\n<h3>COMPET\u00c8NCIES<\/h3>\n<\/td>\n<\/tr>\n<tr style=\"height: 168px;\">\n<td style=\"height: 168px; width: 594px;\" bgcolor=\"#efefef\">\n<ul>\n<li><strong>C01S-LLE<\/strong> Obtenir informaci\u00f3, interpretar i valorar el contingut de textos escrits de la vida quotidiana, dels mitjans de comunicaci\u00f3 i acad\u00e8mics per comprendre&#8217;ls.<\/li>\n<li><strong>CO7S-LLE<\/strong> Obtenir informaci\u00f3, interpretar i valorar textos orals de la vida quotidiana, dels mitjans de comunicaci\u00f3 i acad\u00e8mics, incloent-hi els elements pros\u00f2dics i no verbals.<\/li>\n<li><strong>CO12S-CIE-TEC<\/strong> Adoptar mesures de prevenci\u00f3 i h\u00e0bits saludables en l&#8217;\u00e0mbit individual i social, fonamentades en el coneixement de les estrat\u00e8gies de detecci\u00f3 i resposta del cos hum\u00e0.<\/li>\n<li><strong>CO6S-CUL-VAL<\/strong> Aplicar el di\u00e0leg i exercitar totes les habilitats que comporta,especialment per a la soluci\u00f3 de conflictes interpersonals i per propiciar la cultura de la pau.<\/li>\n<li><strong>CO9S-CUL-VAL<\/strong> Analitzar cr\u00edticament l&#8217;entorn (natural, cientifico tecnol\u00f2gic, social,pol\u00edtic, cultural) des de la perspectiva \u00e8tica, individualment i de manera col\u00b7lectiva.<\/li>\n<li><strong>CO1S-CUL-VAL<\/strong> Actuar amb autonomia en la presa de decisions i ser responsable dels propis actes.<\/li>\n<li><strong>CO3S-SOC<\/strong> Interpretar que el present \u00e9s producte del passat, per comprendre que el futur \u00e9s fruit de les decisions i accions actuals.<\/li>\n<\/ul>\n<\/td>\n<\/tr>\n<tr style=\"height: 66px;\">\n<td style=\"height: 66px; width: 594px;\">\n<h3>OBJECTIUS<\/h3>\n<\/td>\n<\/tr>\n<tr style=\"height: 146px;\">\n<td style=\"height: 146px; width: 594px;\" bgcolor=\"#efefef\">\n<ul>\n<li>Aplicar les ci\u00e8ncies (Matem\u00e0tiques, Geologia, Biologia, Ambientals i Qu\u00edmica) a l&#8217;entorn de la ciutat.<\/li>\n<li>Emprar els recursos necessaris per facilitar el m\u00e8tode cient\u00edfic.<\/li>\n<li>Prendre consci\u00e8ncia dels problemes mediambientals i formular propostes de millora.<\/li>\n<\/ul>\n<\/td>\n<\/tr>\n<tr style=\"height: 66px;\">\n<td style=\"height: 66px; width: 594px;\">\n<h3>LLOC<\/h3>\n<\/td>\n<\/tr>\n<tr style=\"height: 57px;\">\n<td style=\"height: 57px; width: 594px;\" bgcolor=\"#efefef\">\n<ul>\n<li>Dreta de l&#8217;Eixample<\/li>\n<\/ul>\n<\/td>\n<\/tr>\n<tr style=\"height: 66px;\">\n<td style=\"height: 66px; width: 594px;\">\n<h3>DURADA<\/h3>\n<\/td>\n<\/tr>\n<tr style=\"height: 57px;\">\n<td style=\"height: 57px; width: 594px;\" bgcolor=\"#efefef\">\n<ul>\n<li>2&#8217;5 hores.<\/li>\n<\/ul>\n<\/td>\n<\/tr>\n<tr style=\"height: 66px;\">\n<td style=\"height: 66px; width: 594px;\">\n<h3>DESPESA<\/h3>\n<\/td>\n<\/tr>\n<tr style=\"height: 79px;\">\n<td style=\"height: 79px; width: 594px;\" bgcolor=\"#efefef\">\n<ul>\n<li>Despla\u00e7aments del centre fins el punt de trobada.<\/li>\n<li><a href=\"https:\/\/serveiseducatius.xtec.cat\/cda-barcelona\/inscripcio\/\">Preu p\u00fablic<\/a> d&#8217;activitats ensenyament-aprenentatge (Dep. d&#8217;Educaci\u00f3).<\/li>\n<\/ul>\n<\/td>\n<\/tr>\n<tr style=\"height: 66px;\">\n<td style=\"height: 66px; width: 594px;\">\n<h3>NOMBRE M\u00c0XIM D&#8217;ALUMNES<\/h3>\n<\/td>\n<\/tr>\n<tr style=\"height: 57px;\">\n<td style=\"height: 57px; width: 594px;\" bgcolor=\"#efefef\">\n<ul>\n<li>45 alumnes \/ 2 grups classe<\/li>\n<\/ul>\n<\/td>\n<\/tr>\n<tr style=\"height: 66px;\">\n<td style=\"height: 66px; width: 594px;\">\n<h3>OBSERVACIONS<\/h3>\n<\/td>\n<\/tr>\n<tr style=\"height: 79px;\">\n<td style=\"height: 79px; width: 594px;\" bgcolor=\"#efefef\">\n<ul>\n<li><strong>Punt de trobada:<\/strong>\u00a0a pactar amb el Camp d\u2019Aprenentatge i el centre depenent del mitj\u00e0 de transport.<\/li>\n<\/ul>\n<\/td>\n<\/tr>\n<tr style=\"height: 66px;\">\n<td style=\"height: 66px; width: 594px;\">\n<h3>RECURSOS DID\u00c0CTICS<\/h3>\n<\/td>\n<\/tr>\n<tr style=\"height: 113px;\">\n<td style=\"height: 113px; width: 594px;\" bgcolor=\"#efefef\"><img loading=\"lazy\" decoding=\"async\" src=\"http:\/\/blocs.xtec.cat\/cdabarcelona\/files\/2014\/02\/icon_quadern.gif\" alt=\"icon_quadern\" width=\"32\" height=\"32\" \/><strong>Quadern de treball<\/strong><\/p>\n<ul>\n<li><a href=\"https:\/\/drive.google.com\/file\/d\/1cYymjx_aq_cx3sZ0ebQewbfCTNWbq5bV\/view?usp=sharing\">La Barcelona cient\u00edfica<\/a><\/li>\n<\/ul>\n<\/td>\n<\/tr>\n<tr style=\"height: 114px;\">\n<td style=\"height: 114px; width: 594px;\" bgcolor=\"#efefef\"><img loading=\"lazy\" decoding=\"async\" src=\"http:\/\/blocs.xtec.cat\/cdabarcelona\/files\/2014\/02\/icon_tac1.gif\" alt=\"icon_tac\" width=\"32\" height=\"33\" \/><strong>Activitats TAC \/ enlla\u00e7os web<\/strong><\/p>\n<ul>\n<li><a href=\"https:\/\/barcelonapaseodegracia.com\/es\/noticias\/la-loseta-gaudi-caminar-sobre-una-obra-de-arte\/\">La loseta Gaud\u00ed<\/a><\/li>\n<li><a href=\"http:\/\/matemolivares.blogia.com\/temas\/matematicas-y-geometria-en-la-naturaleza..php\">Matem\u00e1ticas y geometr\u00eda en la naturaleza<\/a><\/li>\n<li><a href=\"http:\/\/mediambient.gencat.cat\/ca\/05_ambits_dactuacio\/atmosfera\/qualitat_de_laire\/vols-saber-que-respires\/\">Vols saber l&#8217;aire que respires?<\/a><\/li>\n<li><strong>Formulari Google<\/strong> &#8211; Coneixements previs: <a href=\"https:\/\/drive.google.com\/open?id=1wkkbvdHtv2MaOjEV_E1tA61I-3i5z7BJ\">La Barcelona cient\u00edfica<\/a> (aquesta \u00e9s una mostra en PDF, l&#8217;enlla\u00e7 al formulari el rebreu al full de ruta en el moment de preparar l&#8217;activitat)<\/li>\n<\/ul>\n<\/td>\n<\/tr>\n<tr style=\"height: 114px;\">\n<td style=\"height: 114px; width: 594px;\" bgcolor=\"#efefef\"><img loading=\"lazy\" decoding=\"async\" src=\"http:\/\/blocs.xtec.cat\/cdabarcelona\/files\/2014\/02\/icon_video.gif\" alt=\"icon_video\" width=\"32\" height=\"33\" \/><strong>\u00c0udio \/ v\u00eddeo<\/strong><\/p>\n<ul>\n<li><a href=\"https:\/\/www.ccma.cat\/tv3\/alacarta\/quequicom\/el-garraf-un-munt-de-calci\/video\/3014350\/\">V\u00eddeo QU\u00c8 QUI COM &#8211; Calci<\/a><\/li>\n<\/ul>\n<\/td>\n<\/tr>\n<tr style=\"height: 113px;\">\n<td style=\"height: 113px; width: 594px;\" bgcolor=\"#efefef\"><img loading=\"lazy\" decoding=\"async\" src=\"http:\/\/blocs.xtec.cat\/cdabarcelona\/files\/2014\/02\/icon_gmaps.gif\" alt=\"icon_gmaps\" width=\"32\" height=\"32\" \/><strong>Pl\u00e0nols<\/strong><\/p>\n<ul>\n<li><a href=\"https:\/\/www.google.com\/maps?q=dreta+de+l%27eixample+barcelona&amp;um=1&amp;ie=UTF-8&amp;sa=X&amp;ved=0ahUKEwiG9sXn3qDlAhWDAGMBHf1hCEoQ_AUIEigB\">Google maps<\/a><\/li>\n<\/ul>\n<\/td>\n<\/tr>\n<\/tbody>\n<\/table>\n<p style=\"text-align: right;\"><a href=\"https:\/\/serveiseducatius.xtec.cat\/cda-barcelona\/ambits\/totes-les-activitats\/\">&lt;\u00a0<em>Torna a totes les activitats<\/em><\/a><\/p>\n","protected":false},"excerpt":{"rendered":"<p>CODI: AMB04 Educaci\u00f3 Secund\u00e0ria Amb aquesta activitat s&#8217;estudiaran aspectes de la ci\u00e8ncia que passen desapercebuts als carrers de Barcelona quan passegem. Les matem\u00e0tiques estan molt presents a l&#8217;Eixample. I l&#8217;an\u00e0lisi dels materials empleats en la construcci\u00f3 dels edificis ens permet aprendre geologia. Antoni Gaud\u00ed es va inspirar en la natura. Els seus treballs ens aporten [&hellip;]<\/p>\n","protected":false},"author":1,"featured_media":0,"parent":0,"menu_order":0,"comment_status":"closed","ping_status":"closed","template":"","meta":{"_bbp_topic_count":0,"_bbp_reply_count":0,"_bbp_total_topic_count":0,"_bbp_total_reply_count":0,"_bbp_voice_count":0,"_bbp_anonymous_reply_count":0,"_bbp_topic_count_hidden":0,"_bbp_reply_count_hidden":0,"_bbp_forum_subforum_count":0,"site-sidebar-layout":"default","site-content-layout":"","ast-site-content-layout":"","site-content-style":"default","site-sidebar-style":"default","ast-global-header-display":"","ast-banner-title-visibility":"","ast-main-header-display":"","ast-hfb-above-header-display":"","ast-hfb-below-header-display":"","ast-hfb-mobile-header-display":"","site-post-title":"","ast-breadcrumbs-content":"","ast-featured-img":"","footer-sml-layout":"","theme-transparent-header-meta":"","adv-header-id-meta":"","stick-header-meta":"","header-above-stick-meta":"","header-main-stick-meta":"","header-below-stick-meta":"","astra-migrate-meta-layouts":"default","ast-page-background-enabled":"default","ast-page-background-meta":{"desktop":{"background-color":"var(--ast-global-color-4)","background-image":"","background-repeat":"repeat","background-position":"center center","background-size":"auto","background-attachment":"scroll","background-type":"","background-media":"","overlay-type":"","overlay-color":"","overlay-opacity":"","overlay-gradient":""},"tablet":{"background-color":"","background-image":"","background-repeat":"repeat","background-position":"center center","background-size":"auto","background-attachment":"scroll","background-type":"","background-media":"","overlay-type":"","overlay-color":"","overlay-opacity":"","overlay-gradient":""},"mobile":{"background-color":"","background-image":"","background-repeat":"repeat","background-position":"center center","background-size":"auto","background-attachment":"scroll","background-type":"","background-media":"","overlay-type":"","overlay-color":"","overlay-opacity":"","overlay-gradient":""}},"ast-content-background-meta":{"desktop":{"background-color":"var(--ast-global-color-5)","background-image":"","background-repeat":"repeat","background-position":"center center","background-size":"auto","background-attachment":"scroll","background-type":"","background-media":"","overlay-type":"","overlay-color":"","overlay-opacity":"","overlay-gradient":""},"tablet":{"background-color":"var(--ast-global-color-5)","background-image":"","background-repeat":"repeat","background-position":"center center","background-size":"auto","background-attachment":"scroll","background-type":"","background-media":"","overlay-type":"","overlay-color":"","overlay-opacity":"","overlay-gradient":""},"mobile":{"background-color":"var(--ast-global-color-5)","background-image":"","background-repeat":"repeat","background-position":"center center","background-size":"auto","background-attachment":"scroll","background-type":"","background-media":"","overlay-type":"","overlay-color":"","overlay-opacity":"","overlay-gradient":""}},"footnotes":""},"class_list":["post-8760","page","type-page","status-publish","hentry"],"post_mailing_queue_ids":[],"_links":{"self":[{"href":"https:\/\/serveiseducatius.xtec.cat\/cda-barcelona\/wp-json\/wp\/v2\/pages\/8760","targetHints":{"allow":["GET"]}}],"collection":[{"href":"https:\/\/serveiseducatius.xtec.cat\/cda-barcelona\/wp-json\/wp\/v2\/pages"}],"about":[{"href":"https:\/\/serveiseducatius.xtec.cat\/cda-barcelona\/wp-json\/wp\/v2\/types\/page"}],"author":[{"embeddable":true,"href":"https:\/\/serveiseducatius.xtec.cat\/cda-barcelona\/wp-json\/wp\/v2\/users\/1"}],"replies":[{"embeddable":true,"href":"https:\/\/serveiseducatius.xtec.cat\/cda-barcelona\/wp-json\/wp\/v2\/comments?post=8760"}],"version-history":[{"count":4,"href":"https:\/\/serveiseducatius.xtec.cat\/cda-barcelona\/wp-json\/wp\/v2\/pages\/8760\/revisions"}],"predecessor-version":[{"id":9540,"href":"https:\/\/serveiseducatius.xtec.cat\/cda-barcelona\/wp-json\/wp\/v2\/pages\/8760\/revisions\/9540"}],"wp:attachment":[{"href":"https:\/\/serveiseducatius.xtec.cat\/cda-barcelona\/wp-json\/wp\/v2\/media?parent=8760"}],"curies":[{"name":"wp","href":"https:\/\/api.w.org\/{rel}","templated":true}]}}