{"id":8740,"date":"2019-10-16T10:52:40","date_gmt":"2019-10-16T08:52:40","guid":{"rendered":"https:\/\/serveiseducatius.xtec.cat\/cda-barcelona\/?page_id=8740"},"modified":"2021-03-26T13:23:09","modified_gmt":"2021-03-26T12:23:09","slug":"caminant-pel-vell-turo-geologia-urbana","status":"publish","type":"page","link":"https:\/\/serveiseducatius.xtec.cat\/cda-barcelona\/caminant-pel-vell-turo-geologia-urbana\/","title":{"rendered":"Caminant pel vell tur\u00f3 (Geologia urbana)"},"content":{"rendered":"<table style=\"width: 600px;\" border=\"0\">\n<tbody>\n<tr>\n<td>\n<h4>CODI: AMB03<\/h4>\n<p><i>3r,<\/i><i>\u00a04t d&#8217;ESO i Batxillerat<\/i><\/td>\n<\/tr>\n<tr>\n<td><\/td>\n<\/tr>\n<tr>\n<td>Descobriment geol\u00f2gic al voltant del CdA de Barcelona (Vallcarca): antiga pedrera de la Creueta del Coll, tall geol\u00f2gic de l&#8217;Av. Rep\u00fablica Argentina i roques amb que s\u00f3n constru\u00efts els edificis.<\/td>\n<\/tr>\n<tr>\n<td>\n<h3>\u00c0REES DE CONEIXEMENT<\/h3>\n<\/td>\n<\/tr>\n<tr>\n<td bgcolor=\"#efefef\">\n<ul>\n<li>Ci\u00e8ncies de la naturalesa<\/li>\n<li>Ci\u00e8ncies socials<\/li>\n<li>Tecnologia<\/li>\n<\/ul>\n<\/td>\n<\/tr>\n<tr>\n<td>\n<h3>COMPET\u00c8NCIES<\/h3>\n<\/td>\n<\/tr>\n<tr>\n<td bgcolor=\"#efefef\">\n<ul>\n<li>Aprendre a aprendre<\/li>\n<li>Autonomia i iniciativa personal<\/li>\n<li>Coneixement i interacci\u00f3 amb el m\u00f3n f\u00edsic<\/li>\n<li>Social i ciutadana<\/li>\n<\/ul>\n<\/td>\n<\/tr>\n<tr>\n<td>\n<h3>OBJECTIUS<\/h3>\n<\/td>\n<\/tr>\n<tr>\n<td bgcolor=\"#efefef\">\n<ul>\n<li>Identificar i classificar diferents roques.<\/li>\n<li>Interpretar un tall geol\u00f2gic.<\/li>\n<li>Interpretar un mapa geol\u00f2gic.<\/li>\n<li>Esbrinar els usos de l&#8217;antiga pedrera.<\/li>\n<\/ul>\n<\/td>\n<\/tr>\n<tr>\n<td>\n<h3>LLOC<\/h3>\n<\/td>\n<\/tr>\n<tr>\n<td bgcolor=\"#efefef\">\n<ul>\n<li>Voltants del Camp d&#8217;Aprenentatge de Barcelona (Vallcarca &#8211; El Coll).<\/li>\n<\/ul>\n<\/td>\n<\/tr>\n<tr>\n<td>\n<h3>DURADA<\/h3>\n<\/td>\n<\/tr>\n<tr>\n<td bgcolor=\"#efefef\">\n<ul>\n<li>2&#8217;5 hores.<\/li>\n<\/ul>\n<\/td>\n<\/tr>\n<tr>\n<td>\n<h3>DESPESA<\/h3>\n<\/td>\n<\/tr>\n<tr>\n<td bgcolor=\"#efefef\">\n<ul>\n<li>Despla\u00e7aments del centre fins el punt de trobada.<\/li>\n<li><a href=\"https:\/\/serveiseducatius.xtec.cat\/cda-barcelona\/inscripcio\/\">Preu p\u00fablic<\/a> d&#8217;activitats ensenyament-aprenentatge (Dep. d&#8217;Educaci\u00f3).<\/li>\n<\/ul>\n<\/td>\n<\/tr>\n<tr>\n<td>\n<h3>NOMBRE M\u00c0XIM D&#8217;ALUMNES<\/h3>\n<\/td>\n<\/tr>\n<tr>\n<td bgcolor=\"#efefef\">\n<ul>\n<li>30 alumnes \/ 1 grup classe<\/li>\n<\/ul>\n<\/td>\n<\/tr>\n<tr>\n<td>\n<h3>OBSERVACIONS<\/h3>\n<\/td>\n<\/tr>\n<tr>\n<td bgcolor=\"#efefef\">\n<ul>\n<li><a href=\"https:\/\/www.google.com\/maps\/d\/edit?mid=zSHy7jM-bTtU.k1T59MQQTCD4&amp;usp=sharing\">Punt de trobada<\/a>: Seu del Cda de Barcelona (Pg Mare de D\u00e9u del Coll, 41-51)<\/li>\n<\/ul>\n<\/td>\n<\/tr>\n<tr>\n<td>\n<h3>RECURSOS DID\u00c0CTICS<\/h3>\n<\/td>\n<\/tr>\n<tr style=\"background-color: #efefef;\">\n<td>\u00a0<img loading=\"lazy\" decoding=\"async\" class=\"alignnone size-full wp-image-1178\" style=\"border: 0px none;\" src=\"http:\/\/blocs.xtec.cat\/cdabarcelona\/files\/2014\/02\/icon_quadern.gif\" alt=\"icon_quadern\" width=\"32\" height=\"32\" \/><strong>Quadern de treball<\/strong><\/p>\n<ul>\n<li>\u00a0<a href=\"https:\/\/drive.google.com\/file\/d\/1ROdZ7NC7Dvye8HH2wR5Odf0KqwLReLmr\/view?usp=sharing\">Caminant per un vell tur\u00f3<\/a><\/li>\n<\/ul>\n<\/td>\n<\/tr>\n<tr>\n<td bgcolor=\"#efefef\"><img loading=\"lazy\" decoding=\"async\" src=\"http:\/\/blocs.xtec.cat\/cdabarcelona\/files\/2014\/02\/icon_tac1.gif\" alt=\"icon_tac\" width=\"32\" height=\"33\" \/><strong>Activitats TAC \/ enlla\u00e7os web<\/strong><\/p>\n<ul>\n<li>Presentaci\u00f3: <a href=\"https:\/\/drive.google.com\/open?id=1KoEdyb-BSzBDwQS2WHcX7hg9GEGuuAEW\">Geologia a casa<\/a><\/li>\n<li><a href=\"http:\/\/www.xtec.cat\/crp-bergueda\/maletes_pedagogiques\/pedraforca\/clau_dicotomica_pedraforca.pdf\" target=\"_blank\" rel=\"noopener noreferrer\">Clau dicot\u00f2mica per la identificaci\u00f3 de roques<\/a>\u00a0(exemple)<\/li>\n<li>Presentaci\u00f3: <a href=\"http:\/\/www.slideshare.net\/cdabcn\/histria-geolgica-bcnweb\" target=\"_blank\" rel=\"noopener noreferrer\">Hist\u00f2ria geol\u00f2gica de Barcelona<\/a><\/li>\n<li>Presentaci\u00f3: <a href=\"http:\/\/www.slideshare.net\/cdabcn\/les-roques-ornamentals-42506483\" target=\"_blank\" rel=\"noopener noreferrer\">Roques ornamentals<\/a><\/li>\n<li>P\u00e0gina web: <a href=\"https:\/\/lescienciesdelanaturadelllido.wordpress.com\/2009\/08\/09\/2-els-tipus-de-roques\/\">Tipus de roques<\/a><\/li>\n<\/ul>\n<\/td>\n<\/tr>\n<tr>\n<td bgcolor=\"#efefef\"><img loading=\"lazy\" decoding=\"async\" src=\"http:\/\/blocs.xtec.cat\/cdabarcelona\/files\/2014\/02\/icon_video.gif\" alt=\"icon_video\" width=\"32\" height=\"33\" \/><strong>\u00c0udio \/ v\u00eddeo<\/strong><\/p>\n<ul>\n<li>V\u00eddeo:\u00a0<a href=\"http:\/\/www.edu3.cat\/Edu3tv\/Fitxa?p_id=24109&amp;p_ex=de%20la%20pedrera%20a%20casa\" target=\"_blank\" rel=\"noopener noreferrer\">\u201cDe la pedrera a casa\u201d<\/a>\u00a0(13:21 min)<\/li>\n<li>V\u00eddeo:\u00a0<a href=\"http:\/\/blogs.tv3.cat\/quequicom.php?itemid=49062\" target=\"_blank\" rel=\"noopener noreferrer\">\u201cQu\u00e8quicom i\u2026 la geologia (1a part)\u201d\u00a0<\/a>(26:44 min)<\/li>\n<li>V\u00eddeo:\u00a0<a href=\"http:\/\/blogs.tv3.cat\/quequicom.php?itemid=49553\" target=\"_blank\" rel=\"noopener noreferrer\">\u201cQu\u00e8quicom i\u2026 la geologia (2a part)\u201d\u00a0<\/a>(25:01 min)<\/li>\n<\/ul>\n<\/td>\n<\/tr>\n<tr>\n<td bgcolor=\"#efefef\"><img loading=\"lazy\" decoding=\"async\" src=\"http:\/\/blocs.xtec.cat\/cdabarcelona\/files\/2014\/02\/icon_gmaps.gif\" alt=\"icon_gmaps\" width=\"32\" height=\"32\" \/><strong>Pl\u00e0nols<\/strong><\/p>\n<ul>\n<li>Google Maps:\u00a0<a href=\"http:\/\/goo.gl\/maps\/5WmzX\" target=\"_blank\" rel=\"noopener noreferrer\">punts del recorregut<\/a>.<\/li>\n<\/ul>\n<\/td>\n<\/tr>\n<\/tbody>\n<\/table>\n<p style=\"text-align: right;\"><a href=\"https:\/\/serveiseducatius.xtec.cat\/cda-barcelona\/ambits\/totes-les-activitats\/\">&lt;\u00a0<em>Torna a totes les activitats<\/em><\/a><\/p>\n","protected":false},"excerpt":{"rendered":"<p>CODI: AMB03 3r,\u00a04t d&#8217;ESO i Batxillerat Descobriment geol\u00f2gic al voltant del CdA de Barcelona (Vallcarca): antiga pedrera de la Creueta del Coll, tall geol\u00f2gic de l&#8217;Av. Rep\u00fablica Argentina i roques amb que s\u00f3n constru\u00efts els edificis. \u00c0REES DE CONEIXEMENT Ci\u00e8ncies de la naturalesa Ci\u00e8ncies socials Tecnologia COMPET\u00c8NCIES Aprendre a aprendre Autonomia i iniciativa personal Coneixement [&hellip;]<\/p>\n","protected":false},"author":1,"featured_media":0,"parent":0,"menu_order":0,"comment_status":"closed","ping_status":"closed","template":"","meta":{"_bbp_topic_count":0,"_bbp_reply_count":0,"_bbp_total_topic_count":0,"_bbp_total_reply_count":0,"_bbp_voice_count":0,"_bbp_anonymous_reply_count":0,"_bbp_topic_count_hidden":0,"_bbp_reply_count_hidden":0,"_bbp_forum_subforum_count":0,"site-sidebar-layout":"default","site-content-layout":"","ast-site-content-layout":"","site-content-style":"default","site-sidebar-style":"default","ast-global-header-display":"","ast-banner-title-visibility":"","ast-main-header-display":"","ast-hfb-above-header-display":"","ast-hfb-below-header-display":"","ast-hfb-mobile-header-display":"","site-post-title":"","ast-breadcrumbs-content":"","ast-featured-img":"","footer-sml-layout":"","theme-transparent-header-meta":"","adv-header-id-meta":"","stick-header-meta":"","header-above-stick-meta":"","header-main-stick-meta":"","header-below-stick-meta":"","astra-migrate-meta-layouts":"default","ast-page-background-enabled":"default","ast-page-background-meta":{"desktop":{"background-color":"var(--ast-global-color-4)","background-image":"","background-repeat":"repeat","background-position":"center center","background-size":"auto","background-attachment":"scroll","background-type":"","background-media":"","overlay-type":"","overlay-color":"","overlay-opacity":"","overlay-gradient":""},"tablet":{"background-color":"","background-image":"","background-repeat":"repeat","background-position":"center center","background-size":"auto","background-attachment":"scroll","background-type":"","background-media":"","overlay-type":"","overlay-color":"","overlay-opacity":"","overlay-gradient":""},"mobile":{"background-color":"","background-image":"","background-repeat":"repeat","background-position":"center center","background-size":"auto","background-attachment":"scroll","background-type":"","background-media":"","overlay-type":"","overlay-color":"","overlay-opacity":"","overlay-gradient":""}},"ast-content-background-meta":{"desktop":{"background-color":"var(--ast-global-color-5)","background-image":"","background-repeat":"repeat","background-position":"center center","background-size":"auto","background-attachment":"scroll","background-type":"","background-media":"","overlay-type":"","overlay-color":"","overlay-opacity":"","overlay-gradient":""},"tablet":{"background-color":"var(--ast-global-color-5)","background-image":"","background-repeat":"repeat","background-position":"center center","background-size":"auto","background-attachment":"scroll","background-type":"","background-media":"","overlay-type":"","overlay-color":"","overlay-opacity":"","overlay-gradient":""},"mobile":{"background-color":"var(--ast-global-color-5)","background-image":"","background-repeat":"repeat","background-position":"center center","background-size":"auto","background-attachment":"scroll","background-type":"","background-media":"","overlay-type":"","overlay-color":"","overlay-opacity":"","overlay-gradient":""}},"footnotes":""},"class_list":["post-8740","page","type-page","status-publish","hentry"],"post_mailing_queue_ids":[],"_links":{"self":[{"href":"https:\/\/serveiseducatius.xtec.cat\/cda-barcelona\/wp-json\/wp\/v2\/pages\/8740","targetHints":{"allow":["GET"]}}],"collection":[{"href":"https:\/\/serveiseducatius.xtec.cat\/cda-barcelona\/wp-json\/wp\/v2\/pages"}],"about":[{"href":"https:\/\/serveiseducatius.xtec.cat\/cda-barcelona\/wp-json\/wp\/v2\/types\/page"}],"author":[{"embeddable":true,"href":"https:\/\/serveiseducatius.xtec.cat\/cda-barcelona\/wp-json\/wp\/v2\/users\/1"}],"replies":[{"embeddable":true,"href":"https:\/\/serveiseducatius.xtec.cat\/cda-barcelona\/wp-json\/wp\/v2\/comments?post=8740"}],"version-history":[{"count":3,"href":"https:\/\/serveiseducatius.xtec.cat\/cda-barcelona\/wp-json\/wp\/v2\/pages\/8740\/revisions"}],"predecessor-version":[{"id":9490,"href":"https:\/\/serveiseducatius.xtec.cat\/cda-barcelona\/wp-json\/wp\/v2\/pages\/8740\/revisions\/9490"}],"wp:attachment":[{"href":"https:\/\/serveiseducatius.xtec.cat\/cda-barcelona\/wp-json\/wp\/v2\/media?parent=8740"}],"curies":[{"name":"wp","href":"https:\/\/api.w.org\/{rel}","templated":true}]}}