{"id":8719,"date":"2019-10-15T17:52:25","date_gmt":"2019-10-15T15:52:25","guid":{"rendered":"https:\/\/serveiseducatius.xtec.cat\/cda-barcelona\/?page_id=8719"},"modified":"2019-10-16T17:56:29","modified_gmt":"2019-10-16T15:56:29","slug":"amb01-animals-i-plantes-de-la-ciutadella-cm","status":"publish","type":"page","link":"https:\/\/serveiseducatius.xtec.cat\/cda-barcelona\/amb01-animals-i-plantes-de-la-ciutadella-cm\/","title":{"rendered":"Animals i plantes a la Ciutadella CM"},"content":{"rendered":"<p>CODI: AMB01<\/p>\n<table style=\"width: 600px;\" border=\"0\">\n<tbody>\n<tr>\n<td colspan=\"3\"><i>Cicle mitj\u00e0 de Prim\u00e0ria<\/i><\/td>\n<\/tr>\n<tr>\n<td colspan=\"3\" bgcolor=\"#f3f5f2\">Constru\u00efm coneixement, al parc de la Ciutadella, a partir de l&#8217;observaci\u00f3 dels ocells i descobrirem la vegetaci\u00f3 utilitzant claus dicot\u00f2miques. Aquesta activitat no es pot realitzar al segon trimestre<\/td>\n<\/tr>\n<tr>\n<td colspan=\"3\">\n<h3>\u00c0REES DE CONEIXEMENT<\/h3>\n<\/td>\n<\/tr>\n<tr>\n<td colspan=\"3\" bgcolor=\"#f3f5f2\">\n<ul>\n<li>Coneixement del medi natural, social i cultural<\/li>\n<\/ul>\n<\/td>\n<\/tr>\n<tr>\n<td colspan=\"3\">\n<h3>COMPET\u00c8NCIES<\/h3>\n<\/td>\n<\/tr>\n<tr>\n<td colspan=\"3\" bgcolor=\"#f3f5f2\">\n<ul>\n<li>Aprendre a aprendre<\/li>\n<li>Autonomia i iniciativa personal<\/li>\n<li>Coneixement i interacci\u00f3 amb el m\u00f3n f\u00edsic<\/li>\n<\/ul>\n<\/td>\n<\/tr>\n<tr>\n<td colspan=\"3\">\n<h3>OBJECTIUS<\/h3>\n<\/td>\n<\/tr>\n<tr>\n<td colspan=\"3\" bgcolor=\"#f3f5f2\">\n<ul>\n<li>Iniciar-se en l&#8217;\u00fas de claus dicot\u00f2miques<\/li>\n<li>Con\u00e8ixer i identificar alguns dels arbres m\u00e9s abundants a la ciutat<\/li>\n<li>Con\u00e8ixer i identificar algunes de les esp\u00e8cies d&#8217;aus m\u00e9s caracter\u00edstiques de l&#8217;espai urb\u00e0.<\/li>\n<\/ul>\n<\/td>\n<\/tr>\n<tr>\n<td colspan=\"3\">\n<h3>LLOC<\/h3>\n<\/td>\n<\/tr>\n<tr>\n<td colspan=\"3\" bgcolor=\"#f3f5f2\">\n<ul>\n<li>\u00a0Parc de la Ciutadella<\/li>\n<\/ul>\n<\/td>\n<\/tr>\n<tr>\n<td colspan=\"3\">\n<h3>DURADA<\/h3>\n<\/td>\n<\/tr>\n<tr>\n<td colspan=\"3\" bgcolor=\"#f3f5f2\">\n<ul>\n<li>mat\u00ed: 2&#8217;5h treball de camp (al parc)<\/li>\n<\/ul>\n<\/td>\n<\/tr>\n<tr>\n<td colspan=\"3\">\n<h3>NOMBRE M\u00c0XIM D&#8217;ALUMNES<\/h3>\n<\/td>\n<\/tr>\n<tr>\n<td colspan=\"3\" bgcolor=\"#f3f5f2\">\n<ul>\n<li>45 alumnes\/ 2 grups classe<\/li>\n<\/ul>\n<\/td>\n<\/tr>\n<tr>\n<td colspan=\"3\">\n<h3>DESPESA<\/h3>\n<\/td>\n<\/tr>\n<tr>\n<td colspan=\"3\" bgcolor=\"#f3f5f2\">\n<ul>\n<li>Despla\u00e7aments del centre fins el punt de trobada.<\/li>\n<li><a href=\"https:\/\/serveiseducatius.xtec.cat\/cda-barcelona\/inscripcio\/\">Preu p\u00fablic<\/a> d&#8217;activitats ensenyament-aprenentatge (Dep. d&#8217;Educaci\u00f3).<\/li>\n<\/ul>\n<\/td>\n<\/tr>\n<tr>\n<td colspan=\"3\">\n<h2>\u00a0<strong>RECURSOS DID\u00c0CTICS<\/strong><\/h2>\n<\/td>\n<\/tr>\n<tr align=\"left\" valign=\"top\">\n<td style=\"background-color: #f3f5f2;\" colspan=\"3\"><img loading=\"lazy\" decoding=\"async\" class=\"alignnone size-full wp-image-1178\" style=\"border: 0px none;\" src=\"http:\/\/blocs.xtec.cat\/cdabarcelona\/files\/2014\/02\/icon_quadern.gif\" alt=\"icon_quadern\" width=\"32\" height=\"32\" \/><strong>Quadern de treball<\/strong><\/p>\n<ul>\n<li><a href=\"https:\/\/drive.google.com\/open?id=155mOc_Xhkver4AvBnYTr8dAzFqxgA255\" target=\"_blank\" rel=\"noopener noreferrer\">L\u00e0mina CM PRI<\/a><\/li>\n<li><a href=\"https:\/\/drive.google.com\/open?id=1GnrjqthTSjgAilYxLPrUeOaZ3ktQqSSK\" target=\"_blank\" rel=\"noopener noreferrer\">Quadern CM PRI<\/a><\/li>\n<\/ul>\n<\/td>\n<\/tr>\n<tr align=\"left\" valign=\"top\">\n<td style=\"background-color: #f3f5f2;\" colspan=\"3\"><img loading=\"lazy\" decoding=\"async\" class=\"alignnone size-full wp-image-1176\" style=\"border: 0px none;\" src=\"http:\/\/blocs.xtec.cat\/cdabarcelona\/files\/2014\/02\/icon_tac1.gif\" alt=\"icon_tac\" width=\"32\" height=\"33\" \/><strong>Activitats TAC \/ enlla\u00e7os web<\/strong><\/p>\n<ul>\n<li>JClic:<a href=\"http:\/\/www.xtec.cat\/cda-barcelona\/jclic\/ocells\/ocells_jclic.htm\" target=\"_blank\" rel=\"noopener noreferrer\">\u00a0els ocells del Parc de la Ciutadella<\/a><\/li>\n<li>Guies d&#8217;educaci\u00f3 ambiental (n 23):\u00a0<a href=\"http:\/\/www.sostenibilitatbcn.cat\/templates\/a21\/download_recurs.php?idRecurs=142\" target=\"_blank\" rel=\"noopener noreferrer\">Ocells de Barcelona<\/a><\/li>\n<li>Viquip\u00e8dia:\u00a0<a href=\"http:\/\/ca.wikipedia.org\/wiki\/Parc_de_la_Ciutadella\" target=\"_blank\" rel=\"noopener noreferrer\">el Parc de la Ciutadella<\/a><\/li>\n<li><a href=\"http:\/\/www.btv.cat\/btvnoticies\/2015\/02\/20\/visualitzacio-dades-open-data-barcelona-arbrat-viari\" target=\"_blank\" rel=\"noopener noreferrer\">Arbrat viari de la ciutat de Barcelona<\/a><\/li>\n<\/ul>\n<\/td>\n<\/tr>\n<tr align=\"left\" valign=\"top\">\n<td style=\"background-color: #f3f5f2;\" colspan=\"3\"><img loading=\"lazy\" decoding=\"async\" class=\"alignnone size-full wp-image-1177\" style=\"border: 0px none;\" src=\"http:\/\/blocs.xtec.cat\/cdabarcelona\/files\/2014\/02\/icon_video.gif\" alt=\"icon_video\" width=\"32\" height=\"33\" \/><strong>\u00c0udio \/ v\u00eddeo<\/strong><\/p>\n<ul>\n<li><a href=\"https:\/\/www.youtube.com\/watch?v=I0EdmZtc2nE\" target=\"_blank\" rel=\"noopener noreferrer\">125 anys de l&#8217;Exposici\u00f3 Universal<\/a><\/li>\n<li>Qu\u00e8quicom:\u00a0<a href=\"http:\/\/blogs.tv3.cat\/quequicom.php?itemid=49779\" target=\"_blank\" rel=\"noopener noreferrer\">Qu\u00e8 diuen els ocells?<\/a><\/li>\n<\/ul>\n<\/td>\n<\/tr>\n<tr align=\"left\" valign=\"top\">\n<td style=\"background-color: #f3f5f2;\" colspan=\"3\"><img loading=\"lazy\" decoding=\"async\" class=\"alignnone size-full wp-image-1165\" style=\"border: 0px none;\" src=\"http:\/\/blocs.xtec.cat\/cdabarcelona\/files\/2014\/02\/icon_gmaps.gif\" alt=\"icon_gmaps\" width=\"32\" height=\"32\" \/><strong>Pl\u00e0nol<\/strong><\/p>\n<ul>\n<li><a href=\"http:\/\/goo.gl\/maps\/BqFe0\" target=\"_blank\" rel=\"noopener noreferrer\">Parc de la Ciutadella<\/a><\/li>\n<\/ul>\n<\/td>\n<\/tr>\n<\/tbody>\n<\/table>\n<p style=\"text-align: right;\"><a href=\"https:\/\/serveiseducatius.xtec.cat\/cda-barcelona\/ambits\/totes-les-activitats\/\">&lt;\u00a0<em>Torna a totes les activitats<\/em><\/a><\/p>\n","protected":false},"excerpt":{"rendered":"<p>CODI: AMB01 Cicle mitj\u00e0 de Prim\u00e0ria Constru\u00efm coneixement, al parc de la Ciutadella, a partir de l&#8217;observaci\u00f3 dels ocells i descobrirem la vegetaci\u00f3 utilitzant claus dicot\u00f2miques. Aquesta activitat no es pot realitzar al segon trimestre \u00c0REES DE CONEIXEMENT Coneixement del medi natural, social i cultural COMPET\u00c8NCIES Aprendre a aprendre Autonomia i iniciativa personal Coneixement i [&hellip;]<\/p>\n","protected":false},"author":1,"featured_media":0,"parent":0,"menu_order":0,"comment_status":"closed","ping_status":"closed","template":"","meta":{"_bbp_topic_count":0,"_bbp_reply_count":0,"_bbp_total_topic_count":0,"_bbp_total_reply_count":0,"_bbp_voice_count":0,"_bbp_anonymous_reply_count":0,"_bbp_topic_count_hidden":0,"_bbp_reply_count_hidden":0,"_bbp_forum_subforum_count":0,"site-sidebar-layout":"default","site-content-layout":"","ast-site-content-layout":"","site-content-style":"default","site-sidebar-style":"default","ast-global-header-display":"","ast-banner-title-visibility":"","ast-main-header-display":"","ast-hfb-above-header-display":"","ast-hfb-below-header-display":"","ast-hfb-mobile-header-display":"","site-post-title":"","ast-breadcrumbs-content":"","ast-featured-img":"","footer-sml-layout":"","theme-transparent-header-meta":"","adv-header-id-meta":"","stick-header-meta":"","header-above-stick-meta":"","header-main-stick-meta":"","header-below-stick-meta":"","astra-migrate-meta-layouts":"default","ast-page-background-enabled":"default","ast-page-background-meta":{"desktop":{"background-color":"var(--ast-global-color-4)","background-image":"","background-repeat":"repeat","background-position":"center center","background-size":"auto","background-attachment":"scroll","background-type":"","background-media":"","overlay-type":"","overlay-color":"","overlay-opacity":"","overlay-gradient":""},"tablet":{"background-color":"","background-image":"","background-repeat":"repeat","background-position":"center center","background-size":"auto","background-attachment":"scroll","background-type":"","background-media":"","overlay-type":"","overlay-color":"","overlay-opacity":"","overlay-gradient":""},"mobile":{"background-color":"","background-image":"","background-repeat":"repeat","background-position":"center center","background-size":"auto","background-attachment":"scroll","background-type":"","background-media":"","overlay-type":"","overlay-color":"","overlay-opacity":"","overlay-gradient":""}},"ast-content-background-meta":{"desktop":{"background-color":"var(--ast-global-color-5)","background-image":"","background-repeat":"repeat","background-position":"center center","background-size":"auto","background-attachment":"scroll","background-type":"","background-media":"","overlay-type":"","overlay-color":"","overlay-opacity":"","overlay-gradient":""},"tablet":{"background-color":"var(--ast-global-color-5)","background-image":"","background-repeat":"repeat","background-position":"center center","background-size":"auto","background-attachment":"scroll","background-type":"","background-media":"","overlay-type":"","overlay-color":"","overlay-opacity":"","overlay-gradient":""},"mobile":{"background-color":"var(--ast-global-color-5)","background-image":"","background-repeat":"repeat","background-position":"center center","background-size":"auto","background-attachment":"scroll","background-type":"","background-media":"","overlay-type":"","overlay-color":"","overlay-opacity":"","overlay-gradient":""}},"footnotes":""},"class_list":["post-8719","page","type-page","status-publish","hentry"],"post_mailing_queue_ids":[],"_links":{"self":[{"href":"https:\/\/serveiseducatius.xtec.cat\/cda-barcelona\/wp-json\/wp\/v2\/pages\/8719","targetHints":{"allow":["GET"]}}],"collection":[{"href":"https:\/\/serveiseducatius.xtec.cat\/cda-barcelona\/wp-json\/wp\/v2\/pages"}],"about":[{"href":"https:\/\/serveiseducatius.xtec.cat\/cda-barcelona\/wp-json\/wp\/v2\/types\/page"}],"author":[{"embeddable":true,"href":"https:\/\/serveiseducatius.xtec.cat\/cda-barcelona\/wp-json\/wp\/v2\/users\/1"}],"replies":[{"embeddable":true,"href":"https:\/\/serveiseducatius.xtec.cat\/cda-barcelona\/wp-json\/wp\/v2\/comments?post=8719"}],"version-history":[{"count":3,"href":"https:\/\/serveiseducatius.xtec.cat\/cda-barcelona\/wp-json\/wp\/v2\/pages\/8719\/revisions"}],"predecessor-version":[{"id":8783,"href":"https:\/\/serveiseducatius.xtec.cat\/cda-barcelona\/wp-json\/wp\/v2\/pages\/8719\/revisions\/8783"}],"wp:attachment":[{"href":"https:\/\/serveiseducatius.xtec.cat\/cda-barcelona\/wp-json\/wp\/v2\/media?parent=8719"}],"curies":[{"name":"wp","href":"https:\/\/api.w.org\/{rel}","templated":true}]}}