{"id":8702,"date":"2019-10-15T16:48:58","date_gmt":"2019-10-15T14:48:58","guid":{"rendered":"https:\/\/serveiseducatius.xtec.cat\/cda-barcelona\/?page_id=8702"},"modified":"2023-09-07T10:51:52","modified_gmt":"2023-09-07T08:51:52","slug":"expliquem-el-barri-projecte-compartit-primaria","status":"publish","type":"page","link":"https:\/\/serveiseducatius.xtec.cat\/cda-barcelona\/amb-els-centres\/preparacio\/expliquem-el-barri-projecte-compartit-primaria\/","title":{"rendered":"Expliquem el barri (Projecte Compartit Prim\u00e0ria)"},"content":{"rendered":"<p>Aqu\u00ed trobareu el material i els enlla\u00e7os necessaris per a poder fer el treball previ del projecte Expliquem el barri.<br \/>\nEl podreu descarregar en format Word (per si el voleu editar) o en format PDF (per imprimir-lo tal qual).<\/p>\n<hr \/>\n<p><strong>Guia de Projectes Compartits<\/strong><\/p>\n<table style=\"width: 300px;\">\n<tbody>\n<tr>\n<td style=\"width: 294px;\"><img loading=\"lazy\" decoding=\"async\" src=\"http:\/\/blocs.xtec.cat\/cdabarcelona\/files\/2014\/02\/icon_pdf.gif\" alt=\"icon_pdf\" width=\"16\" height=\"16\" \/> <a style=\"color: #2795b6;\" href=\"https:\/\/drive.google.com\/open?id=1OwCoKjtEs235usVoz0tGb215iT583Fqt\" target=\"_blank\" rel=\"noopener noreferrer\">Guia de Projectes Compartits PDF<\/a><\/td>\n<\/tr>\n<\/tbody>\n<\/table>\n<p><strong>Seq\u00fc\u00e8ncia did\u00e0ctica i temporalitzaci\u00f3<\/strong><\/p>\n<table style=\"width: 324px; height: 52px;\">\n<tbody>\n<tr>\n<td style=\"width: 318px;\"><img loading=\"lazy\" decoding=\"async\" src=\"http:\/\/blocs.xtec.cat\/cdabarcelona\/files\/2014\/02\/icon_pdf.gif\" alt=\"icon_pdf\" width=\"16\" height=\"16\" \/>\u00a0<a style=\"color: #2795b6;\" href=\"https:\/\/drive.google.com\/open?id=1yXWCnFzawd7m8Pc7KU0kS8D71Nz3Njo5\" target=\"_blank\" rel=\"noopener noreferrer\">Seq\u00fc\u00e8ncia did\u00e0ctica i temporalitzaci\u00f3 PDF<\/a><\/td>\n<\/tr>\n<\/tbody>\n<\/table>\n<p><strong>Dossier de treball de l&#8217;alumne<\/strong><\/p>\n<table style=\"width: 466px;\">\n<tbody>\n<tr>\n<td style=\"width: 238px;\"><img loading=\"lazy\" decoding=\"async\" src=\"http:\/\/blocs.xtec.cat\/cdabarcelona\/files\/2014\/03\/icon_word.gif\" alt=\"icon_word\" width=\"16\" height=\"16\" \/>\u00a0<a href=\"https:\/\/docs.google.com\/document\/d\/1zbJ4RuXD-IBiZEvKfbEa0jO6z9xtJeU0\/edit?usp=sharing&amp;ouid=116050867580746213616&amp;rtpof=true&amp;sd=true\">Dossier de l&#8217;alumnat Word<\/a><\/td>\n<td style=\"width: 220px;\"><img loading=\"lazy\" decoding=\"async\" src=\"http:\/\/blocs.xtec.cat\/cdabarcelona\/files\/2014\/02\/icon_pdf.gif\" alt=\"icon_pdf\" width=\"16\" height=\"16\" \/>\u00a0<a style=\"color: #2795b6;\" href=\"https:\/\/drive.google.com\/file\/d\/1ctT5UXrMmIso_CXG9i9rdMtpKJA5l7vh\/view?usp=sharing\" target=\"_blank\" rel=\"noopener noreferrer\">Dossier de l&#8217;alumnat PDF<\/a><\/td>\n<\/tr>\n<\/tbody>\n<\/table>\n<p><strong style=\"font-family: inherit; font-size: 1em;\">Quadern de camp<\/strong><\/p>\n<table>\n<tbody>\n<tr>\n<td><img loading=\"lazy\" decoding=\"async\" class=\"alignnone wp-image-9117\" src=\"https:\/\/serveiseducatius.xtec.cat\/cda-barcelona\/wp-content\/uploads\/usu149\/2019\/11\/pub.jpg\" alt=\"\" width=\"18\" height=\"18\" \/>\u00a0<a style=\"color: #2795b6;\" href=\"https:\/\/drive.google.com\/file\/d\/1-63wZMhdn3uE6Y_E7i236bGiXNJNQNPf\/view?usp=sharing\">Quadern de camp de l&#8217;alumnat Publisher<\/a><\/td>\n<td><img loading=\"lazy\" decoding=\"async\" src=\"http:\/\/blocs.xtec.cat\/cdabarcelona\/files\/2014\/02\/icon_pdf.gif\" alt=\"icon_pdf\" width=\"16\" height=\"16\" \/>\u00a0<a style=\"color: #2795b6;\" href=\"https:\/\/drive.google.com\/file\/d\/1p2L20CAASY8mg1DttdTcaDTFQx-fO4W_\/view?usp=sharing\" target=\"_blank\" rel=\"noopener noreferrer\">Quadern de camp de l&#8217;alumnat PDF<\/a><\/td>\n<\/tr>\n<\/tbody>\n<\/table>\n<p><strong style=\"font-family: inherit; font-size: 1em;\">English version<\/strong><\/p>\n<table>\n<tbody>\n<tr>\n<td><img loading=\"lazy\" decoding=\"async\" src=\"http:\/\/blocs.xtec.cat\/cdabarcelona\/files\/2014\/03\/icon_word.gif\" alt=\"icon_word\" width=\"16\" height=\"16\" \/> <a href=\"https:\/\/drive.google.com\/open?id=1aEbV6H1FpyFKT8uDLtAX5geZAAhcvivW\">&#8220;The neighborhood explained&#8221; Word<\/a><\/td>\n<td><img loading=\"lazy\" decoding=\"async\" src=\"http:\/\/blocs.xtec.cat\/cdabarcelona\/files\/2014\/02\/icon_pdf.gif\" alt=\"icon_pdf\" width=\"16\" height=\"16\" \/> <a href=\"https:\/\/drive.google.com\/open?id=1PV8qE9D22VxOEnU-w5tOIh1_GkZnis8W\">&#8220;The neighborhood explained&#8221; PDF<\/a><\/td>\n<\/tr>\n<\/tbody>\n<\/table>\n","protected":false},"excerpt":{"rendered":"<p>Aqu\u00ed trobareu el material i els enlla\u00e7os necessaris per a poder fer el treball previ del projecte Expliquem el barri. El podreu descarregar en format Word (per si el voleu editar) o en format PDF (per imprimir-lo tal qual). Guia de Projectes Compartits Guia de Projectes Compartits PDF Seq\u00fc\u00e8ncia did\u00e0ctica i temporalitzaci\u00f3 \u00a0Seq\u00fc\u00e8ncia did\u00e0ctica i [&hellip;]<\/p>\n","protected":false},"author":1,"featured_media":0,"parent":549,"menu_order":0,"comment_status":"closed","ping_status":"closed","template":"page-templates\/side-menu.php","meta":{"_bbp_topic_count":0,"_bbp_reply_count":0,"_bbp_total_topic_count":0,"_bbp_total_reply_count":0,"_bbp_voice_count":0,"_bbp_anonymous_reply_count":0,"_bbp_topic_count_hidden":0,"_bbp_reply_count_hidden":0,"_bbp_forum_subforum_count":0,"site-sidebar-layout":"default","site-content-layout":"","ast-site-content-layout":"","site-content-style":"default","site-sidebar-style":"default","ast-global-header-display":"","ast-banner-title-visibility":"","ast-main-header-display":"","ast-hfb-above-header-display":"","ast-hfb-below-header-display":"","ast-hfb-mobile-header-display":"","site-post-title":"","ast-breadcrumbs-content":"","ast-featured-img":"","footer-sml-layout":"","theme-transparent-header-meta":"","adv-header-id-meta":"","stick-header-meta":"","header-above-stick-meta":"","header-main-stick-meta":"","header-below-stick-meta":"","astra-migrate-meta-layouts":"default","ast-page-background-enabled":"default","ast-page-background-meta":{"desktop":{"background-color":"var(--ast-global-color-4)","background-image":"","background-repeat":"repeat","background-position":"center center","background-size":"auto","background-attachment":"scroll","background-type":"","background-media":"","overlay-type":"","overlay-color":"","overlay-opacity":"","overlay-gradient":""},"tablet":{"background-color":"","background-image":"","background-repeat":"repeat","background-position":"center center","background-size":"auto","background-attachment":"scroll","background-type":"","background-media":"","overlay-type":"","overlay-color":"","overlay-opacity":"","overlay-gradient":""},"mobile":{"background-color":"","background-image":"","background-repeat":"repeat","background-position":"center center","background-size":"auto","background-attachment":"scroll","background-type":"","background-media":"","overlay-type":"","overlay-color":"","overlay-opacity":"","overlay-gradient":""}},"ast-content-background-meta":{"desktop":{"background-color":"var(--ast-global-color-5)","background-image":"","background-repeat":"repeat","background-position":"center center","background-size":"auto","background-attachment":"scroll","background-type":"","background-media":"","overlay-type":"","overlay-color":"","overlay-opacity":"","overlay-gradient":""},"tablet":{"background-color":"var(--ast-global-color-5)","background-image":"","background-repeat":"repeat","background-position":"center center","background-size":"auto","background-attachment":"scroll","background-type":"","background-media":"","overlay-type":"","overlay-color":"","overlay-opacity":"","overlay-gradient":""},"mobile":{"background-color":"var(--ast-global-color-5)","background-image":"","background-repeat":"repeat","background-position":"center center","background-size":"auto","background-attachment":"scroll","background-type":"","background-media":"","overlay-type":"","overlay-color":"","overlay-opacity":"","overlay-gradient":""}},"footnotes":""},"class_list":["post-8702","page","type-page","status-publish","hentry"],"post_mailing_queue_ids":[],"_links":{"self":[{"href":"https:\/\/serveiseducatius.xtec.cat\/cda-barcelona\/wp-json\/wp\/v2\/pages\/8702","targetHints":{"allow":["GET"]}}],"collection":[{"href":"https:\/\/serveiseducatius.xtec.cat\/cda-barcelona\/wp-json\/wp\/v2\/pages"}],"about":[{"href":"https:\/\/serveiseducatius.xtec.cat\/cda-barcelona\/wp-json\/wp\/v2\/types\/page"}],"author":[{"embeddable":true,"href":"https:\/\/serveiseducatius.xtec.cat\/cda-barcelona\/wp-json\/wp\/v2\/users\/1"}],"replies":[{"embeddable":true,"href":"https:\/\/serveiseducatius.xtec.cat\/cda-barcelona\/wp-json\/wp\/v2\/comments?post=8702"}],"version-history":[{"count":4,"href":"https:\/\/serveiseducatius.xtec.cat\/cda-barcelona\/wp-json\/wp\/v2\/pages\/8702\/revisions"}],"predecessor-version":[{"id":9668,"href":"https:\/\/serveiseducatius.xtec.cat\/cda-barcelona\/wp-json\/wp\/v2\/pages\/8702\/revisions\/9668"}],"up":[{"embeddable":true,"href":"https:\/\/serveiseducatius.xtec.cat\/cda-barcelona\/wp-json\/wp\/v2\/pages\/549"}],"wp:attachment":[{"href":"https:\/\/serveiseducatius.xtec.cat\/cda-barcelona\/wp-json\/wp\/v2\/media?parent=8702"}],"curies":[{"name":"wp","href":"https:\/\/api.w.org\/{rel}","templated":true}]}}