{"id":8695,"date":"2019-10-15T16:41:42","date_gmt":"2019-10-15T14:41:42","guid":{"rendered":"https:\/\/serveiseducatius.xtec.cat\/cda-barcelona\/?page_id=8695"},"modified":"2019-10-15T16:43:30","modified_gmt":"2019-10-15T14:43:30","slug":"enllacos-cicle-mitja","status":"publish","type":"page","link":"https:\/\/serveiseducatius.xtec.cat\/cda-barcelona\/enllacos-cicle-mitja\/","title":{"rendered":"Enlla\u00e7os Cicle Mitj\u00e0"},"content":{"rendered":"<p><strong>Enlla\u00e7os del quadern de Cicle Mitj\u00e0<\/strong><\/p>\n<table border=\"0\">\n<tbody>\n<tr>\n<td style=\"background-color: #f5f5f5;\"><strong>Video redibuixant Barcelona<\/strong><\/td>\n<\/tr>\n<tr>\n<td><a href=\"http:\/\/blocs.xtec.cat\/cdabarcelona\/video-redibuixant-barcelona\/\" target=\"_blank\" rel=\"noopener noreferrer\">http:\/\/blocs.xtec.cat\/cdabarcelona\/video-redibuixant-barcelona\/<\/a><\/td>\n<\/tr>\n<tr>\n<td style=\"background-color: #f5f5f5;\"><strong>Dades de la ciutat de Barcelona<\/strong><\/td>\n<\/tr>\n<tr>\n<td><a href=\"http:\/\/ca.wikipedia.org\/wiki\/Barcelona\">http:\/\/ca.wikipedia.org\/wiki\/Barcelona<\/a><\/td>\n<\/tr>\n<tr>\n<td style=\"background-color: #f5f5f5;\"><strong>Dades sobre municipis<\/strong><\/td>\n<\/tr>\n<tr>\n<td><a href=\"http:\/\/www.idescat.cat\/emex\/\">http:\/\/www.idescat.cat\/emex\/<\/a><\/td>\n<\/tr>\n<tr>\n<td style=\"background-color: #f5f5f5;\"><strong>Per on passarem? Mapa<\/strong><\/td>\n<\/tr>\n<tr>\n<td><a href=\"http:\/\/upload.wikimedia.org\/wikipedia\/commons\/6\/69\/Catalunya%2BComarques%2BCatal%C3%A0.jpg\">http:\/\/upload.wikimedia.org\/wikipedia\/commons\/6\/69\/Catalunya%2BComarques%2BCatal%C3%A0.jpg<\/a><\/td>\n<\/tr>\n<tr>\n<td style=\"background-color: #f5f5f5;\"><strong>Per a saber on \u00e9s qualsevol lloc<\/strong><\/td>\n<\/tr>\n<tr>\n<td><a href=\"http:\/\/maps.google.com\/\">http:\/\/maps.google.com\/<\/a><\/td>\n<\/tr>\n<tr>\n<td style=\"background-color: #f5f5f5;\"><strong>Per a saber qu\u00e8 \u00e9s el bicing<\/strong><\/td>\n<\/tr>\n<tr>\n<td><a href=\"http:\/\/www.bicing.cat\/\">http:\/\/www.bicing.cat<\/a><\/td>\n<\/tr>\n<tr>\n<td style=\"background-color: #f5f5f5;\"><strong>Joc del Metro<\/strong><\/td>\n<\/tr>\n<tr>\n<td><a href=\"http:\/\/www.mapametrobarcelona.net\/mapas-metro\/mapa-metro-barcelona\">http:\/\/www.mapametrobarcelona.net\/mapas-metro\/mapa-metro-barcelona<\/a><\/td>\n<\/tr>\n<tr>\n<td style=\"background-color: #f5f5f5;\"><strong>Barcelona des de Montju\u00efc<\/strong><\/td>\n<\/tr>\n<tr>\n<td><a href=\"http:\/\/www.xtec.cat\/cda-barcelona\/pano_montjuic\/pano_bcn_montjuic.html\">http:\/\/www.xtec.cat\/cda-barcelona\/pano_montjuic\/pano_bcn_montjuic.html<\/a><\/td>\n<\/tr>\n<tr>\n<td style=\"background-color: #f5f5f5;\"><strong>Pir\u00e0mide aliment\u00e0ria<\/strong><\/td>\n<\/tr>\n<tr>\n<td><a href=\"http:\/\/1.bp.blogspot.com\/_ed0q_FJvnME\/Sw6Y9d3jXPI\/AAAAAAAAAGU\/GLIEKay9eHI\/s640\/PIRAMIDE-ALIMENTICIA.gif\">http:\/\/1.bp.blogspot.com\/_ed0q_FJvnME\/Sw6Y9d3jXPI\/AAAAAAAAAGU\/GLIEKay9eHI\/s640\/PIRAMIDE-ALIMENTICIA.gif<\/a><\/td>\n<\/tr>\n<tr>\n<td style=\"background-color: #f5f5f5;\"><strong>Elaborar un men\u00fa<\/strong><\/td>\n<\/tr>\n<tr>\n<td><a href=\"http:\/\/www.bcn.es\/imeb\/dinem\/dinemcd.swf\">http:\/\/www.bcn.es\/imeb\/dinem\/dinemcd.swf<\/a><\/td>\n<\/tr>\n<tr>\n<td><a href=\"http:\/\/www.diba.cat\/documents\/154243\/154616\/comerc-fitxers-omfl-campanyes-hortalmercat-visita_mercat-dossier_alumne-pdf.pdf\">http:\/\/www.diba.cat\/documents\/154243\/154616\/comerc-fitxers-omfl-campanyes-hortalmercat-visita_mercat-dossier_alumne-pdf.pdf<\/a><\/td>\n<\/tr>\n<tr>\n<td><a href=\"http:\/\/www.diba.cat\/web\/comerc\/omfl_menjodemercat\">http:\/\/www.diba.cat\/web\/comerc\/omfl_menjodemercat<\/a><\/td>\n<\/tr>\n<tr>\n<td style=\"background-color: #f5f5f5;\"><strong>La mansana de la disc\u00f2rdia<\/strong><\/td>\n<\/tr>\n<tr>\n<td><a href=\"http:\/\/ca.wikipedia.org\/wiki\/Casa_Lle%C3%B3_Morera\">http:\/\/ca.wikipedia.org\/wiki\/Casa_Lle%C3%B3_Morera<\/a><\/td>\n<\/tr>\n<tr>\n<td><a href=\"http:\/\/ca.wikipedia.org\/wiki\/Casa_Amatller\">http:\/\/ca.wikipedia.org\/wiki\/Casa_Amatller<\/a><\/td>\n<\/tr>\n<tr>\n<td><a href=\"http:\/\/ca.wikipedia.org\/wiki\/Casa_Batll%C3%B3\">http:\/\/ca.wikipedia.org\/wiki\/Casa_Batll%C3%B3<\/a><\/td>\n<\/tr>\n<\/tbody>\n<\/table>\n","protected":false},"excerpt":{"rendered":"<p>Enlla\u00e7os del quadern de Cicle Mitj\u00e0 Video redibuixant Barcelona http:\/\/blocs.xtec.cat\/cdabarcelona\/video-redibuixant-barcelona\/ Dades de la ciutat de Barcelona http:\/\/ca.wikipedia.org\/wiki\/Barcelona Dades sobre municipis http:\/\/www.idescat.cat\/emex\/ Per on passarem? Mapa http:\/\/upload.wikimedia.org\/wikipedia\/commons\/6\/69\/Catalunya%2BComarques%2BCatal%C3%A0.jpg Per a saber on \u00e9s qualsevol lloc http:\/\/maps.google.com\/ Per a saber qu\u00e8 \u00e9s el bicing http:\/\/www.bicing.cat Joc del Metro http:\/\/www.mapametrobarcelona.net\/mapas-metro\/mapa-metro-barcelona Barcelona des de Montju\u00efc http:\/\/www.xtec.cat\/cda-barcelona\/pano_montjuic\/pano_bcn_montjuic.html Pir\u00e0mide aliment\u00e0ria http:\/\/1.bp.blogspot.com\/_ed0q_FJvnME\/Sw6Y9d3jXPI\/AAAAAAAAAGU\/GLIEKay9eHI\/s640\/PIRAMIDE-ALIMENTICIA.gif Elaborar [&hellip;]<\/p>\n","protected":false},"author":1,"featured_media":0,"parent":0,"menu_order":0,"comment_status":"closed","ping_status":"closed","template":"","meta":{"_bbp_topic_count":0,"_bbp_reply_count":0,"_bbp_total_topic_count":0,"_bbp_total_reply_count":0,"_bbp_voice_count":0,"_bbp_anonymous_reply_count":0,"_bbp_topic_count_hidden":0,"_bbp_reply_count_hidden":0,"_bbp_forum_subforum_count":0,"site-sidebar-layout":"default","site-content-layout":"","ast-site-content-layout":"","site-content-style":"default","site-sidebar-style":"default","ast-global-header-display":"","ast-banner-title-visibility":"","ast-main-header-display":"","ast-hfb-above-header-display":"","ast-hfb-below-header-display":"","ast-hfb-mobile-header-display":"","site-post-title":"","ast-breadcrumbs-content":"","ast-featured-img":"","footer-sml-layout":"","theme-transparent-header-meta":"","adv-header-id-meta":"","stick-header-meta":"","header-above-stick-meta":"","header-main-stick-meta":"","header-below-stick-meta":"","astra-migrate-meta-layouts":"default","ast-page-background-enabled":"default","ast-page-background-meta":{"desktop":{"background-color":"var(--ast-global-color-4)","background-image":"","background-repeat":"repeat","background-position":"center center","background-size":"auto","background-attachment":"scroll","background-type":"","background-media":"","overlay-type":"","overlay-color":"","overlay-opacity":"","overlay-gradient":""},"tablet":{"background-color":"","background-image":"","background-repeat":"repeat","background-position":"center center","background-size":"auto","background-attachment":"scroll","background-type":"","background-media":"","overlay-type":"","overlay-color":"","overlay-opacity":"","overlay-gradient":""},"mobile":{"background-color":"","background-image":"","background-repeat":"repeat","background-position":"center center","background-size":"auto","background-attachment":"scroll","background-type":"","background-media":"","overlay-type":"","overlay-color":"","overlay-opacity":"","overlay-gradient":""}},"ast-content-background-meta":{"desktop":{"background-color":"var(--ast-global-color-5)","background-image":"","background-repeat":"repeat","background-position":"center center","background-size":"auto","background-attachment":"scroll","background-type":"","background-media":"","overlay-type":"","overlay-color":"","overlay-opacity":"","overlay-gradient":""},"tablet":{"background-color":"var(--ast-global-color-5)","background-image":"","background-repeat":"repeat","background-position":"center center","background-size":"auto","background-attachment":"scroll","background-type":"","background-media":"","overlay-type":"","overlay-color":"","overlay-opacity":"","overlay-gradient":""},"mobile":{"background-color":"var(--ast-global-color-5)","background-image":"","background-repeat":"repeat","background-position":"center center","background-size":"auto","background-attachment":"scroll","background-type":"","background-media":"","overlay-type":"","overlay-color":"","overlay-opacity":"","overlay-gradient":""}},"footnotes":""},"class_list":["post-8695","page","type-page","status-publish","hentry"],"post_mailing_queue_ids":[],"_links":{"self":[{"href":"https:\/\/serveiseducatius.xtec.cat\/cda-barcelona\/wp-json\/wp\/v2\/pages\/8695","targetHints":{"allow":["GET"]}}],"collection":[{"href":"https:\/\/serveiseducatius.xtec.cat\/cda-barcelona\/wp-json\/wp\/v2\/pages"}],"about":[{"href":"https:\/\/serveiseducatius.xtec.cat\/cda-barcelona\/wp-json\/wp\/v2\/types\/page"}],"author":[{"embeddable":true,"href":"https:\/\/serveiseducatius.xtec.cat\/cda-barcelona\/wp-json\/wp\/v2\/users\/1"}],"replies":[{"embeddable":true,"href":"https:\/\/serveiseducatius.xtec.cat\/cda-barcelona\/wp-json\/wp\/v2\/comments?post=8695"}],"version-history":[{"count":1,"href":"https:\/\/serveiseducatius.xtec.cat\/cda-barcelona\/wp-json\/wp\/v2\/pages\/8695\/revisions"}],"predecessor-version":[{"id":8696,"href":"https:\/\/serveiseducatius.xtec.cat\/cda-barcelona\/wp-json\/wp\/v2\/pages\/8695\/revisions\/8696"}],"wp:attachment":[{"href":"https:\/\/serveiseducatius.xtec.cat\/cda-barcelona\/wp-json\/wp\/v2\/media?parent=8695"}],"curies":[{"name":"wp","href":"https:\/\/api.w.org\/{rel}","templated":true}]}}