{"id":8690,"date":"2019-10-15T16:03:35","date_gmt":"2019-10-15T14:03:35","guid":{"rendered":"https:\/\/serveiseducatius.xtec.cat\/cda-barcelona\/?page_id=8690"},"modified":"2023-01-26T09:52:26","modified_gmt":"2023-01-26T08:52:26","slug":"proposta-de-treball-previ-cicle-inicial","status":"publish","type":"page","link":"https:\/\/serveiseducatius.xtec.cat\/cda-barcelona\/proposta-de-treball-previ-cicle-inicial\/","title":{"rendered":"PROPOSTA DE TREBALL PREVI CICLE INICIAL PRIM\u00c0RIA"},"content":{"rendered":"<p>Aqu\u00ed trobareu el material i els enlla\u00e7os necessaris per a poder fer el treball previ a l&#8217;estada.<br \/>\nReviseu quines s\u00f3n les activitats que fareu a Barcelona! El podreu descarregar en format Word (per si el voleu editar) o en format PDF (per imprimir-lo tal qual).<\/p>\n<hr \/>\n<p><strong><span style=\"font-size: large;\">Cicle Inicial<\/span><\/strong><\/p>\n<table border=\"0\">\n<tbody>\n<tr>\n<td style=\"background-color: #f5f5f5;\"><img loading=\"lazy\" decoding=\"async\" src=\"http:\/\/blocs.xtec.cat\/cdabarcelona\/files\/2014\/03\/icon_word.gif\" alt=\"icon_word\" width=\"16\" height=\"16\" \/>\u00a0<a href=\"https:\/\/docs.google.com\/document\/d\/153x6I1lqqURWDnRDSdJMuFKT0fPMgRu6\/edit?usp=share_link&amp;ouid=116374718566262030231&amp;rtpof=true&amp;sd=true\">Quadern alumnat Word<\/a><\/td>\n<td style=\"background-color: #f5f5f5;\"><img loading=\"lazy\" decoding=\"async\" src=\"http:\/\/blocs.xtec.cat\/cdabarcelona\/files\/2014\/02\/icon_pdf.gif\" alt=\"icon_pdf\" width=\"16\" height=\"16\" \/>\u00a0<a href=\"https:\/\/drive.google.com\/open?id=1syRrBh5WZBZxbOOvHnh1znVpOJHWY6Tc\">Quadern alumnat PDF<\/a><\/td>\n<\/tr>\n<tr>\n<td style=\"background-color: #f5f5f5;\"><img loading=\"lazy\" decoding=\"async\" src=\"http:\/\/blocs.xtec.cat\/cdabarcelona\/files\/2014\/02\/icon_pdf.gif\" alt=\"icon_pdf\" width=\"16\" height=\"16\" \/>\u00a0<a href=\"http:\/\/www.xtec.cat\/cda-barcelona\/fitxers\/guia_didactica_cab_ci.pdf\" target=\"_blank\" rel=\"noopener noreferrer\">Guia did\u00e0ctica<\/a><\/td>\n<td style=\"background-color: #f5f5f5;\"><\/td>\n<\/tr>\n<\/tbody>\n<\/table>\n<p>&nbsp;<\/p>\n","protected":false},"excerpt":{"rendered":"<p>Aqu\u00ed trobareu el material i els enlla\u00e7os necessaris per a poder fer el treball previ a l&#8217;estada. Reviseu quines s\u00f3n les activitats que fareu a Barcelona! El podreu descarregar en format Word (per si el voleu editar) o en format PDF (per imprimir-lo tal qual). Cicle Inicial \u00a0Quadern alumnat Word \u00a0Quadern alumnat PDF \u00a0Guia did\u00e0ctica [&hellip;]<\/p>\n","protected":false},"author":1,"featured_media":0,"parent":0,"menu_order":0,"comment_status":"closed","ping_status":"closed","template":"","meta":{"_bbp_topic_count":0,"_bbp_reply_count":0,"_bbp_total_topic_count":0,"_bbp_total_reply_count":0,"_bbp_voice_count":0,"_bbp_anonymous_reply_count":0,"_bbp_topic_count_hidden":0,"_bbp_reply_count_hidden":0,"_bbp_forum_subforum_count":0,"site-sidebar-layout":"default","site-content-layout":"","ast-site-content-layout":"","site-content-style":"default","site-sidebar-style":"default","ast-global-header-display":"","ast-banner-title-visibility":"","ast-main-header-display":"","ast-hfb-above-header-display":"","ast-hfb-below-header-display":"","ast-hfb-mobile-header-display":"","site-post-title":"","ast-breadcrumbs-content":"","ast-featured-img":"","footer-sml-layout":"","theme-transparent-header-meta":"","adv-header-id-meta":"","stick-header-meta":"","header-above-stick-meta":"","header-main-stick-meta":"","header-below-stick-meta":"","astra-migrate-meta-layouts":"default","ast-page-background-enabled":"default","ast-page-background-meta":{"desktop":{"background-color":"var(--ast-global-color-4)","background-image":"","background-repeat":"repeat","background-position":"center center","background-size":"auto","background-attachment":"scroll","background-type":"","background-media":"","overlay-type":"","overlay-color":"","overlay-opacity":"","overlay-gradient":""},"tablet":{"background-color":"","background-image":"","background-repeat":"repeat","background-position":"center center","background-size":"auto","background-attachment":"scroll","background-type":"","background-media":"","overlay-type":"","overlay-color":"","overlay-opacity":"","overlay-gradient":""},"mobile":{"background-color":"","background-image":"","background-repeat":"repeat","background-position":"center center","background-size":"auto","background-attachment":"scroll","background-type":"","background-media":"","overlay-type":"","overlay-color":"","overlay-opacity":"","overlay-gradient":""}},"ast-content-background-meta":{"desktop":{"background-color":"var(--ast-global-color-5)","background-image":"","background-repeat":"repeat","background-position":"center center","background-size":"auto","background-attachment":"scroll","background-type":"","background-media":"","overlay-type":"","overlay-color":"","overlay-opacity":"","overlay-gradient":""},"tablet":{"background-color":"var(--ast-global-color-5)","background-image":"","background-repeat":"repeat","background-position":"center center","background-size":"auto","background-attachment":"scroll","background-type":"","background-media":"","overlay-type":"","overlay-color":"","overlay-opacity":"","overlay-gradient":""},"mobile":{"background-color":"var(--ast-global-color-5)","background-image":"","background-repeat":"repeat","background-position":"center center","background-size":"auto","background-attachment":"scroll","background-type":"","background-media":"","overlay-type":"","overlay-color":"","overlay-opacity":"","overlay-gradient":""}},"footnotes":""},"class_list":["post-8690","page","type-page","status-publish","hentry"],"post_mailing_queue_ids":[],"_links":{"self":[{"href":"https:\/\/serveiseducatius.xtec.cat\/cda-barcelona\/wp-json\/wp\/v2\/pages\/8690","targetHints":{"allow":["GET"]}}],"collection":[{"href":"https:\/\/serveiseducatius.xtec.cat\/cda-barcelona\/wp-json\/wp\/v2\/pages"}],"about":[{"href":"https:\/\/serveiseducatius.xtec.cat\/cda-barcelona\/wp-json\/wp\/v2\/types\/page"}],"author":[{"embeddable":true,"href":"https:\/\/serveiseducatius.xtec.cat\/cda-barcelona\/wp-json\/wp\/v2\/users\/1"}],"replies":[{"embeddable":true,"href":"https:\/\/serveiseducatius.xtec.cat\/cda-barcelona\/wp-json\/wp\/v2\/comments?post=8690"}],"version-history":[{"count":3,"href":"https:\/\/serveiseducatius.xtec.cat\/cda-barcelona\/wp-json\/wp\/v2\/pages\/8690\/revisions"}],"predecessor-version":[{"id":9637,"href":"https:\/\/serveiseducatius.xtec.cat\/cda-barcelona\/wp-json\/wp\/v2\/pages\/8690\/revisions\/9637"}],"wp:attachment":[{"href":"https:\/\/serveiseducatius.xtec.cat\/cda-barcelona\/wp-json\/wp\/v2\/media?parent=8690"}],"curies":[{"name":"wp","href":"https:\/\/api.w.org\/{rel}","templated":true}]}}