{"id":8655,"date":"2019-10-15T15:09:04","date_gmt":"2019-10-15T13:09:04","guid":{"rendered":"https:\/\/serveiseducatius.xtec.cat\/cda-barcelona\/?page_id=8655"},"modified":"2019-12-16T12:23:08","modified_gmt":"2019-12-16T11:23:08","slug":"objectiu-barcelona-estades","status":"publish","type":"page","link":"https:\/\/serveiseducatius.xtec.cat\/cda-barcelona\/amb-els-centres\/preparacio\/objectiu-barcelona-estades\/","title":{"rendered":"Objectiu Barcelona: propostes de treball previ (estades)"},"content":{"rendered":"<h6>Des del CdA de Barcelona creiem que el projecte d&#8217;estada ha d&#8217;anar m\u00e9s enll\u00e0 dels dies de conviv\u00e8ncia a Barcelona. \u00c9s per aix\u00f2 que considerem del tot necessari que \u00a0professorat i l&#8217;alumnat s&#8217;impliquin de manera activa en el seu desenvolupament. Sota el t\u00edtol <strong>&#8220;Objectiu Barcelona&#8221;<\/strong> us presentem <span style=\"color: #ff6600;\"><strong>propostes de treball previ<\/strong> <\/span>que voldr\u00edem consensuar amb vosaltres i que haurien de servir per:<\/h6>\n<ol>\n<li style=\"list-style-type: none;\">\n<ol>\n<li>Seleccionar els continguts dels diferents \u00e0mbits que es treballaran abans, durant i despr\u00e9s dels dies d&#8217;estada.<\/li>\n<li>Acordar amb el CdA les Compet\u00e8ncies B\u00e0siques a enriquir (2 o 3 \u00e0mbits i 2 o 3 compet\u00e8ncies de cadascun)<\/li>\n<li>Decidir criteris per a la distribuci\u00f3 de l&#8217;alumnat en equips de treball (3 o 4 alumnes per equip)<\/li>\n<li>Realitzar, en equip, les activitats indicades en el corresponent dossier que haurem consensuat.<\/li>\n<li>Acordar l&#8217;elaboraci\u00f3 d&#8217;un treball posterior (al centre) que fos el resultat de la transfer\u00e8ncia dels coneixements adquirit al llarg de tot el projecte d&#8217;estada<\/li>\n<\/ol>\n<\/li>\n<\/ol>\n<p style=\"text-align: center;\">Al seg\u00fcents enlla\u00e7os podeu consultar propostes i recursos perqu\u00e8 els centres que vinguin a fer l&#8217;estada puguin fer un treball previ:<\/p>\n<table class=\" aligncenter\" style=\"height: 320px; border-style: solid; width: 164px; border-color: #0784de; background-color: #b0eef7;\" width=\"112\">\n<tbody>\n<tr style=\"height: 57px;\">\n<td style=\"width: 158px; height: 57px;\">\n<h4><a href=\"https:\/\/serveiseducatius.xtec.cat\/cda-barcelona\/proposta-de-treball-previ-cicle-inicial\/\">\u00a0 \u00a0 \u00a0Cicle Inicial<\/a><\/h4>\n<\/td>\n<\/tr>\n<tr style=\"height: 57px;\">\n<td style=\"width: 158px; height: 57px;\">\n<h4 style=\"text-align: left;\"><a href=\"https:\/\/serveiseducatius.xtec.cat\/cda-barcelona\/propostes-de-treball-previ-cicle-mitja-primaria\/\">\u00a0 \u00a0 \u00a0 Cicle Mitj\u00e0<\/a><\/h4>\n<\/td>\n<\/tr>\n<tr style=\"height: 57px;\">\n<td style=\"width: 158px; height: 57px;\">\n<h4><a href=\"https:\/\/serveiseducatius.xtec.cat\/cda-barcelona\/propostes-de-treball-previ-cicle-superior-de-primaria\/\">\u00a0 \u00a0Cicle Superior<\/a><\/h4>\n<\/td>\n<\/tr>\n<tr style=\"height: 57px;\">\n<td style=\"width: 158px; height: 57px;\"><\/td>\n<\/tr>\n<tr style=\"height: 43px;\">\n<td style=\"width: 158px; height: 43px;\">\n<h4><a href=\"https:\/\/serveiseducatius.xtec.cat\/cda-barcelona\/propostes-de-treball-previ-secundaria\/\">\u00a0 \u00a0 \u00a0 \u00a0Educaci\u00f3\u00a0 \u00a0 \u00a0 \u00a0 \u00a0 \u00a0Secund\u00e0ria<\/a><\/h4>\n<\/td>\n<\/tr>\n<\/tbody>\n<\/table>\n<h2><\/h2>\n<h2 class=\"entry-title\"><strong>CONEIXES BARCELONA?<\/strong><\/h2>\n<p style=\"padding-left: 60px;\">Aqu\u00ed teniu enlla\u00e7os a v\u00eddeos i m\u00fasiques relacionats amb Barcelona que us permetran fer un tomb virtual per la ciutat!<\/p>\n<p><iframe loading=\"lazy\" src=\"https:\/\/docs.google.com\/spreadsheets\/d\/e\/2PACX-1vQ-Qj9oupjHU2hT0GbY8noNwL0qjyAgq9Ue-V23hAZZJxkQTwsxsrOTd135uR8-CB3G9Aj4lQjLXi3P\/pubhtml?widget=true&amp;headers=false\" width=\"550\" height=\"450\"><\/iframe><\/p>\n","protected":false},"excerpt":{"rendered":"<p>Des del CdA de Barcelona creiem que el projecte d&#8217;estada ha d&#8217;anar m\u00e9s enll\u00e0 dels dies de conviv\u00e8ncia a Barcelona. \u00c9s per aix\u00f2 que considerem del tot necessari que \u00a0professorat i l&#8217;alumnat s&#8217;impliquin de manera activa en el seu desenvolupament. Sota el t\u00edtol &#8220;Objectiu Barcelona&#8221; us presentem propostes de treball previ que voldr\u00edem consensuar amb [&hellip;]<\/p>\n","protected":false},"author":1,"featured_media":0,"parent":549,"menu_order":0,"comment_status":"closed","ping_status":"closed","template":"page-templates\/side-menu.php","meta":{"_bbp_topic_count":0,"_bbp_reply_count":0,"_bbp_total_topic_count":0,"_bbp_total_reply_count":0,"_bbp_voice_count":0,"_bbp_anonymous_reply_count":0,"_bbp_topic_count_hidden":0,"_bbp_reply_count_hidden":0,"_bbp_forum_subforum_count":0,"site-sidebar-layout":"default","site-content-layout":"","ast-site-content-layout":"","site-content-style":"default","site-sidebar-style":"default","ast-global-header-display":"","ast-banner-title-visibility":"","ast-main-header-display":"","ast-hfb-above-header-display":"","ast-hfb-below-header-display":"","ast-hfb-mobile-header-display":"","site-post-title":"","ast-breadcrumbs-content":"","ast-featured-img":"","footer-sml-layout":"","theme-transparent-header-meta":"","adv-header-id-meta":"","stick-header-meta":"","header-above-stick-meta":"","header-main-stick-meta":"","header-below-stick-meta":"","astra-migrate-meta-layouts":"default","ast-page-background-enabled":"default","ast-page-background-meta":{"desktop":{"background-color":"var(--ast-global-color-4)","background-image":"","background-repeat":"repeat","background-position":"center center","background-size":"auto","background-attachment":"scroll","background-type":"","background-media":"","overlay-type":"","overlay-color":"","overlay-opacity":"","overlay-gradient":""},"tablet":{"background-color":"","background-image":"","background-repeat":"repeat","background-position":"center center","background-size":"auto","background-attachment":"scroll","background-type":"","background-media":"","overlay-type":"","overlay-color":"","overlay-opacity":"","overlay-gradient":""},"mobile":{"background-color":"","background-image":"","background-repeat":"repeat","background-position":"center center","background-size":"auto","background-attachment":"scroll","background-type":"","background-media":"","overlay-type":"","overlay-color":"","overlay-opacity":"","overlay-gradient":""}},"ast-content-background-meta":{"desktop":{"background-color":"var(--ast-global-color-5)","background-image":"","background-repeat":"repeat","background-position":"center center","background-size":"auto","background-attachment":"scroll","background-type":"","background-media":"","overlay-type":"","overlay-color":"","overlay-opacity":"","overlay-gradient":""},"tablet":{"background-color":"var(--ast-global-color-5)","background-image":"","background-repeat":"repeat","background-position":"center center","background-size":"auto","background-attachment":"scroll","background-type":"","background-media":"","overlay-type":"","overlay-color":"","overlay-opacity":"","overlay-gradient":""},"mobile":{"background-color":"var(--ast-global-color-5)","background-image":"","background-repeat":"repeat","background-position":"center center","background-size":"auto","background-attachment":"scroll","background-type":"","background-media":"","overlay-type":"","overlay-color":"","overlay-opacity":"","overlay-gradient":""}},"footnotes":""},"class_list":["post-8655","page","type-page","status-publish","hentry"],"post_mailing_queue_ids":[],"_links":{"self":[{"href":"https:\/\/serveiseducatius.xtec.cat\/cda-barcelona\/wp-json\/wp\/v2\/pages\/8655","targetHints":{"allow":["GET"]}}],"collection":[{"href":"https:\/\/serveiseducatius.xtec.cat\/cda-barcelona\/wp-json\/wp\/v2\/pages"}],"about":[{"href":"https:\/\/serveiseducatius.xtec.cat\/cda-barcelona\/wp-json\/wp\/v2\/types\/page"}],"author":[{"embeddable":true,"href":"https:\/\/serveiseducatius.xtec.cat\/cda-barcelona\/wp-json\/wp\/v2\/users\/1"}],"replies":[{"embeddable":true,"href":"https:\/\/serveiseducatius.xtec.cat\/cda-barcelona\/wp-json\/wp\/v2\/comments?post=8655"}],"version-history":[{"count":4,"href":"https:\/\/serveiseducatius.xtec.cat\/cda-barcelona\/wp-json\/wp\/v2\/pages\/8655\/revisions"}],"predecessor-version":[{"id":9182,"href":"https:\/\/serveiseducatius.xtec.cat\/cda-barcelona\/wp-json\/wp\/v2\/pages\/8655\/revisions\/9182"}],"up":[{"embeddable":true,"href":"https:\/\/serveiseducatius.xtec.cat\/cda-barcelona\/wp-json\/wp\/v2\/pages\/549"}],"wp:attachment":[{"href":"https:\/\/serveiseducatius.xtec.cat\/cda-barcelona\/wp-json\/wp\/v2\/media?parent=8655"}],"curies":[{"name":"wp","href":"https:\/\/api.w.org\/{rel}","templated":true}]}}