{"id":8429,"date":"2019-09-30T10:49:01","date_gmt":"2019-09-30T08:49:01","guid":{"rendered":"https:\/\/serveiseducatius.xtec.cat\/cda-barcelona\/?page_id=8429"},"modified":"2021-09-13T09:03:32","modified_gmt":"2021-09-13T07:03:32","slug":"contacte","status":"publish","type":"page","link":"https:\/\/serveiseducatius.xtec.cat\/cda-barcelona\/el-camp\/contacte\/","title":{"rendered":"Contacte"},"content":{"rendered":"<p>Si voleu fer una inscripci\u00f3 per fer activitats al nostre camp aneu a\u00a0<a href=\"https:\/\/serveiseducatius.xtec.cat\/cda-barcelona\/inscripcio\/\">inscripci\u00f3<\/a>. En cas que el termini hagi finalitzat poseu-vos en contacte amb nosaltres mitjan\u00e7ant aquest formulari. Si dispos\u00e9ssim d&#8217;alguna vacant haur\u00edeu de fer la demanda corresponent en el seg\u00fcent enlla\u00e7: <a href=\"https:\/\/docs.google.com\/forms\/d\/e\/1FAIpQLSftZbw9CXqwO9VWsOX7QsLx75w68LgfQs2ZCo2SX0eQE1sKSw\/viewform\" target=\"_blank\" rel=\"noopener noreferrer\">Inscripci\u00f3 2019-20 als CdA i EdA per a centres de fora de Catalunya, universitaris i sol\u00b7licituds en per\u00edode extraordinari.<\/a><\/p>\n<p>Si voleu fer un altre tipus de petici\u00f3 o consulta, esteu a la secci\u00f3 adequada. Podeu fer-nos arribar les vostres consultes:<\/p>\n<ul>\n<li style=\"list-style-type: none;\">\n<ul>\n<li>Enviant-nos un correu electr\u00f2nic a\u00a0<strong>cda-barcelona<span class=\"atwho-query\">@xtec.cat<\/span><\/strong><\/li>\n<li>Trucant-nos al tel\u00e8fon <strong>667 36 69 14<br \/>\n<\/strong><\/li>\n<li>O omplint, preferentment, aquest\u00a0<strong>formulari<\/strong>:<\/li>\n<\/ul>\n<\/li>\n<\/ul>\n<p><iframe loading=\"lazy\" src=\"https:\/\/docs.google.com\/spreadsheet\/embeddedform?formkey=dFhKUjNMMDJ0cWVyU3FGNzhYeFBCVVE6MA\" width=\"760\" height=\"867\" frameborder=\"0\" marginwidth=\"0\" marginheight=\"0\"><\/iframe><\/p>\n","protected":false},"excerpt":{"rendered":"<p>Si voleu fer una inscripci\u00f3 per fer activitats al nostre camp aneu a\u00a0inscripci\u00f3. En cas que el termini hagi finalitzat poseu-vos en contacte amb nosaltres mitjan\u00e7ant aquest formulari. Si dispos\u00e9ssim d&#8217;alguna vacant haur\u00edeu de fer la demanda corresponent en el seg\u00fcent enlla\u00e7: Inscripci\u00f3 2019-20 als CdA i EdA per a centres de fora de Catalunya, [&hellip;]<\/p>\n","protected":false},"author":1,"featured_media":0,"parent":8225,"menu_order":0,"comment_status":"closed","ping_status":"closed","template":"page-templates\/side-menu.php","meta":{"_bbp_topic_count":0,"_bbp_reply_count":0,"_bbp_total_topic_count":0,"_bbp_total_reply_count":0,"_bbp_voice_count":0,"_bbp_anonymous_reply_count":0,"_bbp_topic_count_hidden":0,"_bbp_reply_count_hidden":0,"_bbp_forum_subforum_count":0,"site-sidebar-layout":"default","site-content-layout":"","ast-site-content-layout":"","site-content-style":"default","site-sidebar-style":"default","ast-global-header-display":"","ast-banner-title-visibility":"","ast-main-header-display":"","ast-hfb-above-header-display":"","ast-hfb-below-header-display":"","ast-hfb-mobile-header-display":"","site-post-title":"","ast-breadcrumbs-content":"","ast-featured-img":"","footer-sml-layout":"","theme-transparent-header-meta":"","adv-header-id-meta":"","stick-header-meta":"","header-above-stick-meta":"","header-main-stick-meta":"","header-below-stick-meta":"","astra-migrate-meta-layouts":"default","ast-page-background-enabled":"default","ast-page-background-meta":{"desktop":{"background-color":"var(--ast-global-color-4)","background-image":"","background-repeat":"repeat","background-position":"center center","background-size":"auto","background-attachment":"scroll","background-type":"","background-media":"","overlay-type":"","overlay-color":"","overlay-opacity":"","overlay-gradient":""},"tablet":{"background-color":"","background-image":"","background-repeat":"repeat","background-position":"center center","background-size":"auto","background-attachment":"scroll","background-type":"","background-media":"","overlay-type":"","overlay-color":"","overlay-opacity":"","overlay-gradient":""},"mobile":{"background-color":"","background-image":"","background-repeat":"repeat","background-position":"center center","background-size":"auto","background-attachment":"scroll","background-type":"","background-media":"","overlay-type":"","overlay-color":"","overlay-opacity":"","overlay-gradient":""}},"ast-content-background-meta":{"desktop":{"background-color":"var(--ast-global-color-5)","background-image":"","background-repeat":"repeat","background-position":"center center","background-size":"auto","background-attachment":"scroll","background-type":"","background-media":"","overlay-type":"","overlay-color":"","overlay-opacity":"","overlay-gradient":""},"tablet":{"background-color":"var(--ast-global-color-5)","background-image":"","background-repeat":"repeat","background-position":"center center","background-size":"auto","background-attachment":"scroll","background-type":"","background-media":"","overlay-type":"","overlay-color":"","overlay-opacity":"","overlay-gradient":""},"mobile":{"background-color":"var(--ast-global-color-5)","background-image":"","background-repeat":"repeat","background-position":"center center","background-size":"auto","background-attachment":"scroll","background-type":"","background-media":"","overlay-type":"","overlay-color":"","overlay-opacity":"","overlay-gradient":""}},"footnotes":""},"class_list":["post-8429","page","type-page","status-publish","hentry"],"post_mailing_queue_ids":[],"_links":{"self":[{"href":"https:\/\/serveiseducatius.xtec.cat\/cda-barcelona\/wp-json\/wp\/v2\/pages\/8429","targetHints":{"allow":["GET"]}}],"collection":[{"href":"https:\/\/serveiseducatius.xtec.cat\/cda-barcelona\/wp-json\/wp\/v2\/pages"}],"about":[{"href":"https:\/\/serveiseducatius.xtec.cat\/cda-barcelona\/wp-json\/wp\/v2\/types\/page"}],"author":[{"embeddable":true,"href":"https:\/\/serveiseducatius.xtec.cat\/cda-barcelona\/wp-json\/wp\/v2\/users\/1"}],"replies":[{"embeddable":true,"href":"https:\/\/serveiseducatius.xtec.cat\/cda-barcelona\/wp-json\/wp\/v2\/comments?post=8429"}],"version-history":[{"count":2,"href":"https:\/\/serveiseducatius.xtec.cat\/cda-barcelona\/wp-json\/wp\/v2\/pages\/8429\/revisions"}],"predecessor-version":[{"id":9543,"href":"https:\/\/serveiseducatius.xtec.cat\/cda-barcelona\/wp-json\/wp\/v2\/pages\/8429\/revisions\/9543"}],"up":[{"embeddable":true,"href":"https:\/\/serveiseducatius.xtec.cat\/cda-barcelona\/wp-json\/wp\/v2\/pages\/8225"}],"wp:attachment":[{"href":"https:\/\/serveiseducatius.xtec.cat\/cda-barcelona\/wp-json\/wp\/v2\/media?parent=8429"}],"curies":[{"name":"wp","href":"https:\/\/api.w.org\/{rel}","templated":true}]}}