{"id":83,"date":"2013-11-14T21:16:00","date_gmt":"2013-11-14T20:16:00","guid":{"rendered":"http:\/\/blocs.xtec.cat\/plantillacda\/?page_id=83"},"modified":"2026-02-12T21:53:16","modified_gmt":"2026-02-12T20:53:16","slug":"allotjament","status":"publish","type":"page","link":"https:\/\/serveiseducatius.xtec.cat\/cda-barcelona\/el-camp\/allotjament\/","title":{"rendered":"Allotjament"},"content":{"rendered":"<p><strong>Quotes d\u2019allotjament i manutenci\u00f3 especials pels Camps d\u2019Aprenentatge aplicades per la Xarxa Jove d\u2019Albergs de Catalunya:<\/strong><\/p>\n<ul>\n<li><strong>Pensi\u00f3 completa<\/strong> (allotjament i manutenci\u00f3): <strong>36,00 \u20ac<\/strong> \/alumne o docent acompanyant. Per a l&#8217;alumnat de Prim\u00e0ria i Secund\u00e0ria aquest preu inclou el berenar.<\/li>\n<li>Mitja pensi\u00f3: <strong>28,50 \u20ac<\/strong> \/alumne o docent acompanyant.<\/li>\n<li>Dormir i esmorzar: <strong>16,50 \u20ac<\/strong> \/alumne o docent acompanyant.<\/li>\n<li>\u00c0pat addicional (dinar o sopar): <strong>12,00 \u20ac<\/strong> \/alumne o docent acompanyant.<\/li>\n<\/ul>\n<p>Podeu trobar tota la informaci\u00f3 actualitzada a: <a href=\"https:\/\/xanascat.gencat.cat\/ca\/programes\/activitats-complentaries-cda\" target=\"_blank\" rel=\"noopener\">https:\/\/xanascat.gencat.cat\/ca\/programes\/activitats-complentaries-cda<\/a><\/p>\n<p>Per a m\u00e9s informaci\u00f3 consulteu la p\u00e0gina web de la XANASCAT relacionada amb l&#8217;alberg de Barcelona fent clic a la seg\u00fcent imatge:<\/p>\n<p><a href=\"http:\/\/xanascat.gencat.cat\/ca\/albergs\/albergs\/barcelona-xanascat\"><img loading=\"lazy\" decoding=\"async\" class=\"alignnone size-full wp-image-8621\" src=\"https:\/\/serveiseducatius.xtec.cat\/cda-barcelona\/wp-content\/uploads\/usu149\/2019\/10\/xanascat.png\" alt=\"\" width=\"455\" height=\"111\" srcset=\"https:\/\/serveiseducatius.xtec.cat\/cda-barcelona\/wp-content\/uploads\/usu149\/2019\/10\/xanascat.png 455w, https:\/\/serveiseducatius.xtec.cat\/cda-barcelona\/wp-content\/uploads\/usu149\/2019\/10\/xanascat-300x73.png 300w\" sizes=\"auto, (max-width: 455px) 100vw, 455px\" \/><\/a><\/p>\n<p style=\"text-align: right;\">Darrera actualitzaci\u00f3 d&#8217;aquesta p\u00e0gina el 26 de juny de 2024.<\/p>\n","protected":false},"excerpt":{"rendered":"<p>Quotes d\u2019allotjament i manutenci\u00f3 especials pels Camps d\u2019Aprenentatge aplicades per la Xarxa Jove d\u2019Albergs de Catalunya: Pensi\u00f3 completa (allotjament i manutenci\u00f3): 36,00 \u20ac \/alumne o docent acompanyant. Per a l&#8217;alumnat de Prim\u00e0ria i Secund\u00e0ria aquest preu inclou el berenar. Mitja pensi\u00f3: 28,50 \u20ac \/alumne o docent acompanyant. Dormir i esmorzar: 16,50 \u20ac \/alumne o docent [&hellip;]<\/p>\n","protected":false},"author":1,"featured_media":0,"parent":8225,"menu_order":20,"comment_status":"open","ping_status":"open","template":"","meta":{"_bbp_topic_count":0,"_bbp_reply_count":0,"_bbp_total_topic_count":0,"_bbp_total_reply_count":0,"_bbp_voice_count":0,"_bbp_anonymous_reply_count":0,"_bbp_topic_count_hidden":0,"_bbp_reply_count_hidden":0,"_bbp_forum_subforum_count":0,"site-sidebar-layout":"default","site-content-layout":"","ast-site-content-layout":"default","site-content-style":"default","site-sidebar-style":"default","ast-global-header-display":"","ast-banner-title-visibility":"","ast-main-header-display":"","ast-hfb-above-header-display":"","ast-hfb-below-header-display":"","ast-hfb-mobile-header-display":"","site-post-title":"","ast-breadcrumbs-content":"","ast-featured-img":"","footer-sml-layout":"","theme-transparent-header-meta":"default","adv-header-id-meta":"","stick-header-meta":"","header-above-stick-meta":"","header-main-stick-meta":"","header-below-stick-meta":"","astra-migrate-meta-layouts":"set","ast-page-background-enabled":"default","ast-page-background-meta":{"desktop":{"background-color":"var(--ast-global-color-4)","background-image":"","background-repeat":"repeat","background-position":"center center","background-size":"auto","background-attachment":"scroll","background-type":"","background-media":"","overlay-type":"","overlay-color":"","overlay-opacity":"","overlay-gradient":""},"tablet":{"background-color":"","background-image":"","background-repeat":"repeat","background-position":"center center","background-size":"auto","background-attachment":"scroll","background-type":"","background-media":"","overlay-type":"","overlay-color":"","overlay-opacity":"","overlay-gradient":""},"mobile":{"background-color":"","background-image":"","background-repeat":"repeat","background-position":"center center","background-size":"auto","background-attachment":"scroll","background-type":"","background-media":"","overlay-type":"","overlay-color":"","overlay-opacity":"","overlay-gradient":""}},"ast-content-background-meta":{"desktop":{"background-color":"var(--ast-global-color-5)","background-image":"","background-repeat":"repeat","background-position":"center center","background-size":"auto","background-attachment":"scroll","background-type":"","background-media":"","overlay-type":"","overlay-color":"","overlay-opacity":"","overlay-gradient":""},"tablet":{"background-color":"var(--ast-global-color-5)","background-image":"","background-repeat":"repeat","background-position":"center center","background-size":"auto","background-attachment":"scroll","background-type":"","background-media":"","overlay-type":"","overlay-color":"","overlay-opacity":"","overlay-gradient":""},"mobile":{"background-color":"var(--ast-global-color-5)","background-image":"","background-repeat":"repeat","background-position":"center center","background-size":"auto","background-attachment":"scroll","background-type":"","background-media":"","overlay-type":"","overlay-color":"","overlay-opacity":"","overlay-gradient":""}},"footnotes":""},"class_list":["post-83","page","type-page","status-publish","hentry"],"post_mailing_queue_ids":[],"_links":{"self":[{"href":"https:\/\/serveiseducatius.xtec.cat\/cda-barcelona\/wp-json\/wp\/v2\/pages\/83","targetHints":{"allow":["GET"]}}],"collection":[{"href":"https:\/\/serveiseducatius.xtec.cat\/cda-barcelona\/wp-json\/wp\/v2\/pages"}],"about":[{"href":"https:\/\/serveiseducatius.xtec.cat\/cda-barcelona\/wp-json\/wp\/v2\/types\/page"}],"author":[{"embeddable":true,"href":"https:\/\/serveiseducatius.xtec.cat\/cda-barcelona\/wp-json\/wp\/v2\/users\/1"}],"replies":[{"embeddable":true,"href":"https:\/\/serveiseducatius.xtec.cat\/cda-barcelona\/wp-json\/wp\/v2\/comments?post=83"}],"version-history":[{"count":7,"href":"https:\/\/serveiseducatius.xtec.cat\/cda-barcelona\/wp-json\/wp\/v2\/pages\/83\/revisions"}],"predecessor-version":[{"id":10040,"href":"https:\/\/serveiseducatius.xtec.cat\/cda-barcelona\/wp-json\/wp\/v2\/pages\/83\/revisions\/10040"}],"up":[{"embeddable":true,"href":"https:\/\/serveiseducatius.xtec.cat\/cda-barcelona\/wp-json\/wp\/v2\/pages\/8225"}],"wp:attachment":[{"href":"https:\/\/serveiseducatius.xtec.cat\/cda-barcelona\/wp-json\/wp\/v2\/media?parent=83"}],"curies":[{"name":"wp","href":"https:\/\/api.w.org\/{rel}","templated":true}]}}