{"id":8235,"date":"2016-06-20T17:26:18","date_gmt":"2016-06-20T16:26:18","guid":{"rendered":"http:\/\/serveiseducatius.xtec.cat\/cda-barcelona\/?page_id=8235"},"modified":"2025-06-10T11:32:33","modified_gmt":"2025-06-10T09:32:33","slug":"ambits","status":"publish","type":"page","link":"https:\/\/serveiseducatius.xtec.cat\/cda-barcelona\/ambits\/","title":{"rendered":"\u00c0mbits"},"content":{"rendered":"<p><b>L\u2019oferta educativa del\u00a0<\/b>Camp d\u2019Aprenentatge de Barcelona<b> s\u2019articula al voltant de quatre \u00e0mbits de treball:<\/b><\/p>\n<ul style=\"margin-bottom: 0px; margin-left: 1.25em; font-size: 16px; font-family: 'Helvetica Neue', Helvetica, Helvetica, Arial, sans-serif;\">\n<li><a href=\"https:\/\/serveiseducatius.xtec.cat\/cda-barcelona\/ambits\/bcn-ambiental\/\" target=\"_blank\" rel=\"noopener noreferrer\"><strong>Barcelona ambiental (AMB):<\/strong><\/a>\u00a0aspectes relacionats amb la biodiversitat, la geologia i la sostenibilitat a la nostra ciutat.<\/li>\n<li><a href=\"https:\/\/serveiseducatius.xtec.cat\/cda-barcelona\/ambits\/historia-bcn\/\"><strong>Hist\u00f2ria de Barcelona (HIS)<\/strong>:<\/a> aspectes hist\u00f2rics i culturals de l\u2019evoluci\u00f3 de la ciutat.<\/li>\n<li><a href=\"https:\/\/serveiseducatius.xtec.cat\/cda-barcelona\/ambits\/modernisme\/\"><strong>Modernisme (MOD)<\/strong>:<\/a> aspectes lligats directament amb aquest moviment art\u00edstic i el per\u00edode hist\u00f2ric al qual va tenir lloc.<\/li>\n<li><a href=\"https:\/\/serveiseducatius.xtec.cat\/cda-barcelona\/ambits\/paisatge-urba-urb\/\"><strong>Paisatge urb\u00e0 (URB)<\/strong>:<\/a> aspectes urban\u00edstics, de transports, d\u2019equipaments i de serveis.<\/li>\n<\/ul>\n","protected":false},"excerpt":{"rendered":"<p>L\u2019oferta educativa del\u00a0Camp d\u2019Aprenentatge de Barcelona s\u2019articula al voltant de quatre \u00e0mbits de treball: Barcelona ambiental (AMB):\u00a0aspectes relacionats amb la biodiversitat, la geologia i la sostenibilitat a la nostra ciutat. Hist\u00f2ria de Barcelona (HIS): aspectes hist\u00f2rics i culturals de l\u2019evoluci\u00f3 de la ciutat. Modernisme (MOD): aspectes lligats directament amb aquest moviment art\u00edstic i el per\u00edode [&hellip;]<\/p>\n","protected":false},"author":1,"featured_media":0,"parent":0,"menu_order":0,"comment_status":"closed","ping_status":"closed","template":"page-templates\/side-menu.php","meta":{"_bbp_topic_count":0,"_bbp_reply_count":0,"_bbp_total_topic_count":0,"_bbp_total_reply_count":0,"_bbp_voice_count":0,"_bbp_anonymous_reply_count":0,"_bbp_topic_count_hidden":0,"_bbp_reply_count_hidden":0,"_bbp_forum_subforum_count":0,"site-sidebar-layout":"default","site-content-layout":"","ast-site-content-layout":"","site-content-style":"default","site-sidebar-style":"default","ast-global-header-display":"","ast-banner-title-visibility":"","ast-main-header-display":"","ast-hfb-above-header-display":"","ast-hfb-below-header-display":"","ast-hfb-mobile-header-display":"","site-post-title":"","ast-breadcrumbs-content":"","ast-featured-img":"","footer-sml-layout":"","theme-transparent-header-meta":"","adv-header-id-meta":"","stick-header-meta":"","header-above-stick-meta":"","header-main-stick-meta":"","header-below-stick-meta":"","astra-migrate-meta-layouts":"default","ast-page-background-enabled":"default","ast-page-background-meta":{"desktop":{"background-color":"var(--ast-global-color-4)","background-image":"","background-repeat":"repeat","background-position":"center center","background-size":"auto","background-attachment":"scroll","background-type":"","background-media":"","overlay-type":"","overlay-color":"","overlay-opacity":"","overlay-gradient":""},"tablet":{"background-color":"","background-image":"","background-repeat":"repeat","background-position":"center center","background-size":"auto","background-attachment":"scroll","background-type":"","background-media":"","overlay-type":"","overlay-color":"","overlay-opacity":"","overlay-gradient":""},"mobile":{"background-color":"","background-image":"","background-repeat":"repeat","background-position":"center center","background-size":"auto","background-attachment":"scroll","background-type":"","background-media":"","overlay-type":"","overlay-color":"","overlay-opacity":"","overlay-gradient":""}},"ast-content-background-meta":{"desktop":{"background-color":"var(--ast-global-color-5)","background-image":"","background-repeat":"repeat","background-position":"center center","background-size":"auto","background-attachment":"scroll","background-type":"","background-media":"","overlay-type":"","overlay-color":"","overlay-opacity":"","overlay-gradient":""},"tablet":{"background-color":"var(--ast-global-color-5)","background-image":"","background-repeat":"repeat","background-position":"center center","background-size":"auto","background-attachment":"scroll","background-type":"","background-media":"","overlay-type":"","overlay-color":"","overlay-opacity":"","overlay-gradient":""},"mobile":{"background-color":"var(--ast-global-color-5)","background-image":"","background-repeat":"repeat","background-position":"center center","background-size":"auto","background-attachment":"scroll","background-type":"","background-media":"","overlay-type":"","overlay-color":"","overlay-opacity":"","overlay-gradient":""}},"footnotes":""},"class_list":["post-8235","page","type-page","status-publish","hentry"],"post_mailing_queue_ids":[],"_links":{"self":[{"href":"https:\/\/serveiseducatius.xtec.cat\/cda-barcelona\/wp-json\/wp\/v2\/pages\/8235","targetHints":{"allow":["GET"]}}],"collection":[{"href":"https:\/\/serveiseducatius.xtec.cat\/cda-barcelona\/wp-json\/wp\/v2\/pages"}],"about":[{"href":"https:\/\/serveiseducatius.xtec.cat\/cda-barcelona\/wp-json\/wp\/v2\/types\/page"}],"author":[{"embeddable":true,"href":"https:\/\/serveiseducatius.xtec.cat\/cda-barcelona\/wp-json\/wp\/v2\/users\/1"}],"replies":[{"embeddable":true,"href":"https:\/\/serveiseducatius.xtec.cat\/cda-barcelona\/wp-json\/wp\/v2\/comments?post=8235"}],"version-history":[{"count":5,"href":"https:\/\/serveiseducatius.xtec.cat\/cda-barcelona\/wp-json\/wp\/v2\/pages\/8235\/revisions"}],"predecessor-version":[{"id":9828,"href":"https:\/\/serveiseducatius.xtec.cat\/cda-barcelona\/wp-json\/wp\/v2\/pages\/8235\/revisions\/9828"}],"wp:attachment":[{"href":"https:\/\/serveiseducatius.xtec.cat\/cda-barcelona\/wp-json\/wp\/v2\/media?parent=8235"}],"curies":[{"name":"wp","href":"https:\/\/api.w.org\/{rel}","templated":true}]}}