{"id":160,"date":"2013-11-15T13:23:03","date_gmt":"2013-11-15T12:23:03","guid":{"rendered":"http:\/\/blocs.xtec.cat\/plantillacda\/?page_id=160"},"modified":"2024-06-25T11:57:13","modified_gmt":"2024-06-25T09:57:13","slug":"projectes","status":"publish","type":"page","link":"https:\/\/serveiseducatius.xtec.cat\/cda-barcelona\/modalitats\/projectes\/","title":{"rendered":"Projectes compartits"},"content":{"rendered":"\t\t\t\t\t\t<style>\r\n\t\t\t\t\r\n\t\t\t\t\t#tab_container_9531 {\r\n\toverflow:hidden;\r\n\tdisplay:block;\r\n\twidth:100%;\r\n\tborder:0px solid #ddd;\r\n\tmargin-bottom:30px;\r\n\t}\r\n\r\n#tab_container_9531 .tab-content{\r\n\tpadding:20px;\r\n\tborder: 1px solid #e6e6e6 !important;\r\n\tmargin-top: 0px;\r\n\tbackground-color:#ffffff !important;\r\n\tcolor: #000000 !important;\r\n\tfont-size:16px !important;\r\n\tfont-family: Arial !important;\r\n\t\r\n\t\tborder: 1px solid #e6e6e6 !important;\r\n\t}\r\n#tab_container_9531 .wpsm_nav-tabs {\r\n    border-bottom: 0px solid #ddd;\r\n}\r\n#tab_container_9531 .wpsm_nav-tabs > li.active > a, #tab_container_9531 .wpsm_nav-tabs > li.active > a:hover, #tab_container_9531 .wpsm_nav-tabs > li.active > a:focus {\r\n\tcolor: #000000 !important;\r\n\tcursor: default;\r\n\tbackground-color: #3f83bf !important;\r\n\tborder: 1px solid #266aa6 !important;\r\n}\r\n\r\n#tab_container_9531 .wpsm_nav-tabs > li > a {\r\n    margin-right: 0px !important; \r\n    line-height: 1.42857143 !important;\r\n    border: 1px solid #dada82 !important;\r\n    border-radius: 0px 0px 0 0 !important; \r\n\tbackground-color: #eded95 !important;\r\n\tcolor: #000000 !important;\r\n\tpadding: 15px 18px 15px 18px !important;\r\n\ttext-decoration: none !important;\r\n\tfont-size: 16px !important;\r\n\ttext-align:center !important;\r\n\tfont-family: Arial !important;\r\n}\r\n#tab_container_9531 .wpsm_nav-tabs > li > a:focus {\r\noutline: 0px !important;\r\n}\r\n\r\n#tab_container_9531 .wpsm_nav-tabs > li > a:before {\r\n\tdisplay:none !important;\r\n}\r\n#tab_container_9531 .wpsm_nav-tabs > li > a:after {\r\n\tdisplay:none !important ;\r\n}\r\n#tab_container_9531 .wpsm_nav-tabs > li{\r\npadding:0px !important ;\r\nmargin:0px;\r\n}\r\n\r\n#tab_container_9531 .wpsm_nav-tabs > li > a:hover , #tab_container_9531 .wpsm_nav-tabs > li > a:focus {\r\n    color: #000000 !important;\r\n    background-color: #eded95 !important;\r\n\tborder: 1px solid #dada82 !important;\r\n\t\r\n}\r\n#tab_container_9531 .wpsm_nav-tabs > li > a .fa{\r\n\r\nmargin-right:5px !important;\r\n\r\nmargin-left:5px !important;\r\n\r\n\r\n}\r\n\r\n\t\t#tab_container_9531 .wpsm_nav-tabs a{\r\n\t\t\tbackground-image: url(https:\/\/serveiseducatius.xtec.cat\/cda-barcelona\/wp-content\/plugins\/tabs-responsive\/assets\/images\/style-soft.png);\r\n\t\t\tbackground-position: 0 0;\r\n\t\t\tbackground-repeat: repeat-x;\r\n\t\t}\r\n\t\t\t\r\n\r\n\r\n#tab_container_9531 .wpsm_nav-tabs > li {\r\n    float: left;\r\n    margin-bottom: -1px !important;\r\n\tmargin-right:0px !important; \r\n}\r\n\r\n\r\n#tab_container_9531 .tab-content{\r\noverflow:hidden !important;\r\n}\r\n\r\n\r\n@media (min-width: 769px) {\r\n\r\n\t#tab_container_9531 .wpsm_nav-tabs > li{\r\n\t\tfloat:left !important ;\r\n\t\t\t\tmargin-right:-1px !important;\r\n\t\t\t\t\t}\r\n\t#tab_container_9531 .wpsm_nav-tabs{\r\n\t\tfloat:none !important;\r\n\t\tmargin:0px !important;\r\n\t}\r\n\r\n\t#tab_container_9531 .wpsm_nav-tabs > li {\r\n\t\t\t\t\r\n\t}\r\n\t#tab_container_9531 .wpsm_nav{\r\n\t\t\t}\r\n\r\n}\r\n\r\n\r\n\r\n@media (max-width: 768px) {\r\n\t#tab_container_9531 .wpsm_nav-tabs > li {\r\n\t\t\t\t\r\n\t}\r\n\t#tab_container_9531 .wpsm_nav{\r\n\t\t\t}\r\n}\r\n\r\n\r\n\t.wpsm_nav-tabs li:before{\r\n\t\tdisplay:none !important;\r\n\t}\r\n\r\n\t@media (max-width: 768px) {\r\n\t\t\t\t\r\n\t\t\t\t.wpsm_nav-tabs{\r\n\t\t\tmargin-left:0px !important;\r\n\t\t\tmargin-right:0px !important; \r\n\t\t\t\r\n\t\t}\r\n\t\t\t\t#tab_container_9531 .wpsm_nav-tabs > li{\r\n\t\t\tfloat:none !important;\r\n\t\t}\r\n\t\t\t\r\n\t}\t\t\t\t<\/style>\r\n\t\t\t\t<div id=\"tab_container_9531\" >\r\n\t \r\n\t\t\t\t\t<ul class=\"wpsm_nav wpsm_nav-tabs\" role=\"tablist\" id=\"myTab_9531\">\r\n\t\t\t\t\t\t\t\r\n\t\t\t\t\t\t\t<li role=\"presentation\"  class=\"active\"  onclick=\"do_resize()\">\r\n\r\n\t\t\t\t\t\t\t\t<!-- XTEC ************ MODIFICAT - Disable scrolling on tab change. Fixes error in option \"Tabs Description Animation\" -->\r\n\t\t\t\t\t\t\t\t<!-- 2021.12.01 @aginard -->\r\n\t\t\t\t\t\t\t\t<a href=\"javascript:void(0);\" aria-controls=\"tabs_desc_9531_1\" role=\"tab\" data-toggle=\"tab\" data-target=\"#tabs_desc_9531_1\">\r\n\t\t\t\t\t\t\t\t<!-- ORIGINAL\r\n\t\t\t\t\t\t\t\t<a href=\"#tabs_desc_9531_1\" aria-controls=\"tabs_desc_9531_1\" role=\"tab\" data-toggle=\"tab\">\r\n\t\t\t\t\t\t\t\t-->\r\n\t\t\t\t\t\t\t\t<!-- ************ FI -->\r\n\t\t\t\t\t\t\t\t\t\r\n\t\t\t\t\t\t\t\t\t\t\t\t\t\t\t\t\t\t\t\t\t\t\t\t\t\t\t\t\t\t\t\t\t\t\t\t\t\t\t\t\t\t\t\t\t\t\t\t\t\r\n\t\t\t\t\t\t\t\t\t\t\t\t\t\t\t\t\t\t\r\n\t\t\t\t\t\t\t\t\t<span>Qu\u00e8 s\u00f3n?<\/span>\r\n\t\t\t\t\t\t\t\t\t\r\n\t\t\t\t\t\t\t\t\t\t\t\t\t\t\t\t\t\t\r\n\t\t\t\t\t\t\t\t\t\t\t\t\t\t\t\t\t\t\t\t\r\n\t\t\t\t\t\t\t\t\t\r\n\t\t\t\t\t\t\t\t<\/a>\r\n\t\t\t\t\t\t\t<\/li>\r\n\t\t\t\t\t\t\t\r\n\t\t\t\t\t\t\t<li role=\"presentation\"  onclick=\"do_resize()\">\r\n\r\n\t\t\t\t\t\t\t\t<!-- XTEC ************ MODIFICAT - Disable scrolling on tab change. Fixes error in option \"Tabs Description Animation\" -->\r\n\t\t\t\t\t\t\t\t<!-- 2021.12.01 @aginard -->\r\n\t\t\t\t\t\t\t\t<a href=\"javascript:void(0);\" aria-controls=\"tabs_desc_9531_2\" role=\"tab\" data-toggle=\"tab\" data-target=\"#tabs_desc_9531_2\">\r\n\t\t\t\t\t\t\t\t<!-- ORIGINAL\r\n\t\t\t\t\t\t\t\t<a href=\"#tabs_desc_9531_2\" aria-controls=\"tabs_desc_9531_2\" role=\"tab\" data-toggle=\"tab\">\r\n\t\t\t\t\t\t\t\t-->\r\n\t\t\t\t\t\t\t\t<!-- ************ FI -->\r\n\t\t\t\t\t\t\t\t\t\r\n\t\t\t\t\t\t\t\t\t\t\t\t\t\t\t\t\t\t\t\t\t\t\t\t\t\t\t\t\t\t\t\t\t\t\t\t\t\t\t\t\t\t\t\t\t\t\t\t\t\r\n\t\t\t\t\t\t\t\t\t\t\t\t\t\t\t\t\t\t\r\n\t\t\t\t\t\t\t\t\t<span>Expliquem el barri<\/span>\r\n\t\t\t\t\t\t\t\t\t\r\n\t\t\t\t\t\t\t\t\t\t\t\t\t\t\t\t\t\t\r\n\t\t\t\t\t\t\t\t\t\t\t\t\t\t\t\t\t\t\t\t\r\n\t\t\t\t\t\t\t\t\t\r\n\t\t\t\t\t\t\t\t<\/a>\r\n\t\t\t\t\t\t\t<\/li>\r\n\t\t\t\t\t\t\t\r\n\t\t\t\t\t\t\t<li role=\"presentation\"  onclick=\"do_resize()\">\r\n\r\n\t\t\t\t\t\t\t\t<!-- XTEC ************ MODIFICAT - Disable scrolling on tab change. Fixes error in option \"Tabs Description Animation\" -->\r\n\t\t\t\t\t\t\t\t<!-- 2021.12.01 @aginard -->\r\n\t\t\t\t\t\t\t\t<a href=\"javascript:void(0);\" aria-controls=\"tabs_desc_9531_3\" role=\"tab\" data-toggle=\"tab\" data-target=\"#tabs_desc_9531_3\">\r\n\t\t\t\t\t\t\t\t<!-- ORIGINAL\r\n\t\t\t\t\t\t\t\t<a href=\"#tabs_desc_9531_3\" aria-controls=\"tabs_desc_9531_3\" role=\"tab\" data-toggle=\"tab\">\r\n\t\t\t\t\t\t\t\t-->\r\n\t\t\t\t\t\t\t\t<!-- ************ FI -->\r\n\t\t\t\t\t\t\t\t\t\r\n\t\t\t\t\t\t\t\t\t\t\t\t\t\t\t\t\t\t\t\t\t\t\t\t\t\t\t\t\t\t\t\t\t\t\t\t\t\t\t\t\t\t\t\t\t\t\t\t\t\r\n\t\t\t\t\t\t\t\t\t\t\t\t\t\t\t\t\t\t\r\n\t\t\t\t\t\t\t\t\t<span>Barcelona, un temps i un espai<\/span>\r\n\t\t\t\t\t\t\t\t\t\r\n\t\t\t\t\t\t\t\t\t\t\t\t\t\t\t\t\t\t\r\n\t\t\t\t\t\t\t\t\t\t\t\t\t\t\t\t\t\t\t\t\r\n\t\t\t\t\t\t\t\t\t\r\n\t\t\t\t\t\t\t\t<\/a>\r\n\t\t\t\t\t\t\t<\/li>\r\n\t\t\t\t\t\t\t\r\n\t\t\t\t\t\t\t<li role=\"presentation\"  onclick=\"do_resize()\">\r\n\r\n\t\t\t\t\t\t\t\t<!-- XTEC ************ MODIFICAT - Disable scrolling on tab change. Fixes error in option \"Tabs Description Animation\" -->\r\n\t\t\t\t\t\t\t\t<!-- 2021.12.01 @aginard -->\r\n\t\t\t\t\t\t\t\t<a href=\"javascript:void(0);\" aria-controls=\"tabs_desc_9531_4\" role=\"tab\" data-toggle=\"tab\" data-target=\"#tabs_desc_9531_4\">\r\n\t\t\t\t\t\t\t\t<!-- ORIGINAL\r\n\t\t\t\t\t\t\t\t<a href=\"#tabs_desc_9531_4\" aria-controls=\"tabs_desc_9531_4\" role=\"tab\" data-toggle=\"tab\">\r\n\t\t\t\t\t\t\t\t-->\r\n\t\t\t\t\t\t\t\t<!-- ************ FI -->\r\n\t\t\t\t\t\t\t\t\t\r\n\t\t\t\t\t\t\t\t\t\t\t\t\t\t\t\t\t\t\t\t\t\t\t\t\t\t\t\t\t\t\t\t\t\t\t\t\t\t\t\t\t\t\t\t\t\t\t\t\t\r\n\t\t\t\t\t\t\t\t\t\t\t\t\t\t\t\t\t\t\r\n\t\t\t\t\t\t\t\t\t<span>Guerra Civil Espanyola i Exili<\/span>\r\n\t\t\t\t\t\t\t\t\t\r\n\t\t\t\t\t\t\t\t\t\t\t\t\t\t\t\t\t\t\r\n\t\t\t\t\t\t\t\t\t\t\t\t\t\t\t\t\t\t\t\t\r\n\t\t\t\t\t\t\t\t\t\r\n\t\t\t\t\t\t\t\t<\/a>\r\n\t\t\t\t\t\t\t<\/li>\r\n\t\t\t\t\t\t\t\t\t\t\t <\/ul>\r\n\r\n\t\t\t\t\t  <!-- Tab panes -->\r\n\t\t\t\t\t  <div class=\"tab-content\" id=\"tab-content_9531\">\r\n\t\t\t\t\t\t\t\t\t\t\t\t <div role=\"tabpanel\" class=\"tab-pane  in active \" id=\"tabs_desc_9531_1\">\r\n\t\t\t\t\t\t\t\t<p style=\"text-align: justify\">Els <a href=\"https:\/\/projectes.xtec.cat\/camps\/categoria\/projectes-compartits\/\">Projectes Compartits<\/a> s\u00f3n propostes innovadores dels <a href=\"https:\/\/projectes.xtec.cat\/camps\/\">Camps d'Aprenentatge<\/a> que pretenen incidir en la forma de treballar amb l'alumnat a partir d'una situaci\u00f3 o problema que porti a fer-se preguntes sobre un determinat fen\u00f2men. Com a suport conceptual pel desenvolupament dels projectes compartits es fa servir el Model Sist\u00e8mic Complex. Van dirigits a centres (escoles i instituts) de l'entorn proper del Camp d'Aprenentatge. En el nostre cas, a centres de la ciutat de Barcelona. Al Camp d'Aprenentatge de Barcelona estem portant a terme els seg\u00fcents projectes:<\/p>\n<p><strong>Per cicle superior d'Educaci\u00f3 Prim\u00e0ria: Expliquem el barri.<\/strong><\/p>\n<p><strong>Per 4t d'educaci\u00f3 Secund\u00e0ria i Batxillerat: Guerra Civil Espanyola i Exili<\/strong><\/p>\n<p><strong>Per aules d'acollida d'Educaci\u00f3 Secund\u00e0ria: Barcelona, un temps i un espai.<\/strong><\/p>\n\t\t\t\t\t\t <\/div>\r\n\t\t\t\t\t\t\t\t\t\t\t\t <div role=\"tabpanel\" class=\"tab-pane \" id=\"tabs_desc_9531_2\">\r\n\t\t\t\t\t\t\t\t<ul>\n<li><strong>Dirigit a Cicle Superior d'Educaci\u00f3 Prim\u00e0ria<\/strong> de centres de la ciutat de Barcelona.<\/li>\n<li>El programa t\u00e9 com a objectiu <strong>con\u00e8ixer les caracter\u00edstiques m\u00e9s rellevants del barri de l'escola<\/strong>, a partir de la investigaci\u00f3 i del treball de camp, donant eines i estrat\u00e8gies a l'alumnat que puguin ser transferides a d'altres investigacions.<\/li>\n<li>Es desenvolupar\u00e0, aproximadament, entre els mesos de <strong>setembre<\/strong> i <strong>febrer<\/strong>.<\/li>\n<li>Es realitzen <strong>cinc sortides fora de l'escola<\/strong> per fer el treball de camp (biodiversitat, tr\u00e0nsit i contaminaci\u00f3, visita a una entitat, enquestes de mobilitat i comer\u00e7, visita guiada als llocs emblem\u00e0tics del propi barri i als del barri del centre amb el qual fan t\u00e0ndem), una activitat de Mistery HangOut a l'aula i un acte de cloenda en qu\u00e8 es reunir\u00e0 l'alumnat de tots els grups participants.<\/li>\n<li>A trav\u00e9s del seg\u00fcent enlla\u00e7 podreu veure com es dur a terme aquesta proposta educativa:<br \/>\n<h5><a href=\"https:\/\/view.genially.com\/66715d6205e4b10014d0b66c\">PCP Expliquem el Barri<\/a><\/h5>\n<\/li>\n<li>Els centres participants podeu accedir al <a href=\"https:\/\/sites.google.com\/cda-barcelona.cat\/expliquemelbarri\/p%C3%A0gina-dinici\">Google Sites<\/a>.<\/li>\n<\/ul>\n<p><b>Centres que han participat al programa:<\/b><\/p>\n<p style=\"padding-left: 60px\"><iframe loading=\"lazy\" src=\"https:\/\/docs.google.com\/document\/d\/e\/2PACX-1vQ7BaP1Q148Z8olNfq-rvD-2YLutTzj0HXeOfe4HRTfgQA2ctSDo9tBekstHd-dhw\/pub?embedded=true\" width=\"790\" height=\"550\"><span data-mce-type=\"bookmark\" style=\"width: 0px;overflow: hidden;line-height: 0\" class=\"mce_SELRES_start\">\ufeff<\/span><span data-mce-type=\"bookmark\" style=\"width: 0px;overflow: hidden;line-height: 0\" class=\"mce_SELRES_start\">\ufeff<\/span><\/iframe><\/p>\n<p><strong>Hem sortit al programa Catakrac de Betev\u00e9 treballant un dels aspectes del projecte: el control de la contaminaci\u00f3 del barri del Putxet i Farr\u00f3 amb l'alumnat de l'escola Poeta Foix<\/strong><\/p>\n<p><iframe loading=\"lazy\" src=\"https:\/\/www.youtube.com\/embed\/JnREfJpKwC8\" width=\"560\" height=\"315\" frameborder=\"0\" data-mce-fragment=\"1\"><\/iframe><\/p>\n<p><strong>V\u00eddeo de l'escola V\u00edctor Catal\u00e0 que forma part de la xarxa Expliquem el barri, que s\u00f3n aquelles escoles que realitzen el projecte de forma aut\u00f2noma amb l'acompanyament del Camp d'Aprenentatge:<\/strong><\/p>\n<p><iframe loading=\"lazy\" src=\"https:\/\/www.youtube.com\/embed\/Hg0W3OZZpKo\" width=\"560\" height=\"315\" frameborder=\"0\" data-mce-fragment=\"1\"><\/iframe><\/p>\n\t\t\t\t\t\t <\/div>\r\n\t\t\t\t\t\t\t\t\t\t\t\t <div role=\"tabpanel\" class=\"tab-pane \" id=\"tabs_desc_9531_3\">\r\n\t\t\t\t\t\t\t\t<ul>\n<li>\n<ul>\n<li>Dirigit a <strong>alumnat d'aules d'acollida\u00a0<\/strong>d'instituts de la ciutat.<\/li>\n<\/ul>\n<ul>\n<li><strong>Objectius:<\/strong>\n<ul>\n<li>Con\u00e8ixer Barcelona a trav\u00e9s del disseny i execuci\u00f3 d\u2019itineraris per 3 o 4 zones representatives del desenvolupament hist\u00f2ric i urb\u00e0 de la ciutat.<\/li>\n<li>Entendre la configuraci\u00f3 actual de la ciutat a trav\u00e9s de 3 moments claus en la seva hist\u00f2ria.<\/li>\n<li>Aprendre a orientar-se i a moure\u2019s per la ciutat fent servir el transport p\u00fablic.<\/li>\n<li>Dissenyar un itinerari pel propi barri a partir dels principis i metodologia emprats per preparar i realitzar els anteriors.<\/li>\n<\/ul>\n<\/li>\n<\/ul>\n<ul>\n<li><strong>Desenvolupament:<\/strong>\n<ul>\n<li>S\u2019intercalen sessions a l\u2019aula, realitzades pel professorat del centre, i sortides a la ciutat, realitzades conjuntament amb el professorat del Camp d\u2019Aprenentatge de Barcelona.<\/li>\n<li>Les sessions a l\u2019aula tenen l\u2019objectiu de preparar les sortides, i elaborar un discurs propi, coherent, sobre el desenvolupament de la ciutat.<\/li>\n<li>Les sortides proposades s\u00f3n:\n<ul>\n<li>Barcelona des de Montju\u00efc<\/li>\n<li>La Barcelona Medieval<\/li>\n<li>L'Eixample de Barcelona<\/li>\n<li>Modernisme al Passeig de Gr\u00e0cia<\/li>\n<\/ul>\n<\/li>\n<li>El projecte es desenvolupar\u00e0 al llarg del mes de febrer o finals de gener.<\/li>\n<\/ul>\n<p>\u00a0<\/li>\n<li><strong>Aquest projecte compta amb el suport del <a href=\"http:\/\/www.edubcn.cat\/exit\/suport_atencio_a_les_diversitats\" target=\"_blank\" rel=\"noopener noreferrer\">programa \u00c8xit2<\/a> del Consorci d\u2019Educaci\u00f3 de Barcelona.<\/strong><\/li>\n<\/ul>\n<hr \/>\n<p>Els centres que han participat fins a l'actualitat s\u00f3n:<\/p>\n<ul>\n<li>Curs 2011-2012\n<ul>\n<li>Institut <a href=\"http:\/\/www.xtec.cat\/iesflosicalcat\/\" target=\"_blank\" rel=\"noopener noreferrer\">Flos i Calcat<\/a><\/li>\n<\/ul>\n<\/li>\n<li>Curs 2012-2013\n<ul>\n<li>Institut <a href=\"http:\/\/www.institutsalvatpapasseit.net\/\" target=\"_blank\" rel=\"noopener noreferrer\">Salvat-Papasseit<\/a><\/li>\n<\/ul>\n<\/li>\n<li>Curs 2013-2014\n<ul>\n<li>Institut <a href=\"http:\/\/www.alzina.cat\/\" target=\"_blank\" rel=\"noopener noreferrer\">l'Alzina<\/a><\/li>\n<li>Institut <a href=\"http:\/\/www.xtec.cat\/iesflosicalcat\/\" target=\"_blank\" rel=\"noopener noreferrer\">Flos i Calcat<\/a><\/li>\n<li>Institut <a href=\"http:\/\/www.institutsalvatpapasseit.net\/\" target=\"_blank\" rel=\"noopener noreferrer\">Salvat-Papasseit<\/a><\/li>\n<\/ul>\n<\/li>\n<\/ul>\n<p>Algunes imatges:<br \/>\n<object><embed width=\"600\" height=\"400\" type=\"application\/x-shockwave-flash\" src=\"https:\/\/photos.gstatic.com\/media\/slideshow.swf\" flashvars=\"host=picasaweb.google.com&amp;hl=ca&amp;feat=flashalbum&amp;RGB=0x000000&amp;feed=https%3A%2F%2Fpicasaweb.google.com%2Fdata%2Ffeed%2Fapi%2Fuser%2F109606090284476735996%2Falbumid%2F5994643716960731441%3Falt%3Drss%26kind%3Dphoto%26hl%3Dca\" pluginspage=\"http:\/\/www.macromedia.com\/go\/getflashplayer\" \/><\/object><\/p>\n<hr \/>\n<p>Si voleu m\u00e9s informaci\u00f3 poseu-vos en contacte amb nosaltres a trav\u00e9s d'aquest <a href=\"https:\/\/serveiseducatius.xtec.cat\/cda-barcelona\/contacte\/\">formulari<\/a>.<\/li>\n<\/ul>\n<p>\u00a0<\/p>\n<p>\u00a0<\/p>\n<p>Tamb\u00e9 podeu trobar m\u00e9s informaci\u00f3 i materials did\u00e0ctics dels Projectes Compartits dels Camps d\u2019Aprenentatge <a href=\"https:\/\/sites.google.com\/a\/xtec.cat\/pc\/\" target=\"_blank\" rel=\"noopener noreferrer\">aqu\u00ed<\/a>.<\/p>\n\t\t\t\t\t\t <\/div>\r\n\t\t\t\t\t\t\t\t\t\t\t\t <div role=\"tabpanel\" class=\"tab-pane \" id=\"tabs_desc_9531_4\">\r\n\t\t\t\t\t\t\t\t<p style=\"text-align: justify\"><span style=\"font-weight: 400\">La Guerra Civil Espanyola continua avui en dia sent un tema de controv\u00e8rsia i debat a la nostra societat. La disputa d\u2019un estat separat entre dos pobles ha comportat l\u2019enfrontament a la guerra civil i les discussions i\/o decisions pol\u00edtiques actuals derivades del passat. Al llarg de la tem\u00e0tica GUERRA CIVIL es pret\u00e9n recuperar la mem\u00f2ria hist\u00f2rica dels fets, incidint de forma concreta, a la ciutat de Barcelona. Quins fets desencadenaren la guerra? Quins agents participen?<\/span><\/p>\n<p>A trav\u00e9s del seg\u00fcent enlla\u00e7 podreu veure com es dur a terme aquesta proposta educativa: <a href=\"https:\/\/view.genially.com\/6675422a7802ca001452c41a\">PCS Guerra Civil Espanyola i Exili<\/a><\/p>\n\t\t\t\t\t\t <\/div>\r\n\t\t\t\t\t\t\t\r\n\t\t\t\t\t <\/div>\r\n\t\t\t\t\t \r\n\t\t\t\t <\/div>\r\n <script>\r\n\t\tjQuery(function () {\r\n\t\t\tjQuery('#myTab_9531 a:first').tab('show')\r\n\t\t});\r\n\t\t\r\n\t\t\t\tjQuery(function(){\r\n\t\t\tvar b=\"fadeInUp\";\r\n\t\t\tvar c;\r\n\t\t\tvar a;\r\n\t\t\td(jQuery(\"#myTab_9531 a\"),jQuery(\"#tab-content_9531\"));function d(e,f,g){\r\n\t\t\t\te.click(function(i){\r\n\t\t\t\t\ti.preventDefault();\r\n\t\t\t\t\tjQuery(this).tab(\"show\");\r\n\t\t\t\t\tvar h=jQuery(this).data(\"easein\");\r\n\t\t\t\t\tif(c){c.removeClass(a);}\r\n\t\t\t\t\tif(h){f.find(\"div.active\").addClass(\"animated \"+h);a=h;}\r\n\t\t\t\t\telse{if(g){f.find(\"div.active\").addClass(\"animated \"+g);a=g;}else{f.find(\"div.active\").addClass(\"animated \"+b);a=b;}}c=f.find(\"div.active\");\r\n\t\t\t\t});\r\n\t\t\t}\r\n\t\t});\r\n\t\t\r\n\r\n\t\tfunction do_resize(){\r\n\r\n\t\t\tvar width=jQuery( '.tab-content .tab-pane iframe' ).width();\r\n\t\t\tvar height=jQuery( '.tab-content .tab-pane iframe' ).height();\r\n\r\n\t\t\tvar toggleSize = true;\r\n\t\t\tjQuery('iframe').animate({\r\n\t\t\t    width: toggleSize ? width : 640,\r\n\t\t\t    height: toggleSize ? height : 360\r\n\t\t\t  }, 250);\r\n\r\n\t\t\t  toggleSize = !toggleSize;\r\n\t\t}\r\n\r\n\r\n\t<\/script>\r\n\t\t\t\t\r\n\t\t\t\n","protected":false},"excerpt":{"rendered":"","protected":false},"author":1,"featured_media":0,"parent":8260,"menu_order":30,"comment_status":"closed","ping_status":"closed","template":"page-templates\/side-menu.php","meta":{"_bbp_topic_count":0,"_bbp_reply_count":0,"_bbp_total_topic_count":0,"_bbp_total_reply_count":0,"_bbp_voice_count":0,"_bbp_anonymous_reply_count":0,"_bbp_topic_count_hidden":0,"_bbp_reply_count_hidden":0,"_bbp_forum_subforum_count":0,"site-sidebar-layout":"default","site-content-layout":"","ast-site-content-layout":"","site-content-style":"default","site-sidebar-style":"default","ast-global-header-display":"","ast-banner-title-visibility":"","ast-main-header-display":"","ast-hfb-above-header-display":"","ast-hfb-below-header-display":"","ast-hfb-mobile-header-display":"","site-post-title":"","ast-breadcrumbs-content":"","ast-featured-img":"","footer-sml-layout":"","theme-transparent-header-meta":"","adv-header-id-meta":"","stick-header-meta":"","header-above-stick-meta":"","header-main-stick-meta":"","header-below-stick-meta":"","astra-migrate-meta-layouts":"default","ast-page-background-enabled":"default","ast-page-background-meta":{"desktop":{"background-color":"var(--ast-global-color-4)","background-image":"","background-repeat":"repeat","background-position":"center center","background-size":"auto","background-attachment":"scroll","background-type":"","background-media":"","overlay-type":"","overlay-color":"","overlay-opacity":"","overlay-gradient":""},"tablet":{"background-color":"","background-image":"","background-repeat":"repeat","background-position":"center center","background-size":"auto","background-attachment":"scroll","background-type":"","background-media":"","overlay-type":"","overlay-color":"","overlay-opacity":"","overlay-gradient":""},"mobile":{"background-color":"","background-image":"","background-repeat":"repeat","background-position":"center center","background-size":"auto","background-attachment":"scroll","background-type":"","background-media":"","overlay-type":"","overlay-color":"","overlay-opacity":"","overlay-gradient":""}},"ast-content-background-meta":{"desktop":{"background-color":"var(--ast-global-color-5)","background-image":"","background-repeat":"repeat","background-position":"center center","background-size":"auto","background-attachment":"scroll","background-type":"","background-media":"","overlay-type":"","overlay-color":"","overlay-opacity":"","overlay-gradient":""},"tablet":{"background-color":"var(--ast-global-color-5)","background-image":"","background-repeat":"repeat","background-position":"center center","background-size":"auto","background-attachment":"scroll","background-type":"","background-media":"","overlay-type":"","overlay-color":"","overlay-opacity":"","overlay-gradient":""},"mobile":{"background-color":"var(--ast-global-color-5)","background-image":"","background-repeat":"repeat","background-position":"center center","background-size":"auto","background-attachment":"scroll","background-type":"","background-media":"","overlay-type":"","overlay-color":"","overlay-opacity":"","overlay-gradient":""}},"footnotes":""},"class_list":["post-160","page","type-page","status-publish","hentry"],"post_mailing_queue_ids":[],"_links":{"self":[{"href":"https:\/\/serveiseducatius.xtec.cat\/cda-barcelona\/wp-json\/wp\/v2\/pages\/160","targetHints":{"allow":["GET"]}}],"collection":[{"href":"https:\/\/serveiseducatius.xtec.cat\/cda-barcelona\/wp-json\/wp\/v2\/pages"}],"about":[{"href":"https:\/\/serveiseducatius.xtec.cat\/cda-barcelona\/wp-json\/wp\/v2\/types\/page"}],"author":[{"embeddable":true,"href":"https:\/\/serveiseducatius.xtec.cat\/cda-barcelona\/wp-json\/wp\/v2\/users\/1"}],"replies":[{"embeddable":true,"href":"https:\/\/serveiseducatius.xtec.cat\/cda-barcelona\/wp-json\/wp\/v2\/comments?post=160"}],"version-history":[{"count":3,"href":"https:\/\/serveiseducatius.xtec.cat\/cda-barcelona\/wp-json\/wp\/v2\/pages\/160\/revisions"}],"predecessor-version":[{"id":9533,"href":"https:\/\/serveiseducatius.xtec.cat\/cda-barcelona\/wp-json\/wp\/v2\/pages\/160\/revisions\/9533"}],"up":[{"embeddable":true,"href":"https:\/\/serveiseducatius.xtec.cat\/cda-barcelona\/wp-json\/wp\/v2\/pages\/8260"}],"wp:attachment":[{"href":"https:\/\/serveiseducatius.xtec.cat\/cda-barcelona\/wp-json\/wp\/v2\/media?parent=160"}],"curies":[{"name":"wp","href":"https:\/\/api.w.org\/{rel}","templated":true}]}}