{"id":157,"date":"2013-11-15T13:22:03","date_gmt":"2013-11-15T12:22:03","guid":{"rendered":"http:\/\/blocs.xtec.cat\/plantillacda\/?page_id=157"},"modified":"2024-06-26T11:38:35","modified_gmt":"2024-06-26T09:38:35","slug":"estades","status":"publish","type":"page","link":"https:\/\/serveiseducatius.xtec.cat\/cda-barcelona\/modalitats\/estades\/","title":{"rendered":"Estades"},"content":{"rendered":"<p><a href=\"https:\/\/drive.google.com\/file\/d\/1En31QVycEyxfOS6XLjYSAe-k4z15MkKN\/view?usp=sharing\"><img loading=\"lazy\" decoding=\"async\" class=\"size-full wp-image-9520 aligncenter\" src=\"https:\/\/serveiseducatius.xtec.cat\/cda-barcelona\/wp-content\/uploads\/usu149\/2021\/06\/Venir-a-estada.png\" alt=\"\" width=\"793\" height=\"215\" srcset=\"https:\/\/serveiseducatius.xtec.cat\/cda-barcelona\/wp-content\/uploads\/usu149\/2021\/06\/Venir-a-estada.png 793w, https:\/\/serveiseducatius.xtec.cat\/cda-barcelona\/wp-content\/uploads\/usu149\/2021\/06\/Venir-a-estada-300x81.png 300w, https:\/\/serveiseducatius.xtec.cat\/cda-barcelona\/wp-content\/uploads\/usu149\/2021\/06\/Venir-a-estada-768x208.png 768w\" sizes=\"auto, (max-width: 793px) 100vw, 793px\" \/><\/a><\/p>\n<p>Recordeu que les\u00a0<b>estades<\/b> impliquen l\u2019assist\u00e8ncia al Camp d\u2019aprenentatge en <strong>r\u00e8gim d\u2019<a href=\"https:\/\/serveiseducatius.xtec.cat\/cda-barcelona\/el-camp\/allotjament\/\">allotjament<\/a> de dos a cinc dies<\/strong>!<br \/>\nEl Camp d\u2019Aprenentatge us proposa uns programes d\u2019estada atenent al nivell educatiu i al nombre de dies. El contingut final d\u2019una estada s\u2019acorda i es concreta a la reuni\u00f3 de coordinaci\u00f3 al mes de setembre.<\/p>\n<p>Per preparar la vostra estada us recordem que caldr\u00e0 que feu un treball previ amb l\u2019alumnat abans venir.\u00a0<em>\u00a0<strong>\u201c<a href=\"https:\/\/serveiseducatius.xtec.cat\/cda-barcelona\/amb-els-centres\/preparacio\/objectiu-barcelona-estades\/\">Objectiu Barcelona<\/a>\u201d<\/strong><\/em>\u00a0recull diverses propostes que us presentarem, debatrem i acordarem (centre i CdA).<\/p>\n<p>Si voleu m\u00e9s informaci\u00f3 la podeu demanar a trav\u00e9s del formulari de\u00a0<a href=\"https:\/\/serveiseducatius.xtec.cat\/cda-barcelona\/el-camp\/contacte\/\">contacte<\/a>.<\/p>\n<p><strong>PROGRAMES PROPOSATS:<\/strong><br \/>\nSeleccioneu la pestanya corresponent al vostre curs o cicle a la part inferior de la taula:<\/p>\n<p><iframe loading=\"lazy\" src=\"https:\/\/docs.google.com\/spreadsheets\/d\/1xUn8VtfQKle6aVrlXerprv7D8Y9zeMV2cUxu-jG_F-8\/pubhtml?widget=true&amp;headers=false\" width=\"600\" height=\"850\"><\/iframe><\/p>\n<p><iframe loading=\"lazy\" src=\"https:\/\/docs.google.com\/spreadsheets\/d\/1TpIO1MZedPtqOe_JpjBl-sGLxIFA_O2aYXakmHptrfM\/pubhtml?widget=true&amp;headers=false\" width=\"700\" height=\"1550\"><\/iframe><\/p>\n<p>&nbsp;<\/p>\n","protected":false},"excerpt":{"rendered":"<p>Recordeu que les\u00a0estades impliquen l\u2019assist\u00e8ncia al Camp d\u2019aprenentatge en r\u00e8gim d\u2019allotjament de dos a cinc dies! El Camp d\u2019Aprenentatge us proposa uns programes d\u2019estada atenent al nivell educatiu i al nombre de dies. El contingut final d\u2019una estada s\u2019acorda i es concreta a la reuni\u00f3 de coordinaci\u00f3 al mes de setembre. Per preparar la vostra [&hellip;]<\/p>\n","protected":false},"author":1,"featured_media":0,"parent":8260,"menu_order":20,"comment_status":"closed","ping_status":"closed","template":"page-templates\/side-menu.php","meta":{"_bbp_topic_count":0,"_bbp_reply_count":0,"_bbp_total_topic_count":0,"_bbp_total_reply_count":0,"_bbp_voice_count":0,"_bbp_anonymous_reply_count":0,"_bbp_topic_count_hidden":0,"_bbp_reply_count_hidden":0,"_bbp_forum_subforum_count":0,"site-sidebar-layout":"default","site-content-layout":"","ast-site-content-layout":"","site-content-style":"default","site-sidebar-style":"default","ast-global-header-display":"","ast-banner-title-visibility":"","ast-main-header-display":"","ast-hfb-above-header-display":"","ast-hfb-below-header-display":"","ast-hfb-mobile-header-display":"","site-post-title":"","ast-breadcrumbs-content":"","ast-featured-img":"","footer-sml-layout":"","theme-transparent-header-meta":"","adv-header-id-meta":"","stick-header-meta":"","header-above-stick-meta":"","header-main-stick-meta":"","header-below-stick-meta":"","astra-migrate-meta-layouts":"default","ast-page-background-enabled":"default","ast-page-background-meta":{"desktop":{"background-color":"var(--ast-global-color-4)","background-image":"","background-repeat":"repeat","background-position":"center center","background-size":"auto","background-attachment":"scroll","background-type":"","background-media":"","overlay-type":"","overlay-color":"","overlay-opacity":"","overlay-gradient":""},"tablet":{"background-color":"","background-image":"","background-repeat":"repeat","background-position":"center center","background-size":"auto","background-attachment":"scroll","background-type":"","background-media":"","overlay-type":"","overlay-color":"","overlay-opacity":"","overlay-gradient":""},"mobile":{"background-color":"","background-image":"","background-repeat":"repeat","background-position":"center center","background-size":"auto","background-attachment":"scroll","background-type":"","background-media":"","overlay-type":"","overlay-color":"","overlay-opacity":"","overlay-gradient":""}},"ast-content-background-meta":{"desktop":{"background-color":"var(--ast-global-color-5)","background-image":"","background-repeat":"repeat","background-position":"center center","background-size":"auto","background-attachment":"scroll","background-type":"","background-media":"","overlay-type":"","overlay-color":"","overlay-opacity":"","overlay-gradient":""},"tablet":{"background-color":"var(--ast-global-color-5)","background-image":"","background-repeat":"repeat","background-position":"center center","background-size":"auto","background-attachment":"scroll","background-type":"","background-media":"","overlay-type":"","overlay-color":"","overlay-opacity":"","overlay-gradient":""},"mobile":{"background-color":"var(--ast-global-color-5)","background-image":"","background-repeat":"repeat","background-position":"center center","background-size":"auto","background-attachment":"scroll","background-type":"","background-media":"","overlay-type":"","overlay-color":"","overlay-opacity":"","overlay-gradient":""}},"footnotes":""},"class_list":["post-157","page","type-page","status-publish","hentry"],"post_mailing_queue_ids":[],"_links":{"self":[{"href":"https:\/\/serveiseducatius.xtec.cat\/cda-barcelona\/wp-json\/wp\/v2\/pages\/157","targetHints":{"allow":["GET"]}}],"collection":[{"href":"https:\/\/serveiseducatius.xtec.cat\/cda-barcelona\/wp-json\/wp\/v2\/pages"}],"about":[{"href":"https:\/\/serveiseducatius.xtec.cat\/cda-barcelona\/wp-json\/wp\/v2\/types\/page"}],"author":[{"embeddable":true,"href":"https:\/\/serveiseducatius.xtec.cat\/cda-barcelona\/wp-json\/wp\/v2\/users\/1"}],"replies":[{"embeddable":true,"href":"https:\/\/serveiseducatius.xtec.cat\/cda-barcelona\/wp-json\/wp\/v2\/comments?post=157"}],"version-history":[{"count":4,"href":"https:\/\/serveiseducatius.xtec.cat\/cda-barcelona\/wp-json\/wp\/v2\/pages\/157\/revisions"}],"predecessor-version":[{"id":9795,"href":"https:\/\/serveiseducatius.xtec.cat\/cda-barcelona\/wp-json\/wp\/v2\/pages\/157\/revisions\/9795"}],"up":[{"embeddable":true,"href":"https:\/\/serveiseducatius.xtec.cat\/cda-barcelona\/wp-json\/wp\/v2\/pages\/8260"}],"wp:attachment":[{"href":"https:\/\/serveiseducatius.xtec.cat\/cda-barcelona\/wp-json\/wp\/v2\/media?parent=157"}],"curies":[{"name":"wp","href":"https:\/\/api.w.org\/{rel}","templated":true}]}}