{"id":9764,"date":"2022-05-02T12:10:00","date_gmt":"2022-05-02T10:10:00","guid":{"rendered":"https:\/\/serveiseducatius.xtec.cat\/cda-bages\/?page_id=9764"},"modified":"2026-02-09T14:32:32","modified_gmt":"2026-02-09T13:32:32","slug":"racons-geologics","status":"publish","type":"page","link":"https:\/\/serveiseducatius.xtec.cat\/cda-bages\/ambits\/geologia\/racons-geologics\/","title":{"rendered":"Racons geol\u00f2gics"},"content":{"rendered":"\n<div class=\"wp-block-getwid-images-slider has-arrows-inside has-dots-inside is-carousel has-slides-gap-small has-images-center has-cropped-images\"><div class=\"wp-block-getwid-images-slider__wrapper\" data-effect=\"slide\" data-slides-show=\"2\" data-slides-show-laptop=\"1\" data-slides-show-tablet=\"1\" data-slides-show-mobile=\"1\" data-slides-scroll=\"1\" data-autoplay=\"false\" data-pause-hover=\"false\" data-autoplay-speed=\"6000\" data-infinite=\"true\" data-animation-speed=\"800\" data-center-mode=\"false\" data-variable-width=\"false\" data-arrows=\"inside\" data-dots=\"inside\" data-spacing=\"small\"><div class=\"wp-block-getwid-images-slider__item\"><figure><img loading=\"lazy\" decoding=\"async\" width=\"1482\" height=\"721\" src=\"https:\/\/serveiseducatius.xtec.cat\/cda-bages\/wp-content\/uploads\/usu1387\/2022\/05\/Racons-1.jpg\" data-id=\"9768\" data-link=\"https:\/\/serveiseducatius.xtec.cat\/cda-bages\/racons-1\/\" data-original-link=\"https:\/\/serveiseducatius.xtec.cat\/cda-bages\/wp-content\/uploads\/usu1387\/2022\/05\/Racons-1.jpg\" class=\"wp-block-getwid-images-slider__image wp-image-9768\" srcset=\"https:\/\/serveiseducatius.xtec.cat\/cda-bages\/wp-content\/uploads\/usu1387\/2022\/05\/Racons-1.jpg 1482w, https:\/\/serveiseducatius.xtec.cat\/cda-bages\/wp-content\/uploads\/usu1387\/2022\/05\/Racons-1-300x146.jpg 300w, https:\/\/serveiseducatius.xtec.cat\/cda-bages\/wp-content\/uploads\/usu1387\/2022\/05\/Racons-1-1024x498.jpg 1024w, https:\/\/serveiseducatius.xtec.cat\/cda-bages\/wp-content\/uploads\/usu1387\/2022\/05\/Racons-1-768x374.jpg 768w\" sizes=\"auto, (max-width: 1482px) 100vw, 1482px\" \/><\/figure><\/div><div class=\"wp-block-getwid-images-slider__item\"><figure><img loading=\"lazy\" decoding=\"async\" width=\"1595\" height=\"776\" src=\"https:\/\/serveiseducatius.xtec.cat\/cda-bages\/wp-content\/uploads\/usu1387\/2022\/05\/Racons-3.jpg\" data-id=\"9770\" data-link=\"https:\/\/serveiseducatius.xtec.cat\/cda-bages\/racons-3\/\" data-original-link=\"https:\/\/serveiseducatius.xtec.cat\/cda-bages\/wp-content\/uploads\/usu1387\/2022\/05\/Racons-3.jpg\" class=\"wp-block-getwid-images-slider__image wp-image-9770\" srcset=\"https:\/\/serveiseducatius.xtec.cat\/cda-bages\/wp-content\/uploads\/usu1387\/2022\/05\/Racons-3.jpg 1595w, https:\/\/serveiseducatius.xtec.cat\/cda-bages\/wp-content\/uploads\/usu1387\/2022\/05\/Racons-3-300x146.jpg 300w, https:\/\/serveiseducatius.xtec.cat\/cda-bages\/wp-content\/uploads\/usu1387\/2022\/05\/Racons-3-1024x498.jpg 1024w, https:\/\/serveiseducatius.xtec.cat\/cda-bages\/wp-content\/uploads\/usu1387\/2022\/05\/Racons-3-768x374.jpg 768w, https:\/\/serveiseducatius.xtec.cat\/cda-bages\/wp-content\/uploads\/usu1387\/2022\/05\/Racons-3-1536x747.jpg 1536w\" sizes=\"auto, (max-width: 1595px) 100vw, 1595px\" \/><\/figure><\/div><div class=\"wp-block-getwid-images-slider__item\"><figure><img loading=\"lazy\" decoding=\"async\" width=\"2560\" height=\"1920\" src=\"https:\/\/serveiseducatius.xtec.cat\/cda-bages\/wp-content\/uploads\/usu1387\/2025\/12\/Racons-geologics-2-scaled.jpeg\" data-id=\"11131\" data-link=\"https:\/\/serveiseducatius.xtec.cat\/cda-bages\/ambits\/geologia\/racons-geologics\/attachment\/racons-geologics-2-2\/\" data-original-link=\"https:\/\/serveiseducatius.xtec.cat\/cda-bages\/wp-content\/uploads\/usu1387\/2025\/12\/Racons-geologics-2-scaled.jpeg\" class=\"wp-block-getwid-images-slider__image wp-image-11131\" srcset=\"https:\/\/serveiseducatius.xtec.cat\/cda-bages\/wp-content\/uploads\/usu1387\/2025\/12\/Racons-geologics-2-scaled.jpeg 2560w, https:\/\/serveiseducatius.xtec.cat\/cda-bages\/wp-content\/uploads\/usu1387\/2025\/12\/Racons-geologics-2-300x225.jpeg 300w, https:\/\/serveiseducatius.xtec.cat\/cda-bages\/wp-content\/uploads\/usu1387\/2025\/12\/Racons-geologics-2-1024x768.jpeg 1024w, https:\/\/serveiseducatius.xtec.cat\/cda-bages\/wp-content\/uploads\/usu1387\/2025\/12\/Racons-geologics-2-768x576.jpeg 768w, https:\/\/serveiseducatius.xtec.cat\/cda-bages\/wp-content\/uploads\/usu1387\/2025\/12\/Racons-geologics-2-1536x1152.jpeg 1536w, https:\/\/serveiseducatius.xtec.cat\/cda-bages\/wp-content\/uploads\/usu1387\/2025\/12\/Racons-geologics-2-2048x1536.jpeg 2048w\" sizes=\"auto, (max-width: 2560px) 100vw, 2560px\" \/><\/figure><\/div><div class=\"wp-block-getwid-images-slider__item\"><figure><img loading=\"lazy\" decoding=\"async\" width=\"1394\" height=\"678\" src=\"https:\/\/serveiseducatius.xtec.cat\/cda-bages\/wp-content\/uploads\/usu1387\/2022\/05\/Racons-2.jpg\" data-id=\"9769\" data-link=\"https:\/\/serveiseducatius.xtec.cat\/cda-bages\/racons-2\/\" data-original-link=\"https:\/\/serveiseducatius.xtec.cat\/cda-bages\/wp-content\/uploads\/usu1387\/2022\/05\/Racons-2.jpg\" class=\"wp-block-getwid-images-slider__image wp-image-9769\" srcset=\"https:\/\/serveiseducatius.xtec.cat\/cda-bages\/wp-content\/uploads\/usu1387\/2022\/05\/Racons-2.jpg 1394w, https:\/\/serveiseducatius.xtec.cat\/cda-bages\/wp-content\/uploads\/usu1387\/2022\/05\/Racons-2-300x146.jpg 300w, https:\/\/serveiseducatius.xtec.cat\/cda-bages\/wp-content\/uploads\/usu1387\/2022\/05\/Racons-2-1024x498.jpg 1024w, https:\/\/serveiseducatius.xtec.cat\/cda-bages\/wp-content\/uploads\/usu1387\/2022\/05\/Racons-2-768x374.jpg 768w\" sizes=\"auto, (max-width: 1394px) 100vw, 1394px\" \/><\/figure><\/div><div class=\"wp-block-getwid-images-slider__item\"><figure><img loading=\"lazy\" decoding=\"async\" width=\"300\" height=\"235\" src=\"https:\/\/serveiseducatius.xtec.cat\/cda-bages\/wp-content\/uploads\/usu1387\/2025\/12\/Racons-4-300x294-1.jpg\" data-id=\"11129\" data-link=\"https:\/\/serveiseducatius.xtec.cat\/cda-bages\/ambits\/geologia\/racons-geologics\/attachment\/racons-4-300x294\/\" data-original-link=\"https:\/\/serveiseducatius.xtec.cat\/cda-bages\/wp-content\/uploads\/usu1387\/2025\/12\/Racons-4-300x294-1.jpg\" class=\"wp-block-getwid-images-slider__image wp-image-11129\"\/><\/figure><\/div><\/div><\/div>\n\n\n\n<div style=\"height:30px\" aria-hidden=\"true\" class=\"wp-block-spacer\"><\/div>\n\n\n\n<div class=\"wp-block-getwid-tabs\" data-active-tab=\"0\"><ul class=\"wp-block-getwid-tabs__nav-links\"><\/ul>\n<div class=\"wp-block-getwid-tabs__nav-link\"><span class=\"wp-block-getwid-tabs__title-wrapper\"><a href=\"#\"><span class=\"wp-block-getwid-tabs__title\">Descripci\u00f3<\/span><\/a><\/span><\/div><div class=\"wp-block-getwid-tabs__tab-content-wrapper\"><div class=\"wp-block-getwid-tabs__tab-content\">\n<p>El taller vol fomentar la comprensi\u00f3 del rol dels materials geol\u00f2gics a la vida quotidiana i els impactes derivats de la seva extracci\u00f3, transport i \u00fas. Consisteix en la proposta de quatre racons, dels quals cada alumne\/a nom\u00e9s  en realitzar\u00e0 tres que hauran triat pr\u00e8viament. Els racons es plantegen a partir de reptes que s&#8217;hauran de realitzar de forma aut\u00f2noma i cooperativa dins el grup de treball.<\/p>\n\n\n\n<p><strong>Rac\u00f3 1<\/strong>: <strong>Remena i classifica<\/strong>: En una caixa on hi ha una barreja de minerals, materials i objectes, l\u2019alumnat els ha de classificar en grups i definir el criteri que han fet servir. A continuaci\u00f3 se\u2019ls donar\u00e0 una plantilla on hi ha el cicle dels materials, des de la mat\u00e8ria primera, passat pel material obtingut i a continuaci\u00f3 l\u2019objecte que se\u2019n pot fabricar. Amb els elements de la caixa hauran d\u2019establir aquestes relacions. I despr\u00e9s del residu qu\u00e8 se\u2019n fa?<\/p>\n\n\n\n<p><strong>Rac\u00f3 2<\/strong>: <strong>Investiga qui soc<\/strong>: A partir d\u2019un conjunt de minerals, l\u2019alumnat ha de fer una llista definint les propietats que creuen que poden servir per identificar-los. A continuaci\u00f3 a partir d\u2019una clau dicot\u00f2mica que se\u2019ls proporcionar\u00e0 hauran de classificar-los.<\/p>\n\n\n\n<p><strong>Rac\u00f3 3<\/strong>: <strong>Art Geol\u00f2gic<\/strong>: A partir de quatre mostres de materials, l&#8217;alumnat fa l&#8217;extracci\u00f3 de pigments minerals i la barreja d&#8217;aquests amb oli per poder pintar un punt de llibre.<\/p>\n\n\n\n<p><strong>Rac\u00f3 4<\/strong>: <strong>\u00c9s \u00fatil per\u00f2 \u00e9s just?:<\/strong> L\u2019alumnat disposar\u00e0 d\u2019un p\u00f2ster gegant, amb un dibuix esquem\u00e0tic, on situar\u00e0 diferents impactes que suposen el cicle dels materials (extracci\u00f3, transport, transformaci\u00f3, gesti\u00f3 dels residus&#8230;). Despr\u00e9s hauran de contestar quin d&#8217;ells \u00e9s el que m\u00e9s els han impactat i respondre a la pregunta: Qu\u00e8 hi podem fer nosaltres per reduir-los?.<\/p>\n\n\n\n<p><strong>Posada en com\u00fa:<\/strong> L\u2019\u00faltima mitja hora servir\u00e0 per posar en com\u00fa les experi\u00e8ncies viscudes en els diferents racons. L\u2019objectiu \u00e9s que l\u2019alumnat  es plantegi la depend\u00e8ncia que tenim del medi natural, que els materials geol\u00f2gics s\u00f3n recursos no renovables i que provoquen impactes que afecten al medi natural i a persones. Per tant, els hem de gestionar amb cura i responsabilitat. <\/p>\n\n\n\n<div class=\"wp-block-columns is-layout-flex wp-container-core-columns-is-layout-1 wp-block-columns-is-layout-flex\">\n<div class=\"wp-block-column is-layout-flow wp-block-column-is-layout-flow\" style=\"flex-basis:50%\">\n<div class=\"wp-block-getwid-table\"><table><tbody><tr><td style=\"color:var(--ast-global-color-0);border-color:var(--ast-global-color-8);border-width:1px\">Nivells<\/td><td style=\"color:var(--ast-global-color-8);border-color:var(--ast-global-color-8);border-width:1px\">CS<\/td><\/tr><tr><td style=\"border-color:var(--ast-global-color-8);color:var(--ast-global-color-0);border-width:1px\">Durada<\/td><td style=\"border-color:var(--ast-global-color-8);border-width:1px\">3h a 3:30 h<\/td><\/tr><tr><td style=\"border-color:var(--ast-global-color-8);color:var(--ast-global-color-0);border-width:1px\">Lloc de trobada<\/td><td style=\"border-color:var(--ast-global-color-8);border-width:1px\">Escola<\/td><\/tr><\/tbody><\/table><\/div>\n<\/div>\n\n\n\n<div class=\"wp-block-column is-layout-flow wp-block-column-is-layout-flow\" style=\"flex-basis:50%\">\n<p><strong>RECOMANANCIONS: <\/strong><\/p>\n\n\n\n<p>Recordeu imprimir el full de seguiment<\/p>\n\n\n\n<p>Cal disposar de 4 espais (taules juntes), 1 per cada rac\u00f3.<\/p>\n\n\n\n<p>L&#8217;espai destinat a l&#8217;Art geol\u00f2gic hauria d&#8217;estar folrat de pl\u00e0stic o paper.<\/p>\n<\/div>\n<\/div>\n<\/div><\/div>\n\n\n\n<div class=\"wp-block-getwid-tabs__nav-link\"><span class=\"wp-block-getwid-tabs__title-wrapper\"><a href=\"#\"><span class=\"wp-block-getwid-tabs__title\">Materials de treball<\/span><\/a><\/span><\/div><div class=\"wp-block-getwid-tabs__tab-content-wrapper\"><div class=\"wp-block-getwid-tabs__tab-content\">\n<p><strong>Fitxes de treball:<\/strong><\/p>\n\n\n\n<div class=\"wp-block-buttons is-layout-flex wp-block-buttons-is-layout-flex\">\n<div class=\"wp-block-button\"><a class=\"wp-block-button__link has-white-color has-text-color has-background has-link-color wp-element-button\" href=\"https:\/\/drive.google.com\/file\/d\/1jL3UQS9WW8OPp7fc-VgUV2r5pw2jfI0c\/view?usp=sharing\" style=\"background-color:#46a60296\" target=\"_blank\" rel=\"noreferrer noopener\">Full de seguiment<\/a><\/div>\n<\/div>\n\n\n\n<p><strong>Treball previ o posterior:<\/strong><\/p>\n\n\n\n<p>Pesar la roba i complements que portem, <\/p>\n\n\n\n<div class=\"wp-block-buttons is-layout-flex wp-block-buttons-is-layout-flex\">\n<div class=\"wp-block-button\"><a class=\"wp-block-button__link has-white-color has-text-color has-background has-link-color wp-element-button\" href=\"https:\/\/drive.google.com\/file\/d\/1il9ZRKLMk-3ASrGNNHGkRy_sT-XNPdTD\/view?usp=sharing\" style=\"background-color:#46a60296\" target=\"_blank\" rel=\"noreferrer noopener\">D&#8217;on provenen els materials?<\/a><\/div>\n\n\n\n<div class=\"wp-block-button\"><a class=\"wp-block-button__link has-white-color has-text-color has-background has-link-color wp-element-button\" href=\"https:\/\/drive.google.com\/file\/d\/1qgTRVD-xPxcORK7ICyHUyK5kFKefmBl0\/view?usp=drive_link\" style=\"background-color:#46a60296\" target=\"_blank\" rel=\"noreferrer noopener\">El pes dels materials<\/a><\/div>\n\n\n\n<div class=\"wp-block-button\"><a class=\"wp-block-button__link has-white-color has-text-color has-background has-link-color wp-element-button\" href=\"https:\/\/drive.google.com\/file\/d\/1g5j7Qve2TL0Dhp1a8wF1COsG2-VujSGs\/view?usp=sharing\" style=\"background-color:#46a60296\" target=\"_blank\" rel=\"noreferrer noopener\">Procediments d&#8217;identificaci\u00f3 de minerals<\/a><\/div>\n\n\n\n<div class=\"wp-block-button\"><a class=\"wp-block-button__link has-white-color has-text-color has-background has-link-color wp-element-button\" href=\"http:\/\/www.survival.es\/peliculas\/lamina\" style=\"background-color:#46a60296\" target=\"_blank\" rel=\"noreferrer noopener\">V\u00eddeo Hist\u00f2ria de la Monta\u00f1a Sagrada<\/a><\/div>\n<\/div>\n\n\n\n<div style=\"height:40px\" aria-hidden=\"true\" class=\"wp-block-spacer\"><\/div>\n\n\n\n<p>Per m\u00e9s activitats de treball previ o posterior al centre podeu accedir a l&#8217;apartat &#8220;<strong>Recursos de geologia<\/strong>&#8221; de la <a href=\"https:\/\/serveiseducatius.xtec.cat\/cda-bages\/ambits\/geologia\/\" data-type=\"category\" data-id=\"338\" target=\"_blank\" rel=\"noreferrer noopener\">p\u00e0gina inicial <\/a>de l&#8217;\u00e0mbit o posar-vos en contacte amb nosaltres.<\/p>\n\n\n\n<p><\/p>\n<\/div><\/div>\n\n\n\n<div class=\"wp-block-getwid-tabs__nav-link\"><span class=\"wp-block-getwid-tabs__title-wrapper\"><a href=\"#\"><span class=\"wp-block-getwid-tabs__title\">Relaci\u00f3 amb el curr\u00edculum<\/span><\/a><\/span><\/div><div class=\"wp-block-getwid-tabs__tab-content-wrapper\"><div class=\"wp-block-getwid-tabs__tab-content\">\n<p>En els seg\u00fcents enlla\u00e7os podreu descarregar la nostra proposta per encaixar l&#8217;activitat en un context i amb un repte, on es detallen els objectius, compet\u00e8ncies b\u00e0siques, l&#8217;avaluaci\u00f3, els sabers i els ODS mobilitzats.<\/p>\n\n\n\n<p><a href=\"https:\/\/docs.google.com\/document\/d\/1WHVuJXXEVtpeqiy-PAwTeX0Mnoh32Q9I03qaL9gTKUs\/edit?usp=sharing\" target=\"_blank\" rel=\"noreferrer noopener\">Prim\u00e0ria<\/a><\/p>\n<\/div><\/div>\n<\/div>\n\n\n\n<p><\/p>\n","protected":false},"excerpt":{"rendered":"","protected":false},"author":3,"featured_media":0,"parent":965,"menu_order":25,"comment_status":"closed","ping_status":"closed","template":"","meta":{"_bbp_topic_count":0,"_bbp_reply_count":0,"_bbp_total_topic_count":0,"_bbp_total_reply_count":0,"_bbp_voice_count":0,"_bbp_anonymous_reply_count":0,"_bbp_topic_count_hidden":0,"_bbp_reply_count_hidden":0,"_bbp_forum_subforum_count":0,"site-sidebar-layout":"default","site-content-layout":"","ast-site-content-layout":"default","site-content-style":"default","site-sidebar-style":"default","ast-global-header-display":"","ast-banner-title-visibility":"","ast-main-header-display":"","ast-hfb-above-header-display":"","ast-hfb-below-header-display":"","ast-hfb-mobile-header-display":"","site-post-title":"","ast-breadcrumbs-content":"","ast-featured-img":"","footer-sml-layout":"","theme-transparent-header-meta":"","adv-header-id-meta":"","stick-header-meta":"","header-above-stick-meta":"","header-main-stick-meta":"","header-below-stick-meta":"","astra-migrate-meta-layouts":"set","ast-page-background-enabled":"default","ast-page-background-meta":{"desktop":{"background-color":"var(--ast-global-color-4)","background-image":"","background-repeat":"repeat","background-position":"center center","background-size":"auto","background-attachment":"scroll","background-type":"","background-media":"","overlay-type":"","overlay-color":"","overlay-opacity":"","overlay-gradient":""},"tablet":{"background-color":"","background-image":"","background-repeat":"repeat","background-position":"center center","background-size":"auto","background-attachment":"scroll","background-type":"","background-media":"","overlay-type":"","overlay-color":"","overlay-opacity":"","overlay-gradient":""},"mobile":{"background-color":"","background-image":"","background-repeat":"repeat","background-position":"center center","background-size":"auto","background-attachment":"scroll","background-type":"","background-media":"","overlay-type":"","overlay-color":"","overlay-opacity":"","overlay-gradient":""}},"ast-content-background-meta":{"desktop":{"background-color":"var(--ast-global-color-5)","background-image":"","background-repeat":"repeat","background-position":"center center","background-size":"auto","background-attachment":"scroll","background-type":"","background-media":"","overlay-type":"","overlay-color":"","overlay-opacity":"","overlay-gradient":""},"tablet":{"background-color":"var(--ast-global-color-5)","background-image":"","background-repeat":"repeat","background-position":"center center","background-size":"auto","background-attachment":"scroll","background-type":"","background-media":"","overlay-type":"","overlay-color":"","overlay-opacity":"","overlay-gradient":""},"mobile":{"background-color":"var(--ast-global-color-5)","background-image":"","background-repeat":"repeat","background-position":"center center","background-size":"auto","background-attachment":"scroll","background-type":"","background-media":"","overlay-type":"","overlay-color":"","overlay-opacity":"","overlay-gradient":""}},"footnotes":""},"class_list":["post-9764","page","type-page","status-publish","hentry"],"post_mailing_queue_ids":[],"_links":{"self":[{"href":"https:\/\/serveiseducatius.xtec.cat\/cda-bages\/wp-json\/wp\/v2\/pages\/9764","targetHints":{"allow":["GET"]}}],"collection":[{"href":"https:\/\/serveiseducatius.xtec.cat\/cda-bages\/wp-json\/wp\/v2\/pages"}],"about":[{"href":"https:\/\/serveiseducatius.xtec.cat\/cda-bages\/wp-json\/wp\/v2\/types\/page"}],"author":[{"embeddable":true,"href":"https:\/\/serveiseducatius.xtec.cat\/cda-bages\/wp-json\/wp\/v2\/users\/3"}],"replies":[{"embeddable":true,"href":"https:\/\/serveiseducatius.xtec.cat\/cda-bages\/wp-json\/wp\/v2\/comments?post=9764"}],"version-history":[{"count":6,"href":"https:\/\/serveiseducatius.xtec.cat\/cda-bages\/wp-json\/wp\/v2\/pages\/9764\/revisions"}],"predecessor-version":[{"id":11506,"href":"https:\/\/serveiseducatius.xtec.cat\/cda-bages\/wp-json\/wp\/v2\/pages\/9764\/revisions\/11506"}],"up":[{"embeddable":true,"href":"https:\/\/serveiseducatius.xtec.cat\/cda-bages\/wp-json\/wp\/v2\/pages\/965"}],"wp:attachment":[{"href":"https:\/\/serveiseducatius.xtec.cat\/cda-bages\/wp-json\/wp\/v2\/media?parent=9764"}],"curies":[{"name":"wp","href":"https:\/\/api.w.org\/{rel}","templated":true}]}}